{"id":3075,"date":"2021-07-28T19:15:39","date_gmt":"2021-07-28T22:15:39","guid":{"rendered":"https:\/\/csbc.sbc.org.br\/2022\/?page_id=3075"},"modified":"2022-07-05T16:42:40","modified_gmt":"2022-07-05T19:42:40","slug":"cq","status":"publish","type":"page","link":"https:\/\/csbc.sbc.org.br\/2022\/cq\/","title":{"rendered":"CQ"},"content":{"rendered":"\t\t<div data-elementor-type=\"wp-post\" data-elementor-id=\"3075\" class=\"elementor elementor-3075\">\n\t\t\t\t\t\t<section class=\"elementor-section elementor-top-section elementor-element elementor-element-4c72a3e elementor-section-boxed elementor-section-height-default elementor-section-height-default\" data-id=\"4c72a3e\" data-element_type=\"section\" data-e-type=\"section\" data-settings=\"{&quot;background_background&quot;:&quot;classic&quot;,&quot;shape_divider_bottom&quot;:&quot;waves&quot;}\">\n\t\t\t\t\t\t\t<div class=\"elementor-background-overlay\"><\/div>\n\t\t\t\t\t\t<div class=\"elementor-shape elementor-shape-bottom\" aria-hidden=\"true\" data-negative=\"false\">\n\t\t\t<svg xmlns=\"http:\/\/www.w3.org\/2000\/svg\" viewBox=\"0 0 1000 100\" preserveAspectRatio=\"none\">\n\t<path class=\"elementor-shape-fill\" d=\"M421.9,6.5c22.6-2.5,51.5,0.4,75.5,5.3c23.6,4.9,70.9,23.5,100.5,35.7c75.8,32.2,133.7,44.5,192.6,49.7\n\tc23.6,2.1,48.7,3.5,103.4-2.5c54.7-6,106.2-25.6,106.2-25.6V0H0v30.3c0,0,72,32.6,158.4,30.5c39.2-0.7,92.8-6.7,134-22.4\n\tc21.2-8.1,52.2-18.2,79.7-24.2C399.3,7.9,411.6,7.5,421.9,6.5z\"\/>\n<\/svg>\t\t<\/div>\n\t\t\t\t\t<div class=\"elementor-container elementor-column-gap-default\">\n\t\t\t\t\t<div class=\"elementor-column elementor-col-100 elementor-top-column elementor-element elementor-element-66c9a62\" data-id=\"66c9a62\" data-element_type=\"column\" data-e-type=\"column\">\n\t\t\t<div class=\"elementor-widget-wrap elementor-element-populated\">\n\t\t\t\t\t\t<div class=\"elementor-element elementor-element-b6cda6e elementor-widget elementor-widget-heading\" data-id=\"b6cda6e\" data-element_type=\"widget\" data-e-type=\"widget\" data-settings=\"{&quot;ekit_we_effect_on&quot;:&quot;none&quot;}\" data-widget_type=\"heading.default\">\n\t\t\t\t<div class=\"elementor-widget-container\">\n\t\t\t\t\t<h1 class=\"elementor-heading-title elementor-size-default\">\n\nCQ<span style=\"font-size:20px;padding-top:20px\">\n\nCurso de Qualidade no Ensino da Computa\u00e7\u00e3o\n\n<\/span>\n\n\n<\/h1>\t\t\t\t<\/div>\n\t\t\t\t<\/div>\n\t\t\t\t\t<\/div>\n\t\t<\/div>\n\t\t\t\t\t<\/div>\n\t\t<\/section>\n\t\t\t\t<section class=\"elementor-section elementor-top-section elementor-element elementor-element-4aa844b elementor-section-full_width elementor-section-height-default elementor-section-height-default\" data-id=\"4aa844b\" data-element_type=\"section\" data-e-type=\"section\">\n\t\t\t\t\t\t<div class=\"elementor-container elementor-column-gap-no\">\n\t\t\t\t\t<div class=\"elementor-column elementor-col-100 elementor-top-column elementor-element elementor-element-28bde77\" data-id=\"28bde77\" data-element_type=\"column\" data-e-type=\"column\">\n\t\t\t<div class=\"elementor-widget-wrap elementor-element-populated\">\n\t\t\t\t\t\t<div class=\"elementor-element elementor-element-de77726 elementor-hidden-tablet elementor-hidden-mobile elementor-widget elementor-widget-image\" data-id=\"de77726\" data-element_type=\"widget\" data-e-type=\"widget\" data-settings=\"{&quot;ekit_we_effect_on&quot;:&quot;none&quot;}\" data-widget_type=\"image.default\">\n\t\t\t\t<div class=\"elementor-widget-container\">\n\t\t\t\t\t\t\t\t\t\t\t\t\t\t\t<img decoding=\"async\" src=\"https:\/\/csbc.sbc.org.br\/2022\/wp-content\/uploads\/2021\/07\/curva-2022.png\" title=\"curva-2022\" alt=\"curva-2022\" loading=\"lazy\" \/>\t\t\t\t\t\t\t\t\t\t\t\t\t\t\t<\/div>\n\t\t\t\t<\/div>\n\t\t\t\t\t<\/div>\n\t\t<\/div>\n\t\t\t\t\t<\/div>\n\t\t<\/section>\n\t\t\t\t<section class=\"elementor-section elementor-top-section elementor-element elementor-element-33723c9 elementor-section-boxed elementor-section-height-default elementor-section-height-default\" data-id=\"33723c9\" data-element_type=\"section\" data-e-type=\"section\">\n\t\t\t\t\t\t<div class=\"elementor-container elementor-column-gap-default\">\n\t\t\t\t\t<div class=\"elementor-column elementor-col-50 elementor-top-column elementor-element elementor-element-cdfb827\" data-id=\"cdfb827\" data-element_type=\"column\" data-e-type=\"column\">\n\t\t\t<div class=\"elementor-widget-wrap elementor-element-populated\">\n\t\t\t\t\t\t<div class=\"elementor-element elementor-element-d82a96d elementor-widget elementor-widget-heading\" data-id=\"d82a96d\" data-element_type=\"widget\" data-e-type=\"widget\" id=\"programacao\" data-settings=\"{&quot;ekit_we_effect_on&quot;:&quot;none&quot;}\" data-widget_type=\"heading.default\">\n\t\t\t\t<div class=\"elementor-widget-container\">\n\t\t\t\t\t<h2 class=\"elementor-heading-title elementor-size-default\"><h2 class=\"section-title\" style=\"font-size:40px\">\n            <span class=\"sub-title\"><\/span>\n\t\t\t\n<em class=\"title-bar-shap\">\nPrograma\u00e7\u00e3o\n<\/em>\n        <\/h2><\/h2>\t\t\t\t<\/div>\n\t\t\t\t<\/div>\n\t\t\t\t<div class=\"elementor-element elementor-element-327b76c elementor-widget elementor-widget-eael-adv-accordion\" data-id=\"327b76c\" data-element_type=\"widget\" data-e-type=\"widget\" data-settings=\"{&quot;ekit_we_effect_on&quot;:&quot;none&quot;}\" data-widget_type=\"eael-adv-accordion.default\">\n\t\t\t\t<div class=\"elementor-widget-container\">\n\t\t\t\t\t            <div class=\"eael-adv-accordion\" id=\"eael-adv-accordion-327b76c\" data-scroll-on-click=\"no\" data-scroll-speed=\"300\" data-accordion-id=\"327b76c\" data-accordion-type=\"accordion\" data-toogle-speed=\"300\">\n            <div class=\"eael-accordion-list\">\n\t\t\t\t\t<div id=\"div-classrowdiv-classcol-3-horab-classdia31bb-classmesjulhobb-classhora20900bdivdiv-classcol-9-t1-stylepadding-top-30pximportantb-classtipo1-painel-de-aberturabspan-classtitulo-styleline-heightcurricularizao-da-extenso-universitria-concepes-diretrizes-e-princpiosb-classautoralfred-sholl-franco-ufrj-e-ana-paula-terra-bacelo-pucrsbspandivdiv\" class=\"elementor-tab-title eael-accordion-header\" tabindex=\"0\" data-tab=\"2\" aria-controls=\"elementor-tab-content-5292\"><span class=\"eael-accordion-tab-title\"><div class=\"row\"><div class=\"col-3 hora\"><b class=\"dia\">31<\/b><b class=\"mes\">Julho<\/b><b class=\"hora2\">09:00<\/b><\/div><div class=\"col-9 t1\" style=\"padding-top: 30px!important\"><b class=\"tipo1\">PAINEL DE ABERTURA<\/b><span class=\"titulo\" style=\"line-height:\">Curriculariza\u00e7\u00e3o da Extens\u00e3o Universit\u00e1ria \u2013 Concep\u00e7\u00f5es, Diretrizes e Princ\u00edpios<b class=\"autor\">Alfred Sholl-Franco (UFRJ) e   Ana Paula Terra Bacelo (PUCRS)<\/b><\/span><\/div><\/div><\/span><i aria-hidden=\"true\" class=\"fa-toggle fas fa-angle-down\"><\/i><\/div><div id=\"elementor-tab-content-5292\" class=\"eael-accordion-content clearfix\" data-tab=\"2\" aria-labelledby=\"div-classrowdiv-classcol-3-horab-classdia31bb-classmesjulhobb-classhora20900bdivdiv-classcol-9-t1-stylepadding-top-30pximportantb-classtipo1-painel-de-aberturabspan-classtitulo-styleline-heightcurricularizao-da-extenso-universitria-concepes-diretrizes-e-princpiosb-classautoralfred-sholl-franco-ufrj-e-ana-paula-terra-bacelo-pucrsbspandivdiv\"><p>Ser\u00e3o abordados as Concep\u00e7\u00f5es, Diretrizes e Princ\u00edpios da Curriculariza\u00e7\u00e3o da Extens\u00e3o com foco nos desafios e avan\u00e7os da inser\u00e7\u00e3o curricular da extens\u00e3o, considerando as experi\u00eancias alcan\u00e7adas.<\/p><\/div>\n\t\t\t\t\t<\/div><div class=\"eael-accordion-list\">\n\t\t\t\t\t<div id=\"div-classrowdiv-classcol-3-horab-classdia31bb-classmesjulhobb-classhora21100bdivdiv-classcol-9-t1-stylepadding-top-30pximportantb-classtipo1-palestrabspan-classtitulo-styleline-heighto-planejamento-da-insero-curricular-da-extenso-universitria-nos-cursos-de-computaob-classautorjoo-cesar-netto-ufrgsbspandivdiv\" class=\"elementor-tab-title eael-accordion-header\" tabindex=\"0\" data-tab=\"3\" aria-controls=\"elementor-tab-content-5293\"><span class=\"eael-accordion-tab-title\"><div class=\"row\"><div class=\"col-3 hora\"><b class=\"dia\">31<\/b><b class=\"mes\">Julho<\/b><b class=\"hora2\">11:00<\/b><\/div><div class=\"col-9 t1\" style=\"padding-top: 30px!important\"><b class=\"tipo1\">PALESTRA<\/b><span class=\"titulo\" style=\"line-height:\">O planejamento da Inser\u00e7\u00e3o Curricular da Extens\u00e3o Universit\u00e1ria nos Cursos de Computa\u00e7\u00e3o<b class=\"autor\">Jo\u00e3o Cesar Netto (UFRGS)<\/b><\/span><\/div><\/div><\/span><i aria-hidden=\"true\" class=\"fa-toggle fas fa-angle-down\"><\/i><\/div><div id=\"elementor-tab-content-5293\" class=\"eael-accordion-content clearfix\" data-tab=\"3\" aria-labelledby=\"div-classrowdiv-classcol-3-horab-classdia31bb-classmesjulhobb-classhora21100bdivdiv-classcol-9-t1-stylepadding-top-30pximportantb-classtipo1-palestrabspan-classtitulo-styleline-heighto-planejamento-da-insero-curricular-da-extenso-universitria-nos-cursos-de-computaob-classautorjoo-cesar-netto-ufrgsbspandivdiv\"><p>Considera\u00e7\u00f5es sobre a contribui\u00e7\u00e3o das atividades de extens\u00e3o na forma\u00e7\u00e3o do profissional da \u00e1rea da computa\u00e7\u00e3o e apresenta\u00e7\u00e3o de ideias e estrat\u00e9gias para incluir a pr\u00e1tica extensionista no curr\u00edculo dos cursos.<\/p><\/div>\n\t\t\t\t\t<\/div><div class=\"eael-accordion-list\">\n\t\t\t\t\t<div id=\"div-classrowdiv-classcol-3-horab-classdia31bb-classmesjulhobb-classhora21600bdivdiv-classcol-9-t1-stylepadding-top-30pximportantb-classtipo1-painelbspan-classtitulo-styleline-heightrelatos-sobre-projetos-de-extenso-em-execuob-classautorbspandivdiv\" class=\"elementor-tab-title eael-accordion-header\" tabindex=\"0\" data-tab=\"5\" aria-controls=\"elementor-tab-content-5295\"><span class=\"eael-accordion-tab-title\"><div class=\"row\"><div class=\"col-3 hora\"><b class=\"dia\">31<\/b><b class=\"mes\">Julho<\/b><b class=\"hora2\">16:00<\/b><\/div><div class=\"col-9 t1\" style=\"padding-top: 30PX!important\"><b class=\"tipo1\">PAINEL<\/b><span class=\"titulo\" style=\"line-height:\">Relatos sobre Projetos de Extens\u00e3o em Execu\u00e7\u00e3o<b class=\"autor\"><\/b><\/span><\/div><\/div><\/span><i aria-hidden=\"true\" class=\"fa-toggle fas fa-angle-down\"><\/i><\/div><div id=\"elementor-tab-content-5295\" class=\"eael-accordion-content clearfix\" data-tab=\"5\" aria-labelledby=\"div-classrowdiv-classcol-3-horab-classdia31bb-classmesjulhobb-classhora21600bdivdiv-classcol-9-t1-stylepadding-top-30pximportantb-classtipo1-painelbspan-classtitulo-styleline-heightrelatos-sobre-projetos-de-extenso-em-execuob-classautorbspandivdiv\"><table><tbody><tr><td>Almanaque para Populariza\u00e7\u00e3o de Ci\u00eancia da Computa\u00e7\u00e3o<br \/><strong>Maria Augusta Silveira Netto Nunes (UNIRIO)<\/strong><\/td><\/tr><tr><td>Programa Meninas Digitais<br \/><strong>Renata Viegas de Figueiredo (UFPB)<\/strong><\/td><\/tr><tr><td>OBI &#8211; Olimp\u00edada Brasileira de Inform\u00e1tica<br \/><strong>Ricardo Anido (UNICAMP)<\/strong><\/td><\/tr><tr><td>Desenvolvimento de projetos de extens\u00e3o no Laborat\u00f3rio de Pr\u00e1ticas em Engenharia de Software<br \/><strong>V\u00edtor E. Silva Souza (UFES)<\/strong><\/td><\/tr><\/tbody><\/table><\/div>\n\t\t\t\t\t<\/div><\/div>\t\t\t\t<\/div>\n\t\t\t\t<\/div>\n\t\t\t\t<div class=\"elementor-element elementor-element-c00e009 elementor-widget elementor-widget-html\" data-id=\"c00e009\" data-element_type=\"widget\" data-e-type=\"widget\" data-settings=\"{&quot;ekit_we_effect_on&quot;:&quot;none&quot;}\" data-widget_type=\"html.default\">\n\t\t\t\t<div class=\"elementor-widget-container\">\n\t\t\t\t\t\n<style>\n#sembox1 .fa-toggle{\n    color:transparent;\n}\n\n.bio{\n    background:#f0f0f0;\n    padding:20px;\n    text-align:justify;\n    margin-top:20px;\n}\np{text-align:justify;}\n.bio img{\n    border-radius:100px;\n    width:80px;\n    float:left;\n       border-radius:100px;\n       border-bottom: 5px solid #005943;\n       margin:0;\n       margin-right:20px;\n       margin-bottom:20px;\n}\n\n.bio p{\n    clear:both;\n    border-top:1px solid #ccc;\n    padding-top:15px;\n}\n\n.bio h3{\n    color:#005943;\n    font-size:20px;\n    padding-bottom:0;\n    margin-bottom:5px;\n}\n.bio h4{\n    font-size:15px;\n    color:#333;\n}\n.bio strong{display:block;border-top:1px solid #ccc;\n    clear:both;\n    padding-top:10px;\n    margin-top:20px;\n}\n.nome{}\n.mes{\n    display:block;\n    font-weight: 400;\n    font-size:13px;\n    padding-bottom: 5px\n}\n.dia{\n    font-size:40px;\n    font-weight: bold\n}\n.hora2{\n    font-weight: 400;\n}\n .hora{\n     font-weight: 400;\n\n    margin-left: 12px;\ntext-align:center;\nborder: 1px solid #005943;\npadding-top:20px;\ncolor:#005943;\nmax-width:20%!important;\nbackground:#fff;\npadding-bottom:30px;\n }\n .titulo{\n\ndisplay:block; \npadding-top:11px;\n font-size:15px;\n     line-height: 17px\n }\n\n.t1{padding-right:0;\n    padding-top:10px;\n}\n.autor{\n    display:block;\n    color:#005943;\n    padding-top:5px;\n    font-size:13px;\n}\n.foto{\n    padding:10px;\n \n}\n.foto img{\n       border-radius:100px;\n       border-bottom: 5px solid #005943;\n}\n.tipo1{\n    \nfont-size:11px;    \nbackground:#005943;\ncolor:#fff;\npadding:3px 7px;\nborder-radius:50px;\nfont-weight: 400;\n;\nmargin-bottom:8px;\n}\n\ntd{    padding: 10px 10px;\n    border: 1px solid #f1f1f1;\n    border-bottom: 0;\n    border-left: 0;\n    background: #f2f2f2!important;\n    margin-top: 8px;\n    display: block;\n \n    border-left: 3px solid #005943!important;\n    border-radius: 50p;\n    color: #000;}\n    \n    td b, td strong{\n    color:#005943;\n    font-size:12px;\n} \n<\/style>\t\t\t\t<\/div>\n\t\t\t\t<\/div>\n\t\t\t\t<div class=\"elementor-element elementor-element-0895a37 elementor-widget elementor-widget-heading\" data-id=\"0895a37\" data-element_type=\"widget\" data-e-type=\"widget\" id=\"sobre\" data-settings=\"{&quot;ekit_we_effect_on&quot;:&quot;none&quot;}\" data-widget_type=\"heading.default\">\n\t\t\t\t<div class=\"elementor-widget-container\">\n\t\t\t\t\t<h2 class=\"elementor-heading-title elementor-size-default\"><h2 class=\"section-title\" style=\"font-size:40px\">\n            <span class=\"sub-title\"><\/span>\n\t\t\t\n<em class=\"title-bar-shap\">Sobre o evento<\/em>\n        <\/h2><\/h2>\t\t\t\t<\/div>\n\t\t\t\t<\/div>\n\t\t\t\t<div class=\"elementor-element elementor-element-27883ad elementor-widget elementor-widget-text-editor\" data-id=\"27883ad\" data-element_type=\"widget\" data-e-type=\"widget\" data-settings=\"{&quot;ekit_we_effect_on&quot;:&quot;none&quot;}\" data-widget_type=\"text-editor.default\">\n\t\t\t\t<div class=\"elementor-widget-container\">\n\t\t\t\t\t\t\t\t\t<p><span style=\"font-weight: 400;\">O Curso de Qualidade no Ensino da Computa\u00e7\u00e3o \u00e9 um evento realizado pela Comiss\u00e3o de Educa\u00e7\u00e3o da SBC com o objetivo de discutir temas relacionados a Curr\u00edculo e Processos Formativos na \u00c1rea da Computa\u00e7\u00e3o; Diretrizes e Referenciais Curriculares; Projetos Pedag\u00f3gicos de Curso; Processo e Metodologias de Ensino e Aprendizagem; Tecnologias Educacionais, entre outros.\u00a0<\/span><\/p><p><span style=\"font-weight: 400;\">A 23\u00aa edi\u00e7\u00e3o do Curso de Qualidade no Ensino da Computa\u00e7\u00e3o (CQ 2022) ser\u00e1 realizada como parte do 42o Congresso da Sociedade Brasileira de Computa\u00e7\u00e3o (CSBC 2022), que ocorrer\u00e1 na cidade de Niter\u00f3i\/RJ. A programa\u00e7\u00e3o do evento possibilita que os participantes do CQ possam participar tamb\u00e9m do 30\u00ba Workshop sobre Educa\u00e7\u00e3o em Computa\u00e7\u00e3o (WEI 2022) e dos demais eventos sat\u00e9lites do CSBC 2022, podendo interagir por mais tempo com seus pares e proporcionando maior integra\u00e7\u00e3o do p\u00fablico interessado e atuante na Educa\u00e7\u00e3o em Computa\u00e7\u00e3o.<\/span><\/p><p><span style=\"font-weight: 400;\">Durante o CQ 2022 ser\u00e3o abordados temas sobre a Curriculariza\u00e7\u00e3o da Extens\u00e3o nos cursos da \u00e1rea de Computa\u00e7\u00e3o e Inform\u00e1tica, destacando a Pol\u00edtica Nacional de Extens\u00e3o Universit\u00e1ria (concep\u00e7\u00f5es, diretrizes e princ\u00edpios), considera\u00e7\u00f5es sobre a contribui\u00e7\u00e3o das atividades de extens\u00e3o na forma\u00e7\u00e3o do profissional e apresenta\u00e7\u00e3o de ideias e estrat\u00e9gias para incluir a pr\u00e1tica extensionista no curr\u00edculo dos cursos.<\/span><\/p>\t\t\t\t\t\t\t\t<\/div>\n\t\t\t\t<\/div>\n\t\t\t\t<div class=\"elementor-element elementor-element-f64869d elementor-widget elementor-widget-heading\" data-id=\"f64869d\" data-element_type=\"widget\" data-e-type=\"widget\" id=\"publicoalvo\" data-settings=\"{&quot;ekit_we_effect_on&quot;:&quot;none&quot;}\" data-widget_type=\"heading.default\">\n\t\t\t\t<div class=\"elementor-widget-container\">\n\t\t\t\t\t<h2 class=\"elementor-heading-title elementor-size-default\"><h2 class=\"section-title\" style=\"font-size:40px\">\n            <span class=\"sub-title\"><\/span>\n\t\t\t\n<em class=\"title-bar-shap\">P\u00fablico alvo\n\n<\/em>\n        <\/h2><\/h2>\t\t\t\t<\/div>\n\t\t\t\t<\/div>\n\t\t\t\t<div class=\"elementor-element elementor-element-968b56f elementor-widget elementor-widget-text-editor\" data-id=\"968b56f\" data-element_type=\"widget\" data-e-type=\"widget\" data-settings=\"{&quot;ekit_we_effect_on&quot;:&quot;none&quot;}\" data-widget_type=\"text-editor.default\">\n\t\t\t\t<div class=\"elementor-widget-container\">\n\t\t\t\t\t\t\t\t\t<p><span style=\"font-weight: 400;\">O p\u00fablico alvo do evento\u00a0 compreende\u00a0 diretores, coordenadores, professores, tutores, pesquisadores e profissionais envolvidos com a forma\u00e7\u00e3o na \u00c1rea da Computa\u00e7\u00e3o.<\/span><\/p>\t\t\t\t\t\t\t\t<\/div>\n\t\t\t\t<\/div>\n\t\t\t\t<div class=\"elementor-element elementor-element-0d3874d elementor-widget elementor-widget-heading\" data-id=\"0d3874d\" data-element_type=\"widget\" data-e-type=\"widget\" id=\"organizacao\" data-settings=\"{&quot;ekit_we_effect_on&quot;:&quot;none&quot;}\" data-widget_type=\"heading.default\">\n\t\t\t\t<div class=\"elementor-widget-container\">\n\t\t\t\t\t<h2 class=\"elementor-heading-title elementor-size-default\"><h2 class=\"section-title\" style=\"font-size:40px\">\n            <span class=\"sub-title\"><\/span>\n\t\t\t\n<em class=\"title-bar-shap\">Organiza\u00e7\u00e3o\n<\/em>\n        <\/h2><\/h2>\t\t\t\t<\/div>\n\t\t\t\t<\/div>\n\t\t\t\t<div class=\"elementor-element elementor-element-146e2b3 elementor-widget elementor-widget-text-editor\" data-id=\"146e2b3\" data-element_type=\"widget\" data-e-type=\"widget\" data-settings=\"{&quot;ekit_we_effect_on&quot;:&quot;none&quot;}\" data-widget_type=\"text-editor.default\">\n\t\t\t\t<div class=\"elementor-widget-container\">\n\t\t\t\t\t\t\t\t\t<p><strong>Coordena\u00e7\u00e3o Geral:<\/strong><\/p><p><span style=\"font-weight: 400;\">Ronaldo Celso Messias Correia (UNESP) \u2013 <\/span><span style=\"font-weight: 400;\">ronaldo.correia@unesp.br<br \/><\/span><span style=\"font-weight: 400;\">Maristela Holanda (UNB) &#8211;\u00a0 <\/span><span style=\"font-weight: 400;\">mholanda@unb.br<\/span><\/p><p><strong>Coordena\u00e7\u00e3o\u00a0 Local:<\/strong><\/p><p><span style=\"font-weight: 400;\">Simone Martins (UFF) \u2013 <\/span><span style=\"font-weight: 400;\">simone@ic.uff.br<\/span><\/p>\t\t\t\t\t\t\t\t<\/div>\n\t\t\t\t<\/div>\n\t\t\t\t\t<\/div>\n\t\t<\/div>\n\t\t\t\t<div class=\"elementor-column elementor-col-50 elementor-top-column elementor-element elementor-element-81c5e6f elementor-hidden-tablet elementor-hidden-mobile\" data-id=\"81c5e6f\" data-element_type=\"column\" data-e-type=\"column\" id=\"menuside\">\n\t\t\t<div class=\"elementor-widget-wrap elementor-element-populated\">\n\t\t\t\t\t\t<div class=\"elementor-element elementor-element-8510653 elementor-widget elementor-widget-heading\" data-id=\"8510653\" data-element_type=\"widget\" data-e-type=\"widget\" data-settings=\"{&quot;ekit_we_effect_on&quot;:&quot;none&quot;}\" data-widget_type=\"heading.default\">\n\t\t\t\t<div class=\"elementor-widget-container\">\n\t\t\t\t\t<h2 class=\"elementor-heading-title elementor-size-default\">Menu<\/h2>\t\t\t\t<\/div>\n\t\t\t\t<\/div>\n\t\t\t\t<div class=\"elementor-element elementor-element-030f579 elementor-align-left elementor-widget elementor-widget-button\" data-id=\"030f579\" data-element_type=\"widget\" data-e-type=\"widget\" data-settings=\"{&quot;ekit_we_effect_on&quot;:&quot;none&quot;}\" data-widget_type=\"button.default\">\n\t\t\t\t<div class=\"elementor-widget-container\">\n\t\t\t\t\t\t\t\t\t<div class=\"elementor-button-wrapper\">\n\t\t\t\t\t<a class=\"elementor-button elementor-button-link elementor-size-sm\" href=\"#programacao\">\n\t\t\t\t\t\t<span class=\"elementor-button-content-wrapper\">\n\t\t\t\t\t\t\t\t\t<span class=\"elementor-button-text\">Programa\u00e7\u00e3o<\/span>\n\t\t\t\t\t<\/span>\n\t\t\t\t\t<\/a>\n\t\t\t\t<\/div>\n\t\t\t\t\t\t\t\t<\/div>\n\t\t\t\t<\/div>\n\t\t\t\t<div class=\"elementor-element elementor-element-a3ec641 elementor-align-left elementor-widget elementor-widget-button\" data-id=\"a3ec641\" data-element_type=\"widget\" data-e-type=\"widget\" data-settings=\"{&quot;ekit_we_effect_on&quot;:&quot;none&quot;}\" data-widget_type=\"button.default\">\n\t\t\t\t<div class=\"elementor-widget-container\">\n\t\t\t\t\t\t\t\t\t<div class=\"elementor-button-wrapper\">\n\t\t\t\t\t<a class=\"elementor-button elementor-button-link elementor-size-sm\" href=\"#sobre\">\n\t\t\t\t\t\t<span class=\"elementor-button-content-wrapper\">\n\t\t\t\t\t\t\t\t\t<span class=\"elementor-button-text\">Sobre o evento<\/span>\n\t\t\t\t\t<\/span>\n\t\t\t\t\t<\/a>\n\t\t\t\t<\/div>\n\t\t\t\t\t\t\t\t<\/div>\n\t\t\t\t<\/div>\n\t\t\t\t<div class=\"elementor-element elementor-element-c91f5f4 elementor-align-left elementor-widget elementor-widget-button\" data-id=\"c91f5f4\" data-element_type=\"widget\" data-e-type=\"widget\" data-settings=\"{&quot;ekit_we_effect_on&quot;:&quot;none&quot;}\" data-widget_type=\"button.default\">\n\t\t\t\t<div class=\"elementor-widget-container\">\n\t\t\t\t\t\t\t\t\t<div class=\"elementor-button-wrapper\">\n\t\t\t\t\t<a class=\"elementor-button elementor-button-link elementor-size-sm\" href=\"#publicoalvo\">\n\t\t\t\t\t\t<span class=\"elementor-button-content-wrapper\">\n\t\t\t\t\t\t\t\t\t<span class=\"elementor-button-text\">P\u00fablico Alvo<\/span>\n\t\t\t\t\t<\/span>\n\t\t\t\t\t<\/a>\n\t\t\t\t<\/div>\n\t\t\t\t\t\t\t\t<\/div>\n\t\t\t\t<\/div>\n\t\t\t\t<div class=\"elementor-element elementor-element-4500b96 elementor-align-left elementor-widget elementor-widget-button\" data-id=\"4500b96\" data-element_type=\"widget\" data-e-type=\"widget\" data-settings=\"{&quot;ekit_we_effect_on&quot;:&quot;none&quot;}\" data-widget_type=\"button.default\">\n\t\t\t\t<div class=\"elementor-widget-container\">\n\t\t\t\t\t\t\t\t\t<div class=\"elementor-button-wrapper\">\n\t\t\t\t\t<a class=\"elementor-button elementor-button-link elementor-size-sm\" href=\"#organizacao\">\n\t\t\t\t\t\t<span class=\"elementor-button-content-wrapper\">\n\t\t\t\t\t\t\t\t\t<span class=\"elementor-button-text\">Organiza\u00e7\u00e3o<\/span>\n\t\t\t\t\t<\/span>\n\t\t\t\t\t<\/a>\n\t\t\t\t<\/div>\n\t\t\t\t\t\t\t\t<\/div>\n\t\t\t\t<\/div>\n\t\t\t\t\t<\/div>\n\t\t<\/div>\n\t\t\t\t\t<\/div>\n\t\t<\/section>\n\t\t\t\t<\/div>\n\t\t","protected":false},"excerpt":{"rendered":"<p>CQ Curso de Qualidade no Ensino da Computa\u00e7\u00e3o Programa\u00e7\u00e3o 31Julho08:30Credenciamento e Recep\u00e7\u00e3o 31Julho09:00PAINEL DE ABERTURACurriculariza\u00e7\u00e3o da Extens\u00e3o Universit\u00e1ria \u2013 Concep\u00e7\u00f5es, Diretrizes e Princ\u00edpiosAlfred Sholl-Franco (UFRJ) e Ana Paula Terra Bacelo (PUCRS) Ser\u00e3o abordados as Concep\u00e7\u00f5es, Diretrizes e Princ\u00edpios da Curriculariza\u00e7\u00e3o da Extens\u00e3o com foco nos desafios e avan\u00e7os da inser\u00e7\u00e3o curricular da extens\u00e3o, considerando as [&hellip;]<\/p>\n","protected":false},"author":1,"featured_media":0,"parent":0,"menu_order":0,"comment_status":"closed","ping_status":"closed","template":"elementor_header_footer","meta":{"inline_featured_image":false,"footnotes":""},"class_list":["post-3075","page","type-page","status-publish","hentry"],"_links":{"self":[{"href":"https:\/\/csbc.sbc.org.br\/2022\/wp-json\/wp\/v2\/pages\/3075","targetHints":{"allow":["GET"]}}],"collection":[{"href":"https:\/\/csbc.sbc.org.br\/2022\/wp-json\/wp\/v2\/pages"}],"about":[{"href":"https:\/\/csbc.sbc.org.br\/2022\/wp-json\/wp\/v2\/types\/page"}],"author":[{"embeddable":true,"href":"https:\/\/csbc.sbc.org.br\/2022\/wp-json\/wp\/v2\/users\/1"}],"replies":[{"embeddable":true,"href":"https:\/\/csbc.sbc.org.br\/2022\/wp-json\/wp\/v2\/comments?post=3075"}],"version-history":[{"count":45,"href":"https:\/\/csbc.sbc.org.br\/2022\/wp-json\/wp\/v2\/pages\/3075\/revisions"}],"predecessor-version":[{"id":6041,"href":"https:\/\/csbc.sbc.org.br\/2022\/wp-json\/wp\/v2\/pages\/3075\/revisions\/6041"}],"wp:attachment":[{"href":"https:\/\/csbc.sbc.org.br\/2022\/wp-json\/wp\/v2\/media?parent=3075"}],"curies":[{"name":"wp","href":"https:\/\/api.w.org\/{rel}","templated":true}]}}