{"id":5559,"date":"2022-06-15T12:39:23","date_gmt":"2022-06-15T15:39:23","guid":{"rendered":"https:\/\/csbc.sbc.org.br\/2022\/?page_id=5559"},"modified":"2022-08-01T14:17:52","modified_gmt":"2022-08-01T17:17:52","slug":"restaurantes","status":"publish","type":"page","link":"https:\/\/csbc.sbc.org.br\/2022\/restaurantes\/","title":{"rendered":"Restaurantes"},"content":{"rendered":"\t\t<div data-elementor-type=\"wp-post\" data-elementor-id=\"5559\" class=\"elementor elementor-5559\">\n\t\t\t\t\t\t<section class=\"elementor-section elementor-top-section elementor-element elementor-element-3ce9014 elementor-section-boxed elementor-section-height-default elementor-section-height-default\" data-id=\"3ce9014\" data-element_type=\"section\" data-e-type=\"section\" data-settings=\"{&quot;background_background&quot;:&quot;classic&quot;,&quot;shape_divider_bottom&quot;:&quot;waves&quot;}\">\n\t\t\t\t\t\t\t<div class=\"elementor-background-overlay\"><\/div>\n\t\t\t\t\t\t<div class=\"elementor-shape elementor-shape-bottom\" aria-hidden=\"true\" data-negative=\"false\">\n\t\t\t<svg xmlns=\"http:\/\/www.w3.org\/2000\/svg\" viewBox=\"0 0 1000 100\" preserveAspectRatio=\"none\">\n\t<path class=\"elementor-shape-fill\" d=\"M421.9,6.5c22.6-2.5,51.5,0.4,75.5,5.3c23.6,4.9,70.9,23.5,100.5,35.7c75.8,32.2,133.7,44.5,192.6,49.7\n\tc23.6,2.1,48.7,3.5,103.4-2.5c54.7-6,106.2-25.6,106.2-25.6V0H0v30.3c0,0,72,32.6,158.4,30.5c39.2-0.7,92.8-6.7,134-22.4\n\tc21.2-8.1,52.2-18.2,79.7-24.2C399.3,7.9,411.6,7.5,421.9,6.5z\"\/>\n<\/svg>\t\t<\/div>\n\t\t\t\t\t<div class=\"elementor-container elementor-column-gap-default\">\n\t\t\t\t\t<div class=\"elementor-column elementor-col-100 elementor-top-column elementor-element elementor-element-8c9fc30\" data-id=\"8c9fc30\" data-element_type=\"column\" data-e-type=\"column\">\n\t\t\t<div class=\"elementor-widget-wrap elementor-element-populated\">\n\t\t\t\t\t\t<div class=\"elementor-element elementor-element-b126080 elementor-widget elementor-widget-heading\" data-id=\"b126080\" data-element_type=\"widget\" data-e-type=\"widget\" data-settings=\"{&quot;ekit_we_effect_on&quot;:&quot;none&quot;}\" data-widget_type=\"heading.default\">\n\t\t\t\t<div class=\"elementor-widget-container\">\n\t\t\t\t\t<h1 class=\"elementor-heading-title elementor-size-default\">Restaurantes<\/h1>\t\t\t\t<\/div>\n\t\t\t\t<\/div>\n\t\t\t\t\t<\/div>\n\t\t<\/div>\n\t\t\t\t\t<\/div>\n\t\t<\/section>\n\t\t\t\t<section class=\"elementor-section elementor-top-section elementor-element elementor-element-4aa844b elementor-section-full_width elementor-section-height-default elementor-section-height-default\" data-id=\"4aa844b\" data-element_type=\"section\" data-e-type=\"section\">\n\t\t\t\t\t\t<div class=\"elementor-container elementor-column-gap-no\">\n\t\t\t\t\t<div class=\"elementor-column elementor-col-100 elementor-top-column elementor-element elementor-element-28bde77\" data-id=\"28bde77\" data-element_type=\"column\" data-e-type=\"column\">\n\t\t\t<div class=\"elementor-widget-wrap elementor-element-populated\">\n\t\t\t\t\t\t<div class=\"elementor-element elementor-element-de77726 elementor-hidden-tablet elementor-hidden-mobile elementor-widget elementor-widget-image\" data-id=\"de77726\" data-element_type=\"widget\" data-e-type=\"widget\" data-settings=\"{&quot;ekit_we_effect_on&quot;:&quot;none&quot;}\" data-widget_type=\"image.default\">\n\t\t\t\t<div class=\"elementor-widget-container\">\n\t\t\t\t\t\t\t\t\t\t\t\t\t\t\t<img decoding=\"async\" src=\"https:\/\/csbc.sbc.org.br\/2022\/wp-content\/uploads\/2021\/07\/curva-2022.png\" title=\"curva-2022\" alt=\"curva-2022\" loading=\"lazy\" \/>\t\t\t\t\t\t\t\t\t\t\t\t\t\t\t<\/div>\n\t\t\t\t<\/div>\n\t\t\t\t\t<\/div>\n\t\t<\/div>\n\t\t\t\t\t<\/div>\n\t\t<\/section>\n\t\t\t\t<section class=\"elementor-section elementor-top-section elementor-element elementor-element-fb68964 elementor-section-boxed elementor-section-height-default elementor-section-height-default\" data-id=\"fb68964\" data-element_type=\"section\" data-e-type=\"section\">\n\t\t\t\t\t\t<div class=\"elementor-container elementor-column-gap-default\">\n\t\t\t\t\t<div class=\"elementor-column elementor-col-100 elementor-top-column elementor-element elementor-element-d9233d2\" data-id=\"d9233d2\" data-element_type=\"column\" data-e-type=\"column\">\n\t\t\t<div class=\"elementor-widget-wrap elementor-element-populated\">\n\t\t\t\t\t\t<section class=\"elementor-section elementor-inner-section elementor-element elementor-element-cefea6b elementor-section-boxed elementor-section-height-default elementor-section-height-default\" data-id=\"cefea6b\" data-element_type=\"section\" data-e-type=\"section\">\n\t\t\t\t\t\t<div class=\"elementor-container elementor-column-gap-default\">\n\t\t\t\t\t<div class=\"elementor-column elementor-col-100 elementor-inner-column elementor-element elementor-element-3755952\" data-id=\"3755952\" data-element_type=\"column\" data-e-type=\"column\">\n\t\t\t<div class=\"elementor-widget-wrap elementor-element-populated\">\n\t\t\t\t\t\t<div class=\"elementor-element elementor-element-0c3aec0 elementor-widget elementor-widget-heading\" data-id=\"0c3aec0\" data-element_type=\"widget\" data-e-type=\"widget\" data-settings=\"{&quot;ekit_we_effect_on&quot;:&quot;none&quot;}\" data-widget_type=\"heading.default\">\n\t\t\t\t<div class=\"elementor-widget-container\">\n\t\t\t\t\t<h2 class=\"elementor-heading-title elementor-size-default\">Descontos para<br>participantes do CSBC:<\/h2>\t\t\t\t<\/div>\n\t\t\t\t<\/div>\n\t\t\t\t\t<\/div>\n\t\t<\/div>\n\t\t\t\t\t<\/div>\n\t\t<\/section>\n\t\t\t\t<section class=\"elementor-section elementor-inner-section elementor-element elementor-element-c834f2c elementor-section-boxed elementor-section-height-default elementor-section-height-default\" data-id=\"c834f2c\" data-element_type=\"section\" data-e-type=\"section\">\n\t\t\t\t\t\t<div class=\"elementor-container elementor-column-gap-default\">\n\t\t\t\t\t<div class=\"elementor-column elementor-col-33 elementor-inner-column elementor-element elementor-element-9d82b81\" data-id=\"9d82b81\" data-element_type=\"column\" data-e-type=\"column\">\n\t\t\t<div class=\"elementor-widget-wrap elementor-element-populated\">\n\t\t\t\t\t\t<div class=\"elementor-element elementor-element-dcb8148 elementor-widget elementor-widget-text-editor\" data-id=\"dcb8148\" data-element_type=\"widget\" data-e-type=\"widget\" data-settings=\"{&quot;ekit_we_effect_on&quot;:&quot;none&quot;}\" data-widget_type=\"text-editor.default\">\n\t\t\t\t<div class=\"elementor-widget-container\">\n\t\t\t\t\t\t\t\t\t<p><strong>\u00c0 Mineira S\u00e3o Francisco $<\/strong><br \/><em>Restaurante<\/em><br \/>Av. Quintino Bocai\u00fava, 353 &#8211; S\u00e3o Francisco, Niter\u00f3i &#8211; RJ, 24360-022<\/p>\t\t\t\t\t\t\t\t<\/div>\n\t\t\t\t<\/div>\n\t\t\t\t<div class=\"elementor-element elementor-element-67eb17d eael-tooltip-align-center eael-tooltip-text-align-left elementor-widget elementor-widget-eael-tooltip\" data-id=\"67eb17d\" data-element_type=\"widget\" data-e-type=\"widget\" data-settings=\"{&quot;ekit_we_effect_on&quot;:&quot;none&quot;}\" data-widget_type=\"eael-tooltip.default\">\n\t\t\t\t<div class=\"elementor-widget-container\">\n\t\t\t\t\t\t<div class=\"eael-tooltip\">\n\t\t\t\t\t<span class=\"eael-tooltip-content\" tabindex=\"0\" aria-describedby=\"tooltip-text-67eb17d\"><img decoding=\"async\" class=\"alignnone size-medium wp-image-6757\" src=\"https:\/\/csbc.sbc.org.br\/2022\/wp-content\/uploads\/2022\/07\/info-300x300.png\" alt=\"\" width=\"30\" style=\"padding-left:10px;margin-right:10px\" srcset=\"https:\/\/csbc.sbc.org.br\/2022\/wp-content\/uploads\/2022\/07\/info-300x300.png 300w, https:\/\/csbc.sbc.org.br\/2022\/wp-content\/uploads\/2022\/07\/info-1024x1024.png 1024w, https:\/\/csbc.sbc.org.br\/2022\/wp-content\/uploads\/2022\/07\/info-150x150.png 150w, https:\/\/csbc.sbc.org.br\/2022\/wp-content\/uploads\/2022\/07\/info-768x768.png 768w, https:\/\/csbc.sbc.org.br\/2022\/wp-content\/uploads\/2022\/07\/info-1536x1536.png 1536w, https:\/\/csbc.sbc.org.br\/2022\/wp-content\/uploads\/2022\/07\/info.png 2048w\" sizes=\"(max-width: 300px) 100vw, 300px\" \/>Desconto CSBC<\/span>\n  \t\t\t<span id=\"tooltip-text-67eb17d\" class=\"eael-tooltip-text eael-tooltip-bottom\" role=\"tooltip\"><h2>Descontos de 10% ou 15%<\/h2><ul><li>De segunda a sexta, exceto feriados: 10% de desconto no valor total da conta.<\/li><li>S\u00e1bados e domingos: 15% no valor do Self Service.<\/li><\/ul><\/span>\n  \t\t\t<\/div>\n\t\t\t\t\t<\/div>\n\t\t\t\t<\/div>\n\t\t\t\t\t<\/div>\n\t\t<\/div>\n\t\t\t\t<div class=\"elementor-column elementor-col-33 elementor-inner-column elementor-element elementor-element-4217b69\" data-id=\"4217b69\" data-element_type=\"column\" data-e-type=\"column\">\n\t\t\t<div class=\"elementor-widget-wrap elementor-element-populated\">\n\t\t\t\t\t\t<div class=\"elementor-element elementor-element-855a04d elementor-widget elementor-widget-text-editor\" data-id=\"855a04d\" data-element_type=\"widget\" data-e-type=\"widget\" data-settings=\"{&quot;ekit_we_effect_on&quot;:&quot;none&quot;}\" data-widget_type=\"text-editor.default\">\n\t\t\t\t<div class=\"elementor-widget-container\">\n\t\t\t\t\t\t\t\t\t<p><strong>Restaurante Jambeiro $<\/strong><br \/><em>Restaurante<\/em><br \/>R. Pres. Domiciano, 131 \u2013 Ing\u00e1<br \/>(21) 2717-7393<\/p>\t\t\t\t\t\t\t\t<\/div>\n\t\t\t\t<\/div>\n\t\t\t\t<div class=\"elementor-element elementor-element-76bb4c9 eael-tooltip-align-center eael-tooltip-text-align-left elementor-widget elementor-widget-eael-tooltip\" data-id=\"76bb4c9\" data-element_type=\"widget\" data-e-type=\"widget\" data-settings=\"{&quot;ekit_we_effect_on&quot;:&quot;none&quot;}\" data-widget_type=\"eael-tooltip.default\">\n\t\t\t\t<div class=\"elementor-widget-container\">\n\t\t\t\t\t\t<div class=\"eael-tooltip\">\n\t\t\t\t\t<span class=\"eael-tooltip-content\" tabindex=\"0\" aria-describedby=\"tooltip-text-76bb4c9\"><img decoding=\"async\" class=\"alignnone size-medium wp-image-6757\" src=\"https:\/\/csbc.sbc.org.br\/2022\/wp-content\/uploads\/2022\/07\/info-300x300.png\" alt=\"\" width=\"30\" style=\"padding-left:10px;margin-right:10px\" srcset=\"https:\/\/csbc.sbc.org.br\/2022\/wp-content\/uploads\/2022\/07\/info-300x300.png 300w, https:\/\/csbc.sbc.org.br\/2022\/wp-content\/uploads\/2022\/07\/info-1024x1024.png 1024w, https:\/\/csbc.sbc.org.br\/2022\/wp-content\/uploads\/2022\/07\/info-150x150.png 150w, https:\/\/csbc.sbc.org.br\/2022\/wp-content\/uploads\/2022\/07\/info-768x768.png 768w, https:\/\/csbc.sbc.org.br\/2022\/wp-content\/uploads\/2022\/07\/info-1536x1536.png 1536w, https:\/\/csbc.sbc.org.br\/2022\/wp-content\/uploads\/2022\/07\/info.png 2048w\" sizes=\"(max-width: 300px) 100vw, 300px\" \/>Desconto CSBC<\/span>\n  \t\t\t<span id=\"tooltip-text-76bb4c9\" class=\"eael-tooltip-text eael-tooltip-bottom\" role=\"tooltip\"><h2>Desconto de 10%<\/h2><ul><li>10% de desconto no valor total da conta, apresentando o crach\u00e1 do evento.<\/li><\/ul><\/span>\n  \t\t\t<\/div>\n\t\t\t\t\t<\/div>\n\t\t\t\t<\/div>\n\t\t\t\t\t<\/div>\n\t\t<\/div>\n\t\t\t\t<div class=\"elementor-column elementor-col-33 elementor-inner-column elementor-element elementor-element-cbc561c\" data-id=\"cbc561c\" data-element_type=\"column\" data-e-type=\"column\">\n\t\t\t<div class=\"elementor-widget-wrap elementor-element-populated\">\n\t\t\t\t\t\t<div class=\"elementor-element elementor-element-85bed8a elementor-widget elementor-widget-text-editor\" data-id=\"85bed8a\" data-element_type=\"widget\" data-e-type=\"widget\" data-settings=\"{&quot;ekit_we_effect_on&quot;:&quot;none&quot;}\" data-widget_type=\"text-editor.default\">\n\t\t\t\t<div class=\"elementor-widget-container\">\n\t\t\t\t\t\t\t\t\t<p><strong>Paludo GOURMET $$<\/strong><br \/><em>Restaurante<\/em><br \/>Endere\u00e7o: Av. Quintino Bocai\u00fava, 251 &#8211; S\u00e3o Francisco, Niter\u00f3i &#8211; RJ, 24360-022<\/p>\t\t\t\t\t\t\t\t<\/div>\n\t\t\t\t<\/div>\n\t\t\t\t<div class=\"elementor-element elementor-element-727a8a4 eael-tooltip-align-center eael-tooltip-text-align-left elementor-widget elementor-widget-eael-tooltip\" data-id=\"727a8a4\" data-element_type=\"widget\" data-e-type=\"widget\" data-settings=\"{&quot;ekit_we_effect_on&quot;:&quot;none&quot;}\" data-widget_type=\"eael-tooltip.default\">\n\t\t\t\t<div class=\"elementor-widget-container\">\n\t\t\t\t\t\t<div class=\"eael-tooltip\">\n\t\t\t\t\t<span class=\"eael-tooltip-content\" tabindex=\"0\" aria-describedby=\"tooltip-text-727a8a4\"><img decoding=\"async\" class=\"alignnone size-medium wp-image-6757\" src=\"https:\/\/csbc.sbc.org.br\/2022\/wp-content\/uploads\/2022\/07\/info-300x300.png\" alt=\"\" width=\"30\" style=\"padding-left:10px;margin-right:10px\" srcset=\"https:\/\/csbc.sbc.org.br\/2022\/wp-content\/uploads\/2022\/07\/info-300x300.png 300w, https:\/\/csbc.sbc.org.br\/2022\/wp-content\/uploads\/2022\/07\/info-1024x1024.png 1024w, https:\/\/csbc.sbc.org.br\/2022\/wp-content\/uploads\/2022\/07\/info-150x150.png 150w, https:\/\/csbc.sbc.org.br\/2022\/wp-content\/uploads\/2022\/07\/info-768x768.png 768w, https:\/\/csbc.sbc.org.br\/2022\/wp-content\/uploads\/2022\/07\/info-1536x1536.png 1536w, https:\/\/csbc.sbc.org.br\/2022\/wp-content\/uploads\/2022\/07\/info.png 2048w\" sizes=\"(max-width: 300px) 100vw, 300px\" \/>Desconto CSBC<\/span>\n  \t\t\t<span id=\"tooltip-text-727a8a4\" class=\"eael-tooltip-text eael-tooltip-bottom\" role=\"tooltip\"><h2>Desconto de 20% em toda a rede Paludo<\/h2><p><em>(Fam\u00edlia Paludo \u2013 S\u00e3o Francisco, Queen Jardim \u2013 Icara\u00ed, Queen Oce\u00e2nico \u2013 Piratininga, Queen Pizza \u2013 S\u00e3o Francisco)<\/em><\/p><p>\u00a0<\/p><p>Nas seguintes condi\u00e7\u00f5es:<\/p><p>\u00a0<\/p><ul><li>Para ter benef\u00edcio o congressista dever\u00e1 apresentar a Credencial ou crach\u00e1 do evento<\/li><li>O benef\u00edcio do conv\u00eanio ter\u00e1 vig\u00eancia durante o per\u00edodo do Congresso (31\/07 a 05\/08\/2022)<\/li><li>O benef\u00edcio pode ser utilizado em todas as lojas do Grupo durante o per\u00edodo de vig\u00eancia e em qualquer hor\u00e1rio<\/li><li>O desconto ser\u00e1 para todo card\u00e1pio, inclusive bebidas<\/li><li>O benef\u00edcio \u00e9 para a mesa do Congressista, independente se todos est\u00e3o participando ou n\u00e3o do Congresso, basta ter um qualificado para o benef\u00edcio<\/li><li>O benef\u00edcio n\u00e3o \u00e9 v\u00e1lido para delivery<\/li><\/ul><\/span>\n  \t\t\t<\/div>\n\t\t\t\t\t<\/div>\n\t\t\t\t<\/div>\n\t\t\t\t\t<\/div>\n\t\t<\/div>\n\t\t\t\t\t<\/div>\n\t\t<\/section>\n\t\t\t\t<div class=\"elementor-element elementor-element-6ea3ed3 elementor-widget-divider--view-line elementor-widget elementor-widget-divider\" data-id=\"6ea3ed3\" data-element_type=\"widget\" data-e-type=\"widget\" data-settings=\"{&quot;ekit_we_effect_on&quot;:&quot;none&quot;}\" data-widget_type=\"divider.default\">\n\t\t\t\t<div class=\"elementor-widget-container\">\n\t\t\t\t\t\t\t<div class=\"elementor-divider\">\n\t\t\t<span class=\"elementor-divider-separator\">\n\t\t\t\t\t\t<\/span>\n\t\t<\/div>\n\t\t\t\t\t\t<\/div>\n\t\t\t\t<\/div>\n\t\t\t\t<section class=\"elementor-section elementor-inner-section elementor-element elementor-element-8c00398 elementor-section-boxed elementor-section-height-default elementor-section-height-default\" data-id=\"8c00398\" data-element_type=\"section\" data-e-type=\"section\">\n\t\t\t\t\t\t<div class=\"elementor-container elementor-column-gap-default\">\n\t\t\t\t\t<div class=\"elementor-column elementor-col-100 elementor-inner-column elementor-element elementor-element-3bc3b40\" data-id=\"3bc3b40\" data-element_type=\"column\" data-e-type=\"column\">\n\t\t\t<div class=\"elementor-widget-wrap elementor-element-populated\">\n\t\t\t\t\t\t<div class=\"elementor-element elementor-element-7ec6620 elementor-widget elementor-widget-text-editor\" data-id=\"7ec6620\" data-element_type=\"widget\" data-e-type=\"widget\" data-settings=\"{&quot;ekit_we_effect_on&quot;:&quot;none&quot;}\" data-widget_type=\"text-editor.default\">\n\t\t\t\t<div class=\"elementor-widget-container\">\n\t\t\t\t\t\t\t\t\t<p><strong>Adega Do Bacalhau<\/strong><br \/><em>Restaurante<\/em><br \/>Pra\u00e7a Leoni Ramos, 13 Terreo \u2013 S\u00e3o Domingos<br \/>(21) 98199-6348<br \/><a href=\"http:\/\/business.google.com\/website\/adegadobacalhau\">Acessar o site<\/a><\/p><p><strong>Bar Do Renato Da Cantareira<\/strong><br \/><em>Bar<\/em><br \/>Pra\u00e7a Leoni Ramos, 19 \u2013 S\u00e3o Domingos<\/p><p><strong>Bistr\u00f4 Mac $$<\/strong><br \/><em>Bistr\u00f4<\/em><br \/>Museu De Arte Contempor\u00e2nea De Niter\u00f3i \u2013 Pra\u00e7a Mirante De Boa Viagem, S\/N \u2013 Boa Viagem<br \/>(21) 2629-1416<br \/><a href=\"http:\/\/www.bistromac.com.br\">Acessar o site<\/a><\/p><p><strong>Bistr\u00f4 Reserva Cultural $$<\/strong><br \/><em>Bistr\u00f4<\/em><br \/>Av. Visconde Do Rio Branco, 880 \u2013 S\u00e3o Domingos<br \/>(21) 3604-1545<br \/><a href=\"http:\/\/reservacultural.com.br\/niteroi\/index.php\/bistro-reserva\/\">Acessar o site<\/a><\/p><p><strong>Bizu Bizu<\/strong><br \/><em>Restaurante<\/em><br \/>Av Visconde Do Rio Bran\u00e7o 880 Loja 106 \u2013 S\u00e3o Domingos<br \/>21 3604.1545<br \/><a href=\"http:\/\/business.google.com\/website\/bizu-bizu\">Acessar o site<\/a><\/p><p><strong>Dona Santa<\/strong><br \/><em>Restaurante<\/em><br \/>Rua Dr. Nilo Pe\u00e7anha, 138 \u2013 Ing\u00e1<br \/>21 2704.4594<\/p><p><strong>Da Nave<\/strong><br \/><em>Bistr\u00f4\/Restaurante<\/em><br \/>Rua Dr. Nilo Pe\u00e7anha, 147 \u2013 Ing\u00e1<br \/>21 2622.1637<\/p><p><strong>Don Carlo\u2019s<\/strong><br \/><em>Restaurante e Pizzaria<\/em><br \/>Rua Francisco Pimentel, 186 \u2013 Ing\u00e1<br \/>(21) 3628.0918<br \/><a href=\"http:\/\/doncarlospizza.com.br\">Acessar o site<\/a><\/p><p><strong>Deck Bar H Niter\u00f3i $$<\/strong><br \/><em>Bar<\/em><br \/>R. Dr. Paulo Alves, 14 \u2013 Ing\u00e1<br \/>21 3174-5055<br \/><a href=\"http:\/\/hniteroi.com.br\/gastronomia\/deck-bar\/\">Acessar o site<\/a><\/p><p><strong>Docas Cantareira $<\/strong><br \/><em>Restaurante<\/em><br \/>R. Alexandre Moura, 2 A \u2013 S\u00e3o Domingos<br \/>(21) 3628-4942<br \/><a href=\"http:\/\/docascantareira.com.br\">Acessar o site<\/a><\/p><p><strong>Don Juan Contempor\u00e2neo $$<\/strong><br \/><em>Restaurante<\/em><br \/>R. Dr. Paulo Alves, 14 \u2013 Ing\u00e1<br \/>(21) 3174-5055<br \/><a href=\"http:\/\/hniteroi.com.br\/gastronomia\/don-juan-contemporaneo\/\">Acessar o site<\/a><\/p><p><strong>M\u00e3e D\u2019agua<\/strong><br \/><em>Bar<\/em><br \/>Pra\u00e7a Leoni Ramos, 7 \u2013 S\u00e3o Domingos<br \/>(21) 2717-3903<\/p><p><strong>Mariner Gastronomia<\/strong><br \/><em>Restaurante<\/em><br \/>Av. Milton Tavares de Souza, 171 \u2013 Gragoat\u00e1<br \/>21 3604-1713<br \/><a href=\"http:\/\/qualityhotelniteroi.com.br\">Acessar o site<\/a><\/p><p><strong>Pizzaria M\u00edstica<\/strong><br \/><em>Pizzaria<\/em><br \/>Av. Visconde Do Rio Branco, 880 \u2013 S\u00e3o Domingos<br \/>21 3811-8537<br \/><a href=\"http:\/\/reservacultural.com.br\/niteroi\/index.php\/mistica-pizza\/\">Acessar o site<\/a><\/p><p><strong>Recreio Bar e Sinuca<\/strong><br \/><em>Bar<\/em><br \/>R. Gen. Os\u00f3rio, 13 \u2013 S\u00e3o Domingos<\/p><p><strong>Restaurante Jambeiro $$<\/strong><br \/><em>Restaurante<\/em><br \/>R. Pres. Domiciano, 131 \u2013 Ing\u00e1<br \/>(21) 2717-7393<br \/><a href=\"http:\/\/restaurantejambeiro.com.br\">Acessar o site<\/a><\/p><p><strong>Tio Cot\u00f3 $<\/strong><br \/><em>Restaurante<\/em><br \/>R. Alexandre Moura, 3 \u2013 S\u00e3o Domingos<br \/>(21) 2620-1569<\/p><p><strong>Vestibular Do Chopp<\/strong><br \/><em>Restaurante<\/em><br \/>R. Gen. Os\u00f3rio, 02 \u2013 S\u00e3o Domingos<br \/>(21) 2622-9109<\/p><p><strong>Le BoNTon $<\/strong><br \/><em>Restaurante<\/em><br \/>Plaza Shopping &#8211; 2o Piso &#8211; Pra\u00e7a de Alimenta\u00e7\u00e3o<\/p><p><strong>Paludo GOURMET $$<\/strong><br \/><em>Restaurante<\/em><br \/>Endere\u00e7o: Av. Quintino Bocai\u00fava, 251 &#8211; S\u00e3o Francisco, Niter\u00f3i &#8211; RJ, 24360-022<\/p><p><strong>Noi $$<\/strong><br \/><em>Bar\/Restaurante<\/em><br \/>Av. Quintino Bocai\u00fava, 201 &#8211; S\u00e3o Francisco, Niter\u00f3i &#8211; RJ, 24360-022<\/p><p><strong>Gruta de Santo Ant\u00f4nio $$-$$<\/strong><br \/><em>Restaurante<\/em><br \/>R. Silva Jardim, 148 &#8211; Centro, Niter\u00f3i &#8211; RJ, 24030-005<\/p><p><strong>Caneco Gelado do Mario $-$$<\/strong><br \/><em>Bar\/Restaurante<\/em><br \/>Rua Visconde Do Uruguai, 288 &#8211; 5,6 e 7 &#8211; Centro, Niter\u00f3i &#8211; RJ, 24030-050<\/p><p><strong>Torninha $$<\/strong><br \/><em>Restaurante<\/em><br \/>R. N\u00f3brega, 199 &#8211; Icara\u00ed, Niter\u00f3i &#8211; RJ, 24220-320<\/p><p><strong>Casa Nova $$ <\/strong><br \/><em>Restaurante\/Gastronomia Portuguesa<\/em><br \/>R. N\u00f3brega, 199 &#8211; Icara\u00ed, Niter\u00f3i &#8211; RJ, 24220-320<\/p><p><strong>Galeto Grill Icara\u00ed $<\/strong><br \/><em>Restaurante<\/em> <br \/>R. Ator Paulo Gustavo, 282 &#8211; Icara\u00ed, Niter\u00f3i &#8211; RJ, 24230-063<\/p><p><strong>Galeto Grill Centro $<\/strong><br \/><em>Restaurante<\/em> <br \/>R. Jos\u00e9 Clemente, 29<\/p><p><strong>Casa Graviola $$ (praia de Icara\u00ed)<\/strong><br \/><em>Restaurante<\/em> <br \/>Av. Jorn. Alberto Francisco Torres, 363 &#8211; Icara\u00ed, Niter\u00f3i &#8211; RJ, 24230-006<\/p><p><strong>Mocellin Churrascaria $$-$$<\/strong><br \/><em>Restaurante<\/em><br \/>Av. Quintino Bocai\u00fava, 151 &#8211; S\u00e3o Francisco, Niter\u00f3i &#8211; RJ, 24360-022<\/p><p><strong>Outback $$<\/strong><br \/><em>Restaurante<\/em><br \/>Plaza Shopping &#8211; 1o Piso<\/p><p><strong>Trailer da Engenharia $<br \/><\/strong><em>Trailer<\/em><strong><br \/><\/strong>Entrada do Campus da Praia Vermelha &#8211; UFF\u00a0<\/p><p><strong>Cantina do Lu\u00eds $<\/strong><br \/><em>Restaurante<\/em><br \/>Ao lado do Bandej\u00e3o &#8211; Campus da Praia Vermelha &#8211; UFF<\/p><p><strong>Duala $<\/strong><\/p>\t\t\t\t\t\t\t\t<\/div>\n\t\t\t\t<\/div>\n\t\t\t\t<div class=\"elementor-element elementor-element-b37d818 elementor-widget elementor-widget-html\" data-id=\"b37d818\" data-element_type=\"widget\" data-e-type=\"widget\" data-settings=\"{&quot;ekit_we_effect_on&quot;:&quot;none&quot;}\" data-widget_type=\"html.default\">\n\t\t\t\t<div class=\"elementor-widget-container\">\n\t\t\t\t\t<style>\n    strong{color:#005943!important;\n        font-size:18px;\n        \n    }\n\n<\/style>\t\t\t\t<\/div>\n\t\t\t\t<\/div>\n\t\t\t\t\t<\/div>\n\t\t<\/div>\n\t\t\t\t\t<\/div>\n\t\t<\/section>\n\t\t\t\t<div class=\"elementor-element elementor-element-d38cd6c elementor-widget elementor-widget-text-editor\" data-id=\"d38cd6c\" data-element_type=\"widget\" data-e-type=\"widget\" data-settings=\"{&quot;ekit_we_effect_on&quot;:&quot;none&quot;}\" data-widget_type=\"text-editor.default\">\n\t\t\t\t<div class=\"elementor-widget-container\">\n\t\t\t\t\t\t\t\t\t<p>Para mais informa\u00e7\u00f5es,<a href=\"http:\/\/visit.niteroi.br\/sao-domingos-gragoata-inga-boa-viagem\/\" target=\"_blank\" rel=\"noopener\"> acesse o site da Neltur.<\/a><\/p>\t\t\t\t\t\t\t\t<\/div>\n\t\t\t\t<\/div>\n\t\t\t\t\t<\/div>\n\t\t<\/div>\n\t\t\t\t\t<\/div>\n\t\t<\/section>\n\t\t\t\t<\/div>\n\t\t","protected":false},"excerpt":{"rendered":"<p>Restaurantes Descontos paraparticipantes do CSBC: \u00c0 Mineira S\u00e3o Francisco $RestauranteAv. Quintino Bocai\u00fava, 353 &#8211; S\u00e3o Francisco, Niter\u00f3i &#8211; RJ, 24360-022 Desconto CSBC Descontos de 10% ou 15% De segunda a sexta, exceto feriados: 10% de desconto no valor total da conta. S\u00e1bados e domingos: 15% no valor do Self Service. Restaurante Jambeiro $RestauranteR. Pres. Domiciano, [&hellip;]<\/p>\n","protected":false},"author":1,"featured_media":0,"parent":0,"menu_order":0,"comment_status":"closed","ping_status":"closed","template":"elementor_header_footer","meta":{"inline_featured_image":false,"footnotes":""},"class_list":["post-5559","page","type-page","status-publish","hentry"],"_links":{"self":[{"href":"https:\/\/csbc.sbc.org.br\/2022\/wp-json\/wp\/v2\/pages\/5559","targetHints":{"allow":["GET"]}}],"collection":[{"href":"https:\/\/csbc.sbc.org.br\/2022\/wp-json\/wp\/v2\/pages"}],"about":[{"href":"https:\/\/csbc.sbc.org.br\/2022\/wp-json\/wp\/v2\/types\/page"}],"author":[{"embeddable":true,"href":"https:\/\/csbc.sbc.org.br\/2022\/wp-json\/wp\/v2\/users\/1"}],"replies":[{"embeddable":true,"href":"https:\/\/csbc.sbc.org.br\/2022\/wp-json\/wp\/v2\/comments?post=5559"}],"version-history":[{"count":28,"href":"https:\/\/csbc.sbc.org.br\/2022\/wp-json\/wp\/v2\/pages\/5559\/revisions"}],"predecessor-version":[{"id":7132,"href":"https:\/\/csbc.sbc.org.br\/2022\/wp-json\/wp\/v2\/pages\/5559\/revisions\/7132"}],"wp:attachment":[{"href":"https:\/\/csbc.sbc.org.br\/2022\/wp-json\/wp\/v2\/media?parent=5559"}],"curies":[{"name":"wp","href":"https:\/\/api.w.org\/{rel}","templated":true}]}}