{"id":6569,"date":"2022-07-22T14:50:58","date_gmt":"2022-07-22T17:50:58","guid":{"rendered":"https:\/\/csbc.sbc.org.br\/2022\/?page_id=6569"},"modified":"2022-07-26T18:13:32","modified_gmt":"2022-07-26T21:13:32","slug":"forum-cpg","status":"publish","type":"page","link":"https:\/\/csbc.sbc.org.br\/2022\/forum-cpg\/","title":{"rendered":"Forum CPG"},"content":{"rendered":"\t\t<div data-elementor-type=\"wp-post\" data-elementor-id=\"6569\" class=\"elementor elementor-6569\">\n\t\t\t\t\t\t<section class=\"elementor-section elementor-top-section elementor-element elementor-element-4c72a3e elementor-section-boxed elementor-section-height-default elementor-section-height-default\" data-id=\"4c72a3e\" data-element_type=\"section\" data-e-type=\"section\" data-settings=\"{&quot;background_background&quot;:&quot;classic&quot;,&quot;shape_divider_bottom&quot;:&quot;waves&quot;}\">\n\t\t\t\t\t\t\t<div class=\"elementor-background-overlay\"><\/div>\n\t\t\t\t\t\t<div class=\"elementor-shape elementor-shape-bottom\" aria-hidden=\"true\" data-negative=\"false\">\n\t\t\t<svg xmlns=\"http:\/\/www.w3.org\/2000\/svg\" viewBox=\"0 0 1000 100\" preserveAspectRatio=\"none\">\n\t<path class=\"elementor-shape-fill\" d=\"M421.9,6.5c22.6-2.5,51.5,0.4,75.5,5.3c23.6,4.9,70.9,23.5,100.5,35.7c75.8,32.2,133.7,44.5,192.6,49.7\n\tc23.6,2.1,48.7,3.5,103.4-2.5c54.7-6,106.2-25.6,106.2-25.6V0H0v30.3c0,0,72,32.6,158.4,30.5c39.2-0.7,92.8-6.7,134-22.4\n\tc21.2-8.1,52.2-18.2,79.7-24.2C399.3,7.9,411.6,7.5,421.9,6.5z\"\/>\n<\/svg>\t\t<\/div>\n\t\t\t\t\t<div class=\"elementor-container elementor-column-gap-default\">\n\t\t\t\t\t<div class=\"elementor-column elementor-col-100 elementor-top-column elementor-element elementor-element-66c9a62\" data-id=\"66c9a62\" data-element_type=\"column\" data-e-type=\"column\">\n\t\t\t<div class=\"elementor-widget-wrap elementor-element-populated\">\n\t\t\t\t\t\t<div class=\"elementor-element elementor-element-b6cda6e elementor-widget elementor-widget-heading\" data-id=\"b6cda6e\" data-element_type=\"widget\" data-e-type=\"widget\" data-settings=\"{&quot;ekit_we_effect_on&quot;:&quot;none&quot;}\" data-widget_type=\"heading.default\">\n\t\t\t\t<div class=\"elementor-widget-container\">\n\t\t\t\t\t<h1 class=\"elementor-heading-title elementor-size-default\">Forum CPG \n<span style=\"font-size:20px;padding-top:20px\">\n\n\n            F\u00f3rum de Coordenadores de P\u00f3s-Gradua\u00e7\u00e3o\n\n<\/span><\/h1>\t\t\t\t<\/div>\n\t\t\t\t<\/div>\n\t\t\t\t\t<\/div>\n\t\t<\/div>\n\t\t\t\t\t<\/div>\n\t\t<\/section>\n\t\t\t\t<section class=\"elementor-section elementor-top-section elementor-element elementor-element-4aa844b elementor-section-full_width elementor-section-height-default elementor-section-height-default\" data-id=\"4aa844b\" data-element_type=\"section\" data-e-type=\"section\">\n\t\t\t\t\t\t<div class=\"elementor-container elementor-column-gap-no\">\n\t\t\t\t\t<div class=\"elementor-column elementor-col-100 elementor-top-column elementor-element elementor-element-28bde77\" data-id=\"28bde77\" data-element_type=\"column\" data-e-type=\"column\">\n\t\t\t<div class=\"elementor-widget-wrap elementor-element-populated\">\n\t\t\t\t\t\t<div class=\"elementor-element elementor-element-de77726 elementor-widget elementor-widget-image\" data-id=\"de77726\" data-element_type=\"widget\" data-e-type=\"widget\" data-settings=\"{&quot;ekit_we_effect_on&quot;:&quot;none&quot;}\" data-widget_type=\"image.default\">\n\t\t\t\t<div class=\"elementor-widget-container\">\n\t\t\t\t\t\t\t\t\t\t\t\t\t\t\t<img decoding=\"async\" src=\"https:\/\/csbc.sbc.org.br\/2022\/wp-content\/uploads\/2021\/07\/curva-2022.png\" title=\"curva-2022\" alt=\"curva-2022\" loading=\"lazy\" \/>\t\t\t\t\t\t\t\t\t\t\t\t\t\t\t<\/div>\n\t\t\t\t<\/div>\n\t\t\t\t\t<\/div>\n\t\t<\/div>\n\t\t\t\t\t<\/div>\n\t\t<\/section>\n\t\t\t\t<section class=\"elementor-section elementor-top-section elementor-element elementor-element-33723c9 elementor-section-boxed elementor-section-height-default elementor-section-height-default\" data-id=\"33723c9\" data-element_type=\"section\" data-e-type=\"section\">\n\t\t\t\t\t\t<div class=\"elementor-container elementor-column-gap-default\">\n\t\t\t\t\t<div class=\"elementor-column elementor-col-50 elementor-top-column elementor-element elementor-element-cdfb827\" data-id=\"cdfb827\" data-element_type=\"column\" data-e-type=\"column\">\n\t\t\t<div class=\"elementor-widget-wrap elementor-element-populated\">\n\t\t\t\t\t\t<div class=\"elementor-element elementor-element-70d860f elementor-widget elementor-widget-html\" data-id=\"70d860f\" data-element_type=\"widget\" data-e-type=\"widget\" id=\"programacao\" data-settings=\"{&quot;ekit_we_effect_on&quot;:&quot;none&quot;}\" data-widget_type=\"html.default\">\n\t\t\t\t<div class=\"elementor-widget-container\">\n\t\t\t\t\t<h2 class=\"section-title\" style=\"font-size:40px\">\n            <span class=\"sub-title\"><\/span>\n\t\t\t\n<em class=\"title-bar-shap\">\nPrograma\u00e7\u00e3o\n<\/em>\n        <\/h2>\t\t\t\t<\/div>\n\t\t\t\t<\/div>\n\t\t\t\t<div class=\"elementor-element elementor-element-ca5112b elementor-widget elementor-widget-eael-adv-accordion\" data-id=\"ca5112b\" data-element_type=\"widget\" data-e-type=\"widget\" data-settings=\"{&quot;ekit_we_effect_on&quot;:&quot;none&quot;}\" data-widget_type=\"eael-adv-accordion.default\">\n\t\t\t\t<div class=\"elementor-widget-container\">\n\t\t\t\t\t            <div class=\"eael-adv-accordion\" id=\"eael-adv-accordion-ca5112b\" data-scroll-on-click=\"no\" data-scroll-speed=\"300\" data-accordion-id=\"ca5112b\" data-accordion-type=\"accordion\" data-toogle-speed=\"300\">\n            <\/div>\t\t\t\t<\/div>\n\t\t\t\t<\/div>\n\t\t\t\t<div class=\"elementor-element elementor-element-f4bae78 elementor-widget elementor-widget-eael-adv-accordion\" data-id=\"f4bae78\" data-element_type=\"widget\" data-e-type=\"widget\" data-settings=\"{&quot;ekit_we_effect_on&quot;:&quot;none&quot;}\" data-widget_type=\"eael-adv-accordion.default\">\n\t\t\t\t<div class=\"elementor-widget-container\">\n\t\t\t\t\t            <div class=\"eael-adv-accordion\" id=\"eael-adv-accordion-f4bae78\" data-scroll-on-click=\"no\" data-scroll-speed=\"300\" data-accordion-id=\"f4bae78\" data-accordion-type=\"accordion\" data-toogle-speed=\"300\">\n            <\/div>\t\t\t\t<\/div>\n\t\t\t\t<\/div>\n\t\t\t\t<div class=\"elementor-element elementor-element-2729e03 elementor-widget elementor-widget-eael-adv-accordion\" data-id=\"2729e03\" data-element_type=\"widget\" data-e-type=\"widget\" data-settings=\"{&quot;ekit_we_effect_on&quot;:&quot;none&quot;}\" data-widget_type=\"eael-adv-accordion.default\">\n\t\t\t\t<div class=\"elementor-widget-container\">\n\t\t\t\t\t            <div class=\"eael-adv-accordion\" id=\"eael-adv-accordion-2729e03\" data-scroll-on-click=\"no\" data-scroll-speed=\"300\" data-accordion-id=\"2729e03\" data-accordion-type=\"accordion\" data-toogle-speed=\"300\">\n            <\/div>\t\t\t\t<\/div>\n\t\t\t\t<\/div>\n\t\t\t\t<div class=\"elementor-element elementor-element-d3f295e elementor-widget elementor-widget-eael-adv-accordion\" data-id=\"d3f295e\" data-element_type=\"widget\" data-e-type=\"widget\" data-settings=\"{&quot;ekit_we_effect_on&quot;:&quot;none&quot;}\" data-widget_type=\"eael-adv-accordion.default\">\n\t\t\t\t<div class=\"elementor-widget-container\">\n\t\t\t\t\t            <div class=\"eael-adv-accordion\" id=\"eael-adv-accordion-d3f295e\" data-scroll-on-click=\"no\" data-scroll-speed=\"300\" data-accordion-id=\"d3f295e\" data-accordion-type=\"accordion\" data-toogle-speed=\"300\">\n            <\/div>\t\t\t\t<\/div>\n\t\t\t\t<\/div>\n\t\t\t\t<div class=\"elementor-element elementor-element-275d495 elementor-widget elementor-widget-eael-adv-accordion\" data-id=\"275d495\" data-element_type=\"widget\" data-e-type=\"widget\" data-settings=\"{&quot;ekit_we_effect_on&quot;:&quot;none&quot;}\" data-widget_type=\"eael-adv-accordion.default\">\n\t\t\t\t<div class=\"elementor-widget-container\">\n\t\t\t\t\t            <div class=\"eael-adv-accordion\" id=\"eael-adv-accordion-275d495\" data-scroll-on-click=\"no\" data-scroll-speed=\"300\" data-accordion-id=\"275d495\" data-accordion-type=\"accordion\" data-toogle-speed=\"300\">\n            <\/div>\t\t\t\t<\/div>\n\t\t\t\t<\/div>\n\t\t\t\t<div class=\"elementor-element elementor-element-a6ec180 elementor-widget elementor-widget-eael-adv-accordion\" data-id=\"a6ec180\" data-element_type=\"widget\" data-e-type=\"widget\" data-settings=\"{&quot;ekit_we_effect_on&quot;:&quot;none&quot;}\" data-widget_type=\"eael-adv-accordion.default\">\n\t\t\t\t<div class=\"elementor-widget-container\">\n\t\t\t\t\t            <div class=\"eael-adv-accordion\" id=\"eael-adv-accordion-a6ec180\" data-scroll-on-click=\"no\" data-scroll-speed=\"300\" data-accordion-id=\"a6ec180\" data-accordion-type=\"accordion\" data-toogle-speed=\"300\">\n            <\/div>\t\t\t\t<\/div>\n\t\t\t\t<\/div>\n\t\t\t\t<div class=\"elementor-element elementor-element-251807e elementor-widget elementor-widget-html\" data-id=\"251807e\" data-element_type=\"widget\" data-e-type=\"widget\" data-settings=\"{&quot;ekit_we_effect_on&quot;:&quot;none&quot;}\" data-widget_type=\"html.default\">\n\t\t\t\t<div class=\"elementor-widget-container\">\n\t\t\t\t\t\n<style>\n#sembox1 .fa-toggle{\n    color:transparent;\n}\n\n.bio{\n    background:#f0f0f0;\n    padding:20px;\n    text-align:justify;\n    margin-top:20px;\n}\np{text-align:justify;}\n.bio img{\n    border-radius:100px;\n    width:80px;\n    float:left;\n       border-radius:100px;\n       border-bottom: 5px solid #005943;\n       margin:0;\n       margin-right:20px;\n       margin-bottom:20px;\n}\n\n.bio p{\n    clear:both;\n    border-top:1px solid #ccc;\n    padding-top:15px;\n}\n\n.bio h3{\n    color:#005943;\n    font-size:20px;\n    padding-bottom:0;\n    margin-bottom:5px;\n}\n.bio h4{\n    font-size:15px;\n    color:#333;\n}\n.bio strong{display:block;border-top:1px solid #ccc;\n    clear:both;\n    padding-top:10px;\n    margin-top:20px;\n}\n.nome{}\n.mes{\n    display:block;\n    font-weight: 400;\n    font-size:13px;\n    padding-bottom: 5px\n}\n.dia{\n    font-size:40px;\n    font-weight: bold\n}\n.hora2{\n    font-weight: 400;\n}\n .hora{\n     font-weight: 400;\n\n    margin-left: 12px;\ntext-align:center;\nborder: 1px solid #005943;\npadding-top:20px;\ncolor:#005943;\nmax-width:20%!important;\nbackground:#fff;\npadding-bottom:30px;\n }\n .titulo{\n\ndisplay:block; \npadding-top:11px;\n font-size:15px;\n     line-height: 17px\n }\n\n.t1{padding-right:0;\n    padding-top:10px;\n}\n.autor{\n    display:block;\n    color:#005943;\n    padding-top:5px;\n    font-size:13px;\n}\n.foto{\n    padding:10px;\n \n}\n.foto img{\n       border-radius:100px;\n       border-bottom: 5px solid #005943;\n}\n.tipo1{\n    \nfont-size:11px;    \nbackground:#005943;\ncolor:#fff;\npadding:3px 7px;\nborder-radius:50px;\nfont-weight: 400;\n;\nmargin-bottom:8px;\n}\n\ntd{    padding: 10px 10px;\n    border: 1px solid #f1f1f1;\n    border-bottom: 0;\n    border-left: 0;\n    background: #f2f2f2!important;\n    margin-top: 8px;\n    display: block;\n \n    border-left: 3px solid #005943!important;\n    border-radius: 50p;\n    color: #000;}\n    \n    td b, td strong{\n    color:#005943;\n    font-size:12px;\n} \n<\/style>\t\t\t\t<\/div>\n\t\t\t\t<\/div>\n\t\t\t\t\t<\/div>\n\t\t<\/div>\n\t\t\t\t<div class=\"elementor-column elementor-col-50 elementor-top-column elementor-element elementor-element-81c5e6f\" data-id=\"81c5e6f\" data-element_type=\"column\" data-e-type=\"column\" id=\"menuside\">\n\t\t\t<div class=\"elementor-widget-wrap elementor-element-populated\">\n\t\t\t\t\t\t<div class=\"elementor-element elementor-element-8510653 elementor-widget elementor-widget-heading\" data-id=\"8510653\" data-element_type=\"widget\" data-e-type=\"widget\" data-settings=\"{&quot;ekit_we_effect_on&quot;:&quot;none&quot;}\" data-widget_type=\"heading.default\">\n\t\t\t\t<div class=\"elementor-widget-container\">\n\t\t\t\t\t<h2 class=\"elementor-heading-title elementor-size-default\">Menu<\/h2>\t\t\t\t<\/div>\n\t\t\t\t<\/div>\n\t\t\t\t<div class=\"elementor-element elementor-element-6a70b81 elementor-align-left elementor-widget elementor-widget-button\" data-id=\"6a70b81\" data-element_type=\"widget\" data-e-type=\"widget\" data-settings=\"{&quot;ekit_we_effect_on&quot;:&quot;none&quot;}\" data-widget_type=\"button.default\">\n\t\t\t\t<div class=\"elementor-widget-container\">\n\t\t\t\t\t\t\t\t\t<div class=\"elementor-button-wrapper\">\n\t\t\t\t\t<a class=\"elementor-button elementor-button-link elementor-size-sm\" href=\"#programacao\">\n\t\t\t\t\t\t<span class=\"elementor-button-content-wrapper\">\n\t\t\t\t\t\t\t\t\t<span class=\"elementor-button-text\">Programa\u00e7\u00e3o<\/span>\n\t\t\t\t\t<\/span>\n\t\t\t\t\t<\/a>\n\t\t\t\t<\/div>\n\t\t\t\t\t\t\t\t<\/div>\n\t\t\t\t<\/div>\n\t\t\t\t\t<\/div>\n\t\t<\/div>\n\t\t\t\t\t<\/div>\n\t\t<\/section>\n\t\t\t\t<\/div>\n\t\t","protected":false},"excerpt":{"rendered":"<p>Forum CPG F\u00f3rum de Coordenadores de P\u00f3s-Gradua\u00e7\u00e3o Programa\u00e7\u00e3o 01Agosto09:00ABERTURACerim\u00f4nia de Abertura 01Agosto09:10PALESTRAP\u00f3s-gradua\u00e7\u00e3o Brasileira em perspectivas: cen\u00e1rios do presente incertezas para o futuro &#8211; Os Desafios da \u00c1rea de Computa\u00e7\u00e3o frente Novo Plano Nacional de P\u00f3s-Gradua\u00e7\u00e3o (PNPG) Prof. Carlos Henrique de Carvalho (UFU); Prof. Paulo Roberto Freire Cunha (UFPE); Prof. Jorge Luis Nicolas Audy (PUCRS) e [&hellip;]<\/p>\n","protected":false},"author":1,"featured_media":0,"parent":0,"menu_order":0,"comment_status":"closed","ping_status":"closed","template":"elementor_header_footer","meta":{"inline_featured_image":false,"footnotes":""},"class_list":["post-6569","page","type-page","status-publish","hentry"],"_links":{"self":[{"href":"https:\/\/csbc.sbc.org.br\/2022\/wp-json\/wp\/v2\/pages\/6569","targetHints":{"allow":["GET"]}}],"collection":[{"href":"https:\/\/csbc.sbc.org.br\/2022\/wp-json\/wp\/v2\/pages"}],"about":[{"href":"https:\/\/csbc.sbc.org.br\/2022\/wp-json\/wp\/v2\/types\/page"}],"author":[{"embeddable":true,"href":"https:\/\/csbc.sbc.org.br\/2022\/wp-json\/wp\/v2\/users\/1"}],"replies":[{"embeddable":true,"href":"https:\/\/csbc.sbc.org.br\/2022\/wp-json\/wp\/v2\/comments?post=6569"}],"version-history":[{"count":10,"href":"https:\/\/csbc.sbc.org.br\/2022\/wp-json\/wp\/v2\/pages\/6569\/revisions"}],"predecessor-version":[{"id":6715,"href":"https:\/\/csbc.sbc.org.br\/2022\/wp-json\/wp\/v2\/pages\/6569\/revisions\/6715"}],"wp:attachment":[{"href":"https:\/\/csbc.sbc.org.br\/2022\/wp-json\/wp\/v2\/media?parent=6569"}],"curies":[{"name":"wp","href":"https:\/\/api.w.org\/{rel}","templated":true}]}}