{"id":1076,"date":"2023-01-30T14:27:14","date_gmt":"2023-01-30T14:27:14","guid":{"rendered":"https:\/\/csbc.sbc.org.br\/2023\/?page_id=1076"},"modified":"2023-08-07T16:09:52","modified_gmt":"2023-08-07T16:09:52","slug":"coloquio-em-blockchain-e-web-descentralizada","status":"publish","type":"page","link":"https:\/\/csbc.sbc.org.br\/2023\/coloquio-em-blockchain-e-web-descentralizada\/","title":{"rendered":"CBlockchain &#8211; Col\u00f3quio em Blockchain e Web Descentralizada"},"content":{"rendered":"\t\t<div data-elementor-type=\"wp-page\" data-elementor-id=\"1076\" class=\"elementor elementor-1076\" data-elementor-post-type=\"page\">\n\t\t\t\t<div class=\"elementor-element elementor-element-39ceafef e-flex e-con-boxed e-con e-parent\" data-id=\"39ceafef\" data-element_type=\"container\" data-e-type=\"container\" data-settings=\"{&quot;background_background&quot;:&quot;video&quot;,&quot;background_video_link&quot;:&quot;https:\\\/\\\/csbc.sbc.org.br\\\/2023\\\/wp-content\\\/uploads\\\/2023\\\/01\\\/O-Circuito-27725.mp4&quot;,&quot;background_play_on_mobile&quot;:&quot;yes&quot;}\">\n\t\t\t\t\t<div class=\"e-con-inner\">\n\t\t<div class=\"elementor-background-video-container\">\n\t\t\t\t\t\t\t<video class=\"elementor-background-video-hosted\" role=\"presentation\" autoplay muted playsinline loop><\/video>\n\t\t\t\t\t<\/div>\t\t<div class=\"elementor-element elementor-element-d50e176 elementor-widget elementor-widget-heading\" data-id=\"d50e176\" data-element_type=\"widget\" data-e-type=\"widget\" data-widget_type=\"heading.default\">\n\t\t\t\t<div class=\"elementor-widget-container\">\n\t\t\t\t\t<h2 class=\"elementor-heading-title elementor-size-default\">CBlockchain &#8211; Col\u00f3quio em Blockchain e Web Descentralizada<\/h2>\t\t\t\t<\/div>\n\t\t\t\t<\/div>\n\t\t\t\t<div class=\"elementor-element elementor-element-22bf223f elementor-widget-divider--view-line elementor-widget elementor-widget-divider\" data-id=\"22bf223f\" data-element_type=\"widget\" data-e-type=\"widget\" data-widget_type=\"divider.default\">\n\t\t\t\t<div class=\"elementor-widget-container\">\n\t\t\t\t\t\t\t<div class=\"elementor-divider\">\n\t\t\t<span class=\"elementor-divider-separator\">\n\t\t\t\t\t\t<\/span>\n\t\t<\/div>\n\t\t\t\t\t\t<\/div>\n\t\t\t\t<\/div>\n\t\t\t\t\t<\/div>\n\t\t\t\t<\/div>\n\t\t<div class=\"elementor-element elementor-element-5884282 e-flex e-con-boxed e-con e-parent\" data-id=\"5884282\" data-element_type=\"container\" data-e-type=\"container\">\n\t\t\t\t\t<div class=\"e-con-inner\">\n\t\t\t\t<div class=\"elementor-element elementor-element-a927925 elementor-widget__width-inherit e-n-tabs-mobile elementor-widget elementor-widget-n-tabs\" data-id=\"a927925\" data-element_type=\"widget\" data-e-type=\"widget\" data-widget_type=\"nested-tabs.default\">\n\t\t\t\t<div class=\"elementor-widget-container\">\n\t\t\t\t\t\t\t<div class=\"e-n-tabs\" data-widget-number=\"177371429\" aria-label=\"Abas. Abra itens com &quot;Enter&quot; ou &quot;Espa\u00e7o&quot;, feche com &quot;Escape&quot; e navegue usando as teclas de &quot;Seta&quot;.\">\n\t\t\t<div class=\"e-n-tabs-heading\" role=\"tablist\">\n\t\t\t\t\t<button id=\"e-n-tab-title-1773714291\" data-tab-title-id=\"e-n-tab-title-1773714291\" class=\"e-n-tab-title elementor-animation-sink\" aria-selected=\"true\" data-tab-index=\"1\" role=\"tab\" tabindex=\"0\" aria-controls=\"e-n-tab-content-1773714291\" style=\"--n-tabs-title-order: 1;\">\n\t\t\t\t\t\t<span class=\"e-n-tab-title-text\">\n\t\t\t\tSobre o evento\t\t\t<\/span>\n\t\t<\/button>\n\t\t\t\t<button id=\"e-n-tab-title-1773714292\" data-tab-title-id=\"e-n-tab-title-1773714292\" class=\"e-n-tab-title elementor-animation-sink\" aria-selected=\"false\" data-tab-index=\"2\" role=\"tab\" tabindex=\"-1\" aria-controls=\"e-n-tab-content-1773714292\" style=\"--n-tabs-title-order: 2;\">\n\t\t\t\t\t\t<span class=\"e-n-tab-title-text\">\n\t\t\t\tChamada de Comunica\u00e7\u00e3o de Pesquisas\t\t\t<\/span>\n\t\t<\/button>\n\t\t\t\t<button id=\"e-n-tab-title-1773714293\" data-tab-title-id=\"e-n-tab-title-1773714293\" class=\"e-n-tab-title elementor-animation-sink\" aria-selected=\"false\" data-tab-index=\"3\" role=\"tab\" tabindex=\"-1\" aria-controls=\"e-n-tab-content-1773714293\" style=\"--n-tabs-title-order: 3;\">\n\t\t\t\t\t\t<span class=\"e-n-tab-title-text\">\n\t\t\t\tT\u00f3picos de Interesse\t\t\t<\/span>\n\t\t<\/button>\n\t\t\t\t<button id=\"e-n-tab-title-1773714294\" data-tab-title-id=\"e-n-tab-title-1773714294\" class=\"e-n-tab-title elementor-animation-sink\" aria-selected=\"false\" data-tab-index=\"4\" role=\"tab\" tabindex=\"-1\" aria-controls=\"e-n-tab-content-1773714294\" style=\"--n-tabs-title-order: 4;\">\n\t\t\t\t\t\t<span class=\"e-n-tab-title-text\">\n\t\t\t\tDatas Importantes\t\t\t<\/span>\n\t\t<\/button>\n\t\t\t\t<button id=\"e-n-tab-title-1773714295\" data-tab-title-id=\"e-n-tab-title-1773714295\" class=\"e-n-tab-title elementor-animation-sink\" aria-selected=\"false\" data-tab-index=\"5\" role=\"tab\" tabindex=\"-1\" aria-controls=\"e-n-tab-content-1773714295\" style=\"--n-tabs-title-order: 5;\">\n\t\t\t\t\t\t<span class=\"e-n-tab-title-text\">\n\t\t\t\tPrograma\u00e7\u00e3o\t\t\t<\/span>\n\t\t<\/button>\n\t\t\t\t<button id=\"e-n-tab-title-1773714296\" data-tab-title-id=\"e-n-tab-title-1773714296\" class=\"e-n-tab-title elementor-animation-sink\" aria-selected=\"false\" data-tab-index=\"6\" role=\"tab\" tabindex=\"-1\" aria-controls=\"e-n-tab-content-1773714296\" style=\"--n-tabs-title-order: 6;\">\n\t\t\t\t\t\t<span class=\"e-n-tab-title-text\">\n\t\t\t\tOrganiza\u00e7\u00e3o\t\t\t<\/span>\n\t\t<\/button>\n\t\t\t\t\t<\/div>\n\t\t\t<div class=\"e-n-tabs-content\">\n\t\t\t\t<div id=\"e-n-tab-content-1773714291\" role=\"tabpanel\" aria-labelledby=\"e-n-tab-title-1773714291\" data-tab-index=\"1\" style=\"--n-tabs-title-order: 1;\" class=\"e-active elementor-element elementor-element-d4b1dc7 e-con-full e-flex e-con e-parent\" data-id=\"d4b1dc7\" data-element_type=\"container\" data-e-type=\"container\">\n\t\t\t\t<div class=\"elementor-element elementor-element-01df104 elementor-widget elementor-widget-text-editor\" data-id=\"01df104\" data-element_type=\"widget\" data-e-type=\"widget\" data-widget_type=\"text-editor.default\">\n\t\t\t\t<div class=\"elementor-widget-container\">\n\t\t\t\t\t\t\t\t\t<p>O Col\u00f3quio em Blockchain e Web Descentralizada \u00e9 um evento sat\u00e9lite do Congresso da Sociedade Brasileira de Computa\u00e7\u00e3o (CSBC). O evento acontecer\u00e1\u00a0 em Jo\u00e3o Pessoa \u2013 Para\u00edba, entre os dias 06 a 11 de agosto, durante o CSBC 2023.<\/p><p>Este encontro ser\u00e1 um espa\u00e7o de comunica\u00e7\u00e3o e trocas de experi\u00eancias entre pesquisadores e profissionais de diferentes \u00e1reas da Computa\u00e7\u00e3o que atuam com a tecnologia Blockchain e a Web Descentralizada. O col\u00f3quio visa a divulga\u00e7\u00e3o de conhecimento, al\u00e9m de forma\u00e7\u00e3o de redes de coopera\u00e7\u00e3o nessa tecnologia disruptiva que \u00e9 transversal a diversas outras \u00e1reas e suscita di\u00e1logos e engajamentos comuns.\u00a0<\/p><p>O Col\u00f3quio ser\u00e1 uma oportunidade para que os atores da academia, protagonistas nessas \u00e1reas e comiss\u00f5es especiais da SBC se unam em torno de a\u00e7\u00f5es comuns para o fomento do ecossistema, das pesquisas e da forma\u00e7\u00e3o em Blockchain no Brasil<\/p>\t\t\t\t\t\t\t\t<\/div>\n\t\t\t\t<\/div>\n\t\t\t\t<\/div>\n\t\t<div id=\"e-n-tab-content-1773714292\" role=\"tabpanel\" aria-labelledby=\"e-n-tab-title-1773714292\" data-tab-index=\"2\" style=\"--n-tabs-title-order: 2;\" class=\" elementor-element elementor-element-1b979f0 e-con-full e-flex e-con e-parent\" data-id=\"1b979f0\" data-element_type=\"container\" data-e-type=\"container\">\n\t\t\t\t<div class=\"elementor-element elementor-element-0396c3f elementor-widget elementor-widget-text-editor\" data-id=\"0396c3f\" data-element_type=\"widget\" data-e-type=\"widget\" data-widget_type=\"text-editor.default\">\n\t\t\t\t<div class=\"elementor-widget-container\">\n\t\t\t\t\t\t\t\t\t<p>As inscri\u00e7\u00f5es para comunica\u00e7\u00e3o de pesquisas est\u00e3o abertas a pesquisadores e profissionais de diferentes \u00e1reas da Computa\u00e7\u00e3o que atuam com Blockchain e Web Descentralizada.\u00a0<\/p><p>Os trabalhos devem ser submetidos na forma de resumos estendidos considerando resultados cient\u00edficos e\/ou tecnol\u00f3gicos. Os textos devem ser elaborados preferencialmente em LaTeX, seguindo o formato de artigos da SBC, com no m\u00e1ximo 06 (seis) p\u00e1ginas incluindo refer\u00eancias, figuras e tabelas. A submiss\u00e3o dos artigos ser\u00e1 eletr\u00f4nica, em formato PDF, e ser\u00e1 feita por meio do sistema JEMS em: <strong><a href=\"https:\/\/jems.sbc.org.br\/home.cgi?c=4258\">https:\/\/jems.sbc.org.br\/home.cgi?c=4258<\/a> <\/strong>.<\/p><p>O trabalho submetido ser\u00e1 revisado com m\u00e9todo\u00a0<em>single-blind<\/em>\u00a0por pelo menos dois revisores, sejam membros do comit\u00ea de programa ou pesquisadores por eles indicados.<\/p>\t\t\t\t\t\t\t\t<\/div>\n\t\t\t\t<\/div>\n\t\t\t\t<\/div>\n\t\t<div id=\"e-n-tab-content-1773714293\" role=\"tabpanel\" aria-labelledby=\"e-n-tab-title-1773714293\" data-tab-index=\"3\" style=\"--n-tabs-title-order: 3;\" class=\" elementor-element elementor-element-8a4678d e-con-full e-flex e-con e-parent\" data-id=\"8a4678d\" data-element_type=\"container\" data-e-type=\"container\">\n\t\t\t\t<div class=\"elementor-element elementor-element-c1dca1d elementor-widget elementor-widget-text-editor\" data-id=\"c1dca1d\" data-element_type=\"widget\" data-e-type=\"widget\" data-widget_type=\"text-editor.default\">\n\t\t\t\t<div class=\"elementor-widget-container\">\n\t\t\t\t\t\t\t\t\t<p>Segue uma lista n\u00e3o exaustiva de t\u00f3picos de interesse (em constru\u00e7\u00e3o):<\/p><ul><li>Algoritmos distribu\u00eddos para blockchain<\/li><li>Aplica\u00e7\u00f5es distribu\u00eddas com blockchain\u00a0<\/li><li>Armazenamento distribu\u00eddo e distributed ledger\u00a0<\/li><li>Arquiteturas distribu\u00eddas com blockchain\u00a0<\/li><li>Ataques em n\u00edvel de rede e aplica\u00e7\u00e3o na blockchain\u00a0<\/li><li>Computa\u00e7\u00e3o em nuvem, n\u00e9voa e borda com blockchain\u00a0<\/li><li>Consenso bizantino para blockchain\u00a0<\/li><li>Consenso baseado em provas para blockchain\u00a0<\/li><li>Consenso baseado em grafos para blockchain\u00a0<\/li><li>Criptografia para blockchain\u00a0<\/li><li>Criptomoedas e aplica\u00e7\u00f5es distribu\u00eddas de pagamento\u00a0<\/li><li>DAPPs \u2013 Aplica\u00e7\u00f5es Descentralizadas<\/li><li>Escalabilidade e desempenho em blockchain\u00a0<\/li><li>Identidade Digital Descentralizada e Auto-soberana<\/li><li>Integra\u00e7\u00e3o de sistemas com blockchain\u00a0<\/li><li>Internet das coisas com blockchain\u00a0<\/li><li>Tokens n\u00e3o fung\u00edveis \u2013 NFTs<\/li><li>Protocolos par-a-par \u2013 P2P\u00a0<\/li><li>Segunda camada e\u00a0<em>rollups<\/em><\/li><li>Seguran\u00e7a da blockchain\u00a0<\/li><li>Seguran\u00e7a de redes com blockchain\u00a0<\/li><li>Redes de blockchain p\u00fablicas e privadas\u00a0<\/li><li>Redes de computadores robustas com blockchain\u00a0<\/li><li>Testes de desempenho (benchmarking)\u00a0<\/li><li>Valida\u00e7\u00e3o experimental e simula\u00e7\u00e3o\u00a0<\/li><li>Virtualiza\u00e7\u00e3o segura com blockchain<\/li><li>Web Descentralizada<\/li><li><em>Zero Knowledge Proofs \u2013\u00a0<\/em>Prova de conhecimento zero<\/li><\/ul>\t\t\t\t\t\t\t\t<\/div>\n\t\t\t\t<\/div>\n\t\t\t\t<\/div>\n\t\t<div id=\"e-n-tab-content-1773714294\" role=\"tabpanel\" aria-labelledby=\"e-n-tab-title-1773714294\" data-tab-index=\"4\" style=\"--n-tabs-title-order: 4;\" class=\" elementor-element elementor-element-d94328e e-con-full e-flex e-con e-parent\" data-id=\"d94328e\" data-element_type=\"container\" data-e-type=\"container\">\n\t\t\t\t<div class=\"elementor-element elementor-element-f4f1506 elementor-widget elementor-widget-text-editor\" data-id=\"f4f1506\" data-element_type=\"widget\" data-e-type=\"widget\" data-widget_type=\"text-editor.default\">\n\t\t\t\t<div class=\"elementor-widget-container\">\n\t\t\t\t\t\t\t\t\t<ul><li>Limite para submiss\u00e3o dos trabalhos: <del>05\/03\/2023\u00a0 <\/del>\u00a0 &#8211;\u00a0 <del>20\/03\/2023 <\/del>\u00a0 &#8211;\u00a0 28\/04\/2023 (Final)<\/li><li>Notifica\u00e7\u00e3o dos trabalhos selecionados: <del>05\/05<\/del>\u00a0 &#8211; 20\/05\/2023<\/li><li>Data limite para envio das vers\u00f5es finais dos trabalhos: <del>16\/05<\/del>\u00a0 &#8211;\u00a0 28\/05\/2023<\/li><li>Prazo de inscri\u00e7\u00e3o autores(as): <del>16\/05<\/del>\u00a0 &#8211;\u00a0 05\/07\/2023<\/li><\/ul>\t\t\t\t\t\t\t\t<\/div>\n\t\t\t\t<\/div>\n\t\t\t\t<\/div>\n\t\t<div id=\"e-n-tab-content-1773714295\" role=\"tabpanel\" aria-labelledby=\"e-n-tab-title-1773714295\" data-tab-index=\"5\" style=\"--n-tabs-title-order: 5;\" class=\" elementor-element elementor-element-1eb4fef e-con-full e-flex e-con e-parent\" data-id=\"1eb4fef\" data-element_type=\"container\" data-e-type=\"container\">\n\t\t\t\t<div class=\"elementor-element elementor-element-f320b68 elementor-widget elementor-widget-text-editor\" data-id=\"f320b68\" data-element_type=\"widget\" data-e-type=\"widget\" data-widget_type=\"text-editor.default\">\n\t\t\t\t<div class=\"elementor-widget-container\">\n\t\t\t\t\t\t\t\t\t<p><span style=\"font-weight: 400;\">Programa\u00e7\u00e3o do Col\u00f3quio em Blockchain e Web Descentralizada (<\/span><b>CBlockchain 2023<\/b><span style=\"font-weight: 400;\">)<\/span><\/p><p><b>Data<\/b><span style=\"font-weight: 400;\">: 11\/08\/2023<\/span><\/p><p style=\"text-align: center;\"><span style=\"color: #000080;\"><b>Programa\u00e7\u00e3o<\/b><\/span><\/p><p><strong>ST1:<\/strong>\u00a009:00-10:30 \u2013 Web Descentralizada e Contratos Inteligentes<\/p><p><strong>Coffee-Break:<\/strong> 10:30-11:00<\/p><p><strong>ST2:<\/strong> 11:00-12:00 \u2013 Aplica\u00e7\u00f5es<\/p><p><strong>Roda de Conversas:<\/strong> 12:00-12:30 \u2013 Compartilhando Experi\u00eancias da Comunidade com Execu\u00e7\u00e3o de Projetos<\/p><p><strong>Almo\u00e7o:<\/strong>\u00a012:30-14:00<\/p><p><strong>ST3:<\/strong> 14:00-15:00 \u2013 Identidade Digital Descentralizada e Consenso Distribu\u00eddos<\/p><p><strong>ST4:<\/strong> 15:00-16:00 \u2013 Redes, Infraestrutura e Cidades Inteligentes<\/p><p><strong>Painel:<\/strong>\u00a016:00-17:00 \u2013\u00a0 Di\u00e1logo com ind\u00fastria, governo, ou terceiro setor \u2013 Laborat\u00f3rio de Inova\u00e7\u00f5es Financeiras e Tecnol\u00f3gicas &#8211; Edmilson Rodrigues (Lovecrypto), Rodrigoh Henriques (Fenasbac) e Marcela Gon\u00e7alves (Multiledgers)<\/p><p style=\"text-align: center;\"><span style=\"color: #000080;\"><b>SESS\u00d5ES T\u00c9CNICAS\u00a0<\/b><\/span><\/p><p><b>ST1: Web Descentralizada e Contratos Inteligentes<\/b><\/p><p><span style=\"font-weight: 400;\">Metaverse and the Web 3: a systematic mapping &#8211; Angelo Coronado (UFG), Sergio Carvalho (UFG), Luciana Berretta (UFG)<\/span><\/p><p><span style=\"font-weight: 400;\">SCMTool: A Graphical Tool for Smart Contract Modeling &#8211; Gislainy Velasco (UFG), Dionatan Alves Vieira (UFG), Marcos Alves Vieira (IFGoiano), Sergio Carvalho (UFG)<\/span><\/p><p><span style=\"font-weight: 400;\">Safe evolution of smart contracts &#8211; Augusto Sampaio (UFPE), Pedro Antonino (The Blockhouse Technology Limited), Juliandson Ferreira (UFPE), Filipe Arruda (UFPE), A.W. Roscoe (University of Oxford)<\/span><\/p><p><span style=\"font-weight: 400;\">Saving gas with a packaging framework for Ethereum transactions &#8211; Bruno Medeiros de Oliveira (UFPE), Pedro Antonino (The Blockhouse Technology Limited), Augusto Sampaio (UFPE)<\/span><\/p><p><b>ST2: Aplica\u00e7\u00f5es<\/b><\/p><div><p dir=\"ltr\">Analise de aplicac\u00f5es blockchain em desenvolvimento de produtos &#8211; Alfredo Colenci Neto (USP), Daniel Amaral (USP), Isabela Piccirillo (USP), Caio Chebel Pelissari (USP)<\/p><\/div><p><span style=\"font-weight: 400;\">Towards a Blockchain-based Software Engineering Education &#8211; Filipe Fernandes (UFRJ), Claudia Werner (UFRJ)<\/span><\/p><p><span style=\"font-weight: 400;\">Gerenciamento de Solicita\u00e7\u00e3o de Medicamento por Via Judicial com Blockchain &#8211; Mario Divino (IFBA), Allan Freitas (IFBA)<\/span><\/p><p><b>ST3: Identidade Digital Descentralizada e Consenso Distribu\u00eddo<\/b><\/p><p><span style=\"font-weight: 400;\">Identidade descentralizada e Blockchain: Um estudo explorat\u00f3rio sobre as oportunidades e desafios das solu\u00e7\u00f5es existentes &#8211; Alan Veloso (UFPA), Ant\u00f4nio Abel\u00e9m (UFPA), Billy Pinheiro (Amachains), Jeffson Sousa (CPQD), Bruno Evaristo (CPQD), Mauricio Pinto (UFPA)\u00a0<\/span><\/p><p><span style=\"font-weight: 400;\">Modelo de ger\u00eancia utilizando identidade autossoberana para transporte: Caso de uso voltado ao ecossistema de um condom\u00ednio de empresas &#8211; Bruno Evaristo (CPQD), Ismael Avila (CPQD), Jeffson Sousa (CPQD)\u00a0<\/span><\/p><p><span style=\"font-weight: 400;\">Estudo de Or\u00e1culos em Neo para Auditoria de Dados de Rob\u00f3tica M\u00f3vel em Locais Remotos &#8211; Mateus Coelho (UFOP), Vitor Coelho (UFF), Igor Coelho (UFF), Bruno Coelho (UFOP)<\/span><\/p><p><b>ST4: Redes, Infraestrutura e Cidades Inteligentes<\/b><\/p><p><span style=\"font-weight: 400;\">Blockchain Usage in Smart Cities: A Systematic Review &#8211; Stefano Momo Loss (UFRN), Nelio Cacho (UFRN), Frederico Lopes (UFRN)<\/span><\/p><p><span style=\"font-weight: 400;\">Monitoramento de Acordos de N\u00edvel de Servi\u00e7o com Conformidade Baseada em Blockchain para Fatiamento de Recursos de Nuvem e Rede &#8211; Jeffson Sousa (CPQD),\u00a0 Andr\u00e9 Defr\u00e9mont (UFPA), Billy Pinheiro (Amachains), Alan Veloso (UFPA),\u00a0 Bruno Evaristo (CPQD), Ant\u00f4nio Abel\u00e9m (UFPA),\u00a0 Rafael Pasquini (UFU)<\/span><\/p><p><span style=\"font-weight: 400;\">Modelagem e Avalia\u00e7\u00e3o de Desempenho de Blockchain Permissionada baseada em Hyperledger Fabric &#8211; Carlos Melo (UFPI), Francisco Airton Silva (UFPI), Glauber Gon\u00e7alves (UFPI), Andr\u00e9 Soares (UFPI)<\/span><\/p>\t\t\t\t\t\t\t\t<\/div>\n\t\t\t\t<\/div>\n\t\t\t\t<\/div>\n\t\t<div id=\"e-n-tab-content-1773714296\" role=\"tabpanel\" aria-labelledby=\"e-n-tab-title-1773714296\" data-tab-index=\"6\" style=\"--n-tabs-title-order: 6;\" class=\" elementor-element elementor-element-301fdcc e-con-full e-flex e-con e-parent\" data-id=\"301fdcc\" data-element_type=\"container\" data-e-type=\"container\">\n\t\t\t\t<div class=\"elementor-element elementor-element-3f54943 elementor-widget elementor-widget-text-editor\" data-id=\"3f54943\" data-element_type=\"widget\" data-e-type=\"widget\" data-widget_type=\"text-editor.default\">\n\t\t\t\t<div class=\"elementor-widget-container\">\n\t\t\t\t\t\t\t\t\t<p><span style=\"color: #000021;\"><strong>Organizadores Gerais:<\/strong><\/span><\/p><p>Fab\u00edola Gon\u00e7alves Pereira Greve\u00a0<em>(UFBA)<\/em>\u00a0\u2013 fabiola@ufba.br<br \/>Allan Edgard Silva Freitas\u00a0<em>(IFBA)<\/em>\u00a0\u2013 allan@ifba.edu.br<br \/>Glauber Dias Gon\u00e7alves\u00a0<em>(UFPI)<\/em>\u00a0\u2013 ggoncalves@ufpi.edu.br<br \/>Igor Machado Coelho\u00a0<em>(UFF)<\/em>\u00a0\u2013 imcoelho@ic.uff.br<\/p><p><strong style=\"color: #000021; text-align: var(--text-align); font-size: 1rem;\">Organizador\u00a0 local:<\/strong><\/p><p>Em constru\u00e7\u00e3o<\/p><p><span style=\"color: #000021;\"><strong>Comit\u00ea de Programa (TPC):<\/strong><\/span><\/p><p>Alex Vieira (UFJF)<br \/>Alfredo Colenci Neto (USP)<br \/>Allan Freitas (IFBA)<br \/>Alysson Bessani (Universidade de Lisboa)<br \/>Ant\u00f4nio Abel\u00e9m (UFPA)<br \/>Billy Pinheiro (Amachains)<br \/>Carlos Ferraz (UFPE)<br \/>Claudio Farias (UFRJ)<br \/>Cristiano Silva (UFSJ)<br \/>Daniel Menasche (UFRJ)<br \/>Diogo Mattos (UFF)<br \/>Eduardo Alchieri (UnB)<br \/>Emanuel Coutinho (UFC)<br \/>Fab\u00edola Greve (UFBA)<br \/>Francisco Sant&#8217;Anna (UERJ)<br \/>Frederico Lopes (UFRN)<br \/>Glauber Gon\u00e7alves (UFPI)<br \/>Igor Coelho (UFF)<br \/>Igor dos Santos (CEFET-RJ)<br \/>Jean Martina (UFSC)<br \/>Jeferson Campos Nobre (UFRGS)<br \/>Leobino Sampaio (UFBA)<br \/>Luciano Porto Barreto (Booking)<br \/>Luiz Fernando Rust da Costa Carmo (INMETRO)<br \/>Nelio Cacho (UFRN)<br \/>Rafael Nasser (PUC-Rio)<br \/>Rodolfo Villa\u00e7a (UFES)<br \/>Rostand Costa (UFPB)<br \/>Sergio Carvalho (UFG)<br \/>Tiago Fran\u00e7a (UFRRJ)<br \/>Vinicius Cunha Borges (UFG)<br \/>Wilson Melo Jr (INMETRO)<\/p><p><span style=\"color: #000021;\"><strong>Contato para d\u00favidas:<\/strong><\/span><\/p><p>Email:\u00a0<a href=\"mailto:coloquioblockchain@gmail.com\"><strong>coloquioblockchain@gmail.com<\/strong><\/a><\/p>\t\t\t\t\t\t\t\t<\/div>\n\t\t\t\t<\/div>\n\t\t\t\t<\/div>\n\t\t\t\t\t<\/div>\n\t\t<\/div>\n\t\t\t\t\t\t<\/div>\n\t\t\t\t<\/div>\n\t\t\t\t\t<\/div>\n\t\t\t\t<\/div>\n\t\t\t\t<\/div>\n\t\t","protected":false},"excerpt":{"rendered":"<p>Sobre o evento Chamada de Comunica\u00e7\u00e3o de Pesquisas T\u00f3picos de Interesse Datas Importantes Programa\u00e7\u00e3o Organiza\u00e7\u00e3o Sobre o evento O Col\u00f3quio em Blockchain e Web Descentralizada \u00e9 um evento sat\u00e9lite do Congresso da Sociedade Brasileira de Computa\u00e7\u00e3o (CSBC). O evento acontecer\u00e1\u00a0 em Jo\u00e3o Pessoa \u2013 Para\u00edba, entre os dias 06 a 11 de agosto, durante o [&hellip;]<\/p>\n","protected":false},"author":1,"featured_media":0,"parent":0,"menu_order":0,"comment_status":"closed","ping_status":"closed","template":"","meta":{"footnotes":""},"folder":[12],"class_list":["post-1076","page","type-page","status-publish","hentry"],"_links":{"self":[{"href":"https:\/\/csbc.sbc.org.br\/2023\/wp-json\/wp\/v2\/pages\/1076","targetHints":{"allow":["GET"]}}],"collection":[{"href":"https:\/\/csbc.sbc.org.br\/2023\/wp-json\/wp\/v2\/pages"}],"about":[{"href":"https:\/\/csbc.sbc.org.br\/2023\/wp-json\/wp\/v2\/types\/page"}],"author":[{"embeddable":true,"href":"https:\/\/csbc.sbc.org.br\/2023\/wp-json\/wp\/v2\/users\/1"}],"replies":[{"embeddable":true,"href":"https:\/\/csbc.sbc.org.br\/2023\/wp-json\/wp\/v2\/comments?post=1076"}],"version-history":[{"count":75,"href":"https:\/\/csbc.sbc.org.br\/2023\/wp-json\/wp\/v2\/pages\/1076\/revisions"}],"predecessor-version":[{"id":3901,"href":"https:\/\/csbc.sbc.org.br\/2023\/wp-json\/wp\/v2\/pages\/1076\/revisions\/3901"}],"wp:attachment":[{"href":"https:\/\/csbc.sbc.org.br\/2023\/wp-json\/wp\/v2\/media?parent=1076"}],"wp:term":[{"taxonomy":"folder","embeddable":true,"href":"https:\/\/csbc.sbc.org.br\/2023\/wp-json\/wp\/v2\/folder?post=1076"}],"curies":[{"name":"wp","href":"https:\/\/api.w.org\/{rel}","templated":true}]}}