{"id":1138,"date":"2023-01-30T15:08:37","date_gmt":"2023-01-30T15:08:37","guid":{"rendered":"https:\/\/csbc.sbc.org.br\/2023\/?page_id=1138"},"modified":"2023-07-06T15:02:40","modified_gmt":"2023-07-06T15:02:40","slug":"seminario-sobre-oportunidades-e-desafios-da-ciencia-aberta-na-computacao","status":"publish","type":"page","link":"https:\/\/csbc.sbc.org.br\/2023\/seminario-sobre-oportunidades-e-desafios-da-ciencia-aberta-na-computacao\/","title":{"rendered":"Semin\u00e1rio sobre Oportunidades e Desafios da Ci\u00eancia Aberta na Computa\u00e7\u00e3o"},"content":{"rendered":"\t\t<div data-elementor-type=\"wp-page\" data-elementor-id=\"1138\" class=\"elementor elementor-1138\" data-elementor-post-type=\"page\">\n\t\t\t\t<div class=\"elementor-element elementor-element-39ceafef e-flex e-con-boxed e-con e-parent\" data-id=\"39ceafef\" data-element_type=\"container\" data-e-type=\"container\" data-settings=\"{&quot;background_background&quot;:&quot;video&quot;,&quot;background_video_link&quot;:&quot;https:\\\/\\\/csbc.sbc.org.br\\\/2023\\\/wp-content\\\/uploads\\\/2023\\\/01\\\/O-Circuito-27725.mp4&quot;,&quot;background_play_on_mobile&quot;:&quot;yes&quot;}\">\n\t\t\t\t\t<div class=\"e-con-inner\">\n\t\t<div class=\"elementor-background-video-container\">\n\t\t\t\t\t\t\t<video class=\"elementor-background-video-hosted\" role=\"presentation\" autoplay muted playsinline loop><\/video>\n\t\t\t\t\t<\/div>\t\t<div class=\"elementor-element elementor-element-d50e176 elementor-widget elementor-widget-heading\" data-id=\"d50e176\" data-element_type=\"widget\" data-e-type=\"widget\" data-widget_type=\"heading.default\">\n\t\t\t\t<div class=\"elementor-widget-container\">\n\t\t\t\t\t<h2 class=\"elementor-heading-title elementor-size-default\">Semin\u00e1rio sobre Oportunidades e Desafios da Ci\u00eancia Aberta na Computa\u00e7\u00e3o<\/h2>\t\t\t\t<\/div>\n\t\t\t\t<\/div>\n\t\t\t\t<div class=\"elementor-element elementor-element-22bf223f elementor-widget-divider--view-line elementor-widget elementor-widget-divider\" data-id=\"22bf223f\" data-element_type=\"widget\" data-e-type=\"widget\" data-widget_type=\"divider.default\">\n\t\t\t\t<div class=\"elementor-widget-container\">\n\t\t\t\t\t\t\t<div class=\"elementor-divider\">\n\t\t\t<span class=\"elementor-divider-separator\">\n\t\t\t\t\t\t<\/span>\n\t\t<\/div>\n\t\t\t\t\t\t<\/div>\n\t\t\t\t<\/div>\n\t\t\t\t\t<\/div>\n\t\t\t\t<\/div>\n\t\t<div class=\"elementor-element elementor-element-5884282 e-flex e-con-boxed e-con e-parent\" data-id=\"5884282\" data-element_type=\"container\" data-e-type=\"container\">\n\t\t\t\t\t<div class=\"e-con-inner\">\n\t\t\t\t<div class=\"elementor-element elementor-element-a927925 elementor-widget__width-inherit e-n-tabs-mobile elementor-widget elementor-widget-n-tabs\" data-id=\"a927925\" data-element_type=\"widget\" data-e-type=\"widget\" data-widget_type=\"nested-tabs.default\">\n\t\t\t\t<div class=\"elementor-widget-container\">\n\t\t\t\t\t\t\t<div class=\"e-n-tabs\" data-widget-number=\"177371429\" aria-label=\"Abas. Abra itens com &quot;Enter&quot; ou &quot;Espa\u00e7o&quot;, feche com &quot;Escape&quot; e navegue usando as teclas de &quot;Seta&quot;.\">\n\t\t\t<div class=\"e-n-tabs-heading\" role=\"tablist\">\n\t\t\t\t\t<button id=\"e-n-tab-title-1773714291\" data-tab-title-id=\"e-n-tab-title-1773714291\" class=\"e-n-tab-title elementor-animation-sink\" aria-selected=\"true\" data-tab-index=\"1\" role=\"tab\" tabindex=\"0\" aria-controls=\"e-n-tab-content-1773714291\" style=\"--n-tabs-title-order: 1;\">\n\t\t\t\t\t\t<span class=\"e-n-tab-title-text\">\n\t\t\t\tSobre o evento\t\t\t<\/span>\n\t\t<\/button>\n\t\t\t\t<button id=\"e-n-tab-title-1773714292\" data-tab-title-id=\"e-n-tab-title-1773714292\" class=\"e-n-tab-title elementor-animation-sink\" aria-selected=\"false\" data-tab-index=\"2\" role=\"tab\" tabindex=\"-1\" aria-controls=\"e-n-tab-content-1773714292\" style=\"--n-tabs-title-order: 2;\">\n\t\t\t\t\t\t<span class=\"e-n-tab-title-text\">\n\t\t\t\tPrograma\u00e7\u00e3o\t\t\t<\/span>\n\t\t<\/button>\n\t\t\t\t<button id=\"e-n-tab-title-1773714293\" data-tab-title-id=\"e-n-tab-title-1773714293\" class=\"e-n-tab-title elementor-animation-sink\" aria-selected=\"false\" data-tab-index=\"3\" role=\"tab\" tabindex=\"-1\" aria-controls=\"e-n-tab-content-1773714293\" style=\"--n-tabs-title-order: 3;\">\n\t\t\t\t\t\t<span class=\"e-n-tab-title-text\">\n\t\t\t\tOrganiza\u00e7\u00e3o\t\t\t<\/span>\n\t\t<\/button>\n\t\t\t\t\t<\/div>\n\t\t\t<div class=\"e-n-tabs-content\">\n\t\t\t\t<div id=\"e-n-tab-content-1773714291\" role=\"tabpanel\" aria-labelledby=\"e-n-tab-title-1773714291\" data-tab-index=\"1\" style=\"--n-tabs-title-order: 1;\" class=\"e-active elementor-element elementor-element-d4b1dc7 e-con-full e-flex e-con e-parent\" data-id=\"d4b1dc7\" data-element_type=\"container\" data-e-type=\"container\">\n\t\t\t\t<div class=\"elementor-element elementor-element-01df104 elementor-widget elementor-widget-text-editor\" data-id=\"01df104\" data-element_type=\"widget\" data-e-type=\"widget\" data-widget_type=\"text-editor.default\">\n\t\t\t\t<div class=\"elementor-widget-container\">\n\t\t\t\t\t\t\t\t\t<p>O\u00a0<strong>Movimento de Ci\u00eancia Aberta<\/strong>\u00a0tem sido amplamente discutido pela comunidade cient\u00edfica internacional, por\u00e9m ainda \u00e9 pouco conhecido pela comunidade brasileira de Computa\u00e7\u00e3o. O termo\u00a0<strong>Ci\u00eancia Aberta<\/strong>\u00a0parte do pressuposto que a ci\u00eancia \u00e9 um bem comum, e que todos os insumos, processos e resultados associados a alguma atividade de pesquisa devem ser p\u00fablicos e abertos a todos, respeitando-se restri\u00e7\u00f5es \u00e9ticas e legais. A ideia principal \u00e9 que a pr\u00e1tica cient\u00edfica exige colabora\u00e7\u00e3o entre todos os atores envolvidos na atividade de pesquisa (pesquisadores, financiadores, legisladores, gestores, dentre outros). A colabora\u00e7\u00e3o se estende a toda a Sociedade, a principal benefici\u00e1ria dos resultados do avan\u00e7o no conhecimento cient\u00edfico. Nesse contexto, o objetivo principal da primeira edi\u00e7\u00e3o do semin\u00e1rio\u00a0<strong>Oportunidades e Desafios da Ci\u00eancia Aberta na Computa\u00e7\u00e3o<\/strong>\u00a0\u00e9 apresentar princ\u00edpios, oportunidades e desafios da Ci\u00eancia Aberta para a comunidade da SBC e discutir como a SBC pode contribuir para sua dissemina\u00e7\u00e3o e implanta\u00e7\u00e3o no Brasil.<\/p>\t\t\t\t\t\t\t\t<\/div>\n\t\t\t\t<\/div>\n\t\t\t\t<\/div>\n\t\t<div id=\"e-n-tab-content-1773714292\" role=\"tabpanel\" aria-labelledby=\"e-n-tab-title-1773714292\" data-tab-index=\"2\" style=\"--n-tabs-title-order: 2;\" class=\" elementor-element elementor-element-88bed29 e-con-full e-flex e-con e-parent\" data-id=\"88bed29\" data-element_type=\"container\" data-e-type=\"container\">\n\t\t\t\t<div class=\"elementor-element elementor-element-f9f087c elementor-widget elementor-widget-text-editor\" data-id=\"f9f087c\" data-element_type=\"widget\" data-e-type=\"widget\" data-widget_type=\"text-editor.default\">\n\t\t\t\t<div class=\"elementor-widget-container\">\n\t\t\t\t\t\t\t\t\t<h4><b>Programa\u00e7\u00e3o<\/b><\/h4><h5><b>Turno Vespertino (quinta-feira, 10\/08\/2023)<\/b><\/h5><p><span style=\"font-weight: 400;\">14:00 &#8211; Abertura (Organizadores)<\/span><\/p><p><span style=\"font-weight: 400;\">14:10 &#8211; Palestra: <\/span><b>Ci\u00eancia Aberta: Cr\u00f4nica de uma pesquisadora brasileira em CC<br \/><\/b><i><span style=\"font-weight: 400;\">Palestrante: <\/span><\/i><i><span style=\"font-weight: 400;\">Christina von Flach\/UFBA (<\/span><\/i><i><span style=\"font-weight: 400;\">Chair: Paulo Meirelles\/USP<\/span><\/i><i><span style=\"font-weight: 400;\">)<\/span><\/i><\/p><p><span style=\"font-weight: 400;\">15:00 &#8211; Palestra: <\/span><b>Infraestruturas para Ci\u00eancia Aberta<br \/><\/b><i><span style=\"font-weight: 400;\">Palestrante: Claudia Bauzer Medeiros\/UNICAMP (<\/span><\/i><i><span style=\"font-weight: 400;\">Chair<\/span><\/i><i><span style=\"font-weight: 400;\">: <\/span><\/i><i><span style=\"font-weight: 400;\">Edson Oliveira\/UEM<\/span><\/i><i><span style=\"font-weight: 400;\">)<\/span><\/i><\/p><p><span style=\"font-weight: 400;\">16:00 &#8211; Coffee-break<\/span><\/p><p><span style=\"font-weight: 400;\">16:30\u00a0 &#8211; Painel: <\/span><b>Ci\u00eancia Aberta e a SBC<\/b><span style=\"font-weight: 400;\"> &#8211; <\/span><b>\u00a0Oportunidades e Desafios<br \/><\/b><span style=\"font-weight: 400;\">Moderadora: Claudia Bauzer Medeiros (UNICAMP)<br \/><\/span><span style=\"font-weight: 400;\">Representante da Diretoria SBC: Andr\u00e9 Carlos Ponce de Leon Ferreira de Carvalho (ICMC-USP)<br \/><\/span><span style=\"font-weight: 400;\">Representante FAPESP: Fabio Kon (IME-USP)<br \/><\/span><span style=\"font-weight: 400;\">Representante de outra \u00e1rea: Maria Luiza Machado Campos (UFRJ)<br \/><\/span><span style=\"font-weight: 400;\">Representante local: Guido Lemos (UFPB e Secret\u00e1rio de Ci\u00eancia e Tecnologia de Jo\u00e3o Pessoa)<\/span><\/p><p><span style=\"font-weight: 400;\">18:20 &#8211; Encerramento\u00a0 (Organizadores)<\/span><\/p>\t\t\t\t\t\t\t\t<\/div>\n\t\t\t\t<\/div>\n\t\t\t\t<\/div>\n\t\t<div id=\"e-n-tab-content-1773714293\" role=\"tabpanel\" aria-labelledby=\"e-n-tab-title-1773714293\" data-tab-index=\"3\" style=\"--n-tabs-title-order: 3;\" class=\" elementor-element elementor-element-4886012 e-con-full e-flex e-con e-parent\" data-id=\"4886012\" data-element_type=\"container\" data-e-type=\"container\">\n\t\t\t\t<div class=\"elementor-element elementor-element-88e880a elementor-widget elementor-widget-text-editor\" data-id=\"88e880a\" data-element_type=\"widget\" data-e-type=\"widget\" data-widget_type=\"text-editor.default\">\n\t\t\t\t<div class=\"elementor-widget-container\">\n\t\t\t\t\t\t\t\t\t<p><span style=\"color: #000021;\"><strong>Organizadores Gerais:<\/strong><\/span><\/p><p>Claudia Maria Bauzer Medeiros (UNICAMP) \u2013\u00a0<a href=\"mailto:cmbm@ic.unicamp.br\">cmbm@ic.unicamp.br<\/a>\u00a0(Co-coordenadora)<br \/>Christina von Flach Garcia Chavez (UFBA) \u2013\u00a0<a href=\"mailto:flach@ufba.br\">flach@ufba.br<\/a>\u00a0(Co-coordenadora)<br \/>Edson Alves de Oliveira Junior (UEM) \u2013\u00a0<a href=\"mailto:edson@din.uem.br\">edson@din.uem.br<\/a><br \/>Paulo\u00a0Roberto Miranda Meirelles (USP) &#8211;\u00a0<a href=\"mailto:paulormm@ime.usp.br\" target=\"_blank\" rel=\"noopener noreferrer\">paulormm@ime.usp.br<\/a><\/p>\t\t\t\t\t\t\t\t<\/div>\n\t\t\t\t<\/div>\n\t\t\t\t<\/div>\n\t\t\t\t\t<\/div>\n\t\t<\/div>\n\t\t\t\t\t\t<\/div>\n\t\t\t\t<\/div>\n\t\t\t\t\t<\/div>\n\t\t\t\t<\/div>\n\t\t\t\t<\/div>\n\t\t","protected":false},"excerpt":{"rendered":"<p>Sobre o evento Programa\u00e7\u00e3o Organiza\u00e7\u00e3o Sobre o evento O\u00a0Movimento de Ci\u00eancia Aberta\u00a0tem sido amplamente discutido pela comunidade cient\u00edfica internacional, por\u00e9m ainda \u00e9 pouco conhecido pela comunidade brasileira de Computa\u00e7\u00e3o. O termo\u00a0Ci\u00eancia Aberta\u00a0parte do pressuposto que a ci\u00eancia \u00e9 um bem comum, e que todos os insumos, processos e resultados associados a alguma atividade de pesquisa [&hellip;]<\/p>\n","protected":false},"author":1,"featured_media":0,"parent":0,"menu_order":0,"comment_status":"closed","ping_status":"closed","template":"","meta":{"footnotes":""},"folder":[12],"class_list":["post-1138","page","type-page","status-publish","hentry"],"_links":{"self":[{"href":"https:\/\/csbc.sbc.org.br\/2023\/wp-json\/wp\/v2\/pages\/1138","targetHints":{"allow":["GET"]}}],"collection":[{"href":"https:\/\/csbc.sbc.org.br\/2023\/wp-json\/wp\/v2\/pages"}],"about":[{"href":"https:\/\/csbc.sbc.org.br\/2023\/wp-json\/wp\/v2\/types\/page"}],"author":[{"embeddable":true,"href":"https:\/\/csbc.sbc.org.br\/2023\/wp-json\/wp\/v2\/users\/1"}],"replies":[{"embeddable":true,"href":"https:\/\/csbc.sbc.org.br\/2023\/wp-json\/wp\/v2\/comments?post=1138"}],"version-history":[{"count":17,"href":"https:\/\/csbc.sbc.org.br\/2023\/wp-json\/wp\/v2\/pages\/1138\/revisions"}],"predecessor-version":[{"id":3220,"href":"https:\/\/csbc.sbc.org.br\/2023\/wp-json\/wp\/v2\/pages\/1138\/revisions\/3220"}],"wp:attachment":[{"href":"https:\/\/csbc.sbc.org.br\/2023\/wp-json\/wp\/v2\/media?parent=1138"}],"wp:term":[{"taxonomy":"folder","embeddable":true,"href":"https:\/\/csbc.sbc.org.br\/2023\/wp-json\/wp\/v2\/folder?post=1138"}],"curies":[{"name":"wp","href":"https:\/\/api.w.org\/{rel}","templated":true}]}}