{"id":14,"date":"2023-01-18T20:03:50","date_gmt":"2023-01-18T20:03:50","guid":{"rendered":"https:\/\/csbc.sbc.org.br\/2023\/?page_id=14"},"modified":"2023-07-06T14:52:50","modified_gmt":"2023-07-06T14:52:50","slug":"csbc-2023","status":"publish","type":"page","link":"https:\/\/csbc.sbc.org.br\/2023\/csbc-2023\/","title":{"rendered":"CSBC 2023"},"content":{"rendered":"\t\t<div data-elementor-type=\"wp-page\" data-elementor-id=\"14\" class=\"elementor elementor-14\" data-elementor-post-type=\"page\">\n\t\t\t\t<div class=\"elementor-element elementor-element-25d8930 e-flex e-con-boxed e-con e-parent\" data-id=\"25d8930\" data-element_type=\"container\" data-e-type=\"container\" data-settings=\"{&quot;background_background&quot;:&quot;video&quot;,&quot;background_video_link&quot;:&quot;https:\\\/\\\/csbc.sbc.org.br\\\/2023\\\/wp-content\\\/uploads\\\/2023\\\/01\\\/O-Circuito-27725.mp4&quot;,&quot;background_play_on_mobile&quot;:&quot;yes&quot;}\">\n\t\t\t\t\t<div class=\"e-con-inner\">\n\t\t<div class=\"elementor-background-video-container\">\n\t\t\t\t\t\t\t<video class=\"elementor-background-video-hosted\" role=\"presentation\" autoplay muted playsinline loop><\/video>\n\t\t\t\t\t<\/div>\t\t<div class=\"elementor-element elementor-element-3124917 elementor-widget elementor-widget-heading\" data-id=\"3124917\" data-element_type=\"widget\" data-e-type=\"widget\" data-widget_type=\"heading.default\">\n\t\t\t\t<div class=\"elementor-widget-container\">\n\t\t\t\t\t<h2 class=\"elementor-heading-title elementor-size-default\">Sobre o <b> CSBC<\/B><\/h2>\t\t\t\t<\/div>\n\t\t\t\t<\/div>\n\t\t\t\t<div class=\"elementor-element elementor-element-d1ec013 elementor-widget-divider--view-line elementor-widget elementor-widget-divider\" data-id=\"d1ec013\" data-element_type=\"widget\" data-e-type=\"widget\" data-widget_type=\"divider.default\">\n\t\t\t\t<div class=\"elementor-widget-container\">\n\t\t\t\t\t\t\t<div class=\"elementor-divider\">\n\t\t\t<span class=\"elementor-divider-separator\">\n\t\t\t\t\t\t<\/span>\n\t\t<\/div>\n\t\t\t\t\t\t<\/div>\n\t\t\t\t<\/div>\n\t\t\t\t\t<\/div>\n\t\t\t\t<\/div>\n\t\t<div class=\"elementor-element elementor-element-761706d e-flex e-con-boxed e-con e-parent\" data-id=\"761706d\" data-element_type=\"container\" data-e-type=\"container\">\n\t\t\t\t\t<div class=\"e-con-inner\">\n\t\t\t\t<div class=\"elementor-element elementor-element-edee2a9 elementor-widget__width-initial elementor-widget elementor-widget-text-editor\" data-id=\"edee2a9\" data-element_type=\"widget\" data-e-type=\"widget\" data-widget_type=\"text-editor.default\">\n\t\t\t\t<div class=\"elementor-widget-container\">\n\t\t\t\t\t\t\t\t\t<p dir=\"ltr\">O Congresso da Sociedade Brasileira de Computa\u00e7\u00e3o (CSBC) \u00e9 o maior evento cient\u00edfico em Ci\u00eancia da Computa\u00e7\u00e3o da Am\u00e9rica Latina. Realizado desde a funda\u00e7\u00e3o da SBC em 1978 do CSBC, o evento re\u00fane cientistas, engenheiros, pesquisadores, professores, estudantes, empresas e empreendedores visando explorar, demonstrar e debater sobre o estado da arte em computa\u00e7\u00e3o, bem como para identificar os t\u00f3picos de pesquisa emergentes e quest\u00f5es abertas para pesquisas futuras. \u00c9 um evento abrangente com palestras de pesquisadores e profissionais renomados, acompanhados por diversos workshops, demonstra\u00e7\u00f5es e pain\u00e9is tem\u00e1ticos\u00a0 para engajar, construir, desenvolver e aprender com toda a comunidade de TI brasileira nas mais diversas \u00e1reas. A cada ano, a confer\u00eancia re\u00fane estudiosos reconhecidos pela suas contribui\u00e7\u00f5es para o rigor da teoria e relev\u00e2ncia da pr\u00e1tica, seu foco em t\u00f3picos importantes e oportunos e a qualidade de seus escritos.<\/p>\t\t\t\t\t\t\t\t<\/div>\n\t\t\t\t<\/div>\n\t\t\t\t<div class=\"elementor-element elementor-element-8ededbe elementor-widget__width-initial elementor-widget elementor-widget-image\" data-id=\"8ededbe\" data-element_type=\"widget\" data-e-type=\"widget\" data-widget_type=\"image.default\">\n\t\t\t\t<div class=\"elementor-widget-container\">\n\t\t\t\t\t\t\t\t\t\t\t\t\t\t\t<img fetchpriority=\"high\" decoding=\"async\" width=\"901\" height=\"442\" src=\"https:\/\/csbc.sbc.org.br\/2023\/wp-content\/uploads\/2023\/07\/CSBC-3.png\" class=\"attachment-full size-full wp-image-3110\" alt=\"\" srcset=\"https:\/\/csbc.sbc.org.br\/2023\/wp-content\/uploads\/2023\/07\/CSBC-3.png 901w, https:\/\/csbc.sbc.org.br\/2023\/wp-content\/uploads\/2023\/07\/CSBC-3-300x147.png 300w, https:\/\/csbc.sbc.org.br\/2023\/wp-content\/uploads\/2023\/07\/CSBC-3-768x377.png 768w\" sizes=\"(max-width: 901px) 100vw, 901px\" \/>\t\t\t\t\t\t\t\t\t\t\t\t\t\t\t<\/div>\n\t\t\t\t<\/div>\n\t\t\t\t<div class=\"elementor-element elementor-element-a3ea947 elementor-widget__width-inherit elementor-widget elementor-widget-heading\" data-id=\"a3ea947\" data-element_type=\"widget\" data-e-type=\"widget\" data-widget_type=\"heading.default\">\n\t\t\t\t<div class=\"elementor-widget-container\">\n\t\t\t\t\t<h2 class=\"elementor-heading-title elementor-size-default\">Sobre o tema do CSBC 2023<\/h2>\t\t\t\t<\/div>\n\t\t\t\t<\/div>\n\t\t\t\t<div class=\"elementor-element elementor-element-c7a9ca7 elementor-widget__width-inherit elementor-widget-divider--view-line elementor-widget elementor-widget-divider\" data-id=\"c7a9ca7\" data-element_type=\"widget\" data-e-type=\"widget\" data-widget_type=\"divider.default\">\n\t\t\t\t<div class=\"elementor-widget-container\">\n\t\t\t\t\t\t\t<div class=\"elementor-divider\">\n\t\t\t<span class=\"elementor-divider-separator\">\n\t\t\t\t\t\t<\/span>\n\t\t<\/div>\n\t\t\t\t\t\t<\/div>\n\t\t\t\t<\/div>\n\t\t\t\t<div class=\"elementor-element elementor-element-d0b144c elementor-widget__width-initial elementor-widget elementor-widget-text-editor\" data-id=\"d0b144c\" data-element_type=\"widget\" data-e-type=\"widget\" data-widget_type=\"text-editor.default\">\n\t\t\t\t<div class=\"elementor-widget-container\">\n\t\t\t\t\t\t\t\t\t<p dir=\"ltr\">Em sua 43\u00aa edi\u00e7\u00e3o, o Congresso da Sociedade Brasileira de Computa\u00e7\u00e3o (CSBC) tem como tema central \u201cOportunidades e desafios da integra\u00e7\u00e3o dos mundos f\u00edsico e digital\u201d. Esse tema emergente aborda sistemas com componentes f\u00edsicos distribu\u00eddos geograficamente, interconectados por meio de redes de comunica\u00e7\u00e3o, formando infraestruturas descentralizadas e colaborativas. Essas caracter\u00edsticas est\u00e3o presentes em ambientes como a ind\u00fastria 4.0, realidade virtual e aumentada, metaverso, entre outros. Essas tecnologias encontram aplica\u00e7\u00e3o em setores estrat\u00e9gicos para o pa\u00eds, como manufatura, transporte, sa\u00fade, controle ambiental, entretenimento, com\u00e9rcio e seguran\u00e7a. Dominar essas tecnologias \u00e9, portanto, de suma import\u00e2ncia para o desenvolvimento social e econ\u00f4mico do Brasil.<\/p><p dir=\"ltr\">O CSBC ser\u00e1 sediado pela primeira vez em Jo\u00e3o Pessoa, capital do estado da Para\u00edba. Cidade com o local mais oriental das Am\u00e9ricas, simbolizado pelo farol do Cabo Branco. A cidade oferece um ambiente acolhedor e inspirador para discutir as oportunidades e desafios da integra\u00e7\u00e3o dos mundos f\u00edsico e digital.\u00a0 Junte-se a n\u00f3s em Jo\u00e3o Pessoa e seja protagonista na constru\u00e7\u00e3o de um futuro tecnol\u00f3gico promissor e conectado.<\/p>\t\t\t\t\t\t\t\t<\/div>\n\t\t\t\t<\/div>\n\t\t\t\t\t<\/div>\n\t\t\t\t<\/div>\n\t\t<div class=\"elementor-element elementor-element-ee67fef e-con-full e-flex e-con e-parent\" data-id=\"ee67fef\" data-element_type=\"container\" data-e-type=\"container\">\n\t\t\t\t<div class=\"elementor-element elementor-element-efa027c elementor-arrows-position-inside elementor-widget elementor-widget-image-carousel\" data-id=\"efa027c\" data-element_type=\"widget\" data-e-type=\"widget\" data-settings=\"{&quot;slides_to_show&quot;:&quot;4&quot;,&quot;navigation&quot;:&quot;arrows&quot;,&quot;autoplay&quot;:&quot;yes&quot;,&quot;pause_on_hover&quot;:&quot;yes&quot;,&quot;pause_on_interaction&quot;:&quot;yes&quot;,&quot;autoplay_speed&quot;:5000,&quot;infinite&quot;:&quot;yes&quot;,&quot;speed&quot;:500}\" data-widget_type=\"image-carousel.default\">\n\t\t\t\t<div class=\"elementor-widget-container\">\n\t\t\t\t\t\t\t<div class=\"elementor-image-carousel-wrapper swiper\" role=\"region\" aria-roledescription=\"carousel\" aria-label=\"Carrossel de imagens\" dir=\"ltr\">\n\t\t\t<div class=\"elementor-image-carousel swiper-wrapper\" aria-live=\"off\">\n\t\t\t\t\t\t\t\t<div class=\"swiper-slide\" role=\"group\" aria-roledescription=\"slide\" aria-label=\"1 de 9\"><figure class=\"swiper-slide-inner\"><img decoding=\"async\" class=\"swiper-slide-image\" src=\"https:\/\/csbc.sbc.org.br\/2023\/wp-content\/uploads\/2023\/01\/MG_8144.jpg\" alt=\"_MG_8144\" \/><\/figure><\/div><div class=\"swiper-slide\" role=\"group\" aria-roledescription=\"slide\" aria-label=\"2 de 9\"><figure class=\"swiper-slide-inner\"><img decoding=\"async\" class=\"swiper-slide-image\" src=\"https:\/\/csbc.sbc.org.br\/2023\/wp-content\/uploads\/2023\/01\/MG_8163.jpg\" alt=\"_MG_8163\" \/><\/figure><\/div><div class=\"swiper-slide\" role=\"group\" aria-roledescription=\"slide\" aria-label=\"3 de 9\"><figure class=\"swiper-slide-inner\"><img decoding=\"async\" class=\"swiper-slide-image\" src=\"https:\/\/csbc.sbc.org.br\/2023\/wp-content\/uploads\/2023\/01\/MG_8229.jpg\" alt=\"_MG_8229\" \/><\/figure><\/div><div class=\"swiper-slide\" role=\"group\" aria-roledescription=\"slide\" aria-label=\"4 de 9\"><figure class=\"swiper-slide-inner\"><img decoding=\"async\" class=\"swiper-slide-image\" src=\"https:\/\/csbc.sbc.org.br\/2023\/wp-content\/uploads\/2023\/01\/MG_8230.jpg\" alt=\"_MG_8230\" \/><\/figure><\/div><div class=\"swiper-slide\" role=\"group\" aria-roledescription=\"slide\" aria-label=\"5 de 9\"><figure class=\"swiper-slide-inner\"><img decoding=\"async\" class=\"swiper-slide-image\" src=\"https:\/\/csbc.sbc.org.br\/2023\/wp-content\/uploads\/2023\/01\/MG_8231.jpg\" alt=\"_MG_8231\" \/><\/figure><\/div><div class=\"swiper-slide\" role=\"group\" aria-roledescription=\"slide\" aria-label=\"6 de 9\"><figure class=\"swiper-slide-inner\"><img decoding=\"async\" class=\"swiper-slide-image\" src=\"https:\/\/csbc.sbc.org.br\/2023\/wp-content\/uploads\/2023\/01\/MG_8257.jpg\" alt=\"_MG_8257\" \/><\/figure><\/div><div class=\"swiper-slide\" role=\"group\" aria-roledescription=\"slide\" aria-label=\"7 de 9\"><figure class=\"swiper-slide-inner\"><img decoding=\"async\" class=\"swiper-slide-image\" src=\"https:\/\/csbc.sbc.org.br\/2023\/wp-content\/uploads\/2023\/01\/MG_8032.jpg\" alt=\"_MG_8032\" \/><\/figure><\/div><div class=\"swiper-slide\" role=\"group\" aria-roledescription=\"slide\" aria-label=\"8 de 9\"><figure class=\"swiper-slide-inner\"><img decoding=\"async\" class=\"swiper-slide-image\" src=\"https:\/\/csbc.sbc.org.br\/2023\/wp-content\/uploads\/2023\/01\/MG_8302.jpg\" alt=\"_MG_8302\" \/><\/figure><\/div><div class=\"swiper-slide\" role=\"group\" aria-roledescription=\"slide\" aria-label=\"9 de 9\"><figure class=\"swiper-slide-inner\"><img decoding=\"async\" class=\"swiper-slide-image\" src=\"https:\/\/csbc.sbc.org.br\/2023\/wp-content\/uploads\/2023\/01\/MG_8352.jpg\" alt=\"_MG_8352\" \/><\/figure><\/div>\t\t\t<\/div>\n\t\t\t\t\t\t\t\t\t\t\t\t<div class=\"elementor-swiper-button elementor-swiper-button-prev\" role=\"button\" tabindex=\"0\">\n\t\t\t\t\t\t<i aria-hidden=\"true\" class=\"eicon-chevron-left\"><\/i>\t\t\t\t\t<\/div>\n\t\t\t\t\t<div class=\"elementor-swiper-button elementor-swiper-button-next\" role=\"button\" tabindex=\"0\">\n\t\t\t\t\t\t<i aria-hidden=\"true\" class=\"eicon-chevron-right\"><\/i>\t\t\t\t\t<\/div>\n\t\t\t\t\n\t\t\t\t\t\t\t\t\t<\/div>\n\t\t\t\t\t\t<\/div>\n\t\t\t\t<\/div>\n\t\t\t\t<\/div>\n\t\t\t\t<\/div>\n\t\t","protected":false},"excerpt":{"rendered":"<p>Sobre o CSBC O Congresso da Sociedade Brasileira de Computa\u00e7\u00e3o (CSBC) \u00e9 o maior evento cient\u00edfico em Ci\u00eancia da Computa\u00e7\u00e3o da Am\u00e9rica Latina. Realizado desde a funda\u00e7\u00e3o da SBC em 1978 do CSBC, o evento re\u00fane cientistas, engenheiros, pesquisadores, professores, estudantes, empresas e empreendedores visando explorar, demonstrar e debater sobre o estado da arte em [&hellip;]<\/p>\n","protected":false},"author":1,"featured_media":0,"parent":0,"menu_order":0,"comment_status":"closed","ping_status":"closed","template":"","meta":{"footnotes":""},"folder":[10],"class_list":["post-14","page","type-page","status-publish","hentry"],"_links":{"self":[{"href":"https:\/\/csbc.sbc.org.br\/2023\/wp-json\/wp\/v2\/pages\/14","targetHints":{"allow":["GET"]}}],"collection":[{"href":"https:\/\/csbc.sbc.org.br\/2023\/wp-json\/wp\/v2\/pages"}],"about":[{"href":"https:\/\/csbc.sbc.org.br\/2023\/wp-json\/wp\/v2\/types\/page"}],"author":[{"embeddable":true,"href":"https:\/\/csbc.sbc.org.br\/2023\/wp-json\/wp\/v2\/users\/1"}],"replies":[{"embeddable":true,"href":"https:\/\/csbc.sbc.org.br\/2023\/wp-json\/wp\/v2\/comments?post=14"}],"version-history":[{"count":63,"href":"https:\/\/csbc.sbc.org.br\/2023\/wp-json\/wp\/v2\/pages\/14\/revisions"}],"predecessor-version":[{"id":3133,"href":"https:\/\/csbc.sbc.org.br\/2023\/wp-json\/wp\/v2\/pages\/14\/revisions\/3133"}],"wp:attachment":[{"href":"https:\/\/csbc.sbc.org.br\/2023\/wp-json\/wp\/v2\/media?parent=14"}],"wp:term":[{"taxonomy":"folder","embeddable":true,"href":"https:\/\/csbc.sbc.org.br\/2023\/wp-json\/wp\/v2\/folder?post=14"}],"curies":[{"name":"wp","href":"https:\/\/api.w.org\/{rel}","templated":true}]}}