{"id":1429,"date":"2023-02-13T13:11:27","date_gmt":"2023-02-13T13:11:27","guid":{"rendered":"https:\/\/csbc.sbc.org.br\/2023\/?page_id=1429"},"modified":"2023-07-06T14:55:29","modified_gmt":"2023-07-06T14:55:29","slug":"sbc","status":"publish","type":"page","link":"https:\/\/csbc.sbc.org.br\/2023\/sbc\/","title":{"rendered":"SBC"},"content":{"rendered":"\t\t<div data-elementor-type=\"wp-page\" data-elementor-id=\"1429\" class=\"elementor elementor-1429\" data-elementor-post-type=\"page\">\n\t\t\t\t<div class=\"elementor-element elementor-element-25d8930 e-flex e-con-boxed e-con e-parent\" data-id=\"25d8930\" data-element_type=\"container\" data-e-type=\"container\" data-settings=\"{&quot;background_background&quot;:&quot;video&quot;,&quot;background_video_link&quot;:&quot;https:\\\/\\\/csbc.sbc.org.br\\\/2023\\\/wp-content\\\/uploads\\\/2023\\\/01\\\/O-Circuito-27725.mp4&quot;,&quot;background_play_on_mobile&quot;:&quot;yes&quot;}\">\n\t\t\t\t\t<div class=\"e-con-inner\">\n\t\t<div class=\"elementor-background-video-container\">\n\t\t\t\t\t\t\t<video class=\"elementor-background-video-hosted\" role=\"presentation\" autoplay muted playsinline loop><\/video>\n\t\t\t\t\t<\/div>\t\t<div class=\"elementor-element elementor-element-3124917 elementor-widget elementor-widget-heading\" data-id=\"3124917\" data-element_type=\"widget\" data-e-type=\"widget\" data-widget_type=\"heading.default\">\n\t\t\t\t<div class=\"elementor-widget-container\">\n\t\t\t\t\t<h2 class=\"elementor-heading-title elementor-size-default\">Sobre a <b> SBC<\/B><\/h2>\t\t\t\t<\/div>\n\t\t\t\t<\/div>\n\t\t\t\t<div class=\"elementor-element elementor-element-d1ec013 elementor-widget-divider--view-line elementor-widget elementor-widget-divider\" data-id=\"d1ec013\" data-element_type=\"widget\" data-e-type=\"widget\" data-widget_type=\"divider.default\">\n\t\t\t\t<div class=\"elementor-widget-container\">\n\t\t\t\t\t\t\t<div class=\"elementor-divider\">\n\t\t\t<span class=\"elementor-divider-separator\">\n\t\t\t\t\t\t<\/span>\n\t\t<\/div>\n\t\t\t\t\t\t<\/div>\n\t\t\t\t<\/div>\n\t\t\t\t\t<\/div>\n\t\t\t\t<\/div>\n\t\t<div class=\"elementor-element elementor-element-761706d e-flex e-con-boxed e-con e-parent\" data-id=\"761706d\" data-element_type=\"container\" data-e-type=\"container\">\n\t\t\t\t\t<div class=\"e-con-inner\">\n\t\t\t\t<div class=\"elementor-element elementor-element-edee2a9 elementor-widget__width-initial elementor-widget elementor-widget-text-editor\" data-id=\"edee2a9\" data-element_type=\"widget\" data-e-type=\"widget\" data-widget_type=\"text-editor.default\">\n\t\t\t\t<div class=\"elementor-widget-container\">\n\t\t\t\t\t\t\t\t\t<p>A Sociedade Brasileira de Computa\u00e7\u00e3o &#8211; SBC \u00e9 uma Sociedade Cient\u00edfica sem fins lucrativos, fundada em julho de 1978, que re\u00fane estudantes, professores, profissionais, pesquisadores e entusiastas da \u00e1rea da Computa\u00e7\u00e3o e Inform\u00e1tica de todo o pa\u00eds.<\/p><p>A SBC tem como fun\u00e7\u00e3o fomentar o acesso \u00e0 informa\u00e7\u00e3o e cultura por meio da inform\u00e1tica, promover a inclus\u00e3o digital, incentivar a pesquisa e o ensino em computa\u00e7\u00e3o no Brasil, e contribuir para a forma\u00e7\u00e3o do profissional da computa\u00e7\u00e3o com responsabilidade social.<\/p><p>Para organiza\u00e7\u00e3o e divulga\u00e7\u00e3o de atividades, a\u00e7\u00f5es e eventos cient\u00edficos, t\u00e9cnicos, educacionais e pol\u00edticos, a SBC mant\u00e9m uma estrutura de tr\u00eas tipos de Grupos Tem\u00e1ticos (GT), que s\u00e3o as Grandes \u00c1reas (GA), as Comiss\u00f5es Especiais (CE) e os Grupos de Interesses (GI). Estes grupos re\u00fanem associados com interesses comuns em sub\u00e1reas da computa\u00e7\u00e3o.<\/p>\t\t\t\t\t\t\t\t<\/div>\n\t\t\t\t<\/div>\n\t\t\t\t<div class=\"elementor-element elementor-element-8ededbe elementor-widget__width-initial elementor-widget elementor-widget-image\" data-id=\"8ededbe\" data-element_type=\"widget\" data-e-type=\"widget\" data-widget_type=\"image.default\">\n\t\t\t\t<div class=\"elementor-widget-container\">\n\t\t\t\t\t\t\t\t\t\t\t\t\t\t\t<img fetchpriority=\"high\" decoding=\"async\" width=\"543\" height=\"385\" src=\"https:\/\/csbc.sbc.org.br\/2023\/wp-content\/uploads\/2023\/02\/SBC45anos_png_cor.png\" class=\"attachment-full size-full wp-image-1423\" alt=\"\" srcset=\"https:\/\/csbc.sbc.org.br\/2023\/wp-content\/uploads\/2023\/02\/SBC45anos_png_cor.png 543w, https:\/\/csbc.sbc.org.br\/2023\/wp-content\/uploads\/2023\/02\/SBC45anos_png_cor-300x213.png 300w\" sizes=\"(max-width: 543px) 100vw, 543px\" \/>\t\t\t\t\t\t\t\t\t\t\t\t\t\t\t<\/div>\n\t\t\t\t<\/div>\n\t\t\t\t<div class=\"elementor-element elementor-element-9acfddf elementor-widget__width-initial elementor-widget elementor-widget-text-editor\" data-id=\"9acfddf\" data-element_type=\"widget\" data-e-type=\"widget\" data-widget_type=\"text-editor.default\">\n\t\t\t\t<div class=\"elementor-widget-container\">\n\t\t\t\t\t\t\t\t\t<p>Aqui voc\u00ea est\u00e1 acessando o site de uma das Comiss\u00f5es Especiais (CE) da SBC, que representa\u00a0um grupo de associados da SBC que compartilham dos interesses e valores em determinada\u00a0\u00e1rea da Computa\u00e7\u00e3o. Associados vigentes podem se inscrever nas<a href=\"https:\/\/www.sbc.org.br\/403-comissoes-especiais\" target=\"_blank\" rel=\"noopener\"> listas de e-mail das\u00a0Comiss\u00f5es Especiais (CE)<\/a> da \u00e1rea que deseja acompanhar. Se voc\u00ea ainda n\u00e3o \u00e9 um associado ou\u00a0deseja renovar sua associa\u00e7\u00e3o \u00e0 nossa comunidade <a href=\"https:\/\/centraldesistemas.sbc.org.br\/mom\" target=\"_blank\" rel=\"noopener\">clique aqui<\/a> e venha fazer parte da maior e\u00a0mais importante sociedade cient\u00edfica na \u00e1rea de computa\u00e7\u00e3o da Am\u00e9rica Latina!<\/p>\t\t\t\t\t\t\t\t<\/div>\n\t\t\t\t<\/div>\n\t\t\t\t\t<\/div>\n\t\t\t\t<\/div>\n\t\t\t\t<\/div>\n\t\t","protected":false},"excerpt":{"rendered":"<p>Sobre a SBC A Sociedade Brasileira de Computa\u00e7\u00e3o &#8211; SBC \u00e9 uma Sociedade Cient\u00edfica sem fins lucrativos, fundada em julho de 1978, que re\u00fane estudantes, professores, profissionais, pesquisadores e entusiastas da \u00e1rea da Computa\u00e7\u00e3o e Inform\u00e1tica de todo o pa\u00eds. A SBC tem como fun\u00e7\u00e3o fomentar o acesso \u00e0 informa\u00e7\u00e3o e cultura por meio da [&hellip;]<\/p>\n","protected":false},"author":1,"featured_media":0,"parent":0,"menu_order":0,"comment_status":"closed","ping_status":"closed","template":"","meta":{"footnotes":""},"folder":[10],"class_list":["post-1429","page","type-page","status-publish","hentry"],"_links":{"self":[{"href":"https:\/\/csbc.sbc.org.br\/2023\/wp-json\/wp\/v2\/pages\/1429","targetHints":{"allow":["GET"]}}],"collection":[{"href":"https:\/\/csbc.sbc.org.br\/2023\/wp-json\/wp\/v2\/pages"}],"about":[{"href":"https:\/\/csbc.sbc.org.br\/2023\/wp-json\/wp\/v2\/types\/page"}],"author":[{"embeddable":true,"href":"https:\/\/csbc.sbc.org.br\/2023\/wp-json\/wp\/v2\/users\/1"}],"replies":[{"embeddable":true,"href":"https:\/\/csbc.sbc.org.br\/2023\/wp-json\/wp\/v2\/comments?post=1429"}],"version-history":[{"count":13,"href":"https:\/\/csbc.sbc.org.br\/2023\/wp-json\/wp\/v2\/pages\/1429\/revisions"}],"predecessor-version":[{"id":3154,"href":"https:\/\/csbc.sbc.org.br\/2023\/wp-json\/wp\/v2\/pages\/1429\/revisions\/3154"}],"wp:attachment":[{"href":"https:\/\/csbc.sbc.org.br\/2023\/wp-json\/wp\/v2\/media?parent=1429"}],"wp:term":[{"taxonomy":"folder","embeddable":true,"href":"https:\/\/csbc.sbc.org.br\/2023\/wp-json\/wp\/v2\/folder?post=1429"}],"curies":[{"name":"wp","href":"https:\/\/api.w.org\/{rel}","templated":true}]}}