{"id":1486,"date":"2023-02-13T14:44:17","date_gmt":"2023-02-13T14:44:17","guid":{"rendered":"https:\/\/csbc.sbc.org.br\/2023\/?page_id=1486"},"modified":"2023-07-06T14:53:17","modified_gmt":"2023-07-06T14:53:17","slug":"gastronomia","status":"publish","type":"page","link":"https:\/\/csbc.sbc.org.br\/2023\/gastronomia\/","title":{"rendered":"Gastronomia"},"content":{"rendered":"\t\t<div data-elementor-type=\"wp-page\" data-elementor-id=\"1486\" class=\"elementor elementor-1486\" data-elementor-post-type=\"page\">\n\t\t\t\t<div class=\"elementor-element elementor-element-25d8930 e-flex e-con-boxed e-con e-parent\" data-id=\"25d8930\" data-element_type=\"container\" data-e-type=\"container\" data-settings=\"{&quot;background_background&quot;:&quot;video&quot;,&quot;background_video_link&quot;:&quot;https:\\\/\\\/csbc.sbc.org.br\\\/2023\\\/wp-content\\\/uploads\\\/2023\\\/01\\\/O-Circuito-27725.mp4&quot;,&quot;background_play_on_mobile&quot;:&quot;yes&quot;}\">\n\t\t\t\t\t<div class=\"e-con-inner\">\n\t\t<div class=\"elementor-background-video-container\">\n\t\t\t\t\t\t\t<video class=\"elementor-background-video-hosted\" role=\"presentation\" autoplay muted playsinline loop><\/video>\n\t\t\t\t\t<\/div>\t\t<div class=\"elementor-element elementor-element-3124917 elementor-widget elementor-widget-heading\" data-id=\"3124917\" data-element_type=\"widget\" data-e-type=\"widget\" data-widget_type=\"heading.default\">\n\t\t\t\t<div class=\"elementor-widget-container\">\n\t\t\t\t\t<h2 class=\"elementor-heading-title elementor-size-default\">Gastronomia<\/h2>\t\t\t\t<\/div>\n\t\t\t\t<\/div>\n\t\t\t\t<div class=\"elementor-element elementor-element-d1ec013 elementor-widget-divider--view-line elementor-widget elementor-widget-divider\" data-id=\"d1ec013\" data-element_type=\"widget\" data-e-type=\"widget\" data-widget_type=\"divider.default\">\n\t\t\t\t<div class=\"elementor-widget-container\">\n\t\t\t\t\t\t\t<div class=\"elementor-divider\">\n\t\t\t<span class=\"elementor-divider-separator\">\n\t\t\t\t\t\t<\/span>\n\t\t<\/div>\n\t\t\t\t\t\t<\/div>\n\t\t\t\t<\/div>\n\t\t\t\t\t<\/div>\n\t\t\t\t<\/div>\n\t\t<div class=\"elementor-element elementor-element-761706d e-flex e-con-boxed e-con e-parent\" data-id=\"761706d\" data-element_type=\"container\" data-e-type=\"container\">\n\t\t\t\t\t<div class=\"e-con-inner\">\n\t\t\t\t<div class=\"elementor-element elementor-element-0660010 elementor-widget__width-inherit elementor-widget elementor-widget-heading\" data-id=\"0660010\" data-element_type=\"widget\" data-e-type=\"widget\" data-widget_type=\"heading.default\">\n\t\t\t\t<div class=\"elementor-widget-container\">\n\t\t\t\t\t<h2 class=\"elementor-heading-title elementor-size-default\">Restaurantes<\/h2>\t\t\t\t<\/div>\n\t\t\t\t<\/div>\n\t\t\t\t<div class=\"elementor-element elementor-element-5d3894c elementor-widget__width-inherit elementor-widget-divider--view-line elementor-widget elementor-widget-divider\" data-id=\"5d3894c\" data-element_type=\"widget\" data-e-type=\"widget\" data-widget_type=\"divider.default\">\n\t\t\t\t<div class=\"elementor-widget-container\">\n\t\t\t\t\t\t\t<div class=\"elementor-divider\">\n\t\t\t<span class=\"elementor-divider-separator\">\n\t\t\t\t\t\t<\/span>\n\t\t<\/div>\n\t\t\t\t\t\t<\/div>\n\t\t\t\t<\/div>\n\t\t\t\t<div class=\"elementor-element elementor-element-8852535 elementor-widget__width-initial elementor-widget elementor-widget-heading\" data-id=\"8852535\" data-element_type=\"widget\" data-e-type=\"widget\" data-widget_type=\"heading.default\">\n\t\t\t\t<div class=\"elementor-widget-container\">\n\t\t\t\t\t<h2 class=\"elementor-heading-title elementor-size-default\">Para mais restaurantes, acesse o site de Turisto de Jo\u00e3o Pessoa<\/h2>\t\t\t\t<\/div>\n\t\t\t\t<\/div>\n\t\t\t\t<div class=\"elementor-element elementor-element-2f2ff7f elementor-align-justify elementor-widget__width-initial elementor-widget elementor-widget-button\" data-id=\"2f2ff7f\" data-element_type=\"widget\" data-e-type=\"widget\" data-widget_type=\"button.default\">\n\t\t\t\t<div class=\"elementor-widget-container\">\n\t\t\t\t\t\t\t\t\t<div class=\"elementor-button-wrapper\">\n\t\t\t\t\t<a class=\"elementor-button elementor-button-link elementor-size-sm elementor-animation-grow\" href=\"https:\/\/turismo.joaopessoa.pb.gov.br\/onde-comer\/\" target=\"_blank\">\n\t\t\t\t\t\t<span class=\"elementor-button-content-wrapper\">\n\t\t\t\t\t\t\t\t\t<span class=\"elementor-button-text\">Clique aqui<\/span>\n\t\t\t\t\t<\/span>\n\t\t\t\t\t<\/a>\n\t\t\t\t<\/div>\n\t\t\t\t\t\t\t\t<\/div>\n\t\t\t\t<\/div>\n\t\t<div class=\"elementor-element elementor-element-d1113df e-flex e-con-boxed e-con e-parent\" data-id=\"d1113df\" data-element_type=\"container\" data-e-type=\"container\">\n\t\t\t\t\t<div class=\"e-con-inner\">\n\t\t\t\t<div class=\"elementor-element elementor-element-9acfddf elementor-widget__width-initial elementor-widget elementor-widget-text-editor\" data-id=\"9acfddf\" data-element_type=\"widget\" data-e-type=\"widget\" data-widget_type=\"text-editor.default\">\n\t\t\t\t<div class=\"elementor-widget-container\">\n\t\t\t\t\t\t\t\t\t<h5><strong><span style=\"color: #000021;\">A Cabana do Possid\u00f4nio\u00a0<\/span><\/strong><\/h5><p>Tipo: Restaurante<br \/>Endere\u00e7o: AV. FL\u00c1VIO RIBEIRO COUTINHO, 805 &#8211; cep 58.037-000 &#8211; Mana\u00edra<br \/>Telefone: 2106.6152 (FAX)\/ 2106.6152<\/p><h5><strong><span style=\"color: #000021;\"><br \/>Adega do Alfredo\u00a0<\/span><\/strong><\/h5><p>Tipo: Restaurante<br \/>Endere\u00e7o:\u00a0RUA CORA\u00c7\u00c3O DE JESUS, S\/N &#8211; Cep 58.039-030 &#8211; Tamba\u00fa<br \/>Telefone: 3226.4346 \/ 3226.3354 (FAX)<\/p><h5><strong><span style=\"color: #000021;\"><br \/>Apetitto Tratoria\u00a0<\/span><\/strong><\/h5><p>Tipo:\u00a0Restaurante<br \/>Endere\u00e7o:\u00a0RUA OS\u00d3RIO PAES, 35 &#8211; cep 58039-090 &#8211; Tamba\u00fa<br \/>Telefone:3226.6634<\/p><h5><strong><span style=\"color: #000021;\"><br \/>\u00c1ria Restaurante \u2013 Hardman Praia\u00a0<\/span><\/strong><\/h5><p>Tipo: Restaurante<br \/>Endere\u00e7o: AV. JO\u00c3O MAUR\u00cdCIO, 1341 &#8211; cep 58.038-000 &#8211; Mana\u00edra<br \/>Telefone: 3246-8811 \/ 3216.8811 \/ 3246.8809<\/p><h5><span style=\"color: #000021;\"><strong><br \/>Arte-Pizzaria e Restaurante<\/strong><\/span><\/h5><p>Tipo: Restaurante<br \/>Endere\u00e7o: Av. Banc\u00e1rio S\u00e9rgio Guerra &#8211; Banc\u00e1rios &#8211; Banc\u00e1rios<br \/>Telefone: (83) 3042-2022 \/ 988803761<br \/>Site: www.artedapizza.com.br<\/p><h5><strong><span style=\"color: #000021;\"><br \/>Bar do Cuscuz Praia Restaurante<\/span><\/strong><\/h5><p>Tipo: Restaurante<br \/>Endere\u00e7o: Avenida Cabo Branco &#8211; Cabo Branco &#8211; Cabo Branco<br \/>Telefone: (83) 3247-5396<\/p><h5><span style=\"color: #000021;\"><strong><br \/>Barril 21<\/strong><\/span><\/h5><p>Tipo: Bar<br \/>Endere\u00e7o: Av. Arthur Monteiro de Paiva, 1497 &#8211; Bessa<br \/>Telefone: (83) 3566-5188<\/p><h5><span style=\"color: #000021;\"><strong><br \/>Bessa Brasil<\/strong><\/span><\/h5><p>Tipo: Bar<br \/>Endere\u00e7o: RUA ARTUR MONTEIRO DE PAIVA, 1320 &#8211; 58.035-010 &#8211; Bessa<br \/>Telefone: (83) 3245-3742<\/p><h5><strong><br \/><span style=\"color: #000021;\">Bessa Grill<\/span><\/strong><\/h5><p>Tipo: Bar<br \/>Endere\u00e7o: R: ARTUR MONTEIRO DE PAIVA, 1190 &#8211; 58.035-010 &#8211; Bessa<br \/>Telefone: (83) 3245-3502 \u2013 3031-0675<\/p>\t\t\t\t\t\t\t\t<\/div>\n\t\t\t\t<\/div>\n\t\t\t\t<div class=\"elementor-element elementor-element-1a1bc91 elementor-widget__width-initial elementor-widget elementor-widget-text-editor\" data-id=\"1a1bc91\" data-element_type=\"widget\" data-e-type=\"widget\" data-widget_type=\"text-editor.default\">\n\t\t\t\t<div class=\"elementor-widget-container\">\n\t\t\t\t\t\t\t\t\t<h5><span style=\"color: #000021;\"><strong>Bistr\u00f4 das Flores<\/strong><\/span><\/h5><p>Tipo: Restaurante<br \/>Endere\u00e7o: Rua Lup\u00e9rcio Branco &#8211; Mana\u00edra &#8211; Mana\u00edra<br \/>Telefone: (83) 3250-1707 \/ 83981987991<\/p><h5><span style=\"color: #000021;\"><strong><br \/>Blend Doceria<\/strong><\/span><\/h5><p>Tipo: Lanchonete<br \/>Endere\u00e7o: AV. EDSON RAMALHO, 415 &#8211; loja 103 &#8211; 58038-102 &#8211; Mana\u00edra<br \/>Telefone: (83)3247.5544<\/p><h5><span style=\"color: #000021;\"><strong><br \/>Bob\u2019s<\/strong><\/span><\/h5><p>Tipo: Fastfood<br \/>Endere\u00e7o: GOV. FL\u00c1VIO RIBEIRO COUTINHO, 805 &#8211; SHOPPING MANA\u00cdRA, LJ 211 E 212 &#8211; Mana\u00edra<br \/>Telefone: (83)2106.6100 \/ 3245.8233 FAX<\/p><h5><span style=\"color: #000021;\"><strong><br \/>Boi Bumbar<\/strong><\/span><\/h5><p>Tipo: Restaurante<br \/>Endere\u00e7o: AV. ISIDRO GOMES, 216 &#8211; 58.039-160 &#8211; Tamba\u00fa<br \/>Telefone: 3247.2847 FAX<\/p><h5><span style=\"color: #000021;\"><strong><br \/>Buongustaio Ristorante<\/strong><\/span><\/h5><p>Tipo: Restaurante<br \/>Endere\u00e7o: AV. ALMIRANTE TAMANDAR\u00c9, 440 &#8211; 58.039-010 &#8211; Tamba\u00fa<br \/>Telefone: (83)2107.9903 \/ FAX: 2107.9901<\/p><h5><span style=\"color: #000021;\"><strong><br \/>Camar\u00e3o Grill<\/strong><\/span><\/h5><p>Tipo: Restaurante<br \/>Endere\u00e7o: AV: GOV. ARGEMIRO DE FIGUEREDO, 4657 &#8211; 58.037-690 &#8211; Bessa<br \/>Telefone: (83) 99833-6300<\/p><h5><span style=\"color: #000021;\"><strong><br \/>Canoa dos Camar\u00f5es<\/strong><\/span><\/h5><p>Tipo: Restaurante<br \/>Endere\u00e7o: AV. JO\u00c3O MAUR\u00cdCIO, 121 &#8211; Mana\u00edra<br \/>Telefone: 3247.2055 \/ 3023.0330 escrit\u00f3rio<\/p><h5><strong><span style=\"color: #000021;\"><br \/>Casa do Bacalhau<\/span><\/strong><\/h5><p>Tipo: Restaurante<br \/>Endere\u00e7o: AV. FRANCA FILHO, 52 &#8211; Mana\u00edra<br \/>Telefone: 3247.6775 FAX<\/p><h5><span style=\"color: #000021;\"><strong><br \/>China Praia Restaurante<\/strong><\/span><\/h5><p>Tipo: Restaurante<br \/>Endere\u00e7o: AV. FL\u00c1VIO RIBEIRO COUTINHO, 120 &#8211; Mana\u00edra<br \/>Telefone: (83) 3246-0247<\/p>\t\t\t\t\t\t\t\t<\/div>\n\t\t\t\t<\/div>\n\t\t\t\t\t<\/div>\n\t\t\t\t<\/div>\n\t\t\t\t\t<\/div>\n\t\t\t\t<\/div>\n\t\t\t\t<\/div>\n\t\t","protected":false},"excerpt":{"rendered":"<p>Gastronomia Restaurantes Para mais restaurantes, acesse o site de Turisto de Jo\u00e3o Pessoa Clique aqui A Cabana do Possid\u00f4nio\u00a0 Tipo: RestauranteEndere\u00e7o: AV. FL\u00c1VIO RIBEIRO COUTINHO, 805 &#8211; cep 58.037-000 &#8211; Mana\u00edraTelefone: 2106.6152 (FAX)\/ 2106.6152 Adega do Alfredo\u00a0 Tipo: RestauranteEndere\u00e7o:\u00a0RUA CORA\u00c7\u00c3O DE JESUS, S\/N &#8211; Cep 58.039-030 &#8211; Tamba\u00faTelefone: 3226.4346 \/ 3226.3354 (FAX) Apetitto Tratoria\u00a0 Tipo:\u00a0RestauranteEndere\u00e7o:\u00a0RUA [&hellip;]<\/p>\n","protected":false},"author":1,"featured_media":0,"parent":0,"menu_order":0,"comment_status":"closed","ping_status":"closed","template":"","meta":{"footnotes":""},"folder":[10],"class_list":["post-1486","page","type-page","status-publish","hentry"],"_links":{"self":[{"href":"https:\/\/csbc.sbc.org.br\/2023\/wp-json\/wp\/v2\/pages\/1486","targetHints":{"allow":["GET"]}}],"collection":[{"href":"https:\/\/csbc.sbc.org.br\/2023\/wp-json\/wp\/v2\/pages"}],"about":[{"href":"https:\/\/csbc.sbc.org.br\/2023\/wp-json\/wp\/v2\/types\/page"}],"author":[{"embeddable":true,"href":"https:\/\/csbc.sbc.org.br\/2023\/wp-json\/wp\/v2\/users\/1"}],"replies":[{"embeddable":true,"href":"https:\/\/csbc.sbc.org.br\/2023\/wp-json\/wp\/v2\/comments?post=1486"}],"version-history":[{"count":25,"href":"https:\/\/csbc.sbc.org.br\/2023\/wp-json\/wp\/v2\/pages\/1486\/revisions"}],"predecessor-version":[{"id":3136,"href":"https:\/\/csbc.sbc.org.br\/2023\/wp-json\/wp\/v2\/pages\/1486\/revisions\/3136"}],"wp:attachment":[{"href":"https:\/\/csbc.sbc.org.br\/2023\/wp-json\/wp\/v2\/media?parent=1486"}],"wp:term":[{"taxonomy":"folder","embeddable":true,"href":"https:\/\/csbc.sbc.org.br\/2023\/wp-json\/wp\/v2\/folder?post=1486"}],"curies":[{"name":"wp","href":"https:\/\/api.w.org\/{rel}","templated":true}]}}