{"id":1532,"date":"2023-02-13T17:16:17","date_gmt":"2023-02-13T17:16:17","guid":{"rendered":"https:\/\/csbc.sbc.org.br\/2023\/?page_id=1532"},"modified":"2023-07-06T14:53:59","modified_gmt":"2023-07-06T14:53:59","slug":"hospedagem","status":"publish","type":"page","link":"https:\/\/csbc.sbc.org.br\/2023\/hospedagem\/","title":{"rendered":"Hospedagem"},"content":{"rendered":"\t\t<div data-elementor-type=\"wp-page\" data-elementor-id=\"1532\" class=\"elementor elementor-1532\" data-elementor-post-type=\"page\">\n\t\t\t\t<div class=\"elementor-element elementor-element-25d8930 e-flex e-con-boxed e-con e-parent\" data-id=\"25d8930\" data-element_type=\"container\" data-e-type=\"container\" data-settings=\"{&quot;background_background&quot;:&quot;video&quot;,&quot;background_video_link&quot;:&quot;https:\\\/\\\/csbc.sbc.org.br\\\/2023\\\/wp-content\\\/uploads\\\/2023\\\/01\\\/O-Circuito-27725.mp4&quot;,&quot;background_play_on_mobile&quot;:&quot;yes&quot;}\">\n\t\t\t\t\t<div class=\"e-con-inner\">\n\t\t<div class=\"elementor-background-video-container\">\n\t\t\t\t\t\t\t<video class=\"elementor-background-video-hosted\" role=\"presentation\" autoplay muted playsinline loop><\/video>\n\t\t\t\t\t<\/div>\t\t<div class=\"elementor-element elementor-element-3124917 elementor-widget elementor-widget-heading\" data-id=\"3124917\" data-element_type=\"widget\" data-e-type=\"widget\" data-widget_type=\"heading.default\">\n\t\t\t\t<div class=\"elementor-widget-container\">\n\t\t\t\t\t<h2 class=\"elementor-heading-title elementor-size-default\">Hospedagem<\/h2>\t\t\t\t<\/div>\n\t\t\t\t<\/div>\n\t\t\t\t<div class=\"elementor-element elementor-element-d1ec013 elementor-widget-divider--view-line elementor-widget elementor-widget-divider\" data-id=\"d1ec013\" data-element_type=\"widget\" data-e-type=\"widget\" data-widget_type=\"divider.default\">\n\t\t\t\t<div class=\"elementor-widget-container\">\n\t\t\t\t\t\t\t<div class=\"elementor-divider\">\n\t\t\t<span class=\"elementor-divider-separator\">\n\t\t\t\t\t\t<\/span>\n\t\t<\/div>\n\t\t\t\t\t\t<\/div>\n\t\t\t\t<\/div>\n\t\t\t\t\t<\/div>\n\t\t\t\t<\/div>\n\t\t<div class=\"elementor-element elementor-element-761706d e-flex e-con-boxed e-con e-parent\" data-id=\"761706d\" data-element_type=\"container\" data-e-type=\"container\">\n\t\t\t\t\t<div class=\"e-con-inner\">\n\t\t\t\t<div class=\"elementor-element elementor-element-0660010 elementor-widget__width-inherit elementor-widget elementor-widget-heading\" data-id=\"0660010\" data-element_type=\"widget\" data-e-type=\"widget\" data-widget_type=\"heading.default\">\n\t\t\t\t<div class=\"elementor-widget-container\">\n\t\t\t\t\t<h2 class=\"elementor-heading-title elementor-size-default\">Onde Ficar<\/h2>\t\t\t\t<\/div>\n\t\t\t\t<\/div>\n\t\t\t\t<div class=\"elementor-element elementor-element-5d3894c elementor-widget__width-inherit elementor-widget-divider--view-line elementor-widget elementor-widget-divider\" data-id=\"5d3894c\" data-element_type=\"widget\" data-e-type=\"widget\" data-widget_type=\"divider.default\">\n\t\t\t\t<div class=\"elementor-widget-container\">\n\t\t\t\t\t\t\t<div class=\"elementor-divider\">\n\t\t\t<span class=\"elementor-divider-separator\">\n\t\t\t\t\t\t<\/span>\n\t\t<\/div>\n\t\t\t\t\t\t<\/div>\n\t\t\t\t<\/div>\n\t\t\t\t<div class=\"elementor-element elementor-element-8852535 elementor-widget__width-initial elementor-widget elementor-widget-heading\" data-id=\"8852535\" data-element_type=\"widget\" data-e-type=\"widget\" data-widget_type=\"heading.default\">\n\t\t\t\t<div class=\"elementor-widget-container\">\n\t\t\t\t\t<h2 class=\"elementor-heading-title elementor-size-default\">Para mais locais, entre em contato com a Luck Viagens ( Ag\u00eancia de Viagens Oficial do evento)<\/h2>\t\t\t\t<\/div>\n\t\t\t\t<\/div>\n\t\t\t\t<div class=\"elementor-element elementor-element-2f2ff7f elementor-align-justify elementor-widget__width-initial elementor-widget elementor-widget-button\" data-id=\"2f2ff7f\" data-element_type=\"widget\" data-e-type=\"widget\" data-widget_type=\"button.default\">\n\t\t\t\t<div class=\"elementor-widget-container\">\n\t\t\t\t\t\t\t\t\t<div class=\"elementor-button-wrapper\">\n\t\t\t\t\t<a class=\"elementor-button elementor-button-link elementor-size-sm elementor-animation-grow\" href=\"https:\/\/www.luckviagens.com.br\/\" target=\"_blank\">\n\t\t\t\t\t\t<span class=\"elementor-button-content-wrapper\">\n\t\t\t\t\t\t\t\t\t<span class=\"elementor-button-text\">Clique aqui<\/span>\n\t\t\t\t\t<\/span>\n\t\t\t\t\t<\/a>\n\t\t\t\t<\/div>\n\t\t\t\t\t\t\t\t<\/div>\n\t\t\t\t<\/div>\n\t\t\t\t<div class=\"elementor-element elementor-element-1bfc039 elementor-widget__width-initial elementor-widget elementor-widget-image\" data-id=\"1bfc039\" data-element_type=\"widget\" data-e-type=\"widget\" data-widget_type=\"image.default\">\n\t\t\t\t<div class=\"elementor-widget-container\">\n\t\t\t\t\t\t\t\t\t\t\t\t\t\t\t<img fetchpriority=\"high\" decoding=\"async\" width=\"1131\" height=\"1600\" src=\"https:\/\/csbc.sbc.org.br\/2023\/wp-content\/uploads\/2023\/06\/Pacote-hospedagem-CSBC.jpeg\" class=\"attachment-full size-full wp-image-2478\" alt=\"\" srcset=\"https:\/\/csbc.sbc.org.br\/2023\/wp-content\/uploads\/2023\/06\/Pacote-hospedagem-CSBC.jpeg 1131w, https:\/\/csbc.sbc.org.br\/2023\/wp-content\/uploads\/2023\/06\/Pacote-hospedagem-CSBC-212x300.jpeg 212w, https:\/\/csbc.sbc.org.br\/2023\/wp-content\/uploads\/2023\/06\/Pacote-hospedagem-CSBC-724x1024.jpeg 724w, https:\/\/csbc.sbc.org.br\/2023\/wp-content\/uploads\/2023\/06\/Pacote-hospedagem-CSBC-768x1086.jpeg 768w, https:\/\/csbc.sbc.org.br\/2023\/wp-content\/uploads\/2023\/06\/Pacote-hospedagem-CSBC-1086x1536.jpeg 1086w\" sizes=\"(max-width: 1131px) 100vw, 1131px\" \/>\t\t\t\t\t\t\t\t\t\t\t\t\t\t\t<\/div>\n\t\t\t\t<\/div>\n\t\t<div class=\"elementor-element elementor-element-53d714e e-con-full e-flex e-con e-parent\" data-id=\"53d714e\" data-element_type=\"container\" data-e-type=\"container\">\n\t\t\t\t<div class=\"elementor-element elementor-element-0747c20 elementor-widget__width-initial elementor-widget elementor-widget-image\" data-id=\"0747c20\" data-element_type=\"widget\" data-e-type=\"widget\" data-widget_type=\"image.default\">\n\t\t\t\t<div class=\"elementor-widget-container\">\n\t\t\t\t\t\t\t\t\t\t\t\t\t\t\t\t<a href=\"https:\/\/www.luckviagens.com.br\/\" target=\"_blank\">\n\t\t\t\t\t\t\t<img decoding=\"async\" width=\"1080\" height=\"1080\" src=\"https:\/\/csbc.sbc.org.br\/2023\/wp-content\/uploads\/2023\/06\/CSBC-MIDIA-7.jpeg\" class=\"attachment-full size-full wp-image-2429\" alt=\"\" srcset=\"https:\/\/csbc.sbc.org.br\/2023\/wp-content\/uploads\/2023\/06\/CSBC-MIDIA-7.jpeg 1080w, https:\/\/csbc.sbc.org.br\/2023\/wp-content\/uploads\/2023\/06\/CSBC-MIDIA-7-300x300.jpeg 300w, https:\/\/csbc.sbc.org.br\/2023\/wp-content\/uploads\/2023\/06\/CSBC-MIDIA-7-1024x1024.jpeg 1024w, https:\/\/csbc.sbc.org.br\/2023\/wp-content\/uploads\/2023\/06\/CSBC-MIDIA-7-150x150.jpeg 150w, https:\/\/csbc.sbc.org.br\/2023\/wp-content\/uploads\/2023\/06\/CSBC-MIDIA-7-768x768.jpeg 768w\" sizes=\"(max-width: 1080px) 100vw, 1080px\" \/>\t\t\t\t\t\t\t\t<\/a>\n\t\t\t\t\t\t\t\t\t\t\t\t\t\t\t<\/div>\n\t\t\t\t<\/div>\n\t\t\t\t<div class=\"elementor-element elementor-element-188af98 elementor-widget__width-initial elementor-widget elementor-widget-image\" data-id=\"188af98\" data-element_type=\"widget\" data-e-type=\"widget\" data-widget_type=\"image.default\">\n\t\t\t\t<div class=\"elementor-widget-container\">\n\t\t\t\t\t\t\t\t\t\t\t\t\t\t\t\t<a href=\"https:\/\/www.luckviagens.com.br\/\" target=\"_blank\">\n\t\t\t\t\t\t\t<img decoding=\"async\" width=\"1080\" height=\"1080\" src=\"https:\/\/csbc.sbc.org.br\/2023\/wp-content\/uploads\/2023\/06\/CSBC-MIDIA-5.jpeg\" class=\"attachment-full size-full wp-image-2428\" alt=\"\" srcset=\"https:\/\/csbc.sbc.org.br\/2023\/wp-content\/uploads\/2023\/06\/CSBC-MIDIA-5.jpeg 1080w, https:\/\/csbc.sbc.org.br\/2023\/wp-content\/uploads\/2023\/06\/CSBC-MIDIA-5-300x300.jpeg 300w, https:\/\/csbc.sbc.org.br\/2023\/wp-content\/uploads\/2023\/06\/CSBC-MIDIA-5-1024x1024.jpeg 1024w, https:\/\/csbc.sbc.org.br\/2023\/wp-content\/uploads\/2023\/06\/CSBC-MIDIA-5-150x150.jpeg 150w, https:\/\/csbc.sbc.org.br\/2023\/wp-content\/uploads\/2023\/06\/CSBC-MIDIA-5-768x768.jpeg 768w\" sizes=\"(max-width: 1080px) 100vw, 1080px\" \/>\t\t\t\t\t\t\t\t<\/a>\n\t\t\t\t\t\t\t\t\t\t\t\t\t\t\t<\/div>\n\t\t\t\t<\/div>\n\t\t\t\t<div class=\"elementor-element elementor-element-afc55f4 elementor-widget__width-initial elementor-widget elementor-widget-image\" data-id=\"afc55f4\" data-element_type=\"widget\" data-e-type=\"widget\" data-widget_type=\"image.default\">\n\t\t\t\t<div class=\"elementor-widget-container\">\n\t\t\t\t\t\t\t\t\t\t\t\t\t\t\t\t<a href=\"https:\/\/www.luckviagens.com.br\/\" target=\"_blank\">\n\t\t\t\t\t\t\t<img loading=\"lazy\" decoding=\"async\" width=\"1080\" height=\"1080\" src=\"https:\/\/csbc.sbc.org.br\/2023\/wp-content\/uploads\/2023\/06\/CSBC-MIDIA-3.jpeg\" class=\"attachment-full size-full wp-image-2427\" alt=\"\" srcset=\"https:\/\/csbc.sbc.org.br\/2023\/wp-content\/uploads\/2023\/06\/CSBC-MIDIA-3.jpeg 1080w, https:\/\/csbc.sbc.org.br\/2023\/wp-content\/uploads\/2023\/06\/CSBC-MIDIA-3-300x300.jpeg 300w, https:\/\/csbc.sbc.org.br\/2023\/wp-content\/uploads\/2023\/06\/CSBC-MIDIA-3-1024x1024.jpeg 1024w, https:\/\/csbc.sbc.org.br\/2023\/wp-content\/uploads\/2023\/06\/CSBC-MIDIA-3-150x150.jpeg 150w, https:\/\/csbc.sbc.org.br\/2023\/wp-content\/uploads\/2023\/06\/CSBC-MIDIA-3-768x768.jpeg 768w\" sizes=\"(max-width: 1080px) 100vw, 1080px\" \/>\t\t\t\t\t\t\t\t<\/a>\n\t\t\t\t\t\t\t\t\t\t\t\t\t\t\t<\/div>\n\t\t\t\t<\/div>\n\t\t\t\t<\/div>\n\t\t\t\t<div class=\"elementor-element elementor-element-61eafc1 elementor-widget__width-initial elementor-widget elementor-widget-heading\" data-id=\"61eafc1\" data-element_type=\"widget\" data-e-type=\"widget\" data-widget_type=\"heading.default\">\n\t\t\t\t<div class=\"elementor-widget-container\">\n\t\t\t\t\t<h2 class=\"elementor-heading-title elementor-size-default\">Outras op\u00e7\u00f5es de locais para voc\u00ea entrar em contato:<\/h2>\t\t\t\t<\/div>\n\t\t\t\t<\/div>\n\t\t<div class=\"elementor-element elementor-element-d1113df e-flex e-con-boxed e-con e-parent\" data-id=\"d1113df\" data-element_type=\"container\" data-e-type=\"container\">\n\t\t\t\t\t<div class=\"e-con-inner\">\n\t\t\t\t<div class=\"elementor-element elementor-element-9acfddf elementor-widget__width-initial elementor-widget elementor-widget-text-editor\" data-id=\"9acfddf\" data-element_type=\"widget\" data-e-type=\"widget\" data-widget_type=\"text-editor.default\">\n\t\t\t\t<div class=\"elementor-widget-container\">\n\t\t\t\t\t\t\t\t\t<h6><span style=\"color: #000021;\"><strong>AKROPOL\u00cdS MAR HOTEL<\/strong><\/span><\/h6><p>Tipo: Hotel<br \/>Endere\u00e7o: Av. Cairu, 222 &#8211; Cabo Branco<br \/>Telefone: +55 083 3031-1058, +55 083 3031-1059<br \/>Site: www.akropolismarhotel.com<\/p><h6><span style=\"color: #000021;\"><strong><br \/>AMBASSADOR FLAT<\/strong><\/span><\/h6><p>Tipo: Flat<br \/>Endere\u00e7o: Av. Cabo Branco, 1890 &#8211; Cabo Branco<br \/>Telefone: +55 083 3044-6700, +55 083 3044-6702<br \/>Site: www.ambassadorflat.com.br<\/p><h6><span style=\"color: #000021;\"><strong><br \/>ANJOS BEACH HOTEL<\/strong><\/span><\/h6><p>Tipo: Hotel<br \/>Endere\u00e7o: Rua Geraldo Costa 91, &#8211; Mana\u00edra<br \/>Telefone: +55 083 3024-8607<br \/>Site: www.pousadadosanjospb.com.br<\/p><h6><span style=\"color: #000021;\"><strong><br \/>ANJOS ROYAL HOTEL<\/strong><\/span><\/h6><p>Tipo: Hotel<br \/>Endere\u00e7o: Pra\u00e7a Santo Antonio, 22 &#8211; Tamba\u00fa<br \/>Telefone: +55 083 99638-3209<\/p><h6><span style=\"color: #000021;\"><strong><br \/>ANNAMAR HOTEL<\/strong><\/span><\/h6><p>Tipo: Hotel<br \/>Endere\u00e7o: Pra\u00e7a Santo Ant\u00f4nio, n\u00b036 &#8211; Tamba\u00fa<br \/>Telefone: +55 083 3247-3011, +55 083 2108-7000<br \/>Site: www.annamarhotel.com.br<\/p><h6><span style=\"color: #000021;\"><strong><br \/>ARAN OURO BRANCO HOTEL<\/strong><\/span><\/h6><p>Tipo: Hotel<br \/>Endere\u00e7o: Av. Nossa Senhora dos Navegantes, 431 &#8211; Tamba\u00fa<br \/>Telefone: +55 083 4009-0100<\/p><h6><span style=\"color: #000021;\"><strong><br \/>ATL\u00c2NTICO CABO BRANCO<\/strong><\/span><\/h6><p>Tipo: Hotel<br \/>Endere\u00e7o: Av. Cabo Branco. 4542 &#8211; Cabo Branco<br \/>Telefone: +55 0XX83 3876-4808<br \/>Site: www.cabobrancoatlantico.com.br<\/p><h6><span style=\"color: #000021;\"><strong><br \/>BRISA DO MAR TAMBA\u00da<\/strong><\/span><\/h6><p>Tipo: Hotel<br \/>Endere\u00e7o: Av. Isidro Gomes, 257 &#8211; Tamba\u00fa<br \/>Telefone: + 55 083 3247-1240 \/ 3247-1708<br \/>Site: www.hoteldomfelipe.com.br<\/p><h6><span style=\"color: #000021;\"><strong><br \/>HARDMAN PRAIA HOTEL<\/strong><\/span><\/h6><p>Tipo: Hotel<br \/>Endere\u00e7o: Av. Jo\u00e3o Mauricio, 1341 &#8211; Mana\u00edra<br \/>Telefone: +55 083 3216-8811<br \/>Site: www.hotelhardman.com.br<\/p><h6><span style=\"color: #000021;\"><strong><br \/>HOTEL POUSADA TAMANDAR\u00c9<\/strong><\/span><\/h6><p>Tipo: Hotel<br \/>Endere\u00e7o: Av. Almirante Tamandar\u00e9, 680 &#8211; Tamba\u00fa<br \/>Telefone: +55 083 3226-1159<br \/>Site: www.pousadatamandarepb.com.br<\/p>\t\t\t\t\t\t\t\t<\/div>\n\t\t\t\t<\/div>\n\t\t\t\t<div class=\"elementor-element elementor-element-1a1bc91 elementor-widget__width-initial elementor-widget elementor-widget-text-editor\" data-id=\"1a1bc91\" data-element_type=\"widget\" data-e-type=\"widget\" data-widget_type=\"text-editor.default\">\n\t\t\t\t<div class=\"elementor-widget-container\">\n\t\t\t\t\t\t\t\t\t<h6><span style=\"color: #000021;\"><strong>HOTEL CAI\u00c7ARA<\/strong><\/span><\/h6><p>Tipo: Hotel<br \/>Endere\u00e7o: Av. Olinda, 235 &#8211; Tamba\u00fa<br \/>Telefone: +55 083 2106-1000<br \/>Site: www.hotelcaicara.com<\/p><h6><span style=\"color: #000021;\"><strong><br \/>HOTEL CORAIS DE TAMBA\u00da<\/strong><\/span><\/h6><p>Tipo: Hotel<br \/>Endere\u00e7o: Av. Almirante Tamandar\u00e9, 624 &#8211; Tamba\u00fa<br \/>Telefone: +55 083 3022-2500<\/p><h6><span style=\"color: #000021;\"><strong><br \/>HOTEL DO MAR CABO BRANCO<\/strong><\/span><\/h6><p>Tipo: Hotel<br \/>Endere\u00e7o: Avenida Cabo Branco,3033 &#8211; Cabo Branco<br \/>Telefone: +55 083 3566-9610<\/p><h6><span style=\"color: #000021;\"><strong><br \/>HOTEL FILIPEIA<\/strong><\/span><\/h6><p>Tipo: Hotel<br \/>Endere\u00e7o: Avenida Izidro Gomes, 44 &#8211; Tamba\u00fa<br \/>Telefone: +55 083 3219-3744<br \/>Site: www.hotelfilipeia.com.br<\/p><h6><span style=\"color: #000021;\"><strong><br \/>HOTEL GREEN SUNSET<\/strong><\/span><\/h6><p>Tipo: Hotel<br \/>Endere\u00e7o: Av Cabo Branco 4400 &#8211; Cabo Branco<br \/>Telefone: +55 0XX83 3022-2000<br \/>Site: www.greensunset.com.br<\/p><h6><span style=\"color: #000021;\"><strong><br \/>HOTEL IBIS JO\u00c3O PESSOA<\/strong><\/span><\/h6><p>Tipo: Hotel<br \/>Endere\u00e7o: Av. Cabo Branco, 4350 &#8211; Cabo Branco<br \/>Telefone: +55 083 2108-9200 \/ 2108-9201<\/p><h6><span style=\"color: #000021;\"><strong><br \/>HOTEL LITTORAL EXPRESS<\/strong><\/span><\/h6><p>Tipo: Hotel<br \/>Endere\u00e7o: Av. Almirante Tamandar\u00e9, 370 &#8211; Tamba\u00fa<br \/>Telefone: +55 083 2106-9900, +55 083 2106-9911<br \/>Site: www.litoral.com.br<\/p><h6><span style=\"color: #000021;\"><strong><br \/>HOTEL POUSADA COSTA DO ATL\u00c2NTICO<\/strong><\/span><\/h6><p>Tipo: Hotel<br \/>Endere\u00e7o: Av. Jo\u00e3o Maur\u00edcio, 193 &#8211; Tamba\u00fa<br \/>Telefone: +55 083 3247-6505<br \/>Site: www.hotelcostadoatlantico.com.b<\/p><h6><span style=\"color: #000021;\"><strong><br \/>HOTEL POUSADA TEI\u00da<\/strong><\/span><\/h6><p>Tipo: Hotel<br \/>Endere\u00e7o: R. Carlos Alverga, 37 &#8211; Tamba\u00fa<br \/>Telefone: +55 083 3247-6505<\/p><h6><span style=\"color: #000021;\"><strong><br \/>HOTEL SOLMAR (ANTIGO FARA\u00d3)<\/strong><\/span><\/h6><p>Tipo: Hotel<br \/>Endere\u00e7o: Av. Cabo Branco, 2870 &#8211; Cabo Branco<br \/>Telefone: +55 083 3041-7000, +55 083 3041-7001<\/p>\t\t\t\t\t\t\t\t<\/div>\n\t\t\t\t<\/div>\n\t\t\t\t\t<\/div>\n\t\t\t\t<\/div>\n\t\t\t\t\t<\/div>\n\t\t\t\t<\/div>\n\t\t\t\t<\/div>\n\t\t","protected":false},"excerpt":{"rendered":"<p>Hospedagem Onde Ficar Para mais locais, entre em contato com a Luck Viagens ( Ag\u00eancia de Viagens Oficial do evento) Clique aqui Outras op\u00e7\u00f5es de locais para voc\u00ea entrar em contato: AKROPOL\u00cdS MAR HOTEL Tipo: HotelEndere\u00e7o: Av. Cairu, 222 &#8211; Cabo BrancoTelefone: +55 083 3031-1058, +55 083 3031-1059Site: www.akropolismarhotel.com AMBASSADOR FLAT Tipo: FlatEndere\u00e7o: Av. Cabo [&hellip;]<\/p>\n","protected":false},"author":1,"featured_media":0,"parent":0,"menu_order":0,"comment_status":"closed","ping_status":"closed","template":"","meta":{"footnotes":""},"folder":[10],"class_list":["post-1532","page","type-page","status-publish","hentry"],"_links":{"self":[{"href":"https:\/\/csbc.sbc.org.br\/2023\/wp-json\/wp\/v2\/pages\/1532","targetHints":{"allow":["GET"]}}],"collection":[{"href":"https:\/\/csbc.sbc.org.br\/2023\/wp-json\/wp\/v2\/pages"}],"about":[{"href":"https:\/\/csbc.sbc.org.br\/2023\/wp-json\/wp\/v2\/types\/page"}],"author":[{"embeddable":true,"href":"https:\/\/csbc.sbc.org.br\/2023\/wp-json\/wp\/v2\/users\/1"}],"replies":[{"embeddable":true,"href":"https:\/\/csbc.sbc.org.br\/2023\/wp-json\/wp\/v2\/comments?post=1532"}],"version-history":[{"count":37,"href":"https:\/\/csbc.sbc.org.br\/2023\/wp-json\/wp\/v2\/pages\/1532\/revisions"}],"predecessor-version":[{"id":3139,"href":"https:\/\/csbc.sbc.org.br\/2023\/wp-json\/wp\/v2\/pages\/1532\/revisions\/3139"}],"wp:attachment":[{"href":"https:\/\/csbc.sbc.org.br\/2023\/wp-json\/wp\/v2\/media?parent=1532"}],"wp:term":[{"taxonomy":"folder","embeddable":true,"href":"https:\/\/csbc.sbc.org.br\/2023\/wp-json\/wp\/v2\/folder?post=1532"}],"curies":[{"name":"wp","href":"https:\/\/api.w.org\/{rel}","templated":true}]}}