{"id":3762,"date":"2023-08-04T18:52:13","date_gmt":"2023-08-04T18:52:13","guid":{"rendered":"https:\/\/csbc.sbc.org.br\/2023\/?page_id=3762"},"modified":"2023-08-11T01:32:27","modified_gmt":"2023-08-11T01:32:27","slug":"transporte-gratuito","status":"publish","type":"page","link":"https:\/\/csbc.sbc.org.br\/2023\/transporte-gratuito\/","title":{"rendered":"Transporte Gratuito"},"content":{"rendered":"\t\t<div data-elementor-type=\"wp-page\" data-elementor-id=\"3762\" class=\"elementor elementor-3762\" data-elementor-post-type=\"page\">\n\t\t\t\t<div class=\"elementor-element elementor-element-39ceafef e-flex e-con-boxed e-con e-parent\" data-id=\"39ceafef\" data-element_type=\"container\" data-e-type=\"container\" data-settings=\"{&quot;background_background&quot;:&quot;video&quot;,&quot;background_video_link&quot;:&quot;https:\\\/\\\/csbc.sbc.org.br\\\/2023\\\/wp-content\\\/uploads\\\/2023\\\/01\\\/O-Circuito-27725.mp4&quot;,&quot;background_play_on_mobile&quot;:&quot;yes&quot;}\">\n\t\t\t\t\t<div class=\"e-con-inner\">\n\t\t<div class=\"elementor-background-video-container\">\n\t\t\t\t\t\t\t<video class=\"elementor-background-video-hosted\" role=\"presentation\" autoplay muted playsinline loop><\/video>\n\t\t\t\t\t<\/div>\t\t<div class=\"elementor-element elementor-element-d50e176 elementor-widget elementor-widget-heading\" data-id=\"d50e176\" data-element_type=\"widget\" data-e-type=\"widget\" data-widget_type=\"heading.default\">\n\t\t\t\t<div class=\"elementor-widget-container\">\n\t\t\t\t\t<h2 class=\"elementor-heading-title elementor-size-default\">Transporte Gratuito<\/h2>\t\t\t\t<\/div>\n\t\t\t\t<\/div>\n\t\t\t\t<div class=\"elementor-element elementor-element-22bf223f elementor-widget-divider--view-line elementor-widget elementor-widget-divider\" data-id=\"22bf223f\" data-element_type=\"widget\" data-e-type=\"widget\" data-widget_type=\"divider.default\">\n\t\t\t\t<div class=\"elementor-widget-container\">\n\t\t\t\t\t\t\t<div class=\"elementor-divider\">\n\t\t\t<span class=\"elementor-divider-separator\">\n\t\t\t\t\t\t<\/span>\n\t\t<\/div>\n\t\t\t\t\t\t<\/div>\n\t\t\t\t<\/div>\n\t\t\t\t\t<\/div>\n\t\t\t\t<\/div>\n\t\t<div class=\"elementor-element elementor-element-5884282 e-flex e-con-boxed e-con e-parent\" data-id=\"5884282\" data-element_type=\"container\" data-e-type=\"container\">\n\t\t\t\t\t<div class=\"e-con-inner\">\n\t\t\t\t<div class=\"elementor-element elementor-element-a927925 elementor-widget__width-inherit e-n-tabs-mobile elementor-widget elementor-widget-n-tabs\" data-id=\"a927925\" data-element_type=\"widget\" data-e-type=\"widget\" data-widget_type=\"nested-tabs.default\">\n\t\t\t\t<div class=\"elementor-widget-container\">\n\t\t\t\t\t\t\t<div class=\"e-n-tabs\" data-widget-number=\"177371429\" aria-label=\"Abas. Abra itens com &quot;Enter&quot; ou &quot;Espa\u00e7o&quot;, feche com &quot;Escape&quot; e navegue usando as teclas de &quot;Seta&quot;.\">\n\t\t\t<div class=\"e-n-tabs-heading\" role=\"tablist\">\n\t\t\t\t\t<button id=\"e-n-tab-title-1773714291\" data-tab-title-id=\"e-n-tab-title-1773714291\" class=\"e-n-tab-title elementor-animation-sink\" aria-selected=\"true\" data-tab-index=\"1\" role=\"tab\" tabindex=\"0\" aria-controls=\"e-n-tab-content-1773714291\" style=\"--n-tabs-title-order: 1;\">\n\t\t\t\t\t\t<span class=\"e-n-tab-title-text\">\n\t\t\t\tSexta (11\/08)\t\t\t<\/span>\n\t\t<\/button>\n\t\t\t\t<button id=\"e-n-tab-title-1773714292\" data-tab-title-id=\"e-n-tab-title-1773714292\" class=\"e-n-tab-title elementor-animation-sink\" aria-selected=\"false\" data-tab-index=\"2\" role=\"tab\" tabindex=\"-1\" aria-controls=\"e-n-tab-content-1773714292\" style=\"--n-tabs-title-order: 2;\">\n\t\t\t\t\t\t<span class=\"e-n-tab-title-text\">\n\t\t\t\tVolunt\u00e1rios\/Estudantes\t\t\t<\/span>\n\t\t<\/button>\n\t\t\t\t\t<\/div>\n\t\t\t<div class=\"e-n-tabs-content\">\n\t\t\t\t<div id=\"e-n-tab-content-1773714291\" role=\"tabpanel\" aria-labelledby=\"e-n-tab-title-1773714291\" data-tab-index=\"1\" style=\"--n-tabs-title-order: 1;\" class=\"e-active elementor-element elementor-element-b89da7f e-con-full e-flex e-con e-parent\" data-id=\"b89da7f\" data-element_type=\"container\" data-e-type=\"container\">\n\t\t\t\t<div class=\"elementor-element elementor-element-259b701 elementor-widget elementor-widget-text-editor\" data-id=\"259b701\" data-element_type=\"widget\" data-e-type=\"widget\" data-widget_type=\"text-editor.default\">\n\t\t\t\t<div class=\"elementor-widget-container\">\n\t\t\t\t\t\t\t\t\t<p><span style=\"color: #000080;\"><b>Hor\u00e1rios do transporte gratuito para os congressistas do CSBC 2023 (Centro de Conven\u00e7\u00f5es &#8211; Jo\u00e3o Pessoa &#8211; PB)<\/b><\/span><\/p>\n<p><span style=\"font-weight: 400;\">Prezado(a)s congressistas e pesquisadores, sejam bem vindos ao CSBC 2023. Sejam bem vindos a Jo\u00e3o Pessoa,&nbsp; sejam bem vindos ao Nordeste!!<\/span><\/p>\n<p><span style=\"font-weight: 400;\">Preparamos um Congresso com muito carinho para celebrarmos o 43\u00b0 CSBC. E a organiza\u00e7\u00e3o do CSBC 2023 disponibilizar\u00e1, como cortesia, o servi\u00e7o de transporte gratuito entre alguns hot\u00e9is e o local da realiza\u00e7\u00e3o do evento durante o per\u00edodo de 06 a 11 de agosto.<\/span><\/p>\n<p><span style=\"font-weight: 400;\">Todas as pessoas inscritas na CSBC 2023 poder\u00e3o utilizar o transporte <\/span><span style=\"font-weight: 400;\">e escolher o roteiro desejado. Por favor, confira nos menus ao lado, referente ao dia do evento, os hor\u00e1rios de ida e retorno e itiner\u00e1rio do \u00f4nibus. O itiner\u00e1rio dos \u00f4nibus \u00e9 passando pelos hot\u00e9is conveniados do evento CSBC.<\/span><\/p>\n<h4><span style=\"color: #000080;\"><b>Informa\u00e7\u00f5es importantes<\/b><\/span><\/h4>\n<ul>\n<li style=\"font-weight: 400;\" aria-level=\"1\"><span style=\"font-weight: 400;\">As rotas e hor\u00e1rios, por enquanto, est\u00e3o com uma programa\u00e7\u00e3o inicial e podem ser alteradas dependendo da ocupa\u00e7\u00e3o de cada hotel.<\/span><\/li>\n<li style=\"font-weight: 400;\" aria-level=\"1\"><span style=\"font-weight: 400;\">A toler\u00e2ncia ser\u00e1 de, no m\u00e1ximo, 5 minutos de atraso ao ponto de refer\u00eancia no itiner\u00e1rio;<\/span><\/li>\n<\/ul>\n<table dir=\"ltr\" border=\"1\" cellspacing=\"0\" cellpadding=\"0\">\n<colgroup>\n<col width=\"164\">\n<col width=\"153\">\n<col width=\"165\">\n<col width=\"258\"><\/colgroup>\n<tbody>\n<tr>\n<td style=\"text-align: center;\" colspan=\"4\" rowspan=\"1\" data-sheets-value=\"{&quot;1&quot;:2,&quot;2&quot;:&quot;Sexta-Feira - 11\/08\/2023&quot;}\"><strong><span style=\"color: #000080;\">Sexta-Feira &#8211; 11\/08\/2023<\/span><\/strong><\/td>\n<\/tr>\n<tr>\n<td style=\"text-align: center;\" colspan=\"4\" rowspan=\"1\" data-sheets-value=\"{&quot;1&quot;:2,&quot;2&quot;:&quot;Rota de Almo\u00e7o&quot;}\"><span style=\"color: #000080;\">Rota de Almo\u00e7o<\/span><\/td>\n<\/tr>\n<tr>\n<td style=\"text-align: center;\" colspan=\"4\" rowspan=\"1\" data-sheets-value=\"{&quot;1&quot;:2,&quot;2&quot;:&quot;Itiner\u00e1rio ida e volta: Centro de Conven\u00e7\u00f5es - Mangabeira Shopping&quot;}\"><span style=\"color: #000080;\">Itiner\u00e1rio ida e volta: Centro de Conven\u00e7\u00f5es &#8211; Mangabeira Shopping<\/span><\/td>\n<\/tr>\n<tr>\n<td style=\"text-align: center;\" colspan=\"2\" rowspan=\"1\" data-sheets-value=\"{&quot;1&quot;:2,&quot;2&quot;:&quot;Hor\u00e1rios de ida &quot;}\">Hor\u00e1rios de ida<\/td>\n<td style=\"text-align: center;\" colspan=\"2\" rowspan=\"1\" data-sheets-value=\"{&quot;1&quot;:2,&quot;2&quot;:&quot;Hor\u00e1rios de retorno&quot;}\">Hor\u00e1rios de retorno<\/td>\n<\/tr>\n<tr>\n<td style=\"text-align: center;\" colspan=\"2\" rowspan=\"1\" data-sheets-value=\"{&quot;1&quot;:3,&quot;3&quot;:0.5243055555555556}\" data-sheets-numberformat=\"{&quot;1&quot;:6,&quot;2&quot;:&quot;hh:mm&quot;,&quot;3&quot;:1}\">12:35<\/td>\n<td style=\"text-align: center;\" colspan=\"2\" rowspan=\"1\" data-sheets-value=\"{&quot;1&quot;:3,&quot;3&quot;:0.5729166666666666}\" data-sheets-numberformat=\"{&quot;1&quot;:6,&quot;2&quot;:&quot;hh:mm&quot;,&quot;3&quot;:1}\">13:45<\/td>\n<\/tr>\n<tr>\n<td style=\"text-align: center;\" colspan=\"4\" rowspan=\"1\" data-sheets-value=\"{&quot;1&quot;:2,&quot;2&quot;:&quot;Rota 1 - Ponto de partida: Hotel Verde Green (Mana\u00edra)&quot;}\"><span style=\"color: #000080;\">Rota 1 &#8211; Ponto de partida: Hotel Verde Green (Mana\u00edra)<\/span><\/td>\n<\/tr>\n<tr>\n<td style=\"text-align: center;\" colspan=\"4\" rowspan=\"1\" data-sheets-value=\"{&quot;1&quot;:2,&quot;2&quot;:&quot;Itiner\u00e1rio ida e volta: Hotel Verde Green -&nbsp;Hotel Mana\u00edra - Nord Easy Connect - Centro de Conven\u00e7\u00f5es&quot;}\" data-sheets-textstyleruns=\"{&quot;1&quot;:0}\uee10{&quot;1&quot;:24,&quot;2&quot;:{&quot;5&quot;:0}}\"><span style=\"color: #000080;\">Itiner\u00e1rio ida e volta: Hotel Verde Green &#8211;&nbsp;Hotel Mana\u00edra &#8211; Nord Easy Connect &#8211;&nbsp;<\/span>Village Premium &#8211; Laguna &#8211; Nobile Su\u00edtes &#8211; Litoral Express &#8211; Cai\u00e7ara &#8211; Centro de Conven\u00e7\u00f5es<span style=\"color: #000080;\"><br>\n<\/span><\/td>\n<\/tr>\n<tr>\n<td style=\"text-align: center;\" colspan=\"2\" rowspan=\"1\" data-sheets-value=\"{&quot;1&quot;:2,&quot;2&quot;:&quot;Hor\u00e1rios de ida &quot;}\">Hor\u00e1rios de ida<\/td>\n<td style=\"text-align: center;\" colspan=\"2\" rowspan=\"1\" data-sheets-value=\"{&quot;1&quot;:2,&quot;2&quot;:&quot;Hor\u00e1rios de retorno&quot;}\">Hor\u00e1rios de retorno<\/td>\n<\/tr>\n<tr>\n<td style=\"text-align: center;\" colspan=\"2\" rowspan=\"1\" data-sheets-value=\"{&quot;1&quot;:2,&quot;2&quot;:&quot;07:45, 9:00&quot;}\">07:45, 9:00<\/td>\n<td style=\"text-align: center;\" colspan=\"2\" rowspan=\"1\" data-sheets-value=\"{&quot;1&quot;:2,&quot;2&quot;:&quot;12:10, 15:40 e 17:10&quot;}\">12:10, 15:40 e 17:10<\/td>\n<\/tr>\n<tr>\n<td style=\"text-align: center;\" colspan=\"4\" rowspan=\"1\" data-sheets-value=\"{&quot;1&quot;:2,&quot;2&quot;:&quot;Rota 2 - Ponto de partida: Nord Easy Ondas do Atl\u00e2ntico&quot;}\"><span style=\"color: #000080;\">Rota 2 &#8211; Ponto de partida: Nord Easy Ondas do Atl\u00e2ntico<\/span><\/td>\n<\/tr>\n<tr>\n<td style=\"text-align: center;\" colspan=\"4\" rowspan=\"1\" data-sheets-value=\"{&quot;1&quot;:2,&quot;2&quot;:&quot;Itiner\u00e1rio ida e volta: Nord Easy Ondas do Atl\u00e2ntico - Netuanah - Ibis - Cabo Branco Atl\u00e2ntico - Centro de Conven\u00e7\u00f5es&quot;}\"><span style=\"color: #000080;\">Itiner\u00e1rio ida e volta: Nord Easy Ondas do Atl\u00e2ntico &#8211; Netuanah &#8211; Ibis &#8211; Cabo Branco Atl\u00e2ntico &#8211; Centro de Conven\u00e7\u00f5es<\/span><\/td>\n<\/tr>\n<tr>\n<td style=\"text-align: center;\" colspan=\"2\" rowspan=\"1\" data-sheets-value=\"{&quot;1&quot;:2,&quot;2&quot;:&quot;Hor\u00e1rios de ida &quot;}\">Hor\u00e1rios de ida<\/td>\n<td style=\"text-align: center;\" colspan=\"2\" rowspan=\"1\" data-sheets-value=\"{&quot;1&quot;:2,&quot;2&quot;:&quot;Hor\u00e1rios de retorno&quot;}\">Hor\u00e1rios de retorno<\/td>\n<\/tr>\n<tr>\n<td style=\"text-align: center;\" colspan=\"2\" rowspan=\"1\" data-sheets-value=\"{&quot;1&quot;:2,&quot;2&quot;:&quot;07:45, 9:00&quot;}\">07:45, 9:00<\/td>\n<td style=\"text-align: center;\" colspan=\"2\" rowspan=\"1\" data-sheets-value=\"{&quot;1&quot;:2,&quot;2&quot;:&quot;12:10, 15:40 e 17:10&quot;}\">12:10, 15:40 e 17:10<\/td>\n<\/tr>\n<tr>\n<td style=\"text-align: center;\" colspan=\"4\" rowspan=\"1\" data-sheets-value=\"{&quot;1&quot;:2,&quot;2&quot;:&quot;Rota 3 - Ponto de partida: Quality Su\u00edtes (Tamba\u00fa)&quot;}\"><span style=\"color: #000080;\">Rota 3 &#8211; Ponto de partida: Quality Su\u00edtes (Tamba\u00fa)<\/span><\/td>\n<\/tr>\n<tr>\n<td style=\"text-align: center;\" colspan=\"4\" rowspan=\"1\" data-sheets-value=\"{&quot;1&quot;:2,&quot;2&quot;:&quot;Itiner\u00e1rio ida e volta: Quality Suites - Laguna - Nobile Su\u00edtes - Litoral Express - Cai\u00e7ara - Centro de Conven\u00e7\u00f5es&quot;}\" data-sheets-textstyleruns=\"{&quot;1&quot;:0}\uee10{&quot;1&quot;:24,&quot;2&quot;:{&quot;5&quot;:0}}\"><span style=\"color: #000080;\">Itiner\u00e1rio ida e volta: Quality Suites &#8211; Laguna &#8211; Nobile Su\u00edtes &#8211; Litoral Express &#8211; Cai\u00e7ara &#8211; Centro de Conven\u00e7\u00f5es<\/span><\/td>\n<\/tr>\n<tr>\n<td style=\"text-align: center;\" colspan=\"2\" rowspan=\"1\" data-sheets-value=\"{&quot;1&quot;:2,&quot;2&quot;:&quot;Hor\u00e1rios de ida &quot;}\">Hor\u00e1rios de ida<\/td>\n<td style=\"text-align: center;\" colspan=\"2\" rowspan=\"1\" data-sheets-value=\"{&quot;1&quot;:2,&quot;2&quot;:&quot;Hor\u00e1rios de retorno&quot;}\">Hor\u00e1rios de retorno<\/td>\n<\/tr>\n<tr>\n<td style=\"text-align: center;\" colspan=\"2\" rowspan=\"1\" data-sheets-value=\"{&quot;1&quot;:2,&quot;2&quot;:&quot;07:45, 9:00&quot;}\">07:45, 9:00<\/td>\n<td style=\"text-align: center;\" colspan=\"2\" rowspan=\"1\" data-sheets-value=\"{&quot;1&quot;:2,&quot;2&quot;:&quot;12:10, 15:40 e 17:10&quot;}\">12:10, 15:40 e 17:10<\/td>\n<\/tr>\n<\/tbody>\n<\/table>\t\t\t\t\t\t\t\t<\/div>\n\t\t\t\t<\/div>\n\t\t\t\t<\/div>\n\t\t<div id=\"e-n-tab-content-1773714292\" role=\"tabpanel\" aria-labelledby=\"e-n-tab-title-1773714292\" data-tab-index=\"2\" style=\"--n-tabs-title-order: 2;\" class=\" elementor-element elementor-element-7f279da e-con-full e-flex e-con e-parent\" data-id=\"7f279da\" data-element_type=\"container\" data-e-type=\"container\">\n\t\t\t\t<div class=\"elementor-element elementor-element-ea09625 elementor-widget elementor-widget-text-editor\" data-id=\"ea09625\" data-element_type=\"widget\" data-e-type=\"widget\" data-widget_type=\"text-editor.default\">\n\t\t\t\t<div class=\"elementor-widget-container\">\n\t\t\t\t\t\t\t\t\t<p><span style=\"color: #000080;\"><b>Hor\u00e1rios do transporte gratuito para os volunt\u00e1rios\/estudantes do CSBC 2023 (Centro de Conven\u00e7\u00f5es &#8211; Jo\u00e3o Pessoa &#8211; PB)<\/b><span style=\"font-weight: 400;\">\u00a0<\/span><\/span><\/p><p><span style=\"font-weight: 400;\">Prezado(a)s volunt\u00e1rios, sejam bem vindos ao CSBC 2023. Segue abaixo os hor\u00e1rios dos \u00f4nibus que ser\u00e3o disponibilizados gratuitamente para voc\u00eas.<\/span><span style=\"font-weight: 400;\"> Por favor, confira os hor\u00e1rios de ida e retorno e itiner\u00e1rio do \u00f4nibus.<\/span><\/p><h4><span style=\"color: #000080;\"><b>Informa\u00e7\u00f5es importantes<\/b><\/span><\/h4><ul><li style=\"font-weight: 400;\" aria-level=\"1\"><span style=\"font-weight: 400;\">As rotas e hor\u00e1rios, por enquanto, est\u00e3o com uma programa\u00e7\u00e3o inicial e podem ser alteradas dependendo da ocupa\u00e7\u00e3o de cada hotel. A programa\u00e7\u00e3o final ser\u00e1 fechada na data 06\/08\/2023 \u00e0s 06:00.<\/span><\/li><li style=\"font-weight: 400;\" aria-level=\"1\"><span style=\"font-weight: 400;\">A toler\u00e2ncia ser\u00e1 de, no m\u00e1ximo, 5 minutos de atraso ao ponto de refer\u00eancia no itiner\u00e1rio;<\/span><\/li><\/ul><p>\u00a0<\/p><table dir=\"ltr\" border=\"1\" cellspacing=\"0\" cellpadding=\"0\"><colgroup><col width=\"201\" \/><col width=\"328\" \/><\/colgroup><tbody><tr><td style=\"text-align: center;\" colspan=\"2\" rowspan=\"1\" data-sheets-value=\"{&quot;1&quot;:2,&quot;2&quot;:&quot;Hor\u00e1rios dos \u00f4nibus para os volunt\u00e1rios e estudantes&quot;}\"><strong><span style=\"color: #000080;\">Hor\u00e1rios dos \u00f4nibus para os volunt\u00e1rios e estudantes<\/span><\/strong><\/td><\/tr><tr><td data-sheets-value=\"{&quot;1&quot;:2,&quot;2&quot;:&quot;Itiner\u00e1rio ida e volta:&quot;}\">Itiner\u00e1rio ida e volta:<\/td><td data-sheets-value=\"{&quot;1&quot;:2,&quot;2&quot;:&quot;IFPB (Campus Jo\u00e3o Pessoa) - Centro de conven\u00e7\u00f5es&quot;}\">IFPB (Campus Jo\u00e3o Pessoa) &#8211; Centro de conven\u00e7\u00f5es<\/td><\/tr><tr><td data-sheets-value=\"{&quot;1&quot;:2,&quot;2&quot;:&quot;Hor\u00e1rio de Ida (todos os dias)&quot;}\">Hor\u00e1rio de Ida (todos os dias)<\/td><td data-sheets-value=\"{&quot;1&quot;:2,&quot;2&quot;:&quot;7:30 , 8:45 e  12:40&quot;}\">7:30 , 8:45 e 12:40<\/td><\/tr><tr><td colspan=\"1\" rowspan=\"6\" data-sheets-value=\"{&quot;1&quot;:2,&quot;2&quot;:&quot;Hor\u00e1rios de retorno&quot;}\"><div>Hor\u00e1rios de retorno<\/div><\/td><td data-sheets-value=\"{&quot;1&quot;:2,&quot;2&quot;:&quot;Domingo (06\/08): 17:10 e 18:30&quot;}\" data-sheets-textstyleruns=\"{&quot;1&quot;:0,&quot;2&quot;:{&quot;5&quot;:1}}\uee10{&quot;1&quot;:16}\">Domingo (06\/08): 17:10 e 18:30<\/td><\/tr><tr><td data-sheets-value=\"{&quot;1&quot;:2,&quot;2&quot;:&quot;Segunda (07\/08):  20:10, 21:10 e 22:10&quot;}\" data-sheets-textstyleruns=\"{&quot;1&quot;:0,&quot;2&quot;:{&quot;5&quot;:1}}\uee10{&quot;1&quot;:17}\">Segunda (07\/08): 20:10, 21:10 e 22:10<\/td><\/tr><tr><td data-sheets-value=\"{&quot;1&quot;:2,&quot;2&quot;:&quot;Ter\u00e7a (08\/08): 20:10 e 21:10&quot;}\" data-sheets-textstyleruns=\"{&quot;1&quot;:0,&quot;2&quot;:{&quot;5&quot;:1}}\uee10{&quot;1&quot;:15}\">Ter\u00e7a (08\/08): 20:10 e 21:10<\/td><\/tr><tr><td data-sheets-value=\"{&quot;1&quot;:2,&quot;2&quot;:&quot;Quarta (09\/08):  20:10 e 21:10&quot;}\" data-sheets-textstyleruns=\"{&quot;1&quot;:0,&quot;2&quot;:{&quot;5&quot;:1}}\uee10{&quot;1&quot;:16}\">Quarta (09\/08): 20:10 e 21:10<\/td><\/tr><tr><td data-sheets-value=\"{&quot;1&quot;:2,&quot;2&quot;:&quot;Quinta (10\/08): 18:40 e 19:40&quot;}\" data-sheets-textstyleruns=\"{&quot;1&quot;:0,&quot;2&quot;:{&quot;5&quot;:1}}\uee10{&quot;1&quot;:16}\">Quinta (10\/08): 18:40 e 19:40<\/td><\/tr><tr><td data-sheets-value=\"{&quot;1&quot;:2,&quot;2&quot;:&quot;Sexta (11\/08): 17:10 e 18:10&quot;}\" data-sheets-textstyleruns=\"{&quot;1&quot;:0,&quot;2&quot;:{&quot;5&quot;:1}}\uee10{&quot;1&quot;:15}\">Sexta (11\/08): 17:10 e 18:10<\/td><\/tr><\/tbody><\/table>\t\t\t\t\t\t\t\t<\/div>\n\t\t\t\t<\/div>\n\t\t\t\t<\/div>\n\t\t\t\t\t<\/div>\n\t\t<\/div>\n\t\t\t\t\t\t<\/div>\n\t\t\t\t<\/div>\n\t\t\t\t\t<\/div>\n\t\t\t\t<\/div>\n\t\t\t\t<\/div>\n\t\t","protected":false},"excerpt":{"rendered":"<p>Sexta (11\/08) Volunt\u00e1rios\/Estudantes Sexta (11\/08) Hor\u00e1rios do transporte gratuito para os congressistas do CSBC 2023 (Centro de Conven\u00e7\u00f5es &#8211; Jo\u00e3o Pessoa &#8211; PB) Prezado(a)s congressistas e pesquisadores, sejam bem vindos ao CSBC 2023. Sejam bem vindos a Jo\u00e3o Pessoa,&nbsp; sejam bem vindos ao Nordeste!! Preparamos um Congresso com muito carinho para celebrarmos o 43\u00b0 CSBC. [&hellip;]<\/p>\n","protected":false},"author":1,"featured_media":0,"parent":0,"menu_order":0,"comment_status":"closed","ping_status":"closed","template":"","meta":{"footnotes":""},"folder":[10],"class_list":["post-3762","page","type-page","status-publish","hentry"],"_links":{"self":[{"href":"https:\/\/csbc.sbc.org.br\/2023\/wp-json\/wp\/v2\/pages\/3762","targetHints":{"allow":["GET"]}}],"collection":[{"href":"https:\/\/csbc.sbc.org.br\/2023\/wp-json\/wp\/v2\/pages"}],"about":[{"href":"https:\/\/csbc.sbc.org.br\/2023\/wp-json\/wp\/v2\/types\/page"}],"author":[{"embeddable":true,"href":"https:\/\/csbc.sbc.org.br\/2023\/wp-json\/wp\/v2\/users\/1"}],"replies":[{"embeddable":true,"href":"https:\/\/csbc.sbc.org.br\/2023\/wp-json\/wp\/v2\/comments?post=3762"}],"version-history":[{"count":88,"href":"https:\/\/csbc.sbc.org.br\/2023\/wp-json\/wp\/v2\/pages\/3762\/revisions"}],"predecessor-version":[{"id":4004,"href":"https:\/\/csbc.sbc.org.br\/2023\/wp-json\/wp\/v2\/pages\/3762\/revisions\/4004"}],"wp:attachment":[{"href":"https:\/\/csbc.sbc.org.br\/2023\/wp-json\/wp\/v2\/media?parent=3762"}],"wp:term":[{"taxonomy":"folder","embeddable":true,"href":"https:\/\/csbc.sbc.org.br\/2023\/wp-json\/wp\/v2\/folder?post=3762"}],"curies":[{"name":"wp","href":"https:\/\/api.w.org\/{rel}","templated":true}]}}