{"id":916,"date":"2023-01-30T01:49:32","date_gmt":"2023-01-30T01:49:32","guid":{"rendered":"https:\/\/csbc.sbc.org.br\/2023\/?page_id=916"},"modified":"2023-08-08T17:07:04","modified_gmt":"2023-08-08T17:07:04","slug":"computec","status":"publish","type":"page","link":"https:\/\/csbc.sbc.org.br\/2023\/computec\/","title":{"rendered":"COMPUTEC"},"content":{"rendered":"\t\t<div data-elementor-type=\"wp-page\" data-elementor-id=\"916\" class=\"elementor elementor-916\" data-elementor-post-type=\"page\">\n\t\t\t\t<div class=\"elementor-element elementor-element-39ceafef e-flex e-con-boxed e-con e-parent\" data-id=\"39ceafef\" data-element_type=\"container\" data-e-type=\"container\" data-settings=\"{&quot;background_background&quot;:&quot;video&quot;,&quot;background_video_link&quot;:&quot;https:\\\/\\\/csbc.sbc.org.br\\\/2023\\\/wp-content\\\/uploads\\\/2023\\\/01\\\/O-Circuito-27725.mp4&quot;,&quot;background_play_on_mobile&quot;:&quot;yes&quot;}\">\n\t\t\t\t\t<div class=\"e-con-inner\">\n\t\t<div class=\"elementor-background-video-container\">\n\t\t\t\t\t\t\t<video class=\"elementor-background-video-hosted\" role=\"presentation\" autoplay muted playsinline loop><\/video>\n\t\t\t\t\t<\/div>\t\t<div class=\"elementor-element elementor-element-d50e176 elementor-widget elementor-widget-heading\" data-id=\"d50e176\" data-element_type=\"widget\" data-e-type=\"widget\" data-widget_type=\"heading.default\">\n\t\t\t\t<div class=\"elementor-widget-container\">\n\t\t\t\t\t<h2 class=\"elementor-heading-title elementor-size-default\">COMPUTEC - Semin\u00e1rio de Computa\u00e7\u00e3o e Mercado<\/h2>\t\t\t\t<\/div>\n\t\t\t\t<\/div>\n\t\t\t\t<div class=\"elementor-element elementor-element-22bf223f elementor-widget-divider--view-line elementor-widget elementor-widget-divider\" data-id=\"22bf223f\" data-element_type=\"widget\" data-e-type=\"widget\" data-widget_type=\"divider.default\">\n\t\t\t\t<div class=\"elementor-widget-container\">\n\t\t\t\t\t\t\t<div class=\"elementor-divider\">\n\t\t\t<span class=\"elementor-divider-separator\">\n\t\t\t\t\t\t<\/span>\n\t\t<\/div>\n\t\t\t\t\t\t<\/div>\n\t\t\t\t<\/div>\n\t\t\t\t\t<\/div>\n\t\t\t\t<\/div>\n\t\t<div class=\"elementor-element elementor-element-5884282 e-flex e-con-boxed e-con e-parent\" data-id=\"5884282\" data-element_type=\"container\" data-e-type=\"container\">\n\t\t\t\t\t<div class=\"e-con-inner\">\n\t\t\t\t<div class=\"elementor-element elementor-element-a927925 elementor-widget__width-inherit e-n-tabs-mobile elementor-widget elementor-widget-n-tabs\" data-id=\"a927925\" data-element_type=\"widget\" data-e-type=\"widget\" data-widget_type=\"nested-tabs.default\">\n\t\t\t\t<div class=\"elementor-widget-container\">\n\t\t\t\t\t\t\t<div class=\"e-n-tabs\" data-widget-number=\"177371429\" aria-label=\"Abas. Abra itens com &quot;Enter&quot; ou &quot;Espa\u00e7o&quot;, feche com &quot;Escape&quot; e navegue usando as teclas de &quot;Seta&quot;.\">\n\t\t\t<div class=\"e-n-tabs-heading\" role=\"tablist\">\n\t\t\t\t\t<button id=\"e-n-tab-title-1773714291\" data-tab-title-id=\"e-n-tab-title-1773714291\" class=\"e-n-tab-title elementor-animation-sink\" aria-selected=\"true\" data-tab-index=\"1\" role=\"tab\" tabindex=\"0\" aria-controls=\"e-n-tab-content-1773714291\" style=\"--n-tabs-title-order: 1;\">\n\t\t\t\t\t\t<span class=\"e-n-tab-title-text\">\n\t\t\t\tSobre o evento\t\t\t<\/span>\n\t\t<\/button>\n\t\t\t\t<button id=\"e-n-tab-title-1773714292\" data-tab-title-id=\"e-n-tab-title-1773714292\" class=\"e-n-tab-title elementor-animation-sink\" aria-selected=\"false\" data-tab-index=\"2\" role=\"tab\" tabindex=\"-1\" aria-controls=\"e-n-tab-content-1773714292\" style=\"--n-tabs-title-order: 2;\">\n\t\t\t\t\t\t<span class=\"e-n-tab-title-text\">\n\t\t\t\tPrograma\u00e7\u00e3o\t\t\t<\/span>\n\t\t<\/button>\n\t\t\t\t<button id=\"e-n-tab-title-1773714293\" data-tab-title-id=\"e-n-tab-title-1773714293\" class=\"e-n-tab-title elementor-animation-sink\" aria-selected=\"false\" data-tab-index=\"3\" role=\"tab\" tabindex=\"-1\" aria-controls=\"e-n-tab-content-1773714293\" style=\"--n-tabs-title-order: 3;\">\n\t\t\t\t\t\t<span class=\"e-n-tab-title-text\">\n\t\t\t\tPalestras e Pain\u00e9is\t\t\t<\/span>\n\t\t<\/button>\n\t\t\t\t<button id=\"e-n-tab-title-1773714294\" data-tab-title-id=\"e-n-tab-title-1773714294\" class=\"e-n-tab-title elementor-animation-sink\" aria-selected=\"false\" data-tab-index=\"4\" role=\"tab\" tabindex=\"-1\" aria-controls=\"e-n-tab-content-1773714294\" style=\"--n-tabs-title-order: 4;\">\n\t\t\t\t\t\t<span class=\"e-n-tab-title-text\">\n\t\t\t\tOrganiza\u00e7\u00e3o\t\t\t<\/span>\n\t\t<\/button>\n\t\t\t\t\t<\/div>\n\t\t\t<div class=\"e-n-tabs-content\">\n\t\t\t\t<div id=\"e-n-tab-content-1773714291\" role=\"tabpanel\" aria-labelledby=\"e-n-tab-title-1773714291\" data-tab-index=\"1\" style=\"--n-tabs-title-order: 1;\" class=\"e-active elementor-element elementor-element-d4b1dc7 e-con-full e-flex e-con e-parent\" data-id=\"d4b1dc7\" data-element_type=\"container\" data-e-type=\"container\">\n\t\t\t\t<div class=\"elementor-element elementor-element-68fdba8 elementor-widget elementor-widget-text-editor\" data-id=\"68fdba8\" data-element_type=\"widget\" data-e-type=\"widget\" data-widget_type=\"text-editor.default\">\n\t\t\t\t<div class=\"elementor-widget-container\">\n\t\t\t\t\t\t\t\t\t<p><span style=\"font-weight: 400;\">O COMPUTEC \u00e9 um evento que promove a coopera\u00e7\u00e3o entre universidades, empresas, sociedade e governos na \u00e1rea de Computa\u00e7\u00e3o, buscando solu\u00e7\u00f5es inovadoras. Refletimos sobre desafios e oportunidades em inova\u00e7\u00e3o tecnol\u00f3gica, com foco na intera\u00e7\u00e3o universidade-empresa, pesquisa aplicada e programas governamentais. Representantes de diferentes setores compartilham ideias sobre pol\u00edticas p\u00fablicas, estrat\u00e9gias de desenvolvimento e vis\u00f5es de mercado, contribuindo para o avan\u00e7o da Computa\u00e7\u00e3o no Brasil.<\/span><\/p><p><span style=\"font-weight: 400;\">Coordena\u00e7\u00e3o do Computec:<\/span><\/p><p><span style=\"font-weight: 400;\">Michelle Wangham (UNIVALI)<\/span><\/p><p><span style=\"font-weight: 400;\">Guido Lemos (UFPB)<\/span><\/p>\t\t\t\t\t\t\t\t<\/div>\n\t\t\t\t<\/div>\n\t\t\t\t<\/div>\n\t\t<div id=\"e-n-tab-content-1773714292\" role=\"tabpanel\" aria-labelledby=\"e-n-tab-title-1773714292\" data-tab-index=\"2\" style=\"--n-tabs-title-order: 2;\" class=\" elementor-element elementor-element-801834f e-con-full e-flex e-con e-parent\" data-id=\"801834f\" data-element_type=\"container\" data-e-type=\"container\">\n\t\t\t\t<div class=\"elementor-element elementor-element-9410484 elementor-widget__width-inherit elementor-widget elementor-widget-text-editor\" data-id=\"9410484\" data-element_type=\"widget\" data-e-type=\"widget\" data-widget_type=\"text-editor.default\">\n\t\t\t\t<div class=\"elementor-widget-container\">\n\t\t\t\t\t\t\t\t\t<p><img fetchpriority=\"high\" decoding=\"async\" class=\"aligncenter wp-image-3596 size-full\" src=\"https:\/\/csbc.sbc.org.br\/2023\/wp-content\/uploads\/2023\/08\/computec.jpg\" alt=\"\" width=\"537\" height=\"209\" srcset=\"https:\/\/csbc.sbc.org.br\/2023\/wp-content\/uploads\/2023\/08\/computec.jpg 537w, https:\/\/csbc.sbc.org.br\/2023\/wp-content\/uploads\/2023\/08\/computec-300x117.jpg 300w\" sizes=\"(max-width: 537px) 100vw, 537px\" \/><\/p><table width=\"566\"><tbody><tr><td colspan=\"2\" width=\"566\"><p style=\"text-align: center;\"><span style=\"color: #000080;\"><strong>Quinta &#8211; 10\/08\/2023<\/strong><\/span><\/p><\/td><\/tr><tr><td width=\"96\"><p><strong>Hor\u00e1rio<\/strong><\/p><\/td><td width=\"470\"><p><strong>Atividade<\/strong><\/p><\/td><\/tr><tr><td width=\"96\"><p><strong>8h30 \u00e0s 10h<\/strong><\/p><\/td><td width=\"470\"><p><strong>Abertura do Computec e Sess\u00e3o de Pitches Selo de Inova\u00e7\u00e3o SBC<\/strong><\/p><p><strong>\u00a0<\/strong><\/p><p><strong>Carbono 21 &#8211; Transformando a\u00e7\u00f5es de reflorestamento em um ativo digital<\/strong><\/p><p>Autores: Pedro Henrique Barcha Correia (USP), Marcos Simplicio Jr (USP), Charles Miers (UDESC), Marco Marques (USP), Luciano Ermilivitch USP<\/p><p><strong>Modelo de Aprendizado Supervisionado para Apoio a Tomada de Decis\u00e3o em Seguran\u00e7a P\u00fablica de Munic\u00edpios do RS<\/strong><\/p><p>Autores: Gustavo Kremer (UFRGS), Daniela Brauner (UFRGS), Renata Galante (UFRGS), Eduardo Finn (UFRGS), Robson Santos (UFRGS)<\/p><p><strong>SisBarragens &#8211; Transformando a Gest\u00e3o de Barragens H\u00eddricas<\/strong><\/p><p>Autores: Antonio Jefferson Macedo (UFC), Allysson Allex Ara\u00fajo (UFC)<\/p><p><strong>Smart Glasses: Tecnologia vest\u00edvel para auxiliar pessoas com defici\u00eancia visual na detec\u00e7\u00e3o de obst\u00e1culos<\/strong><\/p><p>Autores: Petrucio Filho (UFC), Let\u00edcia Saraiva Chaves (UFC), Carlos Ferreira (UFC), Camila Diogenes (UFC), Maria Simone Nunes (UFC), Ingrid Monteiro (UFC), Paulo Armando Cavalcante Aguilar (UFC), Marcelo Martins da Silva (PUC-Rio)<\/p><p><strong>TITO: uma ferramenta para auxiliar no progn\u00f3stico da tuberculose atrav\u00e9s de um modelo de intelig\u00eancia artificial (IA)<\/strong><\/p><p>Autores: Maicon Lino Ferreira da Silva Barros (UPE), Vanderson Sampaio (Funda\u00e7\u00e3o de Medicina Tropical), Patricia Takako Endo (UPE)<\/p><p><strong>BANCA AVALIADORA<\/strong>: <em>Danyele Santana Raposo (Secret\u00e1ria Executiva de Ci\u00eancia e Tecnologia de Jo\u00e3o Pessoa), Altigran Soares da Silva (UFAM), Flavia Bernardini (UFF) e Giuliano Maia (Wisecare)<\/em><\/p><\/td><\/tr><tr><td width=\"96\"><p><strong>10h \u00e0s 10h30 <\/strong><\/p><\/td><td width=\"470\"><p><strong>Hub Farol Digital<\/strong><\/p><p><strong>Palestrante: <\/strong>Alek Maracaj\u00e1<\/p><\/td><\/tr><tr><td width=\"96\"><p><strong>10h30 \u00e0s 11h<\/strong><\/p><\/td><td width=\"470\"><p><strong>Coffee-breack<\/strong><\/p><\/td><\/tr><tr><td width=\"96\"><p><strong>11h \u00e0s 13h<\/strong><\/p><\/td><td width=\"470\"><p><strong>Assembleia da SBC: Resultado dos vencedores do selo de inova\u00e7\u00e3o SBC<\/strong><\/p><\/td><\/tr><tr><td width=\"96\"><p><strong>13h \u00e0s 14h <\/strong><\/p><\/td><td width=\"470\"><p><strong>Almo\u00e7o<\/strong><\/p><\/td><\/tr><tr><td width=\"96\"><p><strong>14h \u00e0s 14h40<\/strong><\/p><\/td><td width=\"470\"><p><strong>Painel<\/strong>: <strong>Como profissionais e estudantes de computa\u00e7\u00e3o devem tratar os desafios \u00e9ticos da intelig\u00eancia artificial (IA)?<\/strong><\/p><p><strong>Painelistas:<\/strong><\/p><p>Flavia Bernardini (UFF)<\/p><p>Arnaldo Gualberto de Andrade (Engenheiro Senior de Machine Learning na Arado)<\/p><p><strong>Modera\u00e7\u00e3o<\/strong>: Michelle Wangham (Membro da Comiss\u00e3o de \u00c9tica da SBC)<\/p><\/td><\/tr><tr><td width=\"96\"><p><strong>14h40 \u00e0s 15h<\/strong><\/p><\/td><td width=\"470\"><p><strong>Case de Sucesso da Para\u00edba: Assista Tecnologia &#8211; solu\u00e7\u00e3o de acessibilidade comercializada pela Dolby<\/strong><\/p><p>Palestrante: <strong>Danilo Assis Nobre dos Santos Silva (Assista Tecnologia &#8211; Para\u00edba)<\/strong><\/p><\/td><\/tr><tr><td width=\"96\"><p><strong>15h \u00e0s 16h<\/strong><\/p><\/td><td width=\"470\"><p>PALESTRA:<strong> O papel da Internet na inova\u00e7\u00e3o e a import\u00e2ncia da academia para seu desenvolvimento no Brasil.<\/strong><\/p><p>Palestrante:<strong> Antonio M. Moreiras (CGI.br)<\/strong><\/p><\/td><\/tr><tr><td width=\"96\"><p><strong>16h \u00e0s 16h30<\/strong><\/p><\/td><td width=\"470\"><p><strong>Coffee-break<\/strong><\/p><\/td><\/tr><tr><td width=\"96\"><p><strong>16h30 \u00e0s 17h<\/strong><\/p><\/td><td width=\"470\"><p>PALESTRA: <strong>A Peleja dos T\u00f3picos no Direito do Brasil &#8211; Uma Saga de Modelagem de T\u00f3picos para Organizar Documentos Legais.<\/strong><\/p><p>Palestrante: <strong>Altrigran Soares da Silva (UFAM)<\/strong><\/p><\/td><\/tr><tr><td width=\"96\"><p><strong>17h \u00e0s 18h30<\/strong><\/p><\/td><td width=\"470\"><p>\u00a0Painel<strong>: Inova\u00e7\u00e3o, Ci\u00eancia e Tecnologia com Sotaque Nordestino<\/strong><\/p><p>Painelistas:<\/p><p><strong>Laryssa Almeida (Secret\u00e1ria de Ci\u00eancia, Tecnologia e Inova\u00e7\u00e3o de Campina Grande)<\/strong><\/p><p><strong>Joana Flor\u00eancio (Secret\u00e1ria de Desenvolvimento Econ\u00f4mico, Ci\u00eancia, Tecnologia e Inova\u00e7\u00e3o de Recife)<\/strong><\/p><p><strong>Guido Lemos (Secret\u00e1rio de Ci\u00eancia e Tecnologia de Jo\u00e3o Pessoa)<\/strong><\/p><\/td><\/tr><\/tbody><\/table>\t\t\t\t\t\t\t\t<\/div>\n\t\t\t\t<\/div>\n\t\t\t\t<\/div>\n\t\t<div id=\"e-n-tab-content-1773714293\" role=\"tabpanel\" aria-labelledby=\"e-n-tab-title-1773714293\" data-tab-index=\"3\" style=\"--n-tabs-title-order: 3;\" class=\" elementor-element elementor-element-e18ea08 e-con-full e-flex e-con e-parent\" data-id=\"e18ea08\" data-element_type=\"container\" data-e-type=\"container\">\n\t\t\t\t<div class=\"elementor-element elementor-element-8f66bd9 elementor-widget elementor-widget-text-editor\" data-id=\"8f66bd9\" data-element_type=\"widget\" data-e-type=\"widget\" data-widget_type=\"text-editor.default\">\n\t\t\t\t<div class=\"elementor-widget-container\">\n\t\t\t\t\t\t\t\t\t<p><span style=\"font-weight: 400; color: #000080;\">10h \u00e0s 10h30 &#8211; Palestra: <\/span><b>Hub Farol Digital<\/b><\/p><p><span style=\"font-weight: 400;\"><span style=\"color: #000080;\">Palestrante:<\/span> Alek Maracaj\u00e1\u00a0<\/span><\/p><p>\u00a0<\/p><p><span style=\"color: #000080;\"><span style=\"font-weight: 400;\">14h \u00e0s 14h40 &#8211; <\/span><b>\u00a0<\/b><span style=\"font-weight: 400;\">Painel: <\/span><\/span><b>Como profissionais e estudantes de computa\u00e7\u00e3o devem tratar os desafios \u00e9ticos da intelig\u00eancia artificial (IA)?<\/b><\/p><p><b><span style=\"color: #000080;\">Modera\u00e7\u00e3o:<\/span> Michelle Wangham (Membro da Comiss\u00e3o de \u00c9tica da SBC)<\/b><\/p><p>\u00a0<\/p><p><span style=\"color: #000080;\"><b>Painelistas<\/b><\/span><\/p><p><b>Flavia Bernardini (UFF)<\/b><\/p><p><span style=\"font-weight: 400;\">Flavia Bernardini possui gradua\u00e7\u00e3o, mestrado e doutorado em Ci\u00eancia da Computa\u00e7\u00e3o. \u00c9 professora associada do Instituto de Computa\u00e7\u00e3o da Universidade Federal Fluminense (UFF). \u00c9 uma das respons\u00e1veis pelo N\u00facleo de An\u00e1lise de Dados para a Cidadania (D4Ctz). Tem experi\u00eancia na coordena\u00e7\u00e3o e execu\u00e7\u00e3o de projetos de P&amp;D desde 2007 envolvendo Intelig\u00eancia Artificial e Aprendizado de M\u00e1quina. Na \u00faltima d\u00e9cada, tem voltado seus interesses para Cidades Inteligentes e ambientes altamente sensoriados. Possui diversos trabalhos publicados, com diversas orienta\u00e7\u00f5es de gradua\u00e7\u00e3o, mestrado e doutorado conclu\u00eddas e em andamento nos temas de pesquisa de interesse.<\/span><\/p><p><b>Arnaldo Gualberto de Andrade (Arado)<\/b><\/p><p><span style=\"font-weight: 400;\">Arnaldo \u00e9 Engenheiro Senior de Machine Learning na Arado. Possui gradua\u00e7\u00e3o e mestrado em Ci\u00eancia da Computa\u00e7\u00e3o pela Universidade Federal da Para\u00edba e, atualmente, \u00e9 doutorando na Universidade Federal de Campina Grande.<\/span><\/p><p>\u00a0<\/p><p><span style=\"font-weight: 400; color: #000080;\">15h \u00e0s 16h &#8211; Palestra: <\/span><b>O papel da Internet na inova\u00e7\u00e3o e a import\u00e2ncia da academia para seu desenvolvimento no Brasil.<\/b><\/p><p><b><span style=\"color: #000080;\">Palestrante:<\/span> Antonio M. Moreiras (CGI.br)<\/b><\/p><p><span style=\"font-weight: 400;\">Antonio M. Moreiras \u00e9\u00a0engenheiro eletricista, com \u00eanfase em computa\u00e7\u00e3o, pela Escola Polit\u00e9cnica da USP, e mestre em engenharia pela mesma institui\u00e7\u00e3o, com um MBA pela UFRJ e especializa\u00e7\u00f5es em Governan\u00e7a da Internet pela SSIG e pela Diplo Foundation. Atua hoje como gerente do CEPTRO, Centro de Estudos e Pesquisas em Tecnologia de Redes e Opera\u00e7\u00f5es, no NIC.br, trabalhando em diversas iniciativas para melhorar a qualidade t\u00e9cnica da Internet e fomentar seu uso, como por exemplo nos Internet Exchanges do IX.br e no projeto de infraestrutura compartilhada chamado OpenCDN. Anteriormente trabalhou na Ag\u00eancia Estado, em diversas fun\u00e7\u00f5es t\u00e9cnicas. Foi professor em faculdades como Unicid, Radial e Tancredo Neves e tamb\u00e9m em cursos t\u00e9cnicos e cursos livres.<\/span><\/p><p>\u00a0<\/p><p><span style=\"font-weight: 400; color: #000080;\">16h30 \u00e0s 17h -Palestra:<\/span> <b>A Peleja dos T\u00f3picos no Direito do Brasil &#8211; Uma Saga de Modelagem de T\u00f3picos para Organizar Documentos Legais<\/b><span style=\"font-weight: 400;\">.<\/span><\/p><p><span style=\"font-weight: 400;\"><span style=\"color: #000080;\">Palestrante:<\/span> Altrigran Soares da Silva (UFAM)<\/span><\/p><p><span style=\"font-weight: 400;\">Altigran Soares da Silva \u00e9 professor titular no IComp\/UFAM, tendo obtido seu doutorado pela UFMG em 2002. Seu trabalho de pesquisa aborda Ger\u00eancia de Dados, Recupera\u00e7\u00e3o de Informa\u00e7\u00e3o e Minera\u00e7\u00e3o de Dados, com foco em aplica\u00e7\u00f5es na Web e M\u00eddias Sociais. Possui mais de 150 publica\u00e7\u00f5es cient\u00edficas e tem envolvimento em m\u00faltiplos projetos de pesquisa. Contribuiu para comit\u00eas de programa de diversas confer\u00eancias no Brasil e no exterior. Ocupou a posi\u00e7\u00e3o de Pr\u00f3-reitor de Pesquisa e P\u00f3s-Gradua\u00e7\u00e3o da UFAM de 2007 a 2009, foi Coordenador Adjunto da \u00e1rea de Computa\u00e7\u00e3o na CAPES de 2011 a 2013, membro do CA-CC do CNPq de 2016 a 2019, e fez parte da diretoria da SBC de 2005 a 2015 e do conselho de 2016 a 2019. Co-fundou empresas de tecnologia como a Akwan, a Neemu e a Teewa, que foram adquiridas por Google, Linx Sistemas e Jusbrasil, respectivamente. Em 2013, recebeu um pr\u00eamio da SBC e em 2015, ganhou um &#8220;Google Research Award in Latin America&#8221;.No presente, \u00e9 membro do conselho da SBC, coordenador adjunto para programas profissionais da \u00e1rea de computa\u00e7\u00e3o na CAPES e coordenador do CA-CC do CNPq. Mant\u00e9m uma rela\u00e7\u00e3o de coopera\u00e7\u00e3o cient\u00edfica com a Jusbrasil em aplica\u00e7\u00f5es de RI, Data Science e PLN para a \u00e1rea jur\u00eddica.<\/span><\/p><p><b><br \/><span style=\"color: #000080;\">Resumo (em Forma de Cordel)<\/span><\/b><\/p><p><span style=\"font-weight: 400;\">Nesse labor, o desafio enfrentado<\/span><\/p><p><span style=\"font-weight: 400;\">Foi organizar, bem caprichado,<\/span><\/p><p><span style=\"font-weight: 400;\">Um monte de texto jur\u00eddico,<\/span><\/p><p><span style=\"font-weight: 400;\">E o resultado, bichim, foi bonito.<\/span><\/p><p><span style=\"font-weight: 400;\">Usamos t\u00e9cnicas de prepara\u00e7\u00e3o,<\/span><\/p><p><span style=\"font-weight: 400;\">Descobrimento de t\u00f3pico e representa\u00e7\u00e3o,<\/span><\/p><p><span style=\"font-weight: 400;\">Pra entender o l\u00e9xico de lei,<\/span><\/p><p><span style=\"font-weight: 400;\">Daquele jeito que s\u00f3 a gente sabe, rei.<\/span><\/p><p><span style=\"font-weight: 400;\">T\u00e9cnicas como ETM e CTM,<\/span><\/p><p><span style=\"font-weight: 400;\">Top2Vec, BERTopic tamb\u00e9m,<\/span><\/p><p><span style=\"font-weight: 400;\">Foram usadas no nosso modelo,<\/span><\/p><p><span style=\"font-weight: 400;\">Com texto jur\u00eddico brasileiro, bem singelo<\/span><\/p><p><span style=\"font-weight: 400;\">Avaliamos com muito cuidado,<\/span><\/p><p><span style=\"font-weight: 400;\">Documentos curtos e alongados,<\/span><\/p><p><span style=\"font-weight: 400;\">E nossa m\u00e9trica, vixe, foi precisa,<\/span><\/p><p><span style=\"font-weight: 400;\">Pra ver se o modelo tinha feito a devida justi\u00e7a.<\/span><\/p><p><span style=\"font-weight: 400;\">No geral, Top2Vec e BERTopic<\/span><\/p><p><span style=\"font-weight: 400;\">Foram melhor do que o ETM e CombinedTM, \u00e9 t\u00f3pic,<\/span><\/p><p><span style=\"font-weight: 400;\">Pra cole\u00e7\u00e3o de livros de doutrina,<\/span><\/p><p><span style=\"font-weight: 400;\">Um modelo guiado foi a sina.<\/span><\/p><p><span style=\"font-weight: 400;\">J\u00e1 pras decis\u00f5es jur\u00eddicas, sem d\u00favida,<\/span><\/p><p><span style=\"font-weight: 400;\">Um modelo tradicional foi a sa\u00edda,<\/span><\/p><p><span style=\"font-weight: 400;\">Escolhido pelo nosso time,<\/span><\/p><p><span style=\"font-weight: 400;\">De especialistas do sublime.<\/span><\/p><p><span style=\"font-weight: 400;\">A qualidade dos t\u00f3picos variou,<\/span><\/p><p><span style=\"font-weight: 400;\">Mas a relev\u00e2ncia sempre se destacou,<\/span><\/p><p><span style=\"font-weight: 400;\">Mostrando que nosso m\u00e9todo faz arte,<\/span><\/p><p><span style=\"font-weight: 400;\">Quando o t\u00f3pico \u00e9 uma parte.<\/span><\/p><p><span style=\"font-weight: 400;\">Pra melhorar, estamos investindo,<\/span><\/p><p><span style=\"font-weight: 400;\">Num thesaurus jur\u00eddico e seguimos insistindo,<\/span><\/p><p><span style=\"font-weight: 400;\">Pra enriquecer as palavras-chave,<\/span><\/p><p><span style=\"font-weight: 400;\">E tornar o trabalho dos juristas mais suave.<\/span><\/p><p><span style=\"font-weight: 400;\">O time confirmou, com muita emo\u00e7\u00e3o,<\/span><\/p><p><span style=\"font-weight: 400;\">Que nosso m\u00e9todo \u00e9 um tes\u00e3o,<\/span><\/p><p><span style=\"font-weight: 400;\">Pra recuperar casos e acelerar a marca\u00e7\u00e3o,<\/span><\/p><p><span style=\"font-weight: 400;\">De documentos jur\u00eddicos, que satisfa\u00e7\u00e3o!<\/span><\/p><p>\u00a0<\/p><p><span style=\"font-weight: 400; color: #000080;\">17h \u00e0s 18h30 \u2013 Painel<\/span><b><span style=\"color: #000080;\">:<\/span> Inova\u00e7\u00e3o, Ci\u00eancia e Tecnologia com Sotaque Nordestino<\/b><\/p><p>\u00a0<\/p><p><strong><span style=\"color: #000080;\">Painelistas:<\/span><\/strong><\/p><p><b>Laryssa Almeida (Secret\u00e1ria de Ci\u00eancia, Tecnologia e Inova\u00e7\u00e3o de Campina Grande)<\/b><\/p><p><b>Joana Flor\u00eancio (Secret\u00e1ria de Desenvolvimento Econ\u00f4mico, Ci\u00eancia, Tecnologia e Inova\u00e7\u00e3o de Recife)<\/b><\/p><p><b>Guido Lemos (Secret\u00e1rio de Ci\u00eancia e Tecnologia de Jo\u00e3o Pessoa)<\/b><\/p>\t\t\t\t\t\t\t\t<\/div>\n\t\t\t\t<\/div>\n\t\t\t\t<\/div>\n\t\t<div id=\"e-n-tab-content-1773714294\" role=\"tabpanel\" aria-labelledby=\"e-n-tab-title-1773714294\" data-tab-index=\"4\" style=\"--n-tabs-title-order: 4;\" class=\" elementor-element elementor-element-ef66a38 e-con-full e-flex e-con e-parent\" data-id=\"ef66a38\" data-element_type=\"container\" data-e-type=\"container\">\n\t\t\t\t<div class=\"elementor-element elementor-element-e713139 elementor-widget elementor-widget-text-editor\" data-id=\"e713139\" data-element_type=\"widget\" data-e-type=\"widget\" data-widget_type=\"text-editor.default\">\n\t\t\t\t<div class=\"elementor-widget-container\">\n\t\t\t\t\t\t\t\t\t<p><span style=\"color: #000080;\"><b>Organizadores Gerais:<\/b><\/span><\/p><p>Michelle Wangham (UNIVALI\/RNP)<br \/>Guido Lemos (UFPB)<\/p>\t\t\t\t\t\t\t\t<\/div>\n\t\t\t\t<\/div>\n\t\t\t\t<\/div>\n\t\t\t\t\t<\/div>\n\t\t<\/div>\n\t\t\t\t\t\t<\/div>\n\t\t\t\t<\/div>\n\t\t\t\t\t<\/div>\n\t\t\t\t<\/div>\n\t\t\t\t<\/div>\n\t\t","protected":false},"excerpt":{"rendered":"<p>Sobre o evento Programa\u00e7\u00e3o Palestras e Pain\u00e9is Organiza\u00e7\u00e3o Sobre o evento O COMPUTEC \u00e9 um evento que promove a coopera\u00e7\u00e3o entre universidades, empresas, sociedade e governos na \u00e1rea de Computa\u00e7\u00e3o, buscando solu\u00e7\u00f5es inovadoras. Refletimos sobre desafios e oportunidades em inova\u00e7\u00e3o tecnol\u00f3gica, com foco na intera\u00e7\u00e3o universidade-empresa, pesquisa aplicada e programas governamentais. Representantes de diferentes setores [&hellip;]<\/p>\n","protected":false},"author":1,"featured_media":0,"parent":0,"menu_order":0,"comment_status":"closed","ping_status":"closed","template":"","meta":{"footnotes":""},"folder":[11],"class_list":["post-916","page","type-page","status-publish","hentry"],"_links":{"self":[{"href":"https:\/\/csbc.sbc.org.br\/2023\/wp-json\/wp\/v2\/pages\/916","targetHints":{"allow":["GET"]}}],"collection":[{"href":"https:\/\/csbc.sbc.org.br\/2023\/wp-json\/wp\/v2\/pages"}],"about":[{"href":"https:\/\/csbc.sbc.org.br\/2023\/wp-json\/wp\/v2\/types\/page"}],"author":[{"embeddable":true,"href":"https:\/\/csbc.sbc.org.br\/2023\/wp-json\/wp\/v2\/users\/1"}],"replies":[{"embeddable":true,"href":"https:\/\/csbc.sbc.org.br\/2023\/wp-json\/wp\/v2\/comments?post=916"}],"version-history":[{"count":58,"href":"https:\/\/csbc.sbc.org.br\/2023\/wp-json\/wp\/v2\/pages\/916\/revisions"}],"predecessor-version":[{"id":3948,"href":"https:\/\/csbc.sbc.org.br\/2023\/wp-json\/wp\/v2\/pages\/916\/revisions\/3948"}],"wp:attachment":[{"href":"https:\/\/csbc.sbc.org.br\/2023\/wp-json\/wp\/v2\/media?parent=916"}],"wp:term":[{"taxonomy":"folder","embeddable":true,"href":"https:\/\/csbc.sbc.org.br\/2023\/wp-json\/wp\/v2\/folder?post=916"}],"curies":[{"name":"wp","href":"https:\/\/api.w.org\/{rel}","templated":true}]}}