{"id":940,"date":"2023-01-30T02:08:21","date_gmt":"2023-01-30T02:08:21","guid":{"rendered":"https:\/\/csbc.sbc.org.br\/2023\/?page_id=940"},"modified":"2023-07-24T16:55:26","modified_gmt":"2023-07-24T16:55:26","slug":"cq","status":"publish","type":"page","link":"https:\/\/csbc.sbc.org.br\/2023\/cq\/","title":{"rendered":"CQ"},"content":{"rendered":"\t\t<div data-elementor-type=\"wp-page\" data-elementor-id=\"940\" class=\"elementor elementor-940\" data-elementor-post-type=\"page\">\n\t\t\t\t<div class=\"elementor-element elementor-element-39ceafef e-flex e-con-boxed e-con e-parent\" data-id=\"39ceafef\" data-element_type=\"container\" data-e-type=\"container\" data-settings=\"{&quot;background_background&quot;:&quot;video&quot;,&quot;background_video_link&quot;:&quot;https:\\\/\\\/csbc.sbc.org.br\\\/2023\\\/wp-content\\\/uploads\\\/2023\\\/01\\\/O-Circuito-27725.mp4&quot;,&quot;background_play_on_mobile&quot;:&quot;yes&quot;}\">\n\t\t\t\t\t<div class=\"e-con-inner\">\n\t\t<div class=\"elementor-background-video-container\">\n\t\t\t\t\t\t\t<video class=\"elementor-background-video-hosted\" role=\"presentation\" autoplay muted playsinline loop><\/video>\n\t\t\t\t\t<\/div>\t\t<div class=\"elementor-element elementor-element-d50e176 elementor-widget elementor-widget-heading\" data-id=\"d50e176\" data-element_type=\"widget\" data-e-type=\"widget\" data-widget_type=\"heading.default\">\n\t\t\t\t<div class=\"elementor-widget-container\">\n\t\t\t\t\t<h2 class=\"elementor-heading-title elementor-size-default\">CQ - Curso de Qualidade<\/h2>\t\t\t\t<\/div>\n\t\t\t\t<\/div>\n\t\t\t\t<div class=\"elementor-element elementor-element-22bf223f elementor-widget-divider--view-line elementor-widget elementor-widget-divider\" data-id=\"22bf223f\" data-element_type=\"widget\" data-e-type=\"widget\" data-widget_type=\"divider.default\">\n\t\t\t\t<div class=\"elementor-widget-container\">\n\t\t\t\t\t\t\t<div class=\"elementor-divider\">\n\t\t\t<span class=\"elementor-divider-separator\">\n\t\t\t\t\t\t<\/span>\n\t\t<\/div>\n\t\t\t\t\t\t<\/div>\n\t\t\t\t<\/div>\n\t\t\t\t\t<\/div>\n\t\t\t\t<\/div>\n\t\t<div class=\"elementor-element elementor-element-5884282 e-flex e-con-boxed e-con e-parent\" data-id=\"5884282\" data-element_type=\"container\" data-e-type=\"container\">\n\t\t\t\t\t<div class=\"e-con-inner\">\n\t\t\t\t<div class=\"elementor-element elementor-element-a927925 elementor-widget__width-inherit e-n-tabs-mobile elementor-widget elementor-widget-n-tabs\" data-id=\"a927925\" data-element_type=\"widget\" data-e-type=\"widget\" data-widget_type=\"nested-tabs.default\">\n\t\t\t\t<div class=\"elementor-widget-container\">\n\t\t\t\t\t\t\t<div class=\"e-n-tabs\" data-widget-number=\"177371429\" aria-label=\"Abas. Abra itens com &quot;Enter&quot; ou &quot;Espa\u00e7o&quot;, feche com &quot;Escape&quot; e navegue usando as teclas de &quot;Seta&quot;.\">\n\t\t\t<div class=\"e-n-tabs-heading\" role=\"tablist\">\n\t\t\t\t\t<button id=\"e-n-tab-title-1773714291\" data-tab-title-id=\"e-n-tab-title-1773714291\" class=\"e-n-tab-title elementor-animation-sink\" aria-selected=\"true\" data-tab-index=\"1\" role=\"tab\" tabindex=\"0\" aria-controls=\"e-n-tab-content-1773714291\" style=\"--n-tabs-title-order: 1;\">\n\t\t\t\t\t\t<span class=\"e-n-tab-title-text\">\n\t\t\t\tSobre o evento\t\t\t<\/span>\n\t\t<\/button>\n\t\t\t\t<button id=\"e-n-tab-title-1773714292\" data-tab-title-id=\"e-n-tab-title-1773714292\" class=\"e-n-tab-title elementor-animation-sink\" aria-selected=\"false\" data-tab-index=\"2\" role=\"tab\" tabindex=\"-1\" aria-controls=\"e-n-tab-content-1773714292\" style=\"--n-tabs-title-order: 2;\">\n\t\t\t\t\t\t<span class=\"e-n-tab-title-text\">\n\t\t\t\tInscri\u00e7\u00f5es\t\t\t<\/span>\n\t\t<\/button>\n\t\t\t\t<button id=\"e-n-tab-title-1773714293\" data-tab-title-id=\"e-n-tab-title-1773714293\" class=\"e-n-tab-title elementor-animation-sink\" aria-selected=\"false\" data-tab-index=\"3\" role=\"tab\" tabindex=\"-1\" aria-controls=\"e-n-tab-content-1773714293\" style=\"--n-tabs-title-order: 3;\">\n\t\t\t\t\t\t<span class=\"e-n-tab-title-text\">\n\t\t\t\tLocal e Data\t\t\t<\/span>\n\t\t<\/button>\n\t\t\t\t<button id=\"e-n-tab-title-1773714294\" data-tab-title-id=\"e-n-tab-title-1773714294\" class=\"e-n-tab-title elementor-animation-sink\" aria-selected=\"false\" data-tab-index=\"4\" role=\"tab\" tabindex=\"-1\" aria-controls=\"e-n-tab-content-1773714294\" style=\"--n-tabs-title-order: 4;\">\n\t\t\t\t\t\t<span class=\"e-n-tab-title-text\">\n\t\t\t\tPrograma\u00e7\u00e3o\t\t\t<\/span>\n\t\t<\/button>\n\t\t\t\t<button id=\"e-n-tab-title-1773714295\" data-tab-title-id=\"e-n-tab-title-1773714295\" class=\"e-n-tab-title elementor-animation-sink\" aria-selected=\"false\" data-tab-index=\"5\" role=\"tab\" tabindex=\"-1\" aria-controls=\"e-n-tab-content-1773714295\" style=\"--n-tabs-title-order: 5;\">\n\t\t\t\t\t\t<span class=\"e-n-tab-title-text\">\n\t\t\t\tOrganiza\u00e7\u00e3o\t\t\t<\/span>\n\t\t<\/button>\n\t\t\t\t\t<\/div>\n\t\t\t<div class=\"e-n-tabs-content\">\n\t\t\t\t<div id=\"e-n-tab-content-1773714291\" role=\"tabpanel\" aria-labelledby=\"e-n-tab-title-1773714291\" data-tab-index=\"1\" style=\"--n-tabs-title-order: 1;\" class=\"e-active elementor-element elementor-element-d4b1dc7 e-con-full e-flex e-con e-parent\" data-id=\"d4b1dc7\" data-element_type=\"container\" data-e-type=\"container\">\n\t\t\t\t<div class=\"elementor-element elementor-element-01df104 elementor-widget elementor-widget-text-editor\" data-id=\"01df104\" data-element_type=\"widget\" data-e-type=\"widget\" data-widget_type=\"text-editor.default\">\n\t\t\t\t<div class=\"elementor-widget-container\">\n\t\t\t\t\t\t\t\t\t<p>O Curso de Qualidade (CQ) no Ensino da Computa\u00e7\u00e3o \u00e9 um evento realizado pela Comiss\u00e3o de Educa\u00e7\u00e3o da SBC com o objetivo de discutir temas relacionados a Curr\u00edculo e Processos Formativos na \u00c1rea da Computa\u00e7\u00e3o; Diretrizes e Referenciais Curriculares; Projetos Pedag\u00f3gicos de Curso; Processo e Metodologias de Ensino e Aprendizagem; Tecnologias Educacionais, entre outros. O p\u00fablico-alvo do evento \u00e9 a comunidade acad\u00eamica representada principalmente pelos professores, tutores e coordenadores de cursos da \u00e1rea de Computa\u00e7\u00e3o.<\/p><p>A 24\u00aa edi\u00e7\u00e3o do Curso de Qualidade no Ensino da Computa\u00e7\u00e3o (CQ 2023) ser\u00e1 realizada como parte do 43<sup>o<\/sup> Congresso da Sociedade Brasileira de Computa\u00e7\u00e3o (CSBC 2023), que ocorrer\u00e1 na cidade de Jo\u00e3o Pessoa\/PB no dia 06 de agosto de 2023, das 09:00 \u00e0s 17:00. A programa\u00e7\u00e3o do evento possibilita que os participantes do CQ possam participar tamb\u00e9m do 31\u00ba Workshop sobre Educa\u00e7\u00e3o em Computa\u00e7\u00e3o (WEI 2023) e dos demais eventos sat\u00e9lites do CSBC 2023, podendo interagir por mais tempo com seus pares e proporcionando maior integra\u00e7\u00e3o do p\u00fablico interessado e atuante na Educa\u00e7\u00e3o em Computa\u00e7\u00e3o.<\/p><p>Durante o CQ 2023 ser\u00e3o abordados temas sobre os desafios da forma\u00e7\u00e3o superior em computa\u00e7\u00e3o, destacando a constru\u00e7\u00e3o de curr\u00edculos e abordagens inovadoras, experi\u00eancias de sucesso com cursos h\u00edbridos, causas da evas\u00e3o nos cursos superiores de tecnologia e potenciais a\u00e7\u00f5es para mitig\u00e1-las, e o papel da universidade na forma\u00e7\u00e3o profissional para o mercado de trabalho.<\/p><p>Assim, convidamos diretores, coordenadores, professores, tutores, pesquisadores e profissionais envolvidos(as) com a forma\u00e7\u00e3o na \u00e1rea da Computa\u00e7\u00e3o para participar e congregar com todos aqueles que buscam mais qualidade na Educa\u00e7\u00e3o em Computa\u00e7\u00e3o.<\/p>\t\t\t\t\t\t\t\t<\/div>\n\t\t\t\t<\/div>\n\t\t\t\t<\/div>\n\t\t<div id=\"e-n-tab-content-1773714292\" role=\"tabpanel\" aria-labelledby=\"e-n-tab-title-1773714292\" data-tab-index=\"2\" style=\"--n-tabs-title-order: 2;\" class=\" elementor-element elementor-element-5cdc27a e-con-full e-flex e-con e-parent\" data-id=\"5cdc27a\" data-element_type=\"container\" data-e-type=\"container\">\n\t\t\t\t<div class=\"elementor-element elementor-element-f5c641b elementor-widget elementor-widget-text-editor\" data-id=\"f5c641b\" data-element_type=\"widget\" data-e-type=\"widget\" data-widget_type=\"text-editor.default\">\n\t\t\t\t<div class=\"elementor-widget-container\">\n\t\t\t\t\t\t\t\t\t<p>As inscri\u00e7\u00f5es ser\u00e3o realizadas no mesmo sistema de inscri\u00e7\u00e3o para o CSBC. Voc\u00ea pode optar pelo combo de inscri\u00e7\u00f5es (CSBC + CQ) ou realizar a inscri\u00e7\u00e3o do CQ separadamente. Todas as informa\u00e7\u00f5es est\u00e3o dispon\u00edveis na p\u00e1gina de <strong><a href=\"https:\/\/csbc.sbc.org.br\/2023\/inscricoes\/\">inscri\u00e7\u00f5es do CSBC 2023<\/a>.<\/strong><\/p><p>Por ser um evento presencial, existir\u00e1 um n\u00famero limitado de inscri\u00e7\u00f5es.<\/p>\t\t\t\t\t\t\t\t<\/div>\n\t\t\t\t<\/div>\n\t\t\t\t<\/div>\n\t\t<div id=\"e-n-tab-content-1773714293\" role=\"tabpanel\" aria-labelledby=\"e-n-tab-title-1773714293\" data-tab-index=\"3\" style=\"--n-tabs-title-order: 3;\" class=\" elementor-element elementor-element-014c040 e-con-full e-flex e-con e-parent\" data-id=\"014c040\" data-element_type=\"container\" data-e-type=\"container\">\n\t\t\t\t<div class=\"elementor-element elementor-element-1c7e9be elementor-widget elementor-widget-text-editor\" data-id=\"1c7e9be\" data-element_type=\"widget\" data-e-type=\"widget\" data-widget_type=\"text-editor.default\">\n\t\t\t\t<div class=\"elementor-widget-container\">\n\t\t\t\t\t\t\t\t\t<p>O CQ 2023 ocorrer\u00e1 no Pavilh\u00e3o de Congressos e Eventos de Jo\u00e3o Pessoa\/PB no dia 06 de agosto de 2023, no domingo anterior \u00e0 abertura do CSBC 2023, das 09:00 \u00e0s 17:00.\u00a0<\/p><p>Mais informa\u00e7\u00f5es sobre o acesso ao local est\u00e3o dispon\u00edveis <a href=\"https:\/\/csbc.sbc.org.br\/2023\/local-do-evento\/\">na p\u00e1gina do CSBC 2023<\/a>.<\/p>\t\t\t\t\t\t\t\t<\/div>\n\t\t\t\t<\/div>\n\t\t\t\t<\/div>\n\t\t<div id=\"e-n-tab-content-1773714294\" role=\"tabpanel\" aria-labelledby=\"e-n-tab-title-1773714294\" data-tab-index=\"4\" style=\"--n-tabs-title-order: 4;\" class=\" elementor-element elementor-element-7dc4754 e-con-full e-flex e-con e-parent\" data-id=\"7dc4754\" data-element_type=\"container\" data-e-type=\"container\">\n\t\t\t\t<div class=\"elementor-element elementor-element-f903bff elementor-widget elementor-widget-text-editor\" data-id=\"f903bff\" data-element_type=\"widget\" data-e-type=\"widget\" data-widget_type=\"text-editor.default\">\n\t\t\t\t<div class=\"elementor-widget-container\">\n\t\t\t\t\t\t\t\t\t<p><span style=\"color: #000080;\"><b>08h00-09h00:<\/b><span style=\"font-weight: 400;\">\u00a0 <\/span><b>Credenciamento e Recep\u00e7\u00e3o<\/b><\/span><\/p><p><span style=\"color: #000080;\"><b>09h00-09h15:<\/b><span style=\"font-weight: 400;\">\u00a0 <\/span><b>Abertura com os coordenadores do CQ 2023<\/b><\/span><\/p><p><span style=\"color: #000080;\"><b>09h15-10h45:<\/b> <b>Painel de Abertura: Forma\u00e7\u00e3o e o mercado profissional<\/b><\/span><\/p><p><i><span style=\"font-weight: 400;\">Resumo<\/span><\/i><span style=\"font-weight: 400;\">: Quais as <\/span><span style=\"font-weight: 400;\">caracter\u00edsticas do profissional formado pelas universidades e o que o mercado espera de tais profissionais? Quest\u00f5es como tempo de forma\u00e7\u00e3o, compet\u00eancias desejadas e o papel da educa\u00e7\u00e3o formal na prepara\u00e7\u00e3o para o mercado de trabalho ser\u00e3o abordadas durante o painel.\u00a0<\/span><\/p><ul><li style=\"font-weight: 400;\" aria-level=\"1\"><a href=\"http:\/\/lattes.cnpq.br\/9836776931160228\"><span style=\"font-weight: 400;\">Adenilso Sim\u00e3o<\/span><\/a><span style=\"font-weight: 400;\"> (ICMC-USP)<\/span><\/li><li style=\"font-weight: 400;\" aria-level=\"1\"><a href=\"https:\/\/www.linkedin.com\/in\/claudiasilva\/\"><span style=\"font-weight: 400;\">\u00a0<\/span><span style=\"font-weight: 400;\">Cl\u00e1udia Luiz da Silva<\/span><\/a><span style=\"font-weight: 400;\"> (CISCO)<\/span><\/li><\/ul><p><b><br \/><span style=\"color: #000080;\">10h45-11h00:<\/span><\/b><span style=\"color: #000080;\"><span style=\"font-weight: 400;\">\u00a0 <\/span><b>Break<\/b><\/span><\/p><p><span style=\"color: #000080;\"><b>11h00-12h30:<\/b> <b>Painel 2: Experi\u00eancias de sucesso com cursos h\u00edbridos na Computa\u00e7\u00e3o<\/b><\/span><\/p><p><i><span style=\"font-weight: 400;\">Resumo<\/span><\/i><span style=\"font-weight: 400;\">: <\/span><span style=\"font-weight: 400;\">\u00a0Os painelistas discutir\u00e3o suas experi\u00eancias de sucesso com cursos h\u00edbridos na \u00e1rea de tecnologia e apresentar\u00e3o as dificuldades enfrentadas durante o processo de implanta\u00e7\u00e3o e quais abordagens foram utilizadas para obter o sucesso nesse novo ambiente online durante e ap\u00f3s a pandemia.\u00a0<\/span><\/p><ul><li style=\"font-weight: 400;\" aria-level=\"1\"><a href=\"http:\/\/lattes.cnpq.br\/3894359521286830\"><span style=\"font-weight: 400;\">Ismar Frango<\/span><\/a><span style=\"font-weight: 400;\"> (Mackenzie)<\/span><\/li><li style=\"font-weight: 400;\" aria-level=\"1\"><a href=\"http:\/\/lattes.cnpq.br\/3834597953313689\"><span style=\"font-weight: 400;\">Alexandre Cidral<\/span><\/a><span style=\"font-weight: 400;\"> (Univille)<\/span><\/li><\/ul><p><b><br \/><span style=\"color: #000080;\">12h30-14h00:<\/span><\/b><span style=\"color: #000080;\"><span style=\"font-weight: 400;\">\u00a0 <\/span><b>Almo\u00e7o<\/b><\/span><\/p><p><span style=\"color: #000080;\"><b>14h00-15h30:<\/b> <b>Pa<\/b><b>inel 3:\u00a0 Curr\u00edculos: Diretrizes e abordagens inovadoras<\/b><\/span><\/p><p><i><span style=\"font-weight: 400;\">Resumo<\/span><\/i><span style=\"font-weight: 400;\">: Os painelistas discutir\u00e3o como foi o processo de constru\u00e7\u00e3o de curr\u00edculos que utilizam abordagens inovadoras em suas institui\u00e7\u00f5es e como essas abordagens t\u00eam tido sucesso ao enfrentar quest\u00f5es relacionadas \u00e0 forma\u00e7\u00e3o, evas\u00e3o, pesquisa e extens\u00e3o.<\/span><\/p><ul><li style=\"font-weight: 400;\" aria-level=\"1\"><a href=\"http:\/\/lattes.cnpq.br\/2046981671187343\"><span style=\"font-weight: 400;\">Rodolfo Azevedo<\/span><\/a><span style=\"font-weight: 400;\"> (UNICAMP)<\/span><\/li><li style=\"font-weight: 400;\" aria-level=\"1\"><a href=\"http:\/\/lattes.cnpq.br\/5909154335340519\"><span style=\"font-weight: 400;\">Marcelo Hashimoto<\/span><\/a><span style=\"font-weight: 400;\"> (INSPER)<\/span><\/li><\/ul><p><b><br \/><span style=\"color: #000080;\">15:30-16:00 Break<\/span><\/b><\/p><p><span style=\"color: #000080;\"><b>16h00 &#8211; 17h30:<\/b> <b>Painel 4: Relatos sobre projetos de extens\u00e3o em Execu\u00e7\u00e3o\u00a0<\/b><\/span><\/p><p><i><span style=\"font-weight: 400;\">Resumo<\/span><\/i><span style=\"font-weight: 400;\">: Os panelistas<\/span><span style=\"font-weight: 400;\"> discutir\u00e3o os desafios da evas\u00e3o, causas e estudos recentes em escala nacional que podem nos ajudar a compreender a natureza multifacetada deste fen\u00f4meno. Ser\u00e3o discutidos e apresentados potenciais a\u00e7\u00f5es para mitigar as causas da evas\u00e3o dentro dos cursos de gradua\u00e7\u00e3o na Computa\u00e7\u00e3o.<\/span><\/p><ul><li style=\"font-weight: 400;\" aria-level=\"1\"><a href=\"http:\/\/lattes.cnpq.br\/0577503698179302\"><span style=\"font-weight: 400;\">Raquel Vigolvino Lopes<\/span><\/a><span style=\"font-weight: 400;\"> (UFPB)<\/span><\/li><li style=\"font-weight: 400;\" aria-level=\"1\"><a href=\"http:\/\/lattes.cnpq.br\/7507000181049352\"><span style=\"font-weight: 400;\">Alexandre Passito<\/span><\/a><span style=\"font-weight: 400;\"> (UFAM)<\/span><\/li><\/ul>\t\t\t\t\t\t\t\t<\/div>\n\t\t\t\t<\/div>\n\t\t\t\t<\/div>\n\t\t<div id=\"e-n-tab-content-1773714295\" role=\"tabpanel\" aria-labelledby=\"e-n-tab-title-1773714295\" data-tab-index=\"5\" style=\"--n-tabs-title-order: 5;\" class=\" elementor-element elementor-element-801834f e-con-full e-flex e-con e-parent\" data-id=\"801834f\" data-element_type=\"container\" data-e-type=\"container\">\n\t\t\t\t<div class=\"elementor-element elementor-element-9410484 elementor-widget elementor-widget-text-editor\" data-id=\"9410484\" data-element_type=\"widget\" data-e-type=\"widget\" data-widget_type=\"text-editor.default\">\n\t\t\t\t<div class=\"elementor-widget-container\">\n\t\t\t\t\t\t\t\t\t<p><span style=\"color: #000021;\"><strong>Organizadores Gerais:<\/strong><\/span><\/p><p>Rodrigo Silva Duran (IFMS) &#8211; rodrigo.duran@ifms.edu.br\u00a0<br \/>Ronaldo Celso Messias Correia (UNESP) &#8211;\u00a0 ronaldo@fct.unesp.br<\/p>\t\t\t\t\t\t\t\t<\/div>\n\t\t\t\t<\/div>\n\t\t\t\t<\/div>\n\t\t\t\t\t<\/div>\n\t\t<\/div>\n\t\t\t\t\t\t<\/div>\n\t\t\t\t<\/div>\n\t\t\t\t\t<\/div>\n\t\t\t\t<\/div>\n\t\t\t\t<\/div>\n\t\t","protected":false},"excerpt":{"rendered":"<p>Sobre o evento Inscri\u00e7\u00f5es Local e Data Programa\u00e7\u00e3o Organiza\u00e7\u00e3o Sobre o evento O Curso de Qualidade (CQ) no Ensino da Computa\u00e7\u00e3o \u00e9 um evento realizado pela Comiss\u00e3o de Educa\u00e7\u00e3o da SBC com o objetivo de discutir temas relacionados a Curr\u00edculo e Processos Formativos na \u00c1rea da Computa\u00e7\u00e3o; Diretrizes e Referenciais Curriculares; Projetos Pedag\u00f3gicos de Curso; [&hellip;]<\/p>\n","protected":false},"author":1,"featured_media":0,"parent":0,"menu_order":0,"comment_status":"closed","ping_status":"closed","template":"","meta":{"footnotes":""},"folder":[11],"class_list":["post-940","page","type-page","status-publish","hentry"],"_links":{"self":[{"href":"https:\/\/csbc.sbc.org.br\/2023\/wp-json\/wp\/v2\/pages\/940","targetHints":{"allow":["GET"]}}],"collection":[{"href":"https:\/\/csbc.sbc.org.br\/2023\/wp-json\/wp\/v2\/pages"}],"about":[{"href":"https:\/\/csbc.sbc.org.br\/2023\/wp-json\/wp\/v2\/types\/page"}],"author":[{"embeddable":true,"href":"https:\/\/csbc.sbc.org.br\/2023\/wp-json\/wp\/v2\/users\/1"}],"replies":[{"embeddable":true,"href":"https:\/\/csbc.sbc.org.br\/2023\/wp-json\/wp\/v2\/comments?post=940"}],"version-history":[{"count":25,"href":"https:\/\/csbc.sbc.org.br\/2023\/wp-json\/wp\/v2\/pages\/940\/revisions"}],"predecessor-version":[{"id":3478,"href":"https:\/\/csbc.sbc.org.br\/2023\/wp-json\/wp\/v2\/pages\/940\/revisions\/3478"}],"wp:attachment":[{"href":"https:\/\/csbc.sbc.org.br\/2023\/wp-json\/wp\/v2\/media?parent=940"}],"wp:term":[{"taxonomy":"folder","embeddable":true,"href":"https:\/\/csbc.sbc.org.br\/2023\/wp-json\/wp\/v2\/folder?post=940"}],"curies":[{"name":"wp","href":"https:\/\/api.w.org\/{rel}","templated":true}]}}