{"id":15247,"date":"2024-07-21T21:20:14","date_gmt":"2024-07-22T00:20:14","guid":{"rendered":"https:\/\/csbc.sbc.org.br\/2024\/?page_id=15247"},"modified":"2024-07-21T21:29:56","modified_gmt":"2024-07-22T00:29:56","slug":"reuniao","status":"publish","type":"page","link":"https:\/\/csbc.sbc.org.br\/2024\/reuniao\/","title":{"rendered":"Reuni\u00e3o CAPES e CNPq"},"content":{"rendered":"\t\t<div data-elementor-type=\"wp-page\" data-elementor-id=\"15247\" class=\"elementor elementor-15247\">\n\t\t\t\t<div class=\"elementor-element elementor-element-0a3ba60 e-flex e-con-boxed e-con e-parent\" data-id=\"0a3ba60\" data-element_type=\"container\" data-e-type=\"container\">\n\t\t\t\t\t<div class=\"e-con-inner\">\n\t\t\t\t<div class=\"elementor-element elementor-element-67e0fc4 elementor-widget elementor-widget-heading\" data-id=\"67e0fc4\" data-element_type=\"widget\" data-e-type=\"widget\" data-widget_type=\"heading.default\">\n\t\t\t\t<div class=\"elementor-widget-container\">\n\t\t\t\t\t<h1 class=\"elementor-heading-title elementor-size-default\">Reuni\u00e3o CAPES e CNPq<span style=\"font-weight:normal;line-height:1.1em\"> com a Comunidade de Computa\u00e7\u00e3o<\/span><\/h1>\t\t\t\t<\/div>\n\t\t\t\t<\/div>\n\t\t\t\t\t<\/div>\n\t\t\t\t<\/div>\n\t\t<div class=\"elementor-element elementor-element-0ea5134 e-flex e-con-boxed elementor-invisible e-con e-parent\" data-id=\"0ea5134\" data-element_type=\"container\" data-e-type=\"container\" data-settings=\"{&quot;animation&quot;:&quot;fadeIn&quot;}\">\n\t\t\t\t\t<div class=\"e-con-inner\">\n\t\t\t\t<div class=\"elementor-element elementor-element-ef7ca13 elementor-widget-divider--view-line elementor-widget elementor-widget-divider\" data-id=\"ef7ca13\" data-element_type=\"widget\" data-e-type=\"widget\" data-widget_type=\"divider.default\">\n\t\t\t\t<div class=\"elementor-widget-container\">\n\t\t\t\t\t\t\t<div class=\"elementor-divider\">\n\t\t\t<span class=\"elementor-divider-separator\">\n\t\t\t\t\t\t<\/span>\n\t\t<\/div>\n\t\t\t\t\t\t<\/div>\n\t\t\t\t<\/div>\n\t\t\t\t\t<\/div>\n\t\t\t\t<\/div>\n\t\t<div class=\"elementor-element elementor-element-ffbd95f e-flex e-con-boxed e-con e-parent\" data-id=\"ffbd95f\" data-element_type=\"container\" data-e-type=\"container\">\n\t\t\t\t\t<div class=\"e-con-inner\">\n\t\t\t\t<div class=\"elementor-element elementor-element-9f7a19c elementor-widget elementor-widget-text-editor\" data-id=\"9f7a19c\" data-element_type=\"widget\" data-e-type=\"widget\" data-widget_type=\"text-editor.default\">\n\t\t\t\t<div class=\"elementor-widget-container\">\n\t\t\t\t\t\t\t\t\t<h2>Programa\u00e7\u00e3o<\/h2>\t\t\t\t\t\t\t\t<\/div>\n\t\t\t\t<\/div>\n\t\t\t\t<div class=\"elementor-element elementor-element-49b939d programacao_evento elementor-widget elementor-widget-n-accordion\" data-id=\"49b939d\" data-element_type=\"widget\" data-e-type=\"widget\" data-settings=\"{&quot;max_items_expended&quot;:&quot;multiple&quot;,&quot;default_state&quot;:&quot;expanded&quot;,&quot;n_accordion_animation_duration&quot;:{&quot;unit&quot;:&quot;ms&quot;,&quot;size&quot;:400,&quot;sizes&quot;:[]}}\" data-widget_type=\"nested-accordion.default\">\n\t\t\t\t<div class=\"elementor-widget-container\">\n\t\t\t\t\t\t\t<div class=\"e-n-accordion\" aria-label=\"Accordion. Open links with Enter or Space, close with Escape, and navigate with Arrow Keys\">\n\t\t\t\t\t\t<details id=\"e-n-accordion-item-7730\" class=\"e-n-accordion-item\" open>\n\t\t\t\t<summary class=\"e-n-accordion-item-title\" data-accordion-index=\"1\" tabindex=\"0\" aria-expanded=\"true\" aria-controls=\"e-n-accordion-item-7730\" >\n\t\t\t\t\t<span class='e-n-accordion-item-title-header'><h2 class=\"e-n-accordion-item-title-text\"> <span style=\"color:#fff\">Ter\u00e7a-Feira (23\/07)<br \/> <span class=\"prog_sanfona_local\" style=\"color:#c7d4e8;font-size:0.85em;font-weight:normal\">Local: Piso Superior - Sala Ip\u00ea Rosa<\/span><\/span> <\/h2><\/span>\n\t\t\t\t\t\t\t<span class='e-n-accordion-item-title-icon'>\n\t\t\t<span class='e-opened' ><i aria-hidden=\"true\" class=\"fas fa-calendar-minus\"><\/i><\/span>\n\t\t\t<span class='e-closed'><i aria-hidden=\"true\" class=\"far fa-calendar-alt\"><\/i><\/span>\n\t\t<\/span>\n\n\t\t\t\t\t\t<\/summary>\n\t\t\t\t<div role=\"region\" aria-labelledby=\"e-n-accordion-item-7730\" class=\"elementor-element elementor-element-2b8798d e-con-full e-flex e-con e-child\" data-id=\"2b8798d\" data-element_type=\"container\" data-e-type=\"container\" data-settings=\"{&quot;background_background&quot;:&quot;classic&quot;}\">\n\t\t\t\t<div class=\"elementor-element elementor-element-c40d1d4 prog_atividade elementor-widget elementor-widget-n-accordion\" data-id=\"c40d1d4\" data-element_type=\"widget\" data-e-type=\"widget\" data-settings=\"{&quot;max_items_expended&quot;:&quot;multiple&quot;,&quot;default_state&quot;:&quot;expanded&quot;,&quot;n_accordion_animation_duration&quot;:{&quot;unit&quot;:&quot;ms&quot;,&quot;size&quot;:400,&quot;sizes&quot;:[]}}\" data-widget_type=\"nested-accordion.default\">\n\t\t\t\t<div class=\"elementor-widget-container\">\n\t\t\t\t\t\t\t<div class=\"e-n-accordion\" aria-label=\"Accordion. Open links with Enter or Space, close with Escape, and navigate with Arrow Keys\">\n\t\t\t\t\t\t<details id=\"wei_st1\" class=\"e-n-accordion-item\" open>\n\t\t\t\t<summary class=\"e-n-accordion-item-title\" data-accordion-index=\"1\" tabindex=\"0\" aria-expanded=\"true\" aria-controls=\"wei_st1\" >\n\t\t\t\t\t<span class='e-n-accordion-item-title-header'><h2 class=\"e-n-accordion-item-title-text\"> <span style=\"padding:1px;border-radius: 10px;background:#f1f1f1;color:#aaa\">16:30<\/span><\/br>Reuni\u00e3o<span style=\"font-weight:normal\"> <\/b><br \/><\/span><\/br> <\/h2><\/span>\n\t\t\t\t\t\t\t<span class='e-n-accordion-item-title-icon'>\n\t\t\t<span class='e-opened' ><i aria-hidden=\"true\" class=\"fas fa-plus\"><\/i><\/span>\n\t\t\t<span class='e-closed'><i aria-hidden=\"true\" class=\"fas fa-plus\"><\/i><\/span>\n\t\t<\/span>\n\n\t\t\t\t\t\t<\/summary>\n\t\t\t\t<div role=\"region region\" aria-labelledby=\"e-n-accordion-item-7730 wei_st1\" class=\"elementor-element elementor-element-d4ce3e7 e-con-full e-flex e-con e-child\" data-id=\"d4ce3e7\" data-element_type=\"container\" data-e-type=\"container\" data-settings=\"{&quot;background_background&quot;:&quot;classic&quot;}\">\n\t\t\t\t<div class=\"elementor-element elementor-element-2813767 elementor-widget elementor-widget-text-editor\" data-id=\"2813767\" data-element_type=\"widget\" data-e-type=\"widget\" data-widget_type=\"text-editor.default\">\n\t\t\t\t<div class=\"elementor-widget-container\">\n\t\t\t\t\t\t\t\t\t<p style=\"text-align: left;\"><strong>Participantes:<\/strong><\/p>\n<ul>\n<li style=\"text-align: left;\"><strong>Avelino Zorzo<\/strong><br>Coordenador da \u00c1rea de Computa\u00e7\u00e3o &#8211;  CAPES<\/li>\n<li style=\"text-align: left;\"><strong>Gustavo Jardim Portella<\/strong><br>Diretor de Tecnologia de Informa\u00e7\u00e3o &#8211; CAPES<\/li>\n<li style=\"text-align: left;\"><strong>Olival Freire J\u00fanior<\/strong><br>Diretor Cient\u00edfico &#8211; CNPq<\/li>\n<li style=\"text-align: left;\"><strong>Altigran Soares da Silva<\/strong><br>Ex-coordenador do Comit\u00ea de Assessoramento de Ci\u00eancia da Computa\u00e7\u00e3o (CA-CC) &#8211; CNPq<\/li>\n<li style=\"text-align: left;\"><strong>Thais Batista<\/strong><br>Presidente da SBC<\/li>\n<li style=\"text-align: left;\"><strong>Cristiano Manicel<\/strong><br>Vice-presidente da SBC<\/li>\n<\/ul>\t\t\t\t\t\t\t\t<\/div>\n\t\t\t\t<\/div>\n\t\t\t\t<\/div>\n\t\t\t\t\t<\/details>\n\t\t\t\t\t<\/div>\n\t\t\t\t\t\t<\/div>\n\t\t\t\t<\/div>\n\t\t\t\t<\/div>\n\t\t\t\t\t<\/details>\n\t\t\t\t\t<\/div>\n\t\t\t\t\t\t<\/div>\n\t\t\t\t<\/div>\n\t\t\t\t\t<\/div>\n\t\t\t\t<\/div>\n\t\t\t\t<\/div>\n\t\t","protected":false},"excerpt":{"rendered":"<p>Reuni\u00e3o CAPES e CNPq com a Comunidade de Computa\u00e7\u00e3o Programa\u00e7\u00e3o Ter\u00e7a-Feira (23\/07) Local: Piso Superior &#8211; Sala Ip\u00ea Rosa 16:30Reuni\u00e3o Participantes: Avelino ZorzoCoordenador da \u00c1rea de Computa\u00e7\u00e3o &#8211; CAPES Gustavo Jardim PortellaDiretor de Tecnologia de Informa\u00e7\u00e3o &#8211; CAPES Olival Freire J\u00faniorDiretor Cient\u00edfico &#8211; CNPq Altigran Soares da SilvaEx-coordenador do Comit\u00ea de Assessoramento de Ci\u00eancia da [&hellip;]<\/p>\n","protected":false},"author":7,"featured_media":5266,"parent":0,"menu_order":0,"comment_status":"closed","ping_status":"closed","template":"","meta":{"ocean_post_layout":"","ocean_both_sidebars_style":"","ocean_both_sidebars_content_width":0,"ocean_both_sidebars_sidebars_width":0,"ocean_sidebar":"","ocean_second_sidebar":"","ocean_disable_margins":"enable","ocean_add_body_class":"","ocean_shortcode_before_top_bar":"","ocean_shortcode_after_top_bar":"","ocean_shortcode_before_header":"","ocean_shortcode_after_header":"","ocean_has_shortcode":"","ocean_shortcode_after_title":"","ocean_shortcode_before_footer_widgets":"","ocean_shortcode_after_footer_widgets":"","ocean_shortcode_before_footer_bottom":"","ocean_shortcode_after_footer_bottom":"","ocean_display_top_bar":"default","ocean_display_header":"default","ocean_header_style":"","ocean_center_header_left_menu":"","ocean_custom_header_template":"","ocean_custom_logo":0,"ocean_custom_retina_logo":0,"ocean_custom_logo_max_width":0,"ocean_custom_logo_tablet_max_width":0,"ocean_custom_logo_mobile_max_width":0,"ocean_custom_logo_max_height":0,"ocean_custom_logo_tablet_max_height":0,"ocean_custom_logo_mobile_max_height":0,"ocean_header_custom_menu":"","ocean_menu_typo_font_family":"","ocean_menu_typo_font_subset":"","ocean_menu_typo_font_size":0,"ocean_menu_typo_font_size_tablet":0,"ocean_menu_typo_font_size_mobile":0,"ocean_menu_typo_font_size_unit":"px","ocean_menu_typo_font_weight":"","ocean_menu_typo_font_weight_tablet":"","ocean_menu_typo_font_weight_mobile":"","ocean_menu_typo_transform":"","ocean_menu_typo_transform_tablet":"","ocean_menu_typo_transform_mobile":"","ocean_menu_typo_line_height":0,"ocean_menu_typo_line_height_tablet":0,"ocean_menu_typo_line_height_mobile":0,"ocean_menu_typo_line_height_unit":"","ocean_menu_typo_spacing":0,"ocean_menu_typo_spacing_tablet":0,"ocean_menu_typo_spacing_mobile":0,"ocean_menu_typo_spacing_unit":"","ocean_menu_link_color":"","ocean_menu_link_color_hover":"","ocean_menu_link_color_active":"","ocean_menu_link_background":"","ocean_menu_link_hover_background":"","ocean_menu_link_active_background":"","ocean_menu_social_links_bg":"","ocean_menu_social_hover_links_bg":"","ocean_menu_social_links_color":"","ocean_menu_social_hover_links_color":"","ocean_disable_title":"default","ocean_disable_heading":"default","ocean_post_title":"","ocean_post_subheading":"","ocean_post_title_style":"","ocean_post_title_background_color":"","ocean_post_title_background":0,"ocean_post_title_bg_image_position":"","ocean_post_title_bg_image_attachment":"","ocean_post_title_bg_image_repeat":"","ocean_post_title_bg_image_size":"","ocean_post_title_height":0,"ocean_post_title_bg_overlay":0.5,"ocean_post_title_bg_overlay_color":"","ocean_disable_breadcrumbs":"default","ocean_breadcrumbs_color":"","ocean_breadcrumbs_separator_color":"","ocean_breadcrumbs_links_color":"","ocean_breadcrumbs_links_hover_color":"","ocean_display_footer_widgets":"default","ocean_display_footer_bottom":"default","ocean_custom_footer_template":"","_joinchat":[],"footnotes":""},"class_list":["post-15247","page","type-page","status-publish","has-post-thumbnail","hentry","entry","has-media"],"_links":{"self":[{"href":"https:\/\/csbc.sbc.org.br\/2024\/wp-json\/wp\/v2\/pages\/15247","targetHints":{"allow":["GET"]}}],"collection":[{"href":"https:\/\/csbc.sbc.org.br\/2024\/wp-json\/wp\/v2\/pages"}],"about":[{"href":"https:\/\/csbc.sbc.org.br\/2024\/wp-json\/wp\/v2\/types\/page"}],"author":[{"embeddable":true,"href":"https:\/\/csbc.sbc.org.br\/2024\/wp-json\/wp\/v2\/users\/7"}],"replies":[{"embeddable":true,"href":"https:\/\/csbc.sbc.org.br\/2024\/wp-json\/wp\/v2\/comments?post=15247"}],"version-history":[{"count":8,"href":"https:\/\/csbc.sbc.org.br\/2024\/wp-json\/wp\/v2\/pages\/15247\/revisions"}],"predecessor-version":[{"id":15256,"href":"https:\/\/csbc.sbc.org.br\/2024\/wp-json\/wp\/v2\/pages\/15247\/revisions\/15256"}],"wp:featuredmedia":[{"embeddable":true,"href":"https:\/\/csbc.sbc.org.br\/2024\/wp-json\/wp\/v2\/media\/5266"}],"wp:attachment":[{"href":"https:\/\/csbc.sbc.org.br\/2024\/wp-json\/wp\/v2\/media?parent=15247"}],"curies":[{"name":"wp","href":"https:\/\/api.w.org\/{rel}","templated":true}]}}