{"id":7051,"date":"2024-01-22T21:22:18","date_gmt":"2024-01-22T21:22:18","guid":{"rendered":"https:\/\/csbc.sbc.org.br\/2024\/?page_id=7051"},"modified":"2024-06-19T13:40:09","modified_gmt":"2024-06-19T13:40:09","slug":"hospedagem","status":"publish","type":"page","link":"https:\/\/csbc.sbc.org.br\/2024\/hospedagem\/","title":{"rendered":"Hospedagem"},"content":{"rendered":"\t\t<div data-elementor-type=\"wp-page\" data-elementor-id=\"7051\" class=\"elementor elementor-7051\">\n\t\t\t\t<div class=\"elementor-element elementor-element-0a3ba60 e-flex e-con-boxed e-con e-parent\" data-id=\"0a3ba60\" data-element_type=\"container\" data-e-type=\"container\">\n\t\t\t\t\t<div class=\"e-con-inner\">\n\t\t\t\t<div class=\"elementor-element elementor-element-67e0fc4 elementor-widget elementor-widget-heading\" data-id=\"67e0fc4\" data-element_type=\"widget\" data-e-type=\"widget\" data-widget_type=\"heading.default\">\n\t\t\t\t<div class=\"elementor-widget-container\">\n\t\t\t\t\t<h1 class=\"elementor-heading-title elementor-size-default\">Hospedagem\n<\/h1>\t\t\t\t<\/div>\n\t\t\t\t<\/div>\n\t\t\t\t\t<\/div>\n\t\t\t\t<\/div>\n\t\t<div class=\"elementor-element elementor-element-038c97b e-flex e-con-boxed elementor-invisible e-con e-parent\" data-id=\"038c97b\" data-element_type=\"container\" data-e-type=\"container\" data-settings=\"{&quot;animation&quot;:&quot;fadeIn&quot;}\">\n\t\t\t\t\t<div class=\"e-con-inner\">\n\t\t\t\t<div class=\"elementor-element elementor-element-bbda2cc elementor-widget-divider--view-line elementor-widget elementor-widget-divider\" data-id=\"bbda2cc\" data-element_type=\"widget\" data-e-type=\"widget\" data-widget_type=\"divider.default\">\n\t\t\t\t<div class=\"elementor-widget-container\">\n\t\t\t\t\t\t\t<div class=\"elementor-divider\">\n\t\t\t<span class=\"elementor-divider-separator\">\n\t\t\t\t\t\t<\/span>\n\t\t<\/div>\n\t\t\t\t\t\t<\/div>\n\t\t\t\t<\/div>\n\t\t\t\t<div class=\"elementor-element elementor-element-29d8843 elementor-widget elementor-widget-text-editor\" data-id=\"29d8843\" data-element_type=\"widget\" data-e-type=\"widget\" data-widget_type=\"text-editor.default\">\n\t\t\t\t<div class=\"elementor-widget-container\">\n\t\t\t\t\t\t\t\t\t<p><span style=\"font-size: 18px;\">Existem diversos hot\u00e9is pr\u00f3ximos ao local do evento. A seguir, a\u00a0<\/span><strong style=\"font-size: 18px;\">RS Turismo<\/strong><span style=\"font-size: 18px;\">, ag\u00eancia oficial do evento, apresenta algumas sugest\u00f5es de hospedagem.<\/span><\/p>\t\t\t\t\t\t\t\t<\/div>\n\t\t\t\t<\/div>\n\t\t\t\t<div class=\"elementor-element elementor-element-0cc4e44 elementor-widget elementor-widget-image\" data-id=\"0cc4e44\" data-element_type=\"widget\" data-e-type=\"widget\" data-widget_type=\"image.default\">\n\t\t\t\t<div class=\"elementor-widget-container\">\n\t\t\t\t\t\t\t\t\t\t\t\t\t\t\t<img decoding=\"async\" src=\"https:\/\/csbc.sbc.org.br\/2024\/wp-content\/uploads\/elementor\/thumbs\/hotel-san-marco-qpw4aihkedl74yqx1vx2115pex32hppq8t10ekq43w.png\" title=\"hotel-san-marco\" alt=\"hotel-san-marco\" loading=\"lazy\" \/>\t\t\t\t\t\t\t\t\t\t\t\t\t\t\t<\/div>\n\t\t\t\t<\/div>\n\t\t\t\t\t<\/div>\n\t\t\t\t<\/div>\n\t\t<div class=\"elementor-element elementor-element-7b48620 animated-slow e-flex e-con-boxed elementor-invisible e-con e-parent\" data-id=\"7b48620\" data-element_type=\"container\" data-e-type=\"container\" data-settings=\"{&quot;animation&quot;:&quot;fadeIn&quot;,&quot;background_background&quot;:&quot;gradient&quot;}\">\n\t\t\t\t\t<div class=\"e-con-inner\">\n\t\t<div class=\"elementor-element elementor-element-7875687 e-con-full e-flex e-con e-child\" data-id=\"7875687\" data-element_type=\"container\" data-e-type=\"container\">\n\t\t\t\t<div class=\"elementor-element elementor-element-19cb41f elementor-widget elementor-widget-heading\" data-id=\"19cb41f\" data-element_type=\"widget\" data-e-type=\"widget\" data-widget_type=\"heading.default\">\n\t\t\t\t<div class=\"elementor-widget-container\">\n\t\t\t\t\t<h2 class=\"elementor-heading-title elementor-size-default\">Sugest\u00f5es de Hospedagens Econ\u00f4micas para Caravanas<\/h2>\t\t\t\t<\/div>\n\t\t\t\t<\/div>\n\t\t\t\t<div class=\"elementor-element elementor-element-74313df elementor-widget-divider--view-line elementor-widget elementor-widget-divider\" data-id=\"74313df\" data-element_type=\"widget\" data-e-type=\"widget\" data-widget_type=\"divider.default\">\n\t\t\t\t<div class=\"elementor-widget-container\">\n\t\t\t\t\t\t\t<div class=\"elementor-divider\">\n\t\t\t<span class=\"elementor-divider-separator\">\n\t\t\t\t\t\t<\/span>\n\t\t<\/div>\n\t\t\t\t\t\t<\/div>\n\t\t\t\t<\/div>\n\t\t\t\t<div class=\"elementor-element elementor-element-fc5e803 elementor-position-left elementor-vertical-align-top elementor-widget elementor-widget-image-box\" data-id=\"fc5e803\" data-element_type=\"widget\" data-e-type=\"widget\" data-widget_type=\"image-box.default\">\n\t\t\t\t<div class=\"elementor-widget-container\">\n\t\t\t\t\t<div class=\"elementor-image-box-wrapper\"><figure class=\"elementor-image-box-img\"><img fetchpriority=\"high\" decoding=\"async\" width=\"300\" height=\"200\" src=\"https:\/\/csbc.sbc.org.br\/2024\/wp-content\/uploads\/2024\/03\/hotel_baypark-300x200.jpg\" class=\"attachment-medium size-medium wp-image-8908\" alt=\"\" srcset=\"https:\/\/csbc.sbc.org.br\/2024\/wp-content\/uploads\/2024\/03\/hotel_baypark-300x200.jpg 300w, https:\/\/csbc.sbc.org.br\/2024\/wp-content\/uploads\/2024\/03\/hotel_baypark-768x512.jpg 768w, https:\/\/csbc.sbc.org.br\/2024\/wp-content\/uploads\/2024\/03\/hotel_baypark.jpg 1024w\" sizes=\"(max-width: 300px) 100vw, 300px\" \/><\/figure><div class=\"elementor-image-box-content\"><h3 class=\"elementor-image-box-title\">Op\u00e7\u00e3o Econ\u00f4mica: Bay Park Hotel<\/h3><p class=\"elementor-image-box-description\">Endere\u00e7o: SHTN Trecho 02 Conjunto 05 Projeto Orla, Asa Norte, Bras\u00edlia-DF<\/p><\/div><\/div>\t\t\t\t<\/div>\n\t\t\t\t<\/div>\n\t\t\t\t<div class=\"elementor-element elementor-element-dcf7fae elementor-widget elementor-widget-spacer\" data-id=\"dcf7fae\" data-element_type=\"widget\" data-e-type=\"widget\" data-widget_type=\"spacer.default\">\n\t\t\t\t<div class=\"elementor-widget-container\">\n\t\t\t\t\t\t\t<div class=\"elementor-spacer\">\n\t\t\t<div class=\"elementor-spacer-inner\"><\/div>\n\t\t<\/div>\n\t\t\t\t\t\t<\/div>\n\t\t\t\t<\/div>\n\t\t\t\t<div class=\"elementor-element elementor-element-56ab4ae elementor-position-left elementor-vertical-align-top elementor-widget elementor-widget-image-box\" data-id=\"56ab4ae\" data-element_type=\"widget\" data-e-type=\"widget\" data-widget_type=\"image-box.default\">\n\t\t\t\t<div class=\"elementor-widget-container\">\n\t\t\t\t\t<div class=\"elementor-image-box-wrapper\"><figure class=\"elementor-image-box-img\"><img decoding=\"async\" width=\"300\" height=\"193\" src=\"https:\/\/csbc.sbc.org.br\/2024\/wp-content\/uploads\/2024\/03\/hotel_alojamento_minasclub-300x193.png\" class=\"attachment-medium size-medium wp-image-8909\" alt=\"\" srcset=\"https:\/\/csbc.sbc.org.br\/2024\/wp-content\/uploads\/2024\/03\/hotel_alojamento_minasclub-300x193.png 300w, https:\/\/csbc.sbc.org.br\/2024\/wp-content\/uploads\/2024\/03\/hotel_alojamento_minasclub.png 700w\" sizes=\"(max-width: 300px) 100vw, 300px\" \/><\/figure><div class=\"elementor-image-box-content\"><h3 class=\"elementor-image-box-title\">Op\u00e7\u00e3o Super Econ\u00f4mica: Alojamento do Minas Bras\u00edlia T\u00eanis Clube<\/h3><p class=\"elementor-image-box-description\">Endere\u00e7o: SHTN \u2013 Trecho 01 Conjunto 1B \u2013 Blocos A e B \u2013 Asa Norte \u2013 Bras\u00edlia DF<br>Valor da di\u00e1ria: R$ 60,00 por pessoa<br \/>\nPara mais informa\u00e7\u00f5es, acesse o site: <a href=\"https:\/\/www.minasbrasilia.com.br\/\" target=\"_blank\"><b>Minas Bras\u00edlia T\u00eanis Clube<\/b><\/a><\/p><\/div><\/div>\t\t\t\t<\/div>\n\t\t\t\t<\/div>\n\t\t\t\t<\/div>\n\t\t\t\t\t<\/div>\n\t\t\t\t<\/div>\n\t\t<div class=\"elementor-element elementor-element-2b66133 e-flex e-con-boxed e-con e-parent\" data-id=\"2b66133\" data-element_type=\"container\" data-e-type=\"container\">\n\t\t\t\t\t<div class=\"e-con-inner\">\n\t\t\t\t<div class=\"elementor-element elementor-element-3bf5c76 elementor-widget elementor-widget-spacer\" data-id=\"3bf5c76\" data-element_type=\"widget\" data-e-type=\"widget\" data-widget_type=\"spacer.default\">\n\t\t\t\t<div class=\"elementor-widget-container\">\n\t\t\t\t\t\t\t<div class=\"elementor-spacer\">\n\t\t\t<div class=\"elementor-spacer-inner\"><\/div>\n\t\t<\/div>\n\t\t\t\t\t\t<\/div>\n\t\t\t\t<\/div>\n\t\t\t\t\t<\/div>\n\t\t\t\t<\/div>\n\t\t<div class=\"elementor-element elementor-element-833aa28 animated-slow e-flex e-con-boxed elementor-invisible e-con e-parent\" data-id=\"833aa28\" data-element_type=\"container\" data-e-type=\"container\" data-settings=\"{&quot;animation&quot;:&quot;fadeIn&quot;,&quot;background_background&quot;:&quot;gradient&quot;}\">\n\t\t\t\t\t<div class=\"e-con-inner\">\n\t\t<div class=\"elementor-element elementor-element-7d9932e e-con-full e-flex e-con e-child\" data-id=\"7d9932e\" data-element_type=\"container\" data-e-type=\"container\">\n\t\t\t\t<div class=\"elementor-element elementor-element-90bcb39 elementor-widget elementor-widget-heading\" data-id=\"90bcb39\" data-element_type=\"widget\" data-e-type=\"widget\" data-widget_type=\"heading.default\">\n\t\t\t\t<div class=\"elementor-widget-container\">\n\t\t\t\t\t<h2 class=\"elementor-heading-title elementor-size-default\">Sugest\u00f5es de Hospedagem Pr\u00f3ximas ao Local do Evento<\/h2>\t\t\t\t<\/div>\n\t\t\t\t<\/div>\n\t\t\t\t<div class=\"elementor-element elementor-element-aafef83 elementor-widget-divider--view-line elementor-widget elementor-widget-divider\" data-id=\"aafef83\" data-element_type=\"widget\" data-e-type=\"widget\" data-widget_type=\"divider.default\">\n\t\t\t\t<div class=\"elementor-widget-container\">\n\t\t\t\t\t\t\t<div class=\"elementor-divider\">\n\t\t\t<span class=\"elementor-divider-separator\">\n\t\t\t\t\t\t<\/span>\n\t\t<\/div>\n\t\t\t\t\t\t<\/div>\n\t\t\t\t<\/div>\n\t\t\t\t<\/div>\n\t\t<div class=\"elementor-element elementor-element-76405c9 e-con-full e-flex e-con e-child\" data-id=\"76405c9\" data-element_type=\"container\" data-e-type=\"container\">\n\t\t\t\t<div class=\"elementor-element elementor-element-b1c978a elementor-position-left elementor-vertical-align-top elementor-widget elementor-widget-image-box\" data-id=\"b1c978a\" data-element_type=\"widget\" data-e-type=\"widget\" data-widget_type=\"image-box.default\">\n\t\t\t\t<div class=\"elementor-widget-container\">\n\t\t\t\t\t<div class=\"elementor-image-box-wrapper\"><figure class=\"elementor-image-box-img\"><img decoding=\"async\" width=\"300\" height=\"200\" src=\"https:\/\/csbc.sbc.org.br\/2024\/wp-content\/uploads\/2024\/03\/hotel_comfort-300x200.jpg\" class=\"attachment-medium size-medium wp-image-8891\" alt=\"\" srcset=\"https:\/\/csbc.sbc.org.br\/2024\/wp-content\/uploads\/2024\/03\/hotel_comfort-300x200.jpg 300w, https:\/\/csbc.sbc.org.br\/2024\/wp-content\/uploads\/2024\/03\/hotel_comfort.jpg 720w\" sizes=\"(max-width: 300px) 100vw, 300px\" \/><\/figure><div class=\"elementor-image-box-content\"><h3 class=\"elementor-image-box-title\">Comfort Suites Bras\u00edlia<\/h3><p class=\"elementor-image-box-description\">Endere\u00e7o: SHN Quadra 4 Bloco D , Asa Norte, Bras\u00edlia<\/p><\/div><\/div>\t\t\t\t<\/div>\n\t\t\t\t<\/div>\n\t\t\t\t<div class=\"elementor-element elementor-element-37be5d4 elementor-widget elementor-widget-spacer\" data-id=\"37be5d4\" data-element_type=\"widget\" data-e-type=\"widget\" data-widget_type=\"spacer.default\">\n\t\t\t\t<div class=\"elementor-widget-container\">\n\t\t\t\t\t\t\t<div class=\"elementor-spacer\">\n\t\t\t<div class=\"elementor-spacer-inner\"><\/div>\n\t\t<\/div>\n\t\t\t\t\t\t<\/div>\n\t\t\t\t<\/div>\n\t\t\t\t<div class=\"elementor-element elementor-element-65c7ea7 elementor-position-left elementor-vertical-align-top elementor-widget elementor-widget-image-box\" data-id=\"65c7ea7\" data-element_type=\"widget\" data-e-type=\"widget\" data-widget_type=\"image-box.default\">\n\t\t\t\t<div class=\"elementor-widget-container\">\n\t\t\t\t\t<div class=\"elementor-image-box-wrapper\"><figure class=\"elementor-image-box-img\"><img loading=\"lazy\" decoding=\"async\" width=\"300\" height=\"200\" src=\"https:\/\/csbc.sbc.org.br\/2024\/wp-content\/uploads\/2024\/03\/hotel_elpilar-300x200.jpg\" class=\"attachment-medium size-medium wp-image-8892\" alt=\"\" srcset=\"https:\/\/csbc.sbc.org.br\/2024\/wp-content\/uploads\/2024\/03\/hotel_elpilar-300x200.jpg 300w, https:\/\/csbc.sbc.org.br\/2024\/wp-content\/uploads\/2024\/03\/hotel_elpilar-768x512.jpg 768w, https:\/\/csbc.sbc.org.br\/2024\/wp-content\/uploads\/2024\/03\/hotel_elpilar.jpg 952w\" sizes=\"(max-width: 300px) 100vw, 300px\" \/><\/figure><div class=\"elementor-image-box-content\"><h3 class=\"elementor-image-box-title\">El Pilar Hotel<\/h3><p class=\"elementor-image-box-description\">Endere\u00e7o: SHN Quadra 3 Bloco F - Asa Norte, Bras\u00edlia<\/p><\/div><\/div>\t\t\t\t<\/div>\n\t\t\t\t<\/div>\n\t\t\t\t<div class=\"elementor-element elementor-element-ad0eff3 elementor-widget elementor-widget-spacer\" data-id=\"ad0eff3\" data-element_type=\"widget\" data-e-type=\"widget\" data-widget_type=\"spacer.default\">\n\t\t\t\t<div class=\"elementor-widget-container\">\n\t\t\t\t\t\t\t<div class=\"elementor-spacer\">\n\t\t\t<div class=\"elementor-spacer-inner\"><\/div>\n\t\t<\/div>\n\t\t\t\t\t\t<\/div>\n\t\t\t\t<\/div>\n\t\t\t\t<div class=\"elementor-element elementor-element-f10eb4d elementor-position-left elementor-vertical-align-top elementor-widget elementor-widget-image-box\" data-id=\"f10eb4d\" data-element_type=\"widget\" data-e-type=\"widget\" data-widget_type=\"image-box.default\">\n\t\t\t\t<div class=\"elementor-widget-container\">\n\t\t\t\t\t<div class=\"elementor-image-box-wrapper\"><figure class=\"elementor-image-box-img\"><img loading=\"lazy\" decoding=\"async\" width=\"300\" height=\"200\" src=\"https:\/\/csbc.sbc.org.br\/2024\/wp-content\/uploads\/2024\/03\/hotel_diplomat-300x200.jpg\" class=\"attachment-medium size-medium wp-image-8897\" alt=\"\" srcset=\"https:\/\/csbc.sbc.org.br\/2024\/wp-content\/uploads\/2024\/03\/hotel_diplomat-300x200.jpg 300w, https:\/\/csbc.sbc.org.br\/2024\/wp-content\/uploads\/2024\/03\/hotel_diplomat-768x512.jpg 768w, https:\/\/csbc.sbc.org.br\/2024\/wp-content\/uploads\/2024\/03\/hotel_diplomat.jpg 1024w\" sizes=\"(max-width: 300px) 100vw, 300px\" \/><\/figure><div class=\"elementor-image-box-content\"><h3 class=\"elementor-image-box-title\">Hotel Diplomat<\/h3><p class=\"elementor-image-box-description\">Endere\u00e7o: SHN Quadra 2 Bloco L - Asa Norte, Bras\u00edlia<\/p><\/div><\/div>\t\t\t\t<\/div>\n\t\t\t\t<\/div>\n\t\t\t\t<div class=\"elementor-element elementor-element-6f254c6 elementor-widget elementor-widget-spacer\" data-id=\"6f254c6\" data-element_type=\"widget\" data-e-type=\"widget\" data-widget_type=\"spacer.default\">\n\t\t\t\t<div class=\"elementor-widget-container\">\n\t\t\t\t\t\t\t<div class=\"elementor-spacer\">\n\t\t\t<div class=\"elementor-spacer-inner\"><\/div>\n\t\t<\/div>\n\t\t\t\t\t\t<\/div>\n\t\t\t\t<\/div>\n\t\t\t\t<div class=\"elementor-element elementor-element-0121a5a elementor-position-left elementor-vertical-align-top elementor-widget elementor-widget-image-box\" data-id=\"0121a5a\" data-element_type=\"widget\" data-e-type=\"widget\" data-widget_type=\"image-box.default\">\n\t\t\t\t<div class=\"elementor-widget-container\">\n\t\t\t\t\t<div class=\"elementor-image-box-wrapper\"><figure class=\"elementor-image-box-img\"><img loading=\"lazy\" decoding=\"async\" width=\"300\" height=\"225\" src=\"https:\/\/csbc.sbc.org.br\/2024\/wp-content\/uploads\/2024\/03\/hotel_mercure-300x225.jpg\" class=\"attachment-medium size-medium wp-image-8898\" alt=\"\" srcset=\"https:\/\/csbc.sbc.org.br\/2024\/wp-content\/uploads\/2024\/03\/hotel_mercure-300x225.jpg 300w, https:\/\/csbc.sbc.org.br\/2024\/wp-content\/uploads\/2024\/03\/hotel_mercure.jpg 640w\" sizes=\"(max-width: 300px) 100vw, 300px\" \/><\/figure><div class=\"elementor-image-box-content\"><h3 class=\"elementor-image-box-title\">Hotel Mercure Flat Particular<\/h3><p class=\"elementor-image-box-description\">Endere\u00e7o: SHN Quadra 5 Bloco I - Asa Norte, Bras\u00edlia<\/p><\/div><\/div>\t\t\t\t<\/div>\n\t\t\t\t<\/div>\n\t\t\t\t<div class=\"elementor-element elementor-element-2cf0204 elementor-widget elementor-widget-spacer\" data-id=\"2cf0204\" data-element_type=\"widget\" data-e-type=\"widget\" data-widget_type=\"spacer.default\">\n\t\t\t\t<div class=\"elementor-widget-container\">\n\t\t\t\t\t\t\t<div class=\"elementor-spacer\">\n\t\t\t<div class=\"elementor-spacer-inner\"><\/div>\n\t\t<\/div>\n\t\t\t\t\t\t<\/div>\n\t\t\t\t<\/div>\n\t\t\t\t<div class=\"elementor-element elementor-element-ec96572 elementor-position-left elementor-vertical-align-top elementor-widget elementor-widget-image-box\" data-id=\"ec96572\" data-element_type=\"widget\" data-e-type=\"widget\" data-widget_type=\"image-box.default\">\n\t\t\t\t<div class=\"elementor-widget-container\">\n\t\t\t\t\t<div class=\"elementor-image-box-wrapper\"><figure class=\"elementor-image-box-img\"><img loading=\"lazy\" decoding=\"async\" width=\"300\" height=\"169\" src=\"https:\/\/csbc.sbc.org.br\/2024\/wp-content\/uploads\/2024\/03\/hotel_stplaza-300x169.jpg\" class=\"attachment-medium size-medium wp-image-8899\" alt=\"\" srcset=\"https:\/\/csbc.sbc.org.br\/2024\/wp-content\/uploads\/2024\/03\/hotel_stplaza-300x169.jpg 300w, https:\/\/csbc.sbc.org.br\/2024\/wp-content\/uploads\/2024\/03\/hotel_stplaza-1024x576.jpg 1024w, https:\/\/csbc.sbc.org.br\/2024\/wp-content\/uploads\/2024\/03\/hotel_stplaza-768x432.jpg 768w, https:\/\/csbc.sbc.org.br\/2024\/wp-content\/uploads\/2024\/03\/hotel_stplaza-800x450.jpg 800w, https:\/\/csbc.sbc.org.br\/2024\/wp-content\/uploads\/2024\/03\/hotel_stplaza.jpg 1280w\" sizes=\"(max-width: 300px) 100vw, 300px\" \/><\/figure><div class=\"elementor-image-box-content\"><h3 class=\"elementor-image-box-title\">St. Paul Plaza Hotel<\/h3><p class=\"elementor-image-box-description\">Edere\u00e7o: SHS, Quadra 02 Bloco H - Asa Sul, Bras\u00edlia<\/p><\/div><\/div>\t\t\t\t<\/div>\n\t\t\t\t<\/div>\n\t\t\t\t<div class=\"elementor-element elementor-element-a4ecaa5 elementor-widget elementor-widget-spacer\" data-id=\"a4ecaa5\" data-element_type=\"widget\" data-e-type=\"widget\" data-widget_type=\"spacer.default\">\n\t\t\t\t<div class=\"elementor-widget-container\">\n\t\t\t\t\t\t\t<div class=\"elementor-spacer\">\n\t\t\t<div class=\"elementor-spacer-inner\"><\/div>\n\t\t<\/div>\n\t\t\t\t\t\t<\/div>\n\t\t\t\t<\/div>\n\t\t\t\t<div class=\"elementor-element elementor-element-fd4e86c elementor-position-left elementor-vertical-align-top elementor-widget elementor-widget-image-box\" data-id=\"fd4e86c\" data-element_type=\"widget\" data-e-type=\"widget\" data-widget_type=\"image-box.default\">\n\t\t\t\t<div class=\"elementor-widget-container\">\n\t\t\t\t\t<div class=\"elementor-image-box-wrapper\"><figure class=\"elementor-image-box-img\"><img loading=\"lazy\" decoding=\"async\" width=\"300\" height=\"169\" src=\"https:\/\/csbc.sbc.org.br\/2024\/wp-content\/uploads\/2024\/03\/hotel_metropolitan-300x169.jpg\" class=\"attachment-medium size-medium wp-image-8900\" alt=\"\" srcset=\"https:\/\/csbc.sbc.org.br\/2024\/wp-content\/uploads\/2024\/03\/hotel_metropolitan-300x169.jpg 300w, https:\/\/csbc.sbc.org.br\/2024\/wp-content\/uploads\/2024\/03\/hotel_metropolitan-1024x576.jpg 1024w, https:\/\/csbc.sbc.org.br\/2024\/wp-content\/uploads\/2024\/03\/hotel_metropolitan-768x432.jpg 768w, https:\/\/csbc.sbc.org.br\/2024\/wp-content\/uploads\/2024\/03\/hotel_metropolitan-800x450.jpg 800w, https:\/\/csbc.sbc.org.br\/2024\/wp-content\/uploads\/2024\/03\/hotel_metropolitan.jpg 1080w\" sizes=\"(max-width: 300px) 100vw, 300px\" \/><\/figure><div class=\"elementor-image-box-content\"><h3 class=\"elementor-image-box-title\">Metropolitan Hotel Bras\u00edlia<\/h3><p class=\"elementor-image-box-description\">Endere\u00e7o: SHN Quadra 2 Bloco H - Asa Norte, Bras\u00edlia<\/p><\/div><\/div>\t\t\t\t<\/div>\n\t\t\t\t<\/div>\n\t\t\t\t<\/div>\n\t\t\t\t\t<\/div>\n\t\t\t\t<\/div>\n\t\t<div class=\"elementor-element elementor-element-3751397 e-flex e-con-boxed elementor-invisible e-con e-parent\" data-id=\"3751397\" data-element_type=\"container\" data-e-type=\"container\" data-settings=\"{&quot;animation&quot;:&quot;fadeIn&quot;}\">\n\t\t\t\t\t<div class=\"e-con-inner\">\n\t\t\t\t<div class=\"elementor-element elementor-element-2eb790e elementor-widget-divider--view-line elementor-widget elementor-widget-divider\" data-id=\"2eb790e\" data-element_type=\"widget\" data-e-type=\"widget\" data-widget_type=\"divider.default\">\n\t\t\t\t<div class=\"elementor-widget-container\">\n\t\t\t\t\t\t\t<div class=\"elementor-divider\">\n\t\t\t<span class=\"elementor-divider-separator\">\n\t\t\t\t\t\t<\/span>\n\t\t<\/div>\n\t\t\t\t\t\t<\/div>\n\t\t\t\t<\/div>\n\t\t\t\t<div class=\"elementor-element elementor-element-789e5ec elementor-widget elementor-widget-text-editor\" data-id=\"789e5ec\" data-element_type=\"widget\" data-e-type=\"widget\" data-widget_type=\"text-editor.default\">\n\t\t\t\t<div class=\"elementor-widget-container\">\n\t\t\t\t\t\t\t\t\t<p><span style=\"font-size: 18px;\">A\u00a0<\/span><strong style=\"font-size: 18px;\"><a href=\"http:\/\/www.rsturismoeventos.com.br\/\" target=\"_blank\" rel=\"noreferrer noopener\">RS Turismo<\/a><\/strong><span style=\"font-size: 18px;\"> foi escolhida como ag\u00eancia oficial da organiza\u00e7\u00e3o do CSBC 2024 para fornecer todo o suporte log\u00edstico necess\u00e1rio, garantindo conforto e seguran\u00e7a para sua hospedagem em Bras\u00edlia. Para maiores informa\u00e7\u00f5es, entre em contato com a RS Turismo. Teremos muito prazer em atend\u00ea-los(as)!<\/span><\/p><div><div><p><strong>Contato da Ag\u00eancia \u2013 RS Turismo:<\/strong><\/p><ul><li><strong>Telefone:\u00a0<\/strong>(61) 3039-2929<\/li><li><b>E-mail:<\/b> <strong><a href=\"mailto:vendas@rsturismoeventos.com.br\">vendas@rsturismoeventos.com.br<\/a><\/strong> \/\u00a0<strong><a href=\"mailto:vendas@rsturismoeventos.com.br\" target=\"_blank\" rel=\"noopener\">vendas1@rsturismoeventos.com.br<\/a><\/strong><\/li><\/ul><\/div><\/div>\t\t\t\t\t\t\t\t<\/div>\n\t\t\t\t<\/div>\n\t\t\t\t\t<\/div>\n\t\t\t\t<\/div>\n\t\t\t\t<\/div>\n\t\t","protected":false},"excerpt":{"rendered":"<p>Hospedagem Existem diversos hot\u00e9is pr\u00f3ximos ao local do evento. A seguir, a\u00a0RS Turismo, ag\u00eancia oficial do evento, apresenta algumas sugest\u00f5es de hospedagem. Sugest\u00f5es de Hospedagens Econ\u00f4micas para Caravanas Op\u00e7\u00e3o Econ\u00f4mica: Bay Park Hotel Endere\u00e7o: SHTN Trecho 02 Conjunto 05 Projeto Orla, Asa Norte, Bras\u00edlia-DF Op\u00e7\u00e3o Super Econ\u00f4mica: Alojamento do Minas Bras\u00edlia T\u00eanis Clube Endere\u00e7o: SHTN [&hellip;]<\/p>\n","protected":false},"author":7,"featured_media":5266,"parent":0,"menu_order":0,"comment_status":"closed","ping_status":"closed","template":"","meta":{"ocean_post_layout":"","ocean_both_sidebars_style":"","ocean_both_sidebars_content_width":0,"ocean_both_sidebars_sidebars_width":0,"ocean_sidebar":"","ocean_second_sidebar":"","ocean_disable_margins":"enable","ocean_add_body_class":"","ocean_shortcode_before_top_bar":"","ocean_shortcode_after_top_bar":"","ocean_shortcode_before_header":"","ocean_shortcode_after_header":"","ocean_has_shortcode":"","ocean_shortcode_after_title":"","ocean_shortcode_before_footer_widgets":"","ocean_shortcode_after_footer_widgets":"","ocean_shortcode_before_footer_bottom":"","ocean_shortcode_after_footer_bottom":"","ocean_display_top_bar":"default","ocean_display_header":"default","ocean_header_style":"","ocean_center_header_left_menu":"","ocean_custom_header_template":"","ocean_custom_logo":0,"ocean_custom_retina_logo":0,"ocean_custom_logo_max_width":0,"ocean_custom_logo_tablet_max_width":0,"ocean_custom_logo_mobile_max_width":0,"ocean_custom_logo_max_height":0,"ocean_custom_logo_tablet_max_height":0,"ocean_custom_logo_mobile_max_height":0,"ocean_header_custom_menu":"","ocean_menu_typo_font_family":"","ocean_menu_typo_font_subset":"","ocean_menu_typo_font_size":0,"ocean_menu_typo_font_size_tablet":0,"ocean_menu_typo_font_size_mobile":0,"ocean_menu_typo_font_size_unit":"px","ocean_menu_typo_font_weight":"","ocean_menu_typo_font_weight_tablet":"","ocean_menu_typo_font_weight_mobile":"","ocean_menu_typo_transform":"","ocean_menu_typo_transform_tablet":"","ocean_menu_typo_transform_mobile":"","ocean_menu_typo_line_height":0,"ocean_menu_typo_line_height_tablet":0,"ocean_menu_typo_line_height_mobile":0,"ocean_menu_typo_line_height_unit":"","ocean_menu_typo_spacing":0,"ocean_menu_typo_spacing_tablet":0,"ocean_menu_typo_spacing_mobile":0,"ocean_menu_typo_spacing_unit":"","ocean_menu_link_color":"","ocean_menu_link_color_hover":"","ocean_menu_link_color_active":"","ocean_menu_link_background":"","ocean_menu_link_hover_background":"","ocean_menu_link_active_background":"","ocean_menu_social_links_bg":"","ocean_menu_social_hover_links_bg":"","ocean_menu_social_links_color":"","ocean_menu_social_hover_links_color":"","ocean_disable_title":"default","ocean_disable_heading":"default","ocean_post_title":"","ocean_post_subheading":"","ocean_post_title_style":"","ocean_post_title_background_color":"","ocean_post_title_background":0,"ocean_post_title_bg_image_position":"","ocean_post_title_bg_image_attachment":"","ocean_post_title_bg_image_repeat":"","ocean_post_title_bg_image_size":"","ocean_post_title_height":0,"ocean_post_title_bg_overlay":0.5,"ocean_post_title_bg_overlay_color":"","ocean_disable_breadcrumbs":"default","ocean_breadcrumbs_color":"","ocean_breadcrumbs_separator_color":"","ocean_breadcrumbs_links_color":"","ocean_breadcrumbs_links_hover_color":"","ocean_display_footer_widgets":"default","ocean_display_footer_bottom":"default","ocean_custom_footer_template":"","_joinchat":[],"footnotes":""},"class_list":["post-7051","page","type-page","status-publish","has-post-thumbnail","hentry","entry","has-media"],"_links":{"self":[{"href":"https:\/\/csbc.sbc.org.br\/2024\/wp-json\/wp\/v2\/pages\/7051","targetHints":{"allow":["GET"]}}],"collection":[{"href":"https:\/\/csbc.sbc.org.br\/2024\/wp-json\/wp\/v2\/pages"}],"about":[{"href":"https:\/\/csbc.sbc.org.br\/2024\/wp-json\/wp\/v2\/types\/page"}],"author":[{"embeddable":true,"href":"https:\/\/csbc.sbc.org.br\/2024\/wp-json\/wp\/v2\/users\/7"}],"replies":[{"embeddable":true,"href":"https:\/\/csbc.sbc.org.br\/2024\/wp-json\/wp\/v2\/comments?post=7051"}],"version-history":[{"count":106,"href":"https:\/\/csbc.sbc.org.br\/2024\/wp-json\/wp\/v2\/pages\/7051\/revisions"}],"predecessor-version":[{"id":12351,"href":"https:\/\/csbc.sbc.org.br\/2024\/wp-json\/wp\/v2\/pages\/7051\/revisions\/12351"}],"wp:featuredmedia":[{"embeddable":true,"href":"https:\/\/csbc.sbc.org.br\/2024\/wp-json\/wp\/v2\/media\/5266"}],"wp:attachment":[{"href":"https:\/\/csbc.sbc.org.br\/2024\/wp-json\/wp\/v2\/media?parent=7051"}],"curies":[{"name":"wp","href":"https:\/\/api.w.org\/{rel}","templated":true}]}}