{"id":7161,"date":"2024-01-26T22:30:36","date_gmt":"2024-01-26T22:30:36","guid":{"rendered":"https:\/\/csbc.sbc.org.br\/2024\/?page_id=7161"},"modified":"2024-07-15T11:58:57","modified_gmt":"2024-07-15T14:58:57","slug":"cq","status":"publish","type":"page","link":"https:\/\/csbc.sbc.org.br\/2024\/cq\/","title":{"rendered":"CQ &#8211; Curso de Qualidade no Ensino da Computa\u00e7\u00e3o"},"content":{"rendered":"\t\t<div data-elementor-type=\"wp-page\" data-elementor-id=\"7161\" class=\"elementor elementor-7161\">\n\t\t\t\t<div class=\"elementor-element elementor-element-0a3ba60 e-flex e-con-boxed e-con e-parent\" data-id=\"0a3ba60\" data-element_type=\"container\" data-e-type=\"container\">\n\t\t\t\t\t<div class=\"e-con-inner\">\n\t\t\t\t<div class=\"elementor-element elementor-element-67e0fc4 elementor-widget elementor-widget-heading\" data-id=\"67e0fc4\" data-element_type=\"widget\" data-e-type=\"widget\" data-widget_type=\"heading.default\">\n\t\t\t\t<div class=\"elementor-widget-container\">\n\t\t\t\t\t<h1 class=\"elementor-heading-title elementor-size-default\">CQ<span style=\"font-weight:normal;line-height:1.1em\"> - 25\u00ba Curso de Qualidade no Ensino da Computa\u00e7\u00e3o<\/span><\/h1>\t\t\t\t<\/div>\n\t\t\t\t<\/div>\n\t\t\t\t\t<\/div>\n\t\t\t\t<\/div>\n\t\t<div class=\"elementor-element elementor-element-0ea5134 e-flex e-con-boxed elementor-invisible e-con e-parent\" data-id=\"0ea5134\" data-element_type=\"container\" data-e-type=\"container\" data-settings=\"{&quot;animation&quot;:&quot;fadeIn&quot;}\">\n\t\t\t\t\t<div class=\"e-con-inner\">\n\t\t\t\t<div class=\"elementor-element elementor-element-ef7ca13 elementor-widget-divider--view-line elementor-widget elementor-widget-divider\" data-id=\"ef7ca13\" data-element_type=\"widget\" data-e-type=\"widget\" data-widget_type=\"divider.default\">\n\t\t\t\t<div class=\"elementor-widget-container\">\n\t\t\t\t\t\t\t<div class=\"elementor-divider\">\n\t\t\t<span class=\"elementor-divider-separator\">\n\t\t\t\t\t\t<\/span>\n\t\t<\/div>\n\t\t\t\t\t\t<\/div>\n\t\t\t\t<\/div>\n\t\t\t\t\t<\/div>\n\t\t\t\t<\/div>\n\t\t<div class=\"elementor-element elementor-element-ffbd95f e-flex e-con-boxed e-con e-parent\" data-id=\"ffbd95f\" data-element_type=\"container\" data-e-type=\"container\">\n\t\t\t\t\t<div class=\"e-con-inner\">\n\t\t\t\t<div class=\"elementor-element elementor-element-9f7a19c elementor-widget elementor-widget-text-editor\" data-id=\"9f7a19c\" data-element_type=\"widget\" data-e-type=\"widget\" data-widget_type=\"text-editor.default\">\n\t\t\t\t<div class=\"elementor-widget-container\">\n\t\t\t\t\t\t\t\t\t<h2>Programa\u00e7\u00e3o<\/h2>\t\t\t\t\t\t\t\t<\/div>\n\t\t\t\t<\/div>\n\t\t\t\t\t<\/div>\n\t\t\t\t<\/div>\n\t\t<div class=\"elementor-element elementor-element-a642380 e-flex e-con-boxed e-con e-parent\" data-id=\"a642380\" data-element_type=\"container\" data-e-type=\"container\">\n\t\t\t\t\t<div class=\"e-con-inner\">\n\t\t<div class=\"elementor-element elementor-element-3e6165d e-con-full e-flex e-con e-child\" data-id=\"3e6165d\" data-element_type=\"container\" data-e-type=\"container\" data-settings=\"{&quot;background_background&quot;:&quot;gradient&quot;}\">\n\t\t\t\t<div class=\"elementor-element elementor-element-aec31ba elementor-widget elementor-widget-text-editor\" data-id=\"aec31ba\" data-element_type=\"widget\" data-e-type=\"widget\" data-widget_type=\"text-editor.default\">\n\t\t\t\t<div class=\"elementor-widget-container\">\n\t\t\t\t\t\t\t\t\t<p>Domingo (21\/07)<br \/><br \/><span style=\"font-weight: normal;\">Local: T\u00e9rreo &#8211; Sala Flamboyant<\/span><\/p>\t\t\t\t\t\t\t\t<\/div>\n\t\t\t\t<\/div>\n\t\t\t\t<\/div>\n\t\t<div class=\"elementor-element elementor-element-8261560 e-con-full e-flex e-con e-child\" data-id=\"8261560\" data-element_type=\"container\" data-e-type=\"container\" data-settings=\"{&quot;background_background&quot;:&quot;classic&quot;}\">\n\t\t\t\t<div class=\"elementor-element elementor-element-b498e17 elementor-widget elementor-widget-text-editor\" data-id=\"b498e17\" data-element_type=\"widget\" data-e-type=\"widget\" data-widget_type=\"text-editor.default\">\n\t\t\t\t<div class=\"elementor-widget-container\">\n\t\t\t\t\t\t\t\t\t<p>8:30 &#8211; 9:00<\/p>\t\t\t\t\t\t\t\t<\/div>\n\t\t\t\t<\/div>\n\t\t\t\t<\/div>\n\t\t<div class=\"elementor-element elementor-element-f1b575d e-con-full e-flex e-con e-child\" data-id=\"f1b575d\" data-element_type=\"container\" data-e-type=\"container\" data-settings=\"{&quot;background_background&quot;:&quot;classic&quot;}\">\n\t\t\t\t<div class=\"elementor-element elementor-element-6ea71a6 elementor-widget elementor-widget-text-editor\" data-id=\"6ea71a6\" data-element_type=\"widget\" data-e-type=\"widget\" data-widget_type=\"text-editor.default\">\n\t\t\t\t<div class=\"elementor-widget-container\">\n\t\t\t\t\t\t\t\t\t<p>Credenciamento e Recep\u00e7\u00e3o<\/p>\t\t\t\t\t\t\t\t<\/div>\n\t\t\t\t<\/div>\n\t\t\t\t<\/div>\n\t\t<div class=\"elementor-element elementor-element-17c500b e-con-full e-flex e-con e-child\" data-id=\"17c500b\" data-element_type=\"container\" data-e-type=\"container\">\n\t\t\t\t<div class=\"elementor-element elementor-element-5a6ec6c elementor-widget elementor-widget-text-editor\" data-id=\"5a6ec6c\" data-element_type=\"widget\" data-e-type=\"widget\" data-widget_type=\"text-editor.default\">\n\t\t\t\t<div class=\"elementor-widget-container\">\n\t\t\t\t\t\t\t\t\t<p>9:00 &#8211; 9:15<\/p>\t\t\t\t\t\t\t\t<\/div>\n\t\t\t\t<\/div>\n\t\t\t\t<\/div>\n\t\t<div class=\"elementor-element elementor-element-3858c82 e-con-full e-flex e-con e-child\" data-id=\"3858c82\" data-element_type=\"container\" data-e-type=\"container\">\n\t\t\t\t<div class=\"elementor-element elementor-element-d394820 elementor-widget elementor-widget-text-editor\" data-id=\"d394820\" data-element_type=\"widget\" data-e-type=\"widget\" data-widget_type=\"text-editor.default\">\n\t\t\t\t<div class=\"elementor-widget-container\">\n\t\t\t\t\t\t\t\t\t<p>Abertura com a Comiss\u00e3o de Educa\u00e7\u00e3o da SBC<\/p>\t\t\t\t\t\t\t\t<\/div>\n\t\t\t\t<\/div>\n\t\t\t\t<\/div>\n\t\t<div class=\"elementor-element elementor-element-a88c51a e-con-full e-flex e-con e-child\" data-id=\"a88c51a\" data-element_type=\"container\" data-e-type=\"container\" data-settings=\"{&quot;background_background&quot;:&quot;classic&quot;}\">\n\t\t\t\t<div class=\"elementor-element elementor-element-43a37f1 elementor-widget elementor-widget-text-editor\" data-id=\"43a37f1\" data-element_type=\"widget\" data-e-type=\"widget\" data-widget_type=\"text-editor.default\">\n\t\t\t\t<div class=\"elementor-widget-container\">\n\t\t\t\t\t\t\t\t\t<p>9:15 &#8211; 10:30<\/p>\t\t\t\t\t\t\t\t<\/div>\n\t\t\t\t<\/div>\n\t\t\t\t<\/div>\n\t\t<div class=\"elementor-element elementor-element-f22d00f e-con-full e-flex e-con e-child\" data-id=\"f22d00f\" data-element_type=\"container\" data-e-type=\"container\" data-settings=\"{&quot;background_background&quot;:&quot;classic&quot;}\">\n\t\t\t\t<div class=\"elementor-element elementor-element-188f253 elementor-widget elementor-widget-text-editor\" data-id=\"188f253\" data-element_type=\"widget\" data-e-type=\"widget\" data-widget_type=\"text-editor.default\">\n\t\t\t\t<div class=\"elementor-widget-container\">\n\t\t\t\t\t\t\t\t\t<p><b>Palestra de abertura: \u201cInclus\u00e3o de pessoas com defici\u00eancia no ensino superior\u201d<\/b><\/p><ul><li><span style=\"font-weight: 400; font-size: 1em;\">Profa. Dra. Sinara Pollom Zardo &#8211; Faculdade de Educa\u00e7\u00e3o, Universidade de Bras\u00edlia &#8211; UnB. Diretora da Diretoria de Acessibilidade do Decanato de Assuntos Comunit\u00e1rios da UnB e coordenadora do Laborat\u00f3rio de Apoio \u00e0s Pessoas com Defici\u00eancia Visual da Faculdade de Educa\u00e7\u00e3o.\u00a0<\/span><\/li><\/ul>\t\t\t\t\t\t\t\t<\/div>\n\t\t\t\t<\/div>\n\t\t\t\t<\/div>\n\t\t<div class=\"elementor-element elementor-element-2e36e70 e-con-full e-flex e-con e-child\" data-id=\"2e36e70\" data-element_type=\"container\" data-e-type=\"container\">\n\t\t\t\t<div class=\"elementor-element elementor-element-7745f53 elementor-widget elementor-widget-text-editor\" data-id=\"7745f53\" data-element_type=\"widget\" data-e-type=\"widget\" data-widget_type=\"text-editor.default\">\n\t\t\t\t<div class=\"elementor-widget-container\">\n\t\t\t\t\t\t\t\t\t<p>10:30 &#8211; 11:00<\/p>\t\t\t\t\t\t\t\t<\/div>\n\t\t\t\t<\/div>\n\t\t\t\t<\/div>\n\t\t<div class=\"elementor-element elementor-element-e087ce6 e-con-full e-flex e-con e-child\" data-id=\"e087ce6\" data-element_type=\"container\" data-e-type=\"container\">\n\t\t\t\t<div class=\"elementor-element elementor-element-cea4e11 elementor-widget elementor-widget-text-editor\" data-id=\"cea4e11\" data-element_type=\"widget\" data-e-type=\"widget\" data-widget_type=\"text-editor.default\">\n\t\t\t\t<div class=\"elementor-widget-container\">\n\t\t\t\t\t\t\t\t\t<p>Coffee break<\/p>\t\t\t\t\t\t\t\t<\/div>\n\t\t\t\t<\/div>\n\t\t\t\t<\/div>\n\t\t<div class=\"elementor-element elementor-element-3b29ce6 e-con-full e-flex e-con e-child\" data-id=\"3b29ce6\" data-element_type=\"container\" data-e-type=\"container\" data-settings=\"{&quot;background_background&quot;:&quot;classic&quot;}\">\n\t\t\t\t<div class=\"elementor-element elementor-element-5ba9ad4 elementor-widget elementor-widget-text-editor\" data-id=\"5ba9ad4\" data-element_type=\"widget\" data-e-type=\"widget\" data-widget_type=\"text-editor.default\">\n\t\t\t\t<div class=\"elementor-widget-container\">\n\t\t\t\t\t\t\t\t\t<p>11:00 &#8211; 12:30<\/p>\t\t\t\t\t\t\t\t<\/div>\n\t\t\t\t<\/div>\n\t\t\t\t<\/div>\n\t\t<div class=\"elementor-element elementor-element-de9ef9e e-con-full e-flex e-con e-child\" data-id=\"de9ef9e\" data-element_type=\"container\" data-e-type=\"container\" data-settings=\"{&quot;background_background&quot;:&quot;classic&quot;}\">\n\t\t\t\t<div class=\"elementor-element elementor-element-6191fc1 elementor-widget elementor-widget-text-editor\" data-id=\"6191fc1\" data-element_type=\"widget\" data-e-type=\"widget\" data-widget_type=\"text-editor.default\">\n\t\t\t\t<div class=\"elementor-widget-container\">\n\t\t\t\t\t\t\t\t\t<p><b>Painel: Relatos de experi\u00eancias com estudantes com defici\u00eancias<\/b><\/p><ul><li style=\"font-weight: 400;\" aria-level=\"1\"><span style=\"font-weight: 400;\">Profa. Dra. Lucia Giraffa (Professora Titular da Escola Polit\u00e9cnica da Pontif\u00edcia Universidade Cat\u00f3lica do Rio Grande do Sul &#8211; PUCRS)<\/span><\/li><li style=\"font-weight: 400;\" aria-level=\"1\"><span style=\"font-weight: 400;\">Prof. Dr. Clodis Boscarioli (Professor Associado do Centro de Ci\u00eancias Exatas e Tecnol\u00f3gicas da Universidade Estadual do Oeste do Paran\u00e1 &#8211; UNIOESTE)<\/span><\/li><li style=\"font-weight: 400;\" aria-level=\"1\"><span style=\"font-weight: 400;\">Prof. Dr. Daniel Porto (Professor do Departamento de Ci\u00eancia da Computa\u00e7\u00e3o da UnB e presidente da Comiss\u00e3o de Acessibilidade)<\/span><\/li><\/ul>\t\t\t\t\t\t\t\t<\/div>\n\t\t\t\t<\/div>\n\t\t\t\t<\/div>\n\t\t<div class=\"elementor-element elementor-element-1687688 e-con-full e-flex e-con e-child\" data-id=\"1687688\" data-element_type=\"container\" data-e-type=\"container\">\n\t\t\t\t<div class=\"elementor-element elementor-element-403022c elementor-widget elementor-widget-text-editor\" data-id=\"403022c\" data-element_type=\"widget\" data-e-type=\"widget\" data-widget_type=\"text-editor.default\">\n\t\t\t\t<div class=\"elementor-widget-container\">\n\t\t\t\t\t\t\t\t\t<p>12:30 &#8211; 14:00<\/p>\t\t\t\t\t\t\t\t<\/div>\n\t\t\t\t<\/div>\n\t\t\t\t<\/div>\n\t\t<div class=\"elementor-element elementor-element-74a694f e-con-full e-flex e-con e-child\" data-id=\"74a694f\" data-element_type=\"container\" data-e-type=\"container\">\n\t\t\t\t<div class=\"elementor-element elementor-element-01f14a7 elementor-widget elementor-widget-text-editor\" data-id=\"01f14a7\" data-element_type=\"widget\" data-e-type=\"widget\" data-widget_type=\"text-editor.default\">\n\t\t\t\t<div class=\"elementor-widget-container\">\n\t\t\t\t\t\t\t\t\t<p>Almo\u00e7o<\/p>\t\t\t\t\t\t\t\t<\/div>\n\t\t\t\t<\/div>\n\t\t\t\t<\/div>\n\t\t<div class=\"elementor-element elementor-element-bf80460 e-con-full e-flex e-con e-child\" data-id=\"bf80460\" data-element_type=\"container\" data-e-type=\"container\" data-settings=\"{&quot;background_background&quot;:&quot;classic&quot;}\">\n\t\t\t\t<div class=\"elementor-element elementor-element-9e4dcf3 elementor-widget elementor-widget-text-editor\" data-id=\"9e4dcf3\" data-element_type=\"widget\" data-e-type=\"widget\" data-widget_type=\"text-editor.default\">\n\t\t\t\t<div class=\"elementor-widget-container\">\n\t\t\t\t\t\t\t\t\t<p>14:00 &#8211; 16:00<\/p>\t\t\t\t\t\t\t\t<\/div>\n\t\t\t\t<\/div>\n\t\t\t\t<\/div>\n\t\t<div class=\"elementor-element elementor-element-a534c9d e-con-full e-flex e-con e-child\" data-id=\"a534c9d\" data-element_type=\"container\" data-e-type=\"container\" data-settings=\"{&quot;background_background&quot;:&quot;classic&quot;}\">\n\t\t\t\t<div class=\"elementor-element elementor-element-d0b4294 elementor-widget elementor-widget-text-editor\" data-id=\"d0b4294\" data-element_type=\"widget\" data-e-type=\"widget\" data-widget_type=\"text-editor.default\">\n\t\t\t\t<div class=\"elementor-widget-container\">\n\t\t\t\t\t\t\t\t\t<p><b>Din\u00e2mica: Desafios na inclus\u00e3o de PcD no ensino superior de Computa\u00e7\u00e3o<\/b><\/p><p><span style=\"font-weight: 400;\">Nesta atividade, em grupos, as pessoas participantes ser\u00e3o convidadas a compartilhar desafios e dificuldades no ensino para estudantes com defici\u00eancia, e colaborativamente pensar em solu\u00e7\u00f5es para superar essas barreiras.\u00a0<\/span><\/p>\t\t\t\t\t\t\t\t<\/div>\n\t\t\t\t<\/div>\n\t\t\t\t<\/div>\n\t\t<div class=\"elementor-element elementor-element-9333309 e-con-full e-flex e-con e-child\" data-id=\"9333309\" data-element_type=\"container\" data-e-type=\"container\">\n\t\t\t\t<div class=\"elementor-element elementor-element-76afdbd elementor-widget elementor-widget-text-editor\" data-id=\"76afdbd\" data-element_type=\"widget\" data-e-type=\"widget\" data-widget_type=\"text-editor.default\">\n\t\t\t\t<div class=\"elementor-widget-container\">\n\t\t\t\t\t\t\t\t\t<p>16:00 &#8211; 16:30<\/p>\t\t\t\t\t\t\t\t<\/div>\n\t\t\t\t<\/div>\n\t\t\t\t<\/div>\n\t\t<div class=\"elementor-element elementor-element-799de0c e-con-full e-flex e-con e-child\" data-id=\"799de0c\" data-element_type=\"container\" data-e-type=\"container\">\n\t\t\t\t<div class=\"elementor-element elementor-element-7c85c7b elementor-widget elementor-widget-text-editor\" data-id=\"7c85c7b\" data-element_type=\"widget\" data-e-type=\"widget\" data-widget_type=\"text-editor.default\">\n\t\t\t\t<div class=\"elementor-widget-container\">\n\t\t\t\t\t\t\t\t\t<p>Coffee break<\/p>\t\t\t\t\t\t\t\t<\/div>\n\t\t\t\t<\/div>\n\t\t\t\t<\/div>\n\t\t<div class=\"elementor-element elementor-element-cf79940 e-con-full e-flex e-con e-child\" data-id=\"cf79940\" data-element_type=\"container\" data-e-type=\"container\" data-settings=\"{&quot;background_background&quot;:&quot;classic&quot;}\">\n\t\t\t\t<div class=\"elementor-element elementor-element-ffd1510 elementor-widget elementor-widget-text-editor\" data-id=\"ffd1510\" data-element_type=\"widget\" data-e-type=\"widget\" data-widget_type=\"text-editor.default\">\n\t\t\t\t<div class=\"elementor-widget-container\">\n\t\t\t\t\t\t\t\t\t<p>16:30 &#8211; 18:00<\/p>\t\t\t\t\t\t\t\t<\/div>\n\t\t\t\t<\/div>\n\t\t\t\t<\/div>\n\t\t<div class=\"elementor-element elementor-element-d2fedf6 e-con-full e-flex e-con e-child\" data-id=\"d2fedf6\" data-element_type=\"container\" data-e-type=\"container\" data-settings=\"{&quot;background_background&quot;:&quot;classic&quot;}\">\n\t\t\t\t<div class=\"elementor-element elementor-element-2ee96ec elementor-widget elementor-widget-text-editor\" data-id=\"2ee96ec\" data-element_type=\"widget\" data-e-type=\"widget\" data-widget_type=\"text-editor.default\">\n\t\t\t\t<div class=\"elementor-widget-container\">\n\t\t\t\t\t\t\t\t\t<p>Consolida\u00e7\u00e3o coletiva dos resultados da din\u00e2mica<\/p>\t\t\t\t\t\t\t\t<\/div>\n\t\t\t\t<\/div>\n\t\t\t\t<\/div>\n\t\t<div class=\"elementor-element elementor-element-dd78380 e-flex e-con-boxed elementor-invisible e-con e-child\" data-id=\"dd78380\" data-element_type=\"container\" data-e-type=\"container\" data-settings=\"{&quot;animation&quot;:&quot;fadeIn&quot;}\">\n\t\t\t\t\t<div class=\"e-con-inner\">\n\t\t\t\t<div class=\"elementor-element elementor-element-2f2a833 elementor-widget elementor-widget-text-editor\" data-id=\"2f2a833\" data-element_type=\"widget\" data-e-type=\"widget\" data-widget_type=\"text-editor.default\">\n\t\t\t\t<div class=\"elementor-widget-container\">\n\t\t\t\t\t\t\t\t\t<h2 style=\"text-align: left;\">\u00a0<\/h2><h2 style=\"text-align: left;\">Sobre o Evento<\/h2><p style=\"text-align: left;\">O <strong>XXV Curso de Qualidade no Ensino da Computa\u00e7\u00e3o (CQ)<\/strong> no Ensino da Computa\u00e7\u00e3o \u00e9 um evento realizado pela Comiss\u00e3o de Educa\u00e7\u00e3o da SBC com o objetivo de discutir temas relacionados a Curr\u00edculo e Processos Formativos na \u00c1rea da Computa\u00e7\u00e3o, Diretrizes e Referenciais Curriculares, Projetos Pedag\u00f3gicos de Curso, Processo e Metodologias de Ensino e Aprendizagem, Tecnologias Educacionais, entre outros. O p\u00fablico-alvo do evento \u00e9 a comunidade acad\u00eamica representada principalmente pelos professores, tutores e coordenadores de cursos da \u00e1rea de Computa\u00e7\u00e3o.<\/p><p style=\"text-align: left;\">A 25\u00aa edi\u00e7\u00e3o do Curso de Qualidade no Ensino da Computa\u00e7\u00e3o (CQ 2024) ser\u00e1 realizada como parte do 44\u00ba<span style=\"font-size: 18px;\">\u00a0Congresso da Sociedade Brasileira de Computa\u00e7\u00e3o (CSBC 2024), e ocorrer\u00e1 na cidade de Bras\u00edlia\/DF no dia 21 de julho de 2024, das 9h\u00a0 \u00e0s 18h30. A realiza\u00e7\u00e3o do evento nesta data possibilita que os participantes do CQ possam participar tamb\u00e9m do 32\u00ba Workshop sobre Educa\u00e7\u00e3o em Computa\u00e7\u00e3o (WEI 2024) e dos demais eventos sat\u00e9lites do CSBC 2024, podendo interagir por mais tempo com seus pares e proporcionando maior integra\u00e7\u00e3o do p\u00fablico interessado e atuante na Educa\u00e7\u00e3o em Computa\u00e7\u00e3o.<\/span><\/p><p style=\"text-align: left;\">Durante o CQ 2024, ser\u00e3o abordados temas sobre os desafios da inclus\u00e3o de pessoas com defici\u00eancia no ensino superior em Computa\u00e7\u00e3o. Teremos a oportunidade de receber orienta\u00e7\u00f5es de profissionais especialistas na \u00e1rea de acessibilidade e inclus\u00e3o nas universidades, e de ouvir relatos de professores que tiveram estudantes com defici\u00eancia em suas turmas, promovendo o compartilhamento de experi\u00eancias em busca de abordagens efetivas de inclus\u00e3o. Al\u00e9m disso, teremos uma din\u00e2mica focada na busca de solu\u00e7\u00f5es para os desafios que a inclus\u00e3o nos apresenta. Esperamos que o CQ 2024 contribua para que voltemos aos nossos espa\u00e7os de ensino com mais conhecimento sobre como incluir nossos estudantes nas atividades educacionais de maneira adequada e efetiva.<\/p><p style=\"text-align: left;\">Convidamos diretores, coordenadores, professores, tutores, pesquisadores e profissionais envolvidos com a forma\u00e7\u00e3o na \u00e1rea da Computa\u00e7\u00e3o para participar e congregar com todos aqueles que buscam mais qualidade na Educa\u00e7\u00e3o em Computa\u00e7\u00e3o.<\/p><h2 style=\"text-align: left;\">\u00a0<\/h2><h2 style=\"text-align: left;\">Inscri\u00e7\u00f5es<\/h2><p style=\"text-align: left;\">As inscri\u00e7\u00f5es ser\u00e3o realizadas no mesmo sistema de inscri\u00e7\u00e3o para o CSBC. Voc\u00ea pode optar pelo combo de inscri\u00e7\u00f5es (CSBC + CQ) ou realizar a inscri\u00e7\u00e3o do CQ separadamente. Todas as informa\u00e7\u00f5es podem ser consultadas na p\u00e1gina de inscri\u00e7\u00f5es do CSBC 2024. Por ser um evento presencial, as vagas s\u00e3o limitadas.<\/p><h2 style=\"text-align: left;\">\u00a0<\/h2><h2 style=\"text-align: left;\">Local e Data<\/h2><p style=\"text-align: left;\">O CQ 2024 ocorrer\u00e1 no Complexo Brasil 21, em Bras\u00edlia\/DF no dia 21 de julho de 2024 (domingo anterior \u00e0 abertura do CSBC 2024), das 9h \u00e0s 18h30.\u00a0 Mais informa\u00e7\u00f5es sobre o acesso ao local e sala podem ser consultadas no site do CSBC 2024 (em Programa\u00e7\u00e3o e Local).<\/p><h2 style=\"text-align: left;\">\u00a0<\/h2><h2 style=\"text-align: left;\">Coordena\u00e7\u00e3o\u00a0 Geral<\/h2><ul style=\"text-align: left;\"><li>Milene Selbach Silveira (PUCRS) \u2013 <a href=\"mailto:milene.silveira@pucrs.br\" target=\"_blank\" rel=\"noopener\">milene.silveira@pucrs.br<\/a><\/li><li>Taciana Pontual Falc\u00e3o (UFRPE) \u2013 <a href=\"mailto:taciana.pontual@ufrpe.br\" target=\"_blank\" rel=\"noopener\">taciana.pontual@ufrpe.br<\/a><\/li><\/ul><h2 style=\"text-align: left;\">\u00a0<\/h2><h2 style=\"text-align: left;\">Coordena\u00e7\u00e3o Local<\/h2><ul><li style=\"text-align: left;\">Edison Ishikawa (UnB) &#8211; <a href=\"mailto:ishikawa@unb.br\" target=\"_blank\" rel=\"noopener\">ishikawa@unb.br<\/a><\/li><\/ul>\t\t\t\t\t\t\t\t<\/div>\n\t\t\t\t<\/div>\n\t\t\t\t\t<\/div>\n\t\t\t\t<\/div>\n\t\t\t\t\t<\/div>\n\t\t\t\t<\/div>\n\t\t\t\t<\/div>\n\t\t","protected":false},"excerpt":{"rendered":"<p>CQ &#8211; 25\u00ba Curso de Qualidade no Ensino da Computa\u00e7\u00e3o Programa\u00e7\u00e3o Domingo (21\/07) Local: T\u00e9rreo &#8211; Sala Flamboyant 8:30 &#8211; 9:00 Credenciamento e Recep\u00e7\u00e3o 9:00 &#8211; 9:15 Abertura com a Comiss\u00e3o de Educa\u00e7\u00e3o da SBC 9:15 &#8211; 10:30 Palestra de abertura: \u201cInclus\u00e3o de pessoas com defici\u00eancia no ensino superior\u201d Profa. Dra. Sinara Pollom Zardo &#8211; [&hellip;]<\/p>\n","protected":false},"author":7,"featured_media":5266,"parent":0,"menu_order":0,"comment_status":"closed","ping_status":"closed","template":"","meta":{"ocean_post_layout":"","ocean_both_sidebars_style":"","ocean_both_sidebars_content_width":0,"ocean_both_sidebars_sidebars_width":0,"ocean_sidebar":"","ocean_second_sidebar":"","ocean_disable_margins":"enable","ocean_add_body_class":"","ocean_shortcode_before_top_bar":"","ocean_shortcode_after_top_bar":"","ocean_shortcode_before_header":"","ocean_shortcode_after_header":"","ocean_has_shortcode":"","ocean_shortcode_after_title":"","ocean_shortcode_before_footer_widgets":"","ocean_shortcode_after_footer_widgets":"","ocean_shortcode_before_footer_bottom":"","ocean_shortcode_after_footer_bottom":"","ocean_display_top_bar":"default","ocean_display_header":"default","ocean_header_style":"","ocean_center_header_left_menu":"","ocean_custom_header_template":"","ocean_custom_logo":0,"ocean_custom_retina_logo":0,"ocean_custom_logo_max_width":0,"ocean_custom_logo_tablet_max_width":0,"ocean_custom_logo_mobile_max_width":0,"ocean_custom_logo_max_height":0,"ocean_custom_logo_tablet_max_height":0,"ocean_custom_logo_mobile_max_height":0,"ocean_header_custom_menu":"","ocean_menu_typo_font_family":"","ocean_menu_typo_font_subset":"","ocean_menu_typo_font_size":0,"ocean_menu_typo_font_size_tablet":0,"ocean_menu_typo_font_size_mobile":0,"ocean_menu_typo_font_size_unit":"px","ocean_menu_typo_font_weight":"","ocean_menu_typo_font_weight_tablet":"","ocean_menu_typo_font_weight_mobile":"","ocean_menu_typo_transform":"","ocean_menu_typo_transform_tablet":"","ocean_menu_typo_transform_mobile":"","ocean_menu_typo_line_height":0,"ocean_menu_typo_line_height_tablet":0,"ocean_menu_typo_line_height_mobile":0,"ocean_menu_typo_line_height_unit":"","ocean_menu_typo_spacing":0,"ocean_menu_typo_spacing_tablet":0,"ocean_menu_typo_spacing_mobile":0,"ocean_menu_typo_spacing_unit":"","ocean_menu_link_color":"","ocean_menu_link_color_hover":"","ocean_menu_link_color_active":"","ocean_menu_link_background":"","ocean_menu_link_hover_background":"","ocean_menu_link_active_background":"","ocean_menu_social_links_bg":"","ocean_menu_social_hover_links_bg":"","ocean_menu_social_links_color":"","ocean_menu_social_hover_links_color":"","ocean_disable_title":"default","ocean_disable_heading":"default","ocean_post_title":"","ocean_post_subheading":"","ocean_post_title_style":"","ocean_post_title_background_color":"","ocean_post_title_background":0,"ocean_post_title_bg_image_position":"","ocean_post_title_bg_image_attachment":"","ocean_post_title_bg_image_repeat":"","ocean_post_title_bg_image_size":"","ocean_post_title_height":0,"ocean_post_title_bg_overlay":0.5,"ocean_post_title_bg_overlay_color":"","ocean_disable_breadcrumbs":"default","ocean_breadcrumbs_color":"","ocean_breadcrumbs_separator_color":"","ocean_breadcrumbs_links_color":"","ocean_breadcrumbs_links_hover_color":"","ocean_display_footer_widgets":"default","ocean_display_footer_bottom":"default","ocean_custom_footer_template":"","_joinchat":[],"footnotes":""},"class_list":["post-7161","page","type-page","status-publish","has-post-thumbnail","hentry","entry","has-media"],"_links":{"self":[{"href":"https:\/\/csbc.sbc.org.br\/2024\/wp-json\/wp\/v2\/pages\/7161","targetHints":{"allow":["GET"]}}],"collection":[{"href":"https:\/\/csbc.sbc.org.br\/2024\/wp-json\/wp\/v2\/pages"}],"about":[{"href":"https:\/\/csbc.sbc.org.br\/2024\/wp-json\/wp\/v2\/types\/page"}],"author":[{"embeddable":true,"href":"https:\/\/csbc.sbc.org.br\/2024\/wp-json\/wp\/v2\/users\/7"}],"replies":[{"embeddable":true,"href":"https:\/\/csbc.sbc.org.br\/2024\/wp-json\/wp\/v2\/comments?post=7161"}],"version-history":[{"count":110,"href":"https:\/\/csbc.sbc.org.br\/2024\/wp-json\/wp\/v2\/pages\/7161\/revisions"}],"predecessor-version":[{"id":14550,"href":"https:\/\/csbc.sbc.org.br\/2024\/wp-json\/wp\/v2\/pages\/7161\/revisions\/14550"}],"wp:featuredmedia":[{"embeddable":true,"href":"https:\/\/csbc.sbc.org.br\/2024\/wp-json\/wp\/v2\/media\/5266"}],"wp:attachment":[{"href":"https:\/\/csbc.sbc.org.br\/2024\/wp-json\/wp\/v2\/media?parent=7161"}],"curies":[{"name":"wp","href":"https:\/\/api.w.org\/{rel}","templated":true}]}}