{"id":7236,"date":"2024-01-27T18:02:43","date_gmt":"2024-01-27T18:02:43","guid":{"rendered":"https:\/\/csbc.sbc.org.br\/2024\/?page_id=7236"},"modified":"2024-07-04T17:42:18","modified_gmt":"2024-07-04T20:42:18","slug":"ctic","status":"publish","type":"page","link":"https:\/\/csbc.sbc.org.br\/2024\/ctic\/","title":{"rendered":"CTIC &#8211; Concurso de Trabalhos de Inicia\u00e7\u00e3o Cient\u00edfica"},"content":{"rendered":"\t\t<div data-elementor-type=\"wp-page\" data-elementor-id=\"7236\" class=\"elementor elementor-7236\">\n\t\t\t\t<div class=\"elementor-element elementor-element-0a3ba60 e-flex e-con-boxed e-con e-parent\" data-id=\"0a3ba60\" data-element_type=\"container\" data-e-type=\"container\">\n\t\t\t\t\t<div class=\"e-con-inner\">\n\t\t\t\t<div class=\"elementor-element elementor-element-67e0fc4 elementor-widget elementor-widget-heading\" data-id=\"67e0fc4\" data-element_type=\"widget\" data-e-type=\"widget\" data-widget_type=\"heading.default\">\n\t\t\t\t<div class=\"elementor-widget-container\">\n\t\t\t\t\t<h1 class=\"elementor-heading-title elementor-size-default\">CTIC<span style=\"font-weight:normal;line-height:1.1em\"> - 43\u00ba Concurso de Trabalhos de Inicia\u00e7\u00e3o Cient\u00edfica<\/span><\/h1>\t\t\t\t<\/div>\n\t\t\t\t<\/div>\n\t\t\t\t\t<\/div>\n\t\t\t\t<\/div>\n\t\t<div class=\"elementor-element elementor-element-5480ee7 e-flex e-con-boxed e-con e-parent\" data-id=\"5480ee7\" data-element_type=\"container\" data-e-type=\"container\">\n\t\t\t\t\t<div class=\"e-con-inner\">\n\t\t\t\t<div class=\"elementor-element elementor-element-ef7ca13 elementor-widget-divider--view-line elementor-widget elementor-widget-divider\" data-id=\"ef7ca13\" data-element_type=\"widget\" data-e-type=\"widget\" data-widget_type=\"divider.default\">\n\t\t\t\t<div class=\"elementor-widget-container\">\n\t\t\t\t\t\t\t<div class=\"elementor-divider\">\n\t\t\t<span class=\"elementor-divider-separator\">\n\t\t\t\t\t\t<\/span>\n\t\t<\/div>\n\t\t\t\t\t\t<\/div>\n\t\t\t\t<\/div>\n\t\t\t\t\t<\/div>\n\t\t\t\t<\/div>\n\t\t<div class=\"elementor-element elementor-element-082b16d e-flex e-con-boxed e-con e-parent\" data-id=\"082b16d\" data-element_type=\"container\" data-e-type=\"container\">\n\t\t\t\t\t<div class=\"e-con-inner\">\n\t\t\t\t<div class=\"elementor-element elementor-element-14e2f5d elementor-widget elementor-widget-text-editor\" data-id=\"14e2f5d\" data-element_type=\"widget\" data-e-type=\"widget\" data-widget_type=\"text-editor.default\">\n\t\t\t\t<div class=\"elementor-widget-container\">\n\t\t\t\t\t\t\t\t\t<h2>Programa\u00e7\u00e3o<\/h2>\t\t\t\t\t\t\t\t<\/div>\n\t\t\t\t<\/div>\n\t\t\t\t<div class=\"elementor-element elementor-element-1bbe276 e-n-tabs-none elementor-widget elementor-widget-n-tabs\" data-id=\"1bbe276\" data-element_type=\"widget\" data-e-type=\"widget\" data-settings=\"{&quot;tabs_justify_horizontal&quot;:&quot;start&quot;,&quot;tabs_justify_horizontal_mobile&quot;:&quot;stretch&quot;,&quot;horizontal_scroll_mobile&quot;:&quot;enable&quot;,&quot;horizontal_scroll&quot;:&quot;disable&quot;}\" data-widget_type=\"nested-tabs.default\">\n\t\t\t\t<div class=\"elementor-widget-container\">\n\t\t\t\t\t\t\t<div class=\"e-n-tabs\" data-widget-number=\"29090422\" aria-label=\"Abas. Abra itens com &quot;Enter&quot; ou &quot;Espa\u00e7o&quot;, feche com &quot;Escape&quot; e navegue usando as teclas de &quot;Seta&quot;.\">\n\t\t\t<div class=\"e-n-tabs-heading\" role=\"tablist\">\n\t\t\t\t\t<button id=\"e-n-tab-title-290904221\" data-tab-title-id=\"e-n-tab-title-290904221\" class=\"e-n-tab-title\" aria-selected=\"true\" data-tab-index=\"1\" role=\"tab\" tabindex=\"0\" aria-controls=\"e-n-tab-content-290904221\" style=\"--n-tabs-title-order: 1;\">\n\t\t\t\t\t\t<span class=\"e-n-tab-title-text\">\n\t\t\t\tQuarta (24\/07)\t\t\t<\/span>\n\t\t<\/button>\n\t\t\t\t\t<\/div>\n\t\t\t<div class=\"e-n-tabs-content\">\n\t\t\t\t<div id=\"e-n-tab-content-290904221\" role=\"tabpanel\" aria-labelledby=\"e-n-tab-title-290904221\" data-tab-index=\"1\" style=\"--n-tabs-title-order: 1;\" class=\"e-active elementor-element elementor-element-1ec0c33 e-con-full e-flex e-con e-child\" data-id=\"1ec0c33\" data-element_type=\"container\" data-e-type=\"container\">\n\t\t\t\t<div class=\"elementor-element elementor-element-458a7c8 elementor-widget elementor-widget-spacer\" data-id=\"458a7c8\" data-element_type=\"widget\" data-e-type=\"widget\" data-widget_type=\"spacer.default\">\n\t\t\t\t<div class=\"elementor-widget-container\">\n\t\t\t\t\t\t\t<div class=\"elementor-spacer\">\n\t\t\t<div class=\"elementor-spacer-inner\"><\/div>\n\t\t<\/div>\n\t\t\t\t\t\t<\/div>\n\t\t\t\t<\/div>\n\t\t\t\t<div class=\"elementor-element elementor-element-4ca1902 elementor-widget elementor-widget-elementskit-tablepress\" data-id=\"4ca1902\" data-element_type=\"widget\" data-e-type=\"widget\" data-widget_type=\"elementskit-tablepress.default\">\n\t\t\t\t<div class=\"elementor-widget-container\">\n\t\t\t\t\t<div class=\"elemenetskit-tablepress ekit-wid-con\" id=\"ekit_tablepress_4ca1902\">\n<table id=\"tablepress-6\" class=\"tablepress tablepress-id-6\">\n<thead>\n<tr class=\"row-1\">\n\t<th colspan=\"2\" class=\"column-1\">Apresenta\u00e7\u00e3o Oral no CSBC\/CTIC \u2013 3 Melhores Artigos<\/th>\n<\/tr>\n<\/thead>\n<tbody class=\"row-striping row-hover\">\n<tr class=\"row-2\">\n\t<td class=\"column-1\">T\u00edtulo<\/td><td class=\"column-2\">Autores<\/td>\n<\/tr>\n<tr class=\"row-3\">\n\t<td class=\"column-1\">Deep Learning-Driven Parameter Adaptation for Underwater Image Restoration<\/td><td class=\"column-2\">Laura Martinho (UFAM), Jos\u00e9 Luiz de Souza Pio (UFAM), Felipe Gomes Oliveira (UFAM)<\/td>\n<\/tr>\n<tr class=\"row-4\">\n\t<td class=\"column-1\">Avaliando um Servi\u00e7o Personalizado de Roteamento Multicrit\u00e9rio e Multimodal para Cidades Inteligentes<\/td><td class=\"column-2\">Camilo Henrique Martins dos Santos (UFPA), Matheus Brito (UFPA), Eduardo Coelho Cerqueira (UFPA), Denis Ros\u00e1rio (UFPA)<\/td>\n<\/tr>\n<tr class=\"row-5\">\n\t<td class=\"column-1\">Solu\u00e7\u00f5es para Dados Heterog\u00eaneos em Aprendizado Federado atrav\u00e9s de Similaridade de Modelos e Agrupamento de Clientes<\/td><td class=\"column-2\">Gabriel Ukstin Talasso (UNICAMP), Leandro Villas (UNICAMP)<\/td>\n<\/tr>\n<\/tbody>\n<\/table>\n<!-- #tablepress-6 from cache --><\/div>\t\t\t\t<\/div>\n\t\t\t\t<\/div>\n\t\t\t\t<div class=\"elementor-element elementor-element-c2f6500 elementor-widget elementor-widget-spacer\" data-id=\"c2f6500\" data-element_type=\"widget\" data-e-type=\"widget\" data-widget_type=\"spacer.default\">\n\t\t\t\t<div class=\"elementor-widget-container\">\n\t\t\t\t\t\t\t<div class=\"elementor-spacer\">\n\t\t\t<div class=\"elementor-spacer-inner\"><\/div>\n\t\t<\/div>\n\t\t\t\t\t\t<\/div>\n\t\t\t\t<\/div>\n\t\t\t\t<div class=\"elementor-element elementor-element-7feea22 elementor-widget elementor-widget-elementskit-tablepress\" data-id=\"7feea22\" data-element_type=\"widget\" data-e-type=\"widget\" data-widget_type=\"elementskit-tablepress.default\">\n\t\t\t\t<div class=\"elementor-widget-container\">\n\t\t\t\t\t<div class=\"elemenetskit-tablepress ekit-wid-con\" id=\"ekit_tablepress_7feea22\">\n<table id=\"tablepress-7\" class=\"tablepress tablepress-id-7\">\n<thead>\n<tr class=\"row-1\">\n\t<th colspan=\"2\" class=\"column-1\">Demais Artigos para os Anais do CTIC<\/th>\n<\/tr>\n<\/thead>\n<tbody class=\"row-striping row-hover\">\n<tr class=\"row-2\">\n\t<td class=\"column-1\">T\u00edtulo<\/td><td class=\"column-2\">Autores<\/td>\n<\/tr>\n<tr class=\"row-3\">\n\t<td class=\"column-1\">Predicting cycling flows in cities without cycling data<\/td><td class=\"column-2\">Eduardo Falbel (USP\/IME), Lucas Meyer de Freitas, Kay Axhausen, Fabio Kon (USP), Raphael Y. Camargo (UFABC)<\/td>\n<\/tr>\n<tr class=\"row-4\">\n\t<td class=\"column-1\">Estrat\u00e9gias vencedoras para jogos de convexidade em grafos<\/td><td class=\"column-2\">Jo\u00e3o Marcos Brito, Rudini Menezes Sampaio (UFC)<\/td>\n<\/tr>\n<tr class=\"row-5\">\n\t<td class=\"column-1\">Orquestra\u00e7\u00e3o de cadeias de fun\u00e7\u00f5es de servi\u00e7o compartilh\u00e1veis para realidade aumentada de m\u00faltiplos usu\u00e1rios<\/td><td class=\"column-2\">Rodrigo Flexa (UFPA), Hugo Leonardo Melo dos Santos (UFRA), Eduardo Coelho Cerqueira (UFPA), Denis Ros\u00e1rio (UFPA)<\/td>\n<\/tr>\n<tr class=\"row-6\">\n\t<td class=\"column-1\">An\u00e1lise Comparativa de M\u00e9todos de Undersampling em Classifica\u00e7\u00e3o Autom\u00e1tica de Texto Baseada em Transformers<\/td><td class=\"column-2\">Guilherme Fonseca  (UFSJ), Washington Luiz Cunha (UFMG), Leonardo Rocha (UFSJ)<\/td>\n<\/tr>\n<tr class=\"row-7\">\n\t<td class=\"column-1\">A Branch-and-Cut-and-Price Algorithm for Cutting Stock and Related Problems<\/td><td class=\"column-2\">Renan Fernando Franco da Silva (UNICAMP), Rafael Schouery (UNICAMP)<\/td>\n<\/tr>\n<tr class=\"row-8\">\n\t<td class=\"column-1\">Engajamento de Desenvolvedores em Portais de Ecossistemas de Software<\/td><td class=\"column-2\">Thiago Parracho (UNIRIO), Rodrigo Oliveira Zacarias (UNIRIO), Rodrigo Pereira dos Santos (UNIRIO)<\/td>\n<\/tr>\n<tr class=\"row-9\">\n\t<td class=\"column-1\">Uma solu\u00e7\u00e3o fim-a-fim para detec\u00e7\u00e3o n\u00e3o invasiva da hipersensibilidade dentin\u00e1ria usando espectroscopia no infravermelho<\/td><td class=\"column-2\">Paulo Diego Silva Souza (UFU), Robinson Sabino Silva, Murillo G. Carneiro (UFU)<\/td>\n<\/tr>\n<\/tbody>\n<\/table>\n<!-- #tablepress-7 from cache --><\/div>\t\t\t\t<\/div>\n\t\t\t\t<\/div>\n\t\t\t\t<\/div>\n\t\t\t\t\t<\/div>\n\t\t<\/div>\n\t\t\t\t\t\t<\/div>\n\t\t\t\t<\/div>\n\t\t\t\t\t<\/div>\n\t\t\t\t<\/div>\n\t\t<div class=\"elementor-element elementor-element-0ea5134 e-flex e-con-boxed elementor-invisible e-con e-parent\" data-id=\"0ea5134\" data-element_type=\"container\" data-e-type=\"container\" data-settings=\"{&quot;animation&quot;:&quot;fadeIn&quot;}\">\n\t\t\t\t\t<div class=\"e-con-inner\">\n\t\t\t\t<div class=\"elementor-element elementor-element-383609b elementor-widget elementor-widget-text-editor\" data-id=\"383609b\" data-element_type=\"widget\" data-e-type=\"widget\" data-widget_type=\"text-editor.default\">\n\t\t\t\t<div class=\"elementor-widget-container\">\n\t\t\t\t\t\t\t\t\t<h2 style=\"text-align: left;\">\u00a0<\/h2><h2 style=\"text-align: left;\">Sobre o Evento<\/h2><p style=\"text-align: left;\">O <strong>Concurso de Trabalhos de Inicia\u00e7\u00e3o Cient\u00edfica (CTIC)<\/strong> \u00e9 um evento anual da Sociedade Brasileira de Computa\u00e7\u00e3o que ocorre durante o Congresso da Sociedade Brasileira de Computa\u00e7\u00e3o (CSBC). O evento seleciona trabalhos excepcionais desenvolvidos por alunos de gradua\u00e7\u00e3o, que s\u00e3o publicados nos anais do CSBC e premiados.<\/p><p style=\"text-align: left;\">O CTIC objetiva estimular o desenvolvimento de trabalhos cient\u00edficos em software, hardware, microeletr\u00f4nica e \u00e1reas correlatas por alunos de cursos de gradua\u00e7\u00e3o da \u00e1rea de Computa\u00e7\u00e3o e estimulam a produzirem textos cient\u00edficos originais sobre trabalhos realizados por eles, em temas relacionados \u00e0 \u00e1rea.<\/p><p style=\"text-align: left;\">Podem participar do 43\u00ba CTIC estudantes matriculados ou que tenham sido diplomados ap\u00f3s 30 de julho de 2023 em Institui\u00e7\u00f5es de Ensino Superior (IES) brasileiras. A situa\u00e7\u00e3o de aluno de gradua\u00e7\u00e3o ou rec\u00e9m-graduado deve ser comprovada com documenta\u00e7\u00e3o apropriada, a qual dever\u00e1 ser enviada por meio da plataforma de submiss\u00e3o de trabalhos.<\/p><p style=\"text-align: left;\">No caso do trabalho ser integrante de um projeto mais amplo, o conte\u00fado do artigo deve possibilitar identificar, de forma clara, o escopo do trabalho que est\u00e1 sendo submetido, como o trabalho se relaciona \u00e0s demais atividades do projeto e quais foram efetivamente as a\u00e7\u00f5es e a contribui\u00e7\u00e3o do aluno de gradua\u00e7\u00e3o ou grupo de alunos de gradua\u00e7\u00e3o.<\/p><p style=\"text-align: left;\">Os trabalhos classificados em 1\u00ba, 2\u00ba. e 3\u00ba. lugares ser\u00e3o premiados e receber\u00e3o o t\u00edtulo de Melhores Trabalhos de Inicia\u00e7\u00e3o Cient\u00edfica do CTIC 2024.<\/p><h2 style=\"text-align: left;\">\u00a0<\/h2><h2 style=\"text-align: left;\">Datas Importantes<\/h2><ul style=\"text-align: left;\"><li>Limite para submiss\u00e3o de trabalhos: <del>04\/03\/2024<\/del> <del>24\/03\/2024<\/del>\u00a003\/04\/2024<\/li><li>Divulga\u00e7\u00e3o dos resultados: <del>05\/05\/2024<\/del> 10\/05\/2024<\/li><li>Envio das vers\u00f5es finais dos artigos: 27\/05\/2024<\/li><li>Prazo de inscri\u00e7\u00e3o dos autores: 03\/06\/2024<\/li><\/ul><p style=\"text-align: left;\">Convidamos pesquisadores, alunos e profissionais a submeterem seus trabalhos para o CTIC 2024!<\/p><h2 style=\"text-align: left;\">\u00a0<\/h2><h2 style=\"text-align: left;\">Submiss\u00e3o<\/h2><p style=\"text-align: left;\">Os artigos devem ser escritos em portugu\u00eas ou ingl\u00eas e ter de 8 (oito) a 10 (dez) p\u00e1ginas, sendo aceitos somente artigos em formato PDF utilizando o template dos artigos da SBC, dispon\u00edvel em <strong><a href=\"https:\/\/tinyurl.com\/sbc-template-artigos\" target=\"_blank\" rel=\"noopener\">https:\/\/tinyurl.com\/sbc-template-artigos<\/a><\/strong>.<\/p><p style=\"text-align: left;\">A submiss\u00e3o dos trabalhos ser\u00e1 exclusivamente eletr\u00f4nica, atrav\u00e9s do sistema JEMS de submiss\u00f5es de artigos da SBC, atrav\u00e9s do link: <a href=\"https:\/\/jems3.sbc.org.br\/csbc2024-ctic2024\" target=\"_blank\" rel=\"noopener\"><strong>https:\/\/jems3.sbc.org.br\/csbc2024-ctic2024<\/strong><\/a>.<\/p><h2 style=\"text-align: left;\">\u00a0<\/h2><h2 style=\"text-align: left;\">Publica\u00e7\u00e3o dos Trabalhos Aceitos<\/h2><p style=\"text-align: left;\">Os trabalhos aceitos ser\u00e3o publicados e indexados na <i>SBC Open Lib<\/i>, o portal de conte\u00fado da SBC. Todos os artigos ser\u00e3o indexados com DOI.<\/p><h2 style=\"text-align: left;\">\u00a0<\/h2><h2 style=\"text-align: left;\">Inscri\u00e7\u00e3o no Evento<\/h2><p style=\"text-align: left;\">Para participar do concurso, o autor dever\u00e1 apresentar o trabalho e estar presente durante a premia\u00e7\u00e3o. \u00c9 obrigat\u00f3rio que o estudante esteja inscrito no CSBC 2024 (em qualquer categoria) para que tenha seu artigo publicado nos anais e possa apresentar o trabalho durante o evento.<\/p><p style=\"text-align: left;\">Caso n\u00e3o seja identificada a inscri\u00e7\u00e3o at\u00e9 a data estabelecida no item \u201cDatas Importantes\u201d, os organizadores se reservam o direito de excluir o trabalho e convocar o pr\u00f3ximo classificado.<\/p><h2 style=\"text-align: left;\">\u00a0<\/h2><h2 style=\"text-align: left;\">Organizadores Gerais<\/h2><ul><li style=\"text-align: left;\">Eduardo Cerqueira (UFPA)<\/li><li style=\"text-align: left;\">Rodrigo Bonif\u00e1cio (UnB)<\/li><\/ul>\t\t\t\t\t\t\t\t<\/div>\n\t\t\t\t<\/div>\n\t\t\t\t\t<\/div>\n\t\t\t\t<\/div>\n\t\t\t\t<\/div>\n\t\t","protected":false},"excerpt":{"rendered":"<p>CTIC &#8211; 43\u00ba Concurso de Trabalhos de Inicia\u00e7\u00e3o Cient\u00edfica Programa\u00e7\u00e3o Quarta (24\/07) Editar Apresenta\u00e7\u00e3o Oral no CSBC\/CTIC \u2013 3 Melhores Artigos T\u00edtulo Autores Deep Learning-Driven Parameter Adaptation for Underwater Image Restoration Laura Martinho (UFAM), Jos\u00e9 Luiz de Souza Pio (UFAM), Felipe Gomes Oliveira (UFAM) Avaliando um Servi\u00e7o Personalizado de Roteamento Multicrit\u00e9rio e Multimodal para Cidades [&hellip;]<\/p>\n","protected":false},"author":7,"featured_media":5266,"parent":0,"menu_order":0,"comment_status":"closed","ping_status":"closed","template":"","meta":{"ocean_post_layout":"","ocean_both_sidebars_style":"","ocean_both_sidebars_content_width":0,"ocean_both_sidebars_sidebars_width":0,"ocean_sidebar":"","ocean_second_sidebar":"","ocean_disable_margins":"enable","ocean_add_body_class":"","ocean_shortcode_before_top_bar":"","ocean_shortcode_after_top_bar":"","ocean_shortcode_before_header":"","ocean_shortcode_after_header":"","ocean_has_shortcode":"","ocean_shortcode_after_title":"","ocean_shortcode_before_footer_widgets":"","ocean_shortcode_after_footer_widgets":"","ocean_shortcode_before_footer_bottom":"","ocean_shortcode_after_footer_bottom":"","ocean_display_top_bar":"default","ocean_display_header":"default","ocean_header_style":"","ocean_center_header_left_menu":"","ocean_custom_header_template":"","ocean_custom_logo":0,"ocean_custom_retina_logo":0,"ocean_custom_logo_max_width":0,"ocean_custom_logo_tablet_max_width":0,"ocean_custom_logo_mobile_max_width":0,"ocean_custom_logo_max_height":0,"ocean_custom_logo_tablet_max_height":0,"ocean_custom_logo_mobile_max_height":0,"ocean_header_custom_menu":"","ocean_menu_typo_font_family":"","ocean_menu_typo_font_subset":"","ocean_menu_typo_font_size":0,"ocean_menu_typo_font_size_tablet":0,"ocean_menu_typo_font_size_mobile":0,"ocean_menu_typo_font_size_unit":"px","ocean_menu_typo_font_weight":"","ocean_menu_typo_font_weight_tablet":"","ocean_menu_typo_font_weight_mobile":"","ocean_menu_typo_transform":"","ocean_menu_typo_transform_tablet":"","ocean_menu_typo_transform_mobile":"","ocean_menu_typo_line_height":0,"ocean_menu_typo_line_height_tablet":0,"ocean_menu_typo_line_height_mobile":0,"ocean_menu_typo_line_height_unit":"","ocean_menu_typo_spacing":0,"ocean_menu_typo_spacing_tablet":0,"ocean_menu_typo_spacing_mobile":0,"ocean_menu_typo_spacing_unit":"","ocean_menu_link_color":"","ocean_menu_link_color_hover":"","ocean_menu_link_color_active":"","ocean_menu_link_background":"","ocean_menu_link_hover_background":"","ocean_menu_link_active_background":"","ocean_menu_social_links_bg":"","ocean_menu_social_hover_links_bg":"","ocean_menu_social_links_color":"","ocean_menu_social_hover_links_color":"","ocean_disable_title":"default","ocean_disable_heading":"default","ocean_post_title":"","ocean_post_subheading":"","ocean_post_title_style":"","ocean_post_title_background_color":"","ocean_post_title_background":0,"ocean_post_title_bg_image_position":"","ocean_post_title_bg_image_attachment":"","ocean_post_title_bg_image_repeat":"","ocean_post_title_bg_image_size":"","ocean_post_title_height":0,"ocean_post_title_bg_overlay":0.5,"ocean_post_title_bg_overlay_color":"","ocean_disable_breadcrumbs":"default","ocean_breadcrumbs_color":"","ocean_breadcrumbs_separator_color":"","ocean_breadcrumbs_links_color":"","ocean_breadcrumbs_links_hover_color":"","ocean_display_footer_widgets":"default","ocean_display_footer_bottom":"default","ocean_custom_footer_template":"","_joinchat":[],"footnotes":""},"class_list":["post-7236","page","type-page","status-publish","has-post-thumbnail","hentry","entry","has-media"],"_links":{"self":[{"href":"https:\/\/csbc.sbc.org.br\/2024\/wp-json\/wp\/v2\/pages\/7236","targetHints":{"allow":["GET"]}}],"collection":[{"href":"https:\/\/csbc.sbc.org.br\/2024\/wp-json\/wp\/v2\/pages"}],"about":[{"href":"https:\/\/csbc.sbc.org.br\/2024\/wp-json\/wp\/v2\/types\/page"}],"author":[{"embeddable":true,"href":"https:\/\/csbc.sbc.org.br\/2024\/wp-json\/wp\/v2\/users\/7"}],"replies":[{"embeddable":true,"href":"https:\/\/csbc.sbc.org.br\/2024\/wp-json\/wp\/v2\/comments?post=7236"}],"version-history":[{"count":82,"href":"https:\/\/csbc.sbc.org.br\/2024\/wp-json\/wp\/v2\/pages\/7236\/revisions"}],"predecessor-version":[{"id":13722,"href":"https:\/\/csbc.sbc.org.br\/2024\/wp-json\/wp\/v2\/pages\/7236\/revisions\/13722"}],"wp:featuredmedia":[{"embeddable":true,"href":"https:\/\/csbc.sbc.org.br\/2024\/wp-json\/wp\/v2\/media\/5266"}],"wp:attachment":[{"href":"https:\/\/csbc.sbc.org.br\/2024\/wp-json\/wp\/v2\/media?parent=7236"}],"curies":[{"name":"wp","href":"https:\/\/api.w.org\/{rel}","templated":true}]}}