{"id":8095,"date":"2024-02-05T17:52:30","date_gmt":"2024-02-05T17:52:30","guid":{"rendered":"https:\/\/csbc.sbc.org.br\/2024\/?page_id=8095"},"modified":"2024-07-20T16:49:32","modified_gmt":"2024-07-20T19:49:32","slug":"cblockchain","status":"publish","type":"page","link":"https:\/\/csbc.sbc.org.br\/2024\/cblockchain\/","title":{"rendered":"CBlockchain &#8211; Col\u00f3quio em Blockchain e Web Descentralizada"},"content":{"rendered":"\t\t<div data-elementor-type=\"wp-page\" data-elementor-id=\"8095\" class=\"elementor elementor-8095\">\n\t\t\t\t<div class=\"elementor-element elementor-element-0ea5134 e-con-full e-flex elementor-invisible e-con e-parent\" data-id=\"0ea5134\" data-element_type=\"container\" data-e-type=\"container\" data-settings=\"{&quot;animation&quot;:&quot;fadeIn&quot;}\">\n\t\t\t\t<div class=\"elementor-element elementor-element-dd89812 elementor-widget elementor-widget-heading\" data-id=\"dd89812\" data-element_type=\"widget\" data-e-type=\"widget\" data-widget_type=\"heading.default\">\n\t\t\t\t<div class=\"elementor-widget-container\">\n\t\t\t\t\t<h1 class=\"elementor-heading-title elementor-size-default\">CBlockchain<span style=\"font-weight:normal;line-height:1.1em\"> - 2\u00ba Col\u00f3quio em Blockchain e Web Descentralizada<\/span><\/h1>\t\t\t\t<\/div>\n\t\t\t\t<\/div>\n\t\t\t\t<div class=\"elementor-element elementor-element-ef7ca13 elementor-widget-divider--view-line elementor-widget elementor-widget-divider\" data-id=\"ef7ca13\" data-element_type=\"widget\" data-e-type=\"widget\" data-widget_type=\"divider.default\">\n\t\t\t\t<div class=\"elementor-widget-container\">\n\t\t\t\t\t\t\t<div class=\"elementor-divider\">\n\t\t\t<span class=\"elementor-divider-separator\">\n\t\t\t\t\t\t<\/span>\n\t\t<\/div>\n\t\t\t\t\t\t<\/div>\n\t\t\t\t<\/div>\n\t\t\t\t<div class=\"elementor-element elementor-element-f1b5e73 elementor-widget elementor-widget-text-editor\" data-id=\"f1b5e73\" data-element_type=\"widget\" data-e-type=\"widget\" data-widget_type=\"text-editor.default\">\n\t\t\t\t<div class=\"elementor-widget-container\">\n\t\t\t\t\t\t\t\t\t<h2>Programa\u00e7\u00e3o<\/h2>\t\t\t\t\t\t\t\t<\/div>\n\t\t\t\t<\/div>\n\t\t\t\t<div class=\"elementor-element elementor-element-d351829 programacao_evento elementor-widget elementor-widget-n-accordion\" data-id=\"d351829\" data-element_type=\"widget\" data-e-type=\"widget\" data-settings=\"{&quot;max_items_expended&quot;:&quot;multiple&quot;,&quot;default_state&quot;:&quot;expanded&quot;,&quot;n_accordion_animation_duration&quot;:{&quot;unit&quot;:&quot;ms&quot;,&quot;size&quot;:400,&quot;sizes&quot;:[]}}\" data-widget_type=\"nested-accordion.default\">\n\t\t\t\t<div class=\"elementor-widget-container\">\n\t\t\t\t\t\t\t<div class=\"e-n-accordion\" aria-label=\"Accordion. Open links with Enter or Space, close with Escape, and navigate with Arrow Keys\">\n\t\t\t\t\t\t<details id=\"e-n-accordion-item-2210\" class=\"e-n-accordion-item\" open>\n\t\t\t\t<summary class=\"e-n-accordion-item-title\" data-accordion-index=\"1\" tabindex=\"0\" aria-expanded=\"true\" aria-controls=\"e-n-accordion-item-2210\" >\n\t\t\t\t\t<span class='e-n-accordion-item-title-header'><h2 class=\"e-n-accordion-item-title-text\"> <span style=\"color:#fff\">Segunda-Feira (22\/07)<br \/> <span class=\"prog_sanfona_local\" style=\"color:#c7d4e8;font-size:0.85em;font-weight:normal\">Local: T\u00e9rreo - Sala Cajuzinho<\/span><\/span> <\/h2><\/span>\n\t\t\t\t\t\t\t<span class='e-n-accordion-item-title-icon'>\n\t\t\t<span class='e-opened' ><i aria-hidden=\"true\" class=\"fas fa-calendar-minus\"><\/i><\/span>\n\t\t\t<span class='e-closed'><i aria-hidden=\"true\" class=\"far fa-calendar-alt\"><\/i><\/span>\n\t\t<\/span>\n\n\t\t\t\t\t\t<\/summary>\n\t\t\t\t<div role=\"region\" aria-labelledby=\"e-n-accordion-item-2210\" class=\"elementor-element elementor-element-78f99f2 e-con-full e-flex e-con e-child\" data-id=\"78f99f2\" data-element_type=\"container\" data-e-type=\"container\" data-settings=\"{&quot;background_background&quot;:&quot;classic&quot;}\">\n\t\t\t\t<div class=\"elementor-element elementor-element-6f47bf8 prog_atividade elementor-widget elementor-widget-n-accordion\" data-id=\"6f47bf8\" data-element_type=\"widget\" data-e-type=\"widget\" data-settings=\"{&quot;max_items_expended&quot;:&quot;multiple&quot;,&quot;default_state&quot;:&quot;expanded&quot;,&quot;n_accordion_animation_duration&quot;:{&quot;unit&quot;:&quot;ms&quot;,&quot;size&quot;:400,&quot;sizes&quot;:[]}}\" data-widget_type=\"nested-accordion.default\">\n\t\t\t\t<div class=\"elementor-widget-container\">\n\t\t\t\t\t\t\t<div class=\"e-n-accordion\" aria-label=\"Accordion. Open links with Enter or Space, close with Escape, and navigate with Arrow Keys\">\n\t\t\t\t\t\t<details id=\"wei_st1\" class=\"e-n-accordion-item\" open>\n\t\t\t\t<summary class=\"e-n-accordion-item-title\" data-accordion-index=\"1\" tabindex=\"0\" aria-expanded=\"true\" aria-controls=\"wei_st1\" >\n\t\t\t\t\t<span class='e-n-accordion-item-title-header'><h2 class=\"e-n-accordion-item-title-text\"> <span style=\"padding:1px;border-radius: 10px;background:#f1f1f1;color:#aaa\">16:30<\/span><\/br>Palestra e Sess\u00e3o de Arigos<span style=\"font-weight:normal\"> <\/b><br \/><\/span><\/br> <\/h2><\/span>\n\t\t\t\t\t\t\t<span class='e-n-accordion-item-title-icon'>\n\t\t\t<span class='e-opened' ><i aria-hidden=\"true\" class=\"fas fa-plus\"><\/i><\/span>\n\t\t\t<span class='e-closed'><i aria-hidden=\"true\" class=\"fas fa-plus\"><\/i><\/span>\n\t\t<\/span>\n\n\t\t\t\t\t\t<\/summary>\n\t\t\t\t<div role=\"region region\" aria-labelledby=\"e-n-accordion-item-2210 wei_st1\" class=\"elementor-element elementor-element-27c0111 e-con-full e-flex e-con e-child\" data-id=\"27c0111\" data-element_type=\"container\" data-e-type=\"container\" data-settings=\"{&quot;background_background&quot;:&quot;classic&quot;}\">\n\t\t\t\t<div class=\"elementor-element elementor-element-8c6eccf elementor-widget elementor-widget-text-editor\" data-id=\"8c6eccf\" data-element_type=\"widget\" data-e-type=\"widget\" data-widget_type=\"text-editor.default\">\n\t\t\t\t<div class=\"elementor-widget-container\">\n\t\t\t\t\t\t\t\t\t<p style=\"text-align: left;\"><strong>Palestra<\/strong><\/p><ul><li style=\"text-align: left;\"><strong>T\u00edtulo: Drex &#8211; vis\u00e3o geral e seus desafios<\/strong><br \/><em>Palestrantes: Clarissa Souza (BACEN) e Danilo Dias (BACEN)<\/em><br \/><br \/>Resumo: Apresenta\u00e7\u00e3o sobre o escopo atual de desenvolvimento da plataforma Drex no Banco Central do Brasil, abordando quais s\u00e3o as motiva\u00e7\u00f5es e os principais desafios.<\/li><\/ul><p>\u00a0<\/p>\t\t\t\t\t\t\t\t<\/div>\n\t\t\t\t<\/div>\n\t\t\t\t<div class=\"elementor-element elementor-element-eaedf4c elementor-widget elementor-widget-text-editor\" data-id=\"eaedf4c\" data-element_type=\"widget\" data-e-type=\"widget\" data-widget_type=\"text-editor.default\">\n\t\t\t\t<div class=\"elementor-widget-container\">\n\t\t\t\t\t\t\t\t\t<p style=\"text-align: left;\"><strong>Artigos<\/strong><\/p><ul><li style=\"text-align: left;\"><strong>LearnChain: Building the next-generation of the Knowledge-Based Economy<\/strong><br \/>Isaac D&#8217;C\u00e9sares de Carvalho Lima (UFRJ, Brazil), Maria Luiza Campos (UFRJ, Brazil), Sergio Manuel Serra da Cruz (UFRRJ, Brazil)<\/li><li style=\"text-align: left;\"><strong>Classifica\u00e7\u00e3o de Cole\u00e7\u00f5es de NFTs Explorando Metadados e Aprendizagem de M\u00e1quina<\/strong><br \/>Samuel de Oliveira Ribeiro (UFPI, Brazil), DAYAN GOMES (UFPI, Brazil), Nara Raquel Dias Andrade (UFPI, Brazil), Emanuel Miranda (UFPI, Brazil), Glauber Dias Gon\u00e7alves (UFPI, Brazil)<\/li><li style=\"text-align: left;\"><strong>Framework para Gerenciamento e Auditoria de Contratos de Compra e Venda de Commodities utilizando Smart Contracts baseados em Blockchain<\/strong><br \/>Maria J\u00falia Marques Schettini (CEFETMG, Brazil), Fabiano Pereira Bhering (CEFETMG, Brazil)<\/li><li style=\"text-align: left;\"><strong>Uma ferramenta de avalia\u00e7\u00e3o de desempenho para plataforma Blockchain Hyperledger Fabric: HLF-PET<\/strong><br \/>Ericksulino Moura (UFPI, Brazil), Carlos Melo (UFPI, Brazil), Glauber Dias Gon\u00e7alves (UFPI, Brazil), Francisco Airton Silva (UFPI, Brazil), Andr\u00e9 C. B. Soares (UFPI, Brazil)<\/li><li style=\"text-align: left;\"><strong>Implanta\u00e7\u00e3o de Smart Contracts para forma\u00e7\u00e3o de ventures tecnol\u00f3gicas acad\u00eamicas atrav\u00e9s de redes Blockchain<\/strong><br \/>Alfredo Colenci Neto (Centro Estadual de Educa\u00e7\u00e3o Tecnol\u00f3gica Paula Souza, Brazil), Matheus Stefan Benetton Immer (EESC USP, Brazil), Daniel Capaldo Amaral (USP, Brazil)<\/li><li style=\"text-align: left;\"><strong>Plataforma de Mercado para Compartilhamento de Infraestrutura de Telecomunica\u00e7\u00f5es Baseado em Blockchain<\/strong><br \/>Jeffson Celeiro Sousa (Funda\u00e7\u00e3o CPqD, Brazil), Jos\u00e9 Reynaldo Formigoni Filho (Funda\u00e7\u00e3o CPqD, Brazil)<\/li><li style=\"text-align: left;\"><strong>Towards the use of Blockchain Technology in SEI, a Brazilian Electronic Document and Process Management Tool<\/strong><br \/>Cl\u00e1udio Gottschalg-Duque (UFMG, Brazil)<\/li><li style=\"text-align: left;\"><strong>Cria\u00e7\u00e3o e implementa\u00e7\u00e3o de modelo de governan\u00e7a para ecossistemas de Identidade Digital Descentralizada (IDD)<\/strong><br \/>Ismael M. A. Avila (Funda\u00e7\u00e3o CPqD, Brazil)<\/li><li style=\"text-align: left;\"><strong>Solu\u00e7\u00f5es de Monitoramento de Redes Blockchain<\/strong><br \/>Caio Silva (UFPA, Brazil), Mateus Bastos (UFPA, Brazil), Alan Tony Souza Veloso (UFPA, Brazil), Jeffson Celeiro Sousa (Funda\u00e7\u00e3o CPqD, Brazil), Elder Bruno Evaristo Correa (Funda\u00e7\u00e3o CPqD, Brazil), Jos\u00e9 Reynaldo Formigoni Filho (Funda\u00e7\u00e3o CPqD, Brazil), Ant\u00f4nio Jorge Gomes Abel\u00e9m (UFPA, Brazil)<\/li><\/ul>\t\t\t\t\t\t\t\t<\/div>\n\t\t\t\t<\/div>\n\t\t\t\t<\/div>\n\t\t\t\t\t<\/details>\n\t\t\t\t\t<\/div>\n\t\t\t\t\t\t<\/div>\n\t\t\t\t<\/div>\n\t\t\t\t<\/div>\n\t\t\t\t\t<\/details>\n\t\t\t\t\t<\/div>\n\t\t\t\t\t\t<\/div>\n\t\t\t\t<\/div>\n\t\t\t\t<div class=\"elementor-element elementor-element-383609b elementor-widget elementor-widget-text-editor\" data-id=\"383609b\" data-element_type=\"widget\" data-e-type=\"widget\" data-widget_type=\"text-editor.default\">\n\t\t\t\t<div class=\"elementor-widget-container\">\n\t\t\t\t\t\t\t\t\t<h2 style=\"text-align: left;\">\u00a0<\/h2><h2 style=\"text-align: left;\">Sobre o Evento<\/h2><p style=\"text-align: left;\">O <strong>Col\u00f3quio em Blockchain e Web Descentralizada<\/strong> \u00e9 um evento sat\u00e9lite do Congresso da Sociedade Brasileira de Computa\u00e7\u00e3o (CSBC). O evento acontecer\u00e1 em Bras\u00edlia &#8211; DF, entre os dias 21 a 25 de Julho, durante o CSBC 2024.<\/p><p style=\"text-align: left;\">Este encontro ser\u00e1 um espa\u00e7o de comunica\u00e7\u00e3o e trocas de experi\u00eancias entre pesquisadores e profissionais de diferentes \u00e1reas da Computa\u00e7\u00e3o que atuam com a tecnologia Blockchain e a <em>Web<\/em> Descentralizada. O col\u00f3quio visa a divulga\u00e7\u00e3o de conhecimento, al\u00e9m de forma\u00e7\u00e3o de redes de coopera\u00e7\u00e3o nessa tecnologia disruptiva que \u00e9 transversal a diversas outras \u00e1reas e suscita di\u00e1logos e engajamentos comuns.<\/p><p style=\"text-align: left;\">O Col\u00f3quio ser\u00e1 uma oportunidade para que os atores da academia, protagonistas nessas \u00e1reas, e comiss\u00f5es especiais da SBC se unam em torno de a\u00e7\u00f5es comuns para o fomento do ecossistema, das pesquisas e da forma\u00e7\u00e3o em <em>Blockchain<\/em> no Brasil.<\/p><h2 style=\"text-align: left;\">\u00a0<\/h2><h2 style=\"text-align: left;\">Processo de Sele\u00e7\u00e3o<\/h2><p style=\"text-align: left;\">As inscri\u00e7\u00f5es para comunica\u00e7\u00e3o de pesquisas est\u00e3o abertas a pesquisadores e profissionais de diferentes \u00e1reas da Computa\u00e7\u00e3o que atuam com Blockchain e <em>Web<\/em> Descentralizada.<\/p><p style=\"text-align: left;\">Os trabalhos devem ser submetidos na forma de resumos estendidos considerando resultados cient\u00edficos e\/ou tecnol\u00f3gicos. Os textos devem ser elaborados preferencialmente em <em>LaTeX<\/em>, seguindo o formato de artigos da SBC, com no m\u00e1ximo 06 (seis) p\u00e1ginas incluindo refer\u00eancias, figuras e tabelas. A submiss\u00e3o dos artigos ser\u00e1 eletr\u00f4nica, em formato PDF, e ser\u00e1 feita por meio do sistema JEMS em:<br \/><a href=\"https:\/\/jems3.sbc.org.br\/events\/99\" target=\"_blank\" rel=\"noopener\"><strong>https:\/\/jems3.sbc.org.br\/events\/99<\/strong><\/a>.<\/p><p style=\"text-align: left;\">O trabalho submetido ser\u00e1 revisado com m\u00e9todo single-blind por pelo menos dois revisores, sejam membros do comit\u00ea de programa ou pesquisadores por eles indicados.<\/p><p style=\"text-align: left;\">Para os trabalhos aceitos, os artigos ser\u00e3o publicados nos anais do CSBC. Al\u00e9m disso, as apresenta\u00e7\u00f5es ser\u00e3o no formato de <em>posters<\/em>.<\/p><h2 style=\"text-align: left;\">\u00a0<\/h2><h2 style=\"text-align: left;\">T\u00f3picos de Interesse<\/h2><p style=\"text-align: left;\">Segue uma lista n\u00e3o exaustiva de t\u00f3picos de interesse:<\/p><ul style=\"text-align: left;\"><li>Algoritmos distribu\u00eddos para <em>blockchain<\/em><\/li><li>Aplica\u00e7\u00f5es distribu\u00eddas com <em>blockchain<\/em><\/li><li>Armazenamento distribu\u00eddo e <em>distributed ledger<\/em><\/li><li>Arquiteturas distribu\u00eddas com <em>blockchain<\/em><\/li><li>Ataques em n\u00edvel de rede e aplica\u00e7\u00e3o na <em>blockchain<\/em><\/li><li>Computa\u00e7\u00e3o em nuvem, n\u00e9voa e borda com <em>blockchain<\/em><\/li><li>Consenso bizantino para <em>blockchain<\/em><\/li><li>Consenso baseado em provas para <em>blockchain<\/em><\/li><li>Consenso baseado em grafos para blockchain<\/li><li>Criptografia para <em>blockchain<\/em><\/li><li>Criptomoedas e aplica\u00e7\u00f5es distribu\u00eddas de pagamento<\/li><li>DAPPs \u2013 Aplica\u00e7\u00f5es Descentralizadas<\/li><li>Escalabilidade e desempenho em <em>blockchain<\/em><\/li><li>Identidade Digital Descentralizada e Auto-soberana<\/li><li>Integra\u00e7\u00e3o de sistemas com <em>blockchain<\/em><\/li><li>Internet das coisas com <em>blockchain<\/em><\/li><li>Tokens n\u00e3o fung\u00edveis \u2013 NFTs<\/li><li>Protocolos par-a-par \u2013 P2P<\/li><li>Segunda camada e <em>rollups<\/em><\/li><li>Seguran\u00e7a da <em>blockchain<\/em><\/li><li>Seguran\u00e7a de redes com <em>blockchain<\/em><\/li><li>Redes de <em>blockchain<\/em> p\u00fablicas e privadas<\/li><li>Redes de computadores robustas com <em>blockchain<\/em><\/li><li>Testes de desempenho <em>(benchmarking)<\/em><\/li><li>Valida\u00e7\u00e3o experimental e simula\u00e7\u00e3o<\/li><li>Virtualiza\u00e7\u00e3o segura com <em>blockchain<\/em><\/li><li><em>Web<\/em> Descentralizada<\/li><li><em>Zero Knowledge Proofs <\/em><\/li><li>Prova de conhecimento zero<\/li><\/ul><h2 style=\"text-align: left;\">\u00a0<\/h2><h2 style=\"text-align: left;\">Datas Importantes<\/h2><ul style=\"text-align: left;\"><li>Limite para submiss\u00e3o de trabalhos: <del>04\/03\/2024<\/del> <del>24\/03\/2024<\/del>\u00a003\/04\/2024<\/li><li>Divulga\u00e7\u00e3o dos resultados: <del>05\/05\/2024<\/del> 10\/05\/2024<\/li><li>Envio das vers\u00f5es finais dos artigos: 27\/05\/2024<\/li><li>Prazo de inscri\u00e7\u00e3o dos autores: 03\/06\/2024<\/li><\/ul><h2 style=\"text-align: left;\">\u00a0<\/h2><h2 style=\"text-align: left;\">Coordena\u00e7\u00e3o<\/h2><ul style=\"text-align: left;\"><li>Carlos Andr\u00e9 Guimar\u00e3es Ferraz &#8211; Universidade Federal de Pernambuco<\/li><li>Eduardo Adilio Pelinson Alchieri &#8211; Universidade de Bras\u00edlia<\/li><\/ul><h2 style=\"text-align: left;\">\u00a0<\/h2><h2 style=\"text-align: left;\">Comit\u00ea de Programa<\/h2><ul><li style=\"text-align: left;\">Alex Borges Vieira &#8211; Universidade Federal de Juiz de Fora<\/li><li style=\"text-align: left;\">Allan Edgard Silva Freitas &#8211; Instituto Federal da Bahia<\/li><li style=\"text-align: left;\">Ant\u00f4nio Jorge Gomes Abel\u00e9m &#8211; Universidade Federal do Par\u00e1<\/li><li style=\"text-align: left;\">Billy Anderson Pinheiro &#8211; Amaz\u00f4nia Blockchain Solutions<\/li><li style=\"text-align: left;\">Cristiano Maciel da Silva &#8211; Universidade Federal de S\u00e3o Jo\u00e3o del Rei<\/li><li style=\"text-align: left;\">Diogo Menezes Ferrazani Mattos &#8211; Universidade Federal Fluminense<\/li><li style=\"text-align: left;\">Emanuel Coutinho &#8211; Universidade Federal do Cear\u00e1<\/li><li style=\"text-align: left;\">Francisco Sant&#8217;Anna &#8211; Universidade do Estado do Rio de Janeiro<\/li><li style=\"text-align: left;\">Frederico Ara\u00fajo da Silva Lopes &#8211; Universidade Federal do Rio Grande do Norte<\/li><li style=\"text-align: left;\">Glauber Dias Goncalves &#8211; Universidade Federal do Piau\u00ed<\/li><li style=\"text-align: left;\">Igor L. Dos Santos &#8211; Centro Federal de Educa\u00e7\u00e3o Tecnol\u00f3gica Celso Suckow da Fonseca (CEFET\/RJ)<\/li><li style=\"text-align: left;\">Jeferson Campos Nobre &#8211; Universidade Federal do Rio Grande do Sul<\/li><li style=\"text-align: left;\">Leobino Nascimento Sampaio &#8211; Universidade Federal da Bahia<\/li><li style=\"text-align: left;\">Luciano Porto Barreto &#8211; Universidade do Estado do Rio de Janeiro<\/li><li style=\"text-align: left;\">Luiz Fernando Rust da Costa Carmo &#8211; Inmetro<\/li><li style=\"text-align: left;\">Rafael Nasser Pontif\u00edcia &#8211; Universidade Cat\u00f3lica do Rio de Janeiro<\/li><li style=\"text-align: left;\">Rodolfo S Villaca &#8211; Universidade Federal do Esp\u00edrito Santo<\/li><li style=\"text-align: left;\">Rostand Edson Oliveira Costa &#8211; Universidade Federal da Para\u00edba<\/li><li style=\"text-align: left;\">Sergio Carvalho &#8211; Universidade Federal de Goi\u00e1s<\/li><li style=\"text-align: left;\">Vinicius Cunha M Borges &#8211; Universidade Federal de Goi\u00e1s<\/li><li style=\"text-align: left;\">Wilson Melo Jr &#8211; Inmetro<\/li><\/ul>\t\t\t\t\t\t\t\t<\/div>\n\t\t\t\t<\/div>\n\t\t\t\t<\/div>\n\t\t\t\t<\/div>\n\t\t","protected":false},"excerpt":{"rendered":"<p>CBlockchain &#8211; 2\u00ba Col\u00f3quio em Blockchain e Web Descentralizada Programa\u00e7\u00e3o Segunda-Feira (22\/07) Local: T\u00e9rreo &#8211; Sala Cajuzinho 16:30Palestra e Sess\u00e3o de Arigos Palestra T\u00edtulo: Drex &#8211; vis\u00e3o geral e seus desafiosPalestrantes: Clarissa Souza (BACEN) e Danilo Dias (BACEN) Resumo: Apresenta\u00e7\u00e3o sobre o escopo atual de desenvolvimento da plataforma Drex no Banco Central do Brasil, abordando [&hellip;]<\/p>\n","protected":false},"author":7,"featured_media":5266,"parent":0,"menu_order":0,"comment_status":"closed","ping_status":"closed","template":"","meta":{"ocean_post_layout":"","ocean_both_sidebars_style":"","ocean_both_sidebars_content_width":0,"ocean_both_sidebars_sidebars_width":0,"ocean_sidebar":"","ocean_second_sidebar":"","ocean_disable_margins":"enable","ocean_add_body_class":"","ocean_shortcode_before_top_bar":"","ocean_shortcode_after_top_bar":"","ocean_shortcode_before_header":"","ocean_shortcode_after_header":"","ocean_has_shortcode":"","ocean_shortcode_after_title":"","ocean_shortcode_before_footer_widgets":"","ocean_shortcode_after_footer_widgets":"","ocean_shortcode_before_footer_bottom":"","ocean_shortcode_after_footer_bottom":"","ocean_display_top_bar":"default","ocean_display_header":"default","ocean_header_style":"","ocean_center_header_left_menu":"","ocean_custom_header_template":"","ocean_custom_logo":0,"ocean_custom_retina_logo":0,"ocean_custom_logo_max_width":0,"ocean_custom_logo_tablet_max_width":0,"ocean_custom_logo_mobile_max_width":0,"ocean_custom_logo_max_height":0,"ocean_custom_logo_tablet_max_height":0,"ocean_custom_logo_mobile_max_height":0,"ocean_header_custom_menu":"","ocean_menu_typo_font_family":"","ocean_menu_typo_font_subset":"","ocean_menu_typo_font_size":0,"ocean_menu_typo_font_size_tablet":0,"ocean_menu_typo_font_size_mobile":0,"ocean_menu_typo_font_size_unit":"px","ocean_menu_typo_font_weight":"","ocean_menu_typo_font_weight_tablet":"","ocean_menu_typo_font_weight_mobile":"","ocean_menu_typo_transform":"","ocean_menu_typo_transform_tablet":"","ocean_menu_typo_transform_mobile":"","ocean_menu_typo_line_height":0,"ocean_menu_typo_line_height_tablet":0,"ocean_menu_typo_line_height_mobile":0,"ocean_menu_typo_line_height_unit":"","ocean_menu_typo_spacing":0,"ocean_menu_typo_spacing_tablet":0,"ocean_menu_typo_spacing_mobile":0,"ocean_menu_typo_spacing_unit":"","ocean_menu_link_color":"","ocean_menu_link_color_hover":"","ocean_menu_link_color_active":"","ocean_menu_link_background":"","ocean_menu_link_hover_background":"","ocean_menu_link_active_background":"","ocean_menu_social_links_bg":"","ocean_menu_social_hover_links_bg":"","ocean_menu_social_links_color":"","ocean_menu_social_hover_links_color":"","ocean_disable_title":"default","ocean_disable_heading":"default","ocean_post_title":"","ocean_post_subheading":"","ocean_post_title_style":"","ocean_post_title_background_color":"","ocean_post_title_background":0,"ocean_post_title_bg_image_position":"","ocean_post_title_bg_image_attachment":"","ocean_post_title_bg_image_repeat":"","ocean_post_title_bg_image_size":"","ocean_post_title_height":0,"ocean_post_title_bg_overlay":0.5,"ocean_post_title_bg_overlay_color":"","ocean_disable_breadcrumbs":"default","ocean_breadcrumbs_color":"","ocean_breadcrumbs_separator_color":"","ocean_breadcrumbs_links_color":"","ocean_breadcrumbs_links_hover_color":"","ocean_display_footer_widgets":"default","ocean_display_footer_bottom":"default","ocean_custom_footer_template":"","_joinchat":[],"footnotes":""},"class_list":["post-8095","page","type-page","status-publish","has-post-thumbnail","hentry","entry","has-media"],"_links":{"self":[{"href":"https:\/\/csbc.sbc.org.br\/2024\/wp-json\/wp\/v2\/pages\/8095","targetHints":{"allow":["GET"]}}],"collection":[{"href":"https:\/\/csbc.sbc.org.br\/2024\/wp-json\/wp\/v2\/pages"}],"about":[{"href":"https:\/\/csbc.sbc.org.br\/2024\/wp-json\/wp\/v2\/types\/page"}],"author":[{"embeddable":true,"href":"https:\/\/csbc.sbc.org.br\/2024\/wp-json\/wp\/v2\/users\/7"}],"replies":[{"embeddable":true,"href":"https:\/\/csbc.sbc.org.br\/2024\/wp-json\/wp\/v2\/comments?post=8095"}],"version-history":[{"count":112,"href":"https:\/\/csbc.sbc.org.br\/2024\/wp-json\/wp\/v2\/pages\/8095\/revisions"}],"predecessor-version":[{"id":15128,"href":"https:\/\/csbc.sbc.org.br\/2024\/wp-json\/wp\/v2\/pages\/8095\/revisions\/15128"}],"wp:featuredmedia":[{"embeddable":true,"href":"https:\/\/csbc.sbc.org.br\/2024\/wp-json\/wp\/v2\/media\/5266"}],"wp:attachment":[{"href":"https:\/\/csbc.sbc.org.br\/2024\/wp-json\/wp\/v2\/media?parent=8095"}],"curies":[{"name":"wp","href":"https:\/\/api.w.org\/{rel}","templated":true}]}}