{"id":9758,"date":"2024-05-02T01:51:15","date_gmt":"2024-05-02T01:51:15","guid":{"rendered":"https:\/\/csbc.sbc.org.br\/2024\/?page_id=9758"},"modified":"2024-07-21T21:40:45","modified_gmt":"2024-07-22T00:40:45","slug":"corrida-caminhada","status":"publish","type":"page","link":"https:\/\/csbc.sbc.org.br\/2024\/corrida-caminhada\/","title":{"rendered":"Corrida e Caminhada"},"content":{"rendered":"\t\t<div data-elementor-type=\"wp-page\" data-elementor-id=\"9758\" class=\"elementor elementor-9758\">\n\t\t\t\t<div class=\"elementor-element elementor-element-0a3ba60 e-flex e-con-boxed e-con e-parent\" data-id=\"0a3ba60\" data-element_type=\"container\" data-e-type=\"container\">\n\t\t\t\t\t<div class=\"e-con-inner\">\n\t\t\t\t<div class=\"elementor-element elementor-element-67e0fc4 elementor-widget elementor-widget-heading\" data-id=\"67e0fc4\" data-element_type=\"widget\" data-e-type=\"widget\" data-widget_type=\"heading.default\">\n\t\t\t\t<div class=\"elementor-widget-container\">\n\t\t\t\t\t<h1 class=\"elementor-heading-title elementor-size-default\">Corrida e Caminhada LF 2024<span style=\"font-weight:normal;line-height:1.1em\"><\/span><\/h1>\t\t\t\t<\/div>\n\t\t\t\t<\/div>\n\t\t\t\t\t<\/div>\n\t\t\t\t<\/div>\n\t\t<div class=\"elementor-element elementor-element-0ea5134 e-flex e-con-boxed elementor-invisible e-con e-parent\" data-id=\"0ea5134\" data-element_type=\"container\" data-e-type=\"container\" data-settings=\"{&quot;animation&quot;:&quot;fadeIn&quot;}\">\n\t\t\t\t\t<div class=\"e-con-inner\">\n\t\t\t\t<div class=\"elementor-element elementor-element-ef7ca13 elementor-widget-divider--view-line elementor-widget elementor-widget-divider\" data-id=\"ef7ca13\" data-element_type=\"widget\" data-e-type=\"widget\" data-widget_type=\"divider.default\">\n\t\t\t\t<div class=\"elementor-widget-container\">\n\t\t\t\t\t\t\t<div class=\"elementor-divider\">\n\t\t\t<span class=\"elementor-divider-separator\">\n\t\t\t\t\t\t<\/span>\n\t\t<\/div>\n\t\t\t\t\t\t<\/div>\n\t\t\t\t<\/div>\n\t\t\t\t\t<\/div>\n\t\t\t\t<\/div>\n\t\t<div class=\"elementor-element elementor-element-960cef1 e-flex e-con-boxed e-con e-parent\" data-id=\"960cef1\" data-element_type=\"container\" data-e-type=\"container\">\n\t\t\t\t\t<div class=\"e-con-inner\">\n\t\t<div class=\"elementor-element elementor-element-5379a22 e-con-full e-flex e-con e-child\" data-id=\"5379a22\" data-element_type=\"container\" data-e-type=\"container\">\n\t\t\t\t<div class=\"elementor-element elementor-element-f047e8e elementor-widget elementor-widget-text-editor\" data-id=\"f047e8e\" data-element_type=\"widget\" data-e-type=\"widget\" data-widget_type=\"text-editor.default\">\n\t\t\t\t<div class=\"elementor-widget-container\">\n\t\t\t\t\t\t\t\t\t<h2 style=\"text-align: left;\">Data, Hor\u00e1rio e Local<\/h2><ul style=\"text-align: left;\"><li style=\"text-align: left;\"><strong>Data: <\/strong>Quarta-feira, 24 de julho de 2024<\/li><li style=\"text-align: left;\"><strong>Hora:<\/strong> 6h30<\/li><li><strong>Modalidades:<\/strong> Corrida e Caminhada<\/li><li style=\"text-align: left;\"><strong>Percursos:<\/strong> 1024m, 2048m, 4096m e 8192m<\/li><li style=\"text-align: left;\"><strong>Local de partida:<\/strong> Parque da Cidade<\/li><\/ul><ul><li style=\"text-align: left;\"><strong>Ponto de Encontro:<\/strong> Entrada da Nicol\u00e2ndia Center Park (entre os Estacionamentos 12 e 13) \u2013 veja detalhes mais abaixo.<\/li><\/ul>\t\t\t\t\t\t\t\t<\/div>\n\t\t\t\t<\/div>\n\t\t\t\t<\/div>\n\t\t<div class=\"elementor-element elementor-element-971aaaa e-con-full e-flex e-con e-child\" data-id=\"971aaaa\" data-element_type=\"container\" data-e-type=\"container\">\n\t\t\t\t<div class=\"elementor-element elementor-element-30f94ec e-transform elementor-widget elementor-widget-image\" data-id=\"30f94ec\" data-element_type=\"widget\" data-e-type=\"widget\" data-settings=\"{&quot;_transform_scale_effect_hover&quot;:{&quot;unit&quot;:&quot;px&quot;,&quot;size&quot;:0.96999999999999997,&quot;sizes&quot;:[]},&quot;_transform_scale_effect_hover_tablet&quot;:{&quot;unit&quot;:&quot;px&quot;,&quot;size&quot;:&quot;&quot;,&quot;sizes&quot;:[]},&quot;_transform_scale_effect_hover_mobile&quot;:{&quot;unit&quot;:&quot;px&quot;,&quot;size&quot;:&quot;&quot;,&quot;sizes&quot;:[]}}\" data-widget_type=\"image.default\">\n\t\t\t\t<div class=\"elementor-widget-container\">\n\t\t\t\t\t\t\t\t\t\t\t\t\t\t\t<img fetchpriority=\"high\" decoding=\"async\" width=\"216\" height=\"300\" src=\"https:\/\/csbc.sbc.org.br\/2024\/wp-content\/uploads\/2024\/05\/corrida-caminhada-camiseta-removebg-preview-216x300.png\" class=\"attachment-medium size-medium wp-image-9925\" alt=\"\" srcset=\"https:\/\/csbc.sbc.org.br\/2024\/wp-content\/uploads\/2024\/05\/corrida-caminhada-camiseta-removebg-preview-216x300.png 216w, https:\/\/csbc.sbc.org.br\/2024\/wp-content\/uploads\/2024\/05\/corrida-caminhada-camiseta-removebg-preview.png 424w\" sizes=\"(max-width: 216px) 100vw, 216px\" \/>\t\t\t\t\t\t\t\t\t\t\t\t\t\t\t<\/div>\n\t\t\t\t<\/div>\n\t\t\t\t<\/div>\n\t\t<div class=\"elementor-element elementor-element-7418ff6 e-con-full e-flex e-con e-child\" data-id=\"7418ff6\" data-element_type=\"container\" data-e-type=\"container\">\n\t\t\t\t<div class=\"elementor-element elementor-element-c38914d e-transform elementor-widget elementor-widget-image\" data-id=\"c38914d\" data-element_type=\"widget\" data-e-type=\"widget\" data-settings=\"{&quot;_transform_scale_effect_hover&quot;:{&quot;unit&quot;:&quot;px&quot;,&quot;size&quot;:0.96999999999999997,&quot;sizes&quot;:[]},&quot;_transform_scale_effect_hover_tablet&quot;:{&quot;unit&quot;:&quot;px&quot;,&quot;size&quot;:&quot;&quot;,&quot;sizes&quot;:[]},&quot;_transform_scale_effect_hover_mobile&quot;:{&quot;unit&quot;:&quot;px&quot;,&quot;size&quot;:&quot;&quot;,&quot;sizes&quot;:[]}}\" data-widget_type=\"image.default\">\n\t\t\t\t<div class=\"elementor-widget-container\">\n\t\t\t\t\t\t\t\t\t\t\t\t\t\t\t<img decoding=\"async\" width=\"761\" height=\"328\" src=\"https:\/\/csbc.sbc.org.br\/2024\/wp-content\/uploads\/2024\/05\/pulseiras-removebg-preview.png\" class=\"attachment-medium_large size-medium_large wp-image-9988\" alt=\"\" srcset=\"https:\/\/csbc.sbc.org.br\/2024\/wp-content\/uploads\/2024\/05\/pulseiras-removebg-preview.png 761w, https:\/\/csbc.sbc.org.br\/2024\/wp-content\/uploads\/2024\/05\/pulseiras-removebg-preview-300x129.png 300w\" sizes=\"(max-width: 761px) 100vw, 761px\" \/>\t\t\t\t\t\t\t\t\t\t\t\t\t\t\t<\/div>\n\t\t\t\t<\/div>\n\t\t\t\t<div class=\"elementor-element elementor-element-d6fdf1d elementor-widget elementor-widget-text-editor\" data-id=\"d6fdf1d\" data-element_type=\"widget\" data-e-type=\"widget\" data-widget_type=\"text-editor.default\">\n\t\t\t\t<div class=\"elementor-widget-container\">\n\t\t\t\t\t\t\t\t\t<p style=\"text-align: left;\">Se voc\u00ea vai participar do CSBC 2024 e gosta de praticar corrida ou caminhada, venha participar da &#8220;Corrida e Caminhada LF&#8221;. LF \u00e9 o nome de um ilustre professor da PUC-Rio, Luiz Fernando Gomes Soares, pioneiro nas \u00e1reas de Redes de Computadores, Multim\u00eddia e TV Digital no Brasil.<\/p><p style=\"text-align: left;\">A corrida e caminhada \u00e9 aberta a todos os participantes do CSBC 2024 e ocorrer\u00e1 no Parque da Cidade em 24 de julho de 2024, \u00e0s 6h30 no Parque da Cidade em Bras\u00edlia-DF. O parque disp\u00f5e de diversos percursos para corrida. Na Corrida LF, vamos indicar um percurso de ciclo fechado para os 4086m (um loop) e\u00a0 8192m (dois loops), mas voc\u00ea pode fazer o que achar melhor, podendo ser 1024m ou 2048m.<\/p><p style=\"text-align: left;\">\u00c9 necess\u00e1rio inscri\u00e7\u00e3o atrav\u00e9s do sistema <strong><a href=\"https:\/\/centraldesistemas.sbc.org.br\/ecos\/csbc2024\" target=\"_blank\" rel=\"noopener\">ECOS da SBC<\/a><\/strong>. Haver\u00e1 camiseta (opcional), pulseira de identifica\u00e7\u00e3o e medalhas para os participantes que conclu\u00edrem o percurso. Ainda haver\u00e1 distribui\u00e7\u00e3o de \u00e1gua e barrinha de cereais para os inscritos.<\/p><p style=\"text-align: left;\"><strong>Importante:<\/strong><\/p><p style=\"text-align: left;\">Trata-se de um evento n\u00e3o competitivo. \u00c9 apenas um momento de incentivo ao esporte, onde cada esportista pode comparecer voluntariamente e ciente de suas condi\u00e7\u00f5es f\u00edsicas.<\/p><p style=\"text-align: left;\">N\u00e3o haver\u00e1 apoio m\u00e9dico no local. Para emerg\u00eancias, brigadistas podem auxiliar no encaminhamento para hospitais nas proximidades.<\/p><p style=\"text-align: left;\">As camisetas ser\u00e3o entregues no sagu\u00e3o do CSBC 2024, pr\u00f3ximo ao balc\u00e3o de credenciamento.<\/p><p style=\"text-align: left;\">Os participantes devem estar no Parque da Cidade para a largada \u00e0s 6h30.<\/p><p style=\"text-align: left;\">N\u00e3o haver\u00e1 cronometragem. Os atletas podem usar aplicativos, rel\u00f3gios e cron\u00f4metros para registrar as suas marcas e divulgar nas redes sociais marcando o evento <strong><em>#corridaLFcsbc2024<\/em><\/strong>.<\/p><h2 style=\"text-align: left;\">\u00a0<\/h2><h2 style=\"text-align: left;\">Quem foi LF, Luiz Fernando?<\/h2><p style=\"text-align: left;\"><strong>Luiz Fernando Gomes Soares<\/strong>, foi Vice-Presidente da SBC, Professor Titular do Departamento de Inform\u00e1tica e coordenador do Laborat\u00f3rio de Telem\u00eddia da PUC-Rio. L\u00edder do grupo que desenvolveu o middleware Ginga, um formato de interatividade para o sistema brasileiro de TV Digital, LF conquistou o Pr\u00eamio Assespro 2008 como Personalidade do Ano, assim como o Pr\u00eamio Cientistas do Nosso Estado, como Pesquisador Inovador, no ano de 2005, e o Pr\u00eamio Newton Faller da Sociedade Brasileira de Computa\u00e7\u00e3o, em 2006. Em 2015, o Professor Luiz Fernando faleceu precocemente, aos 61 anos.<\/p><h2 style=\"text-align: left;\">\u00a0<\/h2><h2 style=\"text-align: left;\">O Parque da Cidade<\/h2><p style=\"text-align: left;\">O <strong>Parque da Cidade Dona Sarah Kubitschek<\/strong> possui livre acesso 24 horas por dia; sete dias por semana. Possui banheiros acess\u00edveis e estacionamento. Mais informa\u00e7\u00f5es <strong><a href=\"https:\/\/www.esporte.df.gov.br\/parque-da-cidade\" target=\"_blank\" rel=\"noopener\">https:\/\/www.esporte.df.gov.br\/parque-da-cidade<\/a><\/strong>.<\/p><h2 style=\"text-align: left;\">\u00a0<\/h2><h2 style=\"text-align: left;\">Ponto de Encontro (Largada\/Chegada)<\/h2><p style=\"text-align: left;\">Entrada do <strong>Nicol\u00e2ndia Center Park<\/strong> (entre os Estacionamentos 12 e 13).<\/p>\t\t\t\t\t\t\t\t<\/div>\n\t\t\t\t<\/div>\n\t\t\t\t<div class=\"elementor-element elementor-element-cf4fd5e elementor-widget elementor-widget-image\" data-id=\"cf4fd5e\" data-element_type=\"widget\" data-e-type=\"widget\" data-widget_type=\"image.default\">\n\t\t\t\t<div class=\"elementor-widget-container\">\n\t\t\t\t\t\t\t\t\t\t\t\t<figure class=\"wp-caption\">\n\t\t\t\t\t\t\t\t\t\t\t<a href=\"https:\/\/www.strava.com\/activities\/11829685762\" target=\"_blank\" rel=\"nofollow\">\n\t\t\t\t\t\t\t<img decoding=\"async\" width=\"857\" height=\"645\" src=\"https:\/\/csbc.sbc.org.br\/2024\/wp-content\/uploads\/2024\/07\/parque_nicolandia.png\" class=\"elementor-animation-shrink attachment-large size-large wp-image-15160\" alt=\"\" srcset=\"https:\/\/csbc.sbc.org.br\/2024\/wp-content\/uploads\/2024\/07\/parque_nicolandia.png 857w, https:\/\/csbc.sbc.org.br\/2024\/wp-content\/uploads\/2024\/07\/parque_nicolandia-300x226.png 300w, https:\/\/csbc.sbc.org.br\/2024\/wp-content\/uploads\/2024\/07\/parque_nicolandia-768x578.png 768w\" sizes=\"(max-width: 857px) 100vw, 857px\" \/>\t\t\t\t\t\t\t\t<\/a>\n\t\t\t\t\t\t\t\t\t\t\t<figcaption class=\"widget-image-caption wp-caption-text\">Nicol\u00e2ndia Center Park - Ponto de Encontro (Largada\/Chegada)<\/figcaption>\n\t\t\t\t\t\t\t\t\t\t<\/figure>\n\t\t\t\t\t\t\t\t\t<\/div>\n\t\t\t\t<\/div>\n\t\t\t\t<div class=\"elementor-element elementor-element-d1c5afa elementor-widget elementor-widget-text-editor\" data-id=\"d1c5afa\" data-element_type=\"widget\" data-e-type=\"widget\" data-widget_type=\"text-editor.default\">\n\t\t\t\t<div class=\"elementor-widget-container\">\n\t\t\t\t\t\t\t\t\t<h2 style=\"text-align: left;\">\u00a0<\/h2><h2 style=\"text-align: left;\">Detalhes do Percurso<\/h2><ul><li style=\"text-align: left;\">Detalhes do Percurso e Altimetria: <strong><a href=\"https:\/\/www.strava.com\/activities\/11829685762\" target=\"_blank\" rel=\"noopener\">https:\/\/www.strava.com\/activities\/11829685762<\/a><\/strong><\/li><\/ul>\t\t\t\t\t\t\t\t<\/div>\n\t\t\t\t<\/div>\n\t\t\t\t<div class=\"elementor-element elementor-element-662c0df elementor-widget elementor-widget-image\" data-id=\"662c0df\" data-element_type=\"widget\" data-e-type=\"widget\" data-widget_type=\"image.default\">\n\t\t\t\t<div class=\"elementor-widget-container\">\n\t\t\t\t\t\t\t\t\t\t\t\t<figure class=\"wp-caption\">\n\t\t\t\t\t\t\t\t\t\t\t<a href=\"https:\/\/www.strava.com\/activities\/11829685762\" target=\"_blank\" rel=\"nofollow\">\n\t\t\t\t\t\t\t<img loading=\"lazy\" decoding=\"async\" width=\"1024\" height=\"549\" src=\"https:\/\/csbc.sbc.org.br\/2024\/wp-content\/uploads\/2024\/07\/corrida_percurso-1024x549.jpg\" class=\"elementor-animation-shrink attachment-large size-large wp-image-15161\" alt=\"\" srcset=\"https:\/\/csbc.sbc.org.br\/2024\/wp-content\/uploads\/2024\/07\/corrida_percurso-1024x549.jpg 1024w, https:\/\/csbc.sbc.org.br\/2024\/wp-content\/uploads\/2024\/07\/corrida_percurso-300x161.jpg 300w, https:\/\/csbc.sbc.org.br\/2024\/wp-content\/uploads\/2024\/07\/corrida_percurso-768x412.jpg 768w, https:\/\/csbc.sbc.org.br\/2024\/wp-content\/uploads\/2024\/07\/corrida_percurso.jpg 1279w\" sizes=\"(max-width: 1024px) 100vw, 1024px\" \/>\t\t\t\t\t\t\t\t<\/a>\n\t\t\t\t\t\t\t\t\t\t\t<figcaption class=\"widget-image-caption wp-caption-text\">Clique no Mapa e Acesse o Percurso e Altimetria<\/figcaption>\n\t\t\t\t\t\t\t\t\t\t<\/figure>\n\t\t\t\t\t\t\t\t\t<\/div>\n\t\t\t\t<\/div>\n\t\t\t\t<div class=\"elementor-element elementor-element-df53fe8 elementor-widget elementor-widget-text-editor\" data-id=\"df53fe8\" data-element_type=\"widget\" data-e-type=\"widget\" data-widget_type=\"text-editor.default\">\n\t\t\t\t<div class=\"elementor-widget-container\">\n\t\t\t\t\t\t\t\t\t<h2 style=\"text-align: left;\">\u00a0<\/h2><h2 style=\"text-align: left;\">Coordena\u00e7\u00e3o<\/h2><ul><li style=\"text-align: left;\"><strong>Adenilso da Silva Sim\u00e3o<\/strong><br \/>ICMC-USP \u2013 <a href=\"mailto:adenilso@icmc.usp.br\" target=\"_blank\" rel=\"noopener\">adenilso@icmc.usp.br<\/a><\/li><li style=\"text-align: left;\"><strong>Jair C. Leite<\/strong><br \/>UFRN &#8211; <a href=\"mailto:jaircleite@gmail.com\" target=\"_blank\" rel=\"noopener\">jaircleite@gmail.com<\/a><\/li><li style=\"text-align: left;\"><strong>Vinicius R. P. Borges<\/strong><br \/>UnB \u2013 <a href=\"mailto:viniciusrpb@unb.br\" target=\"_blank\" rel=\"noopener\">viniciusrpb@unb.br<\/a><\/li><\/ul>\t\t\t\t\t\t\t\t<\/div>\n\t\t\t\t<\/div>\n\t\t\t\t<\/div>\n\t\t\t\t\t<\/div>\n\t\t\t\t<\/div>\n\t\t\t\t<\/div>\n\t\t","protected":false},"excerpt":{"rendered":"<p>Corrida e Caminhada LF 2024 Data, Hor\u00e1rio e Local Data: Quarta-feira, 24 de julho de 2024 Hora: 6h30 Modalidades: Corrida e Caminhada Percursos: 1024m, 2048m, 4096m e 8192m Local de partida: Parque da Cidade Ponto de Encontro: Entrada da Nicol\u00e2ndia Center Park (entre os Estacionamentos 12 e 13) \u2013 veja detalhes mais abaixo. Se voc\u00ea [&hellip;]<\/p>\n","protected":false},"author":7,"featured_media":5266,"parent":0,"menu_order":0,"comment_status":"closed","ping_status":"closed","template":"","meta":{"ocean_post_layout":"","ocean_both_sidebars_style":"","ocean_both_sidebars_content_width":0,"ocean_both_sidebars_sidebars_width":0,"ocean_sidebar":"","ocean_second_sidebar":"","ocean_disable_margins":"enable","ocean_add_body_class":"","ocean_shortcode_before_top_bar":"","ocean_shortcode_after_top_bar":"","ocean_shortcode_before_header":"","ocean_shortcode_after_header":"","ocean_has_shortcode":"","ocean_shortcode_after_title":"","ocean_shortcode_before_footer_widgets":"","ocean_shortcode_after_footer_widgets":"","ocean_shortcode_before_footer_bottom":"","ocean_shortcode_after_footer_bottom":"","ocean_display_top_bar":"default","ocean_display_header":"default","ocean_header_style":"","ocean_center_header_left_menu":"","ocean_custom_header_template":"","ocean_custom_logo":0,"ocean_custom_retina_logo":0,"ocean_custom_logo_max_width":0,"ocean_custom_logo_tablet_max_width":0,"ocean_custom_logo_mobile_max_width":0,"ocean_custom_logo_max_height":0,"ocean_custom_logo_tablet_max_height":0,"ocean_custom_logo_mobile_max_height":0,"ocean_header_custom_menu":"","ocean_menu_typo_font_family":"","ocean_menu_typo_font_subset":"","ocean_menu_typo_font_size":0,"ocean_menu_typo_font_size_tablet":0,"ocean_menu_typo_font_size_mobile":0,"ocean_menu_typo_font_size_unit":"px","ocean_menu_typo_font_weight":"","ocean_menu_typo_font_weight_tablet":"","ocean_menu_typo_font_weight_mobile":"","ocean_menu_typo_transform":"","ocean_menu_typo_transform_tablet":"","ocean_menu_typo_transform_mobile":"","ocean_menu_typo_line_height":0,"ocean_menu_typo_line_height_tablet":0,"ocean_menu_typo_line_height_mobile":0,"ocean_menu_typo_line_height_unit":"","ocean_menu_typo_spacing":0,"ocean_menu_typo_spacing_tablet":0,"ocean_menu_typo_spacing_mobile":0,"ocean_menu_typo_spacing_unit":"","ocean_menu_link_color":"","ocean_menu_link_color_hover":"","ocean_menu_link_color_active":"","ocean_menu_link_background":"","ocean_menu_link_hover_background":"","ocean_menu_link_active_background":"","ocean_menu_social_links_bg":"","ocean_menu_social_hover_links_bg":"","ocean_menu_social_links_color":"","ocean_menu_social_hover_links_color":"","ocean_disable_title":"default","ocean_disable_heading":"default","ocean_post_title":"","ocean_post_subheading":"","ocean_post_title_style":"","ocean_post_title_background_color":"","ocean_post_title_background":0,"ocean_post_title_bg_image_position":"","ocean_post_title_bg_image_attachment":"","ocean_post_title_bg_image_repeat":"","ocean_post_title_bg_image_size":"","ocean_post_title_height":0,"ocean_post_title_bg_overlay":0.5,"ocean_post_title_bg_overlay_color":"","ocean_disable_breadcrumbs":"default","ocean_breadcrumbs_color":"","ocean_breadcrumbs_separator_color":"","ocean_breadcrumbs_links_color":"","ocean_breadcrumbs_links_hover_color":"","ocean_display_footer_widgets":"default","ocean_display_footer_bottom":"default","ocean_custom_footer_template":"","_joinchat":[],"footnotes":""},"class_list":["post-9758","page","type-page","status-publish","has-post-thumbnail","hentry","entry","has-media"],"_links":{"self":[{"href":"https:\/\/csbc.sbc.org.br\/2024\/wp-json\/wp\/v2\/pages\/9758","targetHints":{"allow":["GET"]}}],"collection":[{"href":"https:\/\/csbc.sbc.org.br\/2024\/wp-json\/wp\/v2\/pages"}],"about":[{"href":"https:\/\/csbc.sbc.org.br\/2024\/wp-json\/wp\/v2\/types\/page"}],"author":[{"embeddable":true,"href":"https:\/\/csbc.sbc.org.br\/2024\/wp-json\/wp\/v2\/users\/7"}],"replies":[{"embeddable":true,"href":"https:\/\/csbc.sbc.org.br\/2024\/wp-json\/wp\/v2\/comments?post=9758"}],"version-history":[{"count":229,"href":"https:\/\/csbc.sbc.org.br\/2024\/wp-json\/wp\/v2\/pages\/9758\/revisions"}],"predecessor-version":[{"id":15262,"href":"https:\/\/csbc.sbc.org.br\/2024\/wp-json\/wp\/v2\/pages\/9758\/revisions\/15262"}],"wp:featuredmedia":[{"embeddable":true,"href":"https:\/\/csbc.sbc.org.br\/2024\/wp-json\/wp\/v2\/media\/5266"}],"wp:attachment":[{"href":"https:\/\/csbc.sbc.org.br\/2024\/wp-json\/wp\/v2\/media?parent=9758"}],"curies":[{"name":"wp","href":"https:\/\/api.w.org\/{rel}","templated":true}]}}