{"id":7481,"date":"2024-02-03T23:59:01","date_gmt":"2024-02-03T23:59:01","guid":{"rendered":"https:\/\/csbc.sbc.org.br\/2024\/?page_id=7481"},"modified":"2026-03-16T18:27:30","modified_gmt":"2026-03-16T21:27:30","slug":"wperformance","status":"publish","type":"page","link":"https:\/\/csbc.sbc.org.br\/2026\/wperformance\/","title":{"rendered":"WPerformance &#8211; Workshop em Desempenho de Sistemas Computacionais e de Comunica\u00e7\u00e3o"},"content":{"rendered":"\t\t<div data-elementor-type=\"wp-page\" data-elementor-id=\"7481\" class=\"elementor elementor-7481\">\n\t\t\t\t<div class=\"elementor-element elementor-element-0a3ba60 e-flex e-con-boxed e-con e-parent\" data-id=\"0a3ba60\" data-element_type=\"container\" data-e-type=\"container\">\n\t\t\t\t\t<div class=\"e-con-inner\">\n\t\t\t\t<div class=\"elementor-element elementor-element-67e0fc4 elementor-widget elementor-widget-heading\" data-id=\"67e0fc4\" data-element_type=\"widget\" data-e-type=\"widget\" data-widget_type=\"heading.default\">\n\t\t\t\t<div class=\"elementor-widget-container\">\n\t\t\t\t\t<h1 class=\"elementor-heading-title elementor-size-default\">WPerformance <span style=\"font-weight:normal;line-height:1.1em\"> - 25\u00ba Workshop em Desempenho de Sistemas Computacionais e de Comunica\u00e7\u00e3o<\/span><\/h1>\t\t\t\t<\/div>\n\t\t\t\t<\/div>\n\t\t\t\t\t<\/div>\n\t\t\t\t<\/div>\n\t\t<div class=\"elementor-element elementor-element-0ea5134 e-flex e-con-boxed elementor-invisible e-con e-parent\" data-id=\"0ea5134\" data-element_type=\"container\" data-e-type=\"container\" data-settings=\"{&quot;animation&quot;:&quot;fadeIn&quot;}\">\n\t\t\t\t\t<div class=\"e-con-inner\">\n\t\t<div class=\"elementor-element elementor-element-30b5d2a e-con-full e-flex elementor-invisible e-con e-child\" data-id=\"30b5d2a\" data-element_type=\"container\" data-e-type=\"container\" data-settings=\"{&quot;animation&quot;:&quot;fadeIn&quot;}\">\n\t\t\t\t<div class=\"elementor-element elementor-element-5805a3e elementor-widget elementor-widget-spacer\" data-id=\"5805a3e\" data-element_type=\"widget\" data-e-type=\"widget\" data-widget_type=\"spacer.default\">\n\t\t\t\t<div class=\"elementor-widget-container\">\n\t\t\t\t\t\t\t<div class=\"elementor-spacer\">\n\t\t\t<div class=\"elementor-spacer-inner\"><\/div>\n\t\t<\/div>\n\t\t\t\t\t\t<\/div>\n\t\t\t\t<\/div>\n\t\t\t\t<div class=\"elementor-element elementor-element-a2b7a78 elementor-widget elementor-widget-heading\" data-id=\"a2b7a78\" data-element_type=\"widget\" data-e-type=\"widget\" data-widget_type=\"heading.default\">\n\t\t\t\t<div class=\"elementor-widget-container\">\n\t\t\t\t\t<h2 class=\"elementor-heading-title elementor-size-default\">Sobre o evento<\/h2>\t\t\t\t<\/div>\n\t\t\t\t<\/div>\n\t\t\t\t<div class=\"elementor-element elementor-element-4cf36d7 elementor-widget elementor-widget-text-editor\" data-id=\"4cf36d7\" data-element_type=\"widget\" data-e-type=\"widget\" data-widget_type=\"text-editor.default\">\n\t\t\t\t<div class=\"elementor-widget-container\">\n\t\t\t\t\t\t\t\t\t<p>O Workshop em Desempenho de Sistemas Computacionais e de Comunica\u00e7\u00e3o, conhecido como WPerformance, \u00e9 um f\u00f3rum para discuss\u00e3o e dissemina\u00e7\u00e3o de ideias sobre m\u00e9todos, t\u00e9cnicas e ferramentas para avalia\u00e7\u00e3o de desempenho de sistemas computacionais e de comunica\u00e7\u00e3o. Vinte e tr\u00eas edi\u00e7\u00f5es consecutivas do WPerformance j\u00e1 foram realizadas pela comunidade, no per\u00edodo de 2002 a 2025, todas em conjunto com o Congresso da SBC. Os anais do evento t\u00eam sido mantidos no BDBComp e, mais recentemente, na Biblioteca Digital da Sociedade Brasileira de Computa\u00e7\u00e3o.<\/p><p>Em v\u00e1rias edi\u00e7\u00f5es anteriores, foram realizadas palestras com pesquisadores de renome internacional. A lista de palestrantes \u00e9 a seguinte:<\/p><ul><li>Professor Mark Crovella, Boston University (2002)<\/li><li>Professor Mike Devetsikiotis, North Carolina State University (2003)<\/li><li>Professor Gerardo Rubino, INRIA (2004)<\/li><li>Professor Vishal Misra, Columbia University (2005)<\/li><li>Professor Dan Rubenstein, Columbia University (2007)<\/li><li>Professor \u00c9ric Fleury, ENS-Lyon, Fran\u00e7a (2008)<\/li><li>Richard Gail, IBM T.J. Watson Research Center, EUA (2009)<\/li><li>Professor Arun Venkatarameni, UMass-Amherst, EUA (2009)<\/li><li>Bruno Ribeiro, UMASS, EUA (2010)<\/li><li>Professor Matthias Grossglauser, EPFL, Switzerland (2011)<\/li><li>Professor Daniel Menasce, George Mason University, EUA (2012)<\/li><li>Professor William J. Stewart, North Carolina State University, EUA (2013)<\/li><li>Professor Prof. Eitan Altman, INRIA, Fran\u00e7a (2014)<\/li><li>Professor Jo\u00e3o Saraiva, Univ. Minho, Portugal (2021)<\/li><li>Professor Andrea Marin, University Ca\u2019 Foscari of Venice (2022)<\/li><\/ul><p>Al\u00e9m disto, edi\u00e7\u00f5es anteriores tamb\u00e9m contaram com palestras e pain\u00e9is de discuss\u00e3o proferidos por palestrantes nacionais:<\/p><ul><li>Professor Edmundo de Souza e Silva, UFRJ (2009)<\/li><li>Professor Virg\u00edlio de Almeida, UFMG (2010)<\/li><li>Professor Paulo Henrique Lemelle Fernandes, PUCRS (2011)<\/li><li>Angelo Ciarlini, DELL\/EMC (2013)<\/li><li>Professores Edmundo de Souza e Silva, UFRJ (2015, keynote) e Daniel Sadoc Menasch\u00e9 (2015, palestra convidada)<\/li><li>Professores Altigran Soares da Silva, UFAM (2016) e Luigi Carro, UFRGS (2016)<\/li><li>Professores Daniel Ratton Figueiredo, UFRJ (2017) e Daniel Oliveira, UFF (2017)<\/li><li>Professor Roberto Hirata, USP (2018)<\/li><li>Professor Fabio Kon, USP (2019)<\/li><li>Professor Lucas Schnorr, UFRGS (2020)<\/li><li>Professor Wellington Martins, UFG (2021)<\/li><li>Professores M\u00e1rio Ant\u00f4nio Ribeiro Dantas, UFJF; Wagner Meira Jr, UFMG; Philippe O. A. Navaux, UFRGS; e Guido Ara\u00fajo, UNICAMP (2022)<\/li><li>Professor Igor Moraes, UFF (2023)<\/li><li>Professor Luiz Fernando Bittencourt, UNICAMP (2024)<\/li><li>Professora Jussara Almeida, UFMG (2025)<\/li><\/ul>\t\t\t\t\t\t\t\t<\/div>\n\t\t\t\t<\/div>\n\t\t\t\t<div class=\"elementor-element elementor-element-6664cd6 elementor-widget elementor-widget-heading\" data-id=\"6664cd6\" data-element_type=\"widget\" data-e-type=\"widget\" data-widget_type=\"heading.default\">\n\t\t\t\t<div class=\"elementor-widget-container\">\n\t\t\t\t\t<h2 class=\"elementor-heading-title elementor-size-default\">T\u00f3picos de Interesse<\/h2>\t\t\t\t<\/div>\n\t\t\t\t<\/div>\n\t\t\t\t<div class=\"elementor-element elementor-element-ce74945 elementor-widget elementor-widget-text-editor\" data-id=\"ce74945\" data-element_type=\"widget\" data-e-type=\"widget\" data-widget_type=\"text-editor.default\">\n\t\t\t\t<div class=\"elementor-widget-container\">\n\t\t\t\t\t\t\t\t\t<p>O WPerformance tem como foco trabalhos sobre o desenvolvimento e aplica\u00e7\u00e3o de t\u00e9cnicas de avalia\u00e7\u00e3o de desempenho baseadas em medi\u00e7\u00e3o, simula\u00e7\u00e3o ou modelagem anal\u00edtica. S\u00e3o de particular interesse os trabalhos que apresentam novas metodologias ou que aplicam de forma inovadora os m\u00e9todos existentes para modelar, projetar, avaliar e otimizar o desempenho de sistemas computacionais em geral. Os t\u00f3picos de interesse est\u00e3o listados abaixo, em duas \u00e1reas.<\/p><p><strong>\u00c1rea #1: Estudos de avalia\u00e7\u00e3o de desempenho de sistemas<\/strong><\/p><ul><li>Arquitetura de Computadores<\/li><li>Sistemas Operacionais<\/li><li>Sistemas Distribu\u00eddos<\/li><li>Banco de Dados<\/li><li>Engenharia de Software<\/li><li>Redes de Computadores<\/li><li>Cidades Inteligentes<\/li><li>Sistemas Multim\u00eddia, AR, VR e Metaverso<\/li><li>Sistemas de Tempo Real<\/li><li>Comunica\u00e7\u00e3o M\u00f3vel e Sem Fio<\/li><li>Redes Sociais<\/li><li>Smart-Grids<\/li><li>Internet do Futuro<\/li><li>Computa\u00e7\u00e3o em Nuvem<\/li><li>Internet das Coisas<\/li><li>5G\/6G<\/li><li>Blockchain<\/li><li>Computa\u00e7\u00e3o e Comunica\u00e7\u00e3o Qu\u00e2ntica<\/li><\/ul><p><strong>\u00c1rea #2: Desenvolvimento de t\u00e9cnicas, algoritmos, m\u00e9todos, ferramentas e modelos<\/strong><\/p><ul><li>Avalia\u00e7\u00e3o de Desempenho de Sistemas<\/li><li>Avalia\u00e7\u00e3o de Desempenho de Algoritmos<\/li><li>An\u00e1lise de Dados<\/li><li>Modelos de Filas<\/li><li>Modelos Estoc\u00e1sticos<\/li><li>Verifica\u00e7\u00e3o e Valida\u00e7\u00e3o de Modelos de Desempenho<\/li><li>Algoritmos de Intelig\u00eancia Artificial<\/li><li>Monitora\u00e7\u00e3o e Medi\u00e7\u00e3o De Sistemas<\/li><li>Caracteriza\u00e7\u00e3o de Carga<\/li><li>Simula\u00e7\u00e3o<\/li><li>Medi\u00e7\u00e3o e Modelagem de Consumo Energ\u00e9tico<\/li><li>Escalabilidade de Sistemas de Computa\u00e7\u00e3o e Comunica\u00e7\u00e3o<\/li><li>Algoritmos de Bioinform\u00e1tica<\/li><li>M\u00e9tricas de Seguran\u00e7a e Privacidade<\/li><li>Planejamento de Capacidade<\/li><li>Outros t\u00f3picos relacionados \u00e0 \u00e1rea<\/li><\/ul>\t\t\t\t\t\t\t\t<\/div>\n\t\t\t\t<\/div>\n\t\t\t\t<div class=\"elementor-element elementor-element-d7ee788 elementor-widget elementor-widget-heading\" data-id=\"d7ee788\" data-element_type=\"widget\" data-e-type=\"widget\" data-widget_type=\"heading.default\">\n\t\t\t\t<div class=\"elementor-widget-container\">\n\t\t\t\t\t<h2 class=\"elementor-heading-title elementor-size-default\">Instru\u00e7\u00f5es de Submiss\u00e3o<\/h2>\t\t\t\t<\/div>\n\t\t\t\t<\/div>\n\t\t\t\t<div class=\"elementor-element elementor-element-f950a6f elementor-widget elementor-widget-text-editor\" data-id=\"f950a6f\" data-element_type=\"widget\" data-e-type=\"widget\" data-widget_type=\"text-editor.default\">\n\t\t\t\t<div class=\"elementor-widget-container\">\n\t\t\t\t\t\t\t\t\t<p>Os artigos a serem submetidos podem ser escritos em portugu\u00eas ou em ingl\u00eas. Eles dever\u00e3o conter no m\u00e1ximo 12 (doze) p\u00e1ginas, no caso de artigos completos, ou 6 (seis) p\u00e1ginas, no caso de artigos curtos. O comit\u00ea ainda se reserva o direito de aceitar como artigo curto textos submetidos na categoria de artigo completo. Ser\u00e3o aceitos somente artigos em formato PDF utilizando o modelo dos artigos da SBC. O modelo da SBC pode ser obtido na URL: <a href=\"https:\/\/www.sbc.org.br\/wp-content\/uploads\/2024\/07\/modelosparapublicaodeartigos.zip\">https:\/\/www.sbc.org.br\/wp-content\/uploads\/2024\/07\/modelosparapublicaodeartigos.zip<\/a>.<\/p><p>A submiss\u00e3o dos artigos ser\u00e1 exclusivamente eletr\u00f4nica, atrav\u00e9s do sistema JEMS em: <a href=\"https:\/\/jems3.sbc.org.br\/events\/519\">https:\/\/jems3.sbc.org.br\/events\/519<\/a>.<\/p>\t\t\t\t\t\t\t\t<\/div>\n\t\t\t\t<\/div>\n\t\t\t\t<div class=\"elementor-element elementor-element-dc43fae elementor-widget elementor-widget-heading\" data-id=\"dc43fae\" data-element_type=\"widget\" data-e-type=\"widget\" data-widget_type=\"heading.default\">\n\t\t\t\t<div class=\"elementor-widget-container\">\n\t\t\t\t\t<h2 class=\"elementor-heading-title elementor-size-default\">Publica\u00e7\u00e3o dos Trabalhos<\/h2>\t\t\t\t<\/div>\n\t\t\t\t<\/div>\n\t\t\t\t<div class=\"elementor-element elementor-element-71e7447 elementor-widget elementor-widget-text-editor\" data-id=\"71e7447\" data-element_type=\"widget\" data-e-type=\"widget\" data-widget_type=\"text-editor.default\">\n\t\t\t\t<div class=\"elementor-widget-container\">\n\t\t\t\t\t\t\t\t\t<p>Os artigos aceitos ser\u00e3o publicados na SBC Open Lib, a biblioteca digital da SBC, na s\u00e9rie Anais do Workshop em Desempenho de Sistemas Computacionais e de Comunica\u00e7\u00e3o (WPerformance), ISSN 2595-6167, dispon\u00edvel em <a href=\"https:\/\/sol.sbc.org.br\/index.php\/wperformance\">https:\/\/sol.sbc.org.br\/index.php\/wperformance<\/a>. Al\u00e9m disso, os autores dos artigos aceitos tamb\u00e9m ser\u00e3o convidados a enviar uma extens\u00e3o dos seus artigos a um special issue da revista Journal of Internet Services and Applications \u2013 JISA (<a href=\"https:\/\/journals-sol.sbc.org.br\/index.php\/jisa\/about\">https:\/\/journals-sol.sbc.org.br\/index.php\/jisa\/about<\/a>) desde que os t\u00f3picos estejam dentro da lista de t\u00f3picos cobertos pela revista.<\/p>\t\t\t\t\t\t\t\t<\/div>\n\t\t\t\t<\/div>\n\t\t\t\t<div class=\"elementor-element elementor-element-44ee0db elementor-widget elementor-widget-heading\" data-id=\"44ee0db\" data-element_type=\"widget\" data-e-type=\"widget\" data-widget_type=\"heading.default\">\n\t\t\t\t<div class=\"elementor-widget-container\">\n\t\t\t\t\t<h2 class=\"elementor-heading-title elementor-size-default\">Datas Importantes<\/h2>\t\t\t\t<\/div>\n\t\t\t\t<\/div>\n\t\t\t\t<div class=\"elementor-element elementor-element-10cf9a9 elementor-widget elementor-widget-text-editor\" data-id=\"10cf9a9\" data-element_type=\"widget\" data-e-type=\"widget\" data-widget_type=\"text-editor.default\">\n\t\t\t\t<div class=\"elementor-widget-container\">\n\t\t\t\t\t\t\t\t\t<ul style=\"font-variant-ligatures: normal; font-variant-caps: normal; font-family: 'Noto Sans', sans-serif; font-size: 16px; font-style: normal; font-weight: 400; color: #000000; text-align: justify;\"><li style=\"font-size: 16px;\" aria-level=\"1\">Prazo para submiss\u00e3o dos trabalhos:<span style=\"color: #ff0000;\"> <span style=\"font-size: 16px; font-weight: 600;\">30 de mar\u00e7o de 2026 (PRAZO FINAL)<\/span><\/span><\/li><li style=\"font-size: 16px;\" aria-level=\"1\">Divulga\u00e7\u00e3o dos resultados:\u00a0<span style=\"font-size: 16px; font-weight: 600;\">04 de maio de 2026<\/span><\/li><li style=\"font-size: 16px;\" aria-level=\"1\">Envio das vers\u00f5es finais dos artigos:\u00a0<span style=\"font-size: 16px; font-weight: 600;\">18 de maio de 2026<\/span><\/li><li style=\"font-size: 16px;\" aria-level=\"1\">Prazo de inscri\u00e7\u00e3o dos autores:\u00a0<span style=\"font-size: 16px; font-weight: 600;\">18 de maio de 2026<\/span><\/li><\/ul>\t\t\t\t\t\t\t\t<\/div>\n\t\t\t\t<\/div>\n\t\t\t\t<div class=\"elementor-element elementor-element-f2deb92 elementor-widget elementor-widget-heading\" data-id=\"f2deb92\" data-element_type=\"widget\" data-e-type=\"widget\" data-widget_type=\"heading.default\">\n\t\t\t\t<div class=\"elementor-widget-container\">\n\t\t\t\t\t<h2 class=\"elementor-heading-title elementor-size-default\">Premia\u00e7\u00f5es<\/h2>\t\t\t\t<\/div>\n\t\t\t\t<\/div>\n\t\t\t\t<div class=\"elementor-element elementor-element-3081c8f elementor-widget elementor-widget-text-editor\" data-id=\"3081c8f\" data-element_type=\"widget\" data-e-type=\"widget\" data-widget_type=\"text-editor.default\">\n\t\t\t\t<div class=\"elementor-widget-container\">\n\t\t\t\t\t\t\t\t\t<p>O Comit\u00ea de Programa anunciar\u00e1 durante o evento os melhores artigos do WPerformance 2026, que ser\u00e3o contemplados com certificado.<\/p>\t\t\t\t\t\t\t\t<\/div>\n\t\t\t\t<\/div>\n\t\t\t\t<div class=\"elementor-element elementor-element-e784d3f elementor-widget elementor-widget-heading\" data-id=\"e784d3f\" data-element_type=\"widget\" data-e-type=\"widget\" data-widget_type=\"heading.default\">\n\t\t\t\t<div class=\"elementor-widget-container\">\n\t\t\t\t\t<h2 class=\"elementor-heading-title elementor-size-default\">Coordena\u00e7\u00e3o<\/h2>\t\t\t\t<\/div>\n\t\t\t\t<\/div>\n\t\t\t\t<div class=\"elementor-element elementor-element-3c0492f elementor-widget elementor-widget-text-editor\" data-id=\"3c0492f\" data-element_type=\"widget\" data-e-type=\"widget\" data-widget_type=\"text-editor.default\">\n\t\t\t\t<div class=\"elementor-widget-container\">\n\t\t\t\t\t\t\t\t\t<ul style=\"font-variant-ligatures: normal; font-variant-caps: normal; font-family: 'Noto Sans', sans-serif; font-size: 16px; font-style: normal; font-weight: 400; color: #000000; text-align: justify;\"><li style=\"font-size: 16px;\" aria-level=\"1\">Gustavo Callou\u00a0 (UFRPE) &#8211; Coordenador Geral<\/li><li style=\"font-size: 16px;\" aria-level=\"1\">Michele A. Brand\u00e3o (UFMG) &#8211; Coordenadora Geral<\/li><\/ul>\t\t\t\t\t\t\t\t<\/div>\n\t\t\t\t<\/div>\n\t\t\t\t<div class=\"elementor-element elementor-element-4d6c9cd elementor-widget elementor-widget-heading\" data-id=\"4d6c9cd\" data-element_type=\"widget\" data-e-type=\"widget\" data-widget_type=\"heading.default\">\n\t\t\t\t<div class=\"elementor-widget-container\">\n\t\t\t\t\t<h2 class=\"elementor-heading-title elementor-size-default\">Comit\u00ea de Programa<\/h2>\t\t\t\t<\/div>\n\t\t\t\t<\/div>\n\t\t\t\t<div class=\"elementor-element elementor-element-950250c elementor-widget elementor-widget-text-editor\" data-id=\"950250c\" data-element_type=\"widget\" data-e-type=\"widget\" data-widget_type=\"text-editor.default\">\n\t\t\t\t<div class=\"elementor-widget-container\">\n\t\t\t\t\t\t\t\t\t<p>Em constru\u00e7\u00e3o.<\/p>\t\t\t\t\t\t\t\t<\/div>\n\t\t\t\t<\/div>\n\t\t\t\t<\/div>\n\t\t\t\t\t<\/div>\n\t\t\t\t<\/div>\n\t\t\t\t<\/div>\n\t\t","protected":false},"excerpt":{"rendered":"<p>WPerformance &#8211; 25\u00ba Workshop em Desempenho de Sistemas Computacionais e de Comunica\u00e7\u00e3o Sobre o evento O Workshop em Desempenho de Sistemas Computacionais e de Comunica\u00e7\u00e3o, conhecido como WPerformance, \u00e9 um f\u00f3rum para discuss\u00e3o e dissemina\u00e7\u00e3o de ideias sobre m\u00e9todos, t\u00e9cnicas e ferramentas para avalia\u00e7\u00e3o de desempenho de sistemas computacionais e de comunica\u00e7\u00e3o. Vinte e tr\u00eas [&hellip;]<\/p>\n","protected":false},"author":8,"featured_media":0,"parent":0,"menu_order":0,"comment_status":"closed","ping_status":"closed","template":"","meta":{"ocean_post_layout":"","ocean_both_sidebars_style":"","ocean_both_sidebars_content_width":0,"ocean_both_sidebars_sidebars_width":0,"ocean_sidebar":"","ocean_second_sidebar":"","ocean_disable_margins":"enable","ocean_add_body_class":"","ocean_shortcode_before_top_bar":"","ocean_shortcode_after_top_bar":"","ocean_shortcode_before_header":"","ocean_shortcode_after_header":"","ocean_has_shortcode":"","ocean_shortcode_after_title":"","ocean_shortcode_before_footer_widgets":"","ocean_shortcode_after_footer_widgets":"","ocean_shortcode_before_footer_bottom":"","ocean_shortcode_after_footer_bottom":"","ocean_display_top_bar":"default","ocean_display_header":"default","ocean_header_style":"","ocean_center_header_left_menu":"","ocean_custom_header_template":"","ocean_custom_logo":0,"ocean_custom_retina_logo":0,"ocean_custom_logo_max_width":0,"ocean_custom_logo_tablet_max_width":0,"ocean_custom_logo_mobile_max_width":0,"ocean_custom_logo_max_height":0,"ocean_custom_logo_tablet_max_height":0,"ocean_custom_logo_mobile_max_height":0,"ocean_header_custom_menu":"","ocean_menu_typo_font_family":"","ocean_menu_typo_font_subset":"","ocean_menu_typo_font_size":0,"ocean_menu_typo_font_size_tablet":0,"ocean_menu_typo_font_size_mobile":0,"ocean_menu_typo_font_size_unit":"px","ocean_menu_typo_font_weight":"","ocean_menu_typo_font_weight_tablet":"","ocean_menu_typo_font_weight_mobile":"","ocean_menu_typo_transform":"","ocean_menu_typo_transform_tablet":"","ocean_menu_typo_transform_mobile":"","ocean_menu_typo_line_height":0,"ocean_menu_typo_line_height_tablet":0,"ocean_menu_typo_line_height_mobile":0,"ocean_menu_typo_line_height_unit":"","ocean_menu_typo_spacing":0,"ocean_menu_typo_spacing_tablet":0,"ocean_menu_typo_spacing_mobile":0,"ocean_menu_typo_spacing_unit":"","ocean_menu_link_color":"","ocean_menu_link_color_hover":"","ocean_menu_link_color_active":"","ocean_menu_link_background":"","ocean_menu_link_hover_background":"","ocean_menu_link_active_background":"","ocean_menu_social_links_bg":"","ocean_menu_social_hover_links_bg":"","ocean_menu_social_links_color":"","ocean_menu_social_hover_links_color":"","ocean_disable_title":"default","ocean_disable_heading":"default","ocean_post_title":"","ocean_post_subheading":"","ocean_post_title_style":"","ocean_post_title_background_color":"","ocean_post_title_background":0,"ocean_post_title_bg_image_position":"","ocean_post_title_bg_image_attachment":"","ocean_post_title_bg_image_repeat":"","ocean_post_title_bg_image_size":"","ocean_post_title_height":0,"ocean_post_title_bg_overlay":0.5,"ocean_post_title_bg_overlay_color":"","ocean_disable_breadcrumbs":"default","ocean_breadcrumbs_color":"","ocean_breadcrumbs_separator_color":"","ocean_breadcrumbs_links_color":"","ocean_breadcrumbs_links_hover_color":"","ocean_display_footer_widgets":"default","ocean_display_footer_bottom":"default","ocean_custom_footer_template":"","_joinchat":[],"footnotes":""},"class_list":["post-7481","page","type-page","status-publish","hentry","entry"],"_links":{"self":[{"href":"https:\/\/csbc.sbc.org.br\/2026\/wp-json\/wp\/v2\/pages\/7481","targetHints":{"allow":["GET"]}}],"collection":[{"href":"https:\/\/csbc.sbc.org.br\/2026\/wp-json\/wp\/v2\/pages"}],"about":[{"href":"https:\/\/csbc.sbc.org.br\/2026\/wp-json\/wp\/v2\/types\/page"}],"author":[{"embeddable":true,"href":"https:\/\/csbc.sbc.org.br\/2026\/wp-json\/wp\/v2\/users\/8"}],"replies":[{"embeddable":true,"href":"https:\/\/csbc.sbc.org.br\/2026\/wp-json\/wp\/v2\/comments?post=7481"}],"version-history":[{"count":107,"href":"https:\/\/csbc.sbc.org.br\/2026\/wp-json\/wp\/v2\/pages\/7481\/revisions"}],"predecessor-version":[{"id":17796,"href":"https:\/\/csbc.sbc.org.br\/2026\/wp-json\/wp\/v2\/pages\/7481\/revisions\/17796"}],"wp:attachment":[{"href":"https:\/\/csbc.sbc.org.br\/2026\/wp-json\/wp\/v2\/media?parent=7481"}],"curies":[{"name":"wp","href":"https:\/\/api.w.org\/{rel}","templated":true}]}}