{"id":1482,"date":"2023-02-13T14:42:38","date_gmt":"2023-02-13T14:42:38","guid":{"rendered":"https:\/\/csbc.sbc.org.br\/2024\/?page_id=1482"},"modified":"2026-03-16T13:59:25","modified_gmt":"2026-03-16T16:59:25","slug":"local-do-evento","status":"publish","type":"page","link":"https:\/\/csbc.sbc.org.br\/2026\/local-do-evento\/","title":{"rendered":"Local do Evento"},"content":{"rendered":"\t\t<div data-elementor-type=\"wp-page\" data-elementor-id=\"1482\" class=\"elementor elementor-1482\">\n\t\t\t\t<div class=\"elementor-element elementor-element-e841749 e-flex e-con-boxed e-con e-parent\" data-id=\"e841749\" data-element_type=\"container\" data-e-type=\"container\">\n\t\t\t\t\t<div class=\"e-con-inner\">\n\t\t\t\t<div class=\"elementor-element elementor-element-b5ec113 elementor-alert-info elementor-widget elementor-widget-alert\" data-id=\"b5ec113\" data-element_type=\"widget\" data-e-type=\"widget\" data-widget_type=\"alert.default\">\n\t\t\t\t<div class=\"elementor-widget-container\">\n\t\t\t\t\t\t\t<div class=\"elementor-alert\" role=\"alert\">\n\n\t\t\t\t\t\t<span class=\"elementor-alert-title\">Reserve sua Hospedagem com Anteced\u00eancia!<\/span>\n\t\t\t\n\t\t\t\t\t\t<span class=\"elementor-alert-description\">Gramado \u00e9 um destino tur\u00edstico popular, portanto, recomendamos fortemente que voc\u00ea fa\u00e7a sua reserva de hospedagem o mais breve poss\u00edvel para garantir disponibilidade e tarifas especiais.<\/span>\n\t\t\t\n\t\t\t\t\t\t<button type=\"button\" class=\"elementor-alert-dismiss\" aria-label=\"Dispensar este alerta.\">\n\t\t\t\t\t\t\t\t\t<span aria-hidden=\"true\">&times;<\/span>\n\t\t\t\t\t\t\t<\/button>\n\t\t\t\n\t\t<\/div>\n\t\t\t\t\t\t<\/div>\n\t\t\t\t<\/div>\n\t\t\t\t\t<\/div>\n\t\t\t\t<\/div>\n\t\t<div class=\"elementor-element elementor-element-9ad62ec e-flex e-con-boxed e-con e-parent\" data-id=\"9ad62ec\" data-element_type=\"container\" data-e-type=\"container\">\n\t\t\t\t\t<div class=\"e-con-inner\">\n\t\t\t\t<div class=\"elementor-element elementor-element-3124917 elementor-widget elementor-widget-heading\" data-id=\"3124917\" data-element_type=\"widget\" data-e-type=\"widget\" data-widget_type=\"heading.default\">\n\t\t\t\t<div class=\"elementor-widget-container\">\n\t\t\t\t\t<h1 class=\"elementor-heading-title elementor-size-default\">Gramado e Serra Ga\u00facha\u200b<\/h1>\t\t\t\t<\/div>\n\t\t\t\t<\/div>\n\t\t\t\t\t<\/div>\n\t\t\t\t<\/div>\n\t\t<div class=\"elementor-element elementor-element-5edd6bd e-flex e-con-boxed e-con e-parent\" data-id=\"5edd6bd\" data-element_type=\"container\" data-e-type=\"container\">\n\t\t\t\t\t<div class=\"e-con-inner\">\n\t\t<div class=\"elementor-element elementor-element-06aae45 e-con-full e-grid e-con e-child\" data-id=\"06aae45\" data-element_type=\"container\" data-e-type=\"container\">\n\t\t\t\t<div class=\"elementor-element elementor-element-da9a3bd elementor-widget__width-initial elementor-widget elementor-widget-text-editor\" data-id=\"da9a3bd\" data-element_type=\"widget\" data-e-type=\"widget\" data-widget_type=\"text-editor.default\">\n\t\t\t\t<div class=\"elementor-widget-container\">\n\t\t\t\t\t\t\t\t\t<p style=\"text-align: left;\" data-start=\"0\" data-end=\"309\"><strong data-start=\"0\" data-end=\"27\">Situada na Serra Ga\u00facha<\/strong>, <strong data-start=\"29\" data-end=\"40\">Gramado<\/strong> \u00e9 reconhecida por sua <strong data-start=\"63\" data-end=\"80\">hospitalidade<\/strong>, <strong data-start=\"82\" data-end=\"97\">gastronomia<\/strong>, <strong data-start=\"99\" data-end=\"119\">belezas naturais<\/strong> e <strong data-start=\"122\" data-end=\"143\">tradi\u00e7\u00e3o cultural<\/strong>. A cidade conta com <strong data-start=\"166\" data-end=\"190\">ampla rede hoteleira<\/strong> e <strong data-start=\"193\" data-end=\"216\">servi\u00e7os tur\u00edsticos<\/strong>, tornando-se um cen\u00e1rio acolhedor para receber os participantes do <strong data-start=\"293\" data-end=\"306\">CSBC 2026<\/strong>. Como Gramado \u00e9 uma cidade refer\u00eancia para o turismo de inverno no Rio Grande do Sul, reserve sua hospedagem com anteced\u00eancia. Consulte a p\u00e1gina da <a href=\"https:\/\/csbc.sbc.org.br\/2026\/agencia-de-turismo-oficial\/\">Ag\u00eancia de Turismo Oficial<\/a> do CSBC 2026 para garantir taxas promocionais.<\/p><p data-start=\"311\" data-end=\"495\"><strong data-start=\"311\" data-end=\"322\">Gramado<\/strong> \u00e9 tamb\u00e9m um <strong data-start=\"335\" data-end=\"365\">polo de inova\u00e7\u00e3o e eventos<\/strong>, combinando <strong data-start=\"378\" data-end=\"399\">qualidade de vida<\/strong>, <strong data-start=\"401\" data-end=\"412\">cultura<\/strong> e <strong data-start=\"415\" data-end=\"442\">infraestrutura adequada<\/strong> para grandes encontros cient\u00edficos e tecnol\u00f3gicos.<\/p><p data-start=\"502\" data-end=\"522\">\u2708\ufe0f <strong data-start=\"505\" data-end=\"520\">Como chegar<\/strong><\/p><ul data-start=\"524\" data-end=\"933\"><li data-start=\"524\" data-end=\"674\"><p data-start=\"526\" data-end=\"674\"><strong data-start=\"526\" data-end=\"585\">Aeroporto Internacional Salgado Filho (Porto Alegre\/RS)<\/strong>: principal porta de entrada para visitantes de outras regi\u00f5es do Brasil e do exterior.<\/p><\/li><li data-start=\"675\" data-end=\"827\"><p data-start=\"677\" data-end=\"827\"><strong data-start=\"677\" data-end=\"701\">Transporte terrestre<\/strong>: Gramado fica a aproximadamente <strong data-start=\"734\" data-end=\"760\">120 km de Porto Alegre<\/strong>, com op\u00e7\u00f5es de <strong data-start=\"776\" data-end=\"786\">\u00f4nibus<\/strong>, <strong data-start=\"788\" data-end=\"796\">vans<\/strong> e <strong data-start=\"799\" data-end=\"824\">transporte particular<\/strong>.<\/p><\/li><li data-start=\"828\" data-end=\"933\"><p data-start=\"830\" data-end=\"933\"><strong data-start=\"830\" data-end=\"842\">Estradas<\/strong>: acesso pelas rodovias <strong data-start=\"866\" data-end=\"876\">BR-116<\/strong> e <strong data-start=\"879\" data-end=\"889\">RS-115<\/strong>, com <strong data-start=\"895\" data-end=\"930\">belas paisagens da Serra Ga\u00facha<\/strong>.<\/p><\/li><\/ul><p data-start=\"940\" data-end=\"982\">\ud83c\udf0d <strong data-start=\"943\" data-end=\"980\">Por que Gramado para o CSBC 2026?<\/strong><\/p><p data-start=\"984\" data-end=\"1198\"><strong data-start=\"984\" data-end=\"1034\">Gramado une tradi\u00e7\u00e3o, inova\u00e7\u00e3o e hospitalidade<\/strong>, oferecendo um ambiente inspirador para a comunidade da Computa\u00e7\u00e3o debater o tema do evento: <em><strong data-start=\"1130\" data-end=\"1196\">\u201cTransforma\u00e7\u00e3o Digital para um Mundo em Emerg\u00eancia Clim\u00e1tica\u201d.<\/strong><\/em><\/p>\t\t\t\t\t\t\t\t<\/div>\n\t\t\t\t<\/div>\n\t\t\t\t<div class=\"elementor-element elementor-element-1190b19 elementor-arrows-position-inside elementor-widget elementor-widget-image-carousel\" data-id=\"1190b19\" data-element_type=\"widget\" data-e-type=\"widget\" data-settings=\"{&quot;slides_to_show&quot;:&quot;1&quot;,&quot;navigation&quot;:&quot;arrows&quot;,&quot;effect&quot;:&quot;fade&quot;,&quot;speed&quot;:800,&quot;autoplay&quot;:&quot;yes&quot;,&quot;pause_on_hover&quot;:&quot;yes&quot;,&quot;pause_on_interaction&quot;:&quot;yes&quot;,&quot;autoplay_speed&quot;:5000,&quot;infinite&quot;:&quot;yes&quot;}\" data-widget_type=\"image-carousel.default\">\n\t\t\t\t<div class=\"elementor-widget-container\">\n\t\t\t\t\t\t\t<div class=\"elementor-image-carousel-wrapper swiper\" role=\"region\" aria-roledescription=\"carousel\" aria-label=\"Carrossel de imagens\" dir=\"ltr\">\n\t\t\t<div class=\"elementor-image-carousel swiper-wrapper swiper-image-stretch\" aria-live=\"off\">\n\t\t\t\t\t\t\t\t<div class=\"swiper-slide\" role=\"group\" aria-roledescription=\"slide\" aria-label=\"1 de 6\"><figure class=\"swiper-slide-inner\"><img decoding=\"async\" class=\"swiper-slide-image\" src=\"https:\/\/csbc.sbc.org.br\/2026\/wp-content\/uploads\/2025\/10\/gramado-rs-brasil-parque-lago-negro-na-cidade-de-gramado-rio-grande-sul-brasil-788x1024.jpg\" alt=\"Gramado, RS, Brazil: Black Lake Park in the city of Gramado, Rio Grande do Sul, Brazil.\" \/><\/figure><\/div><div class=\"swiper-slide\" role=\"group\" aria-roledescription=\"slide\" aria-label=\"2 de 6\"><figure class=\"swiper-slide-inner\"><img decoding=\"async\" class=\"swiper-slide-image\" src=\"https:\/\/csbc.sbc.org.br\/2026\/wp-content\/uploads\/2025\/10\/vista-aerea-de-gramado-rio-grande-sul-brasil-igreja-matriz-sao-pedro-784x1024.jpg\" alt=\"Aerial view of Gramado, Rio Grande do Sul, Brazil. Church Matriz S\u00e3o Pedro\" \/><\/figure><\/div><div class=\"swiper-slide\" role=\"group\" aria-roledescription=\"slide\" aria-label=\"3 de 6\"><figure class=\"swiper-slide-inner\"><img decoding=\"async\" class=\"swiper-slide-image\" src=\"https:\/\/csbc.sbc.org.br\/2026\/wp-content\/uploads\/2025\/10\/vista-aerea-lago-negro-lago-negro-e-pedal-boats-gramado-rio-grande-sul-brasil-787x1024.jpg\" alt=\"Aerial view of Lago Negro (Black Lake) and Pedal Boats - Gramado, Rio Grande do Sul, Brazil\" \/><\/figure><\/div><div class=\"swiper-slide\" role=\"group\" aria-roledescription=\"slide\" aria-label=\"4 de 6\"><figure class=\"swiper-slide-inner\"><img decoding=\"async\" class=\"swiper-slide-image\" src=\"https:\/\/csbc.sbc.org.br\/2026\/wp-content\/uploads\/2025\/10\/bijuterias-de-natal-na-famosa-rua-coberta-da-cidade-turistica-de-gramado-786x1024.jpg\" alt=\"Christmas baubles on the famous covered street in the tourist city of Gramado.\" \/><\/figure><\/div><div class=\"swiper-slide\" role=\"group\" aria-roledescription=\"slide\" aria-label=\"5 de 6\"><figure class=\"swiper-slide-inner\"><img decoding=\"async\" class=\"swiper-slide-image\" src=\"https:\/\/csbc.sbc.org.br\/2026\/wp-content\/uploads\/2025\/10\/iluminacao-noturna-da-igreja-de-sao-pedro-na-cidade-turistica-da-catedral-de-pedra-de-gramado-784x1024.jpg\" alt=\"night lighting of S\u00e3o Pedro church in the tourist city of Gramado\" \/><\/figure><\/div><div class=\"swiper-slide\" role=\"group\" aria-roledescription=\"slide\" aria-label=\"6 de 6\"><figure class=\"swiper-slide-inner\"><img decoding=\"async\" class=\"swiper-slide-image\" src=\"https:\/\/csbc.sbc.org.br\/2026\/wp-content\/uploads\/2025\/10\/parque-le-jardin-lavender-brasil-gramado-rs-788x1024.jpg\" alt=\"Le Jardin Lavender Park of Brazil, Gramado-RS.\" \/><\/figure><\/div>\t\t\t<\/div>\n\t\t\t\t\t\t\t\t\t\t\t\t<div class=\"elementor-swiper-button elementor-swiper-button-prev\" role=\"button\" tabindex=\"0\">\n\t\t\t\t\t\t<i aria-hidden=\"true\" class=\"eicon-chevron-left\"><\/i>\t\t\t\t\t<\/div>\n\t\t\t\t\t<div class=\"elementor-swiper-button elementor-swiper-button-next\" role=\"button\" tabindex=\"0\">\n\t\t\t\t\t\t<i aria-hidden=\"true\" class=\"eicon-chevron-right\"><\/i>\t\t\t\t\t<\/div>\n\t\t\t\t\n\t\t\t\t\t\t\t\t\t<\/div>\n\t\t\t\t\t\t<\/div>\n\t\t\t\t<\/div>\n\t\t\t\t<\/div>\n\t\t\t\t<div class=\"elementor-element elementor-element-c17c9ca elementor-widget__width-initial elementor-widget elementor-widget-text-editor\" data-id=\"c17c9ca\" data-element_type=\"widget\" data-e-type=\"widget\" data-widget_type=\"text-editor.default\">\n\t\t\t\t<div class=\"elementor-widget-container\">\n\t\t\t\t\t\t\t\t\t<p data-start=\"0\" data-end=\"68\">\ud83d\udca1 <strong data-start=\"3\" data-end=\"68\">Dica para aproveitar Gramado e a Serra Ga\u00facha gastando menos!<\/strong><\/p><p data-start=\"70\" data-end=\"286\">Durante sua estadia em Gramado, \u00e9 poss\u00edvel encontrar ofertas com pre\u00e7os reduzidos para restaurantes, caf\u00e9s coloniais, atra\u00e7\u00f5es tur\u00edsticas, parques tem\u00e1ticos e diversas experi\u00eancias gastron\u00f4micas e de lazer na regi\u00e3o.<\/p><p data-start=\"288\" data-end=\"387\">Alguns sites re\u00fanem promo\u00e7\u00f5es e cupons de desconto v\u00e1lidos para Gramado, Canela e cidades pr\u00f3ximas:<\/p><ul><li data-start=\"288\" data-end=\"387\"><strong data-start=\"393\" data-end=\"415\">La\u00e7ador de Ofertas:\u00a0<\/strong><a class=\"decorated-link\" href=\"https:\/\/www.lacadordeofertas.com.br\/\" target=\"_new\" rel=\"noopener\" data-start=\"418\" data-end=\"454\">https:\/\/www.lacadordeofertas.com.br\/<\/a><\/li><li data-start=\"288\" data-end=\"387\"><strong>Tch\u00ea Ofertas<\/strong>: <a href=\"https:\/\/www.tcheofertas.com.br\/\">https:\/\/www.tcheofertas.com.br\/<\/a><\/li><\/ul><p data-start=\"781\" data-end=\"932\" data-is-last-node=\"\" data-is-only-node=\"\">\u2728 Vale a pena conferir antes de sair para explorar a cidade pois muitas ofertas incluem descontos interessantes em atra\u00e7\u00f5es populares de Gramado e Canela.<\/p>\t\t\t\t\t\t\t\t<\/div>\n\t\t\t\t<\/div>\n\t\t\t\t\t<\/div>\n\t\t\t\t<\/div>\n\t\t<div class=\"elementor-element elementor-element-55576ae e-flex e-con-boxed e-con e-parent\" data-id=\"55576ae\" data-element_type=\"container\" data-e-type=\"container\" data-settings=\"{&quot;background_background&quot;:&quot;gradient&quot;}\">\n\t\t\t\t\t<div class=\"e-con-inner\">\n\t\t\t\t<div class=\"elementor-element elementor-element-5c9a57e elementor-widget__width-inherit elementor-widget elementor-widget-heading\" data-id=\"5c9a57e\" data-element_type=\"widget\" data-e-type=\"widget\" data-widget_type=\"heading.default\">\n\t\t\t\t<div class=\"elementor-widget-container\">\n\t\t\t\t\t<h2 class=\"elementor-heading-title elementor-size-default\">Onde acontecer\u00e1 o CSBC 2026<\/h2>\t\t\t\t<\/div>\n\t\t\t\t<\/div>\n\t\t\t\t<div class=\"elementor-element elementor-element-1fc0fb4 elementor-widget__width-inherit elementor-widget elementor-widget-heading\" data-id=\"1fc0fb4\" data-element_type=\"widget\" data-e-type=\"widget\" data-widget_type=\"heading.default\">\n\t\t\t\t<div class=\"elementor-widget-container\">\n\t\t\t\t\t<h2 class=\"elementor-heading-title elementor-size-default\"><a href=\"http:\/\/www.gramadotur.net.br\/expogramado\">Centro de Eventos de Gramado (ExpoGramado)<\/a><\/h2>\t\t\t\t<\/div>\n\t\t\t\t<\/div>\n\t\t\t\t<div class=\"elementor-element elementor-element-f720566 elementor-position-inline-start elementor-mobile-position-inline-start elementor-view-default elementor-widget elementor-widget-icon-box\" data-id=\"f720566\" data-element_type=\"widget\" data-e-type=\"widget\" data-widget_type=\"icon-box.default\">\n\t\t\t\t<div class=\"elementor-widget-container\">\n\t\t\t\t\t\t\t<div class=\"elementor-icon-box-wrapper\">\n\n\t\t\t\t\t\t<div class=\"elementor-icon-box-icon\">\n\t\t\t\t<span  class=\"elementor-icon\">\n\t\t\t\t<i aria-hidden=\"true\" class=\"icon icon-full-screen\"><\/i>\t\t\t\t<\/span>\n\t\t\t<\/div>\n\t\t\t\n\t\t\t\t\t\t<div class=\"elementor-icon-box-content\">\n\n\t\t\t\t\t\t\t\t\t<h3 class=\"elementor-icon-box-title\">\n\t\t\t\t\t\t<span  >\n\t\t\t\t\t\t\t10 mil m\u00b2\t\t\t\t\t\t<\/span>\n\t\t\t\t\t<\/h3>\n\t\t\t\t\n\t\t\t\t\t\t\t\t\t<p class=\"elementor-icon-box-description\">\n\t\t\t\t\t\tde \u00e1rea constu\u00edda\t\t\t\t\t<\/p>\n\t\t\t\t\n\t\t\t<\/div>\n\t\t\t\n\t\t<\/div>\n\t\t\t\t\t\t<\/div>\n\t\t\t\t<\/div>\n\t\t\t\t<div class=\"elementor-element elementor-element-186b5a5 elementor-position-inline-start elementor-mobile-position-inline-start elementor-view-default elementor-widget elementor-widget-icon-box\" data-id=\"186b5a5\" data-element_type=\"widget\" data-e-type=\"widget\" data-widget_type=\"icon-box.default\">\n\t\t\t\t<div class=\"elementor-widget-container\">\n\t\t\t\t\t\t\t<div class=\"elementor-icon-box-wrapper\">\n\n\t\t\t\t\t\t<div class=\"elementor-icon-box-icon\">\n\t\t\t\t<span  class=\"elementor-icon\">\n\t\t\t\t<i aria-hidden=\"true\" class=\"far fa-building\"><\/i>\t\t\t\t<\/span>\n\t\t\t<\/div>\n\t\t\t\n\t\t\t\t\t\t<div class=\"elementor-icon-box-content\">\n\n\t\t\t\t\t\t\t\t\t<h3 class=\"elementor-icon-box-title\">\n\t\t\t\t\t\t<span  >\n\t\t\t\t\t\t\t2 pavilh\u00f5es\t\t\t\t\t\t<\/span>\n\t\t\t\t\t<\/h3>\n\t\t\t\t\n\t\t\t\t\t\t\t\t\t<p class=\"elementor-icon-box-description\">\n\t\t\t\t\t\tflex\u00edveis\t\t\t\t\t<\/p>\n\t\t\t\t\n\t\t\t<\/div>\n\t\t\t\n\t\t<\/div>\n\t\t\t\t\t\t<\/div>\n\t\t\t\t<\/div>\n\t\t\t\t<div class=\"elementor-element elementor-element-1359115 elementor-position-inline-start elementor-mobile-position-inline-start elementor-view-default elementor-widget elementor-widget-icon-box\" data-id=\"1359115\" data-element_type=\"widget\" data-e-type=\"widget\" data-widget_type=\"icon-box.default\">\n\t\t\t\t<div class=\"elementor-widget-container\">\n\t\t\t\t\t\t\t<div class=\"elementor-icon-box-wrapper\">\n\n\t\t\t\t\t\t<div class=\"elementor-icon-box-icon\">\n\t\t\t\t<span  class=\"elementor-icon\">\n\t\t\t\t<i aria-hidden=\"true\" class=\"fas fa-users\"><\/i>\t\t\t\t<\/span>\n\t\t\t<\/div>\n\t\t\t\n\t\t\t\t\t\t<div class=\"elementor-icon-box-content\">\n\n\t\t\t\t\t\t\t\t\t<h3 class=\"elementor-icon-box-title\">\n\t\t\t\t\t\t<span  >\n\t\t\t\t\t\t\t5 mil\t\t\t\t\t\t<\/span>\n\t\t\t\t\t<\/h3>\n\t\t\t\t\n\t\t\t\t\t\t\t\t\t<p class=\"elementor-icon-box-description\">\n\t\t\t\t\t\tpessoas\t\t\t\t\t<\/p>\n\t\t\t\t\n\t\t\t<\/div>\n\t\t\t\n\t\t<\/div>\n\t\t\t\t\t\t<\/div>\n\t\t\t\t<\/div>\n\t\t\t\t<div class=\"elementor-element elementor-element-6b328cd elementor-align-center elementor-widget__width-inherit elementor-widget elementor-widget-button\" data-id=\"6b328cd\" data-element_type=\"widget\" data-e-type=\"widget\" data-widget_type=\"button.default\">\n\t\t\t\t<div class=\"elementor-widget-container\">\n\t\t\t\t\t\t\t\t\t<div class=\"elementor-button-wrapper\">\n\t\t\t\t\t<a class=\"elementor-button elementor-button-link elementor-size-sm elementor-animation-grow\" href=\"https:\/\/youtu.be\/AiNmXWmunZs\" target=\"_blank\">\n\t\t\t\t\t\t<span class=\"elementor-button-content-wrapper\">\n\t\t\t\t\t\t<span class=\"elementor-button-icon\">\n\t\t\t\t<i aria-hidden=\"true\" class=\"fas fa-external-link-alt\"><\/i>\t\t\t<\/span>\n\t\t\t\t\t\t\t\t\t<span class=\"elementor-button-text\">Confira um V\u00eddeo do Local<\/span>\n\t\t\t\t\t<\/span>\n\t\t\t\t\t<\/a>\n\t\t\t\t<\/div>\n\t\t\t\t\t\t\t\t<\/div>\n\t\t\t\t<\/div>\n\t\t\t\t\t<\/div>\n\t\t\t\t<\/div>\n\t\t<div class=\"elementor-element elementor-element-5c6e325 e-flex e-con-boxed e-con e-parent\" data-id=\"5c6e325\" data-element_type=\"container\" data-e-type=\"container\">\n\t\t\t\t\t<div class=\"e-con-inner\">\n\t\t<div class=\"elementor-element elementor-element-9678d24 e-grid e-con-full e-con e-child\" data-id=\"9678d24\" data-element_type=\"container\" data-e-type=\"container\">\n\t\t\t\t<div class=\"elementor-element elementor-element-41f127f elementor-widget elementor-widget-google_maps\" data-id=\"41f127f\" data-element_type=\"widget\" data-e-type=\"widget\" data-widget_type=\"google_maps.default\">\n\t\t\t\t<div class=\"elementor-widget-container\">\n\t\t\t\t\t\t\t<div class=\"elementor-custom-embed\">\n\t\t\t<iframe loading=\"lazy\"\n\t\t\t\t\tsrc=\"https:\/\/maps.google.com\/maps?q=expoGramado&#038;t=m&#038;z=15&#038;output=embed&#038;iwloc=near\"\n\t\t\t\t\ttitle=\"expoGramado\"\n\t\t\t\t\taria-label=\"expoGramado\"\n\t\t\t><\/iframe>\n\t\t<\/div>\n\t\t\t\t\t\t<\/div>\n\t\t\t\t<\/div>\n\t\t\t\t<div class=\"elementor-element elementor-element-bb879c9 elementor-widget__width-initial elementor-widget elementor-widget-text-editor\" data-id=\"bb879c9\" data-element_type=\"widget\" data-e-type=\"widget\" data-widget_type=\"text-editor.default\">\n\t\t\t\t<div class=\"elementor-widget-container\">\n\t\t\t\t\t\t\t\t\t<p data-start=\"0\" data-end=\"142\"><strong data-start=\"0\" data-end=\"37\">O Centro de Eventos (ExpoGramado)<\/strong> \u00e9 um dos espa\u00e7os mais completos do Sul do Brasil para a realiza\u00e7\u00e3o de congressos, feiras e semin\u00e1rios.<\/p><p data-start=\"144\" data-end=\"205\">Com <strong data-start=\"148\" data-end=\"185\">infraestrutura moderna e vers\u00e1til<\/strong>, o local oferece:<\/p><ul data-start=\"207\" data-end=\"499\" data-is-last-node=\"\" data-is-only-node=\"\"><li data-start=\"207\" data-end=\"281\"><p data-start=\"209\" data-end=\"281\"><strong data-start=\"209\" data-end=\"241\">Audit\u00f3rios e salas modulares<\/strong> equipados com tecnologia audiovisual;<\/p><\/li><li data-start=\"282\" data-end=\"331\"><p data-start=\"284\" data-end=\"331\"><strong data-start=\"284\" data-end=\"328\">\u00c1reas para estandes, exposi\u00e7\u00f5es e feiras<\/strong>;<\/p><\/li><li data-start=\"332\" data-end=\"410\"><p data-start=\"334\" data-end=\"410\"><strong data-start=\"334\" data-end=\"360\">Espa\u00e7os de conviv\u00eancia<\/strong> que estimulam a integra\u00e7\u00e3o entre participantes;<\/p><\/li><li data-start=\"411\" data-end=\"499\" data-is-last-node=\"\"><p data-start=\"413\" data-end=\"499\" data-is-last-node=\"\"><strong data-start=\"413\" data-end=\"441\">Localiza\u00e7\u00e3o privilegiada<\/strong>, pr\u00f3xima a pontos tur\u00edsticos e de f\u00e1cil acesso na cidade.<\/p><\/li><\/ul>\t\t\t\t\t\t\t\t<\/div>\n\t\t\t\t<\/div>\n\t\t\t\t<\/div>\n\t\t\t\t\t<\/div>\n\t\t\t\t<\/div>\n\t\t\t\t<\/div>\n\t\t","protected":false},"excerpt":{"rendered":"<p>Reserve sua Hospedagem com Anteced\u00eancia! Gramado \u00e9 um destino tur\u00edstico popular, portanto, recomendamos fortemente que voc\u00ea fa\u00e7a sua reserva de hospedagem o mais breve poss\u00edvel para garantir disponibilidade e tarifas especiais. &times; Gramado e Serra Ga\u00facha\u200b Situada na Serra Ga\u00facha, Gramado \u00e9 reconhecida por sua hospitalidade, gastronomia, belezas naturais e tradi\u00e7\u00e3o cultural. A cidade conta [&hellip;]<\/p>\n","protected":false},"author":8,"featured_media":0,"parent":0,"menu_order":0,"comment_status":"closed","ping_status":"closed","template":"","meta":{"ocean_post_layout":"","ocean_both_sidebars_style":"","ocean_both_sidebars_content_width":0,"ocean_both_sidebars_sidebars_width":0,"ocean_sidebar":"","ocean_second_sidebar":"","ocean_disable_margins":"enable","ocean_add_body_class":"","ocean_shortcode_before_top_bar":"","ocean_shortcode_after_top_bar":"","ocean_shortcode_before_header":"","ocean_shortcode_after_header":"","ocean_has_shortcode":"","ocean_shortcode_after_title":"","ocean_shortcode_before_footer_widgets":"","ocean_shortcode_after_footer_widgets":"","ocean_shortcode_before_footer_bottom":"","ocean_shortcode_after_footer_bottom":"","ocean_display_top_bar":"default","ocean_display_header":"default","ocean_header_style":"","ocean_center_header_left_menu":"","ocean_custom_header_template":"","ocean_custom_logo":0,"ocean_custom_retina_logo":0,"ocean_custom_logo_max_width":0,"ocean_custom_logo_tablet_max_width":0,"ocean_custom_logo_mobile_max_width":0,"ocean_custom_logo_max_height":0,"ocean_custom_logo_tablet_max_height":0,"ocean_custom_logo_mobile_max_height":0,"ocean_header_custom_menu":"","ocean_menu_typo_font_family":"","ocean_menu_typo_font_subset":"","ocean_menu_typo_font_size":0,"ocean_menu_typo_font_size_tablet":0,"ocean_menu_typo_font_size_mobile":0,"ocean_menu_typo_font_size_unit":"px","ocean_menu_typo_font_weight":"","ocean_menu_typo_font_weight_tablet":"","ocean_menu_typo_font_weight_mobile":"","ocean_menu_typo_transform":"","ocean_menu_typo_transform_tablet":"","ocean_menu_typo_transform_mobile":"","ocean_menu_typo_line_height":0,"ocean_menu_typo_line_height_tablet":0,"ocean_menu_typo_line_height_mobile":0,"ocean_menu_typo_line_height_unit":"","ocean_menu_typo_spacing":0,"ocean_menu_typo_spacing_tablet":0,"ocean_menu_typo_spacing_mobile":0,"ocean_menu_typo_spacing_unit":"","ocean_menu_link_color":"","ocean_menu_link_color_hover":"","ocean_menu_link_color_active":"","ocean_menu_link_background":"","ocean_menu_link_hover_background":"","ocean_menu_link_active_background":"","ocean_menu_social_links_bg":"","ocean_menu_social_hover_links_bg":"","ocean_menu_social_links_color":"","ocean_menu_social_hover_links_color":"","ocean_disable_title":"default","ocean_disable_heading":"default","ocean_post_title":"","ocean_post_subheading":"","ocean_post_title_style":"","ocean_post_title_background_color":"","ocean_post_title_background":0,"ocean_post_title_bg_image_position":"","ocean_post_title_bg_image_attachment":"","ocean_post_title_bg_image_repeat":"","ocean_post_title_bg_image_size":"","ocean_post_title_height":0,"ocean_post_title_bg_overlay":0.5,"ocean_post_title_bg_overlay_color":"","ocean_disable_breadcrumbs":"default","ocean_breadcrumbs_color":"","ocean_breadcrumbs_separator_color":"","ocean_breadcrumbs_links_color":"","ocean_breadcrumbs_links_hover_color":"","ocean_display_footer_widgets":"default","ocean_display_footer_bottom":"default","ocean_custom_footer_template":"","_joinchat":[],"footnotes":""},"class_list":["post-1482","page","type-page","status-publish","hentry","entry"],"_links":{"self":[{"href":"https:\/\/csbc.sbc.org.br\/2026\/wp-json\/wp\/v2\/pages\/1482","targetHints":{"allow":["GET"]}}],"collection":[{"href":"https:\/\/csbc.sbc.org.br\/2026\/wp-json\/wp\/v2\/pages"}],"about":[{"href":"https:\/\/csbc.sbc.org.br\/2026\/wp-json\/wp\/v2\/types\/page"}],"author":[{"embeddable":true,"href":"https:\/\/csbc.sbc.org.br\/2026\/wp-json\/wp\/v2\/users\/8"}],"replies":[{"embeddable":true,"href":"https:\/\/csbc.sbc.org.br\/2026\/wp-json\/wp\/v2\/comments?post=1482"}],"version-history":[{"count":164,"href":"https:\/\/csbc.sbc.org.br\/2026\/wp-json\/wp\/v2\/pages\/1482\/revisions"}],"predecessor-version":[{"id":17778,"href":"https:\/\/csbc.sbc.org.br\/2026\/wp-json\/wp\/v2\/pages\/1482\/revisions\/17778"}],"wp:attachment":[{"href":"https:\/\/csbc.sbc.org.br\/2026\/wp-json\/wp\/v2\/media?parent=1482"}],"curies":[{"name":"wp","href":"https:\/\/api.w.org\/{rel}","templated":true}]}}