{"id":16581,"date":"2025-12-03T12:43:09","date_gmt":"2025-12-03T15:43:09","guid":{"rendered":"https:\/\/csbc.sbc.org.br\/2026\/?page_id=16581"},"modified":"2026-04-07T13:24:17","modified_gmt":"2026-04-07T16:24:17","slug":"cqeb","status":"publish","type":"page","link":"https:\/\/csbc.sbc.org.br\/2026\/cqeb\/","title":{"rendered":"CQEB &#8211; Curso de Qualidade de Ensino de Computa\u00e7\u00e3o na Educa\u00e7\u00e3o B\u00e1sica"},"content":{"rendered":"\t\t<div data-elementor-type=\"wp-page\" data-elementor-id=\"16581\" class=\"elementor elementor-16581\">\n\t\t\t\t<div class=\"elementor-element elementor-element-0a3ba60 e-flex e-con-boxed e-con e-parent\" data-id=\"0a3ba60\" data-element_type=\"container\" data-e-type=\"container\">\n\t\t\t\t\t<div class=\"e-con-inner\">\n\t\t\t\t<div class=\"elementor-element elementor-element-67e0fc4 elementor-widget elementor-widget-heading\" data-id=\"67e0fc4\" data-element_type=\"widget\" data-e-type=\"widget\" data-widget_type=\"heading.default\">\n\t\t\t\t<div class=\"elementor-widget-container\">\n\t\t\t\t\t<h1 class=\"elementor-heading-title elementor-size-default\">CQEB<span style=\"font-weight:normal;line-height:1.1em\"> - 7\u00ba Curso de Qualidade de Ensino de Computa\u00e7\u00e3o na Educa\u00e7\u00e3o B\u00e1sica<\/span><\/h1>\t\t\t\t<\/div>\n\t\t\t\t<\/div>\n\t\t\t\t\t<\/div>\n\t\t\t\t<\/div>\n\t\t<div class=\"elementor-element elementor-element-ffbd95f e-con-full e-flex e-con e-parent\" data-id=\"ffbd95f\" data-element_type=\"container\" data-e-type=\"container\">\n\t\t\t\t<div class=\"elementor-element elementor-element-aeded48 elementor-widget elementor-widget-spacer\" data-id=\"aeded48\" data-element_type=\"widget\" data-e-type=\"widget\" data-widget_type=\"spacer.default\">\n\t\t\t\t<div class=\"elementor-widget-container\">\n\t\t\t\t\t\t\t<div class=\"elementor-spacer\">\n\t\t\t<div class=\"elementor-spacer-inner\"><\/div>\n\t\t<\/div>\n\t\t\t\t\t\t<\/div>\n\t\t\t\t<\/div>\n\t\t\t\t<div class=\"elementor-element elementor-element-e2c7b79 elementor-widget elementor-widget-heading\" data-id=\"e2c7b79\" data-element_type=\"widget\" data-e-type=\"widget\" data-widget_type=\"heading.default\">\n\t\t\t\t<div class=\"elementor-widget-container\">\n\t\t\t\t\t<h2 class=\"elementor-heading-title elementor-size-default\">Sobre o evento<\/h2>\t\t\t\t<\/div>\n\t\t\t\t<\/div>\n\t\t\t\t<div class=\"elementor-element elementor-element-5b6277d elementor-widget elementor-widget-text-editor\" data-id=\"5b6277d\" data-element_type=\"widget\" data-e-type=\"widget\" data-widget_type=\"text-editor.default\">\n\t\t\t\t<div class=\"elementor-widget-container\">\n\t\t\t\t\t\t\t\t\t<p>A Sociedade Brasileira de Computa\u00e7\u00e3o (SBC) entende que, para compreender e utilizar as ferramentas e tecnologias da \u00e1rea, \u00e9 indispens\u00e1vel o dom\u00ednio dos <b>fundamentos da Computa\u00e7\u00e3o<\/b>. H\u00e1 muitos anos, a SBC defende que a Computa\u00e7\u00e3o oferece conhecimentos, habilidades, ferramentas e m\u00e1quinas que tornam as pessoas mais aptas a criar e inovar em diferentes campos de atua\u00e7\u00e3o.<\/p><p>Um resultado importante dos in\u00fameros esfor\u00e7os e a\u00e7\u00f5es de diversas pessoas associadas \u00e0 SBC e da Diretoria de Computa\u00e7\u00e3o na Educa\u00e7\u00e3o B\u00e1sica foi alcan\u00e7ado em 2023: o Conselho Nacional de Educa\u00e7\u00e3o aprovou, e o Minist\u00e9rio da Educa\u00e7\u00e3o homologou, a BNCC da Computa\u00e7\u00e3o. Com isso, a Computa\u00e7\u00e3o passou a integrar as aprendizagens obrigat\u00f3rias da Educa\u00e7\u00e3o B\u00e1sica, devendo ser incorporada aos curr\u00edculos das redes de ensino conforme suas formas de organiza\u00e7\u00e3o.<\/p><p>Assim, a <b>7\u00aa edi\u00e7\u00e3o do Curso de Qualidade no Ensino de Computa\u00e7\u00e3o na Educa\u00e7\u00e3o B\u00e1sica (CQEB)<\/b>, a ser realizada no <b>dia 20 de julho de 2026 (segunda-feira)<\/b> em Gramado, no <b>Centro de Eventos de Gramado (Expogramado)<\/b>, ser\u00e1 um momento de celebra\u00e7\u00e3o, al\u00e9m de discutir in\u00fameras pautas relacionadas a esta conquista.<\/p>\t\t\t\t\t\t\t\t<\/div>\n\t\t\t\t<\/div>\n\t\t\t\t<div class=\"elementor-element elementor-element-30d7bd0 elementor-widget elementor-widget-heading\" data-id=\"30d7bd0\" data-element_type=\"widget\" data-e-type=\"widget\" data-widget_type=\"heading.default\">\n\t\t\t\t<div class=\"elementor-widget-container\">\n\t\t\t\t\t<h2 class=\"elementor-heading-title elementor-size-default\">Temas a serem discutidos:<\/h2>\t\t\t\t<\/div>\n\t\t\t\t<\/div>\n\t\t\t\t<div class=\"elementor-element elementor-element-0d84852 elementor-widget elementor-widget-text-editor\" data-id=\"0d84852\" data-element_type=\"widget\" data-e-type=\"widget\" data-widget_type=\"text-editor.default\">\n\t\t\t\t<div class=\"elementor-widget-container\">\n\t\t\t\t\t\t\t\t\t<ul><li>Computa\u00e7\u00e3o na BNCC: integra\u00e7\u00e3o e progress\u00e3o das habilidades nos eixos fundamentais<\/li><li>Experi\u00eancias de sala de aula com Computa\u00e7\u00e3o na Educa\u00e7\u00e3o B\u00e1sica<\/li><li>Intelig\u00eancia artificial em sala de aula: planejamento de atividades para o desenvolvimento de habilidades<\/li><li>Desafios e caminhos para a forma\u00e7\u00e3o de professores em Computa\u00e7\u00e3o<\/li><\/ul><p>Considera-se que o ensino de Computa\u00e7\u00e3o na Educa\u00e7\u00e3o B\u00e1sica deve ser entendido como estrat\u00e9gico para o Brasil, tanto para que sua popula\u00e7\u00e3o atinja melhores patamares de qualidade de vida, quanto do ponto de vista econ\u00f4mico, social e cient\u00edfico.<\/p><p>Desta forma, acredita-se que o tema \u00e9 de interesse e de responsabilidade de v\u00e1rias entidades. Assim, o <strong>p\u00fablico-alvo<\/strong> do evento compreende a comunidade escolar e universit\u00e1ria, das esferas p\u00fablicas e privadas, representadas principalmente pela gest\u00e3o escolar e universit\u00e1ria, coordena\u00e7\u00e3o pedag\u00f3gica, docentes em forma\u00e7\u00e3o e em servi\u00e7o na Educa\u00e7\u00e3o B\u00e1sica.<\/p>\t\t\t\t\t\t\t\t<\/div>\n\t\t\t\t<\/div>\n\t\t\t\t<div class=\"elementor-element elementor-element-6fa21de elementor-widget elementor-widget-heading\" data-id=\"6fa21de\" data-element_type=\"widget\" data-e-type=\"widget\" data-widget_type=\"heading.default\">\n\t\t\t\t<div class=\"elementor-widget-container\">\n\t\t\t\t\t<h2 class=\"elementor-heading-title elementor-size-default\">Coordena\u00e7\u00e3o<\/h2>\t\t\t\t<\/div>\n\t\t\t\t<\/div>\n\t\t\t\t<div class=\"elementor-element elementor-element-3d853fc elementor-widget elementor-widget-text-editor\" data-id=\"3d853fc\" data-element_type=\"widget\" data-e-type=\"widget\" data-widget_type=\"text-editor.default\">\n\t\t\t\t<div class=\"elementor-widget-container\">\n\t\t\t\t\t\t\t\t\t<ul><li>Amaury de Castro J\u00fanior (UFMS) &#8211; Coordenador Geral<\/li><li>Simone Costa Cavalheiro (UFPel) &#8211; Coordenadora Geral<\/li><li>Leila Ribeiro (UFRGS) &#8211; Coordenadora Local<\/li><\/ul>\t\t\t\t\t\t\t\t<\/div>\n\t\t\t\t<\/div>\n\t\t\t\t<\/div>\n\t\t<div class=\"elementor-element elementor-element-908bfd5 e-flex e-con-boxed e-con e-parent\" data-id=\"908bfd5\" data-element_type=\"container\" data-e-type=\"container\">\n\t\t\t\t\t<div class=\"e-con-inner\">\n\t\t\t\t\t<\/div>\n\t\t\t\t<\/div>\n\t\t\t\t<\/div>\n\t\t","protected":false},"excerpt":{"rendered":"<p>CQEB &#8211; 7\u00ba Curso de Qualidade de Ensino de Computa\u00e7\u00e3o na Educa\u00e7\u00e3o B\u00e1sica Sobre o evento A Sociedade Brasileira de Computa\u00e7\u00e3o (SBC) entende que, para compreender e utilizar as ferramentas e tecnologias da \u00e1rea, \u00e9 indispens\u00e1vel o dom\u00ednio dos fundamentos da Computa\u00e7\u00e3o. H\u00e1 muitos anos, a SBC defende que a Computa\u00e7\u00e3o oferece conhecimentos, habilidades, ferramentas [&hellip;]<\/p>\n","protected":false},"author":8,"featured_media":0,"parent":0,"menu_order":0,"comment_status":"closed","ping_status":"closed","template":"","meta":{"ocean_post_layout":"","ocean_both_sidebars_style":"","ocean_both_sidebars_content_width":0,"ocean_both_sidebars_sidebars_width":0,"ocean_sidebar":"","ocean_second_sidebar":"","ocean_disable_margins":"enable","ocean_add_body_class":"","ocean_shortcode_before_top_bar":"","ocean_shortcode_after_top_bar":"","ocean_shortcode_before_header":"","ocean_shortcode_after_header":"","ocean_has_shortcode":"","ocean_shortcode_after_title":"","ocean_shortcode_before_footer_widgets":"","ocean_shortcode_after_footer_widgets":"","ocean_shortcode_before_footer_bottom":"","ocean_shortcode_after_footer_bottom":"","ocean_display_top_bar":"default","ocean_display_header":"default","ocean_header_style":"","ocean_center_header_left_menu":"","ocean_custom_header_template":"","ocean_custom_logo":0,"ocean_custom_retina_logo":0,"ocean_custom_logo_max_width":0,"ocean_custom_logo_tablet_max_width":0,"ocean_custom_logo_mobile_max_width":0,"ocean_custom_logo_max_height":0,"ocean_custom_logo_tablet_max_height":0,"ocean_custom_logo_mobile_max_height":0,"ocean_header_custom_menu":"","ocean_menu_typo_font_family":"","ocean_menu_typo_font_subset":"","ocean_menu_typo_font_size":0,"ocean_menu_typo_font_size_tablet":0,"ocean_menu_typo_font_size_mobile":0,"ocean_menu_typo_font_size_unit":"px","ocean_menu_typo_font_weight":"","ocean_menu_typo_font_weight_tablet":"","ocean_menu_typo_font_weight_mobile":"","ocean_menu_typo_transform":"","ocean_menu_typo_transform_tablet":"","ocean_menu_typo_transform_mobile":"","ocean_menu_typo_line_height":0,"ocean_menu_typo_line_height_tablet":0,"ocean_menu_typo_line_height_mobile":0,"ocean_menu_typo_line_height_unit":"","ocean_menu_typo_spacing":0,"ocean_menu_typo_spacing_tablet":0,"ocean_menu_typo_spacing_mobile":0,"ocean_menu_typo_spacing_unit":"","ocean_menu_link_color":"","ocean_menu_link_color_hover":"","ocean_menu_link_color_active":"","ocean_menu_link_background":"","ocean_menu_link_hover_background":"","ocean_menu_link_active_background":"","ocean_menu_social_links_bg":"","ocean_menu_social_hover_links_bg":"","ocean_menu_social_links_color":"","ocean_menu_social_hover_links_color":"","ocean_disable_title":"default","ocean_disable_heading":"default","ocean_post_title":"","ocean_post_subheading":"","ocean_post_title_style":"","ocean_post_title_background_color":"","ocean_post_title_background":0,"ocean_post_title_bg_image_position":"","ocean_post_title_bg_image_attachment":"","ocean_post_title_bg_image_repeat":"","ocean_post_title_bg_image_size":"","ocean_post_title_height":0,"ocean_post_title_bg_overlay":0.5,"ocean_post_title_bg_overlay_color":"","ocean_disable_breadcrumbs":"default","ocean_breadcrumbs_color":"","ocean_breadcrumbs_separator_color":"","ocean_breadcrumbs_links_color":"","ocean_breadcrumbs_links_hover_color":"","ocean_display_footer_widgets":"default","ocean_display_footer_bottom":"default","ocean_custom_footer_template":"","_joinchat":[],"footnotes":""},"class_list":["post-16581","page","type-page","status-publish","hentry","entry"],"_links":{"self":[{"href":"https:\/\/csbc.sbc.org.br\/2026\/wp-json\/wp\/v2\/pages\/16581","targetHints":{"allow":["GET"]}}],"collection":[{"href":"https:\/\/csbc.sbc.org.br\/2026\/wp-json\/wp\/v2\/pages"}],"about":[{"href":"https:\/\/csbc.sbc.org.br\/2026\/wp-json\/wp\/v2\/types\/page"}],"author":[{"embeddable":true,"href":"https:\/\/csbc.sbc.org.br\/2026\/wp-json\/wp\/v2\/users\/8"}],"replies":[{"embeddable":true,"href":"https:\/\/csbc.sbc.org.br\/2026\/wp-json\/wp\/v2\/comments?post=16581"}],"version-history":[{"count":16,"href":"https:\/\/csbc.sbc.org.br\/2026\/wp-json\/wp\/v2\/pages\/16581\/revisions"}],"predecessor-version":[{"id":18009,"href":"https:\/\/csbc.sbc.org.br\/2026\/wp-json\/wp\/v2\/pages\/16581\/revisions\/18009"}],"wp:attachment":[{"href":"https:\/\/csbc.sbc.org.br\/2026\/wp-json\/wp\/v2\/media?parent=16581"}],"curies":[{"name":"wp","href":"https:\/\/api.w.org\/{rel}","templated":true}]}}