{"id":16585,"date":"2025-12-03T12:45:27","date_gmt":"2025-12-03T15:45:27","guid":{"rendered":"https:\/\/csbc.sbc.org.br\/2026\/?page_id=16585"},"modified":"2026-03-16T18:18:39","modified_gmt":"2026-03-16T21:18:39","slug":"ctic","status":"publish","type":"page","link":"https:\/\/csbc.sbc.org.br\/2026\/ctic\/","title":{"rendered":"CTIC &#8211; Concurso de Trabalhos de Inicia\u00e7\u00e3o Cient\u00edfica"},"content":{"rendered":"\t\t<div data-elementor-type=\"wp-page\" data-elementor-id=\"16585\" class=\"elementor elementor-16585\">\n\t\t\t\t<div class=\"elementor-element elementor-element-0a3ba60 e-flex e-con-boxed e-con e-parent\" data-id=\"0a3ba60\" data-element_type=\"container\" data-e-type=\"container\">\n\t\t\t\t\t<div class=\"e-con-inner\">\n\t\t\t\t<div class=\"elementor-element elementor-element-67e0fc4 elementor-widget elementor-widget-heading\" data-id=\"67e0fc4\" data-element_type=\"widget\" data-e-type=\"widget\" data-widget_type=\"heading.default\">\n\t\t\t\t<div class=\"elementor-widget-container\">\n\t\t\t\t\t<h1 class=\"elementor-heading-title elementor-size-default\">CTIC - Concurso de Trabalhos de Inicia\u00e7\u00e3o Cient\u00edfica<\/h1>\t\t\t\t<\/div>\n\t\t\t\t<\/div>\n\t\t\t\t\t<\/div>\n\t\t\t\t<\/div>\n\t\t<div class=\"elementor-element elementor-element-b3c31a1 e-flex e-con-boxed e-con e-parent\" data-id=\"b3c31a1\" data-element_type=\"container\" data-e-type=\"container\">\n\t\t\t\t\t<div class=\"e-con-inner\">\n\t\t<div class=\"elementor-element elementor-element-1c4e36f e-con-full e-flex elementor-invisible e-con e-child\" data-id=\"1c4e36f\" data-element_type=\"container\" data-e-type=\"container\" data-settings=\"{&quot;animation&quot;:&quot;fadeIn&quot;}\">\n\t\t\t\t<div class=\"elementor-element elementor-element-f0f224f elementor-widget elementor-widget-spacer\" data-id=\"f0f224f\" data-element_type=\"widget\" data-e-type=\"widget\" data-widget_type=\"spacer.default\">\n\t\t\t\t<div class=\"elementor-widget-container\">\n\t\t\t\t\t\t\t<div class=\"elementor-spacer\">\n\t\t\t<div class=\"elementor-spacer-inner\"><\/div>\n\t\t<\/div>\n\t\t\t\t\t\t<\/div>\n\t\t\t\t<\/div>\n\t\t\t\t<div class=\"elementor-element elementor-element-51c888d elementor-widget elementor-widget-heading\" data-id=\"51c888d\" data-element_type=\"widget\" data-e-type=\"widget\" data-widget_type=\"heading.default\">\n\t\t\t\t<div class=\"elementor-widget-container\">\n\t\t\t\t\t<h2 class=\"elementor-heading-title elementor-size-default\">Sobre o Evento<\/h2>\t\t\t\t<\/div>\n\t\t\t\t<\/div>\n\t\t\t\t<div class=\"elementor-element elementor-element-da5d204 elementor-widget elementor-widget-text-editor\" data-id=\"da5d204\" data-element_type=\"widget\" data-e-type=\"widget\" data-widget_type=\"text-editor.default\">\n\t\t\t\t<div class=\"elementor-widget-container\">\n\t\t\t\t\t\t\t\t\t<p dir=\"ltr\">O Concurso de Trabalhos de Inicia\u00e7\u00e3o Cient\u00edfica (CTIC) \u00e9 um evento anual da Sociedade Brasileira de Computa\u00e7\u00e3o que ocorre durante o Congresso da Sociedade Brasileira de Computa\u00e7\u00e3o (CSBC). O evento seleciona trabalhos excepcionais desenvolvidos por alunos de gradua\u00e7\u00e3o, que s\u00e3o publicados nos anais do CSBC e premiados.<\/p><p dir=\"ltr\">O CTIC objetiva estimular o desenvolvimento de trabalhos cient\u00edficos em software, hardware, microeletr\u00f4nica e \u00e1reas correlatas por alunos de cursos de gradua\u00e7\u00e3o da \u00e1rea de Computa\u00e7\u00e3o e estimulam a produzirem textos cient\u00edficos originais sobre trabalhos realizados por eles, em temas relacionados \u00e0 \u00e1rea.<\/p><p dir=\"ltr\">Podem participar do 45\u00ba CTIC estudantes matriculados ou que tenham sido diplomados ap\u00f3s 30 de julho de 2025 em Institui\u00e7\u00f5es de Ensino Superior (IES) brasileiras. A situa\u00e7\u00e3o de aluno de gradua\u00e7\u00e3o ou rec\u00e9m-graduado deve ser comprovada com documenta\u00e7\u00e3o apropriada, a qual dever\u00e1 ser enviada por meio da plataforma de submiss\u00e3o de trabalhos.<\/p><p dir=\"ltr\">No caso do trabalho ser integrante de um projeto mais amplo, o conte\u00fado do artigo deve possibilitar identificar, de forma clara, o escopo do trabalho que est\u00e1 sendo submetido, como o trabalho se relaciona \u00e0s demais atividades do projeto e quais foram efetivamente as a\u00e7\u00f5es e a contribui\u00e7\u00e3o do aluno de gradua\u00e7\u00e3o ou grupo de alunos de gradua\u00e7\u00e3o.<\/p><p dir=\"ltr\">Os trabalhos classificados em 1\u00ba, 2\u00ba. e 3\u00ba. lugares ser\u00e3o premiados e receber\u00e3o o t\u00edtulo de Melhores Trabalhos de Inicia\u00e7\u00e3o Cient\u00edfica do CTIC 2026.<\/p>\t\t\t\t\t\t\t\t<\/div>\n\t\t\t\t<\/div>\n\t\t\t\t<div class=\"elementor-element elementor-element-7adf5bd elementor-widget elementor-widget-heading\" data-id=\"7adf5bd\" data-element_type=\"widget\" data-e-type=\"widget\" data-widget_type=\"heading.default\">\n\t\t\t\t<div class=\"elementor-widget-container\">\n\t\t\t\t\t<h2 class=\"elementor-heading-title elementor-size-default\">Instru\u00e7\u00f5es de Submiss\u00e3o<\/h2>\t\t\t\t<\/div>\n\t\t\t\t<\/div>\n\t\t\t\t<div class=\"elementor-element elementor-element-44e69f5 elementor-widget elementor-widget-text-editor\" data-id=\"44e69f5\" data-element_type=\"widget\" data-e-type=\"widget\" data-widget_type=\"text-editor.default\">\n\t\t\t\t<div class=\"elementor-widget-container\">\n\t\t\t\t\t\t\t\t\t<p dir=\"ltr\">Os artigos devem ser escritos em portugu\u00eas ou ingl\u00eas e ter de 8 (oito) a 10 (dez) p\u00e1ginas, sendo aceitos somente artigos em formato PDF utilizando o template dos artigos da SBC, dispon\u00edvel em <a href=\"https:\/\/www.sbc.org.br\/documentosinstitucionais\/#publicacoes\">https:\/\/www.sbc.org.br\/documentosinstitucionais\/#publicacoes<\/a>.<\/p><p dir=\"ltr\">A submiss\u00e3o dos trabalhos ser\u00e1 exclusivamente eletr\u00f4nica, atrav\u00e9s do sistema JEMS de submiss\u00f5es de artigos da SBC, atrav\u00e9s do link: <a href=\"https:\/\/jems3.sbc.org.br\/csbc-ctic2026\">https:\/\/jems3.sbc.org.br\/csbc-ctic2026<\/a>.<\/p>\t\t\t\t\t\t\t\t<\/div>\n\t\t\t\t<\/div>\n\t\t\t\t<div class=\"elementor-element elementor-element-b606ed3 elementor-widget elementor-widget-heading\" data-id=\"b606ed3\" data-element_type=\"widget\" data-e-type=\"widget\" data-widget_type=\"heading.default\">\n\t\t\t\t<div class=\"elementor-widget-container\">\n\t\t\t\t\t<h2 class=\"elementor-heading-title elementor-size-default\">Publica\u00e7\u00e3o dos Trabalhos Aceitos<\/h2>\t\t\t\t<\/div>\n\t\t\t\t<\/div>\n\t\t\t\t<div class=\"elementor-element elementor-element-3dd60da elementor-widget elementor-widget-text-editor\" data-id=\"3dd60da\" data-element_type=\"widget\" data-e-type=\"widget\" data-widget_type=\"text-editor.default\">\n\t\t\t\t<div class=\"elementor-widget-container\">\n\t\t\t\t\t\t\t\t\t<p>Os trabalhos aceitos ser\u00e3o publicados como uma edi\u00e7\u00e3o especial da Revista Eletr\u00f4nica de Inicia\u00e7\u00e3o Cient\u00edfica em Computa\u00e7\u00e3o (REIC), ISSN 3085-8461, e indexados na SBC Open Lib, o portal de conte\u00fado da SBC. Todos os artigos ser\u00e3o indexados com DOI.<\/p>\t\t\t\t\t\t\t\t<\/div>\n\t\t\t\t<\/div>\n\t\t\t\t<div class=\"elementor-element elementor-element-400d4b8 elementor-widget elementor-widget-heading\" data-id=\"400d4b8\" data-element_type=\"widget\" data-e-type=\"widget\" data-widget_type=\"heading.default\">\n\t\t\t\t<div class=\"elementor-widget-container\">\n\t\t\t\t\t<h2 class=\"elementor-heading-title elementor-size-default\">Inscri\u00e7\u00e3o no Evento<\/h2>\t\t\t\t<\/div>\n\t\t\t\t<\/div>\n\t\t\t\t<div class=\"elementor-element elementor-element-159ac0c elementor-widget elementor-widget-text-editor\" data-id=\"159ac0c\" data-element_type=\"widget\" data-e-type=\"widget\" data-widget_type=\"text-editor.default\">\n\t\t\t\t<div class=\"elementor-widget-container\">\n\t\t\t\t\t\t\t\t\t<div><b>Aten\u00e7\u00e3o quanto \u00e0 apresenta\u00e7\u00e3o presencial: <\/b>\u00c9 importante destacar que, embora o concurso selecione diversos trabalhos de excel\u00eancia para publica\u00e7\u00e3o, a etapa de apresenta\u00e7\u00e3o oral durante o CSBC 2026, em Gramado, ser\u00e1 restrita exclusivamente aos tr\u00eas trabalhos finalistas. Somente os autores dos artigos classificados em 1\u00ba, 2\u00ba e 3\u00ba lugares ser\u00e3o convocados para expor seus resultados presencialmente e concorrer \u00e0 premia\u00e7\u00e3o final.<\/div><div>\u00a0<\/div><p dir=\"ltr\">Para participar do concurso, o autor dever\u00e1 apresentar o trabalho e estar presente durante a premia\u00e7\u00e3o. \u00c9 obrigat\u00f3rio que o estudante esteja inscrito no CSBC 2026 (em qualquer categoria) para que tenha seu artigo publicado nos anais e possa apresentar o trabalho durante o evento.<\/p><p dir=\"ltr\">Caso n\u00e3o seja identificada a inscri\u00e7\u00e3o at\u00e9 a data estabelecida no item \u201cDatas Importantes\u201d, os organizadores se reservam o direito de excluir o trabalho e convocar o pr\u00f3ximo classificado.<\/p>\t\t\t\t\t\t\t\t<\/div>\n\t\t\t\t<\/div>\n\t\t\t\t<div class=\"elementor-element elementor-element-65a65eb elementor-widget elementor-widget-heading\" data-id=\"65a65eb\" data-element_type=\"widget\" data-e-type=\"widget\" data-widget_type=\"heading.default\">\n\t\t\t\t<div class=\"elementor-widget-container\">\n\t\t\t\t\t<h2 class=\"elementor-heading-title elementor-size-default\">Datas Importantes<\/h2>\t\t\t\t<\/div>\n\t\t\t\t<\/div>\n\t\t\t\t<div class=\"elementor-element elementor-element-fc71d96 elementor-widget elementor-widget-text-editor\" data-id=\"fc71d96\" data-element_type=\"widget\" data-e-type=\"widget\" data-widget_type=\"text-editor.default\">\n\t\t\t\t<div class=\"elementor-widget-container\">\n\t\t\t\t\t\t\t\t\t<ul style=\"font-variant-ligatures: normal; font-variant-caps: normal; font-family: 'Noto Sans', sans-serif; font-size: 16px; font-style: normal; color: #000000; text-align: justify;\">\n<li style=\"font-size: 16px;\" aria-level=\"1\">Prazo para submiss\u00e3o dos trabalhos: <span style=\"color: #ff0000;\"><strong>30 de mar\u00e7o de 2026 (PRAZO FINAL)<\/strong><\/span><\/li>\n<li style=\"font-weight: 400; font-size: 16px;\" aria-level=\"1\">Divulga\u00e7\u00e3o dos resultados:&nbsp;<span style=\"font-size: 16px; font-weight: 600;\">04 de maio de 2026<\/span><\/li>\n<li style=\"font-weight: 400; font-size: 16px;\" aria-level=\"1\">Envio das vers\u00f5es finais dos artigos:&nbsp;<span style=\"font-size: 16px; font-weight: 600;\">18 de maio de 2026<\/span><\/li>\n<li style=\"font-weight: 400; font-size: 16px;\" aria-level=\"1\">Prazo de inscri\u00e7\u00e3o dos autores:&nbsp;<span style=\"font-size: 16px; font-weight: 600;\">18 de maio de 2026<\/span><\/li>\n<li style=\"font-weight: 400; font-size: 16px;\" aria-level=\"1\">CSBC 2026:&nbsp;<span style=\"font-size: 16px; font-weight: 600;\">19 a 23 de julho de 2026<\/span><\/li>\n<\/ul>\t\t\t\t\t\t\t\t<\/div>\n\t\t\t\t<\/div>\n\t\t\t\t<div class=\"elementor-element elementor-element-08f4c36 elementor-widget elementor-widget-heading\" data-id=\"08f4c36\" data-element_type=\"widget\" data-e-type=\"widget\" data-widget_type=\"heading.default\">\n\t\t\t\t<div class=\"elementor-widget-container\">\n\t\t\t\t\t<h2 class=\"elementor-heading-title elementor-size-default\">Coordena\u00e7\u00e3o<\/h2>\t\t\t\t<\/div>\n\t\t\t\t<\/div>\n\t\t\t\t<div class=\"elementor-element elementor-element-db4ab57 elementor-widget elementor-widget-text-editor\" data-id=\"db4ab57\" data-element_type=\"widget\" data-e-type=\"widget\" data-widget_type=\"text-editor.default\">\n\t\t\t\t<div class=\"elementor-widget-container\">\n\t\t\t\t\t\t\t\t\t<ul style=\"font-variant-ligatures: normal; font-variant-caps: normal; font-family: 'Noto Sans', sans-serif; font-size: 16px; font-style: normal; font-weight: 400; color: #000000; text-align: justify;\"><li style=\"font-size: 16px;\" aria-level=\"1\"><p dir=\"ltr\">Elvys Soares\u00a0 (IFAL) &#8211; Coordenador Geral<\/p><\/li><li style=\"font-size: 16px;\" aria-level=\"1\"><p dir=\"ltr\">Claudio Jung (UFRGS) &#8211; Coordenador Local<\/p><\/li><\/ul>\t\t\t\t\t\t\t\t<\/div>\n\t\t\t\t<\/div>\n\t\t\t\t<div class=\"elementor-element elementor-element-63ff0ea elementor-widget elementor-widget-heading\" data-id=\"63ff0ea\" data-element_type=\"widget\" data-e-type=\"widget\" data-widget_type=\"heading.default\">\n\t\t\t\t<div class=\"elementor-widget-container\">\n\t\t\t\t\t<h2 class=\"elementor-heading-title elementor-size-default\">Comit\u00ea de Programa<\/h2>\t\t\t\t<\/div>\n\t\t\t\t<\/div>\n\t\t\t\t<div class=\"elementor-element elementor-element-40bed21 elementor-widget elementor-widget-text-editor\" data-id=\"40bed21\" data-element_type=\"widget\" data-e-type=\"widget\" data-widget_type=\"text-editor.default\">\n\t\t\t\t<div class=\"elementor-widget-container\">\n\t\t\t\t\t\t\t\t\t<p>Em constru\u00e7\u00e3o.<\/p>\t\t\t\t\t\t\t\t<\/div>\n\t\t\t\t<\/div>\n\t\t\t\t<\/div>\n\t\t\t\t\t<\/div>\n\t\t\t\t<\/div>\n\t\t\t\t<\/div>\n\t\t","protected":false},"excerpt":{"rendered":"<p>CTIC &#8211; Concurso de Trabalhos de Inicia\u00e7\u00e3o Cient\u00edfica Sobre o Evento O Concurso de Trabalhos de Inicia\u00e7\u00e3o Cient\u00edfica (CTIC) \u00e9 um evento anual da Sociedade Brasileira de Computa\u00e7\u00e3o que ocorre durante o Congresso da Sociedade Brasileira de Computa\u00e7\u00e3o (CSBC). O evento seleciona trabalhos excepcionais desenvolvidos por alunos de gradua\u00e7\u00e3o, que s\u00e3o publicados nos anais do [&hellip;]<\/p>\n","protected":false},"author":8,"featured_media":0,"parent":0,"menu_order":0,"comment_status":"closed","ping_status":"closed","template":"","meta":{"ocean_post_layout":"","ocean_both_sidebars_style":"","ocean_both_sidebars_content_width":0,"ocean_both_sidebars_sidebars_width":0,"ocean_sidebar":"","ocean_second_sidebar":"","ocean_disable_margins":"enable","ocean_add_body_class":"","ocean_shortcode_before_top_bar":"","ocean_shortcode_after_top_bar":"","ocean_shortcode_before_header":"","ocean_shortcode_after_header":"","ocean_has_shortcode":"","ocean_shortcode_after_title":"","ocean_shortcode_before_footer_widgets":"","ocean_shortcode_after_footer_widgets":"","ocean_shortcode_before_footer_bottom":"","ocean_shortcode_after_footer_bottom":"","ocean_display_top_bar":"default","ocean_display_header":"default","ocean_header_style":"","ocean_center_header_left_menu":"","ocean_custom_header_template":"","ocean_custom_logo":0,"ocean_custom_retina_logo":0,"ocean_custom_logo_max_width":0,"ocean_custom_logo_tablet_max_width":0,"ocean_custom_logo_mobile_max_width":0,"ocean_custom_logo_max_height":0,"ocean_custom_logo_tablet_max_height":0,"ocean_custom_logo_mobile_max_height":0,"ocean_header_custom_menu":"","ocean_menu_typo_font_family":"","ocean_menu_typo_font_subset":"","ocean_menu_typo_font_size":0,"ocean_menu_typo_font_size_tablet":0,"ocean_menu_typo_font_size_mobile":0,"ocean_menu_typo_font_size_unit":"px","ocean_menu_typo_font_weight":"","ocean_menu_typo_font_weight_tablet":"","ocean_menu_typo_font_weight_mobile":"","ocean_menu_typo_transform":"","ocean_menu_typo_transform_tablet":"","ocean_menu_typo_transform_mobile":"","ocean_menu_typo_line_height":0,"ocean_menu_typo_line_height_tablet":0,"ocean_menu_typo_line_height_mobile":0,"ocean_menu_typo_line_height_unit":"","ocean_menu_typo_spacing":0,"ocean_menu_typo_spacing_tablet":0,"ocean_menu_typo_spacing_mobile":0,"ocean_menu_typo_spacing_unit":"","ocean_menu_link_color":"","ocean_menu_link_color_hover":"","ocean_menu_link_color_active":"","ocean_menu_link_background":"","ocean_menu_link_hover_background":"","ocean_menu_link_active_background":"","ocean_menu_social_links_bg":"","ocean_menu_social_hover_links_bg":"","ocean_menu_social_links_color":"","ocean_menu_social_hover_links_color":"","ocean_disable_title":"default","ocean_disable_heading":"default","ocean_post_title":"","ocean_post_subheading":"","ocean_post_title_style":"","ocean_post_title_background_color":"","ocean_post_title_background":0,"ocean_post_title_bg_image_position":"","ocean_post_title_bg_image_attachment":"","ocean_post_title_bg_image_repeat":"","ocean_post_title_bg_image_size":"","ocean_post_title_height":0,"ocean_post_title_bg_overlay":0.5,"ocean_post_title_bg_overlay_color":"","ocean_disable_breadcrumbs":"default","ocean_breadcrumbs_color":"","ocean_breadcrumbs_separator_color":"","ocean_breadcrumbs_links_color":"","ocean_breadcrumbs_links_hover_color":"","ocean_display_footer_widgets":"default","ocean_display_footer_bottom":"default","ocean_custom_footer_template":"","_joinchat":[],"footnotes":""},"class_list":["post-16585","page","type-page","status-publish","hentry","entry"],"_links":{"self":[{"href":"https:\/\/csbc.sbc.org.br\/2026\/wp-json\/wp\/v2\/pages\/16585","targetHints":{"allow":["GET"]}}],"collection":[{"href":"https:\/\/csbc.sbc.org.br\/2026\/wp-json\/wp\/v2\/pages"}],"about":[{"href":"https:\/\/csbc.sbc.org.br\/2026\/wp-json\/wp\/v2\/types\/page"}],"author":[{"embeddable":true,"href":"https:\/\/csbc.sbc.org.br\/2026\/wp-json\/wp\/v2\/users\/8"}],"replies":[{"embeddable":true,"href":"https:\/\/csbc.sbc.org.br\/2026\/wp-json\/wp\/v2\/comments?post=16585"}],"version-history":[{"count":19,"href":"https:\/\/csbc.sbc.org.br\/2026\/wp-json\/wp\/v2\/pages\/16585\/revisions"}],"predecessor-version":[{"id":17781,"href":"https:\/\/csbc.sbc.org.br\/2026\/wp-json\/wp\/v2\/pages\/16585\/revisions\/17781"}],"wp:attachment":[{"href":"https:\/\/csbc.sbc.org.br\/2026\/wp-json\/wp\/v2\/media?parent=16585"}],"curies":[{"name":"wp","href":"https:\/\/api.w.org\/{rel}","templated":true}]}}