{"id":16610,"date":"2025-12-03T14:39:20","date_gmt":"2025-12-03T17:39:20","guid":{"rendered":"https:\/\/csbc.sbc.org.br\/2026\/?page_id=16610"},"modified":"2026-03-02T13:47:23","modified_gmt":"2026-03-02T16:47:23","slug":"wei","status":"publish","type":"page","link":"https:\/\/csbc.sbc.org.br\/2026\/wei\/","title":{"rendered":"WEI &#8211; Workshop sobre Educa\u00e7\u00e3o em Computa\u00e7\u00e3o"},"content":{"rendered":"\t\t<div data-elementor-type=\"wp-page\" data-elementor-id=\"16610\" class=\"elementor elementor-16610\">\n\t\t\t\t<div class=\"elementor-element elementor-element-0a3ba60 e-flex e-con-boxed e-con e-parent\" data-id=\"0a3ba60\" data-element_type=\"container\" data-e-type=\"container\">\n\t\t\t\t\t<div class=\"e-con-inner\">\n\t\t\t\t<div class=\"elementor-element elementor-element-67e0fc4 elementor-widget elementor-widget-heading\" data-id=\"67e0fc4\" data-element_type=\"widget\" data-e-type=\"widget\" data-widget_type=\"heading.default\">\n\t\t\t\t<div class=\"elementor-widget-container\">\n\t\t\t\t\t<h1 class=\"elementor-heading-title elementor-size-default\">WEI<span style=\"font-weight:normal;line-height:1.1em\"> - 34\u00ba Workshop sobre Educa\u00e7\u00e3o em Computa\u00e7\u00e3o<\/span><\/h1>\t\t\t\t<\/div>\n\t\t\t\t<\/div>\n\t\t\t\t\t<\/div>\n\t\t\t\t<\/div>\n\t\t<div class=\"elementor-element elementor-element-e62f59d e-flex e-con-boxed e-con e-parent\" data-id=\"e62f59d\" data-element_type=\"container\" data-e-type=\"container\">\n\t\t\t\t\t<div class=\"e-con-inner\">\n\t\t<div class=\"elementor-element elementor-element-e6be104 e-con-full e-flex elementor-invisible e-con e-child\" data-id=\"e6be104\" data-element_type=\"container\" data-e-type=\"container\" data-settings=\"{&quot;animation&quot;:&quot;fadeIn&quot;}\">\n\t\t\t\t<div class=\"elementor-element elementor-element-3a71833 elementor-widget elementor-widget-spacer\" data-id=\"3a71833\" data-element_type=\"widget\" data-e-type=\"widget\" data-widget_type=\"spacer.default\">\n\t\t\t\t<div class=\"elementor-widget-container\">\n\t\t\t\t\t\t\t<div class=\"elementor-spacer\">\n\t\t\t<div class=\"elementor-spacer-inner\"><\/div>\n\t\t<\/div>\n\t\t\t\t\t\t<\/div>\n\t\t\t\t<\/div>\n\t\t\t\t<div class=\"elementor-element elementor-element-b56e552 elementor-widget elementor-widget-heading\" data-id=\"b56e552\" data-element_type=\"widget\" data-e-type=\"widget\" data-widget_type=\"heading.default\">\n\t\t\t\t<div class=\"elementor-widget-container\">\n\t\t\t\t\t<h2 class=\"elementor-heading-title elementor-size-default\">Sobre o evento<\/h2>\t\t\t\t<\/div>\n\t\t\t\t<\/div>\n\t\t\t\t<div class=\"elementor-element elementor-element-50bb81c elementor-widget elementor-widget-text-editor\" data-id=\"50bb81c\" data-element_type=\"widget\" data-e-type=\"widget\" data-widget_type=\"text-editor.default\">\n\t\t\t\t<div class=\"elementor-widget-container\">\n\t\t\t\t\t\t\t\t\t<p>O WEI 2026 \u00e9 a 34\u00aa edi\u00e7\u00e3o do Workshop sobre Educa\u00e7\u00e3o em Computa\u00e7\u00e3o (WEI), que \u00e9 realizado, anualmente, pela Sociedade Brasileira de Computa\u00e7\u00e3o (SBC), com o objetivo de ser um f\u00f3rum de debates sobre diferentes temas relacionados ao ensino e aprendizagem de Computa\u00e7\u00e3o. \u00c9 um evento base do Congresso da Sociedade Brasileira de Computa\u00e7\u00e3o (CSBC), realizado pela Comiss\u00e3o de Educa\u00e7\u00e3o e pela Comiss\u00e3o de Educa\u00e7\u00e3o B\u00e1sica da SBC.<\/p><p>Desde a sua primeira edi\u00e7\u00e3o, realizada em 1993, o WEI tem fomentado a divulga\u00e7\u00e3o de trabalhos sobre a Educa\u00e7\u00e3o de Computa\u00e7\u00e3o, bem como a discuss\u00e3o e o debate de pol\u00edticas e diretrizes para os cursos de Computa\u00e7\u00e3o. Al\u00e9m das apresenta\u00e7\u00f5es de artigos, o WEI tamb\u00e9m promove palestras e pain\u00e9is que discutem experi\u00eancias e tend\u00eancias em Educa\u00e7\u00e3o em Computa\u00e7\u00e3o no contexto nacional e internacional. Este ano, a programa\u00e7\u00e3o do WEI estar\u00e1 alinhada aos Grandes Desafios da Educa\u00e7\u00e3o em Computa\u00e7\u00e3o discutidos pela comunidade em 2025 e publicados pela SBC: resumo executivo (<a href=\"https:\/\/doi.org\/10.5753\/sbc.16325.4\" target=\"_blank\" rel=\"noopener\">https:\/\/doi.org\/10.5753\/sbc.16325.4<\/a>), os grandes desafios propostos (<a href=\"https:\/\/books-sol.sbc.org.br\/index.php\/sbc\/catalog\/book\/186\" target=\"_blank\" rel=\"noopener\">https:\/\/books-sol.sbc.org.br\/index.php\/sbc\/catalog\/book\/186<\/a>) e a an\u00e1lise dos grandes desafios (<a href=\"https:\/\/doi.org\/10.5753\/sbc.17542.1\" target=\"_blank\" rel=\"noopener\">https:\/\/doi.org\/10.5753\/sbc.17542.1<\/a>).<\/p><p>O WEI \u00e9 um importante f\u00f3rum para pessoas envolvidas na coordena\u00e7\u00e3o de cursos de gradua\u00e7\u00e3o e p\u00f3s-gradua\u00e7\u00e3o, dire\u00e7\u00e3o e coordena\u00e7\u00e3o pedag\u00f3gica da educa\u00e7\u00e3o b\u00e1sica, docentes e estudantes de licenciaturas, profissionais da ind\u00fastria, e qualquer pessoa com interesse em discutir suas experi\u00eancias e necessidades para promover a melhoria da educa\u00e7\u00e3o e da forma\u00e7\u00e3o em Computa\u00e7\u00e3o.<\/p>\t\t\t\t\t\t\t\t<\/div>\n\t\t\t\t<\/div>\n\t\t\t\t<div class=\"elementor-element elementor-element-25f0754 elementor-widget elementor-widget-heading\" data-id=\"25f0754\" data-element_type=\"widget\" data-e-type=\"widget\" data-widget_type=\"heading.default\">\n\t\t\t\t<div class=\"elementor-widget-container\">\n\t\t\t\t\t<h2 class=\"elementor-heading-title elementor-size-default\">T\u00f3picos de Interesse<\/h2>\t\t\t\t<\/div>\n\t\t\t\t<\/div>\n\t\t\t\t<div class=\"elementor-element elementor-element-f6a4cfd elementor-widget elementor-widget-text-editor\" data-id=\"f6a4cfd\" data-element_type=\"widget\" data-e-type=\"widget\" data-widget_type=\"text-editor.default\">\n\t\t\t\t<div class=\"elementor-widget-container\">\n\t\t\t\t\t\t\t\t\t<p>Estudantes, docentes e pessoas que desenvolvem pesquisas em Educa\u00e7\u00e3o em Computa\u00e7\u00e3o s\u00e3o convidadas a submeterem artigos t\u00e9cnico-cient\u00edficos apresentando os resultados de suas pesquisas e experi\u00eancias sobre o ensino-aprendizagem de Computa\u00e7\u00e3o.<\/p><p>Os t\u00f3picos de interesse do WEI 2026 incluem:<\/p><ul><li>Abordagens multi, inter e transdisciplinares de Educa\u00e7\u00e3o em Computa\u00e7\u00e3o<\/li><li>Atividades extracurriculares (projetos de extens\u00e3o, PET, PIBID) em cursos de Computa\u00e7\u00e3o<\/li><li>Computa\u00e7\u00e3o na Educa\u00e7\u00e3o B\u00e1sica<\/li><li>Desenvolvimento de recursos pedag\u00f3gicos<\/li><li>Desenvolvimento e avalia\u00e7\u00e3o de soft skills nos cursos de Computa\u00e7\u00e3o<\/li><li>Educa\u00e7\u00e3o on-line\/a dist\u00e2ncia na \u00e1rea de Computa\u00e7\u00e3o<\/li><li>Expectativa do mercado\/sociedade e perfil de profissional com forma\u00e7\u00e3o em Computa\u00e7\u00e3o<\/li><li>Ferramentas de aux\u00edlio ao ensino-aprendizagem de Computa\u00e7\u00e3o<\/li><li>Forma\u00e7\u00e3o de docentes para a \u00e1rea de Computa\u00e7\u00e3o<\/li><li>Inclus\u00e3o, Diversidade, Equidade e Acessibilidade na educa\u00e7\u00e3o em Computa\u00e7\u00e3o<\/li><li>Intelig\u00eancia artificial na educa\u00e7\u00e3o em Computa\u00e7\u00e3o<\/li><li>Integra\u00e7\u00e3o academia-ind\u00fastria<\/li><li>Learning analytics em Educa\u00e7\u00e3o de Computa\u00e7\u00e3o<\/li><li>Metodologias de ensino e avalia\u00e7\u00e3o de aprendizagem de Computa\u00e7\u00e3o<\/li><li>Modelos de monitoria e apoio discente em disciplinas de gradua\u00e7\u00e3o em Computa\u00e7\u00e3o<\/li><li>Pensamento computacional<\/li><li>Projetos pedag\u00f3gicos e diretrizes curriculares de Computa\u00e7\u00e3o<\/li><\/ul><p>Os trabalhos submetidos podem ser de tr\u00eas tipos:<\/p><ul><li>Artigos de Pesquisa: apresentam resultados parciais ou conclusivos de pesquisa, articulando teoria e pr\u00e1tica, resultados experimentais originais a partir da utiliza\u00e7\u00e3o de metodologias cient\u00edficas (por exemplo, estudos de caso, pesquisa-a\u00e7\u00e3o, experimento controlado, surveys, entre outros) e outras contribui\u00e7\u00f5es para a pesquisa na \u00e1rea de Educa\u00e7\u00e3o em Computa\u00e7\u00e3o.<\/li><li>Artigos com Relatos de Experi\u00eancia: descrevem iniciativas pr\u00e1ticas de interven\u00e7\u00e3o, curso ou experi\u00eancia de ensino, ou de aprendizagem com reflex\u00e3o te\u00f3rico-cr\u00edtica que permita a reprodu\u00e7\u00e3o da experi\u00eancia em outros tempos e espa\u00e7os;<\/li><li>Ensaios: apresentam argumenta\u00e7\u00e3o de natureza cr\u00edtico-reflexiva, buscando originalidade e profundidade no enfoque, sem, contudo, explorar o tema de forma exaustiva. T\u00eam o prop\u00f3sito de expor ideias e pontos de vista da pessoa autora sobre determinado tema, revisar e analisar assuntos e interpreta\u00e7\u00f5es e debater ideias e opini\u00f5es, por meio de pesquisa bibliogr\u00e1fica ou evid\u00eancias emp\u00edricas.<\/li><\/ul>\t\t\t\t\t\t\t\t<\/div>\n\t\t\t\t<\/div>\n\t\t\t\t<div class=\"elementor-element elementor-element-2d64b0d elementor-widget elementor-widget-heading\" data-id=\"2d64b0d\" data-element_type=\"widget\" data-e-type=\"widget\" data-widget_type=\"heading.default\">\n\t\t\t\t<div class=\"elementor-widget-container\">\n\t\t\t\t\t<h2 class=\"elementor-heading-title elementor-size-default\">Instru\u00e7\u00f5es de Submiss\u00e3o<\/h2>\t\t\t\t<\/div>\n\t\t\t\t<\/div>\n\t\t\t\t<div class=\"elementor-element elementor-element-0b93fd4 elementor-widget elementor-widget-text-editor\" data-id=\"0b93fd4\" data-element_type=\"widget\" data-e-type=\"widget\" data-widget_type=\"text-editor.default\">\n\t\t\t\t<div class=\"elementor-widget-container\">\n\t\t\t\t\t\t\t\t\t<p>Os artigos dever\u00e3o ser escritos em portugu\u00eas ou ingl\u00eas, seguindo o modelo para artigos publicados em anais de eventos da SBC OpenLib, dispon\u00edvel em<a href=\"https:\/\/www.sbc.org.br\/documentosinstitucionais\/#publicacoes\" target=\"_blank\" rel=\"noopener\"> https:\/\/www.sbc.org.br\/documentosinstitucionais\/#publicacoes<\/a>. Em atendimento ao <a href=\"https:\/\/sol.sbc.org.br\/index.php\/indice\/conduta\">C\u00f3digo de Conduta para autores da SBC<\/a>, \u201co uso de ferramentas de Intelig\u00eancia Artificial (IA) Generativa na escrita e\/ou revis\u00e3o do conte\u00fado de artigos deve ser declarada explicitamente no trabalho\u201d. As pessoas autoras devem \u201clistar as ferramentas e descrever onde foram empregadas, por exemplo, textos, tabelas, gr\u00e1ficos, cita\u00e7\u00f5es, etc. Essas ferramentas n\u00e3o podem ser listadas como autores de um artigo. O uso de tais ferramentas n\u00e3o exime os autores da responsabilidade sobre todo o seu conte\u00fado, inclusive no caso de ser identificado pl\u00e1gio\u201d. Nas submiss\u00f5es ao WEI, esta declara\u00e7\u00e3o deve ser feita em uma se\u00e7\u00e3o ao final do artigo, com o t\u00edtulo de \u201cDeclara\u00e7\u00e3o sobre uso de Intelig\u00eancia Artificial\u201d. Em casos de tais ferramentas n\u00e3o terem sido usadas, isso deve ser declarado nesta mesma se\u00e7\u00e3o.<\/p><p>Os artigos devem conter no <strong>m\u00ednimo 06<\/strong> e no <strong>m\u00e1ximo 10 p\u00e1ginas<\/strong>, sem contabilizar a se\u00e7\u00e3o sobre o uso de IA nem as p\u00e1ginas com refer\u00eancias. Os artigos n\u00e3o s\u00e3o an\u00f4nimos, portanto os nomes das pessoas autoras devem ser inclu\u00eddos.<\/p><p>As submiss\u00f5es devem ser realizadas eletronicamente atrav\u00e9s do sistema JEMS3, em PDF, no link <a href=\"https:\/\/jems3.sbc.org.br\/csbc-wei2026\" target=\"_blank\" rel=\"noopener\">https:\/\/jems3.sbc.org.br\/csbc-wei2026<\/a>.<\/p><p>Todos os artigos submetidos ser\u00e3o avaliados por pelo menos dois integrantes do Comit\u00ea de Programa e ser\u00e3o julgados em termos de contextualiza\u00e7\u00e3o, fundamenta\u00e7\u00e3o te\u00f3rica e metodol\u00f3gica, qualidade t\u00e9cnica e qualidade de apresenta\u00e7\u00e3o.<\/p><p>Artigos ser\u00e3o rejeitados sem revis\u00e3o (rejei\u00e7\u00e3o de mesa) se n\u00e3o estiverem em conformidade com o formato exigido ou n\u00e3o se enquadrarem em Educa\u00e7\u00e3o em Computa\u00e7\u00e3o (ou seja, n\u00e3o se adequarem ao tema do evento).<\/p>\t\t\t\t\t\t\t\t<\/div>\n\t\t\t\t<\/div>\n\t\t\t\t<div class=\"elementor-element elementor-element-77ed197 elementor-widget elementor-widget-heading\" data-id=\"77ed197\" data-element_type=\"widget\" data-e-type=\"widget\" data-widget_type=\"heading.default\">\n\t\t\t\t<div class=\"elementor-widget-container\">\n\t\t\t\t\t<h2 class=\"elementor-heading-title elementor-size-default\">Apresenta\u00e7\u00e3o e Publica\u00e7\u00e3o dos Trabalhos<\/h2>\t\t\t\t<\/div>\n\t\t\t\t<\/div>\n\t\t\t\t<div class=\"elementor-element elementor-element-d429abd elementor-widget elementor-widget-text-editor\" data-id=\"d429abd\" data-element_type=\"widget\" data-e-type=\"widget\" data-widget_type=\"text-editor.default\">\n\t\t\t\t<div class=\"elementor-widget-container\">\n\t\t\t\t\t\t\t\t\t<p>Os artigos aceitos ser\u00e3o publicados na SBC Open Lib, a biblioteca digital da SBC, na s\u00e9rie Anais do Workshop sobre Educa\u00e7\u00e3o em Computa\u00e7\u00e3o (WEI), ISSN 2595-6175, dispon\u00edvel em <a href=\"https:\/\/sol.sbc.org.br\/index.php\/wei\/issue\/archive\" target=\"_blank\" rel=\"noopener\">https:\/\/sol.sbc.org.br\/index.php\/wei\/issue\/archive<\/a>. Todos os artigos ser\u00e3o indexados com DOI. A vers\u00e3o final dos artigos deve atender \u00e0s diretrizes de acessibilidade, especificadas nos modelos dispon\u00edveis neste link: <a href=\"https:\/\/csbc.sbc.org.br\/2026\/wp-content\/uploads\/2026\/01\/WEI-Modelos-Acessibilidade.zip\">WEI-Modelos-Acessibilidade<\/a>. Estes modelos foram desenvolvidos pela Comiss\u00e3o de Acessibilidade do IHC (Carolina Sacramento, Kamila Rodrigues, Rodrigo Oliveira e Let\u00edcia Cardoso Awawdeh). Maiores orienta\u00e7\u00f5es de acessibilidade podem ser consultadas no site do IHC 2025: <a href=\"https:\/\/ihc.sbc.org.br\/2025\/index.php\/recursos\/\" target=\"_blank\" rel=\"noopener\">https:\/\/ihc.sbc.org.br\/2025\/index.php\/recursos\/<\/a>.<\/p><p>Na edi\u00e7\u00e3o de 2026, as apresenta\u00e7\u00f5es dos artigos no WEI ser\u00e3o organizadas em dois formatos. O principal formato consiste em sess\u00f5es de <em>lightning talks<\/em>, ou seja, apresenta\u00e7\u00f5es curtas de 3 minutos, para despertar o interesse do p\u00fablico para os t\u00f3picos abordados em cada trabalho de uma maneira din\u00e2mica. Em cada sess\u00e3o, ap\u00f3s a apresenta\u00e7\u00e3o de um grupo de artigos, o p\u00fablico ser\u00e1 convidado a se dividir em grupos de acordo com seus interesses e os t\u00f3picos apresentados, para discuss\u00e3o dos trabalhos. O segundo formato \u00e9 uma sess\u00e3o para apresenta\u00e7\u00e3o dos artigos destaque, em que cada artigo contar\u00e1 com 10 minutos para apresenta\u00e7\u00e3o e 5 minutos para perguntas do p\u00fablico.<\/p>\t\t\t\t\t\t\t\t<\/div>\n\t\t\t\t<\/div>\n\t\t\t\t<div class=\"elementor-element elementor-element-187cd3d elementor-widget elementor-widget-heading\" data-id=\"187cd3d\" data-element_type=\"widget\" data-e-type=\"widget\" data-widget_type=\"heading.default\">\n\t\t\t\t<div class=\"elementor-widget-container\">\n\t\t\t\t\t<h2 class=\"elementor-heading-title elementor-size-default\">Datas Importantes<\/h2>\t\t\t\t<\/div>\n\t\t\t\t<\/div>\n\t\t\t\t<div class=\"elementor-element elementor-element-33819d5 elementor-widget elementor-widget-text-editor\" data-id=\"33819d5\" data-element_type=\"widget\" data-e-type=\"widget\" data-widget_type=\"text-editor.default\">\n\t\t\t\t<div class=\"elementor-widget-container\">\n\t\t\t\t\t\t\t\t\t<ul style=\"font-variant-ligatures: normal; font-variant-caps: normal; font-family: 'Noto Sans', sans-serif; font-size: 16px; font-style: normal; font-weight: 400; color: #000000; text-align: justify;\">\n \t<li aria-level=\"1\">Prazo para submiss\u00e3o dos trabalhos:<span style=\"color: #ff0000;\">\u00a0<span style=\"font-size: 16px; font-weight: 600;\">16 de mar\u00e7o de 2026 (NOVA DATA)<\/span><\/span><\/li>\n \t<li aria-level=\"1\">Divulga\u00e7\u00e3o dos resultados: <strong>04\/05\/2026<\/strong><\/li>\n \t<li aria-level=\"1\">Envio das vers\u00f5es finais dos artigos: <strong>18\/05\/2026<\/strong><\/li>\n \t<li aria-level=\"1\">Prazo de inscri\u00e7\u00e3o das pessoas autoras: <strong>18\/05\/2026<\/strong><\/li>\n<\/ul>\t\t\t\t\t\t\t\t<\/div>\n\t\t\t\t<\/div>\n\t\t\t\t<div class=\"elementor-element elementor-element-77af240 elementor-widget elementor-widget-heading\" data-id=\"77af240\" data-element_type=\"widget\" data-e-type=\"widget\" data-widget_type=\"heading.default\">\n\t\t\t\t<div class=\"elementor-widget-container\">\n\t\t\t\t\t<h2 class=\"elementor-heading-title elementor-size-default\">Inscri\u00e7\u00f5es<\/h2>\t\t\t\t<\/div>\n\t\t\t\t<\/div>\n\t\t\t\t<div class=\"elementor-element elementor-element-cc5b1cd elementor-widget elementor-widget-text-editor\" data-id=\"cc5b1cd\" data-element_type=\"widget\" data-e-type=\"widget\" data-widget_type=\"text-editor.default\">\n\t\t\t\t<div class=\"elementor-widget-container\">\n\t\t\t\t\t\t\t\t\t<p>A inscri\u00e7\u00e3o pagante de, no m\u00ednimo, uma pessoa autora por artigo, INDEPENDENTE DA CATEGORIA, \u00e9 obrigat\u00f3ria para publica\u00e7\u00e3o do artigo na SBC OpenLib (biblioteca digital da SBC). Pessoas com mais de um artigo aprovado em qualquer evento do CSBC poder\u00e3o realizar o pagamento de uma \u00fanica inscri\u00e7\u00e3o, acrescida de uma \u201cTaxa de Publica\u00e7\u00e3o e Apresenta\u00e7\u00e3o\u201d por artigo adicional.<\/p>\t\t\t\t\t\t\t\t<\/div>\n\t\t\t\t<\/div>\n\t\t\t\t<div class=\"elementor-element elementor-element-5ae266a elementor-widget elementor-widget-heading\" data-id=\"5ae266a\" data-element_type=\"widget\" data-e-type=\"widget\" data-widget_type=\"heading.default\">\n\t\t\t\t<div class=\"elementor-widget-container\">\n\t\t\t\t\t<h2 class=\"elementor-heading-title elementor-size-default\">Coordena\u00e7\u00e3o<\/h2>\t\t\t\t<\/div>\n\t\t\t\t<\/div>\n\t\t\t\t<div class=\"elementor-element elementor-element-6172993 elementor-widget elementor-widget-text-editor\" data-id=\"6172993\" data-element_type=\"widget\" data-e-type=\"widget\" data-widget_type=\"text-editor.default\">\n\t\t\t\t<div class=\"elementor-widget-container\">\n\t\t\t\t\t\t\t\t\t<ul style=\"font-variant-ligatures: normal; font-variant-caps: normal; font-family: 'Noto Sans', sans-serif; font-size: 16px; font-style: normal; font-weight: 400; color: #000000; text-align: justify;\">\n<li style=\"font-size: 16px;\" aria-level=\"1\">Taciana Pontual Falc\u00e3o (UFRPE) &#8211; Coordenadora Geral<\/li>\n<li style=\"font-size: 16px;\" aria-level=\"1\">Marco Aur\u00e9lio Graciotto Silva (UTFPR) &#8211; Coordenador Geral<\/li>\n<li style=\"font-size: 16px;\" aria-level=\"1\">Carla Delgado (UFRJ) &#8211; Coordenadora Geral<\/li>\n<li style=\"font-size: 16px;\" aria-level=\"1\">Tiago Coelho Ferreto (PUCRS) &#8211; Coordenador Local<\/li>\n<\/ul>\t\t\t\t\t\t\t\t<\/div>\n\t\t\t\t<\/div>\n\t\t\t\t<div class=\"elementor-element elementor-element-f1c720a elementor-widget elementor-widget-heading\" data-id=\"f1c720a\" data-element_type=\"widget\" data-e-type=\"widget\" data-widget_type=\"heading.default\">\n\t\t\t\t<div class=\"elementor-widget-container\">\n\t\t\t\t\t<h2 class=\"elementor-heading-title elementor-size-default\">Comit\u00ea de Programa<\/h2>\t\t\t\t<\/div>\n\t\t\t\t<\/div>\n\t\t\t\t<div class=\"elementor-element elementor-element-f76ae87 elementor-widget elementor-widget-text-editor\" data-id=\"f76ae87\" data-element_type=\"widget\" data-e-type=\"widget\" data-widget_type=\"text-editor.default\">\n\t\t\t\t<div class=\"elementor-widget-container\">\n\t\t\t\t\t\t\t\t\t<p>Em constru\u00e7\u00e3o.<\/p>\t\t\t\t\t\t\t\t<\/div>\n\t\t\t\t<\/div>\n\t\t\t\t<\/div>\n\t\t\t\t\t<\/div>\n\t\t\t\t<\/div>\n\t\t\t\t<\/div>\n\t\t","protected":false},"excerpt":{"rendered":"<p>WEI &#8211; 34\u00ba Workshop sobre Educa\u00e7\u00e3o em Computa\u00e7\u00e3o Sobre o evento O WEI 2026 \u00e9 a 34\u00aa edi\u00e7\u00e3o do Workshop sobre Educa\u00e7\u00e3o em Computa\u00e7\u00e3o (WEI), que \u00e9 realizado, anualmente, pela Sociedade Brasileira de Computa\u00e7\u00e3o (SBC), com o objetivo de ser um f\u00f3rum de debates sobre diferentes temas relacionados ao ensino e aprendizagem de Computa\u00e7\u00e3o. \u00c9 [&hellip;]<\/p>\n","protected":false},"author":8,"featured_media":0,"parent":0,"menu_order":0,"comment_status":"closed","ping_status":"closed","template":"","meta":{"ocean_post_layout":"","ocean_both_sidebars_style":"","ocean_both_sidebars_content_width":0,"ocean_both_sidebars_sidebars_width":0,"ocean_sidebar":"","ocean_second_sidebar":"","ocean_disable_margins":"enable","ocean_add_body_class":"","ocean_shortcode_before_top_bar":"","ocean_shortcode_after_top_bar":"","ocean_shortcode_before_header":"","ocean_shortcode_after_header":"","ocean_has_shortcode":"","ocean_shortcode_after_title":"","ocean_shortcode_before_footer_widgets":"","ocean_shortcode_after_footer_widgets":"","ocean_shortcode_before_footer_bottom":"","ocean_shortcode_after_footer_bottom":"","ocean_display_top_bar":"default","ocean_display_header":"default","ocean_header_style":"","ocean_center_header_left_menu":"","ocean_custom_header_template":"","ocean_custom_logo":0,"ocean_custom_retina_logo":0,"ocean_custom_logo_max_width":0,"ocean_custom_logo_tablet_max_width":0,"ocean_custom_logo_mobile_max_width":0,"ocean_custom_logo_max_height":0,"ocean_custom_logo_tablet_max_height":0,"ocean_custom_logo_mobile_max_height":0,"ocean_header_custom_menu":"","ocean_menu_typo_font_family":"","ocean_menu_typo_font_subset":"","ocean_menu_typo_font_size":0,"ocean_menu_typo_font_size_tablet":0,"ocean_menu_typo_font_size_mobile":0,"ocean_menu_typo_font_size_unit":"px","ocean_menu_typo_font_weight":"","ocean_menu_typo_font_weight_tablet":"","ocean_menu_typo_font_weight_mobile":"","ocean_menu_typo_transform":"","ocean_menu_typo_transform_tablet":"","ocean_menu_typo_transform_mobile":"","ocean_menu_typo_line_height":0,"ocean_menu_typo_line_height_tablet":0,"ocean_menu_typo_line_height_mobile":0,"ocean_menu_typo_line_height_unit":"","ocean_menu_typo_spacing":0,"ocean_menu_typo_spacing_tablet":0,"ocean_menu_typo_spacing_mobile":0,"ocean_menu_typo_spacing_unit":"","ocean_menu_link_color":"","ocean_menu_link_color_hover":"","ocean_menu_link_color_active":"","ocean_menu_link_background":"","ocean_menu_link_hover_background":"","ocean_menu_link_active_background":"","ocean_menu_social_links_bg":"","ocean_menu_social_hover_links_bg":"","ocean_menu_social_links_color":"","ocean_menu_social_hover_links_color":"","ocean_disable_title":"default","ocean_disable_heading":"default","ocean_post_title":"","ocean_post_subheading":"","ocean_post_title_style":"","ocean_post_title_background_color":"","ocean_post_title_background":0,"ocean_post_title_bg_image_position":"","ocean_post_title_bg_image_attachment":"","ocean_post_title_bg_image_repeat":"","ocean_post_title_bg_image_size":"","ocean_post_title_height":0,"ocean_post_title_bg_overlay":0.5,"ocean_post_title_bg_overlay_color":"","ocean_disable_breadcrumbs":"default","ocean_breadcrumbs_color":"","ocean_breadcrumbs_separator_color":"","ocean_breadcrumbs_links_color":"","ocean_breadcrumbs_links_hover_color":"","ocean_display_footer_widgets":"default","ocean_display_footer_bottom":"default","ocean_custom_footer_template":"","_joinchat":[],"footnotes":""},"class_list":["post-16610","page","type-page","status-publish","hentry","entry"],"_links":{"self":[{"href":"https:\/\/csbc.sbc.org.br\/2026\/wp-json\/wp\/v2\/pages\/16610","targetHints":{"allow":["GET"]}}],"collection":[{"href":"https:\/\/csbc.sbc.org.br\/2026\/wp-json\/wp\/v2\/pages"}],"about":[{"href":"https:\/\/csbc.sbc.org.br\/2026\/wp-json\/wp\/v2\/types\/page"}],"author":[{"embeddable":true,"href":"https:\/\/csbc.sbc.org.br\/2026\/wp-json\/wp\/v2\/users\/8"}],"replies":[{"embeddable":true,"href":"https:\/\/csbc.sbc.org.br\/2026\/wp-json\/wp\/v2\/comments?post=16610"}],"version-history":[{"count":23,"href":"https:\/\/csbc.sbc.org.br\/2026\/wp-json\/wp\/v2\/pages\/16610\/revisions"}],"predecessor-version":[{"id":17607,"href":"https:\/\/csbc.sbc.org.br\/2026\/wp-json\/wp\/v2\/pages\/16610\/revisions\/17607"}],"wp:attachment":[{"href":"https:\/\/csbc.sbc.org.br\/2026\/wp-json\/wp\/v2\/media?parent=16610"}],"curies":[{"name":"wp","href":"https:\/\/api.w.org\/{rel}","templated":true}]}}