{"id":16698,"date":"2025-12-18T11:49:53","date_gmt":"2025-12-18T14:49:53","guid":{"rendered":"https:\/\/csbc.sbc.org.br\/2026\/?page_id=16698"},"modified":"2026-04-05T18:27:17","modified_gmt":"2026-04-05T21:27:17","slug":"agencia-de-turismo-oficial","status":"publish","type":"page","link":"https:\/\/csbc.sbc.org.br\/2026\/agencia-de-turismo-oficial\/","title":{"rendered":"Ag\u00eancia de Turismo Oficial"},"content":{"rendered":"\t\t<div data-elementor-type=\"wp-page\" data-elementor-id=\"16698\" class=\"elementor elementor-16698\">\n\t\t\t\t<div class=\"elementor-element elementor-element-c25f321 e-flex e-con-boxed e-con e-parent\" data-id=\"c25f321\" data-element_type=\"container\" data-e-type=\"container\">\n\t\t\t\t\t<div class=\"e-con-inner\">\n\t\t\t\t<div class=\"elementor-element elementor-element-bff1afd elementor-widget elementor-widget-heading\" data-id=\"bff1afd\" data-element_type=\"widget\" data-e-type=\"widget\" data-widget_type=\"heading.default\">\n\t\t\t\t<div class=\"elementor-widget-container\">\n\t\t\t\t\t<h1 class=\"elementor-heading-title elementor-size-default\">Ag\u00eancia de Turismo Oficial<\/h1>\t\t\t\t<\/div>\n\t\t\t\t<\/div>\n\t\t\t\t\t<\/div>\n\t\t\t\t<\/div>\n\t\t<div class=\"elementor-element elementor-element-8eb2c43 e-flex e-con-boxed e-con e-parent\" data-id=\"8eb2c43\" data-element_type=\"container\" data-e-type=\"container\">\n\t\t\t\t\t<div class=\"e-con-inner\">\n\t\t\t\t<div class=\"elementor-element elementor-element-c50d70c elementor-widget elementor-widget-spacer\" data-id=\"c50d70c\" data-element_type=\"widget\" data-e-type=\"widget\" data-widget_type=\"spacer.default\">\n\t\t\t\t<div class=\"elementor-widget-container\">\n\t\t\t\t\t\t\t<div class=\"elementor-spacer\">\n\t\t\t<div class=\"elementor-spacer-inner\"><\/div>\n\t\t<\/div>\n\t\t\t\t\t\t<\/div>\n\t\t\t\t<\/div>\n\t\t\t\t<div class=\"elementor-element elementor-element-0eb3862 elementor-widget elementor-widget-text-editor\" data-id=\"0eb3862\" data-element_type=\"widget\" data-e-type=\"widget\" data-widget_type=\"text-editor.default\">\n\t\t\t\t<div class=\"elementor-widget-container\">\n\t\t\t\t\t\t\t\t\t<p>A <strong>Brocker Turismo<\/strong> foi escolhida pela organiza\u00e7\u00e3o do CSBC 2026 &#8211; 46\u00b0 Congresso Brasleiro de Computa\u00e7\u00e3o a ag\u00eancia de turismo oficial. Conte conosco para todo o suporte em suas compras.<\/p><p>Para maior facilidade, agilidade e seguran\u00e7a <strong>clique no nosso logo abaixo <\/strong>ou <strong><a href=\"https:\/\/eventos.brockerturismo.com.br\/eventos\/csbc-2026\">aqui<\/a><\/strong> e confira os valores e condi\u00e7\u00f5es especiais. Ser\u00e1 um prazer atend\u00ea-los!<\/p>\t\t\t\t\t\t\t\t<\/div>\n\t\t\t\t<\/div>\n\t\t<div class=\"elementor-element elementor-element-9fda322 e-grid e-con-full e-con e-child\" data-id=\"9fda322\" data-element_type=\"container\" data-e-type=\"container\">\n\t\t\t\t<div class=\"elementor-element elementor-element-9f47e60 elementor-widget elementor-widget-image\" data-id=\"9f47e60\" data-element_type=\"widget\" data-e-type=\"widget\" data-widget_type=\"image.default\">\n\t\t\t\t<div class=\"elementor-widget-container\">\n\t\t\t\t\t\t\t\t\t\t\t\t\t\t\t\t<a href=\"https:\/\/eventos.brockerturismo.com.br\/eventos\/csbc-2026\">\n\t\t\t\t\t\t\t<img fetchpriority=\"high\" decoding=\"async\" width=\"300\" height=\"169\" src=\"https:\/\/csbc.sbc.org.br\/2026\/wp-content\/uploads\/2024\/05\/Brocker-Eventos-300x169.png\" class=\"attachment-medium size-medium wp-image-16688\" alt=\"\" srcset=\"https:\/\/csbc.sbc.org.br\/2026\/wp-content\/uploads\/2024\/05\/Brocker-Eventos-300x169.png 300w, https:\/\/csbc.sbc.org.br\/2026\/wp-content\/uploads\/2024\/05\/Brocker-Eventos-1024x576.png 1024w, https:\/\/csbc.sbc.org.br\/2026\/wp-content\/uploads\/2024\/05\/Brocker-Eventos-768x432.png 768w, https:\/\/csbc.sbc.org.br\/2026\/wp-content\/uploads\/2024\/05\/Brocker-Eventos-1536x864.png 1536w, https:\/\/csbc.sbc.org.br\/2026\/wp-content\/uploads\/2024\/05\/Brocker-Eventos-2048x1152.png 2048w, https:\/\/csbc.sbc.org.br\/2026\/wp-content\/uploads\/2024\/05\/Brocker-Eventos-800x450.png 800w\" sizes=\"(max-width: 300px) 100vw, 300px\" \/>\t\t\t\t\t\t\t\t<\/a>\n\t\t\t\t\t\t\t\t\t\t\t\t\t\t\t<\/div>\n\t\t\t\t<\/div>\n\t\t\t\t<\/div>\n\t\t\t\t\t<\/div>\n\t\t\t\t<\/div>\n\t\t<div class=\"elementor-element elementor-element-40d4c24 e-flex e-con-boxed e-con e-parent\" data-id=\"40d4c24\" data-element_type=\"container\" data-e-type=\"container\">\n\t\t\t\t\t<div class=\"e-con-inner\">\n\t\t\t\t<div class=\"elementor-element elementor-element-6eb9475 elementor-widget elementor-widget-heading\" data-id=\"6eb9475\" data-element_type=\"widget\" data-e-type=\"widget\" data-widget_type=\"heading.default\">\n\t\t\t\t<div class=\"elementor-widget-container\">\n\t\t\t\t\t<h2 class=\"elementor-heading-title elementor-size-default\">Hotel Oficial<\/h2>\t\t\t\t<\/div>\n\t\t\t\t<\/div>\n\t\t<div class=\"elementor-element elementor-element-a29606c e-grid e-con-full e-con e-child\" data-id=\"a29606c\" data-element_type=\"container\" data-e-type=\"container\">\n\t\t\t\t<div class=\"elementor-element elementor-element-e84666c elementor-arrows-position-inside elementor-widget elementor-widget-image-carousel\" data-id=\"e84666c\" data-element_type=\"widget\" data-e-type=\"widget\" data-settings=\"{&quot;slides_to_show&quot;:&quot;1&quot;,&quot;navigation&quot;:&quot;arrows&quot;,&quot;autoplay&quot;:&quot;yes&quot;,&quot;pause_on_hover&quot;:&quot;yes&quot;,&quot;pause_on_interaction&quot;:&quot;yes&quot;,&quot;autoplay_speed&quot;:5000,&quot;infinite&quot;:&quot;yes&quot;,&quot;effect&quot;:&quot;slide&quot;,&quot;speed&quot;:500}\" data-widget_type=\"image-carousel.default\">\n\t\t\t\t<div class=\"elementor-widget-container\">\n\t\t\t\t\t\t\t<div class=\"elementor-image-carousel-wrapper swiper\" role=\"region\" aria-roledescription=\"carousel\" aria-label=\"Carrossel de imagens\" dir=\"ltr\">\n\t\t\t<div class=\"elementor-image-carousel swiper-wrapper swiper-image-stretch\" aria-live=\"off\">\n\t\t\t\t\t\t\t\t<div class=\"swiper-slide\" role=\"group\" aria-roledescription=\"slide\" aria-label=\"1 de 4\"><figure class=\"swiper-slide-inner\"><img decoding=\"async\" class=\"swiper-slide-image\" src=\"https:\/\/csbc.sbc.org.br\/2026\/wp-content\/uploads\/2025\/12\/hotel1-1.jpg\" alt=\"hotel1\" \/><\/figure><\/div><div class=\"swiper-slide\" role=\"group\" aria-roledescription=\"slide\" aria-label=\"2 de 4\"><figure class=\"swiper-slide-inner\"><img decoding=\"async\" class=\"swiper-slide-image\" src=\"https:\/\/csbc.sbc.org.br\/2026\/wp-content\/uploads\/2025\/12\/cafe-hotel.jpg\" alt=\"cafe-hotel\" \/><\/figure><\/div><div class=\"swiper-slide\" role=\"group\" aria-roledescription=\"slide\" aria-label=\"3 de 4\"><figure class=\"swiper-slide-inner\"><img decoding=\"async\" class=\"swiper-slide-image\" src=\"https:\/\/csbc.sbc.org.br\/2026\/wp-content\/uploads\/2025\/12\/quarto2-exemplo-hotel.jpg\" alt=\"quarto2-exemplo-hotel\" \/><\/figure><\/div><div class=\"swiper-slide\" role=\"group\" aria-roledescription=\"slide\" aria-label=\"4 de 4\"><figure class=\"swiper-slide-inner\"><img decoding=\"async\" class=\"swiper-slide-image\" src=\"https:\/\/csbc.sbc.org.br\/2026\/wp-content\/uploads\/2025\/12\/quarto-exemplo-hotel.jpg\" alt=\"quarto-exemplo-hotel\" \/><\/figure><\/div>\t\t\t<\/div>\n\t\t\t\t\t\t\t\t\t\t\t\t<div class=\"elementor-swiper-button elementor-swiper-button-prev\" role=\"button\" tabindex=\"0\">\n\t\t\t\t\t\t<i aria-hidden=\"true\" class=\"eicon-chevron-left\"><\/i>\t\t\t\t\t<\/div>\n\t\t\t\t\t<div class=\"elementor-swiper-button elementor-swiper-button-next\" role=\"button\" tabindex=\"0\">\n\t\t\t\t\t\t<i aria-hidden=\"true\" class=\"eicon-chevron-right\"><\/i>\t\t\t\t\t<\/div>\n\t\t\t\t\n\t\t\t\t\t\t\t\t\t<\/div>\n\t\t\t\t\t\t<\/div>\n\t\t\t\t<\/div>\n\t\t\t\t<div class=\"elementor-element elementor-element-a03c9d2 elementor-widget elementor-widget-text-editor\" data-id=\"a03c9d2\" data-element_type=\"widget\" data-e-type=\"widget\" data-widget_type=\"text-editor.default\">\n\t\t\t\t<div class=\"elementor-widget-container\">\n\t\t\t\t\t\t\t\t\t<p>O\u00a0<strong>Hotel Master Gramado<\/strong>, localizado a uma quadra da rotat\u00f3ria das bandeiras, est\u00e1 pr\u00f3ximo das principais atra\u00e7\u00f5es tur\u00edsticas da cidade. Entre elas est\u00e1 a\u00a0<strong>Rua Coberta<\/strong>, localizada no cora\u00e7\u00e3o da cidade.\u00a0Cercada de lojas e restaurantes, ela convida \u00e0s del\u00edcias da cidade, como o chocolate quente e um passeio<\/p><p>O Hotel disp\u00f5e de localiza\u00e7\u00e3o privileviada pr\u00f3ximo aos mais famosos pontos tur\u00edsticos de Gramado, como a Rua Coberta e o Lago Joaquina Rita Bier, al\u00e9m de oferecer apartamentos com vista para o deslumbrante Vale do Quilombo.<\/p><p>Al\u00e9m do Hotel Master Gramado, tarifas especiais para outros hot\u00e9is da cidade tamb\u00e9m podem ser obtidas via a Ag\u00eancia de Turismo Oficial. <a href=\"https:\/\/eventos.brockerturismo.com.br\/eventos\/csbc-2026\">Consulte as tarifas e negocia\u00e7\u00f5es especiai<\/a>s para os participantes do evento.<\/p>\t\t\t\t\t\t\t\t<\/div>\n\t\t\t\t<\/div>\n\t\t\t\t<\/div>\n\t\t\t\t\t<\/div>\n\t\t\t\t<\/div>\n\t\t<div class=\"elementor-element elementor-element-bf47016 e-flex e-con-boxed e-con e-parent\" data-id=\"bf47016\" data-element_type=\"container\" data-e-type=\"container\">\n\t\t\t\t\t<div class=\"e-con-inner\">\n\t\t\t\t<div class=\"elementor-element elementor-element-e6ff467 elementor-widget elementor-widget-heading\" data-id=\"e6ff467\" data-element_type=\"widget\" data-e-type=\"widget\" data-widget_type=\"heading.default\">\n\t\t\t\t<div class=\"elementor-widget-container\">\n\t\t\t\t\t<h2 class=\"elementor-heading-title elementor-size-default\">Traslado Regular<\/h2>\t\t\t\t<\/div>\n\t\t\t\t<\/div>\n\t\t<div class=\"elementor-element elementor-element-f99a649 e-grid e-con-full e-con e-child\" data-id=\"f99a649\" data-element_type=\"container\" data-e-type=\"container\">\n\t\t\t\t<div class=\"elementor-element elementor-element-e22cda8 elementor-widget elementor-widget-text-editor\" data-id=\"e22cda8\" data-element_type=\"widget\" data-e-type=\"widget\" data-widget_type=\"text-editor.default\">\n\t\t\t\t<div class=\"elementor-widget-container\">\n\t\t\t\t\t\t\t\t\t<p>Para contrata\u00e7\u00e3o antecipada, chegando no <a href=\"https:\/\/portoalegre-airport.com.br\/pt\">Aeroporto Salgado Filho<\/a>, em Porto Alegre, nossa equipe aguarda em nosso Lounge VIP, logo na sa\u00edda do desembarque nacional (piso t\u00e9rreo).<\/p><p>Na chegada tempo de espera de at\u00e9 no m\u00e1ximo 90 minutos ap\u00f3s apresenta\u00e7\u00e3o para equipe no desembarque.<\/p><p>Retorno programado 5h a 6h antes do hor\u00e1rio do voo.<\/p><p><strong>Valor por pessoa:<\/strong><\/p><ul><li>R$ 249,00 \u2013 incluso ida e volta<\/li><li>OU R$ 124,50 somente um dos trechos, por pessoa<\/li><\/ul>\t\t\t\t\t\t\t\t<\/div>\n\t\t\t\t<\/div>\n\t\t\t\t<div class=\"elementor-element elementor-element-c2fdd55 elementor-arrows-position-inside elementor-widget elementor-widget-image-carousel\" data-id=\"c2fdd55\" data-element_type=\"widget\" data-e-type=\"widget\" data-settings=\"{&quot;slides_to_show&quot;:&quot;1&quot;,&quot;navigation&quot;:&quot;arrows&quot;,&quot;autoplay&quot;:&quot;yes&quot;,&quot;pause_on_hover&quot;:&quot;yes&quot;,&quot;pause_on_interaction&quot;:&quot;yes&quot;,&quot;autoplay_speed&quot;:5000,&quot;infinite&quot;:&quot;yes&quot;,&quot;effect&quot;:&quot;slide&quot;,&quot;speed&quot;:500}\" data-widget_type=\"image-carousel.default\">\n\t\t\t\t<div class=\"elementor-widget-container\">\n\t\t\t\t\t\t\t<div class=\"elementor-image-carousel-wrapper swiper\" role=\"region\" aria-roledescription=\"carousel\" aria-label=\"Carrossel de imagens\" dir=\"ltr\">\n\t\t\t<div class=\"elementor-image-carousel swiper-wrapper swiper-image-stretch\" aria-live=\"off\">\n\t\t\t\t\t\t\t\t<div class=\"swiper-slide\" role=\"group\" aria-roledescription=\"slide\" aria-label=\"1 de 2\"><figure class=\"swiper-slide-inner\"><img decoding=\"async\" class=\"swiper-slide-image\" src=\"https:\/\/csbc.sbc.org.br\/2026\/wp-content\/uploads\/2025\/12\/Loja-Aeropoto-POA-1-768x576.jpeg\" alt=\"Loja Aeropoto POA (1)\" \/><\/figure><\/div><div class=\"swiper-slide\" role=\"group\" aria-roledescription=\"slide\" aria-label=\"2 de 2\"><figure class=\"swiper-slide-inner\"><img decoding=\"async\" class=\"swiper-slide-image\" src=\"https:\/\/csbc.sbc.org.br\/2026\/wp-content\/uploads\/2025\/12\/TRANSFER-3-768x509.png\" alt=\"TRANSFER (3)\" \/><\/figure><\/div>\t\t\t<\/div>\n\t\t\t\t\t\t\t\t\t\t\t\t<div class=\"elementor-swiper-button elementor-swiper-button-prev\" role=\"button\" tabindex=\"0\">\n\t\t\t\t\t\t<i aria-hidden=\"true\" class=\"eicon-chevron-left\"><\/i>\t\t\t\t\t<\/div>\n\t\t\t\t\t<div class=\"elementor-swiper-button elementor-swiper-button-next\" role=\"button\" tabindex=\"0\">\n\t\t\t\t\t\t<i aria-hidden=\"true\" class=\"eicon-chevron-right\"><\/i>\t\t\t\t\t<\/div>\n\t\t\t\t\n\t\t\t\t\t\t\t\t\t<\/div>\n\t\t\t\t\t\t<\/div>\n\t\t\t\t<\/div>\n\t\t\t\t<\/div>\n\t\t\t\t\t<\/div>\n\t\t\t\t<\/div>\n\t\t<div class=\"elementor-element elementor-element-d55e6a8 e-flex e-con-boxed e-con e-parent\" data-id=\"d55e6a8\" data-element_type=\"container\" data-e-type=\"container\">\n\t\t\t\t\t<div class=\"e-con-inner\">\n\t\t\t\t<div class=\"elementor-element elementor-element-642ee6c elementor-widget elementor-widget-heading\" data-id=\"642ee6c\" data-element_type=\"widget\" data-e-type=\"widget\" data-widget_type=\"heading.default\">\n\t\t\t\t<div class=\"elementor-widget-container\">\n\t\t\t\t\t<h2 class=\"elementor-heading-title elementor-size-default\">Turismo e Atra\u00e7\u00f5es<\/h2>\t\t\t\t<\/div>\n\t\t\t\t<\/div>\n\t\t\t\t<div class=\"elementor-element elementor-element-0235952 elementor-widget elementor-widget-text-editor\" data-id=\"0235952\" data-element_type=\"widget\" data-e-type=\"widget\" data-widget_type=\"text-editor.default\">\n\t\t\t\t<div class=\"elementor-widget-container\">\n\t\t\t\t\t\t\t\t\t<p>Conte com a <strong>Brocker Turismo<\/strong> para conhecer o melhor da Serra\u00a0 Ga\u00facha!<\/p><p>Aproveite a vinda para o evento e conhe\u00e7a um pouco mais o que essa regi\u00e3o t\u00e3o acolhedora tem para oferecer!<\/p>\t\t\t\t\t\t\t\t<\/div>\n\t\t\t\t<\/div>\n\t\t<div class=\"elementor-element elementor-element-e5c1e80 e-grid e-con-boxed e-con e-child\" data-id=\"e5c1e80\" data-element_type=\"container\" data-e-type=\"container\">\n\t\t\t\t\t<div class=\"e-con-inner\">\n\t\t\t\t<div class=\"elementor-element elementor-element-9c58cc1 elementor-widget elementor-widget-video\" data-id=\"9c58cc1\" data-element_type=\"widget\" data-e-type=\"widget\" data-settings=\"{&quot;youtube_url&quot;:&quot;https:\\\/\\\/www.youtube.com\\\/watch?v=-B2cj9Rbybk&quot;,&quot;video_type&quot;:&quot;youtube&quot;,&quot;controls&quot;:&quot;yes&quot;}\" data-widget_type=\"video.default\">\n\t\t\t\t<div class=\"elementor-widget-container\">\n\t\t\t\t\t\t\t<div class=\"elementor-wrapper elementor-open-inline\">\n\t\t\t<div class=\"elementor-video\"><\/div>\t\t<\/div>\n\t\t\t\t\t\t<\/div>\n\t\t\t\t<\/div>\n\t\t\t\t\t<\/div>\n\t\t\t\t<\/div>\n\t\t<div class=\"elementor-element elementor-element-916b26f e-grid e-con-full e-con e-child\" data-id=\"916b26f\" data-element_type=\"container\" data-e-type=\"container\">\n\t\t\t\t<div class=\"elementor-element elementor-element-f2b0548 elementor-widget elementor-widget-image\" data-id=\"f2b0548\" data-element_type=\"widget\" data-e-type=\"widget\" data-widget_type=\"image.default\">\n\t\t\t\t<div class=\"elementor-widget-container\">\n\t\t\t\t\t\t\t\t\t\t\t\t<figure class=\"wp-caption\">\n\t\t\t\t\t\t\t\t\t\t<img decoding=\"async\" width=\"1024\" height=\"682\" src=\"https:\/\/csbc.sbc.org.br\/2026\/wp-content\/uploads\/2025\/12\/GSM_7007-1024x682.jpg\" class=\"attachment-large size-large wp-image-16709\" alt=\"\" srcset=\"https:\/\/csbc.sbc.org.br\/2026\/wp-content\/uploads\/2025\/12\/GSM_7007-1024x682.jpg 1024w, https:\/\/csbc.sbc.org.br\/2026\/wp-content\/uploads\/2025\/12\/GSM_7007-300x200.jpg 300w, https:\/\/csbc.sbc.org.br\/2026\/wp-content\/uploads\/2025\/12\/GSM_7007-768x511.jpg 768w, https:\/\/csbc.sbc.org.br\/2026\/wp-content\/uploads\/2025\/12\/GSM_7007-1536x1022.jpg 1536w, https:\/\/csbc.sbc.org.br\/2026\/wp-content\/uploads\/2025\/12\/GSM_7007.jpg 2048w\" sizes=\"(max-width: 1024px) 100vw, 1024px\" \/>\t\t\t\t\t\t\t\t\t\t\t<figcaption class=\"widget-image-caption wp-caption-text\">P\u00e9 da Cascata<\/figcaption>\n\t\t\t\t\t\t\t\t\t\t<\/figure>\n\t\t\t\t\t\t\t\t\t<\/div>\n\t\t\t\t<\/div>\n\t\t\t\t<div class=\"elementor-element elementor-element-84d377c elementor-widget elementor-widget-image\" data-id=\"84d377c\" data-element_type=\"widget\" data-e-type=\"widget\" data-widget_type=\"image.default\">\n\t\t\t\t<div class=\"elementor-widget-container\">\n\t\t\t\t\t\t\t\t\t\t\t\t<figure class=\"wp-caption\">\n\t\t\t\t\t\t\t\t\t\t<img decoding=\"async\" width=\"1024\" height=\"683\" src=\"https:\/\/csbc.sbc.org.br\/2026\/wp-content\/uploads\/2025\/12\/DSC04611-Editar1-1024x683.jpg\" class=\"attachment-large size-large wp-image-16708\" alt=\"\" srcset=\"https:\/\/csbc.sbc.org.br\/2026\/wp-content\/uploads\/2025\/12\/DSC04611-Editar1-1024x683.jpg 1024w, https:\/\/csbc.sbc.org.br\/2026\/wp-content\/uploads\/2025\/12\/DSC04611-Editar1-300x200.jpg 300w, https:\/\/csbc.sbc.org.br\/2026\/wp-content\/uploads\/2025\/12\/DSC04611-Editar1-768x512.jpg 768w, https:\/\/csbc.sbc.org.br\/2026\/wp-content\/uploads\/2025\/12\/DSC04611-Editar1-1536x1024.jpg 1536w, https:\/\/csbc.sbc.org.br\/2026\/wp-content\/uploads\/2025\/12\/DSC04611-Editar1-2048x1365.jpg 2048w\" sizes=\"(max-width: 1024px) 100vw, 1024px\" \/>\t\t\t\t\t\t\t\t\t\t\t<figcaption class=\"widget-image-caption wp-caption-text\">Chocobus<\/figcaption>\n\t\t\t\t\t\t\t\t\t\t<\/figure>\n\t\t\t\t\t\t\t\t\t<\/div>\n\t\t\t\t<\/div>\n\t\t\t\t<\/div>\n\t\t\t\t\t<\/div>\n\t\t\t\t<\/div>\n\t\t\t\t<\/div>\n\t\t","protected":false},"excerpt":{"rendered":"<p>Ag\u00eancia de Turismo Oficial A Brocker Turismo foi escolhida pela organiza\u00e7\u00e3o do CSBC 2026 &#8211; 46\u00b0 Congresso Brasleiro de Computa\u00e7\u00e3o a ag\u00eancia de turismo oficial. Conte conosco para todo o suporte em suas compras. Para maior facilidade, agilidade e seguran\u00e7a clique no nosso logo abaixo ou aqui e confira os valores e condi\u00e7\u00f5es especiais. Ser\u00e1 [&hellip;]<\/p>\n","protected":false},"author":8,"featured_media":0,"parent":0,"menu_order":0,"comment_status":"closed","ping_status":"closed","template":"","meta":{"ocean_post_layout":"","ocean_both_sidebars_style":"","ocean_both_sidebars_content_width":0,"ocean_both_sidebars_sidebars_width":0,"ocean_sidebar":"","ocean_second_sidebar":"","ocean_disable_margins":"enable","ocean_add_body_class":"","ocean_shortcode_before_top_bar":"","ocean_shortcode_after_top_bar":"","ocean_shortcode_before_header":"","ocean_shortcode_after_header":"","ocean_has_shortcode":"","ocean_shortcode_after_title":"","ocean_shortcode_before_footer_widgets":"","ocean_shortcode_after_footer_widgets":"","ocean_shortcode_before_footer_bottom":"","ocean_shortcode_after_footer_bottom":"","ocean_display_top_bar":"default","ocean_display_header":"default","ocean_header_style":"","ocean_center_header_left_menu":"","ocean_custom_header_template":"","ocean_custom_logo":0,"ocean_custom_retina_logo":0,"ocean_custom_logo_max_width":0,"ocean_custom_logo_tablet_max_width":0,"ocean_custom_logo_mobile_max_width":0,"ocean_custom_logo_max_height":0,"ocean_custom_logo_tablet_max_height":0,"ocean_custom_logo_mobile_max_height":0,"ocean_header_custom_menu":"","ocean_menu_typo_font_family":"","ocean_menu_typo_font_subset":"","ocean_menu_typo_font_size":0,"ocean_menu_typo_font_size_tablet":0,"ocean_menu_typo_font_size_mobile":0,"ocean_menu_typo_font_size_unit":"px","ocean_menu_typo_font_weight":"","ocean_menu_typo_font_weight_tablet":"","ocean_menu_typo_font_weight_mobile":"","ocean_menu_typo_transform":"","ocean_menu_typo_transform_tablet":"","ocean_menu_typo_transform_mobile":"","ocean_menu_typo_line_height":0,"ocean_menu_typo_line_height_tablet":0,"ocean_menu_typo_line_height_mobile":0,"ocean_menu_typo_line_height_unit":"","ocean_menu_typo_spacing":0,"ocean_menu_typo_spacing_tablet":0,"ocean_menu_typo_spacing_mobile":0,"ocean_menu_typo_spacing_unit":"","ocean_menu_link_color":"","ocean_menu_link_color_hover":"","ocean_menu_link_color_active":"","ocean_menu_link_background":"","ocean_menu_link_hover_background":"","ocean_menu_link_active_background":"","ocean_menu_social_links_bg":"","ocean_menu_social_hover_links_bg":"","ocean_menu_social_links_color":"","ocean_menu_social_hover_links_color":"","ocean_disable_title":"default","ocean_disable_heading":"default","ocean_post_title":"","ocean_post_subheading":"","ocean_post_title_style":"","ocean_post_title_background_color":"","ocean_post_title_background":0,"ocean_post_title_bg_image_position":"","ocean_post_title_bg_image_attachment":"","ocean_post_title_bg_image_repeat":"","ocean_post_title_bg_image_size":"","ocean_post_title_height":0,"ocean_post_title_bg_overlay":0.5,"ocean_post_title_bg_overlay_color":"","ocean_disable_breadcrumbs":"default","ocean_breadcrumbs_color":"","ocean_breadcrumbs_separator_color":"","ocean_breadcrumbs_links_color":"","ocean_breadcrumbs_links_hover_color":"","ocean_display_footer_widgets":"default","ocean_display_footer_bottom":"default","ocean_custom_footer_template":"","_joinchat":[],"footnotes":""},"class_list":["post-16698","page","type-page","status-publish","hentry","entry"],"_links":{"self":[{"href":"https:\/\/csbc.sbc.org.br\/2026\/wp-json\/wp\/v2\/pages\/16698","targetHints":{"allow":["GET"]}}],"collection":[{"href":"https:\/\/csbc.sbc.org.br\/2026\/wp-json\/wp\/v2\/pages"}],"about":[{"href":"https:\/\/csbc.sbc.org.br\/2026\/wp-json\/wp\/v2\/types\/page"}],"author":[{"embeddable":true,"href":"https:\/\/csbc.sbc.org.br\/2026\/wp-json\/wp\/v2\/users\/8"}],"replies":[{"embeddable":true,"href":"https:\/\/csbc.sbc.org.br\/2026\/wp-json\/wp\/v2\/comments?post=16698"}],"version-history":[{"count":31,"href":"https:\/\/csbc.sbc.org.br\/2026\/wp-json\/wp\/v2\/pages\/16698\/revisions"}],"predecessor-version":[{"id":17967,"href":"https:\/\/csbc.sbc.org.br\/2026\/wp-json\/wp\/v2\/pages\/16698\/revisions\/17967"}],"wp:attachment":[{"href":"https:\/\/csbc.sbc.org.br\/2026\/wp-json\/wp\/v2\/media?parent=16698"}],"curies":[{"name":"wp","href":"https:\/\/api.w.org\/{rel}","templated":true}]}}