{"id":17109,"date":"2026-01-30T13:26:52","date_gmt":"2026-01-30T16:26:52","guid":{"rendered":"https:\/\/csbc.sbc.org.br\/2026\/?page_id=17109"},"modified":"2026-03-25T16:15:07","modified_gmt":"2026-03-25T19:15:07","slug":"sbccq","status":"publish","type":"page","link":"https:\/\/csbc.sbc.org.br\/2026\/sbccq\/","title":{"rendered":"SBCCQ &#8211; Simp\u00f3sio Brasileiro de Computa\u00e7\u00e3o e Comunica\u00e7\u00e3o Qu\u00e2nticas"},"content":{"rendered":"\t\t<div data-elementor-type=\"wp-page\" data-elementor-id=\"17109\" class=\"elementor elementor-17109\">\n\t\t\t\t<div class=\"elementor-element elementor-element-0a3ba60 e-flex e-con-boxed e-con e-parent\" data-id=\"0a3ba60\" data-element_type=\"container\" data-e-type=\"container\">\n\t\t\t\t\t<div class=\"e-con-inner\">\n\t\t\t\t<div class=\"elementor-element elementor-element-67e0fc4 elementor-widget elementor-widget-heading\" data-id=\"67e0fc4\" data-element_type=\"widget\" data-e-type=\"widget\" data-widget_type=\"heading.default\">\n\t\t\t\t<div class=\"elementor-widget-container\">\n\t\t\t\t\t<h1 class=\"elementor-heading-title elementor-size-default\">SBCCQ<span style=\"font-weight:normal;line-height:1.1em\"> - 1\u00ba Simp\u00f3sio Brasileiro de Computa\u00e7\u00e3o e Comunica\u00e7\u00e3o Qu\u00e2nticas<\/span><\/h1>\t\t\t\t<\/div>\n\t\t\t\t<\/div>\n\t\t\t\t\t<\/div>\n\t\t\t\t<\/div>\n\t\t<div class=\"elementor-element elementor-element-0ea5134 e-flex e-con-boxed elementor-invisible e-con e-parent\" data-id=\"0ea5134\" data-element_type=\"container\" data-e-type=\"container\" data-settings=\"{&quot;animation&quot;:&quot;fadeIn&quot;}\">\n\t\t\t\t\t<div class=\"e-con-inner\">\n\t\t\t\t<div class=\"elementor-element elementor-element-954ffb2 elementor-widget elementor-widget-spacer\" data-id=\"954ffb2\" data-element_type=\"widget\" data-e-type=\"widget\" data-widget_type=\"spacer.default\">\n\t\t\t\t<div class=\"elementor-widget-container\">\n\t\t\t\t\t\t\t<div class=\"elementor-spacer\">\n\t\t\t<div class=\"elementor-spacer-inner\"><\/div>\n\t\t<\/div>\n\t\t\t\t\t\t<\/div>\n\t\t\t\t<\/div>\n\t\t\t\t<div class=\"elementor-element elementor-element-360f452 elementor-widget elementor-widget-heading\" data-id=\"360f452\" data-element_type=\"widget\" data-e-type=\"widget\" data-widget_type=\"heading.default\">\n\t\t\t\t<div class=\"elementor-widget-container\">\n\t\t\t\t\t<h2 class=\"elementor-heading-title elementor-size-default\">Sobre o Evento<\/h2>\t\t\t\t<\/div>\n\t\t\t\t<\/div>\n\t\t\t\t<div class=\"elementor-element elementor-element-383609b elementor-widget elementor-widget-text-editor\" data-id=\"383609b\" data-element_type=\"widget\" data-e-type=\"widget\" data-widget_type=\"text-editor.default\">\n\t\t\t\t<div class=\"elementor-widget-container\">\n\t\t\t\t\t\t\t\t\t<p>A Computa\u00e7\u00e3o Qu\u00e2ntica e a Comunica\u00e7\u00e3o Qu\u00e2ntica consolidaram-se, nos \u00faltimos anos, como pilares estrat\u00e9gicos para a pr\u00f3xima gera\u00e7\u00e3o de sistemas computacionais e de redes. Impulsionadas pelos avan\u00e7os em algoritmos qu\u00e2nticos, arquiteturas h\u00edbridas qu\u00e2ntico-cl\u00e1ssicas e infraestruturas experimentais de redes qu\u00e2nticas, essas tecnologias est\u00e3o redefinindo os limites do processamento de informa\u00e7\u00e3o, da seguran\u00e7a cibern\u00e9tica e da conectividade distribu\u00edda em escala global.<\/p>\n<p>Nesse cen\u00e1rio de r\u00e1pida evolu\u00e7\u00e3o cient\u00edfica e tecnol\u00f3gica, o Simp\u00f3sio Brasileiro de Computa\u00e7\u00e3o e Comunica\u00e7\u00e3o Qu\u00e2nticas (SBCCQ) surge como um f\u00f3rum dedicado \u00e0 articula\u00e7\u00e3o da comunidade brasileira e latino-americana interessada nos fundamentos, aplica\u00e7\u00f5es e desafios da computa\u00e7\u00e3o e das comunica\u00e7\u00f5es qu\u00e2nticas. Em sua primeira edi\u00e7\u00e3o, o SBCCQ convida pesquisadores, profissionais da ind\u00fastria e estudantes a submeterem trabalhos cient\u00edficos que abordem desde contribui\u00e7\u00f5es te\u00f3ricas e metodol\u00f3gicas at\u00e9 resultados experimentais, arquiteturas, ferramentas e aplica\u00e7\u00f5es pr\u00e1ticas, promovendo o di\u00e1logo interdisciplinar e fortalecendo o ecossistema nacional de tecnologias qu\u00e2nticas.<\/p>\t\t\t\t\t\t\t\t<\/div>\n\t\t\t\t<\/div>\n\t\t\t\t<div class=\"elementor-element elementor-element-5a28d82 elementor-widget elementor-widget-heading\" data-id=\"5a28d82\" data-element_type=\"widget\" data-e-type=\"widget\" data-widget_type=\"heading.default\">\n\t\t\t\t<div class=\"elementor-widget-container\">\n\t\t\t\t\t<h2 class=\"elementor-heading-title elementor-size-default\">T\u00f3picos de Interesse (Lista N\u00e3o Exaustiva)<\/h2>\t\t\t\t<\/div>\n\t\t\t\t<\/div>\n\t\t\t\t<div class=\"elementor-element elementor-element-7ba31a3 elementor-widget elementor-widget-text-editor\" data-id=\"7ba31a3\" data-element_type=\"widget\" data-e-type=\"widget\" data-widget_type=\"text-editor.default\">\n\t\t\t\t<div class=\"elementor-widget-container\">\n\t\t\t\t\t\t\t\t\t<ul>\n<li>Algoritmos Qu\u00e2nticos e Quanticamente Inspirados<\/li>\n<li>Aprendizado de M\u00e1quina Qu\u00e2ntico<\/li>\n<li>Arquiteturas, Hardware e Simula\u00e7\u00e3o de Computa\u00e7\u00e3o Qu\u00e2ntica<\/li>\n<li>Computa\u00e7\u00e3o Qu\u00e2ntica Aplicada<\/li>\n<li>Comunica\u00e7\u00e3o Qu\u00e2ntica<\/li>\n<li>Distribui\u00e7\u00e3o Qu\u00e2ntica de Chaves<\/li>\n<li>Engenharia de Software e<\/li>\n<li>Ferramentas de Computa\u00e7\u00e3o Qu\u00e2ntica<\/li>\n<li>Educa\u00e7\u00e3o, Impactos e Pol\u00edticas P\u00fablicas em Computa\u00e7\u00e3o Qu\u00e2ntica<\/li>\n<li>Fundamentos e Modelos de Computa\u00e7\u00e3o Qu\u00e2ntica<\/li>\n<li>Redes Qu\u00e2nticas e Tecnologias Emergentes<\/li>\n<\/ul>\t\t\t\t\t\t\t\t<\/div>\n\t\t\t\t<\/div>\n\t\t\t\t<div class=\"elementor-element elementor-element-4d8696b elementor-widget elementor-widget-heading\" data-id=\"4d8696b\" data-element_type=\"widget\" data-e-type=\"widget\" data-widget_type=\"heading.default\">\n\t\t\t\t<div class=\"elementor-widget-container\">\n\t\t\t\t\t<h2 class=\"elementor-heading-title elementor-size-default\">Instru\u00e7\u00f5es de Submiss\u00e3o<\/h2>\t\t\t\t<\/div>\n\t\t\t\t<\/div>\n\t\t\t\t<div class=\"elementor-element elementor-element-5d5260e elementor-widget elementor-widget-text-editor\" data-id=\"5d5260e\" data-element_type=\"widget\" data-e-type=\"widget\" data-widget_type=\"text-editor.default\">\n\t\t\t\t<div class=\"elementor-widget-container\">\n\t\t\t\t\t\t\t\t\t<p>Os trabalhos devem ser submetidos na forma de artigo cient\u00edfico, contemplando contribui\u00e7\u00f5es te\u00f3ricas, experimentais e\/ou tecnol\u00f3gicas nas \u00e1reas de computa\u00e7\u00e3o e comunica\u00e7\u00e3o qu\u00e2nticas. Os manuscritos devem ser elaborados preferencialmente em LaTeX, seguindo o formato oficial de artigos da Sociedade Brasileira de Computa\u00e7\u00e3o (SBC), dispon\u00edvel na URL:\u00a0<a href=\"https:\/\/goo.gl\/nfe5ps\">https:\/\/goo.gl\/nfe5ps<\/a>.<\/p>\n<p>Ser\u00e3o aceitos os seguintes formatos de submiss\u00e3o:<\/p>\n<ul>\n<li>Artigos Completos: at\u00e9 12 (doze) p\u00e1ginas, incluindo refer\u00eancias, figuras e tabelas;<\/li>\n<li>Resumo Expandido: at\u00e9 4 (quatro) p\u00e1ginas, incluindo refer\u00eancias, figuras e tabelas.<\/li>\n<\/ul>\n<p>A submiss\u00e3o dos artigos ser\u00e1 realizada exclusivamente em formato PDF, por meio do sistema eletr\u00f4nico JEMS, no endere\u00e7o <a href=\"https:\/\/jems3.sbc.org.br\/sbccq2026\">https:\/\/jems3.sbc.org.br\/sbccq2026<\/a>.<\/p>\n<p>Os trabalhos submetidos ser\u00e3o avaliados por meio do processo de revis\u00e3o single-blind, com pelo menos dois revisores, selecionados dentre os membros do Comit\u00ea de Programa ou pesquisadores por eles indicados, considerando crit\u00e9rios de originalidade, relev\u00e2ncia, qualidade t\u00e9cnica e clareza de apresenta\u00e7\u00e3o.<\/p>\t\t\t\t\t\t\t\t<\/div>\n\t\t\t\t<\/div>\n\t\t\t\t<div class=\"elementor-element elementor-element-d5930c4 elementor-widget elementor-widget-heading\" data-id=\"d5930c4\" data-element_type=\"widget\" data-e-type=\"widget\" data-widget_type=\"heading.default\">\n\t\t\t\t<div class=\"elementor-widget-container\">\n\t\t\t\t\t<h2 class=\"elementor-heading-title elementor-size-default\">Apresenta\u00e7\u00e3o e Publica\u00e7\u00e3o dos Trabalhos<\/h2>\t\t\t\t<\/div>\n\t\t\t\t<\/div>\n\t\t\t\t<div class=\"elementor-element elementor-element-edafe87 elementor-widget elementor-widget-text-editor\" data-id=\"edafe87\" data-element_type=\"widget\" data-e-type=\"widget\" data-widget_type=\"text-editor.default\">\n\t\t\t\t<div class=\"elementor-widget-container\">\n\t\t\t\t\t\t\t\t\t<p>Os artigos aceitos ser\u00e3o publicados nos Anais do evento, na Biblioteca Digital da plataforma SOL da SBC em:\u00a0<a href=\"https:\/\/sol.sbc.org.br\/index.php\">https:\/\/sol.sbc.org.br\/index.php<\/a> . Todos os artigos ser\u00e3o indexados com DOI.<\/p>\n<p>Os organizadores se reservam o direito de n\u00e3o incluir nos Anais aqueles trabalhos que, durante o evento, n\u00e3o forem apresentados por um de seus autores ou por algum representante indicado. Al\u00e9m disso, pelo menos um autor de cada artigo aceito precisa estar inscrito no CSBC.<\/p>\t\t\t\t\t\t\t\t<\/div>\n\t\t\t\t<\/div>\n\t\t\t\t<div class=\"elementor-element elementor-element-17dfd53 elementor-widget elementor-widget-heading\" data-id=\"17dfd53\" data-element_type=\"widget\" data-e-type=\"widget\" data-widget_type=\"heading.default\">\n\t\t\t\t<div class=\"elementor-widget-container\">\n\t\t\t\t\t<h2 class=\"elementor-heading-title elementor-size-default\">Datas Importantes<\/h2>\t\t\t\t<\/div>\n\t\t\t\t<\/div>\n\t\t\t\t<div class=\"elementor-element elementor-element-40639e9 elementor-widget elementor-widget-text-editor\" data-id=\"40639e9\" data-element_type=\"widget\" data-e-type=\"widget\" data-widget_type=\"text-editor.default\">\n\t\t\t\t<div class=\"elementor-widget-container\">\n\t\t\t\t\t\t\t\t\t<ul style=\"font-variant-ligatures: normal; font-variant-caps: normal; font-family: 'Noto Sans', sans-serif; font-size: 16px; font-style: normal; font-weight: 400; color: #000000; text-align: justify;\"><li style=\"font-size: 16px;\" aria-level=\"1\">Prazo para submiss\u00e3o dos trabalhos:<span style=\"color: #ff0000;\">\u00a0<span style=\"font-size: 16px; font-weight: 600;\">30 de mar\u00e7o de 2026 (PRAZO FINAL)<\/span><\/span><\/li><li style=\"font-size: 16px;\" aria-level=\"1\">Divulga\u00e7\u00e3o dos resultados:\u00a0<span style=\"font-size: 16px; font-weight: 600;\">04 de maio de 2026<\/span><\/li><li style=\"font-size: 16px;\" aria-level=\"1\">Envio das vers\u00f5es finais dos artigos:\u00a0<span style=\"font-size: 16px; font-weight: 600;\">18 de maio de 2026<\/span><\/li><li style=\"font-size: 16px;\" aria-level=\"1\">Prazo de inscri\u00e7\u00e3o dos autores:\u00a0<span style=\"font-size: 16px; font-weight: 600;\">18 de maio de 2026<\/span><\/li><li style=\"font-size: 16px;\" aria-level=\"1\">CSBC 2026:\u00a0<span style=\"font-size: 16px; font-weight: 600;\">19 a 23 de julho de 2026<\/span><\/li><\/ul>\t\t\t\t\t\t\t\t<\/div>\n\t\t\t\t<\/div>\n\t\t\t\t<div class=\"elementor-element elementor-element-423a415 elementor-widget elementor-widget-heading\" data-id=\"423a415\" data-element_type=\"widget\" data-e-type=\"widget\" data-widget_type=\"heading.default\">\n\t\t\t\t<div class=\"elementor-widget-container\">\n\t\t\t\t\t<h2 class=\"elementor-heading-title elementor-size-default\">Premia\u00e7\u00f5es<\/h2>\t\t\t\t<\/div>\n\t\t\t\t<\/div>\n\t\t\t\t<div class=\"elementor-element elementor-element-53783b4 elementor-widget elementor-widget-text-editor\" data-id=\"53783b4\" data-element_type=\"widget\" data-e-type=\"widget\" data-widget_type=\"text-editor.default\">\n\t\t\t\t<div class=\"elementor-widget-container\">\n\t\t\t\t\t\t\t\t\t<p style=\"font-variant-ligatures: normal; font-variant-caps: normal; font-family: 'Noto Sans', sans-serif; font-size: 16px; font-style: normal; font-weight: 400; color: #000000; text-align: justify;\">Ao final, os melhores trabalhos ser\u00e3o anunciados e receber\u00e3o certificados e men\u00e7\u00f5es honrosas. Os melhores artigos podem ser selecionados e encaminhados para publica\u00e7\u00e3o estendida em peri\u00f3dicos.<\/p>\t\t\t\t\t\t\t\t<\/div>\n\t\t\t\t<\/div>\n\t\t\t\t<div class=\"elementor-element elementor-element-85162dd elementor-widget elementor-widget-heading\" data-id=\"85162dd\" data-element_type=\"widget\" data-e-type=\"widget\" data-widget_type=\"heading.default\">\n\t\t\t\t<div class=\"elementor-widget-container\">\n\t\t\t\t\t<h2 class=\"elementor-heading-title elementor-size-default\">Coordena\u00e7\u00e3o<\/h2>\t\t\t\t<\/div>\n\t\t\t\t<\/div>\n\t\t\t\t<div class=\"elementor-element elementor-element-ada11ce elementor-widget elementor-widget-text-editor\" data-id=\"ada11ce\" data-element_type=\"widget\" data-e-type=\"widget\" data-widget_type=\"text-editor.default\">\n\t\t\t\t<div class=\"elementor-widget-container\">\n\t\t\t\t\t\t\t\t\t<ul style=\"font-variant-ligatures: normal; font-variant-caps: normal; font-family: 'Noto Sans', sans-serif; font-size: 16px; font-style: normal; font-weight: 400; color: #000000; text-align: justify;\">\n<li style=\"font-size: 16px;\" aria-level=\"1\">\n<p>Ant\u00f4nio Jorge Gomes Abel\u00e9m (UFPA) &#8211; Coordenador Geral<\/p>\n<\/li>\n<li style=\"font-size: 16px;\" aria-level=\"1\">\n<p>Adenilton Jos\u00e9 da Silva (UFPE) &#8211; Coordenador Geral<\/p>\n<\/li>\n<li style=\"font-size: 16px;\" aria-level=\"1\">\n<p>Jeferson Campos Nobre (UFRGS) &#8211; Coordenador Geral<\/p>\n<\/li>\n<\/ul>\t\t\t\t\t\t\t\t<\/div>\n\t\t\t\t<\/div>\n\t\t\t\t<div class=\"elementor-element elementor-element-f5c8995 elementor-widget elementor-widget-heading\" data-id=\"f5c8995\" data-element_type=\"widget\" data-e-type=\"widget\" data-widget_type=\"heading.default\">\n\t\t\t\t<div class=\"elementor-widget-container\">\n\t\t\t\t\t<h2 class=\"elementor-heading-title elementor-size-default\">Comit\u00ea de Programa<\/h2>\t\t\t\t<\/div>\n\t\t\t\t<\/div>\n\t\t\t\t<div class=\"elementor-element elementor-element-f337d70 elementor-widget elementor-widget-text-editor\" data-id=\"f337d70\" data-element_type=\"widget\" data-e-type=\"widget\" data-widget_type=\"text-editor.default\">\n\t\t\t\t<div class=\"elementor-widget-container\">\n\t\t\t\t\t\t\t\t\t<p>Em constru\u00e7\u00e3o.<\/p>\t\t\t\t\t\t\t\t<\/div>\n\t\t\t\t<\/div>\n\t\t\t\t\t<\/div>\n\t\t\t\t<\/div>\n\t\t\t\t<\/div>\n\t\t","protected":false},"excerpt":{"rendered":"<p>SBCCQ &#8211; 1\u00ba Simp\u00f3sio Brasileiro de Computa\u00e7\u00e3o e Comunica\u00e7\u00e3o Qu\u00e2nticas Sobre o Evento A Computa\u00e7\u00e3o Qu\u00e2ntica e a Comunica\u00e7\u00e3o Qu\u00e2ntica consolidaram-se, nos \u00faltimos anos, como pilares estrat\u00e9gicos para a pr\u00f3xima gera\u00e7\u00e3o de sistemas computacionais e de redes. Impulsionadas pelos avan\u00e7os em algoritmos qu\u00e2nticos, arquiteturas h\u00edbridas qu\u00e2ntico-cl\u00e1ssicas e infraestruturas experimentais de redes qu\u00e2nticas, essas tecnologias est\u00e3o [&hellip;]<\/p>\n","protected":false},"author":8,"featured_media":0,"parent":0,"menu_order":0,"comment_status":"closed","ping_status":"closed","template":"","meta":{"ocean_post_layout":"","ocean_both_sidebars_style":"","ocean_both_sidebars_content_width":0,"ocean_both_sidebars_sidebars_width":0,"ocean_sidebar":"","ocean_second_sidebar":"","ocean_disable_margins":"enable","ocean_add_body_class":"","ocean_shortcode_before_top_bar":"","ocean_shortcode_after_top_bar":"","ocean_shortcode_before_header":"","ocean_shortcode_after_header":"","ocean_has_shortcode":"","ocean_shortcode_after_title":"","ocean_shortcode_before_footer_widgets":"","ocean_shortcode_after_footer_widgets":"","ocean_shortcode_before_footer_bottom":"","ocean_shortcode_after_footer_bottom":"","ocean_display_top_bar":"default","ocean_display_header":"default","ocean_header_style":"","ocean_center_header_left_menu":"","ocean_custom_header_template":"","ocean_custom_logo":0,"ocean_custom_retina_logo":0,"ocean_custom_logo_max_width":0,"ocean_custom_logo_tablet_max_width":0,"ocean_custom_logo_mobile_max_width":0,"ocean_custom_logo_max_height":0,"ocean_custom_logo_tablet_max_height":0,"ocean_custom_logo_mobile_max_height":0,"ocean_header_custom_menu":"","ocean_menu_typo_font_family":"","ocean_menu_typo_font_subset":"","ocean_menu_typo_font_size":0,"ocean_menu_typo_font_size_tablet":0,"ocean_menu_typo_font_size_mobile":0,"ocean_menu_typo_font_size_unit":"px","ocean_menu_typo_font_weight":"","ocean_menu_typo_font_weight_tablet":"","ocean_menu_typo_font_weight_mobile":"","ocean_menu_typo_transform":"","ocean_menu_typo_transform_tablet":"","ocean_menu_typo_transform_mobile":"","ocean_menu_typo_line_height":0,"ocean_menu_typo_line_height_tablet":0,"ocean_menu_typo_line_height_mobile":0,"ocean_menu_typo_line_height_unit":"","ocean_menu_typo_spacing":0,"ocean_menu_typo_spacing_tablet":0,"ocean_menu_typo_spacing_mobile":0,"ocean_menu_typo_spacing_unit":"","ocean_menu_link_color":"","ocean_menu_link_color_hover":"","ocean_menu_link_color_active":"","ocean_menu_link_background":"","ocean_menu_link_hover_background":"","ocean_menu_link_active_background":"","ocean_menu_social_links_bg":"","ocean_menu_social_hover_links_bg":"","ocean_menu_social_links_color":"","ocean_menu_social_hover_links_color":"","ocean_disable_title":"default","ocean_disable_heading":"default","ocean_post_title":"","ocean_post_subheading":"","ocean_post_title_style":"","ocean_post_title_background_color":"","ocean_post_title_background":0,"ocean_post_title_bg_image_position":"","ocean_post_title_bg_image_attachment":"","ocean_post_title_bg_image_repeat":"","ocean_post_title_bg_image_size":"","ocean_post_title_height":0,"ocean_post_title_bg_overlay":0.5,"ocean_post_title_bg_overlay_color":"","ocean_disable_breadcrumbs":"default","ocean_breadcrumbs_color":"","ocean_breadcrumbs_separator_color":"","ocean_breadcrumbs_links_color":"","ocean_breadcrumbs_links_hover_color":"","ocean_display_footer_widgets":"default","ocean_display_footer_bottom":"default","ocean_custom_footer_template":"","_joinchat":[],"footnotes":""},"class_list":["post-17109","page","type-page","status-publish","hentry","entry"],"_links":{"self":[{"href":"https:\/\/csbc.sbc.org.br\/2026\/wp-json\/wp\/v2\/pages\/17109","targetHints":{"allow":["GET"]}}],"collection":[{"href":"https:\/\/csbc.sbc.org.br\/2026\/wp-json\/wp\/v2\/pages"}],"about":[{"href":"https:\/\/csbc.sbc.org.br\/2026\/wp-json\/wp\/v2\/types\/page"}],"author":[{"embeddable":true,"href":"https:\/\/csbc.sbc.org.br\/2026\/wp-json\/wp\/v2\/users\/8"}],"replies":[{"embeddable":true,"href":"https:\/\/csbc.sbc.org.br\/2026\/wp-json\/wp\/v2\/comments?post=17109"}],"version-history":[{"count":10,"href":"https:\/\/csbc.sbc.org.br\/2026\/wp-json\/wp\/v2\/pages\/17109\/revisions"}],"predecessor-version":[{"id":17860,"href":"https:\/\/csbc.sbc.org.br\/2026\/wp-json\/wp\/v2\/pages\/17109\/revisions\/17860"}],"wp:attachment":[{"href":"https:\/\/csbc.sbc.org.br\/2026\/wp-json\/wp\/v2\/media?parent=17109"}],"curies":[{"name":"wp","href":"https:\/\/api.w.org\/{rel}","templated":true}]}}