{"id":17139,"date":"2026-02-04T13:24:04","date_gmt":"2026-02-04T16:24:04","guid":{"rendered":"https:\/\/csbc.sbc.org.br\/2026\/?page_id=17139"},"modified":"2026-03-16T18:43:59","modified_gmt":"2026-03-16T21:43:59","slug":"lasdigov","status":"publish","type":"page","link":"https:\/\/csbc.sbc.org.br\/2026\/lasdigov\/","title":{"rendered":"LASDiGov &#8211; Latin American Symposium on Digital Government"},"content":{"rendered":"\t\t<div data-elementor-type=\"wp-page\" data-elementor-id=\"17139\" class=\"elementor elementor-17139\">\n\t\t\t\t<div class=\"elementor-element elementor-element-0a3ba60 e-flex e-con-boxed e-con e-parent\" data-id=\"0a3ba60\" data-element_type=\"container\" data-e-type=\"container\">\n\t\t\t\t\t<div class=\"e-con-inner\">\n\t\t\t\t<div class=\"elementor-element elementor-element-67e0fc4 elementor-widget elementor-widget-heading\" data-id=\"67e0fc4\" data-element_type=\"widget\" data-e-type=\"widget\" data-widget_type=\"heading.default\">\n\t\t\t\t<div class=\"elementor-widget-container\">\n\t\t\t\t\t<h1 class=\"elementor-heading-title elementor-size-default\">LASDiGov<span style=\"font-weight:normal;line-height:1.1em\"> - 14\u00ba Latin American Symposium on Digital Government<\/span><\/h1>\t\t\t\t<\/div>\n\t\t\t\t<\/div>\n\t\t\t\t\t<\/div>\n\t\t\t\t<\/div>\n\t\t<div class=\"elementor-element elementor-element-0ea5134 e-flex e-con-boxed elementor-invisible e-con e-parent\" data-id=\"0ea5134\" data-element_type=\"container\" data-e-type=\"container\" data-settings=\"{&quot;animation&quot;:&quot;fadeIn&quot;}\">\n\t\t\t\t\t<div class=\"e-con-inner\">\n\t\t\t\t<div class=\"elementor-element elementor-element-954ffb2 elementor-widget elementor-widget-spacer\" data-id=\"954ffb2\" data-element_type=\"widget\" data-e-type=\"widget\" data-widget_type=\"spacer.default\">\n\t\t\t\t<div class=\"elementor-widget-container\">\n\t\t\t\t\t\t\t<div class=\"elementor-spacer\">\n\t\t\t<div class=\"elementor-spacer-inner\"><\/div>\n\t\t<\/div>\n\t\t\t\t\t\t<\/div>\n\t\t\t\t<\/div>\n\t\t\t\t<div class=\"elementor-element elementor-element-360f452 elementor-widget elementor-widget-heading\" data-id=\"360f452\" data-element_type=\"widget\" data-e-type=\"widget\" data-widget_type=\"heading.default\">\n\t\t\t\t<div class=\"elementor-widget-container\">\n\t\t\t\t\t<h2 class=\"elementor-heading-title elementor-size-default\">Sobre o Evento<\/h2>\t\t\t\t<\/div>\n\t\t\t\t<\/div>\n\t\t\t\t<div class=\"elementor-element elementor-element-383609b elementor-widget elementor-widget-text-editor\" data-id=\"383609b\" data-element_type=\"widget\" data-e-type=\"widget\" data-widget_type=\"text-editor.default\">\n\t\t\t\t<div class=\"elementor-widget-container\">\n\t\t\t\t\t\t\t\t\t<p>O 14\u00ba Latin American Symposium on Digital Government (LASDiGov), que substitui o Workshop de Computa\u00e7\u00e3o Aplicada em Governo Eletr\u00f4nico (WCGE), \u00e9 um f\u00f3rum dedicado \u00e0 apresenta\u00e7\u00e3o e discuss\u00e3o de m\u00e9todos, solu\u00e7\u00f5es e resultados pr\u00e1ticos oriundos da aplica\u00e7\u00e3o de TICs em iniciativas de Governo Eletr\u00f4nico. A mudan\u00e7a do nome para LASDiGov foi decidida pelo Grupo de Interesse em Governo Digital (GIGD) da Sociedade Brasileira de Computa\u00e7\u00e3o (SBC) para refletir uma atualiza\u00e7\u00e3o da nomenclatura, de Governo Eletr\u00f4nico para Governo Digital, e para refletir os esfor\u00e7os do GIGD em expandir a participa\u00e7\u00e3o no evento de outros pesquisadores da Am\u00e9rica Latina.<\/p><p>Este simp\u00f3sio, que vem crescendo muito e tem recebido cada vez mais trabalhos multidisciplinares, traz para a SBC um olhar sociot\u00e9cnico sobre a manipula\u00e7\u00e3o e o uso de informa\u00e7\u00f5es e sistemas governamentais. Isso se deve ao fato de que a computa\u00e7\u00e3o vem sendo cada vez mais utilizada para promover e escalar grandes a\u00e7\u00f5es de planejamento, an\u00e1lise, transforma\u00e7\u00e3o e comunica\u00e7\u00e3o em todas as \u00e1reas e inst\u00e2ncias de governo, incluindo os poderes executivo, legislativo e judici\u00e1rio, e em n\u00edveis municipais, estaduais e federais. Al\u00e9m disso, leis como a Lei de Acesso \u00e0 Informa\u00e7\u00e3o (LAI), a Lei Geral de Prote\u00e7\u00e3o de Dados (LGPD) e, mais recentemente, a Lei do Governo Digital definem e direcionam o Governo para sua completa digitaliza\u00e7\u00e3o e para a orienta\u00e7\u00e3o a uma transforma\u00e7\u00e3o digital como caminho estrat\u00e9gico de melhoria cont\u00ednua e de inova\u00e7\u00e3o no servi\u00e7o p\u00fablico.<\/p>\t\t\t\t\t\t\t\t<\/div>\n\t\t\t\t<\/div>\n\t\t\t\t<div class=\"elementor-element elementor-element-5a28d82 elementor-widget elementor-widget-heading\" data-id=\"5a28d82\" data-element_type=\"widget\" data-e-type=\"widget\" data-widget_type=\"heading.default\">\n\t\t\t\t<div class=\"elementor-widget-container\">\n\t\t\t\t\t<h2 class=\"elementor-heading-title elementor-size-default\">T\u00f3picos de Interesse<\/h2>\t\t\t\t<\/div>\n\t\t\t\t<\/div>\n\t\t\t\t<div class=\"elementor-element elementor-element-7ba31a3 elementor-widget elementor-widget-text-editor\" data-id=\"7ba31a3\" data-element_type=\"widget\" data-e-type=\"widget\" data-widget_type=\"text-editor.default\">\n\t\t\t\t<div class=\"elementor-widget-container\">\n\t\t\t\t\t\t\t\t\t<p>Os t\u00f3picos de interesse compreendem, mas n\u00e3o est\u00e3o restritos a:<\/p><p><strong>Fundamentos, Arquiteturas e Interoperabilidade do Governo Digital<\/strong><\/p><ul><li>Fundamentos de governo eletr\u00f4nico \u2013 teorias, padr\u00f5es, m\u00e9todos e frameworks<\/li><li>Arquitetura tecnol\u00f3gica para governo eletr\u00f4nico<\/li><li>Interoperabilidade no governo \u2013 padr\u00f5es, m\u00e9todos e ferramentas<\/li><li>Sem\u00e2ntica e ontologias governamentais<\/li><li>Sistemas de apoio \u00e0 implementa\u00e7\u00e3o de leis e regulamentos<\/li><li>Gest\u00e3o e opera\u00e7\u00e3o da infraestrutura governamental<\/li><\/ul><p><strong>Gest\u00e3o P\u00fablica Digital e Processos de Governo<\/strong><\/p><ul><li>Gest\u00e3o de processos p\u00fablicos<\/li><li>Governos inteligentes (smart governments) e governan\u00e7a<\/li><li>Ecossistemas governamentais<\/li><li>Sistemas de informa\u00e7\u00e3o colaborativos no governo<\/li><li>Projeto (design) de solu\u00e7\u00f5es para o setor p\u00fablico<\/li><\/ul><p><strong>Dados, Intelig\u00eancia Artificial e Tecnologias Emergentes no Setor P\u00fablico<\/strong><\/p><ul><li>Ci\u00eancia de dados aplicada ao governo<\/li><li>Uso de intelig\u00eancia artificial no setor p\u00fablico<\/li><li>Tecnologia de registros distribu\u00eddos (Distributed Ledger Technology \u2013 DLT)<\/li><li>Blockchain e o setor p\u00fablico<\/li><li>Internet das Coisas (IoT) e o setor p\u00fablico<\/li><li>Mundos virtuais e o setor p\u00fablico<\/li><\/ul><p><strong>Seguran\u00e7a, Privacidade, Identidade e Prote\u00e7\u00e3o da Informa\u00e7\u00e3o<\/strong><\/p><ul><li>Acesso p\u00fablico on-line seguro, inclus\u00e3o digital, privacidade e gest\u00e3o de identidade digital<\/li><li>Prote\u00e7\u00e3o de dados e privacy by design<\/li><li>Seguran\u00e7a da informa\u00e7\u00e3o p\u00fablica<\/li><li>Preserva\u00e7\u00e3o digital e mem\u00f3ria institucional<\/li><\/ul><p><strong>Governo Aberto, Transpar\u00eancia e Dados Abertos<\/strong><\/p><ul><li>Dados abertos governamentais<\/li><li>Transpar\u00eancia p\u00fablica<\/li><li>Inova\u00e7\u00e3o aberta<\/li><\/ul><p><strong>Participa\u00e7\u00e3o Social, Coprodu\u00e7\u00e3o e Governan\u00e7a Colaborativa<\/strong><\/p><ul><li>Governan\u00e7a participativa<\/li><li>Coprodu\u00e7\u00e3o de servi\u00e7os p\u00fablicos<\/li><li>Modelos e processos de participa\u00e7\u00e3o social<\/li><li>Crowdsourcing, crowdsensing e citizensourcing<\/li><\/ul><p><strong>Comunica\u00e7\u00e3o Governamental, Linguagem Cidad\u00e3 e M\u00eddias Sociais<\/strong><\/p><ul><li>Uso de m\u00eddias sociais para comunica\u00e7\u00e3o (G2B \u2013 Governo para Empresas e G2C \u2013 Governo para Cidad\u00e3os)<\/li><li>M\u00eddias sociais no governo<\/li><li>Linguagem simples \/ linguagem cidad\u00e3<\/li><li>Educa\u00e7\u00e3o para transpar\u00eancia e participa\u00e7\u00e3o<\/li><\/ul>\t\t\t\t\t\t\t\t<\/div>\n\t\t\t\t<\/div>\n\t\t\t\t<div class=\"elementor-element elementor-element-4d8696b elementor-widget elementor-widget-heading\" data-id=\"4d8696b\" data-element_type=\"widget\" data-e-type=\"widget\" data-widget_type=\"heading.default\">\n\t\t\t\t<div class=\"elementor-widget-container\">\n\t\t\t\t\t<h2 class=\"elementor-heading-title elementor-size-default\">Instru\u00e7\u00f5es de Submiss\u00e3o<\/h2>\t\t\t\t<\/div>\n\t\t\t\t<\/div>\n\t\t\t\t<div class=\"elementor-element elementor-element-5d5260e elementor-widget elementor-widget-text-editor\" data-id=\"5d5260e\" data-element_type=\"widget\" data-e-type=\"widget\" data-widget_type=\"text-editor.default\">\n\t\t\t\t<div class=\"elementor-widget-container\">\n\t\t\t\t\t\t\t\t\t<p>O LASDiGov aceitar\u00e1 trabalhos nas seguintes categorias:<\/p><ul><li>Artigos completos: 10 a 12 p\u00e1ginas<\/li><li>Relatos pr\u00e1ticos de organiza\u00e7\u00f5es: 6 a 8 p\u00e1ginas (sugest\u00e3o de estrutura: Resumo, Introdu\u00e7\u00e3o, Situa\u00e7\u00e3o\/Contexto, A\u00e7\u00f5es realizadas, Resultados, Li\u00e7\u00f5es aprendidas, Refer\u00eancias)<\/li><li>Resumos estendidos: 2 a 3 p\u00e1ginas<\/li><\/ul><p>Os artigos poder\u00e3o ser escritos em portugu\u00eas, espanhol ou ingl\u00eas, seguindo o modelo de formata\u00e7\u00e3o para artigos da SBC, dispon\u00edvel em <a href=\"https:\/\/www.sbc.org.br\/documentosinstitucionais\/#publicacoes\">https:\/\/www.sbc.org.br\/documentosinstitucionais\/#publicacoes<\/a>\u00a0 ou <a href=\"https:\/\/www.overleaf.com\/latex\/templates\/tagged\/sbc\">https:\/\/www.overleaf.com\/latex\/templates\/tagged\/sbc<\/a>.<\/p><p>Na elabora\u00e7\u00e3o de suas submiss\u00f5es, os autores dever\u00e3o seguir as recomenda\u00e7\u00f5es do <a href=\"https:\/\/www.sbc.org.br\/wp-content\/uploads\/2024\/07\/Revis-o-e-atualiza-o-do-C-digo-de-Conduta-para-Autores_Resolucao_2024-001-1.pdf\">C\u00f3digo de Conduta para Autores em Publica\u00e7\u00f5es da SBC<\/a>.<\/p><p>Ser\u00e1 utilizada a metodologia de revis\u00e3o duplamente cega <em>(double-blind)<\/em>. Portanto, os trabalhos dever\u00e3o ser submetidos de forma an\u00f4nima, sem qualquer informa\u00e7\u00e3o que permita a identifica\u00e7\u00e3o da autoria; caso contr\u00e1rio, os artigos ser\u00e3o rejeitados. Todos os trabalhos ser\u00e3o revisados por tr\u00eas membros do comit\u00ea do WCGE.<\/p><p>Sugest\u00f5es para tornar seu trabalho an\u00f4nimo incluem:<\/p><ul><li>Remova qualquer identifica\u00e7\u00e3o de autoria, no espa\u00e7o destinado ao nome dos autores coloque <em>&lt;omitido para revis\u00e3o&gt;<\/em> e das institui\u00e7\u00f5es <em>&lt;institui\u00e7\u00f5es dos autores&gt;<\/em>.<\/li><li>Remova as cita\u00e7\u00f5es de artigos de sua pr\u00f3pria autoria ao longo do texto. Se houver necessidade de cita\u00e7\u00e3o, use o termo <em>&lt;omitido para revis\u00e3o&gt;<\/em>.<\/li><li>Evite citar uma grande quantidade de trabalhos de sua pr\u00f3pria autoria. Atenha-se ao m\u00ednimo de trabalhos suficiente para contextualizar a nova contribui\u00e7\u00e3o, como se fosse um trabalho escrito por outra pessoa aos olhos de quem l\u00ea sua submiss\u00e3o.<\/li><li>Evite express\u00f5es do tipo <em>\u201cEm trabalhos anteriores, n\u00f3s [\u2026]\u201d<\/em> seguidas de uma cita\u00e7\u00e3o expl\u00edcita de um trabalho de sua autoria ou de seu grupo de pesquisa.<\/li><li>Omita a se\u00e7\u00e3o de Agradecimentos, se houver; a mesma poder\u00e1 ser inserida na vers\u00e3o final, caso a submiss\u00e3o seja aceita.<\/li><li>Para mais informa\u00e7\u00f5es sobre processo de revis\u00e3o\/avalia\u00e7\u00e3o an\u00f4nima recomendamos a leitura de: <em>Moro, M. M., 2021. Guia R\u00e1pido para Submiss\u00e3o An\u00f4nima: proteja sua identidade corretamente. ISSN: 2175-9235<\/em>. Dispon\u00edvel em: <a href=\"https:\/\/bit.ly\/submissao-anonima\">https:\/\/bit.ly\/submissao-anonima<\/a>.<\/li><\/ul><p>Recomenda-se que os trabalhos publicados em edi\u00e7\u00f5es anteriores do LASDiGov sejam conhecidos. Isso pode facilitar a identifica\u00e7\u00e3o da real contribui\u00e7\u00e3o da submiss\u00e3o para o escopo do evento. Edi\u00e7\u00f5es anteriores est\u00e3o dispon\u00edveis em <a href=\"https:\/\/sol.sbc.org.br\/index.php\/wcge\">https:\/\/sol.sbc.org.br\/index.php\/wcge<\/a>. As submiss\u00f5es devem ser realizadas eletronicamente atrav\u00e9s do sistema JEMS, no link <a href=\"https:\/\/jems3.sbc.org.br\/lasdigov2026\">https:\/\/jems3.sbc.org.br\/lasdigov2026<\/a>.<\/p><p>Em edi\u00e7\u00f5es anteriores, os autores de artigos selecionados para apresenta\u00e7\u00e3o no LASDiGov foram convidados a submeter vers\u00f5es ampliadas e revisadas de seus trabalhos para o JIS (Journal on Interactive Systems). Este ano, pretendemos seguir a mesma pol\u00edtica de incentivar submiss\u00f5es de alta qualidade, recomendando vers\u00f5es ampliadas para publica\u00e7\u00e3o em peri\u00f3dicos internacionais, incluindo o JIS e o iSys \u2013 Journal of Information Systems.<\/p>\t\t\t\t\t\t\t\t<\/div>\n\t\t\t\t<\/div>\n\t\t\t\t<div class=\"elementor-element elementor-element-d5930c4 elementor-widget elementor-widget-heading\" data-id=\"d5930c4\" data-element_type=\"widget\" data-e-type=\"widget\" data-widget_type=\"heading.default\">\n\t\t\t\t<div class=\"elementor-widget-container\">\n\t\t\t\t\t<h2 class=\"elementor-heading-title elementor-size-default\">Keynote e Painelistas<\/h2>\t\t\t\t<\/div>\n\t\t\t\t<\/div>\n\t\t\t\t<div class=\"elementor-element elementor-element-edafe87 elementor-widget elementor-widget-text-editor\" data-id=\"edafe87\" data-element_type=\"widget\" data-e-type=\"widget\" data-widget_type=\"text-editor.default\">\n\t\t\t\t<div class=\"elementor-widget-container\">\n\t\t\t\t\t\t\t\t\t<p>Em constru\u00e7\u00e3o.<\/p>\t\t\t\t\t\t\t\t<\/div>\n\t\t\t\t<\/div>\n\t\t\t\t<div class=\"elementor-element elementor-element-17dfd53 elementor-widget elementor-widget-heading\" data-id=\"17dfd53\" data-element_type=\"widget\" data-e-type=\"widget\" data-widget_type=\"heading.default\">\n\t\t\t\t<div class=\"elementor-widget-container\">\n\t\t\t\t\t<h2 class=\"elementor-heading-title elementor-size-default\">Datas Importantes<\/h2>\t\t\t\t<\/div>\n\t\t\t\t<\/div>\n\t\t\t\t<div class=\"elementor-element elementor-element-40639e9 elementor-widget elementor-widget-text-editor\" data-id=\"40639e9\" data-element_type=\"widget\" data-e-type=\"widget\" data-widget_type=\"text-editor.default\">\n\t\t\t\t<div class=\"elementor-widget-container\">\n\t\t\t\t\t\t\t\t\t<ul style=\"font-variant-ligatures: normal; font-variant-caps: normal; font-family: 'Noto Sans', sans-serif; font-size: 16px; font-style: normal; font-weight: 400; color: #000000; text-align: justify;\"><li style=\"font-size: 16px;\" aria-level=\"1\">Prazo para submiss\u00e3o dos trabalhos:<span style=\"color: #ff0000;\"> <span style=\"font-size: 16px; font-weight: 600;\">30 de mar\u00e7o de 2026 (PRAZO FINAL)<\/span><\/span><\/li><li style=\"font-size: 16px;\" aria-level=\"1\">Divulga\u00e7\u00e3o dos resultados:\u00a0<span style=\"font-size: 16px; font-weight: 600;\">04 de maio de 2026<\/span><\/li><li style=\"font-size: 16px;\" aria-level=\"1\">Envio das vers\u00f5es finais dos artigos:\u00a0<span style=\"font-size: 16px; font-weight: 600;\">18 de maio de 2026<\/span><\/li><li style=\"font-size: 16px;\" aria-level=\"1\">Prazo de inscri\u00e7\u00e3o dos autores:\u00a0<span style=\"font-size: 16px; font-weight: 600;\">18 de maio de 2026<\/span><\/li><li style=\"font-size: 16px;\" aria-level=\"1\">CSBC 2026:\u00a0<span style=\"font-size: 16px; font-weight: 600;\">19 a 23 de julho de 2026<\/span><\/li><\/ul>\t\t\t\t\t\t\t\t<\/div>\n\t\t\t\t<\/div>\n\t\t\t\t<div class=\"elementor-element elementor-element-85162dd elementor-widget elementor-widget-heading\" data-id=\"85162dd\" data-element_type=\"widget\" data-e-type=\"widget\" data-widget_type=\"heading.default\">\n\t\t\t\t<div class=\"elementor-widget-container\">\n\t\t\t\t\t<h2 class=\"elementor-heading-title elementor-size-default\">Coordena\u00e7\u00e3o<\/h2>\t\t\t\t<\/div>\n\t\t\t\t<\/div>\n\t\t\t\t<div class=\"elementor-element elementor-element-ada11ce elementor-widget elementor-widget-text-editor\" data-id=\"ada11ce\" data-element_type=\"widget\" data-e-type=\"widget\" data-widget_type=\"text-editor.default\">\n\t\t\t\t<div class=\"elementor-widget-container\">\n\t\t\t\t\t\t\t\t\t<ul style=\"font-variant-ligatures: normal; font-variant-caps: normal; font-family: 'Noto Sans', sans-serif; font-size: 16px; font-style: normal; font-weight: 400; color: #000000; text-align: justify;\"><li>Johnny Cardoso Marques (ITA) &#8211; Coordenador Geral<\/li><li>Antonio Fernando Lavareda Jacob Junior (UEMA) &#8211; Coordenador Geral<\/li><li>Pedro Almir (IFMA) &#8211; Coordenador de Comit\u00ea de Programa<\/li><\/ul>\t\t\t\t\t\t\t\t<\/div>\n\t\t\t\t<\/div>\n\t\t\t\t<div class=\"elementor-element elementor-element-6a84581 elementor-widget elementor-widget-heading\" data-id=\"6a84581\" data-element_type=\"widget\" data-e-type=\"widget\" data-widget_type=\"heading.default\">\n\t\t\t\t<div class=\"elementor-widget-container\">\n\t\t\t\t\t<h2 class=\"elementor-heading-title elementor-size-default\">Contato<\/h2>\t\t\t\t<\/div>\n\t\t\t\t<\/div>\n\t\t\t\t<div class=\"elementor-element elementor-element-9252700 elementor-widget elementor-widget-text-editor\" data-id=\"9252700\" data-element_type=\"widget\" data-e-type=\"widget\" data-widget_type=\"text-editor.default\">\n\t\t\t\t<div class=\"elementor-widget-container\">\n\t\t\t\t\t\t\t\t\t<p><a href=\"mailto:lasdigov.coordenacao@gmail.com\">lasdigov.coordenacao@gmail.com<\/a><\/p>\t\t\t\t\t\t\t\t<\/div>\n\t\t\t\t<\/div>\n\t\t\t\t<div class=\"elementor-element elementor-element-f5c8995 elementor-widget elementor-widget-heading\" data-id=\"f5c8995\" data-element_type=\"widget\" data-e-type=\"widget\" data-widget_type=\"heading.default\">\n\t\t\t\t<div class=\"elementor-widget-container\">\n\t\t\t\t\t<h2 class=\"elementor-heading-title elementor-size-default\">Comit\u00ea de Programa<\/h2>\t\t\t\t<\/div>\n\t\t\t\t<\/div>\n\t\t\t\t<div class=\"elementor-element elementor-element-f337d70 elementor-widget elementor-widget-text-editor\" data-id=\"f337d70\" data-element_type=\"widget\" data-e-type=\"widget\" data-widget_type=\"text-editor.default\">\n\t\t\t\t<div class=\"elementor-widget-container\">\n\t\t\t\t\t\t\t\t\t<ul><li>Alysson Filgueira Milanez, Universidade Federal Rural do Semi\u00e1rido<\/li><li>Amanda Drielly Pires Venceslau, Universidade Federal do Cear\u00e1<\/li><li>Andre Aquino, Universidade Federal de Alagoas (UFAL)<\/li><li>Andre Grutzmann, Universidade Federal de Lavras (UFLA)<\/li><li>Andre Luiz Peron Martins Lanna, Universidade de Bras\u00edlia (UnB)<\/li><li>Andr\u00e9 Serrano, Universidade de Bras\u00edlia (UnB)<\/li><li>Antonio Rafael Braga, Universidade Federal do Cear\u00e1<\/li><li>Armando Sousa, Federal University of Piau\u00ed<\/li><li>Bruna Diirr, Universidade Federal do Estado do Rio de Janeiro<\/li><li>Carla Bezerra, Universidade Federal do Cear\u00e1<\/li><li>Carla Silva Rocha Aguiar, Universidade de Bras\u00edlia (UnB)<\/li><li>Carlos Denner dos Santos, Universidade de Bras\u00edlia (UnB)<\/li><li>Claudia Cappelli, Universidade do Estado do Rio de Janeiro<\/li><li>Denis Ros\u00e1rio, Federal University of Par\u00e1<\/li><li>Denivan Campos, University of Molise<\/li><li>Edgard Costa Oliveira, Autoridade Nacional de Prote\u00e7\u00e3o de Dados<\/li><li>Edna Dias Canedo, Universidade de Bras\u00edlia (UnB)<\/li><li>Elaine Venson, Universidade de Bras\u00edlia (UnB)<\/li><li>Emanuel Coutinho, Universidade Federal do Cear\u00e1<\/li><li>Evilasio Costa Junior, Universidade Federal do Cear\u00e1<\/li><li>Fabiana Gomes Marinho, Instituto Federal de Educa\u00e7\u00e3o, Ci\u00eancia e Tecnologia do Cear\u00e1<\/li><li>F\u00e1bio Lobato, Universidade Federal do Oeste do Par\u00e1<\/li><li>Fernando Pinto, Universidade Federal Fluminense<\/li><li>Flavia Bernardini, Universidade Federal Fluminense<\/li><li>George Marsicano, Universidade de Bras\u00edlia (UnB)<\/li><li>Glauco Carneiro, Universidade Salvador<\/li><li>Glauco Vitor Pedrosa, Universidade de Bras\u00edlia (UnB)<\/li><li>Heitor Augustus Xavier Costa, Federal University of Lavras<\/li><li>Ismayle Santos, Universidade Estadual do Cear\u00e1<\/li><li>Italo Linhares, Universidade Federal do Cear\u00e1<\/li><li>Jo\u00e3o Marcelo Uch\u00f4a de Alencar, Universidade Federal do Cear\u00e1<\/li><li>John Lenon Cardoso Gardenghi, Universidade de Bras\u00edlia (UnB)<\/li><li>Johnny Cardoso Marques, Instituto Tecnol\u00f3gico de Aeron\u00e1utica<\/li><li>Leandro B. Miranda, Universidade Federal Fluminense<\/li><li>Leonardo Rocha, State University of Cear\u00e1<\/li><li>Leticia Lopes Leite, Universidade de Bras\u00edlia (UnB)<\/li><li>Luciana Bolan Frigo, Universidade Federal de Santa Catarina<\/li><li>Luciano Gonda, Universidade Federal de Mato Grosso do Sul<\/li><li>Luis Carlos Erpen De Bona, Federal University of Paran\u00e1<\/li><li>Luiz Paulo Carvalho, Universidade Federal do Rio de Janeiro<\/li><li>Marcelo Ladeira, Universidade de Bras\u00edlia (UnB)<\/li><li>Maur\u00edcio F. Galimberti, Universidade Federal de Santa Catarina<\/li><li>Paulo Caetano da Silva, Universidade Salvador<\/li><li>Pedro Almir Martins Oliveira, GREat\/UFC, IFMA<\/li><li>Rainara Maia Carvalho, Universidade Federal do Cear\u00e1<\/li><li>Rejane Maria da Costa Figueiredo, Universidade de Bras\u00edlia (UnB)<\/li><li>Rodrigo Oliveira, Universidade Federal Fluminense<\/li><li>Rodrigo Salvador Monteiro, Universidade Federal Fluminense<\/li><li>Sergio Antonio Andrade de Freitas, Universidade de Bras\u00edlia (UnB)<\/li><li>Valdemar Vicente Graciano Neto, Universidade Federal de Goi\u00e1s<\/li><li>Val\u00e9ria Lelli, Universidade Federal do Cear\u00e1<\/li><li>Vanessa Tavares Nunes, Instituto de Tecnologia e Lideran\u00e7a<\/li><li>Vin\u00edcius Gon\u00e7alves, Universidade de Bras\u00edlia (UnB)<\/li><\/ul>\t\t\t\t\t\t\t\t<\/div>\n\t\t\t\t<\/div>\n\t\t\t\t\t<\/div>\n\t\t\t\t<\/div>\n\t\t\t\t<\/div>\n\t\t","protected":false},"excerpt":{"rendered":"<p>LASDiGov &#8211; 14\u00ba Latin American Symposium on Digital Government Sobre o Evento O 14\u00ba Latin American Symposium on Digital Government (LASDiGov), que substitui o Workshop de Computa\u00e7\u00e3o Aplicada em Governo Eletr\u00f4nico (WCGE), \u00e9 um f\u00f3rum dedicado \u00e0 apresenta\u00e7\u00e3o e discuss\u00e3o de m\u00e9todos, solu\u00e7\u00f5es e resultados pr\u00e1ticos oriundos da aplica\u00e7\u00e3o de TICs em iniciativas de Governo [&hellip;]<\/p>\n","protected":false},"author":8,"featured_media":0,"parent":0,"menu_order":0,"comment_status":"closed","ping_status":"closed","template":"","meta":{"ocean_post_layout":"","ocean_both_sidebars_style":"","ocean_both_sidebars_content_width":0,"ocean_both_sidebars_sidebars_width":0,"ocean_sidebar":"","ocean_second_sidebar":"","ocean_disable_margins":"enable","ocean_add_body_class":"","ocean_shortcode_before_top_bar":"","ocean_shortcode_after_top_bar":"","ocean_shortcode_before_header":"","ocean_shortcode_after_header":"","ocean_has_shortcode":"","ocean_shortcode_after_title":"","ocean_shortcode_before_footer_widgets":"","ocean_shortcode_after_footer_widgets":"","ocean_shortcode_before_footer_bottom":"","ocean_shortcode_after_footer_bottom":"","ocean_display_top_bar":"default","ocean_display_header":"default","ocean_header_style":"","ocean_center_header_left_menu":"","ocean_custom_header_template":"","ocean_custom_logo":0,"ocean_custom_retina_logo":0,"ocean_custom_logo_max_width":0,"ocean_custom_logo_tablet_max_width":0,"ocean_custom_logo_mobile_max_width":0,"ocean_custom_logo_max_height":0,"ocean_custom_logo_tablet_max_height":0,"ocean_custom_logo_mobile_max_height":0,"ocean_header_custom_menu":"","ocean_menu_typo_font_family":"","ocean_menu_typo_font_subset":"","ocean_menu_typo_font_size":0,"ocean_menu_typo_font_size_tablet":0,"ocean_menu_typo_font_size_mobile":0,"ocean_menu_typo_font_size_unit":"px","ocean_menu_typo_font_weight":"","ocean_menu_typo_font_weight_tablet":"","ocean_menu_typo_font_weight_mobile":"","ocean_menu_typo_transform":"","ocean_menu_typo_transform_tablet":"","ocean_menu_typo_transform_mobile":"","ocean_menu_typo_line_height":0,"ocean_menu_typo_line_height_tablet":0,"ocean_menu_typo_line_height_mobile":0,"ocean_menu_typo_line_height_unit":"","ocean_menu_typo_spacing":0,"ocean_menu_typo_spacing_tablet":0,"ocean_menu_typo_spacing_mobile":0,"ocean_menu_typo_spacing_unit":"","ocean_menu_link_color":"","ocean_menu_link_color_hover":"","ocean_menu_link_color_active":"","ocean_menu_link_background":"","ocean_menu_link_hover_background":"","ocean_menu_link_active_background":"","ocean_menu_social_links_bg":"","ocean_menu_social_hover_links_bg":"","ocean_menu_social_links_color":"","ocean_menu_social_hover_links_color":"","ocean_disable_title":"default","ocean_disable_heading":"default","ocean_post_title":"","ocean_post_subheading":"","ocean_post_title_style":"","ocean_post_title_background_color":"","ocean_post_title_background":0,"ocean_post_title_bg_image_position":"","ocean_post_title_bg_image_attachment":"","ocean_post_title_bg_image_repeat":"","ocean_post_title_bg_image_size":"","ocean_post_title_height":0,"ocean_post_title_bg_overlay":0.5,"ocean_post_title_bg_overlay_color":"","ocean_disable_breadcrumbs":"default","ocean_breadcrumbs_color":"","ocean_breadcrumbs_separator_color":"","ocean_breadcrumbs_links_color":"","ocean_breadcrumbs_links_hover_color":"","ocean_display_footer_widgets":"default","ocean_display_footer_bottom":"default","ocean_custom_footer_template":"","_joinchat":[],"footnotes":""},"class_list":["post-17139","page","type-page","status-publish","hentry","entry"],"_links":{"self":[{"href":"https:\/\/csbc.sbc.org.br\/2026\/wp-json\/wp\/v2\/pages\/17139","targetHints":{"allow":["GET"]}}],"collection":[{"href":"https:\/\/csbc.sbc.org.br\/2026\/wp-json\/wp\/v2\/pages"}],"about":[{"href":"https:\/\/csbc.sbc.org.br\/2026\/wp-json\/wp\/v2\/types\/page"}],"author":[{"embeddable":true,"href":"https:\/\/csbc.sbc.org.br\/2026\/wp-json\/wp\/v2\/users\/8"}],"replies":[{"embeddable":true,"href":"https:\/\/csbc.sbc.org.br\/2026\/wp-json\/wp\/v2\/comments?post=17139"}],"version-history":[{"count":13,"href":"https:\/\/csbc.sbc.org.br\/2026\/wp-json\/wp\/v2\/pages\/17139\/revisions"}],"predecessor-version":[{"id":17813,"href":"https:\/\/csbc.sbc.org.br\/2026\/wp-json\/wp\/v2\/pages\/17139\/revisions\/17813"}],"wp:attachment":[{"href":"https:\/\/csbc.sbc.org.br\/2026\/wp-json\/wp\/v2\/media?parent=17139"}],"curies":[{"name":"wp","href":"https:\/\/api.w.org\/{rel}","templated":true}]}}