{"id":17983,"date":"2026-04-05T19:15:56","date_gmt":"2026-04-05T22:15:56","guid":{"rendered":"https:\/\/csbc.sbc.org.br\/2026\/?page_id=17983"},"modified":"2026-04-14T15:18:48","modified_gmt":"2026-04-14T18:18:48","slug":"como-chegar","status":"publish","type":"page","link":"https:\/\/csbc.sbc.org.br\/2026\/como-chegar\/","title":{"rendered":"Como Chegar"},"content":{"rendered":"\t\t<div data-elementor-type=\"wp-page\" data-elementor-id=\"17983\" class=\"elementor elementor-17983\">\n\t\t\t\t<div class=\"elementor-element elementor-element-0a3ba60 e-flex e-con-boxed e-con e-parent\" data-id=\"0a3ba60\" data-element_type=\"container\" data-e-type=\"container\">\n\t\t\t\t\t<div class=\"e-con-inner\">\n\t\t\t\t<div class=\"elementor-element elementor-element-67e0fc4 elementor-widget elementor-widget-heading\" data-id=\"67e0fc4\" data-element_type=\"widget\" data-e-type=\"widget\" data-widget_type=\"heading.default\">\n\t\t\t\t<div class=\"elementor-widget-container\">\n\t\t\t\t\t<h1 class=\"elementor-heading-title elementor-size-default\">Como Chegar<\/h1>\t\t\t\t<\/div>\n\t\t\t\t<\/div>\n\t\t\t\t\t<\/div>\n\t\t\t\t<\/div>\n\t\t<div class=\"elementor-element elementor-element-1c57f3b e-flex e-con-boxed e-con e-parent\" data-id=\"1c57f3b\" data-element_type=\"container\" data-e-type=\"container\">\n\t\t\t\t\t<div class=\"e-con-inner\">\n\t\t\t\t<div class=\"elementor-element elementor-element-100f69b elementor-alert-info elementor-widget elementor-widget-alert\" data-id=\"100f69b\" data-element_type=\"widget\" data-e-type=\"widget\" data-widget_type=\"alert.default\">\n\t\t\t\t<div class=\"elementor-widget-container\">\n\t\t\t\t\t\t\t<div class=\"elementor-alert\" role=\"alert\">\n\n\t\t\t\t\t\t<span class=\"elementor-alert-title\">Reserve seus servi\u00e7os de transporte com anteced\u00eancia!<\/span>\n\t\t\t\n\t\t\t\n\t\t\t\t\t\t<button type=\"button\" class=\"elementor-alert-dismiss\" aria-label=\"Dispensar este alerta.\">\n\t\t\t\t\t\t\t\t\t<span aria-hidden=\"true\">&times;<\/span>\n\t\t\t\t\t\t\t<\/button>\n\t\t\t\n\t\t<\/div>\n\t\t\t\t\t\t<\/div>\n\t\t\t\t<\/div>\n\t\t\t\t<div class=\"elementor-element elementor-element-3641088 elementor-widget elementor-widget-heading\" data-id=\"3641088\" data-element_type=\"widget\" data-e-type=\"widget\" data-widget_type=\"heading.default\">\n\t\t\t\t<div class=\"elementor-widget-container\">\n\t\t\t\t\t<h2 class=\"elementor-heading-title elementor-size-default\">Sobre Gramado<\/h2>\t\t\t\t<\/div>\n\t\t\t\t<\/div>\n\t\t<div class=\"elementor-element elementor-element-61b3867 e-grid e-con-full e-con e-child\" data-id=\"61b3867\" data-element_type=\"container\" data-e-type=\"container\">\n\t\t\t\t<div class=\"elementor-element elementor-element-70e0b6a elementor-widget elementor-widget-text-editor\" data-id=\"70e0b6a\" data-element_type=\"widget\" data-e-type=\"widget\" data-widget_type=\"text-editor.default\">\n\t\t\t\t<div class=\"elementor-widget-container\">\n\t\t\t\t\t\t\t\t\t<p>A 118 km de Porto Alegre, a cidade de Gramado est\u00e1 localizada no nordeste do estado do Rio Grande do Sul na regi\u00e3o montanhosa da Serra Ga\u00facha, com latitude de 29\u00b0 24&#8242; sul e longitude de 50\u00b0 52&#8242; oeste.<\/p>\n<p>\u00a0A temperatura na cidade durante o m\u00eas de julho quando o evento ocorrer\u00e1 varia na faixa de 10\u00b0 a 18\u00b0, e o fuso hor\u00e1rio \u00e9 o mesmo de Bras\u00edlia: GMT-3 (sem hor\u00e1rio de ver\u00e3o).<\/p>\n<p>Confira o <a href=\"https:\/\/blog.brockerturismo.com.br\/clima-em-gramado-em-julho-tudo-que-ainda-nao-contaram-para-voce\/\">blog da Brocker Turismo sobre o clima de Gramado em julho.<\/a><\/p>\t\t\t\t\t\t\t\t<\/div>\n\t\t\t\t<\/div>\n\t\t\t\t<div class=\"elementor-element elementor-element-02eada7 elementor-widget elementor-widget-image\" data-id=\"02eada7\" data-element_type=\"widget\" data-e-type=\"widget\" data-widget_type=\"image.default\">\n\t\t\t\t<div class=\"elementor-widget-container\">\n\t\t\t\t\t\t\t\t\t\t\t\t<figure class=\"wp-caption\">\n\t\t\t\t\t\t\t\t\t\t<img fetchpriority=\"high\" decoding=\"async\" width=\"1024\" height=\"684\" src=\"https:\/\/csbc.sbc.org.br\/2026\/wp-content\/uploads\/2026\/04\/RCV5242-1024x684.jpg\" class=\"attachment-large size-large wp-image-18175\" alt=\"\" srcset=\"https:\/\/csbc.sbc.org.br\/2026\/wp-content\/uploads\/2026\/04\/RCV5242-1024x684.jpg 1024w, https:\/\/csbc.sbc.org.br\/2026\/wp-content\/uploads\/2026\/04\/RCV5242-300x200.jpg 300w, https:\/\/csbc.sbc.org.br\/2026\/wp-content\/uploads\/2026\/04\/RCV5242-768x513.jpg 768w, https:\/\/csbc.sbc.org.br\/2026\/wp-content\/uploads\/2026\/04\/RCV5242-1536x1025.jpg 1536w, https:\/\/csbc.sbc.org.br\/2026\/wp-content\/uploads\/2026\/04\/RCV5242-2048x1367.jpg 2048w\" sizes=\"(max-width: 1024px) 100vw, 1024px\" \/>\t\t\t\t\t\t\t\t\t\t\t<figcaption class=\"widget-image-caption wp-caption-text\">Cr\u00e9ditos: Rafael Cavalli<\/figcaption>\n\t\t\t\t\t\t\t\t\t\t<\/figure>\n\t\t\t\t\t\t\t\t\t<\/div>\n\t\t\t\t<\/div>\n\t\t\t\t<\/div>\n\t\t\t\t<div class=\"elementor-element elementor-element-2911cb0 elementor-widget elementor-widget-heading\" data-id=\"2911cb0\" data-element_type=\"widget\" data-e-type=\"widget\" data-widget_type=\"heading.default\">\n\t\t\t\t<div class=\"elementor-widget-container\">\n\t\t\t\t\t<h2 class=\"elementor-heading-title elementor-size-default\">Transporte do Aeroporto Internacional Salgado Filho para Gramado<\/h2>\t\t\t\t<\/div>\n\t\t\t\t<\/div>\n\t\t\t\t<div class=\"elementor-element elementor-element-56d59fc elementor-widget elementor-widget-text-editor\" data-id=\"56d59fc\" data-element_type=\"widget\" data-e-type=\"widget\" data-widget_type=\"text-editor.default\">\n\t\t\t\t<div class=\"elementor-widget-container\">\n\t\t\t\t\t\t\t\t\t<p>O Aeroporto Internacional Salgado Filho em Porto Alegre \u00e9 o maior e mais importante aeroporto da regi\u00e3o sul do Brasil. Al\u00e9m disso, existem diversos voos internacionais com conex\u00e3o direta para o aeroporto vindo de cidades do Mercosul como Buenos Aires, Santiago e Lima. Do aeroporto, existem v\u00e1rias op\u00e7\u00f5es dispon\u00edveis de transporte terrestre para Gramado, veja algumas das op\u00e7\u00f5es!<\/p>\t\t\t\t\t\t\t\t<\/div>\n\t\t\t\t<\/div>\n\t\t\t\t<div class=\"elementor-element elementor-element-a125855 elementor-widget elementor-widget-heading\" data-id=\"a125855\" data-element_type=\"widget\" data-e-type=\"widget\" data-widget_type=\"heading.default\">\n\t\t\t\t<div class=\"elementor-widget-container\">\n\t\t\t\t\t<h2 class=\"elementor-heading-title elementor-size-default\">1. Transporte  de \u00d4nibus<\/h2>\t\t\t\t<\/div>\n\t\t\t\t<\/div>\n\t\t\t\t<div class=\"elementor-element elementor-element-9a449ca elementor-widget elementor-widget-text-editor\" data-id=\"9a449ca\" data-element_type=\"widget\" data-e-type=\"widget\" data-widget_type=\"text-editor.default\">\n\t\t\t\t<div class=\"elementor-widget-container\">\n\t\t\t\t\t\t\t\t\t<p>A empresa Citral fornece linhas de \u00f4nibus regulares e translado do aeroporto Salgado Filho, em Porto Alegre, diretamente para Gramado e Canela. Os pre\u00e7os por passagem variam a partir de R$ 66,55 e a viagem dura em torno de 2h30min. Mais informa\u00e7\u00f5es sobre a compra de passagens podem ser encontradas no <a href=\"https:\/\/www.citral.tur.br\/site\/default.asp?TroncoID=638072&amp;SecaoID=737073&amp;SubsecaoID=0\">site da companhia.<\/a><\/p>\t\t\t\t\t\t\t\t<\/div>\n\t\t\t\t<\/div>\n\t\t\t\t<div class=\"elementor-element elementor-element-13700d1 elementor-widget elementor-widget-heading\" data-id=\"13700d1\" data-element_type=\"widget\" data-e-type=\"widget\" data-widget_type=\"heading.default\">\n\t\t\t\t<div class=\"elementor-widget-container\">\n\t\t\t\t\t<h2 class=\"elementor-heading-title elementor-size-default\">2. Servi\u00e7os de Aplicativos<\/h2>\t\t\t\t<\/div>\n\t\t\t\t<\/div>\n\t\t\t\t<div class=\"elementor-element elementor-element-65bcd92 elementor-widget elementor-widget-text-editor\" data-id=\"65bcd92\" data-element_type=\"widget\" data-e-type=\"widget\" data-widget_type=\"text-editor.default\">\n\t\t\t\t<div class=\"elementor-widget-container\">\n\t\t\t\t\t\t\t\t\t<p>\u00c9 poss\u00edvel tamb\u00e9m realizar a viagem do Aeroporto Salgado Filho at\u00e9 Gramado atrav\u00e9s de servi\u00e7os de transporte de aplicativo (Uber, 99Pop, BlaBlaCar, etc).\u00a0 Recomendamos checar os pre\u00e7os antes de pedir o servi\u00e7o pois estes podem variar conforme hor\u00e1rio e aplicativo. Simula\u00e7\u00f5es de pre\u00e7os para o caminho variam na m\u00e9dia de R$ 280,00.<\/p>\t\t\t\t\t\t\t\t<\/div>\n\t\t\t\t<\/div>\n\t\t\t\t<div class=\"elementor-element elementor-element-47023ff elementor-widget elementor-widget-heading\" data-id=\"47023ff\" data-element_type=\"widget\" data-e-type=\"widget\" data-widget_type=\"heading.default\">\n\t\t\t\t<div class=\"elementor-widget-container\">\n\t\t\t\t\t<h2 class=\"elementor-heading-title elementor-size-default\">3. Servi\u00e7o de Traslado<\/h2>\t\t\t\t<\/div>\n\t\t\t\t<\/div>\n\t\t\t\t<div class=\"elementor-element elementor-element-1feb992 elementor-widget elementor-widget-text-editor\" data-id=\"1feb992\" data-element_type=\"widget\" data-e-type=\"widget\" data-widget_type=\"text-editor.default\">\n\t\t\t\t<div class=\"elementor-widget-container\">\n\t\t\t\t\t\t\t\t\t<p>A ag\u00eancia oficial de turismo do congresso oferece uma op\u00e7\u00e3o de traslado do aeroporto a Gramado, com op\u00e7\u00f5es de ida e volta. Veja mais detalhes e pre\u00e7os abaixo!\u00a0<\/p>\t\t\t\t\t\t\t\t<\/div>\n\t\t\t\t<\/div>\n\t\t\t\t<div class=\"elementor-element elementor-element-7e6d7c6 elementor-widget elementor-widget-heading\" data-id=\"7e6d7c6\" data-element_type=\"widget\" data-e-type=\"widget\" data-widget_type=\"heading.default\">\n\t\t\t\t<div class=\"elementor-widget-container\">\n\t\t\t\t\t<h2 class=\"elementor-heading-title elementor-size-default\">Ag\u00eancia Oficial de Turismo<\/h2>\t\t\t\t<\/div>\n\t\t\t\t<\/div>\n\t\t\t\t<div class=\"elementor-element elementor-element-e529871 elementor-widget elementor-widget-text-editor\" data-id=\"e529871\" data-element_type=\"widget\" data-e-type=\"widget\" data-widget_type=\"text-editor.default\">\n\t\t\t\t<div class=\"elementor-widget-container\">\n\t\t\t\t\t\t\t\t\t<p>A <strong>ag\u00eancia oficial de turismo do CSBC 2026 \u00e9 a Brocker Turismo<\/strong>. Ela possui toda a infraestrutura necess\u00e1ria para providenciar suporte log\u00edstico, conforto e seguran\u00e7a para sua viagem a Gramado. Atrav\u00e9s do <a href=\"https:\/\/eventos.brockerturismo.com.br\/eventos\/csbc-2026\">hotsite da Brocker Turismo<\/a>, \u00e9 poss\u00edvel contratar seus servi\u00e7os de acomoda\u00e7\u00e3o (confira a p\u00e1gina <a href=\"https:\/\/csbc.sbc.org.br\/2026\/hospedagem\/\">Hospedagem<\/a>), servi\u00e7os de traslado, bem como tours e atividades recreacionais na regi\u00e3o.<\/p>\n<p>Chegando ao Aeroporto Salgado Filho, em Porto Alegre, a ag\u00eancia oferece o servi\u00e7o de traslado regular, com compras com anteced\u00eancia, para a sua acomada\u00e7\u00e3o em Gramado.<\/p>\t\t\t\t\t\t\t\t<\/div>\n\t\t\t\t<\/div>\n\t\t<div class=\"elementor-element elementor-element-47f8ffd e-grid e-con-full e-con e-child\" data-id=\"47f8ffd\" data-element_type=\"container\" data-e-type=\"container\">\n\t\t\t\t<div class=\"elementor-element elementor-element-4138eba elementor-widget elementor-widget-image\" data-id=\"4138eba\" data-element_type=\"widget\" data-e-type=\"widget\" data-widget_type=\"image.default\">\n\t\t\t\t<div class=\"elementor-widget-container\">\n\t\t\t\t\t\t\t\t\t\t\t\t\t\t\t\t<a href=\"https:\/\/eventos.brockerturismo.com.br\/eventos\/csbc-2026\">\n\t\t\t\t\t\t\t<img decoding=\"async\" width=\"1024\" height=\"576\" src=\"https:\/\/csbc.sbc.org.br\/2026\/wp-content\/uploads\/2024\/05\/Brocker-Eventos-1024x576.png\" class=\"attachment-large size-large wp-image-16688\" alt=\"\" srcset=\"https:\/\/csbc.sbc.org.br\/2026\/wp-content\/uploads\/2024\/05\/Brocker-Eventos-1024x576.png 1024w, https:\/\/csbc.sbc.org.br\/2026\/wp-content\/uploads\/2024\/05\/Brocker-Eventos-300x169.png 300w, https:\/\/csbc.sbc.org.br\/2026\/wp-content\/uploads\/2024\/05\/Brocker-Eventos-768x432.png 768w, https:\/\/csbc.sbc.org.br\/2026\/wp-content\/uploads\/2024\/05\/Brocker-Eventos-1536x864.png 1536w, https:\/\/csbc.sbc.org.br\/2026\/wp-content\/uploads\/2024\/05\/Brocker-Eventos-2048x1152.png 2048w, https:\/\/csbc.sbc.org.br\/2026\/wp-content\/uploads\/2024\/05\/Brocker-Eventos-800x450.png 800w\" sizes=\"(max-width: 1024px) 100vw, 1024px\" \/>\t\t\t\t\t\t\t\t<\/a>\n\t\t\t\t\t\t\t\t\t\t\t\t\t\t\t<\/div>\n\t\t\t\t<\/div>\n\t\t\t\t<div class=\"elementor-element elementor-element-0f2a337 elementor-widget elementor-widget-text-editor\" data-id=\"0f2a337\" data-element_type=\"widget\" data-e-type=\"widget\" data-widget_type=\"text-editor.default\">\n\t\t\t\t<div class=\"elementor-widget-container\">\n\t\t\t\t\t\t\t\t\t<div><strong>Contato<\/strong>:<\/div>\n<ul>\n<li>+55 54 3282.5445 (Telefone)<\/li>\n<li>+55 54 99163.1410 (WhatsApp)<\/li>\n<li><a href=\"mailto:eventos@brockerturismo.com.br\">eventos@brockerturismo.com.br<\/a><\/li>\n<\/ul>\t\t\t\t\t\t\t\t<\/div>\n\t\t\t\t<\/div>\n\t\t\t\t<\/div>\n\t\t<div class=\"elementor-element elementor-element-c4ebc33 e-con-full e-flex e-con e-child\" data-id=\"c4ebc33\" data-element_type=\"container\" data-e-type=\"container\">\n\t\t\t\t<div class=\"elementor-element elementor-element-78b4ce2 elementor-widget elementor-widget-heading\" data-id=\"78b4ce2\" data-element_type=\"widget\" data-e-type=\"widget\" data-widget_type=\"heading.default\">\n\t\t\t\t<div class=\"elementor-widget-container\">\n\t\t\t\t\t<h2 class=\"elementor-heading-title elementor-size-default\">Traslado Regular<\/h2>\t\t\t\t<\/div>\n\t\t\t\t<\/div>\n\t\t<div class=\"elementor-element elementor-element-0cc5da7 e-grid e-con-full e-con e-child\" data-id=\"0cc5da7\" data-element_type=\"container\" data-e-type=\"container\">\n\t\t\t\t<div class=\"elementor-element elementor-element-2b7e584 elementor-widget elementor-widget-text-editor\" data-id=\"2b7e584\" data-element_type=\"widget\" data-e-type=\"widget\" data-widget_type=\"text-editor.default\">\n\t\t\t\t<div class=\"elementor-widget-container\">\n\t\t\t\t\t\t\t\t\t<p>Para contrata\u00e7\u00e3o antecipada, chegando no <a href=\"https:\/\/portoalegre-airport.com.br\/pt\">Aeroporto Salgado Filho<\/a>, em Porto Alegre, nossa equipe aguarda em nosso Lounge VIP, logo na sa\u00edda do desembarque nacional (piso t\u00e9rreo).<\/p><p>Na chegada tempo de espera de at\u00e9 no m\u00e1ximo 90 minutos ap\u00f3s apresenta\u00e7\u00e3o para equipe no desembarque.<\/p><p>Retorno programado 5h a 6h antes do hor\u00e1rio do voo.<\/p><p><strong>Valor por pessoa:<\/strong><\/p><ul><li>R$ 249,00 \u2013 incluso ida e volta<\/li><li>OU R$ 124,50 somente um dos trechos, por pessoa<\/li><\/ul>\t\t\t\t\t\t\t\t<\/div>\n\t\t\t\t<\/div>\n\t\t\t\t<div class=\"elementor-element elementor-element-fa9a231 elementor-arrows-position-inside elementor-widget elementor-widget-image-carousel\" data-id=\"fa9a231\" data-element_type=\"widget\" data-e-type=\"widget\" data-settings=\"{&quot;slides_to_show&quot;:&quot;1&quot;,&quot;navigation&quot;:&quot;arrows&quot;,&quot;autoplay&quot;:&quot;yes&quot;,&quot;pause_on_hover&quot;:&quot;yes&quot;,&quot;pause_on_interaction&quot;:&quot;yes&quot;,&quot;autoplay_speed&quot;:5000,&quot;infinite&quot;:&quot;yes&quot;,&quot;effect&quot;:&quot;slide&quot;,&quot;speed&quot;:500}\" data-widget_type=\"image-carousel.default\">\n\t\t\t\t<div class=\"elementor-widget-container\">\n\t\t\t\t\t\t\t<div class=\"elementor-image-carousel-wrapper swiper\" role=\"region\" aria-roledescription=\"carousel\" aria-label=\"Carrossel de imagens\" dir=\"ltr\">\n\t\t\t<div class=\"elementor-image-carousel swiper-wrapper\" aria-live=\"off\">\n\t\t\t\t\t\t\t\t<div class=\"swiper-slide\" role=\"group\" aria-roledescription=\"slide\" aria-label=\"1 de 2\"><figure class=\"swiper-slide-inner\"><img decoding=\"async\" class=\"swiper-slide-image\" src=\"https:\/\/csbc.sbc.org.br\/2026\/wp-content\/uploads\/2025\/12\/TRANSFER-3.png\" alt=\"TRANSFER (3)\" \/><\/figure><\/div><div class=\"swiper-slide\" role=\"group\" aria-roledescription=\"slide\" aria-label=\"2 de 2\"><figure class=\"swiper-slide-inner\"><img decoding=\"async\" class=\"swiper-slide-image\" src=\"https:\/\/csbc.sbc.org.br\/2026\/wp-content\/uploads\/2025\/12\/Loja-Aeropoto-POA-1-1024x768.jpeg\" alt=\"Loja Aeropoto POA (1)\" \/><\/figure><\/div>\t\t\t<\/div>\n\t\t\t\t\t\t\t\t\t\t\t\t<div class=\"elementor-swiper-button elementor-swiper-button-prev\" role=\"button\" tabindex=\"0\">\n\t\t\t\t\t\t<i aria-hidden=\"true\" class=\"eicon-chevron-left\"><\/i>\t\t\t\t\t<\/div>\n\t\t\t\t\t<div class=\"elementor-swiper-button elementor-swiper-button-next\" role=\"button\" tabindex=\"0\">\n\t\t\t\t\t\t<i aria-hidden=\"true\" class=\"eicon-chevron-right\"><\/i>\t\t\t\t\t<\/div>\n\t\t\t\t\n\t\t\t\t\t\t\t\t\t<\/div>\n\t\t\t\t\t\t<\/div>\n\t\t\t\t<\/div>\n\t\t\t\t<\/div>\n\t\t\t\t<\/div>\n\t\t\t\t<div class=\"elementor-element elementor-element-e9c9eb8 elementor-widget elementor-widget-heading\" data-id=\"e9c9eb8\" data-element_type=\"widget\" data-e-type=\"widget\" data-widget_type=\"heading.default\">\n\t\t\t\t<div class=\"elementor-widget-container\">\n\t\t\t\t\t<h2 class=\"elementor-heading-title elementor-size-default\">Chegando no Local do Evento<\/h2>\t\t\t\t<\/div>\n\t\t\t\t<\/div>\n\t\t\t\t<div class=\"elementor-element elementor-element-5b055a2 elementor-widget elementor-widget-text-editor\" data-id=\"5b055a2\" data-element_type=\"widget\" data-e-type=\"widget\" data-widget_type=\"text-editor.default\">\n\t\t\t\t<div class=\"elementor-widget-container\">\n\t\t\t\t\t\t\t\t\t<p>J\u00e1 estando em Gramado, \u00e9 poss\u00edvel deslocar-se para o local do evento por meio de transporte p\u00fablico ou por aplicativo de transporte. Confira a p\u00e1gina <a href=\"https:\/\/csbc.sbc.org.br\/2026\/local-do-evento\/\">Local do Evento<\/a> para mais informa\u00e7\u00f5es sobre a localiza\u00e7\u00e3o e as rotas para o Centro de Eventos\u00a0 de Gramado (ExpoGramado).<\/p><p>O ExpoGramado est\u00e1 localizado na <strong><span class=\"address\">Av. Borges de Medeiros, 4111 \u2013 Centro, Gramado \u2013 RS<\/span><\/strong><\/p>\t\t\t\t\t\t\t\t<\/div>\n\t\t\t\t<\/div>\n\t\t\t\t\t<\/div>\n\t\t\t\t<\/div>\n\t\t<div class=\"elementor-element elementor-element-fbbefe8 e-flex e-con-boxed e-con e-parent\" data-id=\"fbbefe8\" data-element_type=\"container\" data-e-type=\"container\">\n\t\t\t\t\t<div class=\"e-con-inner\">\n\t\t\t\t\t<\/div>\n\t\t\t\t<\/div>\n\t\t\t\t<\/div>\n\t\t","protected":false},"excerpt":{"rendered":"<p>Como Chegar Reserve seus servi\u00e7os de transporte com anteced\u00eancia! &times; Sobre Gramado A 118 km de Porto Alegre, a cidade de Gramado est\u00e1 localizada no nordeste do estado do Rio Grande do Sul na regi\u00e3o montanhosa da Serra Ga\u00facha, com latitude de 29\u00b0 24&#8242; sul e longitude de 50\u00b0 52&#8242; oeste. \u00a0A temperatura na cidade [&hellip;]<\/p>\n","protected":false},"author":8,"featured_media":0,"parent":0,"menu_order":0,"comment_status":"closed","ping_status":"closed","template":"","meta":{"ocean_post_layout":"","ocean_both_sidebars_style":"","ocean_both_sidebars_content_width":0,"ocean_both_sidebars_sidebars_width":0,"ocean_sidebar":"","ocean_second_sidebar":"","ocean_disable_margins":"enable","ocean_add_body_class":"","ocean_shortcode_before_top_bar":"","ocean_shortcode_after_top_bar":"","ocean_shortcode_before_header":"","ocean_shortcode_after_header":"","ocean_has_shortcode":"","ocean_shortcode_after_title":"","ocean_shortcode_before_footer_widgets":"","ocean_shortcode_after_footer_widgets":"","ocean_shortcode_before_footer_bottom":"","ocean_shortcode_after_footer_bottom":"","ocean_display_top_bar":"default","ocean_display_header":"default","ocean_header_style":"","ocean_center_header_left_menu":"","ocean_custom_header_template":"","ocean_custom_logo":0,"ocean_custom_retina_logo":0,"ocean_custom_logo_max_width":0,"ocean_custom_logo_tablet_max_width":0,"ocean_custom_logo_mobile_max_width":0,"ocean_custom_logo_max_height":0,"ocean_custom_logo_tablet_max_height":0,"ocean_custom_logo_mobile_max_height":0,"ocean_header_custom_menu":"","ocean_menu_typo_font_family":"","ocean_menu_typo_font_subset":"","ocean_menu_typo_font_size":0,"ocean_menu_typo_font_size_tablet":0,"ocean_menu_typo_font_size_mobile":0,"ocean_menu_typo_font_size_unit":"px","ocean_menu_typo_font_weight":"","ocean_menu_typo_font_weight_tablet":"","ocean_menu_typo_font_weight_mobile":"","ocean_menu_typo_transform":"","ocean_menu_typo_transform_tablet":"","ocean_menu_typo_transform_mobile":"","ocean_menu_typo_line_height":0,"ocean_menu_typo_line_height_tablet":0,"ocean_menu_typo_line_height_mobile":0,"ocean_menu_typo_line_height_unit":"","ocean_menu_typo_spacing":0,"ocean_menu_typo_spacing_tablet":0,"ocean_menu_typo_spacing_mobile":0,"ocean_menu_typo_spacing_unit":"","ocean_menu_link_color":"","ocean_menu_link_color_hover":"","ocean_menu_link_color_active":"","ocean_menu_link_background":"","ocean_menu_link_hover_background":"","ocean_menu_link_active_background":"","ocean_menu_social_links_bg":"","ocean_menu_social_hover_links_bg":"","ocean_menu_social_links_color":"","ocean_menu_social_hover_links_color":"","ocean_disable_title":"default","ocean_disable_heading":"default","ocean_post_title":"","ocean_post_subheading":"","ocean_post_title_style":"","ocean_post_title_background_color":"","ocean_post_title_background":0,"ocean_post_title_bg_image_position":"","ocean_post_title_bg_image_attachment":"","ocean_post_title_bg_image_repeat":"","ocean_post_title_bg_image_size":"","ocean_post_title_height":0,"ocean_post_title_bg_overlay":0.5,"ocean_post_title_bg_overlay_color":"","ocean_disable_breadcrumbs":"default","ocean_breadcrumbs_color":"","ocean_breadcrumbs_separator_color":"","ocean_breadcrumbs_links_color":"","ocean_breadcrumbs_links_hover_color":"","ocean_display_footer_widgets":"default","ocean_display_footer_bottom":"default","ocean_custom_footer_template":"","_joinchat":[],"footnotes":""},"class_list":["post-17983","page","type-page","status-publish","hentry","entry"],"_links":{"self":[{"href":"https:\/\/csbc.sbc.org.br\/2026\/wp-json\/wp\/v2\/pages\/17983","targetHints":{"allow":["GET"]}}],"collection":[{"href":"https:\/\/csbc.sbc.org.br\/2026\/wp-json\/wp\/v2\/pages"}],"about":[{"href":"https:\/\/csbc.sbc.org.br\/2026\/wp-json\/wp\/v2\/types\/page"}],"author":[{"embeddable":true,"href":"https:\/\/csbc.sbc.org.br\/2026\/wp-json\/wp\/v2\/users\/8"}],"replies":[{"embeddable":true,"href":"https:\/\/csbc.sbc.org.br\/2026\/wp-json\/wp\/v2\/comments?post=17983"}],"version-history":[{"count":76,"href":"https:\/\/csbc.sbc.org.br\/2026\/wp-json\/wp\/v2\/pages\/17983\/revisions"}],"predecessor-version":[{"id":18210,"href":"https:\/\/csbc.sbc.org.br\/2026\/wp-json\/wp\/v2\/pages\/17983\/revisions\/18210"}],"wp:attachment":[{"href":"https:\/\/csbc.sbc.org.br\/2026\/wp-json\/wp\/v2\/media?parent=17983"}],"curies":[{"name":"wp","href":"https:\/\/api.w.org\/{rel}","templated":true}]}}