{"id":18381,"date":"2026-05-05T15:34:04","date_gmt":"2026-05-05T18:34:04","guid":{"rendered":"https:\/\/csbc.sbc.org.br\/2026\/?page_id=18381"},"modified":"2026-05-08T02:14:18","modified_gmt":"2026-05-08T05:14:18","slug":"orientacoes-aos-autores-versao-final-artigos-aceitos-eventos","status":"publish","type":"page","link":"https:\/\/csbc.sbc.org.br\/2026\/orientacoes-aos-autores-versao-final-artigos-aceitos-eventos\/","title":{"rendered":"Orienta\u00e7\u00f5es para a Vers\u00e3o Final (Camera-Ready)"},"content":{"rendered":"\t\t<div data-elementor-type=\"wp-page\" data-elementor-id=\"18381\" class=\"elementor elementor-18381\">\n\t\t\t\t<div class=\"elementor-element elementor-element-0a3ba60 e-flex e-con-boxed e-con e-parent\" data-id=\"0a3ba60\" data-element_type=\"container\" data-e-type=\"container\">\n\t\t\t\t\t<div class=\"e-con-inner\">\n\t\t\t\t<div class=\"elementor-element elementor-element-67e0fc4 elementor-widget elementor-widget-heading\" data-id=\"67e0fc4\" data-element_type=\"widget\" data-e-type=\"widget\" data-widget_type=\"heading.default\">\n\t\t\t\t<div class=\"elementor-widget-container\">\n\t\t\t\t\t<h1 class=\"elementor-heading-title elementor-size-default\">Orienta\u00e7\u00f5es para a Vers\u00e3o Final de Artigos (Camera-Ready)<\/h1>\t\t\t\t<\/div>\n\t\t\t\t<\/div>\n\t\t\t\t\t<\/div>\n\t\t\t\t<\/div>\n\t\t<div class=\"elementor-element elementor-element-0ea5134 e-flex e-con-boxed elementor-invisible e-con e-parent\" data-id=\"0ea5134\" data-element_type=\"container\" data-e-type=\"container\" data-settings=\"{&quot;animation&quot;:&quot;fadeIn&quot;}\">\n\t\t\t\t\t<div class=\"e-con-inner\">\n\t\t\t\t<div class=\"elementor-element elementor-element-b89fe7c elementor-widget elementor-widget-spacer\" data-id=\"b89fe7c\" data-element_type=\"widget\" data-e-type=\"widget\" data-widget_type=\"spacer.default\">\n\t\t\t\t<div class=\"elementor-widget-container\">\n\t\t\t\t\t\t\t<div class=\"elementor-spacer\">\n\t\t\t<div class=\"elementor-spacer-inner\"><\/div>\n\t\t<\/div>\n\t\t\t\t\t\t<\/div>\n\t\t\t\t<\/div>\n\t\t\t\t<div class=\"elementor-element elementor-element-b9c0491 elementor-widget elementor-widget-image\" data-id=\"b9c0491\" data-element_type=\"widget\" data-e-type=\"widget\" data-widget_type=\"image.default\">\n\t\t\t\t<div class=\"elementor-widget-container\">\n\t\t\t\t\t\t\t\t\t\t\t\t\t\t\t<img fetchpriority=\"high\" decoding=\"async\" width=\"1024\" height=\"478\" src=\"https:\/\/csbc.sbc.org.br\/2026\/wp-content\/uploads\/2026\/05\/Orientacoes-para-a-Versao-Final-v2-1024x478.png\" class=\"attachment-large size-large wp-image-18410\" alt=\"\" srcset=\"https:\/\/csbc.sbc.org.br\/2026\/wp-content\/uploads\/2026\/05\/Orientacoes-para-a-Versao-Final-v2-1024x478.png 1024w, https:\/\/csbc.sbc.org.br\/2026\/wp-content\/uploads\/2026\/05\/Orientacoes-para-a-Versao-Final-v2-300x140.png 300w, https:\/\/csbc.sbc.org.br\/2026\/wp-content\/uploads\/2026\/05\/Orientacoes-para-a-Versao-Final-v2-768x358.png 768w, https:\/\/csbc.sbc.org.br\/2026\/wp-content\/uploads\/2026\/05\/Orientacoes-para-a-Versao-Final-v2-1536x716.png 1536w, https:\/\/csbc.sbc.org.br\/2026\/wp-content\/uploads\/2026\/05\/Orientacoes-para-a-Versao-Final-v2.png 1801w\" sizes=\"(max-width: 1024px) 100vw, 1024px\" \/>\t\t\t\t\t\t\t\t\t\t\t\t\t\t\t<\/div>\n\t\t\t\t<\/div>\n\t\t\t\t<div class=\"elementor-element elementor-element-96f61fe elementor-widget elementor-widget-heading\" data-id=\"96f61fe\" data-element_type=\"widget\" data-e-type=\"widget\" data-widget_type=\"heading.default\">\n\t\t\t\t<div class=\"elementor-widget-container\">\n\t\t\t\t\t<p class=\"elementor-heading-title elementor-size-default\">Sobre a Publica\u00e7\u00e3o dos Anais<\/p>\t\t\t\t<\/div>\n\t\t\t\t<\/div>\n\t\t\t\t<div class=\"elementor-element elementor-element-383609b elementor-widget elementor-widget-text-editor\" data-id=\"383609b\" data-element_type=\"widget\" data-e-type=\"widget\" data-widget_type=\"text-editor.default\">\n\t\t\t\t<div class=\"elementor-widget-container\">\n\t\t\t\t\t\t\t\t\t<p>Para garantir que os anais dos eventos base e sat\u00e9lite estejam dispon\u00edveis integralmente antes do in\u00edcio do evento, adotamos um fluxo de publica\u00e7\u00e3o antecipada. Essa iniciativa visa:<\/p><ul><li aria-level=\"1\">Ampliar a visibilidade dos trabalhos aceitos, permitindo que participantes e interessados tenham acesso ao conte\u00fado antes mesmo da realiza\u00e7\u00e3o do simp\u00f3sio;<\/li><li aria-level=\"1\">Fomentar discuss\u00f5es qualificadas durante o evento, com base na leitura pr\u00e9via dos artigos;<\/li><li aria-level=\"1\">Atender \u00e0s diretrizes de boas pr\u00e1ticas de publica\u00e7\u00e3o cient\u00edfica, valorizando o planejamento e a pontualidade no processo editorial.<\/li><\/ul><p>Todos os passos abaixo devem ser realizados por um dos autores, respeitando os prazos e procedimentos descritos. \u00c9 fundamental que os documentos e a vers\u00e3o final sejam submetidos dentro do sistema JEMS3, observando as orienta\u00e7\u00f5es de cada item.<\/p>\t\t\t\t\t\t\t\t<\/div>\n\t\t\t\t<\/div>\n\t\t\t\t<div class=\"elementor-element elementor-element-0aaee89 elementor-widget elementor-widget-heading\" data-id=\"0aaee89\" data-element_type=\"widget\" data-e-type=\"widget\" data-widget_type=\"heading.default\">\n\t\t\t\t<div class=\"elementor-widget-container\">\n\t\t\t\t\t<p class=\"elementor-heading-title elementor-size-default\"> Pol\u00edtica de Apresenta\u00e7\u00e3o e Publica\u00e7\u00e3o<\/p>\t\t\t\t<\/div>\n\t\t\t\t<\/div>\n\t\t\t\t<div class=\"elementor-element elementor-element-b27a844 elementor-widget elementor-widget-text-editor\" data-id=\"b27a844\" data-element_type=\"widget\" data-e-type=\"widget\" data-widget_type=\"text-editor.default\">\n\t\t\t\t<div class=\"elementor-widget-container\">\n\t\t\t\t\t\t\t\t\t<p>Todos os artigos aprovados devem ser obrigatoriamente apresentados por um dos autores durante o evento. A apresenta\u00e7\u00e3o \u00e9 condi\u00e7\u00e3o indispens\u00e1vel para a publica\u00e7\u00e3o definitiva nos anais do evento.<\/p><p>Em caso de &#8220;<em>no show<\/em>&#8221; (aus\u00eancia de apresenta\u00e7\u00e3o por qualquer autor no hor\u00e1rio e local designados na programa\u00e7\u00e3o), o artigo ser\u00e1 removido dos anais e n\u00e3o constar\u00e1 na vers\u00e3o final publicada do evento, mesmo que todos os demais requisitos de submiss\u00e3o tenham sido cumpridos.<\/p>\t\t\t\t\t\t\t\t<\/div>\n\t\t\t\t<\/div>\n\t\t\t\t<div class=\"elementor-element elementor-element-dcb5d8a elementor-widget elementor-widget-heading\" data-id=\"dcb5d8a\" data-element_type=\"widget\" data-e-type=\"widget\" data-widget_type=\"heading.default\">\n\t\t\t\t<div class=\"elementor-widget-container\">\n\t\t\t\t\t<p class=\"elementor-heading-title elementor-size-default\">Inscri\u00e7\u00e3o de Autores e Taxa de Publica\u00e7\u00e3o<\/p>\t\t\t\t<\/div>\n\t\t\t\t<\/div>\n\t\t\t\t<div class=\"elementor-element elementor-element-278a674 elementor-widget elementor-widget-text-editor\" data-id=\"278a674\" data-element_type=\"widget\" data-e-type=\"widget\" data-widget_type=\"text-editor.default\">\n\t\t\t\t<div class=\"elementor-widget-container\">\n\t\t\t\t\t\t\t\t\t<p>Conforme mencionado na p\u00e1gina de Inscri\u00e7\u00f5es (<a href=\"https:\/\/csbc.sbc.org.br\/2026\/inscricoes\/\">https:\/\/csbc.sbc.org.br\/2026\/inscricoes\/<\/a>),\u00a0 todos os artigos aprovados devem ser obrigatoriamente cobertos por uma inscri\u00e7\u00e3o de um\/a co-autor\/a do artigo.<\/p><p>Autores com mais de um artigo aprovado em eventos do CSBC dever\u00e3o pagar uma Taxa de Publica\u00e7\u00e3o de R$ 120 por artigo adicional. Autores que se inscreverem por isen\u00e7\u00e3o institucional devem pagar a \u201cTaxa de Publica\u00e7\u00e3o e Apresenta\u00e7\u00e3o\u201d para cada artigo, mesmo para um \u00fanico artigo. Para submiss\u00e3o de artigo(s), \u00e9 necess\u00e1rio fazer o upload do comprovante de pagamento da inscri\u00e7\u00e3o no JEMS.<\/p>\t\t\t\t\t\t\t\t<\/div>\n\t\t\t\t<\/div>\n\t\t\t\t<div class=\"elementor-element elementor-element-a21c272 elementor-widget elementor-widget-heading\" data-id=\"a21c272\" data-element_type=\"widget\" data-e-type=\"widget\" data-widget_type=\"heading.default\">\n\t\t\t\t<div class=\"elementor-widget-container\">\n\t\t\t\t\t<p class=\"elementor-heading-title elementor-size-default\">Checklist para Submiss\u00e3o da Vers\u00e3o Final do Artigo<\/p>\t\t\t\t<\/div>\n\t\t\t\t<\/div>\n\t\t\t\t<div class=\"elementor-element elementor-element-92ecc9b elementor-widget elementor-widget-text-editor\" data-id=\"92ecc9b\" data-element_type=\"widget\" data-e-type=\"widget\" data-widget_type=\"text-editor.default\">\n\t\t\t\t<div class=\"elementor-widget-container\">\n\t\t\t\t\t\t\t\t\t<p>Antes de finalizar o envio, verifique atentamente os itens abaixo para evitar atrasos ou devolu\u00e7\u00f5es:<\/p><ul><li aria-checked=\"false\" aria-level=\"1\">Todas as sugest\u00f5es dos revisores foram analisadas.<\/li><li aria-checked=\"false\" aria-level=\"1\">Os nomes de todos os autores est\u00e3o corretos.<\/li><li aria-checked=\"false\" aria-level=\"1\">Os e-mails de todos os autores est\u00e3o corretos.<\/li><li aria-checked=\"false\" aria-level=\"1\">Em caso de subfiguras, usar pacote subfigure ao inv\u00e9s de subcaption.<\/li><li aria-checked=\"false\" aria-level=\"1\">Hiperlinks no documento est\u00e3o na cor preta.<\/li><li aria-checked=\"false\" aria-level=\"1\">A numera\u00e7\u00e3o de p\u00e1ginas foi removida (a pagina\u00e7\u00e3o ser\u00e1 inserida posteriormente na montagem do volume).<\/li><li aria-checked=\"false\" aria-level=\"1\">O n\u00famero de p\u00e1ginas respeita o limite m\u00e1ximo estabelecido pela coordena\u00e7\u00e3o do evento.<\/li><li aria-checked=\"false\" aria-level=\"1\">Margem do texto, cabe\u00e7alho e elementos n\u00e3o textuais est\u00e3o dentro dos limites estabelecidos pelo padr\u00e3o SBC.<\/li><li aria-checked=\"false\" aria-level=\"1\">No documento submetido, a lista de refer\u00eancias bibliogr\u00e1ficas n\u00e3o est\u00e1 apresentando um r\u00f3tulo (<em>label<\/em>) entre colchetes antes de cada refer\u00eancia, conforme exemplo abaixo:<\/li><\/ul><p>\u00a0\u00a0\u00a0\u00a0\u00a0\u00a0\u00a0\u00a0 <strong>[Fulano e Sicrano 2020] Fulano, A. and Sicrano, B. (2020). T\u00edtulo do artigo. Revista Exemplo, 10(2): 45-67.<\/strong><\/p><p>\u00a0\u00a0\u00a0O formato esperado (para o template SBC) \u00e9 que a refer\u00eancia apare\u00e7a sem esse r\u00f3tulo inicial, apenas com os dados normais da publica\u00e7\u00e3o:<\/p><p>\u00a0\u00a0\u00a0\u00a0\u00a0\u00a0\u00a0\u00a0\u00a0<strong>Fulano, A. and Sicrano, B. (2020). T\u00edtulo do artigo. Revista Exemplo, 10(2): 45-67.<\/strong><\/p>\t\t\t\t\t\t\t\t<\/div>\n\t\t\t\t<\/div>\n\t\t\t\t<div class=\"elementor-element elementor-element-a1de09f elementor-widget elementor-widget-heading\" data-id=\"a1de09f\" data-element_type=\"widget\" data-e-type=\"widget\" data-widget_type=\"heading.default\">\n\t\t\t\t<div class=\"elementor-widget-container\">\n\t\t\t\t\t<p class=\"elementor-heading-title elementor-size-default\">Incentivo ao Uso de ORCID<\/p>\t\t\t\t<\/div>\n\t\t\t\t<\/div>\n\t\t\t\t<div class=\"elementor-element elementor-element-41fc16a elementor-widget elementor-widget-text-editor\" data-id=\"41fc16a\" data-element_type=\"widget\" data-e-type=\"widget\" data-widget_type=\"text-editor.default\">\n\t\t\t\t<div class=\"elementor-widget-container\">\n\t\t\t\t\t\t\t\t\tPara padronizar a identifica\u00e7\u00e3o dos autores no artigo final, recomendamos a inclus\u00e3o do identificador ORCID na lista de autores. Isso permite indexa\u00e7\u00e3o autom\u00e1tica na base de dados ORCID e facilita indexa\u00e7\u00e3o por outros sistemas ampliando a divulga\u00e7\u00e3o do trabalho e do evento. No template LaTeX da SBC, utilize o pacote <code>orcidlink<\/code> para essa finalidade:\n<pre>\\usepackage{orcidlink}<\/pre>\nEm seguida, adicione o ORCID ao lado do nome de cada autor, conforme exemplo:\n<pre>\\author{Fulano de Tal\\orcidlink{0000-0000-0000-0000}}<\/pre>\t\t\t\t\t\t\t\t<\/div>\n\t\t\t\t<\/div>\n\t\t\t\t<div class=\"elementor-element elementor-element-c90b568 elementor-widget elementor-widget-heading\" data-id=\"c90b568\" data-element_type=\"widget\" data-e-type=\"widget\" data-widget_type=\"heading.default\">\n\t\t\t\t<div class=\"elementor-widget-container\">\n\t\t\t\t\t<p class=\"elementor-heading-title elementor-size-default\">Checklist para Submiss\u00e3o do Termo de autoriza\u00e7\u00e3o de publica\u00e7\u00e3o  <\/p>\t\t\t\t<\/div>\n\t\t\t\t<\/div>\n\t\t\t\t<div class=\"elementor-element elementor-element-3ca94c5 elementor-widget elementor-widget-text-editor\" data-id=\"3ca94c5\" data-element_type=\"widget\" data-e-type=\"widget\" data-widget_type=\"text-editor.default\">\n\t\t\t\t<div class=\"elementor-widget-container\">\n\t\t\t\t\t\t\t\t\tO termo de autoriza\u00e7\u00e3o de publica\u00e7\u00e3o para o CSBC 2026 pode ser encontrado no bot\u00e3o abaixo:<br><br>\n\n<center><a href=\"https:\/\/csbc.sbc.org.br\/2026\/wp-content\/uploads\/2026\/05\/Termo-Autorizacao-Publicacao-CSBC2026.pdf\" \n   target=\"_blank\" \n   style=\"display:inline-block;padding:12px 20px;background-color:#3c50dc;color:#ffffff;\n          text-decoration:none;border-radius:6px;font-weight:bold;\">\n   Baixar Termo de Autoriza\u00e7\u00e3o\n<\/a><br><\/center>\n\n\nPreencha com os seguintes dados:\n<ul>\n \t<li aria-checked=\"false\" aria-level=\"1\">Campo Cedentes: todos os autores est\u00e3o listados como cedentes.<\/li>\n \t<li aria-checked=\"false\" aria-level=\"1\">T\u00edtulo: o campo objeto est\u00e1 preenchido com o t\u00edtulo exato do artigo conforme vers\u00e3o final.<\/li>\n \t<li aria-checked=\"false\" aria-level=\"1\">Ve\u00edculo: preencher com: nome ou sigla do evento.<\/li>\n \t<li aria-checked=\"false\" aria-level=\"1\">Local e Data: preenchida adequadamente<\/li>\n \t<li aria-checked=\"false\" aria-level=\"1\">Assinatura: o documento est\u00e1 assinado por pelo menos um autor (em nome de todos os autores da vers\u00e3o final do artigo).<\/li>\n<\/ul>\t\t\t\t\t\t\t\t<\/div>\n\t\t\t\t<\/div>\n\t\t\t\t\t<\/div>\n\t\t\t\t<\/div>\n\t\t<div class=\"elementor-element elementor-element-df06945 e-flex e-con-boxed e-con e-parent\" data-id=\"df06945\" data-element_type=\"container\" data-e-type=\"container\">\n\t\t\t\t\t<div class=\"e-con-inner\">\n\t\t\t\t\t<\/div>\n\t\t\t\t<\/div>\n\t\t\t\t<\/div>\n\t\t","protected":false},"excerpt":{"rendered":"<p>Orienta\u00e7\u00f5es para a Vers\u00e3o Final de Artigos (Camera-Ready) Sobre a Publica\u00e7\u00e3o dos Anais Para garantir que os anais dos eventos base e sat\u00e9lite estejam dispon\u00edveis integralmente antes do in\u00edcio do evento, adotamos um fluxo de publica\u00e7\u00e3o antecipada. Essa iniciativa visa: Ampliar a visibilidade dos trabalhos aceitos, permitindo que participantes e interessados tenham acesso ao conte\u00fado [&hellip;]<\/p>\n","protected":false},"author":8,"featured_media":0,"parent":0,"menu_order":0,"comment_status":"closed","ping_status":"closed","template":"","meta":{"ocean_post_layout":"","ocean_both_sidebars_style":"","ocean_both_sidebars_content_width":0,"ocean_both_sidebars_sidebars_width":0,"ocean_sidebar":"","ocean_second_sidebar":"","ocean_disable_margins":"enable","ocean_add_body_class":"","ocean_shortcode_before_top_bar":"","ocean_shortcode_after_top_bar":"","ocean_shortcode_before_header":"","ocean_shortcode_after_header":"","ocean_has_shortcode":"","ocean_shortcode_after_title":"","ocean_shortcode_before_footer_widgets":"","ocean_shortcode_after_footer_widgets":"","ocean_shortcode_before_footer_bottom":"","ocean_shortcode_after_footer_bottom":"","ocean_display_top_bar":"default","ocean_display_header":"default","ocean_header_style":"","ocean_center_header_left_menu":"","ocean_custom_header_template":"","ocean_custom_logo":0,"ocean_custom_retina_logo":0,"ocean_custom_logo_max_width":0,"ocean_custom_logo_tablet_max_width":0,"ocean_custom_logo_mobile_max_width":0,"ocean_custom_logo_max_height":0,"ocean_custom_logo_tablet_max_height":0,"ocean_custom_logo_mobile_max_height":0,"ocean_header_custom_menu":"","ocean_menu_typo_font_family":"","ocean_menu_typo_font_subset":"","ocean_menu_typo_font_size":0,"ocean_menu_typo_font_size_tablet":0,"ocean_menu_typo_font_size_mobile":0,"ocean_menu_typo_font_size_unit":"px","ocean_menu_typo_font_weight":"","ocean_menu_typo_font_weight_tablet":"","ocean_menu_typo_font_weight_mobile":"","ocean_menu_typo_transform":"","ocean_menu_typo_transform_tablet":"","ocean_menu_typo_transform_mobile":"","ocean_menu_typo_line_height":0,"ocean_menu_typo_line_height_tablet":0,"ocean_menu_typo_line_height_mobile":0,"ocean_menu_typo_line_height_unit":"","ocean_menu_typo_spacing":0,"ocean_menu_typo_spacing_tablet":0,"ocean_menu_typo_spacing_mobile":0,"ocean_menu_typo_spacing_unit":"","ocean_menu_link_color":"","ocean_menu_link_color_hover":"","ocean_menu_link_color_active":"","ocean_menu_link_background":"","ocean_menu_link_hover_background":"","ocean_menu_link_active_background":"","ocean_menu_social_links_bg":"","ocean_menu_social_hover_links_bg":"","ocean_menu_social_links_color":"","ocean_menu_social_hover_links_color":"","ocean_disable_title":"default","ocean_disable_heading":"default","ocean_post_title":"","ocean_post_subheading":"","ocean_post_title_style":"","ocean_post_title_background_color":"","ocean_post_title_background":0,"ocean_post_title_bg_image_position":"","ocean_post_title_bg_image_attachment":"","ocean_post_title_bg_image_repeat":"","ocean_post_title_bg_image_size":"","ocean_post_title_height":0,"ocean_post_title_bg_overlay":0.5,"ocean_post_title_bg_overlay_color":"","ocean_disable_breadcrumbs":"default","ocean_breadcrumbs_color":"","ocean_breadcrumbs_separator_color":"","ocean_breadcrumbs_links_color":"","ocean_breadcrumbs_links_hover_color":"","ocean_display_footer_widgets":"default","ocean_display_footer_bottom":"default","ocean_custom_footer_template":"","_joinchat":[],"footnotes":""},"class_list":["post-18381","page","type-page","status-publish","hentry","entry"],"_links":{"self":[{"href":"https:\/\/csbc.sbc.org.br\/2026\/wp-json\/wp\/v2\/pages\/18381","targetHints":{"allow":["GET"]}}],"collection":[{"href":"https:\/\/csbc.sbc.org.br\/2026\/wp-json\/wp\/v2\/pages"}],"about":[{"href":"https:\/\/csbc.sbc.org.br\/2026\/wp-json\/wp\/v2\/types\/page"}],"author":[{"embeddable":true,"href":"https:\/\/csbc.sbc.org.br\/2026\/wp-json\/wp\/v2\/users\/8"}],"replies":[{"embeddable":true,"href":"https:\/\/csbc.sbc.org.br\/2026\/wp-json\/wp\/v2\/comments?post=18381"}],"version-history":[{"count":20,"href":"https:\/\/csbc.sbc.org.br\/2026\/wp-json\/wp\/v2\/pages\/18381\/revisions"}],"predecessor-version":[{"id":18451,"href":"https:\/\/csbc.sbc.org.br\/2026\/wp-json\/wp\/v2\/pages\/18381\/revisions\/18451"}],"wp:attachment":[{"href":"https:\/\/csbc.sbc.org.br\/2026\/wp-json\/wp\/v2\/media?parent=18381"}],"curies":[{"name":"wp","href":"https:\/\/api.w.org\/{rel}","templated":true}]}}