{"id":5239,"date":"2023-10-09T18:16:24","date_gmt":"2023-10-09T18:16:24","guid":{"rendered":"https:\/\/csbc.sbc.org.br\/2024\/?page_id=5239"},"modified":"2025-11-05T17:23:21","modified_gmt":"2025-11-05T20:23:21","slug":"patrocinador","status":"publish","type":"page","link":"https:\/\/csbc.sbc.org.br\/2026\/patrocinador\/","title":{"rendered":"Seja um Patrocinador"},"content":{"rendered":"\t\t<div data-elementor-type=\"wp-page\" data-elementor-id=\"5239\" class=\"elementor elementor-5239\">\n\t\t\t\t<div class=\"elementor-element elementor-element-6bc596d e-flex e-con-boxed elementor-invisible e-con e-parent\" data-id=\"6bc596d\" data-element_type=\"container\" data-e-type=\"container\" data-settings=\"{&quot;animation&quot;:&quot;fadeIn&quot;}\">\n\t\t\t\t\t<div class=\"e-con-inner\">\n\t\t\t\t<div class=\"elementor-element elementor-element-361f0aa elementor-widget__width-inherit elementor-widget elementor-widget-heading\" data-id=\"361f0aa\" data-element_type=\"widget\" data-e-type=\"widget\" data-widget_type=\"heading.default\">\n\t\t\t\t<div class=\"elementor-widget-container\">\n\t\t\t\t\t<h1 class=\"elementor-heading-title elementor-size-default\">SEJA UM PATROCINADOR<\/h1>\t\t\t\t<\/div>\n\t\t\t\t<\/div>\n\t\t\t\t\t<\/div>\n\t\t\t\t<\/div>\n\t\t<div class=\"elementor-element elementor-element-038c97b e-flex e-con-boxed elementor-invisible e-con e-parent\" data-id=\"038c97b\" data-element_type=\"container\" data-e-type=\"container\" data-settings=\"{&quot;animation&quot;:&quot;fadeIn&quot;}\">\n\t\t\t\t\t<div class=\"e-con-inner\">\n\t\t<div class=\"elementor-element elementor-element-72847d2 e-grid e-con-full e-con e-child\" data-id=\"72847d2\" data-element_type=\"container\" data-e-type=\"container\">\n\t\t\t\t<div class=\"elementor-element elementor-element-29d8843 elementor-widget elementor-widget-text-editor\" data-id=\"29d8843\" data-element_type=\"widget\" data-e-type=\"widget\" data-widget_type=\"text-editor.default\">\n\t\t\t\t<div class=\"elementor-widget-container\">\n\t\t\t\t\t\t\t\t\t<p data-start=\"257\" data-end=\"570\"><strong data-start=\"257\" data-end=\"350\">Em 2026, o Congresso da Sociedade Brasileira de Computa\u00e7\u00e3o (CSBC) chega \u00e0 sua 46\u00aa edi\u00e7\u00e3o!<\/strong><\/p><p data-start=\"257\" data-end=\"570\">Reconhecido como o<strong> principal evento da \u00e1rea de Computa\u00e7\u00e3o no Brasil<\/strong>, o CSBC re\u00fane pesquisadores, estudantes, profissionais e representantes da ind\u00fastria em uma programa\u00e7\u00e3o diversa e de alto n\u00edvel t\u00e9cnico e cient\u00edfico.<\/p><p data-start=\"572\" data-end=\"823\">Participar como patrocinador \u00e9 uma oportunidade \u00fanica de <strong data-start=\"629\" data-end=\"708\">posicionar sua marca diante de um p\u00fablico altamente qualificado e influente<\/strong>, al\u00e9m de fortalecer a presen\u00e7a institucional de sua empresa em um ambiente de inova\u00e7\u00e3o, tecnologia e conhecimento.<\/p><p data-start=\"825\" data-end=\"1084\">Acesse o nosso <a href=\"https:\/\/www.canva.com\/design\/DAGxeqA6EZE\/RRBvgICIkMjWy2iGv3uPgQ\/view#1\"><strong data-start=\"840\" data-end=\"862\">Guia de Patroc\u00ednio<\/strong><\/a> e conhe\u00e7a as diferentes modalidades de apoio dispon\u00edveis, que oferecem ampla visibilidade antes, durante e ap\u00f3s o evento. Juntos, podemos construir uma parceria de sucesso e contribuir para o avan\u00e7o da Computa\u00e7\u00e3o no pa\u00eds.<\/p><p data-start=\"1086\" data-end=\"1332\">Para mais informa\u00e7\u00f5es, preencha o formul\u00e1rio de contato ou envie uma mensagem para <strong data-start=\"1169\" data-end=\"1200\"><a class=\"decorated-link cursor-pointer\" rel=\"noopener\" data-start=\"1171\" data-end=\"1198\">csbc2026-coord@inf.ufrgs.br<\/a><\/strong><\/p>\t\t\t\t\t\t\t\t<\/div>\n\t\t\t\t<\/div>\n\t\t\t\t<div class=\"elementor-element elementor-element-df6e14c elementor-widget elementor-widget-wpforms\" data-id=\"df6e14c\" data-element_type=\"widget\" data-e-type=\"widget\" data-widget_type=\"wpforms.default\">\n\t\t\t\t<div class=\"elementor-widget-container\">\n\t\t\t\t\t<style id=\"wpforms-css-vars-elementor-widget-df6e14c\">\n\t\t\t\t.elementor-widget-wpforms.elementor-element-df6e14c {\n\t\t\t\t--wpforms-field-text-color: #000000;\n--wpforms-button-background-color: #141964;\n--wpforms-button-text-color: #FFFFFF;\n\t\t\t}\n\t\t\t<\/style><div class=\"wpforms-container wpforms-container-full wpforms-render-modern\" id=\"wpforms-16338\"><form id=\"wpforms-form-16338\" class=\"wpforms-validate wpforms-form wpforms-ajax-form\" data-formid=\"16338\" method=\"post\" enctype=\"multipart\/form-data\" action=\"\/2026\/wp-json\/wp\/v2\/pages\/5239\" data-token=\"40caaafb50af317b47f1d2c95a9ef789\" data-token-time=\"1775714643\"><noscript class=\"wpforms-error-noscript\">Ative o JavaScript no seu navegador para preencher este formul\u00e1rio.<\/noscript><div id=\"wpforms-error-noscript\" style=\"display: none;\">Ative o JavaScript no seu navegador para preencher este formul\u00e1rio.<\/div><div class=\"wpforms-field-container\"><div id=\"wpforms-16338-field_1-container\" class=\"wpforms-field wpforms-field-name\" data-field-id=\"1\"><label class=\"wpforms-field-label\" for=\"wpforms-16338-field_1\">Seu nome <span class=\"wpforms-required-label\" aria-hidden=\"true\">*<\/span><\/label><input type=\"text\" id=\"wpforms-16338-field_1\" class=\"wpforms-field-large wpforms-field-required\" name=\"wpforms[fields][1]\" aria-errormessage=\"wpforms-16338-field_1-error\" required><\/div>\t\t<div id=\"wpforms-16338-field_6-container\"\n\t\t\tclass=\"wpforms-field wpforms-field-text\"\n\t\t\tdata-field-type=\"text\"\n\t\t\tdata-field-id=\"6\"\n\t\t\t>\n\t\t\t<label class=\"wpforms-field-label\" for=\"wpforms-16338-field_6\" >Telefone Mensagem Nome<\/label>\n\t\t\t<input type=\"text\" id=\"wpforms-16338-field_6\" class=\"wpforms-field-medium\" name=\"wpforms[fields][6]\" >\n\t\t<\/div>\n\t\t<div id=\"wpforms-16338-field_4-container\" class=\"wpforms-field wpforms-field-text\" data-field-id=\"4\"><label class=\"wpforms-field-label\" for=\"wpforms-16338-field_4\">Nome da Empresa <span class=\"wpforms-required-label\" aria-hidden=\"true\">*<\/span><\/label><input type=\"text\" id=\"wpforms-16338-field_4\" class=\"wpforms-field-large wpforms-field-required\" name=\"wpforms[fields][4]\" aria-errormessage=\"wpforms-16338-field_4-error\" required><\/div><div id=\"wpforms-16338-field_2-container\" class=\"wpforms-field wpforms-field-email\" data-field-id=\"2\"><label class=\"wpforms-field-label\" for=\"wpforms-16338-field_2\">E-mail <span class=\"wpforms-required-label\" aria-hidden=\"true\">*<\/span><\/label><input type=\"email\" id=\"wpforms-16338-field_2\" class=\"wpforms-field-medium wpforms-field-required\" name=\"wpforms[fields][2]\" spellcheck=\"false\" aria-errormessage=\"wpforms-16338-field_2-error\" required><\/div><div id=\"wpforms-16338-field_5-container\" class=\"wpforms-field wpforms-field-text\" data-field-id=\"5\"><label class=\"wpforms-field-label\" for=\"wpforms-16338-field_5\">Telefone<\/label><input type=\"text\" id=\"wpforms-16338-field_5\" class=\"wpforms-field-medium\" name=\"wpforms[fields][5]\" aria-errormessage=\"wpforms-16338-field_5-error\" ><\/div><div id=\"wpforms-16338-field_3-container\" class=\"wpforms-field wpforms-field-textarea\" data-field-id=\"3\"><label class=\"wpforms-field-label\" for=\"wpforms-16338-field_3\">Mensagem <span class=\"wpforms-required-label\" aria-hidden=\"true\">*<\/span><\/label><textarea id=\"wpforms-16338-field_3\" class=\"wpforms-field-medium wpforms-field-required\" name=\"wpforms[fields][3]\" aria-errormessage=\"wpforms-16338-field_3-error\" required><\/textarea><\/div><script>\n\t\t\t\t( function() {\n\t\t\t\t\tconst style = document.createElement( 'style' );\n\t\t\t\t\tstyle.appendChild( document.createTextNode( '#wpforms-16338-field_6-container { position: absolute !important; overflow: hidden !important; display: inline !important; height: 1px !important; width: 1px !important; z-index: -1000 !important; padding: 0 !important; } #wpforms-16338-field_6-container input { visibility: hidden; } #wpforms-conversational-form-page #wpforms-16338-field_6-container label { counter-increment: none; }' ) );\n\t\t\t\t\tdocument.head.appendChild( style );\n\t\t\t\t\tdocument.currentScript?.remove();\n\t\t\t\t} )();\n\t\t\t<\/script><\/div><!-- .wpforms-field-container --><div class=\"wpforms-submit-container\" ><input type=\"hidden\" name=\"wpforms[id]\" value=\"16338\"><input type=\"hidden\" name=\"page_title\" value=\"\"><input type=\"hidden\" name=\"page_url\" value=\"https:\/\/csbc.sbc.org.br\/2026\/wp-json\/wp\/v2\/pages\/5239\"><input type=\"hidden\" name=\"url_referer\" value=\"\"><button type=\"submit\" name=\"wpforms[submit]\" id=\"wpforms-submit-16338\" class=\"wpforms-submit\" data-alt-text=\"Enviando\u2026\" data-submit-text=\"Enviar\" aria-live=\"assertive\" value=\"wpforms-submit\">Enviar<\/button><img decoding=\"async\" src=\"https:\/\/csbc.sbc.org.br\/2026\/wp-content\/plugins\/wpforms-lite\/assets\/images\/submit-spin.svg\" class=\"wpforms-submit-spinner\" style=\"display: none;\" width=\"26\" height=\"26\" alt=\"Carregando\"><\/div><\/form><\/div>  <!-- .wpforms-container -->\t\t\t\t<\/div>\n\t\t\t\t<\/div>\n\t\t\t\t<\/div>\n\t\t\t\t\t<\/div>\n\t\t\t\t<\/div>\n\t\t\t\t<\/div>\n\t\t","protected":false},"excerpt":{"rendered":"<p>SEJA UM PATROCINADOR Em 2026, o Congresso da Sociedade Brasileira de Computa\u00e7\u00e3o (CSBC) chega \u00e0 sua 46\u00aa edi\u00e7\u00e3o! Reconhecido como o principal evento da \u00e1rea de Computa\u00e7\u00e3o no Brasil, o CSBC re\u00fane pesquisadores, estudantes, profissionais e representantes da ind\u00fastria em uma programa\u00e7\u00e3o diversa e de alto n\u00edvel t\u00e9cnico e cient\u00edfico. Participar como patrocinador \u00e9 uma [&hellip;]<\/p>\n","protected":false},"author":8,"featured_media":0,"parent":0,"menu_order":0,"comment_status":"closed","ping_status":"closed","template":"","meta":{"ocean_post_layout":"","ocean_both_sidebars_style":"","ocean_both_sidebars_content_width":0,"ocean_both_sidebars_sidebars_width":0,"ocean_sidebar":"","ocean_second_sidebar":"","ocean_disable_margins":"enable","ocean_add_body_class":"","ocean_shortcode_before_top_bar":"","ocean_shortcode_after_top_bar":"","ocean_shortcode_before_header":"","ocean_shortcode_after_header":"","ocean_has_shortcode":"","ocean_shortcode_after_title":"","ocean_shortcode_before_footer_widgets":"","ocean_shortcode_after_footer_widgets":"","ocean_shortcode_before_footer_bottom":"","ocean_shortcode_after_footer_bottom":"","ocean_display_top_bar":"default","ocean_display_header":"default","ocean_header_style":"","ocean_center_header_left_menu":"","ocean_custom_header_template":"","ocean_custom_logo":0,"ocean_custom_retina_logo":0,"ocean_custom_logo_max_width":0,"ocean_custom_logo_tablet_max_width":0,"ocean_custom_logo_mobile_max_width":0,"ocean_custom_logo_max_height":0,"ocean_custom_logo_tablet_max_height":0,"ocean_custom_logo_mobile_max_height":0,"ocean_header_custom_menu":"","ocean_menu_typo_font_family":"","ocean_menu_typo_font_subset":"","ocean_menu_typo_font_size":0,"ocean_menu_typo_font_size_tablet":0,"ocean_menu_typo_font_size_mobile":0,"ocean_menu_typo_font_size_unit":"px","ocean_menu_typo_font_weight":"","ocean_menu_typo_font_weight_tablet":"","ocean_menu_typo_font_weight_mobile":"","ocean_menu_typo_transform":"","ocean_menu_typo_transform_tablet":"","ocean_menu_typo_transform_mobile":"","ocean_menu_typo_line_height":0,"ocean_menu_typo_line_height_tablet":0,"ocean_menu_typo_line_height_mobile":0,"ocean_menu_typo_line_height_unit":"","ocean_menu_typo_spacing":0,"ocean_menu_typo_spacing_tablet":0,"ocean_menu_typo_spacing_mobile":0,"ocean_menu_typo_spacing_unit":"","ocean_menu_link_color":"","ocean_menu_link_color_hover":"","ocean_menu_link_color_active":"","ocean_menu_link_background":"","ocean_menu_link_hover_background":"","ocean_menu_link_active_background":"","ocean_menu_social_links_bg":"","ocean_menu_social_hover_links_bg":"","ocean_menu_social_links_color":"","ocean_menu_social_hover_links_color":"","ocean_disable_title":"default","ocean_disable_heading":"default","ocean_post_title":"","ocean_post_subheading":"","ocean_post_title_style":"","ocean_post_title_background_color":"","ocean_post_title_background":0,"ocean_post_title_bg_image_position":"","ocean_post_title_bg_image_attachment":"","ocean_post_title_bg_image_repeat":"","ocean_post_title_bg_image_size":"","ocean_post_title_height":0,"ocean_post_title_bg_overlay":0.5,"ocean_post_title_bg_overlay_color":"","ocean_disable_breadcrumbs":"default","ocean_breadcrumbs_color":"","ocean_breadcrumbs_separator_color":"","ocean_breadcrumbs_links_color":"","ocean_breadcrumbs_links_hover_color":"","ocean_display_footer_widgets":"default","ocean_display_footer_bottom":"default","ocean_custom_footer_template":"","_joinchat":[],"footnotes":""},"class_list":["post-5239","page","type-page","status-publish","hentry","entry"],"_links":{"self":[{"href":"https:\/\/csbc.sbc.org.br\/2026\/wp-json\/wp\/v2\/pages\/5239","targetHints":{"allow":["GET"]}}],"collection":[{"href":"https:\/\/csbc.sbc.org.br\/2026\/wp-json\/wp\/v2\/pages"}],"about":[{"href":"https:\/\/csbc.sbc.org.br\/2026\/wp-json\/wp\/v2\/types\/page"}],"author":[{"embeddable":true,"href":"https:\/\/csbc.sbc.org.br\/2026\/wp-json\/wp\/v2\/users\/8"}],"replies":[{"embeddable":true,"href":"https:\/\/csbc.sbc.org.br\/2026\/wp-json\/wp\/v2\/comments?post=5239"}],"version-history":[{"count":565,"href":"https:\/\/csbc.sbc.org.br\/2026\/wp-json\/wp\/v2\/pages\/5239\/revisions"}],"predecessor-version":[{"id":16359,"href":"https:\/\/csbc.sbc.org.br\/2026\/wp-json\/wp\/v2\/pages\/5239\/revisions\/16359"}],"wp:attachment":[{"href":"https:\/\/csbc.sbc.org.br\/2026\/wp-json\/wp\/v2\/media?parent=5239"}],"curies":[{"name":"wp","href":"https:\/\/api.w.org\/{rel}","templated":true}]}}