{"id":5908,"date":"2023-12-13T13:56:58","date_gmt":"2023-12-13T13:56:58","guid":{"rendered":"https:\/\/csbc.sbc.org.br\/2024\/?page_id=5908"},"modified":"2026-04-13T16:08:52","modified_gmt":"2026-04-13T19:08:52","slug":"caravanas","status":"publish","type":"page","link":"https:\/\/csbc.sbc.org.br\/2026\/caravanas\/","title":{"rendered":"Caravanas"},"content":{"rendered":"\t\t<div data-elementor-type=\"wp-page\" data-elementor-id=\"5908\" class=\"elementor elementor-5908\">\n\t\t\t\t<div class=\"elementor-element elementor-element-0a3ba60 e-flex e-con-boxed e-con e-parent\" data-id=\"0a3ba60\" data-element_type=\"container\" data-e-type=\"container\">\n\t\t\t\t\t<div class=\"e-con-inner\">\n\t\t\t\t<div class=\"elementor-element elementor-element-67e0fc4 elementor-widget elementor-widget-heading\" data-id=\"67e0fc4\" data-element_type=\"widget\" data-e-type=\"widget\" data-widget_type=\"heading.default\">\n\t\t\t\t<div class=\"elementor-widget-container\">\n\t\t\t\t\t<h1 class=\"elementor-heading-title elementor-size-default\">Caravanas<\/h1>\t\t\t\t<\/div>\n\t\t\t\t<\/div>\n\t\t\t\t\t<\/div>\n\t\t\t\t<\/div>\n\t\t<div class=\"elementor-element elementor-element-038c97b e-flex e-con-boxed elementor-invisible e-con e-parent\" data-id=\"038c97b\" data-element_type=\"container\" data-e-type=\"container\" data-settings=\"{&quot;animation&quot;:&quot;fadeIn&quot;}\">\n\t\t\t\t\t<div class=\"e-con-inner\">\n\t\t\t\t<div class=\"elementor-element elementor-element-da4bae1 elementor-alert-info elementor-widget elementor-widget-alert\" data-id=\"da4bae1\" data-element_type=\"widget\" data-e-type=\"widget\" data-widget_type=\"alert.default\">\n\t\t\t\t<div class=\"elementor-widget-container\">\n\t\t\t\t\t\t\t<div class=\"elementor-alert\" role=\"alert\">\n\n\t\t\t\t\t\t<span class=\"elementor-alert-title\">Dica!<\/span>\n\t\t\t\n\t\t\t\t\t\t<span class=\"elementor-alert-description\">Organize sua caravana o quanto antes para aproveitar as faixas de pre\u00e7os da inscri\u00e7\u00e3o mais baratas!<\/span>\n\t\t\t\n\t\t\t\t\t\t<button type=\"button\" class=\"elementor-alert-dismiss\" aria-label=\"Dispensar este alerta.\">\n\t\t\t\t\t\t\t\t\t<span aria-hidden=\"true\">&times;<\/span>\n\t\t\t\t\t\t\t<\/button>\n\t\t\t\n\t\t<\/div>\n\t\t\t\t\t\t<\/div>\n\t\t\t\t<\/div>\n\t\t\t\t<div class=\"elementor-element elementor-element-42522c8 elementor-widget elementor-widget-text-editor\" data-id=\"42522c8\" data-element_type=\"widget\" data-e-type=\"widget\" data-widget_type=\"text-editor.default\">\n\t\t\t\t<div class=\"elementor-widget-container\">\n\t\t\t\t\t\t\t\t\t<p style=\"text-align: left;\">Mantendo a tradi\u00e7\u00e3o do CSBC, ser\u00e3o proporcionadas condi\u00e7\u00f5es especiais para a inscri\u00e7\u00e3o de grupos de estudantes em geral e professores do ensino m\u00e9dio e fundamental que estejam interessados em participar do <strong>CSBC 2026<\/strong>. A cada 10 estudantes inscritos, a inscri\u00e7\u00e3o do 11\u00ba estudante \u00e9 gratuita. O mesmo para caravanas de profissionais de empresas, a cada 10 inscri\u00e7\u00f5es o 11\u00ba profissional da mesma empresa \u00e9 gratuito.<\/p><p style=\"text-align: left;\"><strong>Importante: Inscri\u00e7\u00f5es de grupos s\u00e3o v\u00e1lidas apenas para grupos de estudantes em geral, professores do ensino m\u00e9dio e fundamental, bem como membros de uma mesma empresa.<\/strong><\/p><p style=\"text-align: left;\">Os valores das inscri\u00e7\u00f5es respeitar\u00e3o a faixa vigente de lotes de inscri\u00e7\u00e3o.<\/p><p style=\"text-align: left;\">Os passos para a realiza\u00e7\u00e3o das inscri\u00e7\u00f5es em grupo s\u00e3o os seguintes:<\/p><ol style=\"text-align: left;\"><li>O respons\u00e1vel pela caravana dever\u00e1 entrar em contato com o setor de faturamento da SBC, atrav\u00e9s do e-mail<strong> &lt;<a href=\"http:\/\/mailto:faturamento@sbc.org.br\" target=\"_blank\" rel=\"noopener\">faturamento@sbc.org.br<\/a>&gt;<\/strong> solicitando um <strong>&#8220;c\u00f3digo de caravana&#8221;<\/strong> e orienta\u00e7\u00f5es para realizar o pagamento do grupo, que dever\u00e1 ser pago at\u00e9 a data limite indicada:<ul><li>O assunto da mensagem dever\u00e1 indicar o Estado ou munic\u00edpio da Caravana;<\/li><li>Em seguida, os estudantes\/profissionais poder\u00e3o preencher o formul\u00e1rio de inscri\u00e7\u00e3o <em>on-line;<\/em><\/li><li>O c\u00f3digo de caravana dever\u00e1 ser informado no campo de <strong>&#8220;Institui\u00e7\u00e3o\/Empresa&#8221;<\/strong> do formul\u00e1rio de inscri\u00e7\u00e3o;<\/li><li>Ao confirmar a inscri\u00e7\u00e3o, o boleto banc\u00e1rio dever\u00e1 ser ignorado.<\/li><\/ul><\/li><li>Ao completar o grupo de 10, 20 ou mais inscritos, o coordenador da caravana dever\u00e1 enviar e-mail para\u00a0 <strong>&lt;<a href=\"http:\/\/mailto:faturamento@sbc.org.br\" target=\"_blank\" rel=\"noopener\">faturamento@sbc.org.br<\/a>&gt;<\/strong>, contendo:<ul><li>(i) o comprovante de pagamento;<\/li><li>(ii) a rela\u00e7\u00e3o de nomes dos estudantes\/profissionais que fazem parte do grupo e os valores das suas respectivas inscri\u00e7\u00f5es; e<\/li><li>(iii) o(s) nome(s) do(s) estudante(s) com inscri\u00e7\u00e3o gratuita. Observe que o valor individual da inscri\u00e7\u00e3o de estudantes\/professores pode incluir, al\u00e9m da inscri\u00e7\u00e3o no Congresso propriamente dito, o valor dos cursos JAI e de outras atividades como mini-oficinas WIE e jantar de confraterniza\u00e7\u00e3o.<\/li><\/ul><\/li><\/ol><p style=\"text-align: left;\"><strong>Aten\u00e7\u00e3o: A inscri\u00e7\u00e3o gratuita do l\u00edder da caravana n\u00e3o inclui a participa\u00e7\u00e3o dos minicursos JAI, minioficinas WIE e Curso de Qualidade, outros que demanda algum tipo de incentivo.<\/strong><\/p>\t\t\t\t\t\t\t\t<\/div>\n\t\t\t\t<\/div>\n\t\t\t\t\t<\/div>\n\t\t\t\t<\/div>\n\t\t\t\t<\/div>\n\t\t","protected":false},"excerpt":{"rendered":"<p>Caravanas Dica! Organize sua caravana o quanto antes para aproveitar as faixas de pre\u00e7os da inscri\u00e7\u00e3o mais baratas! &times; Mantendo a tradi\u00e7\u00e3o do CSBC, ser\u00e3o proporcionadas condi\u00e7\u00f5es especiais para a inscri\u00e7\u00e3o de grupos de estudantes em geral e professores do ensino m\u00e9dio e fundamental que estejam interessados em participar do CSBC 2026. A cada 10 [&hellip;]<\/p>\n","protected":false},"author":8,"featured_media":0,"parent":0,"menu_order":0,"comment_status":"closed","ping_status":"closed","template":"","meta":{"ocean_post_layout":"","ocean_both_sidebars_style":"","ocean_both_sidebars_content_width":0,"ocean_both_sidebars_sidebars_width":0,"ocean_sidebar":"","ocean_second_sidebar":"","ocean_disable_margins":"enable","ocean_add_body_class":"","ocean_shortcode_before_top_bar":"","ocean_shortcode_after_top_bar":"","ocean_shortcode_before_header":"","ocean_shortcode_after_header":"","ocean_has_shortcode":"","ocean_shortcode_after_title":"","ocean_shortcode_before_footer_widgets":"","ocean_shortcode_after_footer_widgets":"","ocean_shortcode_before_footer_bottom":"","ocean_shortcode_after_footer_bottom":"","ocean_display_top_bar":"default","ocean_display_header":"default","ocean_header_style":"","ocean_center_header_left_menu":"","ocean_custom_header_template":"","ocean_custom_logo":0,"ocean_custom_retina_logo":0,"ocean_custom_logo_max_width":0,"ocean_custom_logo_tablet_max_width":0,"ocean_custom_logo_mobile_max_width":0,"ocean_custom_logo_max_height":0,"ocean_custom_logo_tablet_max_height":0,"ocean_custom_logo_mobile_max_height":0,"ocean_header_custom_menu":"","ocean_menu_typo_font_family":"","ocean_menu_typo_font_subset":"","ocean_menu_typo_font_size":0,"ocean_menu_typo_font_size_tablet":0,"ocean_menu_typo_font_size_mobile":0,"ocean_menu_typo_font_size_unit":"px","ocean_menu_typo_font_weight":"","ocean_menu_typo_font_weight_tablet":"","ocean_menu_typo_font_weight_mobile":"","ocean_menu_typo_transform":"","ocean_menu_typo_transform_tablet":"","ocean_menu_typo_transform_mobile":"","ocean_menu_typo_line_height":0,"ocean_menu_typo_line_height_tablet":0,"ocean_menu_typo_line_height_mobile":0,"ocean_menu_typo_line_height_unit":"","ocean_menu_typo_spacing":0,"ocean_menu_typo_spacing_tablet":0,"ocean_menu_typo_spacing_mobile":0,"ocean_menu_typo_spacing_unit":"","ocean_menu_link_color":"","ocean_menu_link_color_hover":"","ocean_menu_link_color_active":"","ocean_menu_link_background":"","ocean_menu_link_hover_background":"","ocean_menu_link_active_background":"","ocean_menu_social_links_bg":"","ocean_menu_social_hover_links_bg":"","ocean_menu_social_links_color":"","ocean_menu_social_hover_links_color":"","ocean_disable_title":"default","ocean_disable_heading":"default","ocean_post_title":"","ocean_post_subheading":"","ocean_post_title_style":"","ocean_post_title_background_color":"","ocean_post_title_background":0,"ocean_post_title_bg_image_position":"","ocean_post_title_bg_image_attachment":"","ocean_post_title_bg_image_repeat":"","ocean_post_title_bg_image_size":"","ocean_post_title_height":0,"ocean_post_title_bg_overlay":0.5,"ocean_post_title_bg_overlay_color":"","ocean_disable_breadcrumbs":"default","ocean_breadcrumbs_color":"","ocean_breadcrumbs_separator_color":"","ocean_breadcrumbs_links_color":"","ocean_breadcrumbs_links_hover_color":"","ocean_display_footer_widgets":"default","ocean_display_footer_bottom":"default","ocean_custom_footer_template":"","_joinchat":[],"footnotes":""},"class_list":["post-5908","page","type-page","status-publish","hentry","entry"],"_links":{"self":[{"href":"https:\/\/csbc.sbc.org.br\/2026\/wp-json\/wp\/v2\/pages\/5908","targetHints":{"allow":["GET"]}}],"collection":[{"href":"https:\/\/csbc.sbc.org.br\/2026\/wp-json\/wp\/v2\/pages"}],"about":[{"href":"https:\/\/csbc.sbc.org.br\/2026\/wp-json\/wp\/v2\/types\/page"}],"author":[{"embeddable":true,"href":"https:\/\/csbc.sbc.org.br\/2026\/wp-json\/wp\/v2\/users\/8"}],"replies":[{"embeddable":true,"href":"https:\/\/csbc.sbc.org.br\/2026\/wp-json\/wp\/v2\/comments?post=5908"}],"version-history":[{"count":308,"href":"https:\/\/csbc.sbc.org.br\/2026\/wp-json\/wp\/v2\/pages\/5908\/revisions"}],"predecessor-version":[{"id":18192,"href":"https:\/\/csbc.sbc.org.br\/2026\/wp-json\/wp\/v2\/pages\/5908\/revisions\/18192"}],"wp:attachment":[{"href":"https:\/\/csbc.sbc.org.br\/2026\/wp-json\/wp\/v2\/media?parent=5908"}],"curies":[{"name":"wp","href":"https:\/\/api.w.org\/{rel}","templated":true}]}}