{"id":7096,"date":"2024-01-26T19:34:57","date_gmt":"2024-01-26T19:34:57","guid":{"rendered":"https:\/\/csbc.sbc.org.br\/2024\/?page_id=7096"},"modified":"2026-03-16T18:33:24","modified_gmt":"2026-03-16T21:33:24","slug":"wics","status":"publish","type":"page","link":"https:\/\/csbc.sbc.org.br\/2026\/wics\/","title":{"rendered":"WICS &#8211; Workshop sobre as Implica\u00e7\u00f5es da Computa\u00e7\u00e3o na Sociedade"},"content":{"rendered":"\t\t<div data-elementor-type=\"wp-page\" data-elementor-id=\"7096\" class=\"elementor elementor-7096\">\n\t\t\t\t<div class=\"elementor-element elementor-element-0ea5134 e-con-full e-flex elementor-invisible e-con e-parent\" data-id=\"0ea5134\" data-element_type=\"container\" data-e-type=\"container\" data-settings=\"{&quot;animation&quot;:&quot;fadeIn&quot;}\">\n\t\t\t\t<div class=\"elementor-element elementor-element-67e0fc4 elementor-widget elementor-widget-heading\" data-id=\"67e0fc4\" data-element_type=\"widget\" data-e-type=\"widget\" data-widget_type=\"heading.default\">\n\t\t\t\t<div class=\"elementor-widget-container\">\n\t\t\t\t\t<h1 class=\"elementor-heading-title elementor-size-default\">WICS<span style=\"font-weight:normal;line-height:1.1em\"> - 7\u00ba Workshop sobre as Implica\u00e7\u00f5es da Computa\u00e7\u00e3o na Sociedade<\/span><\/h1>\t\t\t\t<\/div>\n\t\t\t\t<\/div>\n\t\t\t\t<\/div>\n\t\t<div class=\"elementor-element elementor-element-8f1cf27 e-flex e-con-boxed e-con e-parent\" data-id=\"8f1cf27\" data-element_type=\"container\" data-e-type=\"container\">\n\t\t\t\t\t<div class=\"e-con-inner\">\n\t\t\t\t<div class=\"elementor-element elementor-element-deaef60 elementor-widget elementor-widget-spacer\" data-id=\"deaef60\" data-element_type=\"widget\" data-e-type=\"widget\" data-widget_type=\"spacer.default\">\n\t\t\t\t<div class=\"elementor-widget-container\">\n\t\t\t\t\t\t\t<div class=\"elementor-spacer\">\n\t\t\t<div class=\"elementor-spacer-inner\"><\/div>\n\t\t<\/div>\n\t\t\t\t\t\t<\/div>\n\t\t\t\t<\/div>\n\t\t\t\t<div class=\"elementor-element elementor-element-cceda6b elementor-widget elementor-widget-heading\" data-id=\"cceda6b\" data-element_type=\"widget\" data-e-type=\"widget\" data-widget_type=\"heading.default\">\n\t\t\t\t<div class=\"elementor-widget-container\">\n\t\t\t\t\t<h2 class=\"elementor-heading-title elementor-size-default\">Sobre o evento<\/h2>\t\t\t\t<\/div>\n\t\t\t\t<\/div>\n\t\t\t\t<div class=\"elementor-element elementor-element-c90147d elementor-widget elementor-widget-text-editor\" data-id=\"c90147d\" data-element_type=\"widget\" data-e-type=\"widget\" data-widget_type=\"text-editor.default\">\n\t\t\t\t<div class=\"elementor-widget-container\">\n\t\t\t\t\t\t\t\t\t<p>Os sistemas computacionais est\u00e3o cada vez mais integrados \u00e0 vida cotidiana, tornando-se recursos indispens\u00e1veis tanto nas atividades pessoais quanto profissionais. \u00c0 medida que se tornam inerentes \u00e0 experi\u00eancia humana, seu impacto social se intensifica, suscitando preocupa\u00e7\u00f5es \u00e9ticas relacionadas \u00e0 privacidade, desigualdade, rela\u00e7\u00f5es de poder, manipula\u00e7\u00e3o e vieses de dados, bem como \u00e0s transforma\u00e7\u00f5es no trabalho.\u00a0<\/p><p>Diante desse cen\u00e1rio, torna-se essencial repensar o desenvolvimento de sistemas computacionais de modo a equilibrar o bem-estar social com o uso \u00e9tico e sustent\u00e1vel da tecnologia. Para isso, \u00e9 necess\u00e1rio que os paradigmas tecnol\u00f3gicos sejam continuamente adaptados \u00e0s necessidades da comunidade e aos desafios de uma sociedade inteligente, \u00e9tica e sustent\u00e1vel. Enfrentar tais quest\u00f5es exige um esfor\u00e7o\u00a0 multidisciplinar, que envolva n\u00e3o apenas profissionais da \u00e1rea tecnol\u00f3gica, mas tamb\u00e9m especialistas do campo das ci\u00eancias humanas e sociais, tais como, \u00e9tica, filosofia, economia, sociologia, psicologia, direito, hist\u00f3ria e ci\u00eancia pol\u00edtica.<\/p><p>O WICS \u00e9 um evento que busca reunir trabalhos que discutem como a computa\u00e7\u00e3o e a sociedade se relacionam e se articulam, bem como as implica\u00e7\u00f5es m\u00fatuas dessa rela\u00e7\u00e3o. S\u00e3o incentivadas contribui\u00e7\u00f5es originais com abordagens interdisciplinares, tanto no campo da tecnologia quanto nas humanidades, com foco no desenvolvimento e no uso de sistemas computacionais e em sua rela\u00e7\u00e3o com a constru\u00e7\u00e3o social, incluindo, entre outros, estudos de natureza cultural, hist\u00f3rica, sociol\u00f3gica, econ\u00f4mica, jur\u00eddica e pol\u00edtica.<\/p>\t\t\t\t\t\t\t\t<\/div>\n\t\t\t\t<\/div>\n\t\t\t\t<div class=\"elementor-element elementor-element-1d04901 elementor-widget elementor-widget-heading\" data-id=\"1d04901\" data-element_type=\"widget\" data-e-type=\"widget\" data-widget_type=\"heading.default\">\n\t\t\t\t<div class=\"elementor-widget-container\">\n\t\t\t\t\t<h2 class=\"elementor-heading-title elementor-size-default\">T\u00f3picos de Interesse<\/h2>\t\t\t\t<\/div>\n\t\t\t\t<\/div>\n\t\t\t\t<div class=\"elementor-element elementor-element-42833d6 elementor-widget elementor-widget-text-editor\" data-id=\"42833d6\" data-element_type=\"widget\" data-e-type=\"widget\" data-widget_type=\"text-editor.default\">\n\t\t\t\t<div class=\"elementor-widget-container\">\n\t\t\t\t\t\t\t\t\t<p>\u00a0Os t\u00f3picos de interesses compreendem, mas n\u00e3o est\u00e3o restritos a:<\/p><ul><li>Acesso universal \u00e0 tecnologia\u00a0<\/li><li>Alinhamento de valor e tomada de decis\u00e3o moral\u00a0<\/li><li>Ci\u00eancia aberta\u00a0<\/li><li>Cria\u00e7\u00e3o e Arte Digital<\/li><li>Computa\u00e7\u00e3o apoiando os objetivos de desenvolvimento sustent\u00e1vel\u00a0<\/li><li>Computa\u00e7\u00e3o, cidadania e o bem social\u00a0<\/li><li>Computa\u00e7\u00e3o e as compet\u00eancias do s\u00e9culo XXI\u00a0<\/li><li>Computa\u00e7\u00e3o e as diferen\u00e7as socioecon\u00f4micas\u00a0<\/li><li>Computa\u00e7\u00e3o e diversidade\u00a0<\/li><li>Computa\u00e7\u00e3o e geopol\u00edtica\u00a0<\/li><li>Computa\u00e7\u00e3o e impactos ambientais\u00a0<\/li><li>Controle, vigil\u00e2ncia e privacidade<\/li><li>Cultura e tecnologias digitais\u00a0<\/li><li>Desenvolvimento sustent\u00e1vel de sistemas computacionais\u00a0<\/li><li>Entretenimento e Tecnologia\u00a0<\/li><li>Estudos sociais sobre o uso da computa\u00e7\u00e3o.\u00a0<\/li><li>\u00c9tica no design e desenvolvimento de sistemas\u00a0<\/li><li>Implica\u00e7\u00f5es culturais, pol\u00edticas e sociais da IA\u00a0<\/li><li>Implica\u00e7\u00f5es do uso da IA na educa\u00e7\u00e3o<\/li><li>Implica\u00e7\u00f5es futuras da tecnologia\u00a0<\/li><li>Futurismo tecnol\u00f3gico consciente<\/li><li>Inclus\u00e3o e literacia digital\u00a0<\/li><li>Inova\u00e7\u00e3o aberta colaborativa e co-design\u00a0<\/li><li>Mem\u00f3ria, legado digital e imortalidade\u00a0<\/li><li>Not\u00edcias falsas (Fake News)\u00a0<\/li><li>O futuro do trabalho perante as novas tecnologias digitais\u00a0<\/li><li>Padr\u00f5es \u00e9ticos, ve\u00edculos aut\u00f4nomos e intelig\u00eancia artificial\u00a0<\/li><li>Proibi\u00e7\u00f5es, restri\u00e7\u00f5es e tributa\u00e7\u00e3o de sistemas computacionais\u00a0<\/li><li>Propriedade intelectual, produ\u00e7\u00e3o colaborativa e copyleft\u00a0<\/li><li>Privacidade de Dados do Usu\u00e1rio<\/li><li>Tecnologia verde\u00a0<\/li><li>Uso \u00e9tico de sistemas computacionais\u00a0<\/li><li>Web e a liberdade de express\u00e3o<\/li><\/ul>\t\t\t\t\t\t\t\t<\/div>\n\t\t\t\t<\/div>\n\t\t\t\t<div class=\"elementor-element elementor-element-21a9770 elementor-widget elementor-widget-heading\" data-id=\"21a9770\" data-element_type=\"widget\" data-e-type=\"widget\" data-widget_type=\"heading.default\">\n\t\t\t\t<div class=\"elementor-widget-container\">\n\t\t\t\t\t<h2 class=\"elementor-heading-title elementor-size-default\">Instru\u00e7\u00f5es de Submiss\u00e3o<\/h2>\t\t\t\t<\/div>\n\t\t\t\t<\/div>\n\t\t\t\t<div class=\"elementor-element elementor-element-2641174 elementor-widget elementor-widget-text-editor\" data-id=\"2641174\" data-element_type=\"widget\" data-e-type=\"widget\" data-widget_type=\"text-editor.default\">\n\t\t\t\t<div class=\"elementor-widget-container\">\n\t\t\t\t\t\t\t\t\t<p>O WICS 2026 aceitar\u00e1 tanto artigos que proponham e discutam artefatos computacionais e seu uso (relatos de experi\u00eancia), como artigos que teorizem (e avancem) em quest\u00f5es inerentes \u00e0 Computa\u00e7\u00e3o e Sociedade, nas seguintes categorias:<\/p><ul><li aria-level=\"1\">Trilha 1 &#8211; Artigos de Pesquisa (Artigos completos resultantes de pesquisa conclu\u00edda):<ul><li aria-level=\"1\">10 a 12 p\u00e1ginas (sem contar as refer\u00eancias) no <b>Formato da SBC<\/b><\/li><\/ul><\/li><li aria-level=\"1\">Trilha 2 &#8211; Position Papers\/Pesquisas em Andamento (Artigos curtos resultantes de pesquisas em andamento):<ul><li aria-level=\"1\">6 a 8 p\u00e1ginas\u00a0 (sem contar as refer\u00eancias)\u00a0 no <b>Formato da SBC<\/b><\/li><\/ul><\/li><li aria-level=\"1\">Trilha 3 &#8211; Ferramentas (Artigos apresentando ferramentas computacionais de impacto social):<ul><li aria-level=\"1\">6 a 8 p\u00e1ginas\u00a0 (sem contar as refer\u00eancias) no <b>Formato da SBC<\/b><\/li><\/ul><\/li><\/ul><p>\u00c9 importante ressaltar que todos os artigos devem discutir a sua rela\u00e7\u00e3o com a constru\u00e7\u00e3o social, incluindo, entre outros, estudos culturais, hist\u00f3ricos, sociol\u00f3gicos, econ\u00f4micos, jur\u00eddicos e pol\u00edticos. Devem ser observadas tamb\u00e9m as seguintes orienta\u00e7\u00f5es:<\/p><ul><li aria-level=\"1\">Ser\u00e1 usada a metodologia de revis\u00e3o duplamente cega (double-blind), portanto os <b>trabalhos devem ser submetidos sem nenhuma informa\u00e7\u00e3o que permita a identifica\u00e7\u00e3o dos autores<\/b>, caso contr\u00e1rio ser\u00e3o rejeitados.<\/li><li aria-level=\"1\">Os artigos podem ser escritos em portugu\u00eas, espanhol ou ingl\u00eas<\/li><li aria-level=\"1\">Os autores dever\u00e3o seguir as recomenda\u00e7\u00f5es do C\u00f3digo de Conduta para Autores em Publica\u00e7\u00f5es da SBC (vers\u00e3o preliminar) na elabora\u00e7\u00e3o de seus trabalhos.<\/li><li aria-level=\"1\">As submiss\u00f5es devem ser feitas no sistema JEMS atrav\u00e9s do link:\u00a0<a href=\"https:\/\/jems3.sbc.org.br\/events\/492\">https:\/\/jems3.sbc.org.br\/events\/492<\/a><\/li><\/ul>\t\t\t\t\t\t\t\t<\/div>\n\t\t\t\t<\/div>\n\t\t\t\t<div class=\"elementor-element elementor-element-af51048 elementor-widget elementor-widget-heading\" data-id=\"af51048\" data-element_type=\"widget\" data-e-type=\"widget\" data-widget_type=\"heading.default\">\n\t\t\t\t<div class=\"elementor-widget-container\">\n\t\t\t\t\t<h2 class=\"elementor-heading-title elementor-size-default\"> Publica\u00e7\u00e3o dos Trabalhos<\/h2>\t\t\t\t<\/div>\n\t\t\t\t<\/div>\n\t\t\t\t<div class=\"elementor-element elementor-element-c539f2b elementor-widget elementor-widget-text-editor\" data-id=\"c539f2b\" data-element_type=\"widget\" data-e-type=\"widget\" data-widget_type=\"text-editor.default\">\n\t\t\t\t<div class=\"elementor-widget-container\">\n\t\t\t\t\t\t\t\t\t<p>Os artigos aceitos ser\u00e3o indexados com DOI e publicados nos anais do evento, que ser\u00e3o disponibilizados online na SBC OpenLib, o portal de conte\u00fado da SBC, na s\u00e9rie Anais do Workshop sobre as Implica\u00e7\u00f5es da Computa\u00e7\u00e3o na Sociedade, a ser disponibilizada no link: <a href=\"https:\/\/sol.sbc.org.br\/index.php\/wics\">https:\/\/sol.sbc.org.br\/index.php\/wics<\/a>.<\/p>\t\t\t\t\t\t\t\t<\/div>\n\t\t\t\t<\/div>\n\t\t\t\t<div class=\"elementor-element elementor-element-099cff5 elementor-widget elementor-widget-heading\" data-id=\"099cff5\" data-element_type=\"widget\" data-e-type=\"widget\" data-widget_type=\"heading.default\">\n\t\t\t\t<div class=\"elementor-widget-container\">\n\t\t\t\t\t<h2 class=\"elementor-heading-title elementor-size-default\">Inscri\u00e7\u00e3o e Participa\u00e7\u00e3o no Evento<\/h2>\t\t\t\t<\/div>\n\t\t\t\t<\/div>\n\t\t\t\t<div class=\"elementor-element elementor-element-49098fd elementor-widget elementor-widget-text-editor\" data-id=\"49098fd\" data-element_type=\"widget\" data-e-type=\"widget\" data-widget_type=\"text-editor.default\">\n\t\t\t\t<div class=\"elementor-widget-container\">\n\t\t\t\t\t\t\t\t\t<p style=\"font-variant-ligatures: normal; font-variant-caps: normal; font-family: 'Noto Sans', sans-serif; font-size: 16px; font-style: normal; font-weight: 400; color: #000000; text-align: justify;\">A inscri\u00e7\u00e3o pagante de ao menos um autor de cada artigo aceito \u00e9 obrigat\u00f3ria para sua inser\u00e7\u00e3o nos Anais do evento. Autores com mais de um artigo aprovado, em qualquer evento do CSBC, podem realizar o pagamento de uma \u00fanica inscri\u00e7\u00e3o, acrescida de uma \u201ctaxa de publica\u00e7\u00e3o extra\u201d por artigo adicional. Os organizadores se reservam o direito de n\u00e3o incluir nos Anais aqueles trabalhos que n\u00e3o forem apresentados durante o evento.<\/p>\t\t\t\t\t\t\t\t<\/div>\n\t\t\t\t<\/div>\n\t\t\t\t<div class=\"elementor-element elementor-element-ca06759 elementor-widget elementor-widget-heading\" data-id=\"ca06759\" data-element_type=\"widget\" data-e-type=\"widget\" data-widget_type=\"heading.default\">\n\t\t\t\t<div class=\"elementor-widget-container\">\n\t\t\t\t\t<h2 class=\"elementor-heading-title elementor-size-default\">Datas Importantes<\/h2>\t\t\t\t<\/div>\n\t\t\t\t<\/div>\n\t\t\t\t<div class=\"elementor-element elementor-element-a47396a elementor-widget elementor-widget-text-editor\" data-id=\"a47396a\" data-element_type=\"widget\" data-e-type=\"widget\" data-widget_type=\"text-editor.default\">\n\t\t\t\t<div class=\"elementor-widget-container\">\n\t\t\t\t\t\t\t\t\t<ul style=\"font-variant-ligatures: normal; font-variant-caps: normal; font-family: 'Noto Sans', sans-serif; font-size: 16px; font-style: normal; font-weight: 400; color: #000000; text-align: justify;\"><li style=\"font-size: 16px;\" aria-level=\"1\">Prazo para submiss\u00e3o dos trabalhos: <span style=\"font-size: 16px; font-weight: 600; color: #ff0000;\">30 de mar\u00e7o de 2026 (PRAZO FINAL)<\/span><\/li><li style=\"font-size: 16px;\" aria-level=\"1\">Divulga\u00e7\u00e3o dos resultados:\u00a0<span style=\"font-size: 16px; font-weight: 600;\">04 de maio de 2026<\/span><\/li><li style=\"font-size: 16px;\" aria-level=\"1\">Envio das vers\u00f5es finais dos artigos:\u00a0<span style=\"font-size: 16px; font-weight: 600;\">18 de maio de 2026<\/span><\/li><li style=\"font-size: 16px;\" aria-level=\"1\">Prazo de inscri\u00e7\u00e3o dos autores:\u00a0<span style=\"font-size: 16px; font-weight: 600;\">18 de maio de 2026<\/span><\/li><li style=\"font-size: 16px;\" aria-level=\"1\">CSBC 2026:\u00a0<span style=\"font-size: 16px; font-weight: 600;\">19 a 23 de julho de 2026<\/span><\/li><\/ul>\t\t\t\t\t\t\t\t<\/div>\n\t\t\t\t<\/div>\n\t\t\t\t<div class=\"elementor-element elementor-element-ea60522 elementor-widget elementor-widget-heading\" data-id=\"ea60522\" data-element_type=\"widget\" data-e-type=\"widget\" data-widget_type=\"heading.default\">\n\t\t\t\t<div class=\"elementor-widget-container\">\n\t\t\t\t\t<h2 class=\"elementor-heading-title elementor-size-default\">Coordena\u00e7\u00e3o<\/h2>\t\t\t\t<\/div>\n\t\t\t\t<\/div>\n\t\t\t\t<div class=\"elementor-element elementor-element-b71c330 elementor-widget elementor-widget-text-editor\" data-id=\"b71c330\" data-element_type=\"widget\" data-e-type=\"widget\" data-widget_type=\"text-editor.default\">\n\t\t\t\t<div class=\"elementor-widget-container\">\n\t\t\t\t\t\t\t\t\t<ul style=\"font-variant-ligatures: normal; font-variant-caps: normal; font-family: 'Noto Sans', sans-serif; font-size: 16px; font-style: normal; font-weight: 400; color: #000000; text-align: justify;\"><li style=\"font-size: 16px;\" aria-level=\"1\">Thiago Adriano Coleti ( UENP)\u00a0 &#8211; Coordenador Geral<\/li><li style=\"font-size: 16px;\" aria-level=\"1\">Val\u00e9ria Quadros dos Reis (UFMS) &#8211; Coordenadora de Comit\u00ea de Programa<\/li><\/ul>\t\t\t\t\t\t\t\t<\/div>\n\t\t\t\t<\/div>\n\t\t\t\t<div class=\"elementor-element elementor-element-b5ce343 elementor-widget elementor-widget-heading\" data-id=\"b5ce343\" data-element_type=\"widget\" data-e-type=\"widget\" data-widget_type=\"heading.default\">\n\t\t\t\t<div class=\"elementor-widget-container\">\n\t\t\t\t\t<h2 class=\"elementor-heading-title elementor-size-default\">Comit\u00ea de Programa<\/h2>\t\t\t\t<\/div>\n\t\t\t\t<\/div>\n\t\t\t\t<div class=\"elementor-element elementor-element-67a1040 elementor-widget elementor-widget-text-editor\" data-id=\"67a1040\" data-element_type=\"widget\" data-e-type=\"widget\" data-widget_type=\"text-editor.default\">\n\t\t\t\t<div class=\"elementor-widget-container\">\n\t\t\t\t\t\t\t\t\t<p>Em constru\u00e7\u00e3o.<\/p>\t\t\t\t\t\t\t\t<\/div>\n\t\t\t\t<\/div>\n\t\t\t\t\t<\/div>\n\t\t\t\t<\/div>\n\t\t\t\t<\/div>\n\t\t","protected":false},"excerpt":{"rendered":"<p>WICS &#8211; 7\u00ba Workshop sobre as Implica\u00e7\u00f5es da Computa\u00e7\u00e3o na Sociedade Sobre o evento Os sistemas computacionais est\u00e3o cada vez mais integrados \u00e0 vida cotidiana, tornando-se recursos indispens\u00e1veis tanto nas atividades pessoais quanto profissionais. \u00c0 medida que se tornam inerentes \u00e0 experi\u00eancia humana, seu impacto social se intensifica, suscitando preocupa\u00e7\u00f5es \u00e9ticas relacionadas \u00e0 privacidade, desigualdade, [&hellip;]<\/p>\n","protected":false},"author":8,"featured_media":0,"parent":0,"menu_order":0,"comment_status":"closed","ping_status":"closed","template":"","meta":{"ocean_post_layout":"","ocean_both_sidebars_style":"","ocean_both_sidebars_content_width":0,"ocean_both_sidebars_sidebars_width":0,"ocean_sidebar":"","ocean_second_sidebar":"","ocean_disable_margins":"enable","ocean_add_body_class":"","ocean_shortcode_before_top_bar":"","ocean_shortcode_after_top_bar":"","ocean_shortcode_before_header":"","ocean_shortcode_after_header":"","ocean_has_shortcode":"","ocean_shortcode_after_title":"","ocean_shortcode_before_footer_widgets":"","ocean_shortcode_after_footer_widgets":"","ocean_shortcode_before_footer_bottom":"","ocean_shortcode_after_footer_bottom":"","ocean_display_top_bar":"default","ocean_display_header":"default","ocean_header_style":"","ocean_center_header_left_menu":"","ocean_custom_header_template":"","ocean_custom_logo":0,"ocean_custom_retina_logo":0,"ocean_custom_logo_max_width":0,"ocean_custom_logo_tablet_max_width":0,"ocean_custom_logo_mobile_max_width":0,"ocean_custom_logo_max_height":0,"ocean_custom_logo_tablet_max_height":0,"ocean_custom_logo_mobile_max_height":0,"ocean_header_custom_menu":"","ocean_menu_typo_font_family":"","ocean_menu_typo_font_subset":"","ocean_menu_typo_font_size":0,"ocean_menu_typo_font_size_tablet":0,"ocean_menu_typo_font_size_mobile":0,"ocean_menu_typo_font_size_unit":"px","ocean_menu_typo_font_weight":"","ocean_menu_typo_font_weight_tablet":"","ocean_menu_typo_font_weight_mobile":"","ocean_menu_typo_transform":"","ocean_menu_typo_transform_tablet":"","ocean_menu_typo_transform_mobile":"","ocean_menu_typo_line_height":0,"ocean_menu_typo_line_height_tablet":0,"ocean_menu_typo_line_height_mobile":0,"ocean_menu_typo_line_height_unit":"","ocean_menu_typo_spacing":0,"ocean_menu_typo_spacing_tablet":0,"ocean_menu_typo_spacing_mobile":0,"ocean_menu_typo_spacing_unit":"","ocean_menu_link_color":"","ocean_menu_link_color_hover":"","ocean_menu_link_color_active":"","ocean_menu_link_background":"","ocean_menu_link_hover_background":"","ocean_menu_link_active_background":"","ocean_menu_social_links_bg":"","ocean_menu_social_hover_links_bg":"","ocean_menu_social_links_color":"","ocean_menu_social_hover_links_color":"","ocean_disable_title":"default","ocean_disable_heading":"default","ocean_post_title":"","ocean_post_subheading":"","ocean_post_title_style":"","ocean_post_title_background_color":"","ocean_post_title_background":0,"ocean_post_title_bg_image_position":"","ocean_post_title_bg_image_attachment":"","ocean_post_title_bg_image_repeat":"","ocean_post_title_bg_image_size":"","ocean_post_title_height":0,"ocean_post_title_bg_overlay":0.5,"ocean_post_title_bg_overlay_color":"","ocean_disable_breadcrumbs":"default","ocean_breadcrumbs_color":"","ocean_breadcrumbs_separator_color":"","ocean_breadcrumbs_links_color":"","ocean_breadcrumbs_links_hover_color":"","ocean_display_footer_widgets":"default","ocean_display_footer_bottom":"default","ocean_custom_footer_template":"","_joinchat":[],"footnotes":""},"class_list":["post-7096","page","type-page","status-publish","hentry","entry"],"_links":{"self":[{"href":"https:\/\/csbc.sbc.org.br\/2026\/wp-json\/wp\/v2\/pages\/7096","targetHints":{"allow":["GET"]}}],"collection":[{"href":"https:\/\/csbc.sbc.org.br\/2026\/wp-json\/wp\/v2\/pages"}],"about":[{"href":"https:\/\/csbc.sbc.org.br\/2026\/wp-json\/wp\/v2\/types\/page"}],"author":[{"embeddable":true,"href":"https:\/\/csbc.sbc.org.br\/2026\/wp-json\/wp\/v2\/users\/8"}],"replies":[{"embeddable":true,"href":"https:\/\/csbc.sbc.org.br\/2026\/wp-json\/wp\/v2\/comments?post=7096"}],"version-history":[{"count":160,"href":"https:\/\/csbc.sbc.org.br\/2026\/wp-json\/wp\/v2\/pages\/7096\/revisions"}],"predecessor-version":[{"id":17802,"href":"https:\/\/csbc.sbc.org.br\/2026\/wp-json\/wp\/v2\/pages\/7096\/revisions\/17802"}],"wp:attachment":[{"href":"https:\/\/csbc.sbc.org.br\/2026\/wp-json\/wp\/v2\/media?parent=7096"}],"curies":[{"name":"wp","href":"https:\/\/api.w.org\/{rel}","templated":true}]}}