{"id":7188,"date":"2024-01-27T15:55:29","date_gmt":"2024-01-27T15:55:29","guid":{"rendered":"https:\/\/csbc.sbc.org.br\/2024\/?page_id=7188"},"modified":"2026-03-16T18:24:53","modified_gmt":"2026-03-16T21:24:53","slug":"encompif","status":"publish","type":"page","link":"https:\/\/csbc.sbc.org.br\/2026\/encompif\/","title":{"rendered":"ENCompIF &#8211; Encontro Nacional de Computa\u00e7\u00e3o dos Institutos Federais"},"content":{"rendered":"\t\t<div data-elementor-type=\"wp-page\" data-elementor-id=\"7188\" class=\"elementor elementor-7188\">\n\t\t\t\t<div class=\"elementor-element elementor-element-0a3ba60 e-flex e-con-boxed e-con e-parent\" data-id=\"0a3ba60\" data-element_type=\"container\" data-e-type=\"container\">\n\t\t\t\t\t<div class=\"e-con-inner\">\n\t\t\t\t<div class=\"elementor-element elementor-element-67e0fc4 elementor-widget elementor-widget-heading\" data-id=\"67e0fc4\" data-element_type=\"widget\" data-e-type=\"widget\" data-widget_type=\"heading.default\">\n\t\t\t\t<div class=\"elementor-widget-container\">\n\t\t\t\t\t<h1 class=\"elementor-heading-title elementor-size-default\">ENCompIF<span style=\"font-weight:normal;line-height:1.1em\"> - 13\u00ba Encontro Nacional de Computa\u00e7\u00e3o dos Institutos Federais<\/span><\/h1>\t\t\t\t<\/div>\n\t\t\t\t<\/div>\n\t\t\t\t\t<\/div>\n\t\t\t\t<\/div>\n\t\t<div class=\"elementor-element elementor-element-0ea5134 e-flex e-con-boxed elementor-invisible e-con e-parent\" data-id=\"0ea5134\" data-element_type=\"container\" data-e-type=\"container\" data-settings=\"{&quot;animation&quot;:&quot;fadeIn&quot;}\">\n\t\t\t\t\t<div class=\"e-con-inner\">\n\t\t<div class=\"elementor-element elementor-element-171cb85 e-con-full e-flex elementor-invisible e-con e-child\" data-id=\"171cb85\" data-element_type=\"container\" data-e-type=\"container\" data-settings=\"{&quot;animation&quot;:&quot;fadeIn&quot;}\">\n\t\t\t\t<div class=\"elementor-element elementor-element-c59a886 elementor-widget elementor-widget-spacer\" data-id=\"c59a886\" data-element_type=\"widget\" data-e-type=\"widget\" data-widget_type=\"spacer.default\">\n\t\t\t\t<div class=\"elementor-widget-container\">\n\t\t\t\t\t\t\t<div class=\"elementor-spacer\">\n\t\t\t<div class=\"elementor-spacer-inner\"><\/div>\n\t\t<\/div>\n\t\t\t\t\t\t<\/div>\n\t\t\t\t<\/div>\n\t\t\t\t<div class=\"elementor-element elementor-element-e395837 elementor-widget elementor-widget-heading\" data-id=\"e395837\" data-element_type=\"widget\" data-e-type=\"widget\" data-widget_type=\"heading.default\">\n\t\t\t\t<div class=\"elementor-widget-container\">\n\t\t\t\t\t<h2 class=\"elementor-heading-title elementor-size-default\">Sobre o Evento<\/h2>\t\t\t\t<\/div>\n\t\t\t\t<\/div>\n\t\t\t\t<div class=\"elementor-element elementor-element-e678048 elementor-widget elementor-widget-text-editor\" data-id=\"e678048\" data-element_type=\"widget\" data-e-type=\"widget\" data-widget_type=\"text-editor.default\">\n\t\t\t\t<div class=\"elementor-widget-container\">\n\t\t\t\t\t\t\t\t\t<p>O <strong>13\u00ba Encontro Nacional de Computa\u00e7\u00e3o dos Institutos Federais (ENCompIF)<\/strong> ser\u00e1 realizado em conjunto com o 46\u00ba Congresso da Sociedade Brasileira de Computa\u00e7\u00e3o em Gramado. O ENCompIF tem por objetivo reunir professores e estudantes dos Institutos Federais e outras institui\u00e7\u00f5es de ensino profissionalizante, tais como os CEFETs e escolas t\u00e9cnicas, que ofertam cursos t\u00e9cnicos em inform\u00e1tica e superiores em computa\u00e7\u00e3o.<\/p>\t\t\t\t\t\t\t\t<\/div>\n\t\t\t\t<\/div>\n\t\t\t\t<div class=\"elementor-element elementor-element-4ccdda9 elementor-widget elementor-widget-heading\" data-id=\"4ccdda9\" data-element_type=\"widget\" data-e-type=\"widget\" data-widget_type=\"heading.default\">\n\t\t\t\t<div class=\"elementor-widget-container\">\n\t\t\t\t\t<h2 class=\"elementor-heading-title elementor-size-default\">T\u00f3picos de Interesse<\/h2>\t\t\t\t<\/div>\n\t\t\t\t<\/div>\n\t\t\t\t<div class=\"elementor-element elementor-element-a75c8dc elementor-widget elementor-widget-text-editor\" data-id=\"a75c8dc\" data-element_type=\"widget\" data-e-type=\"widget\" data-widget_type=\"text-editor.default\">\n\t\t\t\t<div class=\"elementor-widget-container\">\n\t\t\t\t\t\t\t\t\t<p>S\u00e3o t\u00f3picos de interesse do evento assuntos das mais diversas \u00e1reas da computa\u00e7\u00e3o. As submiss\u00f5es s\u00e3o divididas dentro do evento n\u00e3o por assunto, mas de acordo com o n\u00edvel escolar (curso t\u00e9cnico ou gradua\u00e7\u00e3o e p\u00f3s-gradua\u00e7\u00e3o) dos alunos participantes do trabalho, ou ainda se o trabalho foi desenvolvido por um docente, que n\u00e3o estava orientando alunos na pesquisa submetida.<\/p><p>O comit\u00ea de programa ir\u00e1 favorecer artigos com maior potencial de gerar discuss\u00f5es durante o ENCompIF e aqueles baseados em alguma forma de valida\u00e7\u00e3o experimental.<\/p>\t\t\t\t\t\t\t\t<\/div>\n\t\t\t\t<\/div>\n\t\t\t\t<div class=\"elementor-element elementor-element-2ed8578 elementor-widget elementor-widget-heading\" data-id=\"2ed8578\" data-element_type=\"widget\" data-e-type=\"widget\" data-widget_type=\"heading.default\">\n\t\t\t\t<div class=\"elementor-widget-container\">\n\t\t\t\t\t<h2 class=\"elementor-heading-title elementor-size-default\">Instru\u00e7\u00f5es de Submiss\u00e3o<\/h2>\t\t\t\t<\/div>\n\t\t\t\t<\/div>\n\t\t\t\t<div class=\"elementor-element elementor-element-e0668ec elementor-widget elementor-widget-text-editor\" data-id=\"e0668ec\" data-element_type=\"widget\" data-e-type=\"widget\" data-widget_type=\"text-editor.default\">\n\t\t\t\t<div class=\"elementor-widget-container\">\n\t\t\t\t\t\t\t\t\t<div class=\"ant-collapse-content ant-collapse-content-active\" role=\"tabpanel\"><div class=\"ant-collapse-content-box\"><div><p>Trabalhos nas diversas \u00e1reas da computa\u00e7\u00e3o poder\u00e3o ser submetidos. Eles dever\u00e3o atender a uma das 3 trilhas abaixo:<\/p><ul><li>Trabalhos onde existe a orienta\u00e7\u00e3o de alunos do ensino m\u00e9dio. Os trabalhos submetidos para esta trilha dever\u00e3o conter 8 p\u00e1ginas;<\/li><li>Trabalhos desenvolvidos em cursos de gradua\u00e7\u00e3o e p\u00f3s-gradua\u00e7\u00e3o. Os trabalhos submetidos para esta trilha dever\u00e3o conter at\u00e9 8 p\u00e1ginas;<\/li><li>Trabalhos que s\u00e3o iniciativas dos professores. Os trabalhos submetidos para esta trilha dever\u00e3o conter at\u00e9 8 p\u00e1ginas.<\/li><\/ul><p>Autores est\u00e3o convidados a submeter artigos t\u00e9cnico-cient\u00edficos no formato SBC (<a href=\"https:\/\/www.sbc.org.br\/documentosinstitucionais\/#publicacoes\" target=\"_blank\" rel=\"noopener\">Modelo dispon\u00edvel aqui<\/a>), escritos em Portugu\u00eas ou Ingl\u00eas. As submiss\u00f5es ser\u00e3o feitas eletronicamente atrav\u00e9s do sistema JEMS3 (<a href=\"https:\/\/jems3.sbc.org.br\/encompif2026\">https:\/\/jems3.sbc.org.br\/encompif2026<\/a>).<\/p><p>Os trabalhos DEVEM SER SUBMETIDOS no sistema Blind Review (revis\u00e3o cega). Portanto, os autores n\u00e3o podem incluir informa\u00e7\u00f5es que permitam a sua identifica\u00e7\u00e3o (nome, filia\u00e7\u00e3o, explicita\u00e7\u00e3o do autor em refer\u00eancias, nomes de projetos, etc). Artigos que desobedecerem o sistema de Blind Review ser\u00e3o automaticamente rejeitados.<\/p><p>Crit\u00e9rios de revis\u00e3o:<\/p><ul><li>O t\u00f3pico do artigo \u00e9 relevante para a trilha para a qual ele \u00e9 enviado.<\/li><li>O artigo aborda um fen\u00f4meno interessante ou atual.<\/li><li>Os objetivos do artigo foram claramente descritos.<\/li><li>O artigo foi bem organizado para permitir que as ideias apresentadas fluam logicamente.<\/li><li>O artigo cont\u00e9m uma revis\u00e3o apropriada da literatura relevante.<\/li><li>O artigo descreve detalhadamente o m\u00e9todo de pesquisa empregado (somente se relevante).<\/li><li>O artigo fornece uma an\u00e1lise adequada de seus dados (somente se relevante, pois os trabalhos de pesquisa em andamento podem n\u00e3o ter dados analisados).<\/li><li>O artigo discute as implica\u00e7\u00f5es te\u00f3ricas e pr\u00e1ticas dos resultados (os trabalhos de pesquisa em andamento podem discutir as implica\u00e7\u00f5es potenciais do estudo).<\/li><\/ul><\/div><\/div><\/div>\t\t\t\t\t\t\t\t<\/div>\n\t\t\t\t<\/div>\n\t\t\t\t<div class=\"elementor-element elementor-element-68a4568 elementor-widget elementor-widget-heading\" data-id=\"68a4568\" data-element_type=\"widget\" data-e-type=\"widget\" data-widget_type=\"heading.default\">\n\t\t\t\t<div class=\"elementor-widget-container\">\n\t\t\t\t\t<h2 class=\"elementor-heading-title elementor-size-default\">Apresenta\u00e7\u00e3o e Publica\u00e7\u00e3o dos Trabalhos<\/h2>\t\t\t\t<\/div>\n\t\t\t\t<\/div>\n\t\t\t\t<div class=\"elementor-element elementor-element-28a7991 elementor-widget elementor-widget-text-editor\" data-id=\"28a7991\" data-element_type=\"widget\" data-e-type=\"widget\" data-widget_type=\"text-editor.default\">\n\t\t\t\t<div class=\"elementor-widget-container\">\n\t\t\t\t\t\t\t\t\t<div class=\"ant-collapse-content ant-collapse-content-active\" role=\"tabpanel\"><div class=\"ant-collapse-content-box\"><div><ul><li>Formato da apresenta\u00e7\u00e3o: Os autores de cada trabalho aceito contar\u00e3o com 10 minutos para apresenta\u00e7\u00e3o e mais 5 minutos para que sejam feitas interven\u00e7\u00f5es (perguntas, sugest\u00f5es e outros coment\u00e1rios) por parte do p\u00fablico presente no evento. Recomenda-se a utiliza\u00e7\u00e3o de slides para a apresenta\u00e7\u00e3o, ou outras formas que os autores julgarem necess\u00e1rias (como exibi\u00e7\u00e3o de prot\u00f3tipo e v\u00eddeos), desde que respeitem os 10 minutos para apresenta\u00e7\u00e3o.<\/li><li>Publica\u00e7\u00e3o dos trabalhos: Os artigos aceitos ser\u00e3o indexados com DOI e publicados nos anais do evento, que ser\u00e3o disponibilizados online na SBC OpenLib, o portal de conte\u00fado da SBC, na s\u00e9rie Anais do ENCompIF a ser disponibilizada no link: <a href=\"https:\/\/sol.sbc.org.br\/index.php\/encompif\" target=\"_blank\" rel=\"noopener\">https:\/\/sol.sbc.org.br\/index.php\/encompif<\/a>.<\/li><\/ul><p>Os melhores trabalhos nas trilhas ensino m\u00e9dio e gradua\u00e7\u00e3o\/p\u00f3s-gradua\u00e7\u00e3o receber\u00e3o uma men\u00e7\u00e3o honrosa.<\/p><\/div><\/div><\/div>\t\t\t\t\t\t\t\t<\/div>\n\t\t\t\t<\/div>\n\t\t\t\t<div class=\"elementor-element elementor-element-01164bc elementor-widget elementor-widget-heading\" data-id=\"01164bc\" data-element_type=\"widget\" data-e-type=\"widget\" data-widget_type=\"heading.default\">\n\t\t\t\t<div class=\"elementor-widget-container\">\n\t\t\t\t\t<h2 class=\"elementor-heading-title elementor-size-default\">Datas Importantes<\/h2>\t\t\t\t<\/div>\n\t\t\t\t<\/div>\n\t\t\t\t<div class=\"elementor-element elementor-element-4d92260 elementor-widget elementor-widget-text-editor\" data-id=\"4d92260\" data-element_type=\"widget\" data-e-type=\"widget\" data-widget_type=\"text-editor.default\">\n\t\t\t\t<div class=\"elementor-widget-container\">\n\t\t\t\t\t\t\t\t\t<ul style=\"font-variant-ligatures: normal; font-variant-caps: normal; font-family: 'Noto Sans', sans-serif; font-size: 16px; font-style: normal; font-weight: 400; color: #000000; text-align: justify;\"><li style=\"font-size: 16px;\" aria-level=\"1\">Prazo para submiss\u00e3o dos trabalhos: <span style=\"color: #ff0000;\"><strong>30\/03\/26 (PRAZO FINAL)<\/strong>\u00a0<\/span><\/li><li style=\"font-size: 16px;\" aria-level=\"1\">Divulga\u00e7\u00e3o dos resultados:\u00a0<span style=\"font-size: 16px; font-weight: 600;\">04 de maio de 2026<\/span><\/li><li style=\"font-size: 16px;\" aria-level=\"1\">Envio das vers\u00f5es finais dos artigos:\u00a0<span style=\"font-size: 16px; font-weight: 600;\">18 de maio de 2026<\/span><\/li><li style=\"font-size: 16px;\" aria-level=\"1\">Prazo de inscri\u00e7\u00e3o dos autores:\u00a0<span style=\"font-size: 16px; font-weight: 600;\">18 de maio de 2026<\/span><\/li><li style=\"font-size: 16px;\" aria-level=\"1\">CSBC 2026:\u00a0<span style=\"font-size: 16px; font-weight: 600;\">19 a 23 de julho de 2026<\/span><\/li><\/ul>\t\t\t\t\t\t\t\t<\/div>\n\t\t\t\t<\/div>\n\t\t\t\t<div class=\"elementor-element elementor-element-532210c elementor-widget elementor-widget-heading\" data-id=\"532210c\" data-element_type=\"widget\" data-e-type=\"widget\" data-widget_type=\"heading.default\">\n\t\t\t\t<div class=\"elementor-widget-container\">\n\t\t\t\t\t<h2 class=\"elementor-heading-title elementor-size-default\">Inscri\u00e7\u00e3o e Participa\u00e7\u00e3o no Evento<\/h2>\t\t\t\t<\/div>\n\t\t\t\t<\/div>\n\t\t\t\t<div class=\"elementor-element elementor-element-2003c88 elementor-widget elementor-widget-text-editor\" data-id=\"2003c88\" data-element_type=\"widget\" data-e-type=\"widget\" data-widget_type=\"text-editor.default\">\n\t\t\t\t<div class=\"elementor-widget-container\">\n\t\t\t\t\t\t\t\t\t<p style=\"font-variant-ligatures: normal; font-variant-caps: normal; font-family: 'Noto Sans', sans-serif; font-size: 16px; font-style: normal; font-weight: 400; color: #000000; text-align: justify;\">A inscri\u00e7\u00e3o pagante de ao menos um autor de cada artigo aceito \u00e9 obrigat\u00f3ria para sua inser\u00e7\u00e3o nos Anais do evento. Autores com mais de um artigo aprovado, em qualquer evento do CSBC, podem realizar o pagamento de uma \u00fanica inscri\u00e7\u00e3o, acrescida de uma \u201ctaxa de publica\u00e7\u00e3o extra\u201d por artigo adicional. Os organizadores se reservam o direito de n\u00e3o incluir nos Anais aqueles trabalhos que n\u00e3o forem apresentados durante o evento.<\/p>\t\t\t\t\t\t\t\t<\/div>\n\t\t\t\t<\/div>\n\t\t\t\t<div class=\"elementor-element elementor-element-adad55d elementor-widget elementor-widget-heading\" data-id=\"adad55d\" data-element_type=\"widget\" data-e-type=\"widget\" data-widget_type=\"heading.default\">\n\t\t\t\t<div class=\"elementor-widget-container\">\n\t\t\t\t\t<h2 class=\"elementor-heading-title elementor-size-default\">Coordena\u00e7\u00e3o<\/h2>\t\t\t\t<\/div>\n\t\t\t\t<\/div>\n\t\t\t\t<div class=\"elementor-element elementor-element-49af83d elementor-widget elementor-widget-text-editor\" data-id=\"49af83d\" data-element_type=\"widget\" data-e-type=\"widget\" data-widget_type=\"text-editor.default\">\n\t\t\t\t<div class=\"elementor-widget-container\">\n\t\t\t\t\t\t\t\t\t<ul style=\"font-variant-ligatures: normal; font-variant-caps: normal; font-family: 'Noto Sans', sans-serif; font-size: 16px; font-style: normal; font-weight: 400; color: #000000; text-align: justify;\"><li style=\"font-size: 16px;\" aria-level=\"1\">Carlos Roberto de Oliveira J\u00fanior (IFRJ\/UNIRIO) &#8211; Coordenador Geral<\/li><li aria-level=\"1\">Guilherme Alvaro Rodrigues Maia Esmeraldo (IFCE) &#8211; Coordenador de Comit\u00ea de Programa<\/li><\/ul>\t\t\t\t\t\t\t\t<\/div>\n\t\t\t\t<\/div>\n\t\t\t\t<div class=\"elementor-element elementor-element-d7f3ed4 elementor-widget elementor-widget-heading\" data-id=\"d7f3ed4\" data-element_type=\"widget\" data-e-type=\"widget\" data-widget_type=\"heading.default\">\n\t\t\t\t<div class=\"elementor-widget-container\">\n\t\t\t\t\t<h2 class=\"elementor-heading-title elementor-size-default\">Comit\u00ea de Programa<\/h2>\t\t\t\t<\/div>\n\t\t\t\t<\/div>\n\t\t\t\t<div class=\"elementor-element elementor-element-b70e562 elementor-widget elementor-widget-text-editor\" data-id=\"b70e562\" data-element_type=\"widget\" data-e-type=\"widget\" data-widget_type=\"text-editor.default\">\n\t\t\t\t<div class=\"elementor-widget-container\">\n\t\t\t\t\t\t\t\t\t<p>Em constru\u00e7\u00e3o.<\/p>\t\t\t\t\t\t\t\t<\/div>\n\t\t\t\t<\/div>\n\t\t\t\t<\/div>\n\t\t\t\t\t<\/div>\n\t\t\t\t<\/div>\n\t\t\t\t<\/div>\n\t\t","protected":false},"excerpt":{"rendered":"<p>ENCompIF &#8211; 13\u00ba Encontro Nacional de Computa\u00e7\u00e3o dos Institutos Federais Sobre o Evento O 13\u00ba Encontro Nacional de Computa\u00e7\u00e3o dos Institutos Federais (ENCompIF) ser\u00e1 realizado em conjunto com o 46\u00ba Congresso da Sociedade Brasileira de Computa\u00e7\u00e3o em Gramado. O ENCompIF tem por objetivo reunir professores e estudantes dos Institutos Federais e outras institui\u00e7\u00f5es de ensino [&hellip;]<\/p>\n","protected":false},"author":8,"featured_media":0,"parent":0,"menu_order":0,"comment_status":"closed","ping_status":"closed","template":"","meta":{"ocean_post_layout":"","ocean_both_sidebars_style":"","ocean_both_sidebars_content_width":0,"ocean_both_sidebars_sidebars_width":0,"ocean_sidebar":"","ocean_second_sidebar":"","ocean_disable_margins":"enable","ocean_add_body_class":"","ocean_shortcode_before_top_bar":"","ocean_shortcode_after_top_bar":"","ocean_shortcode_before_header":"","ocean_shortcode_after_header":"","ocean_has_shortcode":"","ocean_shortcode_after_title":"","ocean_shortcode_before_footer_widgets":"","ocean_shortcode_after_footer_widgets":"","ocean_shortcode_before_footer_bottom":"","ocean_shortcode_after_footer_bottom":"","ocean_display_top_bar":"default","ocean_display_header":"default","ocean_header_style":"","ocean_center_header_left_menu":"","ocean_custom_header_template":"","ocean_custom_logo":0,"ocean_custom_retina_logo":0,"ocean_custom_logo_max_width":0,"ocean_custom_logo_tablet_max_width":0,"ocean_custom_logo_mobile_max_width":0,"ocean_custom_logo_max_height":0,"ocean_custom_logo_tablet_max_height":0,"ocean_custom_logo_mobile_max_height":0,"ocean_header_custom_menu":"","ocean_menu_typo_font_family":"","ocean_menu_typo_font_subset":"","ocean_menu_typo_font_size":0,"ocean_menu_typo_font_size_tablet":0,"ocean_menu_typo_font_size_mobile":0,"ocean_menu_typo_font_size_unit":"px","ocean_menu_typo_font_weight":"","ocean_menu_typo_font_weight_tablet":"","ocean_menu_typo_font_weight_mobile":"","ocean_menu_typo_transform":"","ocean_menu_typo_transform_tablet":"","ocean_menu_typo_transform_mobile":"","ocean_menu_typo_line_height":0,"ocean_menu_typo_line_height_tablet":0,"ocean_menu_typo_line_height_mobile":0,"ocean_menu_typo_line_height_unit":"","ocean_menu_typo_spacing":0,"ocean_menu_typo_spacing_tablet":0,"ocean_menu_typo_spacing_mobile":0,"ocean_menu_typo_spacing_unit":"","ocean_menu_link_color":"","ocean_menu_link_color_hover":"","ocean_menu_link_color_active":"","ocean_menu_link_background":"","ocean_menu_link_hover_background":"","ocean_menu_link_active_background":"","ocean_menu_social_links_bg":"","ocean_menu_social_hover_links_bg":"","ocean_menu_social_links_color":"","ocean_menu_social_hover_links_color":"","ocean_disable_title":"default","ocean_disable_heading":"default","ocean_post_title":"","ocean_post_subheading":"","ocean_post_title_style":"","ocean_post_title_background_color":"","ocean_post_title_background":0,"ocean_post_title_bg_image_position":"","ocean_post_title_bg_image_attachment":"","ocean_post_title_bg_image_repeat":"","ocean_post_title_bg_image_size":"","ocean_post_title_height":0,"ocean_post_title_bg_overlay":0.5,"ocean_post_title_bg_overlay_color":"","ocean_disable_breadcrumbs":"default","ocean_breadcrumbs_color":"","ocean_breadcrumbs_separator_color":"","ocean_breadcrumbs_links_color":"","ocean_breadcrumbs_links_hover_color":"","ocean_display_footer_widgets":"default","ocean_display_footer_bottom":"default","ocean_custom_footer_template":"","_joinchat":[],"footnotes":""},"class_list":["post-7188","page","type-page","status-publish","hentry","entry"],"_links":{"self":[{"href":"https:\/\/csbc.sbc.org.br\/2026\/wp-json\/wp\/v2\/pages\/7188","targetHints":{"allow":["GET"]}}],"collection":[{"href":"https:\/\/csbc.sbc.org.br\/2026\/wp-json\/wp\/v2\/pages"}],"about":[{"href":"https:\/\/csbc.sbc.org.br\/2026\/wp-json\/wp\/v2\/types\/page"}],"author":[{"embeddable":true,"href":"https:\/\/csbc.sbc.org.br\/2026\/wp-json\/wp\/v2\/users\/8"}],"replies":[{"embeddable":true,"href":"https:\/\/csbc.sbc.org.br\/2026\/wp-json\/wp\/v2\/comments?post=7188"}],"version-history":[{"count":104,"href":"https:\/\/csbc.sbc.org.br\/2026\/wp-json\/wp\/v2\/pages\/7188\/revisions"}],"predecessor-version":[{"id":17793,"href":"https:\/\/csbc.sbc.org.br\/2026\/wp-json\/wp\/v2\/pages\/7188\/revisions\/17793"}],"wp:attachment":[{"href":"https:\/\/csbc.sbc.org.br\/2026\/wp-json\/wp\/v2\/media?parent=7188"}],"curies":[{"name":"wp","href":"https:\/\/api.w.org\/{rel}","templated":true}]}}