{"id":7227,"date":"2024-01-27T17:45:53","date_gmt":"2024-01-27T17:45:53","guid":{"rendered":"https:\/\/csbc.sbc.org.br\/2024\/?page_id=7227"},"modified":"2026-03-25T10:00:21","modified_gmt":"2026-03-25T13:00:21","slug":"sbcup","status":"publish","type":"page","link":"https:\/\/csbc.sbc.org.br\/2026\/sbcup\/","title":{"rendered":"SBCUP &#8211; Simp\u00f3sio Brasileiro de Computa\u00e7\u00e3o Ub\u00edqua e Pervasiva"},"content":{"rendered":"\t\t<div data-elementor-type=\"wp-page\" data-elementor-id=\"7227\" class=\"elementor elementor-7227\">\n\t\t\t\t<div class=\"elementor-element elementor-element-0a3ba60 e-flex e-con-boxed e-con e-parent\" data-id=\"0a3ba60\" data-element_type=\"container\" data-e-type=\"container\">\n\t\t\t\t\t<div class=\"e-con-inner\">\n\t\t\t\t<div class=\"elementor-element elementor-element-67e0fc4 elementor-widget elementor-widget-heading\" data-id=\"67e0fc4\" data-element_type=\"widget\" data-e-type=\"widget\" data-widget_type=\"heading.default\">\n\t\t\t\t<div class=\"elementor-widget-container\">\n\t\t\t\t\t<h1 class=\"elementor-heading-title elementor-size-default\">SBCUP<span style=\"font-weight:normal;line-height:1.1em\"> - 18\u00ba Simp\u00f3sio Brasileiro de Computa\u00e7\u00e3o Ub\u00edqua e Pervasiva<\/span><\/h1>\t\t\t\t<\/div>\n\t\t\t\t<\/div>\n\t\t\t\t\t<\/div>\n\t\t\t\t<\/div>\n\t\t<div class=\"elementor-element elementor-element-0ea5134 e-flex e-con-boxed elementor-invisible e-con e-parent\" data-id=\"0ea5134\" data-element_type=\"container\" data-e-type=\"container\" data-settings=\"{&quot;animation&quot;:&quot;fadeIn&quot;}\">\n\t\t\t\t\t<div class=\"e-con-inner\">\n\t\t<div class=\"elementor-element elementor-element-759b28d e-con-full e-flex elementor-invisible e-con e-child\" data-id=\"759b28d\" data-element_type=\"container\" data-e-type=\"container\" data-settings=\"{&quot;animation&quot;:&quot;fadeIn&quot;}\">\n\t\t\t\t<div class=\"elementor-element elementor-element-57c6b0d elementor-widget elementor-widget-spacer\" data-id=\"57c6b0d\" data-element_type=\"widget\" data-e-type=\"widget\" data-widget_type=\"spacer.default\">\n\t\t\t\t<div class=\"elementor-widget-container\">\n\t\t\t\t\t\t\t<div class=\"elementor-spacer\">\n\t\t\t<div class=\"elementor-spacer-inner\"><\/div>\n\t\t<\/div>\n\t\t\t\t\t\t<\/div>\n\t\t\t\t<\/div>\n\t\t\t\t<div class=\"elementor-element elementor-element-4b6193e elementor-widget elementor-widget-heading\" data-id=\"4b6193e\" data-element_type=\"widget\" data-e-type=\"widget\" data-widget_type=\"heading.default\">\n\t\t\t\t<div class=\"elementor-widget-container\">\n\t\t\t\t\t<h2 class=\"elementor-heading-title elementor-size-default\">Sobre o Evento<\/h2>\t\t\t\t<\/div>\n\t\t\t\t<\/div>\n\t\t\t\t<div class=\"elementor-element elementor-element-5141cbd elementor-widget elementor-widget-text-editor\" data-id=\"5141cbd\" data-element_type=\"widget\" data-e-type=\"widget\" data-widget_type=\"text-editor.default\">\n\t\t\t\t<div class=\"elementor-widget-container\">\n\t\t\t\t\t\t\t\t\t<p>O Simp\u00f3sio Brasileiro de Computa\u00e7\u00e3o Ub\u00edqua e Pervasiva (SBCUP) \u00e9 um tradicional evento sat\u00e9lite que ocorre durante o Congresso da Sociedade Brasileira de Computa\u00e7\u00e3o (CSBC). O evento est\u00e1 na sua 18a edi\u00e7\u00e3o e acontecer\u00e1 em Gramado-RS, entre os dias 19 a 23 de Julho, durante o CSBC 2026.<\/p><p>A Computa\u00e7\u00e3o Ub\u00edqua e Pervasiva, em seus v\u00e1rios desdobramentos e aplica\u00e7\u00f5es, \u00e9 considerada um dos paradigmas da Computa\u00e7\u00e3o que oferece o acoplamento do mundo f\u00edsico ao mundo da informa\u00e7\u00e3o e fornece uma abund\u00e2ncia de servi\u00e7os e aplica\u00e7\u00f5es, permitindo que usu\u00e1rios, m\u00e1quinas, dados, aplica\u00e7\u00f5es e objetos do espa\u00e7o f\u00edsico interajam uns com os outros de forma transparente. Para se construir o cen\u00e1rio visualizado de forma pioneira por Mark Weiser, no in\u00edcio dos anos 90, s\u00e3o necess\u00e1rios esfor\u00e7os de pesquisa multidisciplinares, envolvendo praticamente todas as \u00e1reas da Computa\u00e7\u00e3o: sistemas distribu\u00eddos, sistemas m\u00f3veis, redes de computadores, engenharia de software, entre outras. A Computa\u00e7\u00e3o Ub\u00edqua e Pervasiva foi considerada um dos grandes desafios da pesquisa em Computa\u00e7\u00e3o pela National Science Foundation (NSF) e seu escopo de aplica\u00e7\u00e3o cresceu muito nos \u00faltimos anos, uma vez que o uso de tecnologia e computa\u00e7\u00e3o tem estado cada vez mais presente e transparente no dia-a-dia dos cidad\u00e3os.<\/p><p>\u00a0O XVIII SBCUP \u00e9 um f\u00f3rum dedicado \u00e0 apresenta\u00e7\u00e3o e discuss\u00e3o de resultados de pesquisa na \u00e1rea de Computa\u00e7\u00e3o Ub\u00edqua e Pervasiva em \u00e2mbito nacional. O principal objetivo \u00e9 reunir a comunidade que desenvolve trabalhos relacionados com os temas de interesse do simp\u00f3sio e estimular a discuss\u00e3o dos desafios que esta \u00e1rea traz ao propor um ambiente computacional futuro e onipresente. Autores s\u00e3o convidados a submeter artigos completos contendo resultados de suas pesquisas cient\u00edficas ou tecnol\u00f3gicas ao SBCUP considerando os t\u00f3picos de interesse relacionados abaixo.<\/p>\t\t\t\t\t\t\t\t<\/div>\n\t\t\t\t<\/div>\n\t\t\t\t<div class=\"elementor-element elementor-element-f2f2c9f elementor-widget elementor-widget-heading\" data-id=\"f2f2c9f\" data-element_type=\"widget\" data-e-type=\"widget\" data-widget_type=\"heading.default\">\n\t\t\t\t<div class=\"elementor-widget-container\">\n\t\t\t\t\t<h2 class=\"elementor-heading-title elementor-size-default\">T\u00f3picos de Interesse<\/h2>\t\t\t\t<\/div>\n\t\t\t\t<\/div>\n\t\t\t\t<div class=\"elementor-element elementor-element-9987676 elementor-widget elementor-widget-text-editor\" data-id=\"9987676\" data-element_type=\"widget\" data-e-type=\"widget\" data-widget_type=\"text-editor.default\">\n\t\t\t\t<div class=\"elementor-widget-container\">\n\t\t\t\t\t\t\t\t\t<ul><li>Aplica\u00e7\u00f5es colaborativas e de redes sociais<\/li><li>Aplica\u00e7\u00f5es e sistemas para Redes 5G<\/li><li>Ciberseguran\u00e7a<\/li><li>Computa\u00e7\u00e3o ciente (sens\u00edvel) do contexto<\/li><li>Computa\u00e7\u00e3o embarcada<\/li><li>Computa\u00e7\u00e3o m\u00f3vel<\/li><li>Computa\u00e7\u00e3o Urbana<\/li><li>e-Health e m-Health<\/li><li>Ferramentas e t\u00e9cnicas de computa\u00e7\u00e3o em grade, nuvem e borda<\/li><li>Ind\u00fastria 5.0<\/li><li>Intelig\u00eancia Artificial<\/li><li>Intelig\u00eancia ambiente, dispositivos e espa\u00e7os inteligentes (smart spaces)<\/li><li>Interface de usu\u00e1rios e modelos de intera\u00e7\u00e3o<\/li><li>Internet das coisas<\/li><li>Middleware e sistema operacional<\/li><li>Modelos e paradigmas de programa\u00e7\u00e3o<\/li><li>Quest\u00f5es relativas \u00e0 confian\u00e7a, seguran\u00e7a e privacidade<\/li><li>Redes de sensores<\/li><li>Redes veiculares e Redes de drones<\/li><li>Sistemas aut\u00f4nomos, adaptativos e reconfigur\u00e1veis<\/li><li>Sistemas sem\u00e2nticos e ontologias<\/li><li>Toler\u00e2ncia a falhas<\/li><li>Uso eficiente de energia<\/li><li>Sensoriamento participativo\/oportun\u00edstico<\/li><li>Servi\u00e7os baseados em localiza\u00e7\u00e3o<\/li><li>Sistemas de recomenda\u00e7\u00e3o<\/li><li>Sistemas ciber-f\u00edsicos<\/li><\/ul>\t\t\t\t\t\t\t\t<\/div>\n\t\t\t\t<\/div>\n\t\t\t\t<div class=\"elementor-element elementor-element-9ece2b7 elementor-widget elementor-widget-heading\" data-id=\"9ece2b7\" data-element_type=\"widget\" data-e-type=\"widget\" data-widget_type=\"heading.default\">\n\t\t\t\t<div class=\"elementor-widget-container\">\n\t\t\t\t\t<h2 class=\"elementor-heading-title elementor-size-default\">Instru\u00e7\u00f5es de Submiss\u00e3o<\/h2>\t\t\t\t<\/div>\n\t\t\t\t<\/div>\n\t\t\t\t<div class=\"elementor-element elementor-element-93d6f93 elementor-widget elementor-widget-text-editor\" data-id=\"93d6f93\" data-element_type=\"widget\" data-e-type=\"widget\" data-widget_type=\"text-editor.default\">\n\t\t\t\t<div class=\"elementor-widget-container\">\n\t\t\t\t\t\t\t\t\t<p><strong>Formato dos Trabalhos<\/strong><\/p><p>As submiss\u00f5es devem ser in\u00e9ditas e apresentar resultados ainda n\u00e3o publicados. Os artigos podem ser escritos em portugu\u00eas ou em ingl\u00eas e devem conter, no m\u00e1ximo, <b>dez p\u00e1ginas de conte\u00fado<\/b>, incluindo resumo e abstract (para textos em portugu\u00eas), ou abstract (para textos em ingl\u00eas), bem como figuras, diagramas e anexos. <b>As refer\u00eancias podem ser inclu\u00eddas em p\u00e1ginas adicionais, sem restri\u00e7\u00e3o de n\u00famero.<\/b><\/p><p>Ser\u00e3o aceitos exclusivamente artigos em formato PDF, utilizando o estilo oficial de formata\u00e7\u00e3o de artigos da SBC, dispon\u00edvel na seguinte URL: <a href=\"https:\/\/goo.gl\/nfe5ps\">https:\/\/goo.gl\/nfe5ps<\/a>\u00a0<\/p><p><strong>Submiss\u00e3o<\/strong><\/p><p>A submiss\u00e3o dos trabalhos ser\u00e1 exclusivamente eletr\u00f4nica atrav\u00e9s do Sistema JEMS3 da SBC:\u00a0<a href=\"https:\/\/jems3.sbc.org.br\/sbcup2026\">https:\/\/jems3.sbc.org.br\/sbcup2026<\/a>\u00a0\u00a0<\/p>\t\t\t\t\t\t\t\t<\/div>\n\t\t\t\t<\/div>\n\t\t\t\t<div class=\"elementor-element elementor-element-926a911 elementor-widget elementor-widget-heading\" data-id=\"926a911\" data-element_type=\"widget\" data-e-type=\"widget\" data-widget_type=\"heading.default\">\n\t\t\t\t<div class=\"elementor-widget-container\">\n\t\t\t\t\t<h2 class=\"elementor-heading-title elementor-size-default\">Publica\u00e7\u00e3o dos Trabalhos<\/h2>\t\t\t\t<\/div>\n\t\t\t\t<\/div>\n\t\t\t\t<div class=\"elementor-element elementor-element-83a9945 elementor-widget elementor-widget-text-editor\" data-id=\"83a9945\" data-element_type=\"widget\" data-e-type=\"widget\" data-widget_type=\"text-editor.default\">\n\t\t\t\t<div class=\"elementor-widget-container\">\n\t\t\t\t\t\t\t\t\t<p>Os artigos aceitos ser\u00e3o publicados nos anais do SBCUP, que ser\u00e3o disponibilizados online na SBC OpenLib, o portal de conte\u00fado da SBC, na s\u00e9rie Anais do SBCUP, (2595-6183), dispon\u00edvel no link<a href=\"https:\/\/sol.sbc.org.br\/index.php\/sbcup\/\"> https:\/\/sol.sbc.org.br\/index.php\/sbcup\/<\/a>. Todos os artigos ser\u00e3o indexados com DOI.<\/p>\t\t\t\t\t\t\t\t<\/div>\n\t\t\t\t<\/div>\n\t\t\t\t<div class=\"elementor-element elementor-element-697fe73 elementor-widget elementor-widget-heading\" data-id=\"697fe73\" data-element_type=\"widget\" data-e-type=\"widget\" data-widget_type=\"heading.default\">\n\t\t\t\t<div class=\"elementor-widget-container\">\n\t\t\t\t\t<h2 class=\"elementor-heading-title elementor-size-default\">Datas Importantes<\/h2>\t\t\t\t<\/div>\n\t\t\t\t<\/div>\n\t\t\t\t<div class=\"elementor-element elementor-element-1328952 elementor-widget elementor-widget-text-editor\" data-id=\"1328952\" data-element_type=\"widget\" data-e-type=\"widget\" data-widget_type=\"text-editor.default\">\n\t\t\t\t<div class=\"elementor-widget-container\">\n\t\t\t\t\t\t\t\t\t<ul style=\"font-variant-ligatures: normal; font-variant-caps: normal; font-family: 'Noto Sans', sans-serif; font-size: 16px; font-style: normal; font-weight: 400; color: #000000; text-align: justify;\"><li style=\"font-size: 16px;\" aria-level=\"1\">Prazo para submiss\u00e3o dos trabalhos:<span style=\"color: #ff0000;\">\u00a0<span style=\"font-size: 16px; font-weight: 600;\">30 de mar\u00e7o de 2026 (PRAZO FINAL)<\/span><\/span><\/li><li style=\"font-size: 16px;\" aria-level=\"1\">Divulga\u00e7\u00e3o dos resultados:\u00a0<span style=\"font-size: 16px; font-weight: 600;\">04 de maio de 2026<\/span><\/li><li style=\"font-size: 16px;\" aria-level=\"1\">Envio das vers\u00f5es finais dos artigos:\u00a0<span style=\"font-size: 16px; font-weight: 600;\">18 de maio de 2026<\/span><\/li><li style=\"font-size: 16px;\" aria-level=\"1\">Prazo de inscri\u00e7\u00e3o dos autores:\u00a0<span style=\"font-size: 16px; font-weight: 600;\">18 de maio de 2026<\/span><\/li><li style=\"font-size: 16px;\" aria-level=\"1\">CSBC 2026:\u00a0<span style=\"font-size: 16px; font-weight: 600;\">19 a 23 de julho de 2026<\/span><\/li><\/ul>\t\t\t\t\t\t\t\t<\/div>\n\t\t\t\t<\/div>\n\t\t\t\t<div class=\"elementor-element elementor-element-09131de elementor-widget elementor-widget-heading\" data-id=\"09131de\" data-element_type=\"widget\" data-e-type=\"widget\" data-widget_type=\"heading.default\">\n\t\t\t\t<div class=\"elementor-widget-container\">\n\t\t\t\t\t<h2 class=\"elementor-heading-title elementor-size-default\">Premia\u00e7\u00f5es dos Melhores Artigos<\/h2>\t\t\t\t<\/div>\n\t\t\t\t<\/div>\n\t\t\t\t<div class=\"elementor-element elementor-element-51184d0 elementor-widget elementor-widget-text-editor\" data-id=\"51184d0\" data-element_type=\"widget\" data-e-type=\"widget\" data-widget_type=\"text-editor.default\">\n\t\t\t\t<div class=\"elementor-widget-container\">\n\t\t\t\t\t\t\t\t\t<p>O Comit\u00ea de Programa anunciar\u00e1 durante o evento os melhores artigos do SBCUP 2026, que ser\u00e3o contemplados com certificado e premia\u00e7\u00e3o.\u00a0\u00a0<\/p><p>Al\u00e9m dos artigos premiados, tendo como crit\u00e9rio sua pontua\u00e7\u00e3o quando da etapa de revis\u00e3o, parte dos\u00a0 artigos aceitos para publica\u00e7\u00e3o, ter\u00e3o seus autores convidados para submiss\u00e3o de uma vers\u00e3o estendida dos mesmos em Chamada Especial de revista cient\u00edfica destaca na \u00e1rea de computa\u00e7\u00e3o ub\u00edqua e pervasiva. A organiza\u00e7\u00e3o do evento ainda est\u00e1 em fase de delibera\u00e7\u00e3o quanto ao nome da revista, precisamente.<\/p>\t\t\t\t\t\t\t\t<\/div>\n\t\t\t\t<\/div>\n\t\t\t\t<div class=\"elementor-element elementor-element-54eaf63 elementor-widget elementor-widget-heading\" data-id=\"54eaf63\" data-element_type=\"widget\" data-e-type=\"widget\" data-widget_type=\"heading.default\">\n\t\t\t\t<div class=\"elementor-widget-container\">\n\t\t\t\t\t<h2 class=\"elementor-heading-title elementor-size-default\">Coordena\u00e7\u00e3o<\/h2>\t\t\t\t<\/div>\n\t\t\t\t<\/div>\n\t\t\t\t<div class=\"elementor-element elementor-element-9aac2aa elementor-widget elementor-widget-text-editor\" data-id=\"9aac2aa\" data-element_type=\"widget\" data-e-type=\"widget\" data-widget_type=\"text-editor.default\">\n\t\t\t\t<div class=\"elementor-widget-container\">\n\t\t\t\t\t\t\t\t\t<ul style=\"font-variant-ligatures: normal; font-variant-caps: normal; font-family: 'Noto Sans', sans-serif; font-size: 16px; font-style: normal; font-weight: 400; color: #000000; text-align: justify;\"><li style=\"font-size: 16px;\" aria-level=\"1\"><p>Iwens Sene Jr (UFG) &#8211; Coordenador Geral<\/p><\/li><li style=\"font-size: 16px;\" aria-level=\"1\"><p>Cristiano Andr\u00e9 da Costa (UNISINOS) &#8211; Coordenador Geral<\/p><\/li><li aria-level=\"1\"><p>Atslands Rego da Rocha (UFC) &#8211; Coordenador de Comit\u00ea de Programa<\/p><\/li><li aria-level=\"1\"><p>Diego Kreutz (UNIPAMPA) &#8211; Coordenador de Comit\u00ea de Programa<\/p><\/li><li aria-level=\"1\"><strong>Comit\u00ea Steering<\/strong><br \/><ul style=\"font-variant-ligatures: normal; font-variant-caps: normal; font-family: 'Noto Sans', sans-serif; font-size: 16px; font-style: normal; font-weight: 400; color: #000000; text-align: justify;\"><li aria-level=\"1\"><p>Iwens Sene Jr (UFG)<\/p><\/li><li aria-level=\"1\"><p>Adenauer Correa Yamin (UCPel\/UFPel)<\/p><\/li><li aria-level=\"1\"><p>Roger Immich (UFRN)<\/p><\/li><li aria-level=\"1\"><p>Helder May Nunes da Silva Oliveira (UFABC)<\/p><\/li><\/ul><\/li><\/ul>\t\t\t\t\t\t\t\t<\/div>\n\t\t\t\t<\/div>\n\t\t\t\t<div class=\"elementor-element elementor-element-677f90c elementor-widget elementor-widget-heading\" data-id=\"677f90c\" data-element_type=\"widget\" data-e-type=\"widget\" data-widget_type=\"heading.default\">\n\t\t\t\t<div class=\"elementor-widget-container\">\n\t\t\t\t\t<h2 class=\"elementor-heading-title elementor-size-default\">Comit\u00ea de Programa<\/h2>\t\t\t\t<\/div>\n\t\t\t\t<\/div>\n\t\t\t\t<div class=\"elementor-element elementor-element-0b086ce elementor-widget elementor-widget-text-editor\" data-id=\"0b086ce\" data-element_type=\"widget\" data-e-type=\"widget\" data-widget_type=\"text-editor.default\">\n\t\t\t\t<div class=\"elementor-widget-container\">\n\t\t\t\t\t\t\t\t\t<ul><li>Adenauer Yamin &#8211; (UFPEL)<\/li><li>Allan Mariano de Souza &#8211; (UNICAMP)<\/li><li>Ana Marilza Pernas &#8211; (UFPEL)<\/li><li>Antonio Alfredo Ferreira Loureiro &#8211; (UFMG)<\/li><li>Atslands Rocha &#8211; (UFC)<\/li><li>Bruno Bogaz Zarpel\u00e3o &#8211; (UEL)<\/li><li>Bruno L. Dalmazo &#8211; (FURG)<\/li><li>Carlos A. G. Ferraz &#8211; (UFPE)<\/li><li>Carlos Kamienski &#8211; (UFABC)<\/li><li>Carlos Mauricio S. Figueiredo &#8211; (UEA)<\/li><li>Carlos Raniery Paula dos Santos &#8211; (UFSM)<\/li><li>Charles Christian Miers &#8211; (UDESC)<\/li><li>Charles Varlei Neu &#8211; (UNISC)<\/li><li>Claudio Geyer &#8211; (UFRGS)<\/li><li>Cristiano A. Costa &#8211; (UNISINOS)<\/li><li>Dener Ottolini Silva &#8211; (UFABC)<\/li><li>Denis Ros\u00e1rio &#8211; (UFPA)<\/li><li>Diego Kreutz &#8211; (UNIPAMPA)<\/li><li>Eder John Scheid &#8211; (UFRGS)<\/li><li>Eduardo Coelho Cerqueira &#8211; (UFPA)<\/li><li>Eduardo Kugler Viegas &#8211; (PUCPR)<\/li><li>Emerson Ribeiro de Mello &#8211; (IFSC)<\/li><li>Fabio M. Costa &#8211; (UFG)<\/li><li>Fabio Rossi &#8211; (IFFar)<\/li><li>Fabr\u00edcio Aguiar Silva &#8211; (UFV)<\/li><li>Felipe Domingos da Cunha &#8211; (PUC Minas)<\/li><li>Felipe Lopes &#8211; (SLU)<\/li><li>Francisco Airton Silva &#8211; (UFPI)<\/li><li>Francisco Jos\u00e9 da Silva e Silva &#8211; (UFMA)<\/li><li>Frederico Ara\u00fajo da Silva Lopes &#8211; (IMD\/UFRN)<\/li><li>Frederico Schardong &#8211; (IFRS)<\/li><li>Geraldo Rocha &#8211; (UESB)<\/li><li>Gidevaldo Novais dos Santos &#8211; (UESB)<\/li><li>Gilson Augusto Helfer &#8211; (UNISC)<\/li><li>Helder Oliveira &#8211; (USP)<\/li><li>Henrique Cota de Freitas &#8211; (PUC Minas)<\/li><li>Hugo Leonardo Melo dos Santos &#8211; (UEPA)<\/li><li>Iwens Sene Jr &#8211; (UFG)<\/li><li>Janine Kniess &#8211; (UDESC)<\/li><li>Joahannes Bruno Dias da Costa &#8211; (UNIFESP)<\/li><li>Jo\u00e3o Gondim &#8211; (UnB)<\/li><li>Jorge Barbosa &#8211; (UNISINOS)<\/li><li>Jorge Sa Silva &#8211; (UC)<\/li><li>Jorge Arthur Schneider Aranda &#8211; (IFRS)<\/li><li>Laerte Peotta &#8211; (UnB)<\/li><li>Leandro M\u00e1rcio Bertholdo &#8211; (UFRGS)<\/li><li>Lucas Bondan &#8211; (RNP)<\/li><li>Luiz Henrique Andrade Correia &#8211; (UFLA)<\/li><li>Marcelo Antonio Marotta &#8211; (UnB)<\/li><li>Marlon Jeske &#8211; (UNIFESP)<\/li><li>Matheus Alc\u00e2ntara Souza &#8211; (PUC Minas)<\/li><li>Miguel Elias Mitre Campista &#8211; (UFRJ)<\/li><li>Muriel Figueredo Franco &#8211; (UFCSPA)<\/li><li>Paulo Ribeiro Lins J\u00fanior &#8211; (IFPB)<\/li><li>Paulo Souza &#8211; (UNIPAMPA)<\/li><li>Paulo Antonio Leal Rego &#8211; (UFC)<\/li><li>Rafael Lopes Gomes &#8211; (UECE)<\/li><li>Roberto Rodrigues-Filho &#8211; (UnB)<\/li><li>Rodolfo Antunes &#8211; (UNISINOS)<\/li><li>Rodolfo Ipolito Meneguette &#8211; (USP)<\/li><li>Rodrigo Brand\u00e3o Mansilha &#8211; (UNIPAMPA)<\/li><li>Rodrigo da Rosa Righi &#8211; (UNISINOS)<\/li><li>Rodrigo Miani &#8211; (UFU)<\/li><li>Roger Immich &#8211; (UFRN)<\/li><li>Rog\u00e9rio Turchetti &#8211; (UFSM)<\/li><li>Ruan Gomes &#8211; (IFPB)<\/li><li>Sandro Dorneles &#8211; (IFRS)<\/li><li>Sergio Carvalho &#8211; (UFG)<\/li><li>S\u00edlvio C\u00e9sar Cazella &#8211; (UFCSPA)<\/li><li>Silvio Quincozes &#8211; (UNIPAMPA)<\/li><li>Stefano Momo Loss &#8211; (UFRN)<\/li><li>Thais Vasconcelos Batista &#8211; (UFRN)<\/li><li>Thiago Henrique Silva &#8211; (UTFPR)<\/li><li>Val\u00e9rio Rosset &#8211; (ITA)<\/li><li>Vinicius F. S. Mota &#8211; (UFES)<\/li><li>Vivian Cremer Kalempa &#8211; (UDESC)<\/li><\/ul>\t\t\t\t\t\t\t\t<\/div>\n\t\t\t\t<\/div>\n\t\t\t\t<\/div>\n\t\t\t\t\t<\/div>\n\t\t\t\t<\/div>\n\t\t\t\t<\/div>\n\t\t","protected":false},"excerpt":{"rendered":"<p>SBCUP &#8211; 18\u00ba Simp\u00f3sio Brasileiro de Computa\u00e7\u00e3o Ub\u00edqua e Pervasiva Sobre o Evento O Simp\u00f3sio Brasileiro de Computa\u00e7\u00e3o Ub\u00edqua e Pervasiva (SBCUP) \u00e9 um tradicional evento sat\u00e9lite que ocorre durante o Congresso da Sociedade Brasileira de Computa\u00e7\u00e3o (CSBC). O evento est\u00e1 na sua 18a edi\u00e7\u00e3o e acontecer\u00e1 em Gramado-RS, entre os dias 19 a 23 [&hellip;]<\/p>\n","protected":false},"author":8,"featured_media":0,"parent":0,"menu_order":0,"comment_status":"closed","ping_status":"closed","template":"","meta":{"ocean_post_layout":"","ocean_both_sidebars_style":"","ocean_both_sidebars_content_width":0,"ocean_both_sidebars_sidebars_width":0,"ocean_sidebar":"","ocean_second_sidebar":"","ocean_disable_margins":"enable","ocean_add_body_class":"","ocean_shortcode_before_top_bar":"","ocean_shortcode_after_top_bar":"","ocean_shortcode_before_header":"","ocean_shortcode_after_header":"","ocean_has_shortcode":"","ocean_shortcode_after_title":"","ocean_shortcode_before_footer_widgets":"","ocean_shortcode_after_footer_widgets":"","ocean_shortcode_before_footer_bottom":"","ocean_shortcode_after_footer_bottom":"","ocean_display_top_bar":"default","ocean_display_header":"default","ocean_header_style":"","ocean_center_header_left_menu":"","ocean_custom_header_template":"","ocean_custom_logo":0,"ocean_custom_retina_logo":0,"ocean_custom_logo_max_width":0,"ocean_custom_logo_tablet_max_width":0,"ocean_custom_logo_mobile_max_width":0,"ocean_custom_logo_max_height":0,"ocean_custom_logo_tablet_max_height":0,"ocean_custom_logo_mobile_max_height":0,"ocean_header_custom_menu":"","ocean_menu_typo_font_family":"","ocean_menu_typo_font_subset":"","ocean_menu_typo_font_size":0,"ocean_menu_typo_font_size_tablet":0,"ocean_menu_typo_font_size_mobile":0,"ocean_menu_typo_font_size_unit":"px","ocean_menu_typo_font_weight":"","ocean_menu_typo_font_weight_tablet":"","ocean_menu_typo_font_weight_mobile":"","ocean_menu_typo_transform":"","ocean_menu_typo_transform_tablet":"","ocean_menu_typo_transform_mobile":"","ocean_menu_typo_line_height":0,"ocean_menu_typo_line_height_tablet":0,"ocean_menu_typo_line_height_mobile":0,"ocean_menu_typo_line_height_unit":"","ocean_menu_typo_spacing":0,"ocean_menu_typo_spacing_tablet":0,"ocean_menu_typo_spacing_mobile":0,"ocean_menu_typo_spacing_unit":"","ocean_menu_link_color":"","ocean_menu_link_color_hover":"","ocean_menu_link_color_active":"","ocean_menu_link_background":"","ocean_menu_link_hover_background":"","ocean_menu_link_active_background":"","ocean_menu_social_links_bg":"","ocean_menu_social_hover_links_bg":"","ocean_menu_social_links_color":"","ocean_menu_social_hover_links_color":"","ocean_disable_title":"default","ocean_disable_heading":"default","ocean_post_title":"","ocean_post_subheading":"","ocean_post_title_style":"","ocean_post_title_background_color":"","ocean_post_title_background":0,"ocean_post_title_bg_image_position":"","ocean_post_title_bg_image_attachment":"","ocean_post_title_bg_image_repeat":"","ocean_post_title_bg_image_size":"","ocean_post_title_height":0,"ocean_post_title_bg_overlay":0.5,"ocean_post_title_bg_overlay_color":"","ocean_disable_breadcrumbs":"default","ocean_breadcrumbs_color":"","ocean_breadcrumbs_separator_color":"","ocean_breadcrumbs_links_color":"","ocean_breadcrumbs_links_hover_color":"","ocean_display_footer_widgets":"default","ocean_display_footer_bottom":"default","ocean_custom_footer_template":"","_joinchat":[],"footnotes":""},"class_list":["post-7227","page","type-page","status-publish","hentry","entry"],"_links":{"self":[{"href":"https:\/\/csbc.sbc.org.br\/2026\/wp-json\/wp\/v2\/pages\/7227","targetHints":{"allow":["GET"]}}],"collection":[{"href":"https:\/\/csbc.sbc.org.br\/2026\/wp-json\/wp\/v2\/pages"}],"about":[{"href":"https:\/\/csbc.sbc.org.br\/2026\/wp-json\/wp\/v2\/types\/page"}],"author":[{"embeddable":true,"href":"https:\/\/csbc.sbc.org.br\/2026\/wp-json\/wp\/v2\/users\/8"}],"replies":[{"embeddable":true,"href":"https:\/\/csbc.sbc.org.br\/2026\/wp-json\/wp\/v2\/comments?post=7227"}],"version-history":[{"count":116,"href":"https:\/\/csbc.sbc.org.br\/2026\/wp-json\/wp\/v2\/pages\/7227\/revisions"}],"predecessor-version":[{"id":17856,"href":"https:\/\/csbc.sbc.org.br\/2026\/wp-json\/wp\/v2\/pages\/7227\/revisions\/17856"}],"wp:attachment":[{"href":"https:\/\/csbc.sbc.org.br\/2026\/wp-json\/wp\/v2\/media?parent=7227"}],"curies":[{"name":"wp","href":"https:\/\/api.w.org\/{rel}","templated":true}]}}