{"id":7253,"date":"2024-01-27T18:13:52","date_gmt":"2024-01-27T18:13:52","guid":{"rendered":"https:\/\/csbc.sbc.org.br\/2024\/?page_id=7253"},"modified":"2026-03-16T18:23:50","modified_gmt":"2026-03-16T21:23:50","slug":"semish","status":"publish","type":"page","link":"https:\/\/csbc.sbc.org.br\/2026\/semish\/","title":{"rendered":"SEMISH &#8211; Semin\u00e1rio Integrado de Software e Hardware"},"content":{"rendered":"\t\t<div data-elementor-type=\"wp-page\" data-elementor-id=\"7253\" class=\"elementor elementor-7253\">\n\t\t\t\t<div class=\"elementor-element elementor-element-0a3ba60 e-flex e-con-boxed e-con e-parent\" data-id=\"0a3ba60\" data-element_type=\"container\" data-e-type=\"container\">\n\t\t\t\t\t<div class=\"e-con-inner\">\n\t\t\t\t<div class=\"elementor-element elementor-element-67e0fc4 elementor-widget elementor-widget-heading\" data-id=\"67e0fc4\" data-element_type=\"widget\" data-e-type=\"widget\" data-widget_type=\"heading.default\">\n\t\t\t\t<div class=\"elementor-widget-container\">\n\t\t\t\t\t<h1 class=\"elementor-heading-title elementor-size-default\">SEMISH<span style=\"font-weight:normal;line-height:1.1em\"> - 53\u00ba Semin\u00e1rio Integrado de Software e Hardware<\/span><\/h1>\t\t\t\t<\/div>\n\t\t\t\t<\/div>\n\t\t\t\t\t<\/div>\n\t\t\t\t<\/div>\n\t\t<div class=\"elementor-element elementor-element-0ea5134 e-flex e-con-boxed elementor-invisible e-con e-parent\" data-id=\"0ea5134\" data-element_type=\"container\" data-e-type=\"container\" data-settings=\"{&quot;animation&quot;:&quot;fadeIn&quot;}\">\n\t\t\t\t\t<div class=\"e-con-inner\">\n\t\t\t\t<div class=\"elementor-element elementor-element-954ffb2 elementor-widget elementor-widget-spacer\" data-id=\"954ffb2\" data-element_type=\"widget\" data-e-type=\"widget\" data-widget_type=\"spacer.default\">\n\t\t\t\t<div class=\"elementor-widget-container\">\n\t\t\t\t\t\t\t<div class=\"elementor-spacer\">\n\t\t\t<div class=\"elementor-spacer-inner\"><\/div>\n\t\t<\/div>\n\t\t\t\t\t\t<\/div>\n\t\t\t\t<\/div>\n\t\t\t\t<div class=\"elementor-element elementor-element-360f452 elementor-widget elementor-widget-heading\" data-id=\"360f452\" data-element_type=\"widget\" data-e-type=\"widget\" data-widget_type=\"heading.default\">\n\t\t\t\t<div class=\"elementor-widget-container\">\n\t\t\t\t\t<h2 class=\"elementor-heading-title elementor-size-default\">Sobre o Evento<\/h2>\t\t\t\t<\/div>\n\t\t\t\t<\/div>\n\t\t\t\t<div class=\"elementor-element elementor-element-383609b elementor-widget elementor-widget-text-editor\" data-id=\"383609b\" data-element_type=\"widget\" data-e-type=\"widget\" data-widget_type=\"text-editor.default\">\n\t\t\t\t<div class=\"elementor-widget-container\">\n\t\t\t\t\t\t\t\t\t<p>O Semin\u00e1rio Integrado de Software e Hardware (SEMISH) \u00e9 o principal f\u00f3rum cient\u00edfico do Congresso da Sociedade Brasileira de Computa\u00e7\u00e3o (CSBC). Em sua 53\u00aa edi\u00e7\u00e3o, acontecer\u00e1 na cidade de Gramado, RS, de 19 a 23 de julho de 2026, juntamente com o 46\u00ba CSBC, que este ano discute o tema \u201c<i>Transforma\u00e7\u00e3o Digital para um Mundo em Emerg\u00eancia Clim\u00e1tica<\/i>\u201d.\u00a0<\/p><p>Nesta edi\u00e7\u00e3o, o evento seguir\u00e1 o modelo inicialmente proposto na edi\u00e7\u00e3o de 2017, que consiste de um programa composto por tr\u00eas partes: os tradicionais artigos t\u00e9cnico-cient\u00edficos (completos), selecionados por um comit\u00ea de programa; apresenta\u00e7\u00f5es de palestras convidadas em t\u00f3picos relevantes atuais; e um painel associado ao tema do evento.<\/p>\t\t\t\t\t\t\t\t<\/div>\n\t\t\t\t<\/div>\n\t\t\t\t<div class=\"elementor-element elementor-element-5a28d82 elementor-widget elementor-widget-heading\" data-id=\"5a28d82\" data-element_type=\"widget\" data-e-type=\"widget\" data-widget_type=\"heading.default\">\n\t\t\t\t<div class=\"elementor-widget-container\">\n\t\t\t\t\t<h2 class=\"elementor-heading-title elementor-size-default\">T\u00f3picos de Interesse<\/h2>\t\t\t\t<\/div>\n\t\t\t\t<\/div>\n\t\t\t\t<div class=\"elementor-element elementor-element-7ba31a3 elementor-widget elementor-widget-text-editor\" data-id=\"7ba31a3\" data-element_type=\"widget\" data-e-type=\"widget\" data-widget_type=\"text-editor.default\">\n\t\t\t\t<div class=\"elementor-widget-container\">\n\t\t\t\t\t\t\t\t\t<p>Encoraja-se a submiss\u00e3o de trabalhos com enquadramento na tem\u00e1tica \u201cTransforma\u00e7\u00e3o Digital para um Mundo em Emerg\u00eancia Clim\u00e1tica\u201d. Na intersec\u00e7\u00e3o (ou n\u00e3o) com esse tema, o SEMISH est\u00e1 aberto para receber artigos que enfatizam os seguintes t\u00f3picos de interesse, mas n\u00e3o limitados a:<\/p><ul><li>Algoritmos, Combinat\u00f3ria e Otimiza\u00e7\u00e3o<\/li><li>Arquitetura de Computadores e Processamento de Alto Desempenho<\/li><li>Bancos de Dados e Recupera\u00e7\u00e3o de Informa\u00e7\u00e3o<\/li><li>Bioinform\u00e1tica<\/li><li>Ciberseguran\u00e7a<\/li><li>Ci\u00eancia, Minera\u00e7\u00e3o e An\u00e1lise de Dados<\/li><li>Computa\u00e7\u00e3o Aplicada \u00e0 Sa\u00fade<\/li><li>Computa\u00e7\u00e3o Gr\u00e1fica e Processamento de Imagens<\/li><li>Computa\u00e7\u00e3o Musical<\/li><li>Computa\u00e7\u00e3o Verde e Sustentabilidade em Sistemas Computacionais<\/li><li>Concep\u00e7\u00e3o de Circuitos e Sistemas Integrados<\/li><li>Engenharia de Sistemas Computacionais<\/li><li>Engenharia de Software<\/li><li>\u00c9tica, Privacidade e Governan\u00e7a de Dados<\/li><li>Geoinform\u00e1tica<\/li><li>Inform\u00e1tica na Educa\u00e7\u00e3o<\/li><li>Intelig\u00eancia Artificial e Aprendizado de M\u00e1quina<\/li><li>Intera\u00e7\u00e3o Humano-Computador<\/li><li>Internet das Coisas<\/li><li>Jogos e Entretenimento Digital<\/li><li>Linguagens de Programa\u00e7\u00e3o<\/li><li>M\u00e9todos Formais<\/li><li>Processamento de Linguagem Natural<\/li><li>Realidade Virtual<\/li><li>Redes de Computadores e Sistemas Distribu\u00eddos<\/li><li>Rob\u00f3tica<\/li><li>Seguran\u00e7a da Informa\u00e7\u00e3o e de Sistemas Computacionais<\/li><li>Sistemas Embarcados e de Tempo Real<\/li><li>Sistemas Inteligentes<\/li><li>Sistemas de Informa\u00e7\u00e3o<\/li><li>Sistemas Multim\u00eddia e Web<\/li><li>Sistemas Tolerantes a Falhas<\/li><li>Outros T\u00f3picos Ligados a Software e Hardware<\/li><\/ul>\t\t\t\t\t\t\t\t<\/div>\n\t\t\t\t<\/div>\n\t\t\t\t<div class=\"elementor-element elementor-element-4d8696b elementor-widget elementor-widget-heading\" data-id=\"4d8696b\" data-element_type=\"widget\" data-e-type=\"widget\" data-widget_type=\"heading.default\">\n\t\t\t\t<div class=\"elementor-widget-container\">\n\t\t\t\t\t<h2 class=\"elementor-heading-title elementor-size-default\">Instru\u00e7\u00f5es de Submiss\u00e3o<\/h2>\t\t\t\t<\/div>\n\t\t\t\t<\/div>\n\t\t\t\t<div class=\"elementor-element elementor-element-5d5260e elementor-widget elementor-widget-text-editor\" data-id=\"5d5260e\" data-element_type=\"widget\" data-e-type=\"widget\" data-widget_type=\"text-editor.default\">\n\t\t\t\t<div class=\"elementor-widget-container\">\n\t\t\t\t\t\t\t\t\t<p><span style=\"font-size: 16px;\">Os artigos devem ser formatados seguindo o estilo de artigos da SBC, dispon\u00edvel em: <a href=\"https:\/\/www.sbc.org.br\/wp-content\/uploads\/2024\/07\/modelosparapublicaodeartigos.zip\">https:\/\/www.sbc.org.br\/wp-content\/uploads\/2024\/07\/modelosparapublicaodeartigos.zip<\/a>. Devem ter no m\u00e1ximo 12 (doze) p\u00e1ginas, incluindo figuras, tabelas e refer\u00eancias bibliogr\u00e1ficas. A submiss\u00e3o dos trabalhos ser\u00e1 eletr\u00f4nica, em formato PDF, por meio do sistema JEMS em: <a href=\"https:\/\/jems3.sbc.org.br\/semish2026\">https:\/\/jems3.sbc.org.br\/semish2026<\/a>. Os artigos podem ser escritos em portugu\u00eas ou ingl\u00eas, sendo que artigos em ingl\u00eas proporcionam maior visibilidade internacional. Artigos escritos em portugu\u00eas devem incluir resumo em ingl\u00eas.<\/span><\/p><p>Todos os artigos ser\u00e3o avaliados por um corpo de revisores seguindo um processo de revis\u00e3o \u201cdouble blind\u201d (i.e., sem identifica\u00e7\u00e3o de autoria, respons\u00e1veis pelas revis\u00f5es e suas institui\u00e7\u00f5es). Assim, os artigos submetidos devem omitir quaisquer informa\u00e7\u00f5es que revelem a sua autoria.<\/p><p>Os autores com trabalhos aceitos devem submeter, pelo JEMS, o formul\u00e1rio de autoriza\u00e7\u00e3o de publica\u00e7\u00e3o e cess\u00e3o de direitos para a SBC (Copyright), no momento do envio da vers\u00e3o final (Camera Ready).<\/p><p>O template do formul\u00e1rio de autoriza\u00e7\u00e3o de publica\u00e7\u00e3o pode ser encontrado em &#8220;Documentos para Publica\u00e7\u00e3o&#8221; nos documentos institucionais da SBC:<a href=\"https:\/\/www.sbc.org.br\/documentosinstitucionais\/#publicacoes\"> https:\/\/www.sbc.org.br\/documentosinstitucionais\/#publicacoes<\/a><\/p>\t\t\t\t\t\t\t\t<\/div>\n\t\t\t\t<\/div>\n\t\t\t\t<div class=\"elementor-element elementor-element-d5930c4 elementor-widget elementor-widget-heading\" data-id=\"d5930c4\" data-element_type=\"widget\" data-e-type=\"widget\" data-widget_type=\"heading.default\">\n\t\t\t\t<div class=\"elementor-widget-container\">\n\t\t\t\t\t<h2 class=\"elementor-heading-title elementor-size-default\">Apresenta\u00e7\u00e3o e Publica\u00e7\u00e3o dos Trabalhos<\/h2>\t\t\t\t<\/div>\n\t\t\t\t<\/div>\n\t\t\t\t<div class=\"elementor-element elementor-element-edafe87 elementor-widget elementor-widget-text-editor\" data-id=\"edafe87\" data-element_type=\"widget\" data-e-type=\"widget\" data-widget_type=\"text-editor.default\">\n\t\t\t\t<div class=\"elementor-widget-container\">\n\t\t\t\t\t\t\t\t\t<p>Os artigos aceitos ser\u00e3o publicados nos Anais do evento, que ser\u00e3o disponibilizados \u201conline\u201d na SBC OpenLib (SOL) \u2013\u00a0<a href=\"https:\/\/sol.sbc.org.br\/index.php\/semish\/issue\/archive\">https:\/\/sol.sbc.org.br\/index.php\/semish\/issue\/archive<\/a>\u00a0\u2013 o portal de conte\u00fado da SBC, na s\u00e9rie Anais do Semin\u00e1rio Integrado de Software e Hardware (ISSN 2595-6205). Todos os artigos ser\u00e3o indexados com DOI.<\/p><p>Os organizadores se reservam o direito de n\u00e3o incluir nos Anais aqueles trabalhos que, durante o evento, n\u00e3o forem apresentados por um de seus autores ou por algum representante indicado. Al\u00e9m disso, pelo menos um autor de cada artigo aceito precisa estar inscrito no CSBC.<\/p>\t\t\t\t\t\t\t\t<\/div>\n\t\t\t\t<\/div>\n\t\t\t\t<div class=\"elementor-element elementor-element-17dfd53 elementor-widget elementor-widget-heading\" data-id=\"17dfd53\" data-element_type=\"widget\" data-e-type=\"widget\" data-widget_type=\"heading.default\">\n\t\t\t\t<div class=\"elementor-widget-container\">\n\t\t\t\t\t<h2 class=\"elementor-heading-title elementor-size-default\">Datas Importantes<\/h2>\t\t\t\t<\/div>\n\t\t\t\t<\/div>\n\t\t\t\t<div class=\"elementor-element elementor-element-40639e9 elementor-widget elementor-widget-text-editor\" data-id=\"40639e9\" data-element_type=\"widget\" data-e-type=\"widget\" data-widget_type=\"text-editor.default\">\n\t\t\t\t<div class=\"elementor-widget-container\">\n\t\t\t\t\t\t\t\t\t<ul style=\"font-variant-ligatures: normal; font-variant-caps: normal; font-family: 'Noto Sans', sans-serif; font-size: 16px; font-style: normal; font-weight: 400; color: #000000; text-align: justify;\"><li style=\"font-size: 16px;\" aria-level=\"1\">Prazo para submiss\u00e3o dos trabalhos:\u00a0<span style=\"color: #ff0000;\"> <span style=\"font-size: 16px; font-weight: 600;\">30 de mar\u00e7o de 2026 (PRAZO FINAL)<\/span><\/span><\/li><li style=\"font-size: 16px;\" aria-level=\"1\">Divulga\u00e7\u00e3o dos resultados:\u00a0<span style=\"font-size: 16px; font-weight: 600;\">04 de maio de 2026<\/span><\/li><li style=\"font-size: 16px;\" aria-level=\"1\">Envio das vers\u00f5es finais dos artigos:\u00a0<span style=\"font-size: 16px; font-weight: 600;\">18 de maio de 2026<\/span><\/li><li style=\"font-size: 16px;\" aria-level=\"1\">Prazo de inscri\u00e7\u00e3o dos autores:\u00a0<span style=\"font-size: 16px; font-weight: 600;\">18 de maio de 2026<\/span><\/li><li style=\"font-size: 16px;\" aria-level=\"1\">CSBC 2026:\u00a0<span style=\"font-size: 16px; font-weight: 600;\">19 a 23 de julho de 2026<\/span><\/li><\/ul>\t\t\t\t\t\t\t\t<\/div>\n\t\t\t\t<\/div>\n\t\t\t\t<div class=\"elementor-element elementor-element-423a415 elementor-widget elementor-widget-heading\" data-id=\"423a415\" data-element_type=\"widget\" data-e-type=\"widget\" data-widget_type=\"heading.default\">\n\t\t\t\t<div class=\"elementor-widget-container\">\n\t\t\t\t\t<h2 class=\"elementor-heading-title elementor-size-default\">Premia\u00e7\u00f5es<\/h2>\t\t\t\t<\/div>\n\t\t\t\t<\/div>\n\t\t\t\t<div class=\"elementor-element elementor-element-53783b4 elementor-widget elementor-widget-text-editor\" data-id=\"53783b4\" data-element_type=\"widget\" data-e-type=\"widget\" data-widget_type=\"text-editor.default\">\n\t\t\t\t<div class=\"elementor-widget-container\">\n\t\t\t\t\t\t\t\t\t<p style=\"font-variant-ligatures: normal; font-variant-caps: normal; font-family: 'Noto Sans', sans-serif; font-size: 16px; font-style: normal; font-weight: 400; color: #000000; text-align: justify;\">Autores dos melhores artigos aceitos para o SEMISH 2026 ser\u00e3o convidados para enviarem vers\u00f5es estendidas dos trabalhos para o Journal of the Brazilian Computer Society \u2013 JBCS.<\/p>\t\t\t\t\t\t\t\t<\/div>\n\t\t\t\t<\/div>\n\t\t\t\t<div class=\"elementor-element elementor-element-85162dd elementor-widget elementor-widget-heading\" data-id=\"85162dd\" data-element_type=\"widget\" data-e-type=\"widget\" data-widget_type=\"heading.default\">\n\t\t\t\t<div class=\"elementor-widget-container\">\n\t\t\t\t\t<h2 class=\"elementor-heading-title elementor-size-default\">Coordena\u00e7\u00e3o<\/h2>\t\t\t\t<\/div>\n\t\t\t\t<\/div>\n\t\t\t\t<div class=\"elementor-element elementor-element-ada11ce elementor-widget elementor-widget-text-editor\" data-id=\"ada11ce\" data-element_type=\"widget\" data-e-type=\"widget\" data-widget_type=\"text-editor.default\">\n\t\t\t\t<div class=\"elementor-widget-container\">\n\t\t\t\t\t\t\t\t\t<ul style=\"font-variant-ligatures: normal; font-variant-caps: normal; font-family: 'Noto Sans', sans-serif; font-size: 16px; font-style: normal; font-weight: 400; color: #000000; text-align: justify;\"><li style=\"font-size: 16px;\" aria-level=\"1\">Edna Dias Canedo (UnB)<\/li><li style=\"font-size: 16px;\" aria-level=\"1\">Carlos Raniery Paula dos Santos (UFSM)<\/li><\/ul>\t\t\t\t\t\t\t\t<\/div>\n\t\t\t\t<\/div>\n\t\t\t\t<div class=\"elementor-element elementor-element-f5c8995 elementor-widget elementor-widget-heading\" data-id=\"f5c8995\" data-element_type=\"widget\" data-e-type=\"widget\" data-widget_type=\"heading.default\">\n\t\t\t\t<div class=\"elementor-widget-container\">\n\t\t\t\t\t<h2 class=\"elementor-heading-title elementor-size-default\">Comit\u00ea de Programa<\/h2>\t\t\t\t<\/div>\n\t\t\t\t<\/div>\n\t\t\t\t<div class=\"elementor-element elementor-element-f337d70 elementor-widget elementor-widget-text-editor\" data-id=\"f337d70\" data-element_type=\"widget\" data-e-type=\"widget\" data-widget_type=\"text-editor.default\">\n\t\t\t\t<div class=\"elementor-widget-container\">\n\t\t\t\t\t\t\t\t\t<p>Em constru\u00e7\u00e3o.<\/p>\t\t\t\t\t\t\t\t<\/div>\n\t\t\t\t<\/div>\n\t\t\t\t\t<\/div>\n\t\t\t\t<\/div>\n\t\t\t\t<\/div>\n\t\t","protected":false},"excerpt":{"rendered":"<p>SEMISH &#8211; 53\u00ba Semin\u00e1rio Integrado de Software e Hardware Sobre o Evento O Semin\u00e1rio Integrado de Software e Hardware (SEMISH) \u00e9 o principal f\u00f3rum cient\u00edfico do Congresso da Sociedade Brasileira de Computa\u00e7\u00e3o (CSBC). Em sua 53\u00aa edi\u00e7\u00e3o, acontecer\u00e1 na cidade de Gramado, RS, de 19 a 23 de julho de 2026, juntamente com o 46\u00ba [&hellip;]<\/p>\n","protected":false},"author":8,"featured_media":0,"parent":0,"menu_order":0,"comment_status":"closed","ping_status":"closed","template":"","meta":{"ocean_post_layout":"","ocean_both_sidebars_style":"","ocean_both_sidebars_content_width":0,"ocean_both_sidebars_sidebars_width":0,"ocean_sidebar":"","ocean_second_sidebar":"","ocean_disable_margins":"enable","ocean_add_body_class":"","ocean_shortcode_before_top_bar":"","ocean_shortcode_after_top_bar":"","ocean_shortcode_before_header":"","ocean_shortcode_after_header":"","ocean_has_shortcode":"","ocean_shortcode_after_title":"","ocean_shortcode_before_footer_widgets":"","ocean_shortcode_after_footer_widgets":"","ocean_shortcode_before_footer_bottom":"","ocean_shortcode_after_footer_bottom":"","ocean_display_top_bar":"default","ocean_display_header":"default","ocean_header_style":"","ocean_center_header_left_menu":"","ocean_custom_header_template":"","ocean_custom_logo":0,"ocean_custom_retina_logo":0,"ocean_custom_logo_max_width":0,"ocean_custom_logo_tablet_max_width":0,"ocean_custom_logo_mobile_max_width":0,"ocean_custom_logo_max_height":0,"ocean_custom_logo_tablet_max_height":0,"ocean_custom_logo_mobile_max_height":0,"ocean_header_custom_menu":"","ocean_menu_typo_font_family":"","ocean_menu_typo_font_subset":"","ocean_menu_typo_font_size":0,"ocean_menu_typo_font_size_tablet":0,"ocean_menu_typo_font_size_mobile":0,"ocean_menu_typo_font_size_unit":"px","ocean_menu_typo_font_weight":"","ocean_menu_typo_font_weight_tablet":"","ocean_menu_typo_font_weight_mobile":"","ocean_menu_typo_transform":"","ocean_menu_typo_transform_tablet":"","ocean_menu_typo_transform_mobile":"","ocean_menu_typo_line_height":0,"ocean_menu_typo_line_height_tablet":0,"ocean_menu_typo_line_height_mobile":0,"ocean_menu_typo_line_height_unit":"","ocean_menu_typo_spacing":0,"ocean_menu_typo_spacing_tablet":0,"ocean_menu_typo_spacing_mobile":0,"ocean_menu_typo_spacing_unit":"","ocean_menu_link_color":"","ocean_menu_link_color_hover":"","ocean_menu_link_color_active":"","ocean_menu_link_background":"","ocean_menu_link_hover_background":"","ocean_menu_link_active_background":"","ocean_menu_social_links_bg":"","ocean_menu_social_hover_links_bg":"","ocean_menu_social_links_color":"","ocean_menu_social_hover_links_color":"","ocean_disable_title":"default","ocean_disable_heading":"default","ocean_post_title":"","ocean_post_subheading":"","ocean_post_title_style":"","ocean_post_title_background_color":"","ocean_post_title_background":0,"ocean_post_title_bg_image_position":"","ocean_post_title_bg_image_attachment":"","ocean_post_title_bg_image_repeat":"","ocean_post_title_bg_image_size":"","ocean_post_title_height":0,"ocean_post_title_bg_overlay":0.5,"ocean_post_title_bg_overlay_color":"","ocean_disable_breadcrumbs":"default","ocean_breadcrumbs_color":"","ocean_breadcrumbs_separator_color":"","ocean_breadcrumbs_links_color":"","ocean_breadcrumbs_links_hover_color":"","ocean_display_footer_widgets":"default","ocean_display_footer_bottom":"default","ocean_custom_footer_template":"","_joinchat":[],"footnotes":""},"class_list":["post-7253","page","type-page","status-publish","hentry","entry"],"_links":{"self":[{"href":"https:\/\/csbc.sbc.org.br\/2026\/wp-json\/wp\/v2\/pages\/7253","targetHints":{"allow":["GET"]}}],"collection":[{"href":"https:\/\/csbc.sbc.org.br\/2026\/wp-json\/wp\/v2\/pages"}],"about":[{"href":"https:\/\/csbc.sbc.org.br\/2026\/wp-json\/wp\/v2\/types\/page"}],"author":[{"embeddable":true,"href":"https:\/\/csbc.sbc.org.br\/2026\/wp-json\/wp\/v2\/users\/8"}],"replies":[{"embeddable":true,"href":"https:\/\/csbc.sbc.org.br\/2026\/wp-json\/wp\/v2\/comments?post=7253"}],"version-history":[{"count":136,"href":"https:\/\/csbc.sbc.org.br\/2026\/wp-json\/wp\/v2\/pages\/7253\/revisions"}],"predecessor-version":[{"id":17790,"href":"https:\/\/csbc.sbc.org.br\/2026\/wp-json\/wp\/v2\/pages\/7253\/revisions\/17790"}],"wp:attachment":[{"href":"https:\/\/csbc.sbc.org.br\/2026\/wp-json\/wp\/v2\/media?parent=7253"}],"curies":[{"name":"wp","href":"https:\/\/api.w.org\/{rel}","templated":true}]}}