{"id":7427,"date":"2024-02-03T23:10:24","date_gmt":"2024-02-03T23:10:24","guid":{"rendered":"https:\/\/csbc.sbc.org.br\/2024\/?page_id=7427"},"modified":"2026-03-16T13:42:05","modified_gmt":"2026-03-16T16:42:05","slug":"etc","status":"publish","type":"page","link":"https:\/\/csbc.sbc.org.br\/2026\/etc\/","title":{"rendered":"ETC &#8211; Encontro de Teoria da Computa\u00e7\u00e3o"},"content":{"rendered":"\t\t<div data-elementor-type=\"wp-page\" data-elementor-id=\"7427\" class=\"elementor elementor-7427\">\n\t\t\t\t<div class=\"elementor-element elementor-element-0a3ba60 e-flex e-con-boxed e-con e-parent\" data-id=\"0a3ba60\" data-element_type=\"container\" data-e-type=\"container\">\n\t\t\t\t\t<div class=\"e-con-inner\">\n\t\t\t\t<div class=\"elementor-element elementor-element-67e0fc4 elementor-widget elementor-widget-heading\" data-id=\"67e0fc4\" data-element_type=\"widget\" data-e-type=\"widget\" data-widget_type=\"heading.default\">\n\t\t\t\t<div class=\"elementor-widget-container\">\n\t\t\t\t\t<h1 class=\"elementor-heading-title elementor-size-default\">ETC<span style=\"font-weight:normal;line-height:1.1em\"> - 11\u00ba Encontro de Teoria da Computa\u00e7\u00e3o<\/span><\/h1>\t\t\t\t<\/div>\n\t\t\t\t<\/div>\n\t\t\t\t\t<\/div>\n\t\t\t\t<\/div>\n\t\t<div class=\"elementor-element elementor-element-0ea5134 e-flex e-con-boxed elementor-invisible e-con e-parent\" data-id=\"0ea5134\" data-element_type=\"container\" data-e-type=\"container\" data-settings=\"{&quot;animation&quot;:&quot;fadeIn&quot;}\">\n\t\t\t\t\t<div class=\"e-con-inner\">\n\t\t<div class=\"elementor-element elementor-element-07a856d e-con-full e-flex elementor-invisible e-con e-child\" data-id=\"07a856d\" data-element_type=\"container\" data-e-type=\"container\" data-settings=\"{&quot;animation&quot;:&quot;fadeIn&quot;}\">\n\t\t\t\t<div class=\"elementor-element elementor-element-f2caad6 elementor-widget elementor-widget-spacer\" data-id=\"f2caad6\" data-element_type=\"widget\" data-e-type=\"widget\" data-widget_type=\"spacer.default\">\n\t\t\t\t<div class=\"elementor-widget-container\">\n\t\t\t\t\t\t\t<div class=\"elementor-spacer\">\n\t\t\t<div class=\"elementor-spacer-inner\"><\/div>\n\t\t<\/div>\n\t\t\t\t\t\t<\/div>\n\t\t\t\t<\/div>\n\t\t\t\t<div class=\"elementor-element elementor-element-97adb6e elementor-widget elementor-widget-heading\" data-id=\"97adb6e\" data-element_type=\"widget\" data-e-type=\"widget\" data-widget_type=\"heading.default\">\n\t\t\t\t<div class=\"elementor-widget-container\">\n\t\t\t\t\t<h2 class=\"elementor-heading-title elementor-size-default\">Sobre o Evento<\/h2>\t\t\t\t<\/div>\n\t\t\t\t<\/div>\n\t\t\t\t<div class=\"elementor-element elementor-element-5109328 elementor-widget elementor-widget-text-editor\" data-id=\"5109328\" data-element_type=\"widget\" data-e-type=\"widget\" data-widget_type=\"text-editor.default\">\n\t\t\t\t<div class=\"elementor-widget-container\">\n\t\t\t\t\t\t\t\t\t<p>O ETC \u00e9 um f\u00f3rum voltado para a grande \u00e1rea de Teoria da Computa\u00e7\u00e3o, proposto por membros da <a href=\"https:\/\/sites.google.com\/view\/ceaco-sbc\">Comiss\u00e3o Especial em Algoritmos, Combinat\u00f3ria e Otimiza\u00e7\u00e3o (CE-ACO)<\/a>, com objetivo de promover uma maior divulga\u00e7\u00e3o da \u00e1rea para a comunidade brasileira de computa\u00e7\u00e3o e afins, atrav\u00e9s do principal evento da SBC, o CSBC.<\/p><p>Esse evento \u00e9 voltado primeiramente para alunos em forma\u00e7\u00e3o, mas tamb\u00e9m visa proporcionar uma maior integra\u00e7\u00e3o entre os pesquisadores e profissionais que atuam na \u00e1rea, seja com enfoque em teoria pura ou em aplica\u00e7\u00f5es, estimulando a discuss\u00e3o da import\u00e2ncia dos fundamentos da computa\u00e7\u00e3o e sua aplica\u00e7\u00e3o direta no entendimento e resolu\u00e7\u00e3o de problemas das mais diversas \u00e1reas e segmentos de mercado.<\/p><p>Em sua d\u00e9cima primeira edi\u00e7\u00e3o, convidamos a comunidade a compartilhar resultados de pesquisa por meio da submiss\u00e3o de resumos estendidos, abrangendo tanto pesquisas em n\u00edvel de p\u00f3s-gradua\u00e7\u00e3o como tamb\u00e9m inicia\u00e7\u00e3o cient\u00edfica na gradua\u00e7\u00e3o e tamb\u00e9m a prestigiar os trabalhos selecionados com sua presen\u00e7a nas apresenta\u00e7\u00f5es. O evento \u00e9 aberto para a comunidade, com especial interesse nos alunos em forma\u00e7\u00e3o de gradua\u00e7\u00e3o e de p\u00f3s-gradua\u00e7\u00e3o.<\/p>\t\t\t\t\t\t\t\t<\/div>\n\t\t\t\t<\/div>\n\t\t\t\t<div class=\"elementor-element elementor-element-2619009 elementor-widget elementor-widget-heading\" data-id=\"2619009\" data-element_type=\"widget\" data-e-type=\"widget\" data-widget_type=\"heading.default\">\n\t\t\t\t<div class=\"elementor-widget-container\">\n\t\t\t\t\t<h2 class=\"elementor-heading-title elementor-size-default\">T\u00f3picos de Interesse<\/h2>\t\t\t\t<\/div>\n\t\t\t\t<\/div>\n\t\t\t\t<div class=\"elementor-element elementor-element-16b502b elementor-widget elementor-widget-text-editor\" data-id=\"16b502b\" data-element_type=\"widget\" data-e-type=\"widget\" data-widget_type=\"text-editor.default\">\n\t\t\t\t<div class=\"elementor-widget-container\">\n\t\t\t\t\t\t\t\t\t<p>Os t\u00f3picos de interesse incluem, mas n\u00e3o s\u00e3o limitados a:<\/p><ul><li aria-level=\"1\"><b>Algoritmos<\/b>: an\u00e1lise e projeto de algoritmos, algoritmos exatos, algoritmos de aproxima\u00e7\u00e3o, algoritmos probabil\u00edsticos, algoritmos parametrizados, algoritmos online, t\u00e9cnicas de decomposi\u00e7\u00e3o e balanceamento, algoritmos distribu\u00eddos e paralelos.<\/li><li aria-level=\"1\"><b>Complexidade Computacional<\/b>: an\u00e1lise de problemas e algoritmos, NP-completude, redu\u00e7\u00f5es polinomiais, inaproximabilidade, classes de complexidade de tempo e espa\u00e7o, complexidade parametrizada, an\u00e1lise amortizada, abordagens l\u00f3gicas \u00e0 complexidade computacional, aplica\u00e7\u00f5es.<\/li><li aria-level=\"1\"><b>Computabilidade<\/b>: modelos te\u00f3ricos de computa\u00e7\u00e3o, m\u00e9todos e linguagens formais, aut\u00f4matos, computabilidade de Turing e generaliza\u00e7\u00f5es, teoria da prova, teoria da recurs\u00e3o, redu\u00e7\u00f5es, decidibilidade, definibilidade, conjuntos enumer\u00e1veis, sistemas de provas interativas, matem\u00e1tica reversa, redes de Petri, aplica\u00e7\u00f5es.<\/li><li aria-level=\"1\"><b>Otimiza\u00e7\u00e3o Combinat\u00f3ria<\/b>: otimiza\u00e7\u00e3o em redes, programa\u00e7\u00e3o din\u00e2mica, estruturas combinat\u00f3rias, combinat\u00f3ria poli\u00e9drica, m\u00e9todos exatos e aproximativos, m\u00e9todos de busca global e de busca local, heur\u00edsticas, modelagem e aplica\u00e7\u00f5es.<\/li><li aria-level=\"1\"><b>Programa\u00e7\u00e3o Matem\u00e1tica<\/b>: programa\u00e7\u00e3o linear inteira e n\u00e3o-linear, programa\u00e7\u00e3o multiobjetivo, programa\u00e7\u00e3o por restri\u00e7\u00f5es, otimiza\u00e7\u00e3o estoc\u00e1stica, otimiza\u00e7\u00e3o robusta, formula\u00e7\u00f5es, decomposi\u00e7\u00f5es, m\u00e9todos de solu\u00e7\u00e3o exatos, heur\u00edsticos e h\u00edbridos.<\/li><li aria-level=\"1\"><b>Teoria dos Grafos e Combinat\u00f3ria<\/b>: problemas cl\u00e1ssicos, caracteriza\u00e7\u00e3o estrutural, reconhecimento, classes de grafos, estruturas proibidas, desenho e layout de grafos, teoria espectral, teoria extremal, grafos aleat\u00f3rios, algoritmos, complexidade, aplica\u00e7\u00f5es.<\/li><li aria-level=\"1\"><b>Teoria da Informa\u00e7\u00e3o, N\u00fameros e Criptografia<\/b>: fundamentos, compress\u00e3o, teoria de c\u00f3digos, corretores de erro, codifica\u00e7\u00e3o de fonte, sistemas num\u00e9ricos, aritm\u00e9tica modular, congru\u00eancias, divisibilidade, criptoan\u00e1lise, protocolos com seguran\u00e7a demonstr\u00e1vel, algoritmos, aplica\u00e7\u00f5es.<\/li><li aria-level=\"1\"><b>Teoria dos Jogos e da Decis\u00e3o<\/b>: fundamentos, sistemas em equil\u00edbrio, equil\u00edbrio de Nash, domin\u00e2ncia, pre\u00e7o da anarquia e da estabilidade, leil\u00f5es e mecanismos, precifica\u00e7\u00e3o, estrat\u00e9gias competitivas, jogos cooperativos, jogos combinat\u00f3rios, pesquisa operacional, algoritmos, aplica\u00e7\u00f5es.<\/li><li aria-level=\"1\"><b>Geometria Computacional<\/b>: algoritmos e estruturas de dados para problemas geom\u00e9tricos est\u00e1ticos e cin\u00e9ticos, espa\u00e7os m\u00e9tricos, geometria de dist\u00e2ncias, estruturas baseadas em propriedades geom\u00e9tricas, estruturas espaciais, aplica\u00e7\u00f5es.<\/li><li aria-level=\"1\"><b>Aplica\u00e7\u00f5es e Problemas Pr\u00e1ticos:<\/b> aloca\u00e7\u00e3o de recursos, apoio \u00e0 tomada de decis\u00e3o, biologia computacional, compiladores, economia, escalonamento, engenharias, estrutura molecular, pesquisa operacional, probabilidade e estat\u00edstica, processos produtivos, reconhecimento de padr\u00f5es, redes de computadores, redes complexas, redes livres de escala e redes web, rob\u00f3tica, roteamento, seguran\u00e7a de c\u00f3digo, sistemas e redes, sistemas paralelos e distribu\u00eddos, teoria de conjuntos, visualiza\u00e7\u00e3o de dados, aplica\u00e7\u00f5es com grandes massas de dados, aplica\u00e7\u00f5es din\u00e2micas, aplica\u00e7\u00f5es de tempo real.<\/li><\/ul>\t\t\t\t\t\t\t\t<\/div>\n\t\t\t\t<\/div>\n\t\t\t\t<div class=\"elementor-element elementor-element-99b0b2e elementor-widget elementor-widget-heading\" data-id=\"99b0b2e\" data-element_type=\"widget\" data-e-type=\"widget\" data-widget_type=\"heading.default\">\n\t\t\t\t<div class=\"elementor-widget-container\">\n\t\t\t\t\t<h2 class=\"elementor-heading-title elementor-size-default\">Instru\u00e7\u00f5es de Submiss\u00e3o<\/h2>\t\t\t\t<\/div>\n\t\t\t\t<\/div>\n\t\t\t\t<div class=\"elementor-element elementor-element-60df315 elementor-widget elementor-widget-text-editor\" data-id=\"60df315\" data-element_type=\"widget\" data-e-type=\"widget\" data-widget_type=\"text-editor.default\">\n\t\t\t\t<div class=\"elementor-widget-container\">\n\t\t\t\t\t\t\t\t\t<ul><li aria-level=\"1\">Os trabalhos devem ser submetidos na forma de resumos estendidos, elaborados preferencialmente em LaTeX, seguindo o formato de artigos da SBC, dispon\u00edvel em <a href=\"https:\/\/www.sbc.org.br\/wp-content\/uploads\/2024\/07\/modelosparapublicaodeartigos.zip\">https:\/\/www.sbc.org.br\/wp-content\/uploads\/2024\/07\/modelosparapublicaodeartigos.zip<\/a>. Devem ter no m\u00e1ximo 04 (quatro) p\u00e1ginas, sem incluir as refer\u00eancias, que poder\u00e3o estar em uma p\u00e1gina adicional.<\/li><li aria-level=\"1\">O artigo poder\u00e1 ter opcionalmente um ap\u00eandice, fora do limite de p\u00e1ginas, contendo material de apoio adicional (como provas, detalhes de implementa\u00e7\u00e3o ou experimentos computacionais), que n\u00e3o puderam ser inclu\u00eddos no artigo submetido. O <b>ap\u00eandice<\/b> poder\u00e1 ser usado para fins de avalia\u00e7\u00e3o do trabalho, mas <b>n\u00e3o far\u00e1 parte do texto publicado<\/b> nos anais em caso de aceita\u00e7\u00e3o do artigo.<\/li><li aria-level=\"1\">O trabalho submetido ser\u00e1 revisado com m\u00e9todo single-blind por pelo menos dois revisores, sejam membros do comit\u00ea de programa ou pesquisadores por eles indicados.<\/li><li aria-level=\"1\">Os artigos podem ser escritos em portugu\u00eas ou ingl\u00eas.<\/li><li aria-level=\"1\">Os autores dever\u00e3o seguir as recomenda\u00e7\u00f5es do <a href=\"https:\/\/sol.sbc.org.br\/index.php\/indice\/conduta\">C\u00f3digo de Conduta para Autores em Publica\u00e7\u00f5es da SBC<\/a> na elabora\u00e7\u00e3o de seus trabalhos.<\/li><li aria-level=\"1\">As submiss\u00f5es devem ser feitas no sistema JEMS atrav\u00e9s do link: <a href=\"https:\/\/jems3.sbc.org.br\/etc\">https:\/\/jems3.sbc.org.br\/etc<\/a><\/li><\/ul>\t\t\t\t\t\t\t\t<\/div>\n\t\t\t\t<\/div>\n\t\t\t\t<div class=\"elementor-element elementor-element-501f4fc elementor-widget elementor-widget-heading\" data-id=\"501f4fc\" data-element_type=\"widget\" data-e-type=\"widget\" data-widget_type=\"heading.default\">\n\t\t\t\t<div class=\"elementor-widget-container\">\n\t\t\t\t\t<h2 class=\"elementor-heading-title elementor-size-default\">Inscri\u00e7\u00e3o e Participa\u00e7\u00e3o no Evento<\/h2>\t\t\t\t<\/div>\n\t\t\t\t<\/div>\n\t\t\t\t<div class=\"elementor-element elementor-element-c85f5bd elementor-widget elementor-widget-text-editor\" data-id=\"c85f5bd\" data-element_type=\"widget\" data-e-type=\"widget\" data-widget_type=\"text-editor.default\">\n\t\t\t\t<div class=\"elementor-widget-container\">\n\t\t\t\t\t\t\t\t\t<p>Devido a limita\u00e7\u00f5es de espa\u00e7o na programa\u00e7\u00e3o do CSBC, o n\u00famero de trabalhos selecionados para apresenta\u00e7\u00e3o oral provavelmente ser\u00e1 menor do que em edi\u00e7\u00f5es anteriores do ETC. Desta forma, a depender do n\u00famero de trabalhos aceitos, alguns trabalhos ser\u00e3o convidados a serem apresentados no formato de p\u00f4ster.<\/p><p>A inscri\u00e7\u00e3o pagante de ao menos um autor de cada artigo aceito \u00e9 obrigat\u00f3ria para sua inser\u00e7\u00e3o nos Anais do evento. Autores com mais de um artigo aprovado, em qualquer evento do CSBC, podem realizar o pagamento de uma \u00fanica inscri\u00e7\u00e3o, acrescida de uma \u201ctaxa de publica\u00e7\u00e3o extra\u201d por artigo adicional. Os organizadores se reservam o direito de n\u00e3o incluir nos Anais aqueles trabalhos que n\u00e3o forem apresentados durante o evento.<\/p>\t\t\t\t\t\t\t\t<\/div>\n\t\t\t\t<\/div>\n\t\t\t\t<div class=\"elementor-element elementor-element-65ff4c4 elementor-widget elementor-widget-heading\" data-id=\"65ff4c4\" data-element_type=\"widget\" data-e-type=\"widget\" data-widget_type=\"heading.default\">\n\t\t\t\t<div class=\"elementor-widget-container\">\n\t\t\t\t\t<h2 class=\"elementor-heading-title elementor-size-default\">Publica\u00e7\u00e3o dos Trabalhos<\/h2>\t\t\t\t<\/div>\n\t\t\t\t<\/div>\n\t\t\t\t<div class=\"elementor-element elementor-element-4419a3e elementor-widget elementor-widget-text-editor\" data-id=\"4419a3e\" data-element_type=\"widget\" data-e-type=\"widget\" data-widget_type=\"text-editor.default\">\n\t\t\t\t<div class=\"elementor-widget-container\">\n\t\t\t\t\t\t\t\t\t<p>Independentemente da forma de apresenta\u00e7\u00e3o (oral ou p\u00f4ster), os artigos aceitos ser\u00e3o indexados com DOI e publicados nos anais do evento que ser\u00e3o disponibilizados online na SBC OpenLib (SOL), o portal de conte\u00fado da SBC.<\/p>\t\t\t\t\t\t\t\t<\/div>\n\t\t\t\t<\/div>\n\t\t\t\t<div class=\"elementor-element elementor-element-96f7ca0 elementor-widget elementor-widget-heading\" data-id=\"96f7ca0\" data-element_type=\"widget\" data-e-type=\"widget\" data-widget_type=\"heading.default\">\n\t\t\t\t<div class=\"elementor-widget-container\">\n\t\t\t\t\t<h2 class=\"elementor-heading-title elementor-size-default\">Datas Importantes<\/h2>\t\t\t\t<\/div>\n\t\t\t\t<\/div>\n\t\t\t\t<div class=\"elementor-element elementor-element-d6c4b5d elementor-widget elementor-widget-text-editor\" data-id=\"d6c4b5d\" data-element_type=\"widget\" data-e-type=\"widget\" data-widget_type=\"text-editor.default\">\n\t\t\t\t<div class=\"elementor-widget-container\">\n\t\t\t\t\t\t\t\t\t<ul style=\"font-variant-ligatures: normal; font-variant-caps: normal; font-family: 'Noto Sans', sans-serif; font-size: 16px; font-style: normal; font-weight: 400; color: #000000; text-align: justify;\"><li style=\"font-size: 16px;\" aria-level=\"1\">Prazo para submiss\u00e3o dos trabalhos: <span style=\"color: #ff0000;\"><strong>30<\/strong><strong> de mar\u00e7o de 2026 (PRAZO FINAL)<\/strong><\/span><\/li><li style=\"font-size: 16px;\" aria-level=\"1\">Divulga\u00e7\u00e3o dos resultados:\u00a0<span style=\"font-size: 16px; font-weight: 600;\">04 de maio de 2026<\/span><\/li><li style=\"font-size: 16px;\" aria-level=\"1\">Envio das vers\u00f5es finais dos artigos:\u00a0<span style=\"font-size: 16px; font-weight: 600;\">18 de maio de 2026<\/span><\/li><li style=\"font-size: 16px;\" aria-level=\"1\">Prazo de inscri\u00e7\u00e3o dos autores:\u00a0<span style=\"font-size: 16px; font-weight: 600;\">18 de maio de 2026<\/span><\/li><li style=\"font-size: 16px;\" aria-level=\"1\">CSBC 2026:\u00a0<span style=\"font-size: 16px; font-weight: 600;\">19 a 23 de julho de 2026<\/span><\/li><\/ul>\t\t\t\t\t\t\t\t<\/div>\n\t\t\t\t<\/div>\n\t\t\t\t<div class=\"elementor-element elementor-element-430a58e elementor-widget elementor-widget-heading\" data-id=\"430a58e\" data-element_type=\"widget\" data-e-type=\"widget\" data-widget_type=\"heading.default\">\n\t\t\t\t<div class=\"elementor-widget-container\">\n\t\t\t\t\t<h2 class=\"elementor-heading-title elementor-size-default\">Premia\u00e7\u00f5es<\/h2>\t\t\t\t<\/div>\n\t\t\t\t<\/div>\n\t\t\t\t<div class=\"elementor-element elementor-element-828d1c5 elementor-widget elementor-widget-text-editor\" data-id=\"828d1c5\" data-element_type=\"widget\" data-e-type=\"widget\" data-widget_type=\"text-editor.default\">\n\t\t\t\t<div class=\"elementor-widget-container\">\n\t\t\t\t\t\t\t\t\t<p style=\"font-variant-ligatures: normal; font-variant-caps: normal; font-family: 'Noto Sans', sans-serif; font-size: 16px; font-style: normal; font-weight: 400; color: #000000; text-align: justify;\">Os resumos estendidos submetidos ao ETC 2026 estar\u00e3o automaticamente concorrendo ao pr\u00eamio de melhor trabalho do evento, que ser\u00e1 escolhido por uma comiss\u00e3o especialmente designada para esse fim, composta por pelo menos tr\u00eas membros. A comiss\u00e3o levar\u00e1 em conta, al\u00e9m do resumo submetido e da apresenta\u00e7\u00e3o, as avalia\u00e7\u00f5es dos revisores.<\/p>\t\t\t\t\t\t\t\t<\/div>\n\t\t\t\t<\/div>\n\t\t\t\t<div class=\"elementor-element elementor-element-b33a46f elementor-widget elementor-widget-heading\" data-id=\"b33a46f\" data-element_type=\"widget\" data-e-type=\"widget\" data-widget_type=\"heading.default\">\n\t\t\t\t<div class=\"elementor-widget-container\">\n\t\t\t\t\t<h2 class=\"elementor-heading-title elementor-size-default\">Palestrantes Convidados<\/h2>\t\t\t\t<\/div>\n\t\t\t\t<\/div>\n\t\t\t\t<div class=\"elementor-element elementor-element-c69dac9 elementor-widget elementor-widget-text-editor\" data-id=\"c69dac9\" data-element_type=\"widget\" data-e-type=\"widget\" data-widget_type=\"text-editor.default\">\n\t\t\t\t<div class=\"elementor-widget-container\">\n\t\t\t\t\t\t\t\t\t<ul><li>M\u00e1rcia Cappelle (UFG):\u00a0 \u201cColora\u00e7\u00e3o como ferramenta de identifica\u00e7\u00e3o local em grafos\u201d<\/li><li>U\u00e9verton Souza (IMPA): \u201cHitting forbidden induced subgraphs on bounded treewidth graphs\u201d<\/li><\/ul>\t\t\t\t\t\t\t\t<\/div>\n\t\t\t\t<\/div>\n\t\t\t\t<div class=\"elementor-element elementor-element-c786a09 elementor-widget elementor-widget-heading\" data-id=\"c786a09\" data-element_type=\"widget\" data-e-type=\"widget\" data-widget_type=\"heading.default\">\n\t\t\t\t<div class=\"elementor-widget-container\">\n\t\t\t\t\t<h2 class=\"elementor-heading-title elementor-size-default\">Coordena\u00e7\u00e3o<\/h2>\t\t\t\t<\/div>\n\t\t\t\t<\/div>\n\t\t\t\t<div class=\"elementor-element elementor-element-75992cf elementor-widget elementor-widget-text-editor\" data-id=\"75992cf\" data-element_type=\"widget\" data-e-type=\"widget\" data-widget_type=\"text-editor.default\">\n\t\t\t\t<div class=\"elementor-widget-container\">\n\t\t\t\t\t\t\t\t\t<ul style=\"font-variant-ligatures: normal; font-variant-caps: normal; font-family: 'Noto Sans', sans-serif; font-size: 16px; font-style: normal; font-weight: 400; color: #000000; text-align: justify;\"><li aria-level=\"1\">Carla Negri Lintzmayer (UFABC) \u2013 Coordenadora Geral<\/li><li aria-level=\"1\">Rudini Menezes Sampaio (UFC) \u2013 Coordenador Geral<\/li><li aria-level=\"1\">Vin\u00edcius Fernandes dos Santos (UFMG) \u2013 Coordenador Geral<\/li><\/ul>\t\t\t\t\t\t\t\t<\/div>\n\t\t\t\t<\/div>\n\t\t\t\t<div class=\"elementor-element elementor-element-5e771db elementor-widget elementor-widget-heading\" data-id=\"5e771db\" data-element_type=\"widget\" data-e-type=\"widget\" data-widget_type=\"heading.default\">\n\t\t\t\t<div class=\"elementor-widget-container\">\n\t\t\t\t\t<h2 class=\"elementor-heading-title elementor-size-default\">Comit\u00ea de Programa<\/h2>\t\t\t\t<\/div>\n\t\t\t\t<\/div>\n\t\t\t\t<div class=\"elementor-element elementor-element-66b4651 elementor-widget elementor-widget-text-editor\" data-id=\"66b4651\" data-element_type=\"widget\" data-e-type=\"widget\" data-widget_type=\"text-editor.default\">\n\t\t\t\t<div class=\"elementor-widget-container\">\n\t\t\t\t\t\t\t\t\t<ul><li>Ana Fl\u00e1via Uzeda dos Santos Macambira (UFPB)<\/li><li>Andr\u00e9 Vignatti (UFPR)<\/li><li>At\u00edlio Gomes Luiz (UFC)<\/li><li>Carla Negri Lintzmayer (UFABC)<\/li><li>Carlos Hoppen (UFRGS)<\/li><li>Guilherme de Castro Mendes Gomes (UFMG)<\/li><li>Jesus Ossian Cunha Silva (DEMA-UFC)<\/li><li>Julliano Rosa Nascimento (UFG)<\/li><li>Lehilton Lelis Chaves Pedrosa (UNICAMP)<\/li><li>M\u00e1rcia Cappelle (UFG)<\/li><li>M\u00e1rcia Helena Costa Fampa (UFRJ)<\/li><li>Pedro Henrique Del Bianco Hokama (UNIFEI)<\/li><li>Raquel de Souza Francisco Bravo (UFF)<\/li><li>Roberto Freitas Parente (UFBA)<\/li><li>Rosiane de Freitas Rodrigues (UFAM)<\/li><li>Rudini Menezes Sampaio (DC-UFC)<\/li><li>Sheila Morais de Almeida (UTFPR)<\/li><li>Thiago Braga Marcilon (UFCA)<\/li><li>U\u00e9verton dos Santos Souza (UFF)<\/li><li>Vin\u00edcius Fernandes dos Santos (UFMG)<\/li><li>Warley Gramacho da Silva (UFT)<\/li><\/ul>\t\t\t\t\t\t\t\t<\/div>\n\t\t\t\t<\/div>\n\t\t\t\t<div class=\"elementor-element elementor-element-94f371d elementor-widget elementor-widget-heading\" data-id=\"94f371d\" data-element_type=\"widget\" data-e-type=\"widget\" data-widget_type=\"heading.default\">\n\t\t\t\t<div class=\"elementor-widget-container\">\n\t\t\t\t\t<h2 class=\"elementor-heading-title elementor-size-default\">Contato<\/h2>\t\t\t\t<\/div>\n\t\t\t\t<\/div>\n\t\t\t\t<div class=\"elementor-element elementor-element-9004294 elementor-widget elementor-widget-text-editor\" data-id=\"9004294\" data-element_type=\"widget\" data-e-type=\"widget\" data-widget_type=\"text-editor.default\">\n\t\t\t\t<div class=\"elementor-widget-container\">\n\t\t\t\t\t\t\t\t\t<p>ceaco.sbc@gmail.com<\/p>\t\t\t\t\t\t\t\t<\/div>\n\t\t\t\t<\/div>\n\t\t\t\t<\/div>\n\t\t\t\t\t<\/div>\n\t\t\t\t<\/div>\n\t\t\t\t<\/div>\n\t\t","protected":false},"excerpt":{"rendered":"<p>ETC &#8211; 11\u00ba Encontro de Teoria da Computa\u00e7\u00e3o Sobre o Evento O ETC \u00e9 um f\u00f3rum voltado para a grande \u00e1rea de Teoria da Computa\u00e7\u00e3o, proposto por membros da Comiss\u00e3o Especial em Algoritmos, Combinat\u00f3ria e Otimiza\u00e7\u00e3o (CE-ACO), com objetivo de promover uma maior divulga\u00e7\u00e3o da \u00e1rea para a comunidade brasileira de computa\u00e7\u00e3o e afins, atrav\u00e9s [&hellip;]<\/p>\n","protected":false},"author":8,"featured_media":0,"parent":0,"menu_order":0,"comment_status":"closed","ping_status":"closed","template":"","meta":{"ocean_post_layout":"","ocean_both_sidebars_style":"","ocean_both_sidebars_content_width":0,"ocean_both_sidebars_sidebars_width":0,"ocean_sidebar":"","ocean_second_sidebar":"","ocean_disable_margins":"enable","ocean_add_body_class":"","ocean_shortcode_before_top_bar":"","ocean_shortcode_after_top_bar":"","ocean_shortcode_before_header":"","ocean_shortcode_after_header":"","ocean_has_shortcode":"","ocean_shortcode_after_title":"","ocean_shortcode_before_footer_widgets":"","ocean_shortcode_after_footer_widgets":"","ocean_shortcode_before_footer_bottom":"","ocean_shortcode_after_footer_bottom":"","ocean_display_top_bar":"default","ocean_display_header":"default","ocean_header_style":"","ocean_center_header_left_menu":"","ocean_custom_header_template":"","ocean_custom_logo":0,"ocean_custom_retina_logo":0,"ocean_custom_logo_max_width":0,"ocean_custom_logo_tablet_max_width":0,"ocean_custom_logo_mobile_max_width":0,"ocean_custom_logo_max_height":0,"ocean_custom_logo_tablet_max_height":0,"ocean_custom_logo_mobile_max_height":0,"ocean_header_custom_menu":"","ocean_menu_typo_font_family":"","ocean_menu_typo_font_subset":"","ocean_menu_typo_font_size":0,"ocean_menu_typo_font_size_tablet":0,"ocean_menu_typo_font_size_mobile":0,"ocean_menu_typo_font_size_unit":"px","ocean_menu_typo_font_weight":"","ocean_menu_typo_font_weight_tablet":"","ocean_menu_typo_font_weight_mobile":"","ocean_menu_typo_transform":"","ocean_menu_typo_transform_tablet":"","ocean_menu_typo_transform_mobile":"","ocean_menu_typo_line_height":0,"ocean_menu_typo_line_height_tablet":0,"ocean_menu_typo_line_height_mobile":0,"ocean_menu_typo_line_height_unit":"","ocean_menu_typo_spacing":0,"ocean_menu_typo_spacing_tablet":0,"ocean_menu_typo_spacing_mobile":0,"ocean_menu_typo_spacing_unit":"","ocean_menu_link_color":"","ocean_menu_link_color_hover":"","ocean_menu_link_color_active":"","ocean_menu_link_background":"","ocean_menu_link_hover_background":"","ocean_menu_link_active_background":"","ocean_menu_social_links_bg":"","ocean_menu_social_hover_links_bg":"","ocean_menu_social_links_color":"","ocean_menu_social_hover_links_color":"","ocean_disable_title":"default","ocean_disable_heading":"default","ocean_post_title":"","ocean_post_subheading":"","ocean_post_title_style":"","ocean_post_title_background_color":"","ocean_post_title_background":0,"ocean_post_title_bg_image_position":"","ocean_post_title_bg_image_attachment":"","ocean_post_title_bg_image_repeat":"","ocean_post_title_bg_image_size":"","ocean_post_title_height":0,"ocean_post_title_bg_overlay":0.5,"ocean_post_title_bg_overlay_color":"","ocean_disable_breadcrumbs":"default","ocean_breadcrumbs_color":"","ocean_breadcrumbs_separator_color":"","ocean_breadcrumbs_links_color":"","ocean_breadcrumbs_links_hover_color":"","ocean_display_footer_widgets":"default","ocean_display_footer_bottom":"default","ocean_custom_footer_template":"","_joinchat":[],"footnotes":""},"class_list":["post-7427","page","type-page","status-publish","hentry","entry"],"_links":{"self":[{"href":"https:\/\/csbc.sbc.org.br\/2026\/wp-json\/wp\/v2\/pages\/7427","targetHints":{"allow":["GET"]}}],"collection":[{"href":"https:\/\/csbc.sbc.org.br\/2026\/wp-json\/wp\/v2\/pages"}],"about":[{"href":"https:\/\/csbc.sbc.org.br\/2026\/wp-json\/wp\/v2\/types\/page"}],"author":[{"embeddable":true,"href":"https:\/\/csbc.sbc.org.br\/2026\/wp-json\/wp\/v2\/users\/8"}],"replies":[{"embeddable":true,"href":"https:\/\/csbc.sbc.org.br\/2026\/wp-json\/wp\/v2\/comments?post=7427"}],"version-history":[{"count":145,"href":"https:\/\/csbc.sbc.org.br\/2026\/wp-json\/wp\/v2\/pages\/7427\/revisions"}],"predecessor-version":[{"id":17751,"href":"https:\/\/csbc.sbc.org.br\/2026\/wp-json\/wp\/v2\/pages\/7427\/revisions\/17751"}],"wp:attachment":[{"href":"https:\/\/csbc.sbc.org.br\/2026\/wp-json\/wp\/v2\/media?parent=7427"}],"curies":[{"name":"wp","href":"https:\/\/api.w.org\/{rel}","templated":true}]}}