{"id":8095,"date":"2024-02-05T17:52:30","date_gmt":"2024-02-05T17:52:30","guid":{"rendered":"https:\/\/csbc.sbc.org.br\/2024\/?page_id=8095"},"modified":"2026-04-07T16:32:24","modified_gmt":"2026-04-07T19:32:24","slug":"cblockchain","status":"publish","type":"page","link":"https:\/\/csbc.sbc.org.br\/2026\/cblockchain\/","title":{"rendered":"CBlockchain &#8211; Col\u00f3quio em Blockchain e Web Descentralizada"},"content":{"rendered":"\t\t<div data-elementor-type=\"wp-page\" data-elementor-id=\"8095\" class=\"elementor elementor-8095\">\n\t\t\t\t<div class=\"elementor-element elementor-element-0ea5134 e-con-full e-flex elementor-invisible e-con e-parent\" data-id=\"0ea5134\" data-element_type=\"container\" data-e-type=\"container\" data-settings=\"{&quot;animation&quot;:&quot;fadeIn&quot;}\">\n\t\t\t\t<div class=\"elementor-element elementor-element-dd89812 elementor-widget elementor-widget-heading\" data-id=\"dd89812\" data-element_type=\"widget\" data-e-type=\"widget\" data-widget_type=\"heading.default\">\n\t\t\t\t<div class=\"elementor-widget-container\">\n\t\t\t\t\t<h1 class=\"elementor-heading-title elementor-size-default\">CBlockchain<span style=\"font-weight:normal;line-height:1.1em\"> - 4\u00ba Col\u00f3quio em Blockchain e Web Descentralizada<\/span><\/h1>\t\t\t\t<\/div>\n\t\t\t\t<\/div>\n\t\t\t\t<\/div>\n\t\t<div class=\"elementor-element elementor-element-08020c8 e-flex e-con-boxed e-con e-parent\" data-id=\"08020c8\" data-element_type=\"container\" data-e-type=\"container\">\n\t\t\t\t\t<div class=\"e-con-inner\">\n\t\t<div class=\"elementor-element elementor-element-ebb24e3 e-con-full e-flex elementor-invisible e-con e-child\" data-id=\"ebb24e3\" data-element_type=\"container\" data-e-type=\"container\" data-settings=\"{&quot;animation&quot;:&quot;fadeIn&quot;}\">\n\t\t\t\t<div class=\"elementor-element elementor-element-a11c975 elementor-widget elementor-widget-spacer\" data-id=\"a11c975\" data-element_type=\"widget\" data-e-type=\"widget\" data-widget_type=\"spacer.default\">\n\t\t\t\t<div class=\"elementor-widget-container\">\n\t\t\t\t\t\t\t<div class=\"elementor-spacer\">\n\t\t\t<div class=\"elementor-spacer-inner\"><\/div>\n\t\t<\/div>\n\t\t\t\t\t\t<\/div>\n\t\t\t\t<\/div>\n\t\t\t\t<div class=\"elementor-element elementor-element-d182678 elementor-widget elementor-widget-heading\" data-id=\"d182678\" data-element_type=\"widget\" data-e-type=\"widget\" data-widget_type=\"heading.default\">\n\t\t\t\t<div class=\"elementor-widget-container\">\n\t\t\t\t\t<h2 class=\"elementor-heading-title elementor-size-default\">Sobre o evento<\/h2>\t\t\t\t<\/div>\n\t\t\t\t<\/div>\n\t\t\t\t<div class=\"elementor-element elementor-element-5c1f12e elementor-widget elementor-widget-text-editor\" data-id=\"5c1f12e\" data-element_type=\"widget\" data-e-type=\"widget\" data-widget_type=\"text-editor.default\">\n\t\t\t\t<div class=\"elementor-widget-container\">\n\t\t\t\t\t\t\t\t\t<p>O Col\u00f3quio em Blockchain e Web Descentralizada \u00e9 um evento sat\u00e9lite do Congresso da Sociedade Brasileira de Computa\u00e7\u00e3o (CSBC). O evento acontecer\u00e1 em Gramado \u2013 RS, entre os dias 19 e 23 de julho, durante o CSBC 2026. Este encontro ser\u00e1 um espa\u00e7o de comunica\u00e7\u00e3o e trocas de experi\u00eancias entre pesquisadores e profissionais de diferentes \u00e1reas da Computa\u00e7\u00e3o que atuam com a tecnologia Blockchain e a Web Descentralizada.<\/p><p>O col\u00f3quio visa a divulga\u00e7\u00e3o de conhecimento, al\u00e9m de forma\u00e7\u00e3o de redes de coopera\u00e7\u00e3o nessa tecnologia disruptiva que \u00e9 transversal a diversas outras \u00e1reas e suscita di\u00e1logos e engajamentos comuns. O Col\u00f3quio ser\u00e1 uma oportunidade para que os atores da academia, protagonistas nessas \u00e1reas, e comiss\u00f5es especiais da SBC se unam em torno de a\u00e7\u00f5es comuns para o fomento do ecossistema, das pesquisas e da forma\u00e7\u00e3o em Blockchain no Brasil.<\/p>\t\t\t\t\t\t\t\t<\/div>\n\t\t\t\t<\/div>\n\t\t\t\t<div class=\"elementor-element elementor-element-bd7a059 elementor-widget elementor-widget-heading\" data-id=\"bd7a059\" data-element_type=\"widget\" data-e-type=\"widget\" data-widget_type=\"heading.default\">\n\t\t\t\t<div class=\"elementor-widget-container\">\n\t\t\t\t\t<h2 class=\"elementor-heading-title elementor-size-default\">T\u00f3picos de Interesse<\/h2>\t\t\t\t<\/div>\n\t\t\t\t<\/div>\n\t\t\t\t<div class=\"elementor-element elementor-element-e26c2c3 elementor-widget elementor-widget-text-editor\" data-id=\"e26c2c3\" data-element_type=\"widget\" data-e-type=\"widget\" data-widget_type=\"text-editor.default\">\n\t\t\t\t<div class=\"elementor-widget-container\">\n\t\t\t\t\t\t\t\t\t<p>Pesquisadores s\u00e3o convidados a submeter\u00a0trabalhos em Blockchain que se relacionem com as diversas \u00e1reas da computa\u00e7\u00e3o, e\u00a0sobretudo a computa\u00e7\u00e3o distribu\u00edda,\u00a0redes de computadores, confian\u00e7a no\u00a0funcionamento de sistemas, seguran\u00e7a e criptografia.\u00a0<\/p><p>Uma lista n\u00e3o extensiva de t\u00f3picos de\u00a0interesse inclui:<\/p><ul><li aria-level=\"1\">Algoritmos distribu\u00eddos para blockchain<\/li><li aria-level=\"1\">Aplica\u00e7\u00f5es distribu\u00eddas com blockchain<\/li><li aria-level=\"1\">Armazenamento distribu\u00eddo e distributed ledger<\/li><li aria-level=\"1\">Arquiteturas distribu\u00eddas com blockchain<\/li><li aria-level=\"1\">Ataques em n\u00edvel de rede e aplica\u00e7\u00e3o na blockchain<\/li><li aria-level=\"1\">Computa\u00e7\u00e3o em nuvem, n\u00e9voa e borda com blockchain<\/li><li aria-level=\"1\">Consenso bizantino para blockchain<\/li><li aria-level=\"1\">Consenso baseado em provas para blockchain<\/li><li aria-level=\"1\">Consenso baseado em grafos para blockchain<\/li><li aria-level=\"1\">Criptografia e computa\u00e7\u00e3o qu\u00e2ntica para blockchain<\/li><li aria-level=\"1\">Criptomoedas e aplica\u00e7\u00f5es distribu\u00eddas de pagamento<\/li><li aria-level=\"1\">Aplica\u00e7\u00f5es Descentralizadas (DApps)<\/li><li aria-level=\"1\">Escalabilidade e desempenho em blockchain<\/li><li aria-level=\"1\">Identidade Digital Descentralizada e Auto-soberana<\/li><li aria-level=\"1\">Integra\u00e7\u00e3o de sistemas com blockchain<\/li><li aria-level=\"1\">Internet das coisas com blockchain<\/li><li aria-level=\"1\">Tokens n\u00e3o fung\u00edveis \u2013 NFTs<\/li><li aria-level=\"1\">Protocolos par-a-par \u2013 P2P<\/li><li aria-level=\"1\">Segunda camada e rollups<\/li><li aria-level=\"1\">Seguran\u00e7a da blockchain<\/li><li aria-level=\"1\">Seguran\u00e7a de redes com blockchain<\/li><li aria-level=\"1\">Redes de blockchain p\u00fablicas e privadas<\/li><li aria-level=\"1\">Redes de computadores robustas com blockchain<\/li><li aria-level=\"1\">Testes de desempenho (benchmarking)<\/li><li aria-level=\"1\">Valida\u00e7\u00e3o experimental e simula\u00e7\u00e3o<\/li><li aria-level=\"1\">Virtualiza\u00e7\u00e3o segura com blockchain<\/li><li aria-level=\"1\">Web Descentralizada<\/li><li aria-level=\"1\">Zero Knowledge Proofs &#8211; Prova de conhecimento zero<\/li><\/ul>\t\t\t\t\t\t\t\t<\/div>\n\t\t\t\t<\/div>\n\t\t\t\t<div class=\"elementor-element elementor-element-0c4ecc9 elementor-widget elementor-widget-heading\" data-id=\"0c4ecc9\" data-element_type=\"widget\" data-e-type=\"widget\" data-widget_type=\"heading.default\">\n\t\t\t\t<div class=\"elementor-widget-container\">\n\t\t\t\t\t<h2 class=\"elementor-heading-title elementor-size-default\">Instru\u00e7\u00f5es de Submiss\u00e3o<\/h2>\t\t\t\t<\/div>\n\t\t\t\t<\/div>\n\t\t\t\t<div class=\"elementor-element elementor-element-0ebba33 elementor-widget elementor-widget-text-editor\" data-id=\"0ebba33\" data-element_type=\"widget\" data-e-type=\"widget\" data-widget_type=\"text-editor.default\">\n\t\t\t\t<div class=\"elementor-widget-container\">\n\t\t\t\t\t\t\t\t\t<p>Os trabalhos devem ser submetidos na forma de artigo considerando resultados cient\u00edficos e\/ou tecnol\u00f3gicos. Os textos devem ser elaborados preferencialmente em LaTeX, seguindo o formato de artigos da SBC, com <strong>no m\u00e1ximo 06 (seis) p\u00e1ginas<\/strong> incluindo refer\u00eancias, figuras e tabelas para <strong>artigos completos<\/strong> a serem submetidos para a sess\u00e3o t\u00e9cnica e <strong>02 (duas) p\u00e1ginas<\/strong> em formato de <strong>resumo estendido<\/strong> para a Rump Session.\u00a0<\/p><p>A submiss\u00e3o dos artigos ser\u00e1 eletr\u00f4nica, em formato PDF, e ser\u00e1 feita por meio do sistema JEMS (<a href=\"https:\/\/jems3.sbc.org.br\/cblockchain2026\">https:\/\/jems3.sbc.org.br\/cblockchain2026<\/a>). O trabalho submetido ser\u00e1 revisado com m\u00e9todo single-blind por pelo menos dois revisores, sejam membros do comit\u00ea de programa ou pesquisadores por eles indicados.<\/p>\t\t\t\t\t\t\t\t<\/div>\n\t\t\t\t<\/div>\n\t\t\t\t<div class=\"elementor-element elementor-element-87844a9 elementor-widget elementor-widget-heading\" data-id=\"87844a9\" data-element_type=\"widget\" data-e-type=\"widget\" data-widget_type=\"heading.default\">\n\t\t\t\t<div class=\"elementor-widget-container\">\n\t\t\t\t\t<h2 class=\"elementor-heading-title elementor-size-default\">Premia\u00e7\u00e3o e Publica\u00e7\u00e3o Estendida<\/h2>\t\t\t\t<\/div>\n\t\t\t\t<\/div>\n\t\t\t\t<div class=\"elementor-element elementor-element-37368fe elementor-widget elementor-widget-text-editor\" data-id=\"37368fe\" data-element_type=\"widget\" data-e-type=\"widget\" data-widget_type=\"text-editor.default\">\n\t\t\t\t<div class=\"elementor-widget-container\">\n\t\t\t\t\t\t\t\t\t<p data-start=\"599\" data-end=\"822\">Os <strong data-start=\"602\" data-end=\"660\">melhores artigos aceitos e apresentados no CBlockchain<\/strong> ser\u00e3o <strong data-start=\"667\" data-end=\"713\">convidados a submeter uma vers\u00e3o estendida<\/strong> para a revista <strong>iSys &#8211; Journal of Information Systems <\/strong>(<a href=\"https:\/\/journals-sol.sbc.org.br\/index.php\/isys\/index\">https:\/\/journals-sol.sbc.org.br\/index.php\/isys\/index<\/a>) classificada com Qualis A4 na \u00faltima an\u00e1lise da CAPES.<\/p><p data-start=\"827\" data-end=\"1034\">A submiss\u00e3o da vers\u00e3o estendida <strong data-start=\"859\" data-end=\"884\">n\u00e3o garante aceita\u00e7\u00e3o<\/strong>, estando sujeita a um novo processo de avalia\u00e7\u00e3o por pares, conduzido em fluxo priorit\u00e1rio, considerando o reconhecimento pr\u00e9vio do artigo no evento.<\/p><p data-start=\"1039\" data-end=\"1215\">As vers\u00f5es estendidas dever\u00e3o conter <strong data-start=\"1076\" data-end=\"1113\">no m\u00ednimo 30% de material in\u00e9dito<\/strong> em rela\u00e7\u00e3o ao artigo originalmente publicado nos anais do CBlockchain. Os autores convidados dever\u00e3o:<\/p><ul data-start=\"1220\" data-end=\"1628\"><li data-start=\"1220\" data-end=\"1339\"><p data-start=\"1222\" data-end=\"1339\">submeter o artigo na <strong data-start=\"1243\" data-end=\"1279\">se\u00e7\u00e3o apropriada da revista iSys<\/strong>, com identifica\u00e7\u00e3o expl\u00edcita de autoria (sem double blind);<\/p><\/li><li data-start=\"1342\" data-end=\"1449\"><p data-start=\"1344\" data-end=\"1449\">indicar claramente, na <strong data-start=\"1367\" data-end=\"1381\">Introdu\u00e7\u00e3o<\/strong>, as principais extens\u00f5es e diferen\u00e7as em rela\u00e7\u00e3o \u00e0 vers\u00e3o original;<\/p><\/li><li data-start=\"1452\" data-end=\"1522\"><p data-start=\"1454\" data-end=\"1522\">anexar uma <strong data-start=\"1465\" data-end=\"1481\">cover letter<\/strong> descrevendo as contribui\u00e7\u00f5es adicionais;<\/p><\/li><li data-start=\"1525\" data-end=\"1626\"><p data-start=\"1527\" data-end=\"1626\">submeter, em conjunto, a <strong data-start=\"1552\" data-end=\"1590\">vers\u00e3o original aceita e publicada<\/strong> no evento, para fins de compara\u00e7\u00e3o.<\/p><\/li><\/ul><p data-start=\"1631\" data-end=\"1807\">A sele\u00e7\u00e3o dos artigos convidados e a indica\u00e7\u00e3o de avaliadores ser\u00e3o realizadas exclusivamente pelos <strong data-start=\"1731\" data-end=\"1751\">chairs do evento<\/strong>, que atuar\u00e3o como <strong data-start=\"1770\" data-end=\"1793\">editores convidados<\/strong> dessa edi\u00e7\u00e3o.<\/p>\t\t\t\t\t\t\t\t<\/div>\n\t\t\t\t<\/div>\n\t\t\t\t<div class=\"elementor-element elementor-element-201bb1f elementor-widget elementor-widget-heading\" data-id=\"201bb1f\" data-element_type=\"widget\" data-e-type=\"widget\" data-widget_type=\"heading.default\">\n\t\t\t\t<div class=\"elementor-widget-container\">\n\t\t\t\t\t<h2 class=\"elementor-heading-title elementor-size-default\">Datas Importantes<\/h2>\t\t\t\t<\/div>\n\t\t\t\t<\/div>\n\t\t\t\t<div class=\"elementor-element elementor-element-aa686aa elementor-widget elementor-widget-text-editor\" data-id=\"aa686aa\" data-element_type=\"widget\" data-e-type=\"widget\" data-widget_type=\"text-editor.default\">\n\t\t\t\t<div class=\"elementor-widget-container\">\n\t\t\t\t\t\t\t\t\t<ul style=\"font-variant-ligatures: normal; font-variant-caps: normal; font-family: 'Noto Sans', sans-serif; font-size: 16px; font-style: normal; font-weight: 400; color: #000000; text-align: justify;\"><li aria-level=\"1\">Prazo para submiss\u00e3o dos trabalhos: <span style=\"color: #ff0000;\"><strong>30<\/strong><strong>\/03\/26 (PRAZO FINAL)<\/strong><\/span>\u00a0<\/li><li aria-level=\"1\">Divulga\u00e7\u00e3o dos resultados: <strong>04\/05\/2026<\/strong><\/li><li aria-level=\"1\">Envio das vers\u00f5es finais dos artigos: <strong>18\/05\/2026<\/strong><\/li><li aria-level=\"1\">Prazo de inscri\u00e7\u00e3o das pessoas autoras: <strong>18\/05\/2026<\/strong><\/li><\/ul>\t\t\t\t\t\t\t\t<\/div>\n\t\t\t\t<\/div>\n\t\t\t\t<div class=\"elementor-element elementor-element-752c8ad elementor-widget elementor-widget-heading\" data-id=\"752c8ad\" data-element_type=\"widget\" data-e-type=\"widget\" data-widget_type=\"heading.default\">\n\t\t\t\t<div class=\"elementor-widget-container\">\n\t\t\t\t\t<h2 class=\"elementor-heading-title elementor-size-default\">Coordena\u00e7\u00e3o<\/h2>\t\t\t\t<\/div>\n\t\t\t\t<\/div>\n\t\t\t\t<div class=\"elementor-element elementor-element-937f1c8 elementor-widget elementor-widget-text-editor\" data-id=\"937f1c8\" data-element_type=\"widget\" data-e-type=\"widget\" data-widget_type=\"text-editor.default\">\n\t\t\t\t<div class=\"elementor-widget-container\">\n\t\t\t\t\t\t\t\t\t<ul style=\"font-variant-ligatures: normal; font-variant-caps: normal; font-family: 'Noto Sans', sans-serif; font-size: 16px; font-style: normal; font-weight: 400; color: #000000; text-align: justify;\"><li style=\"font-size: 16px;\" aria-level=\"1\">Diego Kreutz (UNIPAMPA) &#8211; Coordenador Geral<\/li><li style=\"font-size: 16px;\" aria-level=\"1\">Roben Castagna Lunardi (IFRS\/PUCRS) &#8211; Coordenador Geral<\/li><li style=\"font-size: 16px;\" aria-level=\"1\">Eder John Scheid (UFRGS) &#8211; Coordenador de Comit\u00ea de Programa<\/li><li style=\"font-size: 16px;\" aria-level=\"1\">Muriel Figueredo Franco (UFCSPA) &#8211; Coordenador de Comit\u00ea de Programa<\/li><\/ul>\t\t\t\t\t\t\t\t<\/div>\n\t\t\t\t<\/div>\n\t\t\t\t<div class=\"elementor-element elementor-element-c3ba76e elementor-widget elementor-widget-heading\" data-id=\"c3ba76e\" data-element_type=\"widget\" data-e-type=\"widget\" data-widget_type=\"heading.default\">\n\t\t\t\t<div class=\"elementor-widget-container\">\n\t\t\t\t\t<h2 class=\"elementor-heading-title elementor-size-default\">Comit\u00ea de Programa<\/h2>\t\t\t\t<\/div>\n\t\t\t\t<\/div>\n\t\t\t\t<div class=\"elementor-element elementor-element-71d8084 elementor-widget elementor-widget-text-editor\" data-id=\"71d8084\" data-element_type=\"widget\" data-e-type=\"widget\" data-widget_type=\"text-editor.default\">\n\t\t\t\t<div class=\"elementor-widget-container\">\n\t\t\t\t\t\t\t\t\t<ul><li data-start=\"118\" data-end=\"155\"><p data-start=\"120\" data-end=\"155\">Allan Edgard Silva Freitas (IFBA)<\/p><\/li><li data-start=\"156\" data-end=\"194\"><p data-start=\"158\" data-end=\"194\">Andr\u00e9 Magno Costa de Ara\u00fajo (UFAL)<\/p><\/li><li data-start=\"195\" data-end=\"232\"><p data-start=\"197\" data-end=\"232\">Ant\u00f4nio Jorge Gomes Abel\u00e9m (UFPA)<\/p><\/li><li data-start=\"233\" data-end=\"292\"><p data-start=\"235\" data-end=\"292\">Billy Anderson Pinheiro (Amaz\u00f4nia Blockchain Solutions)<\/p><\/li><li data-start=\"293\" data-end=\"320\"><p data-start=\"295\" data-end=\"320\">Diego Kreutz (UNIPAMPA)<\/p><\/li><li data-start=\"321\" data-end=\"361\"><p data-start=\"323\" data-end=\"361\">Diogo Menezes Ferrazani Mattos (UFF)<\/p><\/li><li data-start=\"362\" data-end=\"390\"><p data-start=\"364\" data-end=\"390\">Eder John Scheid (UFRGS)<\/p><\/li><li data-start=\"391\" data-end=\"417\"><p data-start=\"393\" data-end=\"417\">Emanuel Coutinho (UFC)<\/p><\/li><li data-start=\"418\" data-end=\"448\"><p data-start=\"420\" data-end=\"448\">Francisco Sant&#8217;Anna (UERJ)<\/p><\/li><li data-start=\"449\" data-end=\"495\"><p data-start=\"451\" data-end=\"495\">Frederico Ara\u00fajo da Silva Lopes (IMD\/UFRN)<\/p><\/li><li data-start=\"496\" data-end=\"529\"><p data-start=\"498\" data-end=\"529\">Glauber Dias Gon\u00e7alves (UFPI)<\/p><\/li><li data-start=\"530\" data-end=\"572\"><p data-start=\"532\" data-end=\"572\">Igor Le\u00e3o dos Santos Montes (CEFET-RJ)<\/p><\/li><li data-start=\"573\" data-end=\"596\"><p data-start=\"575\" data-end=\"596\">Jean Martina (UFSC)<\/p><\/li><li data-start=\"597\" data-end=\"630\"><p data-start=\"599\" data-end=\"630\">Jeferson Campos Nobre (UFRGS)<\/p><\/li><li data-start=\"631\" data-end=\"668\"><p data-start=\"633\" data-end=\"668\">Leobino Nascimento Sampaio (UFBA)<\/p><\/li><li data-start=\"669\" data-end=\"704\"><p data-start=\"671\" data-end=\"704\">Luciano Porto Barreto (Booking)<\/p><\/li><li data-start=\"705\" data-end=\"741\"><p data-start=\"707\" data-end=\"741\">Muriel Figueredo Franco (UFCSPA)<\/p><\/li><li data-start=\"742\" data-end=\"775\"><p data-start=\"744\" data-end=\"775\">Roben Castagna Lunardi (IFRS)<\/p><\/li><li data-start=\"816\" data-end=\"841\"><p data-start=\"818\" data-end=\"841\">Sergio Carvalho (UFG)<\/p><\/li><li data-start=\"842\" data-end=\"875\"><p data-start=\"844\" data-end=\"875\">Vinicius Cunha M Borges (UFG)<\/p><\/li><li data-start=\"876\" data-end=\"904\"><p data-start=\"878\" data-end=\"904\">Wilson Melo Jr (INMETRO)<\/p><\/li><\/ul>\t\t\t\t\t\t\t\t<\/div>\n\t\t\t\t<\/div>\n\t\t\t\t<\/div>\n\t\t\t\t\t<\/div>\n\t\t\t\t<\/div>\n\t\t\t\t<\/div>\n\t\t","protected":false},"excerpt":{"rendered":"<p>CBlockchain &#8211; 4\u00ba Col\u00f3quio em Blockchain e Web Descentralizada Sobre o evento O Col\u00f3quio em Blockchain e Web Descentralizada \u00e9 um evento sat\u00e9lite do Congresso da Sociedade Brasileira de Computa\u00e7\u00e3o (CSBC). O evento acontecer\u00e1 em Gramado \u2013 RS, entre os dias 19 e 23 de julho, durante o CSBC 2026. Este encontro ser\u00e1 um espa\u00e7o [&hellip;]<\/p>\n","protected":false},"author":8,"featured_media":0,"parent":0,"menu_order":0,"comment_status":"closed","ping_status":"closed","template":"","meta":{"ocean_post_layout":"","ocean_both_sidebars_style":"","ocean_both_sidebars_content_width":0,"ocean_both_sidebars_sidebars_width":0,"ocean_sidebar":"","ocean_second_sidebar":"","ocean_disable_margins":"enable","ocean_add_body_class":"","ocean_shortcode_before_top_bar":"","ocean_shortcode_after_top_bar":"","ocean_shortcode_before_header":"","ocean_shortcode_after_header":"","ocean_has_shortcode":"","ocean_shortcode_after_title":"","ocean_shortcode_before_footer_widgets":"","ocean_shortcode_after_footer_widgets":"","ocean_shortcode_before_footer_bottom":"","ocean_shortcode_after_footer_bottom":"","ocean_display_top_bar":"default","ocean_display_header":"default","ocean_header_style":"","ocean_center_header_left_menu":"","ocean_custom_header_template":"","ocean_custom_logo":0,"ocean_custom_retina_logo":0,"ocean_custom_logo_max_width":0,"ocean_custom_logo_tablet_max_width":0,"ocean_custom_logo_mobile_max_width":0,"ocean_custom_logo_max_height":0,"ocean_custom_logo_tablet_max_height":0,"ocean_custom_logo_mobile_max_height":0,"ocean_header_custom_menu":"","ocean_menu_typo_font_family":"","ocean_menu_typo_font_subset":"","ocean_menu_typo_font_size":0,"ocean_menu_typo_font_size_tablet":0,"ocean_menu_typo_font_size_mobile":0,"ocean_menu_typo_font_size_unit":"px","ocean_menu_typo_font_weight":"","ocean_menu_typo_font_weight_tablet":"","ocean_menu_typo_font_weight_mobile":"","ocean_menu_typo_transform":"","ocean_menu_typo_transform_tablet":"","ocean_menu_typo_transform_mobile":"","ocean_menu_typo_line_height":0,"ocean_menu_typo_line_height_tablet":0,"ocean_menu_typo_line_height_mobile":0,"ocean_menu_typo_line_height_unit":"","ocean_menu_typo_spacing":0,"ocean_menu_typo_spacing_tablet":0,"ocean_menu_typo_spacing_mobile":0,"ocean_menu_typo_spacing_unit":"","ocean_menu_link_color":"","ocean_menu_link_color_hover":"","ocean_menu_link_color_active":"","ocean_menu_link_background":"","ocean_menu_link_hover_background":"","ocean_menu_link_active_background":"","ocean_menu_social_links_bg":"","ocean_menu_social_hover_links_bg":"","ocean_menu_social_links_color":"","ocean_menu_social_hover_links_color":"","ocean_disable_title":"default","ocean_disable_heading":"default","ocean_post_title":"","ocean_post_subheading":"","ocean_post_title_style":"","ocean_post_title_background_color":"","ocean_post_title_background":0,"ocean_post_title_bg_image_position":"","ocean_post_title_bg_image_attachment":"","ocean_post_title_bg_image_repeat":"","ocean_post_title_bg_image_size":"","ocean_post_title_height":0,"ocean_post_title_bg_overlay":0.5,"ocean_post_title_bg_overlay_color":"","ocean_disable_breadcrumbs":"default","ocean_breadcrumbs_color":"","ocean_breadcrumbs_separator_color":"","ocean_breadcrumbs_links_color":"","ocean_breadcrumbs_links_hover_color":"","ocean_display_footer_widgets":"default","ocean_display_footer_bottom":"default","ocean_custom_footer_template":"","_joinchat":[],"footnotes":""},"class_list":["post-8095","page","type-page","status-publish","hentry","entry"],"_links":{"self":[{"href":"https:\/\/csbc.sbc.org.br\/2026\/wp-json\/wp\/v2\/pages\/8095","targetHints":{"allow":["GET"]}}],"collection":[{"href":"https:\/\/csbc.sbc.org.br\/2026\/wp-json\/wp\/v2\/pages"}],"about":[{"href":"https:\/\/csbc.sbc.org.br\/2026\/wp-json\/wp\/v2\/types\/page"}],"author":[{"embeddable":true,"href":"https:\/\/csbc.sbc.org.br\/2026\/wp-json\/wp\/v2\/users\/8"}],"replies":[{"embeddable":true,"href":"https:\/\/csbc.sbc.org.br\/2026\/wp-json\/wp\/v2\/comments?post=8095"}],"version-history":[{"count":139,"href":"https:\/\/csbc.sbc.org.br\/2026\/wp-json\/wp\/v2\/pages\/8095\/revisions"}],"predecessor-version":[{"id":18025,"href":"https:\/\/csbc.sbc.org.br\/2026\/wp-json\/wp\/v2\/pages\/8095\/revisions\/18025"}],"wp:attachment":[{"href":"https:\/\/csbc.sbc.org.br\/2026\/wp-json\/wp\/v2\/media?parent=8095"}],"curies":[{"name":"wp","href":"https:\/\/api.w.org\/{rel}","templated":true}]}}