{"id":8289,"date":"2024-02-16T16:26:21","date_gmt":"2024-02-16T16:26:21","guid":{"rendered":"https:\/\/csbc.sbc.org.br\/2024\/?page_id=8289"},"modified":"2026-03-16T18:30:47","modified_gmt":"2026-03-16T21:30:47","slug":"washes","status":"publish","type":"page","link":"https:\/\/csbc.sbc.org.br\/2026\/washes\/","title":{"rendered":"WASHES &#8211; Workshop sobre Aspectos Sociais, Humanos e Econ\u00f4micos de Software"},"content":{"rendered":"\t\t<div data-elementor-type=\"wp-page\" data-elementor-id=\"8289\" class=\"elementor elementor-8289\">\n\t\t\t\t<div class=\"elementor-element elementor-element-0a3ba60 e-flex e-con-boxed e-con e-parent\" data-id=\"0a3ba60\" data-element_type=\"container\" data-e-type=\"container\">\n\t\t\t\t\t<div class=\"e-con-inner\">\n\t\t\t\t<div class=\"elementor-element elementor-element-67e0fc4 elementor-widget elementor-widget-heading\" data-id=\"67e0fc4\" data-element_type=\"widget\" data-e-type=\"widget\" data-widget_type=\"heading.default\">\n\t\t\t\t<div class=\"elementor-widget-container\">\n\t\t\t\t\t<h1 class=\"elementor-heading-title elementor-size-default\">WASHES<span style=\"font-weight:normal;line-height:1.1em\"> - 11\u00ba Workshop sobre Aspectos Sociais, Humanos e Econ\u00f4micos de Software<\/span><\/h1>\t\t\t\t<\/div>\n\t\t\t\t<\/div>\n\t\t\t\t\t<\/div>\n\t\t\t\t<\/div>\n\t\t<div class=\"elementor-element elementor-element-0ea5134 e-flex e-con-boxed elementor-invisible e-con e-parent\" data-id=\"0ea5134\" data-element_type=\"container\" data-e-type=\"container\" data-settings=\"{&quot;animation&quot;:&quot;fadeIn&quot;}\">\n\t\t\t\t\t<div class=\"e-con-inner\">\n\t\t<div class=\"elementor-element elementor-element-6361d76 e-con-full e-flex elementor-invisible e-con e-child\" data-id=\"6361d76\" data-element_type=\"container\" data-e-type=\"container\" data-settings=\"{&quot;animation&quot;:&quot;fadeIn&quot;}\">\n\t\t\t\t<div class=\"elementor-element elementor-element-e189e8e elementor-widget elementor-widget-spacer\" data-id=\"e189e8e\" data-element_type=\"widget\" data-e-type=\"widget\" data-widget_type=\"spacer.default\">\n\t\t\t\t<div class=\"elementor-widget-container\">\n\t\t\t\t\t\t\t<div class=\"elementor-spacer\">\n\t\t\t<div class=\"elementor-spacer-inner\"><\/div>\n\t\t<\/div>\n\t\t\t\t\t\t<\/div>\n\t\t\t\t<\/div>\n\t\t\t\t<div class=\"elementor-element elementor-element-4a63eb0 elementor-widget elementor-widget-heading\" data-id=\"4a63eb0\" data-element_type=\"widget\" data-e-type=\"widget\" data-widget_type=\"heading.default\">\n\t\t\t\t<div class=\"elementor-widget-container\">\n\t\t\t\t\t<h2 class=\"elementor-heading-title elementor-size-default\">Sobre o evento<\/h2>\t\t\t\t<\/div>\n\t\t\t\t<\/div>\n\t\t\t\t<div class=\"elementor-element elementor-element-d470473 elementor-widget elementor-widget-text-editor\" data-id=\"d470473\" data-element_type=\"widget\" data-e-type=\"widget\" data-widget_type=\"text-editor.default\">\n\t\t\t\t<div class=\"elementor-widget-container\">\n\t\t\t\t\t\t\t\t\t<p>O <b>Workshop sobre Aspectos Sociais, Humanos e Econ\u00f4micos de Software (WASHES) <\/b>\u00e9 um evento que promove a discuss\u00e3o cr\u00edtica destes aspectos e sua influ\u00eancia sobre a engenharia e a qualidade de software. Fatores sociais e humanos em desenvolvimento de software t\u00eam sido discutidos por pesquisadores e profissionais da ind\u00fastria, dado que m\u00e9todos, t\u00e9cnicas e ferramentas afetam os (e s\u00e3o afetados pelos) stakeholders e suas intera\u00e7\u00f5es, impactando as atividades e os resultados dos projetos de software. Da mesma forma, o software \u00e9 uma fonte de valor para os neg\u00f3cios de diversas organiza\u00e7\u00f5es, sejam elas fornecedoras ou adquirentes, representando um elemento crucial para o seu sucesso econ\u00f4mico.<\/p><p>O WASHES \u00e9 um ambiente para a comunidade brasileira discutir esses aspectos e seus desafios, que podem influenciar o desenvolvimento e o uso de software, bem como fomentar colabora\u00e7\u00f5es com a ind\u00fastria. Al\u00e9m de melhorar solu\u00e7\u00f5es j\u00e1 propostas, os aspectos tratados neste workshop impactam diretamente v\u00e1rios cen\u00e1rios da computa\u00e7\u00e3o, como engenharia de software, ecossistemas de software, neg\u00f3cios de software, gest\u00e3o de projetos, inform\u00e1tica m\u00e9dica, computa\u00e7\u00e3o aplicada \u00e0 educa\u00e7\u00e3o, a\u00e7\u00f5es sociais em computa\u00e7\u00e3o que suprem necessidades humanas e outros cen\u00e1rios ligados a sistemas de software. Nesta edi\u00e7\u00e3o do WASHES, em conson\u00e2ncia com a tem\u00e1tica do CSBC 2026 &#8211; &#8220;Transforma\u00e7\u00e3o Digital para um Mundo em Emerg\u00eancia Clim\u00e1tica&#8221;, a import\u00e2ncia do workshop \u00e9 refor\u00e7ada a partir de t\u00f3picos de interesse que envolvem transforma\u00e7\u00e3o digital e\u00a0 emerg\u00eancia clim\u00e1tica.\u00a0<\/p><p>O WASHES 2026 ser\u00e1 realizado no <b>formato<\/b> <b>presencial<\/b>, como um evento sat\u00e9lite do 46\u00ba Congresso da Sociedade Brasileira de Computa\u00e7\u00e3o (SBC), que ser\u00e1 realizado entre 19 e 23 de julho de 2026.<\/p>\t\t\t\t\t\t\t\t<\/div>\n\t\t\t\t<\/div>\n\t\t\t\t<div class=\"elementor-element elementor-element-0b5f925 elementor-widget elementor-widget-heading\" data-id=\"0b5f925\" data-element_type=\"widget\" data-e-type=\"widget\" data-widget_type=\"heading.default\">\n\t\t\t\t<div class=\"elementor-widget-container\">\n\t\t\t\t\t<h2 class=\"elementor-heading-title elementor-size-default\">T\u00f3picos de Interesse<\/h2>\t\t\t\t<\/div>\n\t\t\t\t<\/div>\n\t\t\t\t<div class=\"elementor-element elementor-element-d5f3464 elementor-widget elementor-widget-text-editor\" data-id=\"d5f3464\" data-element_type=\"widget\" data-e-type=\"widget\" data-widget_type=\"text-editor.default\">\n\t\t\t\t<div class=\"elementor-widget-container\">\n\t\t\t\t\t\t\t\t\t<ul><li aria-level=\"1\">Novas abordagens, m\u00e9todos, pr\u00e1ticas e modelos considerando os aspectos humanos, sociais e\/ou econ\u00f4micos aplicados ao desenvolvimento de software e sistemas ciber-f\u00edsicos;\u00a0<\/li><li aria-level=\"1\">Relatos sobre o empoderamento digital em equipes de software no formato de trabalho h\u00edbridas ou remoto;<\/li><li aria-level=\"1\">Impacto da intelig\u00eancia artificial (trustworthy AI, \u00e9tica, Large Language Models etc.) nos aspectos sociais, humanos, e\/ou econ\u00f4micos do desenvolvimento de software e de sistemas;<\/li><li aria-level=\"1\">Bots, chatbots, agentes conversacionais em ambiente de desenvolvimento de software;<\/li><li aria-level=\"1\">Redes sociais e m\u00eddias sociais no contexto de desenvolvimento de software;<\/li><li aria-level=\"1\">Princ\u00edpios de desenvolvimento e projeto de software, pr\u00e1ticas de engenharia de ferramentas que influenciam ou s\u00e3o influenciadas por aspectos sociais, humanos e\/ou econ\u00f4micos;<\/li><li aria-level=\"1\">Aspectos sociais, humanos, e econ\u00f4micos e sua influ\u00eancia na intera\u00e7\u00e3o humano-computador, incluindo quest\u00f5es sobre acessibilidade, usabilidade, experi\u00eancia do usu\u00e1rio;<\/li><li aria-level=\"1\">Diversidade, equidade e inclus\u00e3o no desenvolvimento de software;<\/li><li aria-level=\"1\">Aspectos sociais, humanos, e econ\u00f4micos e sua influ\u00eancia na qualidade de software;<\/li><li aria-level=\"1\">Aspectos gerenciais e organizacionais do desenvolvimento de software;<\/li><li aria-level=\"1\">Ferramentas e processos de apoio a situa\u00e7\u00f5es organizacionais e culturais;<\/li><li aria-level=\"1\">Projeto, desenvolvimento e avalia\u00e7\u00e3o de ferramentas ou bases de dados (datasets) que apoiam o estudo de emo\u00e7\u00f5es e cria\u00e7\u00e3o de valor em engenharia de software;<\/li><li aria-level=\"1\">Caracter\u00edsticas psicol\u00f3gicas, sociol\u00f3gicas, humanas e econ\u00f4micas do desenvolvimento de software;<\/li><li aria-level=\"1\">Abordagens que explorem perspectivas sociais, humanas, e econ\u00f4micas em torno do software envolvendo minera\u00e7\u00e3o de reposit\u00f3rios de software ou aprendizagem de m\u00e1quina (inclusive aprendizagem profunda);<\/li><li aria-level=\"1\">Modelos de desenvolvimento de software baseados em comunidade, como open source, crowdsourcing e parcerias p\u00fablico-privadas;<\/li><li aria-level=\"1\">Modelos de neg\u00f3cios, plataformas e ecossistemas de software;<\/li><li aria-level=\"1\">Quest\u00f5es relativas a licen\u00e7as, propriedade intelectual e patentes;<\/li><li aria-level=\"1\">Educa\u00e7\u00e3o sobre os aspectos sociais, humanos e econ\u00f4micos e sua influ\u00eancia na educa\u00e7\u00e3o em computa\u00e7\u00e3o;<\/li><li aria-level=\"1\">Estudos secund\u00e1rios, estudos de caso, surveys, estudos experimentais ou relatos de experi\u00eancia na ind\u00fastria;<\/li><li aria-level=\"1\">Aspectos sociais, humanos e econ\u00f4micos em sistemas intensivos de software, sistemas de sistemas, blockchain, internet das coisas, sistemas ciber-f\u00edsicos, em governan\u00e7a digital e transforma\u00e7\u00e3o digital;<\/li><li aria-level=\"1\">Aspectos sociais, humanos e econ\u00f4micos de software na Transforma\u00e7\u00e3o Digital para um Mundo em Emerg\u00eancia Clim\u00e1tica.<\/li><\/ul>\t\t\t\t\t\t\t\t<\/div>\n\t\t\t\t<\/div>\n\t\t\t\t<div class=\"elementor-element elementor-element-76fb03b elementor-widget elementor-widget-heading\" data-id=\"76fb03b\" data-element_type=\"widget\" data-e-type=\"widget\" data-widget_type=\"heading.default\">\n\t\t\t\t<div class=\"elementor-widget-container\">\n\t\t\t\t\t<h2 class=\"elementor-heading-title elementor-size-default\">Instru\u00e7\u00f5es de Submiss\u00e3o<\/h2>\t\t\t\t<\/div>\n\t\t\t\t<\/div>\n\t\t\t\t<div class=\"elementor-element elementor-element-87f81a8 elementor-widget elementor-widget-text-editor\" data-id=\"87f81a8\" data-element_type=\"widget\" data-e-type=\"widget\" data-widget_type=\"text-editor.default\">\n\t\t\t\t<div class=\"elementor-widget-container\">\n\t\t\t\t\t\t\t\t\t<p>Todas as submiss\u00f5es devem seguir o estilo de formata\u00e7\u00e3o dos eventos da Sociedade Brasileira de Computa\u00e7\u00e3o (SBC) e serem enviadas por meio da plataforma JEMS3: <a href=\"https:\/\/jems3.sbc.org.br\/washes2026\">https:\/\/jems3.sbc.org.br\/washes2026<\/a>.<\/p><p>As submiss\u00f5es devem ser realizadas de acordo com o sistema duplo-an\u00f4nimo (double-anonymous), omitindo-se qualquer identifica\u00e7\u00e3o de seus autores, bem como de seus revisores. Artigos que n\u00e3o atenderem ao sistema de duplo-an\u00f4nimo ser\u00e3o rejeitados.<br \/><br \/>Artigos aprovados pelo comit\u00ea de programa ser\u00e3o publicados nos anais do evento.<\/p><p>Categorias de artigos:<\/p><ol><li>Artigos completos (at\u00e9 10 p\u00e1ginas, com limite de duas p\u00e1ginas adicionais para refer\u00eancias), apresentando resultados de interesse para o avan\u00e7o da pesquisa na \u00e1rea. Artigos que descrevem modelos, m\u00e9todos, estudos experimentais e relatos de experi\u00eancia industrial s\u00e3o bem-vindos.<\/li><li>Artigos Curtos (at\u00e9 5 p\u00e1ginas, com limite de uma p\u00e1gina adicional para refer\u00eancias), descrevendo trabalhos em andamento, ou uma vis\u00e3o de um projeto de pesquisa, ferramenta ou t\u00e9cnica, ou trabalhos explorando perspectivas de pesquisa nos temas do workshop. Este tipo de artigo ser\u00e1 avaliado seguindo os mesmos crit\u00e9rios da categoria \u201cartigos completos\u201d, tendo como peso o potencial de discuss\u00e3o que o artigo pode gerar no workshop.<\/li><\/ol>\t\t\t\t\t\t\t\t<\/div>\n\t\t\t\t<\/div>\n\t\t\t\t<div class=\"elementor-element elementor-element-347eaf1 elementor-widget elementor-widget-heading\" data-id=\"347eaf1\" data-element_type=\"widget\" data-e-type=\"widget\" data-widget_type=\"heading.default\">\n\t\t\t\t<div class=\"elementor-widget-container\">\n\t\t\t\t\t<h2 class=\"elementor-heading-title elementor-size-default\">Publica\u00e7\u00e3o dos Trabalhos<\/h2>\t\t\t\t<\/div>\n\t\t\t\t<\/div>\n\t\t\t\t<div class=\"elementor-element elementor-element-053bb78 elementor-widget elementor-widget-text-editor\" data-id=\"053bb78\" data-element_type=\"widget\" data-e-type=\"widget\" data-widget_type=\"text-editor.default\">\n\t\t\t\t<div class=\"elementor-widget-container\">\n\t\t\t\t\t\t\t\t\t<p>Os artigos aceitos ser\u00e3o indexados com DOI e publicados nos anais do evento, que ser\u00e3o disponibilizados online na SBC OpenLib, o portal de conte\u00fado da SBC, na s\u00e9rie Anais do Workshop sobre Aspectos Sociais, Humanos e Econ\u00f4micos de Software &#8211; WASHES, a ser disponibilizada no link: <a href=\"https:\/\/sol.sbc.org.br\/index.php\/washes\">https:\/\/sol.sbc.org.br\/index.php\/washes<\/a>.<\/p><p>A publica\u00e7\u00e3o do artigo \u00e9 condicionada \u00e0 inscri\u00e7\u00e3o de pelo menos um dos autores e a apresenta\u00e7\u00e3o presencial do artigo no CSBC 2026.<\/p><p>Os melhores artigos ser\u00e3o convidados para submiss\u00e3o estendida a uma edi\u00e7\u00e3o especial do WASHES, em peri\u00f3dico nacional (em negocia\u00e7\u00e3o).\u00a0<\/p>\t\t\t\t\t\t\t\t<\/div>\n\t\t\t\t<\/div>\n\t\t\t\t<div class=\"elementor-element elementor-element-496d05c elementor-widget elementor-widget-heading\" data-id=\"496d05c\" data-element_type=\"widget\" data-e-type=\"widget\" data-widget_type=\"heading.default\">\n\t\t\t\t<div class=\"elementor-widget-container\">\n\t\t\t\t\t<h2 class=\"elementor-heading-title elementor-size-default\">Datas Importantes<\/h2>\t\t\t\t<\/div>\n\t\t\t\t<\/div>\n\t\t\t\t<div class=\"elementor-element elementor-element-086f5ac elementor-widget elementor-widget-text-editor\" data-id=\"086f5ac\" data-element_type=\"widget\" data-e-type=\"widget\" data-widget_type=\"text-editor.default\">\n\t\t\t\t<div class=\"elementor-widget-container\">\n\t\t\t\t\t\t\t\t\t<ul style=\"font-variant-ligatures: normal; font-variant-caps: normal; font-family: 'Noto Sans', sans-serif; font-size: 16px; font-style: normal; font-weight: 400; color: #000000; text-align: justify;\"><li style=\"font-size: 16px;\" aria-level=\"1\">Prazo para submiss\u00e3o dos trabalhos:<span style=\"color: #ff0000;\"> <span style=\"font-size: 16px; font-weight: 600;\">30 de mar\u00e7o de 2026 (PRAZO FINAL)<\/span><\/span><\/li><li style=\"font-size: 16px;\" aria-level=\"1\">Divulga\u00e7\u00e3o dos resultados:\u00a0<span style=\"font-size: 16px; font-weight: 600;\">04 de maio de 2026<\/span><\/li><li style=\"font-size: 16px;\" aria-level=\"1\">Envio das vers\u00f5es finais dos artigos:\u00a0<span style=\"font-size: 16px; font-weight: 600;\">18 de maio de 2026<\/span><\/li><li style=\"font-size: 16px;\" aria-level=\"1\">Prazo de inscri\u00e7\u00e3o dos autores:\u00a0<span style=\"font-size: 16px; font-weight: 600;\">18 de maio de 2026<\/span><\/li><li style=\"font-size: 16px;\" aria-level=\"1\">CSBC 2026:\u00a0<span style=\"font-size: 16px; font-weight: 600;\">19 a 23 de julho de 2026<\/span><\/li><\/ul>\t\t\t\t\t\t\t\t<\/div>\n\t\t\t\t<\/div>\n\t\t\t\t<div class=\"elementor-element elementor-element-e13e950 elementor-widget elementor-widget-heading\" data-id=\"e13e950\" data-element_type=\"widget\" data-e-type=\"widget\" data-widget_type=\"heading.default\">\n\t\t\t\t<div class=\"elementor-widget-container\">\n\t\t\t\t\t<h2 class=\"elementor-heading-title elementor-size-default\">Mais Informa\u00e7\u00f5es<\/h2>\t\t\t\t<\/div>\n\t\t\t\t<\/div>\n\t\t\t\t<div class=\"elementor-element elementor-element-36029eb elementor-widget elementor-widget-text-editor\" data-id=\"36029eb\" data-element_type=\"widget\" data-e-type=\"widget\" data-widget_type=\"text-editor.default\">\n\t\t\t\t<div class=\"elementor-widget-container\">\n\t\t\t\t\t\t\t\t\t<ul><li>Site do WASHES 2026: <a href=\"https:\/\/washescommunity.github.io\/website\/#\/washes-2026\">https:\/\/washescommunity.github.io\/website\/#\/washes-2026<\/a>\u00a0<\/li><li>Site com edi\u00e7\u00f5es anteriores do WASHES: <a href=\"https:\/\/sites.google.com\/view\/washes-series\">https:\/\/sites.google.com\/view\/washes-series<\/a><\/li><li>Instagram: <a href=\"https:\/\/www.instagram.com\/washescommunity\/\">https:\/\/www.instagram.com\/washescommunity<\/a><\/li><li>LinkedIn: <a href=\"https:\/\/www.linkedin.com\/company\/washescommunity\/\">https:\/\/www.linkedin.com\/company\/washescommunity<\/a><\/li><li style=\"font-variant-ligatures: normal; font-variant-caps: normal; font-family: 'Noto Sans', sans-serif; font-size: 16px; font-style: normal; font-weight: 400; color: #000000; text-align: justify;\">X: <a href=\"https:\/\/x.com\/washescommunity\">https:\/\/x.com\/washescommunity<\/a><\/li><\/ul>\t\t\t\t\t\t\t\t<\/div>\n\t\t\t\t<\/div>\n\t\t\t\t<div class=\"elementor-element elementor-element-defb552 elementor-widget elementor-widget-heading\" data-id=\"defb552\" data-element_type=\"widget\" data-e-type=\"widget\" data-widget_type=\"heading.default\">\n\t\t\t\t<div class=\"elementor-widget-container\">\n\t\t\t\t\t<h2 class=\"elementor-heading-title elementor-size-default\">Coordena\u00e7\u00e3o<\/h2>\t\t\t\t<\/div>\n\t\t\t\t<\/div>\n\t\t\t\t<div class=\"elementor-element elementor-element-8d94c89 elementor-widget elementor-widget-text-editor\" data-id=\"8d94c89\" data-element_type=\"widget\" data-e-type=\"widget\" data-widget_type=\"text-editor.default\">\n\t\t\t\t<div class=\"elementor-widget-container\">\n\t\t\t\t\t\t\t\t\t<ul><li style=\"font-size: 16px;\" aria-level=\"1\"><p>Luciana Zaina (UFSCar) &#8211; Coordenadora Geral<\/p><\/li><li style=\"font-size: 16px;\" aria-level=\"1\"><p>Gl\u00e1ucia Braga e Silva (UFV) &#8211; Coordenadora Geral<\/p><\/li><li aria-level=\"1\"><p>Comit\u00ea Diretivo &#8211; Membros Permanentes:<\/p><ul style=\"font-variant-ligatures: normal; font-variant-caps: normal; font-family: 'Noto Sans', sans-serif; font-size: 16px; font-style: normal; font-weight: 400; color: #000000; text-align: justify;\"><li aria-level=\"1\"><p>Awdren Font\u00e3o (Universidade Federal do Mato Grosso do Sul &#8211; UFMS)<\/p><\/li><li aria-level=\"1\"><p>Davi Viana (Universidade Federal do Maranh\u00e3o &#8211; UFMA)<\/p><\/li><li aria-level=\"1\"><p>Igor Steinmacher (Northern Arizona University &#8211; NAU)<\/p><\/li><li aria-level=\"1\"><p>Rodrigo Santos (Universidade Federal do Estado do Rio de Janeiro &#8211; UNIRIO)<\/p><\/li><\/ul><\/li><li aria-level=\"1\"><p>Comit\u00ea Diretivo &#8211; Membros Organizadores:\u00a0<\/p><ul><li>Luciana Zaina (UFSCar)<\/li><li>Gl\u00e1ucia Braga e Silva (UFV)<\/li><li>Allysson Allex Ara\u00fajo (UFCA)<\/li><\/ul><\/li><\/ul>\t\t\t\t\t\t\t\t<\/div>\n\t\t\t\t<\/div>\n\t\t\t\t<div class=\"elementor-element elementor-element-00558b2 elementor-widget elementor-widget-heading\" data-id=\"00558b2\" data-element_type=\"widget\" data-e-type=\"widget\" data-widget_type=\"heading.default\">\n\t\t\t\t<div class=\"elementor-widget-container\">\n\t\t\t\t\t<h2 class=\"elementor-heading-title elementor-size-default\">Comit\u00ea de Programa<\/h2>\t\t\t\t<\/div>\n\t\t\t\t<\/div>\n\t\t\t\t<div class=\"elementor-element elementor-element-23bc21b elementor-widget elementor-widget-text-editor\" data-id=\"23bc21b\" data-element_type=\"widget\" data-e-type=\"widget\" data-widget_type=\"text-editor.default\">\n\t\t\t\t<div class=\"elementor-widget-container\">\n\t\t\t\t\t\t\t\t\t<p>Em constru\u00e7\u00e3o.<\/p>\t\t\t\t\t\t\t\t<\/div>\n\t\t\t\t<\/div>\n\t\t\t\t<\/div>\n\t\t\t\t\t<\/div>\n\t\t\t\t<\/div>\n\t\t\t\t<\/div>\n\t\t","protected":false},"excerpt":{"rendered":"<p>WASHES &#8211; 11\u00ba Workshop sobre Aspectos Sociais, Humanos e Econ\u00f4micos de Software Sobre o evento O Workshop sobre Aspectos Sociais, Humanos e Econ\u00f4micos de Software (WASHES) \u00e9 um evento que promove a discuss\u00e3o cr\u00edtica destes aspectos e sua influ\u00eancia sobre a engenharia e a qualidade de software. Fatores sociais e humanos em desenvolvimento de software [&hellip;]<\/p>\n","protected":false},"author":8,"featured_media":0,"parent":0,"menu_order":0,"comment_status":"closed","ping_status":"closed","template":"","meta":{"ocean_post_layout":"","ocean_both_sidebars_style":"","ocean_both_sidebars_content_width":0,"ocean_both_sidebars_sidebars_width":0,"ocean_sidebar":"","ocean_second_sidebar":"","ocean_disable_margins":"enable","ocean_add_body_class":"","ocean_shortcode_before_top_bar":"","ocean_shortcode_after_top_bar":"","ocean_shortcode_before_header":"","ocean_shortcode_after_header":"","ocean_has_shortcode":"","ocean_shortcode_after_title":"","ocean_shortcode_before_footer_widgets":"","ocean_shortcode_after_footer_widgets":"","ocean_shortcode_before_footer_bottom":"","ocean_shortcode_after_footer_bottom":"","ocean_display_top_bar":"default","ocean_display_header":"default","ocean_header_style":"","ocean_center_header_left_menu":"","ocean_custom_header_template":"","ocean_custom_logo":0,"ocean_custom_retina_logo":0,"ocean_custom_logo_max_width":0,"ocean_custom_logo_tablet_max_width":0,"ocean_custom_logo_mobile_max_width":0,"ocean_custom_logo_max_height":0,"ocean_custom_logo_tablet_max_height":0,"ocean_custom_logo_mobile_max_height":0,"ocean_header_custom_menu":"","ocean_menu_typo_font_family":"","ocean_menu_typo_font_subset":"","ocean_menu_typo_font_size":0,"ocean_menu_typo_font_size_tablet":0,"ocean_menu_typo_font_size_mobile":0,"ocean_menu_typo_font_size_unit":"px","ocean_menu_typo_font_weight":"","ocean_menu_typo_font_weight_tablet":"","ocean_menu_typo_font_weight_mobile":"","ocean_menu_typo_transform":"","ocean_menu_typo_transform_tablet":"","ocean_menu_typo_transform_mobile":"","ocean_menu_typo_line_height":0,"ocean_menu_typo_line_height_tablet":0,"ocean_menu_typo_line_height_mobile":0,"ocean_menu_typo_line_height_unit":"","ocean_menu_typo_spacing":0,"ocean_menu_typo_spacing_tablet":0,"ocean_menu_typo_spacing_mobile":0,"ocean_menu_typo_spacing_unit":"","ocean_menu_link_color":"","ocean_menu_link_color_hover":"","ocean_menu_link_color_active":"","ocean_menu_link_background":"","ocean_menu_link_hover_background":"","ocean_menu_link_active_background":"","ocean_menu_social_links_bg":"","ocean_menu_social_hover_links_bg":"","ocean_menu_social_links_color":"","ocean_menu_social_hover_links_color":"","ocean_disable_title":"default","ocean_disable_heading":"default","ocean_post_title":"","ocean_post_subheading":"","ocean_post_title_style":"","ocean_post_title_background_color":"","ocean_post_title_background":0,"ocean_post_title_bg_image_position":"","ocean_post_title_bg_image_attachment":"","ocean_post_title_bg_image_repeat":"","ocean_post_title_bg_image_size":"","ocean_post_title_height":0,"ocean_post_title_bg_overlay":0.5,"ocean_post_title_bg_overlay_color":"","ocean_disable_breadcrumbs":"default","ocean_breadcrumbs_color":"","ocean_breadcrumbs_separator_color":"","ocean_breadcrumbs_links_color":"","ocean_breadcrumbs_links_hover_color":"","ocean_display_footer_widgets":"default","ocean_display_footer_bottom":"default","ocean_custom_footer_template":"","_joinchat":[],"footnotes":""},"class_list":["post-8289","page","type-page","status-publish","hentry","entry"],"_links":{"self":[{"href":"https:\/\/csbc.sbc.org.br\/2026\/wp-json\/wp\/v2\/pages\/8289","targetHints":{"allow":["GET"]}}],"collection":[{"href":"https:\/\/csbc.sbc.org.br\/2026\/wp-json\/wp\/v2\/pages"}],"about":[{"href":"https:\/\/csbc.sbc.org.br\/2026\/wp-json\/wp\/v2\/types\/page"}],"author":[{"embeddable":true,"href":"https:\/\/csbc.sbc.org.br\/2026\/wp-json\/wp\/v2\/users\/8"}],"replies":[{"embeddable":true,"href":"https:\/\/csbc.sbc.org.br\/2026\/wp-json\/wp\/v2\/comments?post=8289"}],"version-history":[{"count":142,"href":"https:\/\/csbc.sbc.org.br\/2026\/wp-json\/wp\/v2\/pages\/8289\/revisions"}],"predecessor-version":[{"id":17799,"href":"https:\/\/csbc.sbc.org.br\/2026\/wp-json\/wp\/v2\/pages\/8289\/revisions\/17799"}],"wp:attachment":[{"href":"https:\/\/csbc.sbc.org.br\/2026\/wp-json\/wp\/v2\/media?parent=8289"}],"curies":[{"name":"wp","href":"https:\/\/api.w.org\/{rel}","templated":true}]}}