{"id":8364,"date":"2024-02-20T21:59:39","date_gmt":"2024-02-20T21:59:39","guid":{"rendered":"https:\/\/csbc.sbc.org.br\/2024\/?page_id=8364"},"modified":"2026-01-14T14:17:56","modified_gmt":"2026-01-14T17:17:56","slug":"wtestbeds","status":"publish","type":"page","link":"https:\/\/csbc.sbc.org.br\/2026\/wtestbeds\/","title":{"rendered":"WTESTBEDS &#8211; Workshop de Testbeds"},"content":{"rendered":"\t\t<div data-elementor-type=\"wp-page\" data-elementor-id=\"8364\" class=\"elementor elementor-8364\">\n\t\t\t\t<div class=\"elementor-element elementor-element-0a3ba60 e-flex e-con-boxed e-con e-parent\" data-id=\"0a3ba60\" data-element_type=\"container\" data-e-type=\"container\">\n\t\t\t\t\t<div class=\"e-con-inner\">\n\t\t\t\t<div class=\"elementor-element elementor-element-67e0fc4 elementor-widget elementor-widget-heading\" data-id=\"67e0fc4\" data-element_type=\"widget\" data-e-type=\"widget\" data-widget_type=\"heading.default\">\n\t\t\t\t<div class=\"elementor-widget-container\">\n\t\t\t\t\t<h1 class=\"elementor-heading-title elementor-size-default\">WTESTBEDS<span style=\"font-weight:normal;line-height:1.1em\"> - 5\u00ba  Workshop de Testbeds<\/span>\n\n<\/h1>\t\t\t\t<\/div>\n\t\t\t\t<\/div>\n\t\t\t\t\t<\/div>\n\t\t\t\t<\/div>\n\t\t<div class=\"elementor-element elementor-element-0ea5134 e-flex e-con-boxed elementor-invisible e-con e-parent\" data-id=\"0ea5134\" data-element_type=\"container\" data-e-type=\"container\" data-settings=\"{&quot;animation&quot;:&quot;fadeIn&quot;}\">\n\t\t\t\t\t<div class=\"e-con-inner\">\n\t\t<div class=\"elementor-element elementor-element-9575742 e-con-full e-flex elementor-invisible e-con e-child\" data-id=\"9575742\" data-element_type=\"container\" data-e-type=\"container\" data-settings=\"{&quot;animation&quot;:&quot;fadeIn&quot;}\">\n\t\t\t\t<div class=\"elementor-element elementor-element-8f3e25b elementor-widget elementor-widget-spacer\" data-id=\"8f3e25b\" data-element_type=\"widget\" data-e-type=\"widget\" data-widget_type=\"spacer.default\">\n\t\t\t\t<div class=\"elementor-widget-container\">\n\t\t\t\t\t\t\t<div class=\"elementor-spacer\">\n\t\t\t<div class=\"elementor-spacer-inner\"><\/div>\n\t\t<\/div>\n\t\t\t\t\t\t<\/div>\n\t\t\t\t<\/div>\n\t\t\t\t<div class=\"elementor-element elementor-element-0b1501a elementor-widget elementor-widget-heading\" data-id=\"0b1501a\" data-element_type=\"widget\" data-e-type=\"widget\" data-widget_type=\"heading.default\">\n\t\t\t\t<div class=\"elementor-widget-container\">\n\t\t\t\t\t<h2 class=\"elementor-heading-title elementor-size-default\">Sobre o Evento<\/h2>\t\t\t\t<\/div>\n\t\t\t\t<\/div>\n\t\t\t\t<div class=\"elementor-element elementor-element-d369b57 elementor-widget elementor-widget-text-editor\" data-id=\"d369b57\" data-element_type=\"widget\" data-e-type=\"widget\" data-widget_type=\"text-editor.default\">\n\t\t\t\t<div class=\"elementor-widget-container\">\n\t\t\t\t\t\t\t\t\t<p>A quinta edi\u00e7\u00e3o do WTESTBEDS tem como prop\u00f3sito consolidar o caminho iniciado na primeira edi\u00e7\u00e3o na apresenta\u00e7\u00e3o e divulga\u00e7\u00e3o, junto \u00e0 comunidade cient\u00edfica presente no CSBC 2026, de como os Testbeds t\u00eam contribu\u00eddo hoje para o ensino, pesquisa cient\u00edfica e mesmo na valida\u00e7\u00e3o de prot\u00f3tipos de startups. No evento buscaremos demonstrar a riqueza de possibilidades no uso destas infraestruturas atrav\u00e9s de pesquisadores com experi\u00eancia no uso e mesmo na constru\u00e7\u00e3o de Testbeds.<\/p><p>A partir de uma divulga\u00e7\u00e3o abrangente dos principais Testbeds dispon\u00edveis no Brasil ou no exterior, buscaremos apresentar estudos de caso e artigos cient\u00edficos que fizeram uso destas plataformas com sucesso. A partir destes exemplos, entendemos que pesquisadores, professores e alunos de diversas \u00e1reas de pesquisa poder\u00e3o se inspirar e se identificar com tais demonstra\u00e7\u00f5es, podendo ent\u00e3o melhor compreender os benef\u00edcios que tais plataformas trazem na qualifica\u00e7\u00e3o dos trabalhos realizados.<\/p><p>Ainda durante o evento, buscaremos tamb\u00e9m demonstrar os caminhos futuros dos Testbeds, o estado da arte, al\u00e9m de oportunidades de colabora\u00e7\u00e3o para a evolu\u00e7\u00e3o destas plataformas. Atrav\u00e9s da promo\u00e7\u00e3o de encontro entre equipes de desenvolvimento de Testbeds e interessados em contribuir com esta constru\u00e7\u00e3o, tamb\u00e9m entendemos que novas possibilidades de pesquisa e colabora\u00e7\u00e3o poder\u00e3o nascer destas intera\u00e7\u00f5es.<\/p><p>O quinto <em>Workshop de Testbeds<\/em> n\u00e3o se prop\u00f5e apenas ser um espa\u00e7o para apresentar e inspirar pesquisadores no uso de Testbeds, mas tamb\u00e9m um espa\u00e7o para impulsionar a cria\u00e7\u00e3o de uma comunidade que tenha interesse em participar e influenciar nos caminhos do tema, o que pode ser uma \u00e1rea de pesquisa de interesse dos participantes, j\u00e1 iniciado na primeira edi\u00e7\u00e3o do mesmo.<\/p>\t\t\t\t\t\t\t\t<\/div>\n\t\t\t\t<\/div>\n\t\t\t\t<div class=\"elementor-element elementor-element-06abddc elementor-widget elementor-widget-heading\" data-id=\"06abddc\" data-element_type=\"widget\" data-e-type=\"widget\" data-widget_type=\"heading.default\">\n\t\t\t\t<div class=\"elementor-widget-container\">\n\t\t\t\t\t<h2 class=\"elementor-heading-title elementor-size-default\">Motiva\u00e7\u00f5es para Realiza\u00e7\u00e3o do Evento<\/h2>\t\t\t\t<\/div>\n\t\t\t\t<\/div>\n\t\t\t\t<div class=\"elementor-element elementor-element-5a9d332 elementor-widget elementor-widget-text-editor\" data-id=\"5a9d332\" data-element_type=\"widget\" data-e-type=\"widget\" data-widget_type=\"text-editor.default\">\n\t\t\t\t<div class=\"elementor-widget-container\">\n\t\t\t\t\t\t\t\t\t<p>As experimenta\u00e7\u00f5es cient\u00edficas em sistemas reais t\u00eam se mostrado um importante passo na pesquisa cient\u00edfica para a valida\u00e7\u00e3o de hip\u00f3teses, simula\u00e7\u00f5es e\/ou emula\u00e7\u00f5es, em conson\u00e2ncia com as etapas preconizadas pelo M\u00e9todo Cient\u00edfico. O uso de Testbeds, que neste contexto refere-se a infraestruturas reais para experimenta\u00e7\u00e3o, semelhantes \u00e0s infraestruturas encontradas em ambientes de produ\u00e7\u00e3o, mas em menor escala e segmentadas em um ambiente controlado, \u00e9 uma das formas mais populares adotadas dentro da comunidade cient\u00edfica para realizar estas valida\u00e7\u00f5es.<\/p><p>A terceira edi\u00e7\u00e3o do WTESTBEDS tem como prop\u00f3sito oferecer um espa\u00e7o para divulgar e debater os Testbeds existentes hoje, no Brasil e no exterior, suas aplica\u00e7\u00f5es, bem como, estudar casos de uso que exemplifiquem e demonstrem a forma como os mesmos podem contribuir na eleva\u00e7\u00e3o da qualidade da pesquisa cient\u00edfica, no ensino acad\u00eamico, na valida\u00e7\u00e3o de ideias e hip\u00f3teses, ou mesmo na constru\u00e7\u00e3o de Produtos M\u00ednimos Vi\u00e1veis (do ingl\u00eas: <em>Minimum Viable Product &#8211; MVPs<\/em>) para projetos de pesquisa ou ind\u00fastrias.<\/p><p>O WTESTBEDS buscar\u00e1 reunir os maiores especialistas nacionais e, mediante a disponibilidade, alguns especialistas internacionais, apresentando as principais plataformas para experimenta\u00e7\u00e3o existentes hoje e de que forma elas est\u00e3o sendo utilizadas em prol da pesquisa cient\u00edfica, bem como, debater as necessidades emergentes de novas infraestruturas para experimenta\u00e7\u00e3o, oportunidades de novos projetos e os desafios para sustent\u00e1-las ou auto sustent\u00e1-las.<\/p><p>O prop\u00f3sito principal deste <em>workshop<\/em> \u00e9 inspirar professores, alunos e pesquisadores a avaliarem de que forma essas infraestruturas para experimenta\u00e7\u00e3o dispon\u00edveis hoje podem contribuir com os seus trabalhos e conhecer os caminhos e processos envolvidos para o uso das mesmas e, se houver interesse, como eles poderiam participar destes esfor\u00e7os.<\/p>\t\t\t\t\t\t\t\t<\/div>\n\t\t\t\t<\/div>\n\t\t\t\t<div class=\"elementor-element elementor-element-340df2f elementor-widget elementor-widget-heading\" data-id=\"340df2f\" data-element_type=\"widget\" data-e-type=\"widget\" data-widget_type=\"heading.default\">\n\t\t\t\t<div class=\"elementor-widget-container\">\n\t\t\t\t\t<h2 class=\"elementor-heading-title elementor-size-default\">T\u00f3picos de Interesse\n<\/h2>\t\t\t\t<\/div>\n\t\t\t\t<\/div>\n\t\t\t\t<div class=\"elementor-element elementor-element-666a551 elementor-widget elementor-widget-text-editor\" data-id=\"666a551\" data-element_type=\"widget\" data-e-type=\"widget\" data-widget_type=\"text-editor.default\">\n\t\t\t\t<div class=\"elementor-widget-container\">\n\t\t\t\t\t\t\t\t\t<p>O quinto WTESTBEDS buscar\u00e1 demonstrar o uso de Testbeds nas mais diferentes \u00e1reas de conhecimento em ci\u00eancias da computa\u00e7\u00e3o. O uso de Testbeds nas \u00e1reas abaixo, mas n\u00e3o limitadas elas, s\u00e3o os nossos principais t\u00f3picos de interesse:<\/p><ul><li>Uso de Testbeds para a experimenta\u00e7\u00e3o cient\u00edfica (independente da \u00e1rea de conhecimento);<\/li><li>Repetibilidade ou reprodutibilidade de experimentos e <em>datasets<\/em>;<\/li><li>Medi\u00e7\u00e3o e aferi\u00e7\u00e3o de dados coletados por experimentos;<\/li><li>Uso de Testbeds para Aplica\u00e7\u00f5es Distribu\u00eddas e em Redes;<\/li><li>Uso de Testbeds em <em>Blockchain<\/em>;<\/li><li>Campus ou Escrit\u00f3rios Inteligentes;<\/li><li>Computa\u00e7\u00e3o na nuvem ou na N\u00e9voa;<\/li><li>Detec\u00e7\u00e3o e preven\u00e7\u00e3o de anomalias e ataques;<\/li><li>Especifica\u00e7\u00e3o, valida\u00e7\u00e3o e verifica\u00e7\u00e3o de protocolos de rede;<\/li><li>Gerenciamento de identidades;<\/li><li>Aplica\u00e7\u00f5es ou <em>Middlewares<\/em> relacionados \u00e0 Internet das coisas (IoT);<\/li><li>Internet do futuro;<\/li><li>Novas Arquiteturas de Redes;<\/li><li>Medi\u00e7\u00e3o e monitora\u00e7\u00e3o de redes;<\/li><li>Qualidade de servi\u00e7o (QoS) e de experi\u00eancia (QoE);<\/li><li>Redes centradas na informa\u00e7\u00e3o;<\/li><li>Telemedicina e algoritmos de IA para apoiar diagn\u00f3sticos de doen\u00e7a;<\/li><li>Redes Definidas por <em>Software<\/em>;<\/li><li>Programabilidade do plano de Dados;<\/li><li>Redes \u00f3pticas;<\/li><li>Redes sem fio;<\/li><li>Roteamento, comuta\u00e7\u00e3o e Endere\u00e7amento;<\/li><li>Seguran\u00e7a em redes e sistemas distribu\u00eddos;<\/li><li>Virtualiza\u00e7\u00e3o de rede e\/ou fun\u00e7\u00f5es de rede;<\/li><li>Utiliza\u00e7\u00e3o de m\u00faltiplas infraestruturas ou federa\u00e7\u00e3o de Testbeds em um \u00fanico experimento;<\/li><li>Outros relacionados ao uso de Testbeds em outras \u00e1reas do conhecimento.<\/li><\/ul>\t\t\t\t\t\t\t\t<\/div>\n\t\t\t\t<\/div>\n\t\t\t\t<div class=\"elementor-element elementor-element-ac4fb5a elementor-widget elementor-widget-heading\" data-id=\"ac4fb5a\" data-element_type=\"widget\" data-e-type=\"widget\" data-widget_type=\"heading.default\">\n\t\t\t\t<div class=\"elementor-widget-container\">\n\t\t\t\t\t<h2 class=\"elementor-heading-title elementor-size-default\">Expectativa de Programa\u00e7\u00e3o<\/h2>\t\t\t\t<\/div>\n\t\t\t\t<\/div>\n\t\t\t\t<div class=\"elementor-element elementor-element-e0c10c9 elementor-widget elementor-widget-text-editor\" data-id=\"e0c10c9\" data-element_type=\"widget\" data-e-type=\"widget\" data-widget_type=\"text-editor.default\">\n\t\t\t\t<div class=\"elementor-widget-container\">\n\t\t\t\t\t\t\t\t\t<p>O <em>Workshop<\/em> pretende organizar com os seguintes grupos de sess\u00f5es:<\/p><ul><li>1 Sess\u00e3o de <em>Keynote Speaker<\/em> com um ou dois profissionais que s\u00e3o refer\u00eancia na \u00e1rea de experimenta\u00e7\u00e3o cient\u00edfica;<\/li><li>3 sess\u00f5es de palestra com pesquisadores apresentando Testbeds relevantes para a pesquisa cient\u00edfica e valida\u00e7\u00e3o de hip\u00f3teses;<\/li><li>1 painel com at\u00e9 4 participantes para discutir o uso de Testbeds na pesquisa cient\u00edfica, suas experi\u00eancias na \u00e1rea e sua vis\u00e3o para o futuro dos Testbeds, al\u00e9m do seu crescente uso na pesquisa cient\u00edfica;<\/li><li>1 atividade pr\u00e1tica <em>(hands on)<\/em> com uma das plataformas para experimenta\u00e7\u00e3o;<\/li><\/ul>\t\t\t\t\t\t\t\t<\/div>\n\t\t\t\t<\/div>\n\t\t\t\t<div class=\"elementor-element elementor-element-8a620ae elementor-widget elementor-widget-heading\" data-id=\"8a620ae\" data-element_type=\"widget\" data-e-type=\"widget\" data-widget_type=\"heading.default\">\n\t\t\t\t<div class=\"elementor-widget-container\">\n\t\t\t\t\t<h2 class=\"elementor-heading-title elementor-size-default\">Organiza\u00e7\u00e3o e Realiza\u00e7\u00e3o<\/h2>\t\t\t\t<\/div>\n\t\t\t\t<\/div>\n\t\t\t\t<div class=\"elementor-element elementor-element-e60a4bb elementor-widget elementor-widget-text-editor\" data-id=\"e60a4bb\" data-element_type=\"widget\" data-e-type=\"widget\" data-widget_type=\"text-editor.default\">\n\t\t\t\t<div class=\"elementor-widget-container\">\n\t\t\t\t\t\t\t\t\t<p>A Rede Nacional de Ensino e Pesquisa &#8211; RNP buscando cumprir sua miss\u00e3o de promover o uso inovador de redes avan\u00e7adas trabalha a mais de 20 anos com o desenvolvimento e uso de infraestruturas para experimenta\u00e7\u00e3o como importante instrumento de suporte \u00e0 Projeto de P&amp;D em parceria com institui\u00e7\u00f5es de ensino e pesquisa, universidades e institutos federais, centros nacionais de pesquisa e parceiros privados. Nos \u00faltimos anos tem direcionado esfor\u00e7os para oferecer como servi\u00e7o as diferentes infraestruturas para experimenta\u00e7\u00e3o hoje dispon\u00edveis para toda a comunidade acad\u00eamica nacional e tamb\u00e9m em colabora\u00e7\u00f5es internacionais, por meio do Servi\u00e7o de Testbeds RNP (<a href=\"https:\/\/www.rnp.br\/servicos\/testbeds\"><strong>https:\/\/www.rnp.br\/servicos\/testbeds<\/strong><\/a>). \u00c0 RNP entende que o CSBC \u00e9 um importante f\u00f3rum acad\u00eamico nacional que re\u00fane professores, alunos e pesquisadores da \u00e1rea de computa\u00e7\u00e3o, e por esse motivo temos o maior interesse de estarmos pr\u00f3ximos da comunidade acad\u00eamica a fim de exercitar a escuta ativa e buscar direcionar as a\u00e7\u00f5es de investimento para cada vez mais impulsionar a pesquisa experimental no Brasil.<\/p>\t\t\t\t\t\t\t\t<\/div>\n\t\t\t\t<\/div>\n\t\t\t\t<div class=\"elementor-element elementor-element-d809ed3 elementor-widget elementor-widget-heading\" data-id=\"d809ed3\" data-element_type=\"widget\" data-e-type=\"widget\" data-widget_type=\"heading.default\">\n\t\t\t\t<div class=\"elementor-widget-container\">\n\t\t\t\t\t<h2 class=\"elementor-heading-title elementor-size-default\">Coordena\u00e7\u00e3o<\/h2>\t\t\t\t<\/div>\n\t\t\t\t<\/div>\n\t\t\t\t<div class=\"elementor-element elementor-element-ff82032 elementor-widget elementor-widget-text-editor\" data-id=\"ff82032\" data-element_type=\"widget\" data-e-type=\"widget\" data-widget_type=\"text-editor.default\">\n\t\t\t\t<div class=\"elementor-widget-container\">\n\t\t\t\t\t\t\t\t\t<ul style=\"font-variant-ligatures: normal; font-variant-caps: normal; font-family: 'Noto Sans', sans-serif; font-size: 16px; font-style: normal; font-weight: 400; color: #000000; text-align: justify;\"><li style=\"font-size: 16px;\" aria-level=\"1\">Gustavo Neves Dias (RNP) &#8211; Coordenador Geral<\/li><li aria-level=\"1\">Leandron Mondin (RNP) &#8211; Coordenador de Comit\u00ea de Programa<\/li><\/ul>\t\t\t\t\t\t\t\t<\/div>\n\t\t\t\t<\/div>\n\t\t\t\t<\/div>\n\t\t\t\t\t<\/div>\n\t\t\t\t<\/div>\n\t\t\t\t<\/div>\n\t\t","protected":false},"excerpt":{"rendered":"<p>WTESTBEDS &#8211; 5\u00ba Workshop de Testbeds Sobre o Evento A quinta edi\u00e7\u00e3o do WTESTBEDS tem como prop\u00f3sito consolidar o caminho iniciado na primeira edi\u00e7\u00e3o na apresenta\u00e7\u00e3o e divulga\u00e7\u00e3o, junto \u00e0 comunidade cient\u00edfica presente no CSBC 2026, de como os Testbeds t\u00eam contribu\u00eddo hoje para o ensino, pesquisa cient\u00edfica e mesmo na valida\u00e7\u00e3o de prot\u00f3tipos de [&hellip;]<\/p>\n","protected":false},"author":8,"featured_media":0,"parent":0,"menu_order":0,"comment_status":"closed","ping_status":"closed","template":"","meta":{"ocean_post_layout":"","ocean_both_sidebars_style":"","ocean_both_sidebars_content_width":0,"ocean_both_sidebars_sidebars_width":0,"ocean_sidebar":"","ocean_second_sidebar":"","ocean_disable_margins":"enable","ocean_add_body_class":"","ocean_shortcode_before_top_bar":"","ocean_shortcode_after_top_bar":"","ocean_shortcode_before_header":"","ocean_shortcode_after_header":"","ocean_has_shortcode":"","ocean_shortcode_after_title":"","ocean_shortcode_before_footer_widgets":"","ocean_shortcode_after_footer_widgets":"","ocean_shortcode_before_footer_bottom":"","ocean_shortcode_after_footer_bottom":"","ocean_display_top_bar":"default","ocean_display_header":"default","ocean_header_style":"","ocean_center_header_left_menu":"","ocean_custom_header_template":"","ocean_custom_logo":0,"ocean_custom_retina_logo":0,"ocean_custom_logo_max_width":0,"ocean_custom_logo_tablet_max_width":0,"ocean_custom_logo_mobile_max_width":0,"ocean_custom_logo_max_height":0,"ocean_custom_logo_tablet_max_height":0,"ocean_custom_logo_mobile_max_height":0,"ocean_header_custom_menu":"","ocean_menu_typo_font_family":"","ocean_menu_typo_font_subset":"","ocean_menu_typo_font_size":0,"ocean_menu_typo_font_size_tablet":0,"ocean_menu_typo_font_size_mobile":0,"ocean_menu_typo_font_size_unit":"px","ocean_menu_typo_font_weight":"","ocean_menu_typo_font_weight_tablet":"","ocean_menu_typo_font_weight_mobile":"","ocean_menu_typo_transform":"","ocean_menu_typo_transform_tablet":"","ocean_menu_typo_transform_mobile":"","ocean_menu_typo_line_height":0,"ocean_menu_typo_line_height_tablet":0,"ocean_menu_typo_line_height_mobile":0,"ocean_menu_typo_line_height_unit":"","ocean_menu_typo_spacing":0,"ocean_menu_typo_spacing_tablet":0,"ocean_menu_typo_spacing_mobile":0,"ocean_menu_typo_spacing_unit":"","ocean_menu_link_color":"","ocean_menu_link_color_hover":"","ocean_menu_link_color_active":"","ocean_menu_link_background":"","ocean_menu_link_hover_background":"","ocean_menu_link_active_background":"","ocean_menu_social_links_bg":"","ocean_menu_social_hover_links_bg":"","ocean_menu_social_links_color":"","ocean_menu_social_hover_links_color":"","ocean_disable_title":"default","ocean_disable_heading":"default","ocean_post_title":"","ocean_post_subheading":"","ocean_post_title_style":"","ocean_post_title_background_color":"","ocean_post_title_background":0,"ocean_post_title_bg_image_position":"","ocean_post_title_bg_image_attachment":"","ocean_post_title_bg_image_repeat":"","ocean_post_title_bg_image_size":"","ocean_post_title_height":0,"ocean_post_title_bg_overlay":0.5,"ocean_post_title_bg_overlay_color":"","ocean_disable_breadcrumbs":"default","ocean_breadcrumbs_color":"","ocean_breadcrumbs_separator_color":"","ocean_breadcrumbs_links_color":"","ocean_breadcrumbs_links_hover_color":"","ocean_display_footer_widgets":"default","ocean_display_footer_bottom":"default","ocean_custom_footer_template":"","_joinchat":[],"footnotes":""},"class_list":["post-8364","page","type-page","status-publish","hentry","entry"],"_links":{"self":[{"href":"https:\/\/csbc.sbc.org.br\/2026\/wp-json\/wp\/v2\/pages\/8364","targetHints":{"allow":["GET"]}}],"collection":[{"href":"https:\/\/csbc.sbc.org.br\/2026\/wp-json\/wp\/v2\/pages"}],"about":[{"href":"https:\/\/csbc.sbc.org.br\/2026\/wp-json\/wp\/v2\/types\/page"}],"author":[{"embeddable":true,"href":"https:\/\/csbc.sbc.org.br\/2026\/wp-json\/wp\/v2\/users\/8"}],"replies":[{"embeddable":true,"href":"https:\/\/csbc.sbc.org.br\/2026\/wp-json\/wp\/v2\/comments?post=8364"}],"version-history":[{"count":109,"href":"https:\/\/csbc.sbc.org.br\/2026\/wp-json\/wp\/v2\/pages\/8364\/revisions"}],"predecessor-version":[{"id":16878,"href":"https:\/\/csbc.sbc.org.br\/2026\/wp-json\/wp\/v2\/pages\/8364\/revisions\/16878"}],"wp:attachment":[{"href":"https:\/\/csbc.sbc.org.br\/2026\/wp-json\/wp\/v2\/media?parent=8364"}],"curies":[{"name":"wp","href":"https:\/\/api.w.org\/{rel}","templated":true}]}}