{"id":9193,"date":"2024-03-21T22:27:19","date_gmt":"2024-03-21T22:27:19","guid":{"rendered":"https:\/\/csbc.sbc.org.br\/2024\/?page_id=9193"},"modified":"2026-03-10T16:43:30","modified_gmt":"2026-03-10T19:43:30","slug":"eimp","status":"publish","type":"page","link":"https:\/\/csbc.sbc.org.br\/2026\/eimp\/","title":{"rendered":"EIMP &#8211; Escola de Inverno da Maratona de Programa\u00e7\u00e3o"},"content":{"rendered":"\t\t<div data-elementor-type=\"wp-page\" data-elementor-id=\"9193\" class=\"elementor elementor-9193\">\n\t\t\t\t<div class=\"elementor-element elementor-element-0a3ba60 e-flex e-con-boxed e-con e-parent\" data-id=\"0a3ba60\" data-element_type=\"container\" data-e-type=\"container\">\n\t\t\t\t\t<div class=\"e-con-inner\">\n\t\t\t\t<div class=\"elementor-element elementor-element-67e0fc4 elementor-widget elementor-widget-heading\" data-id=\"67e0fc4\" data-element_type=\"widget\" data-e-type=\"widget\" data-widget_type=\"heading.default\">\n\t\t\t\t<div class=\"elementor-widget-container\">\n\t\t\t\t\t<h1 class=\"elementor-heading-title elementor-size-default\">EIMP<span style=\"font-weight:normal;line-height:1.1em\"> - 7\u00aa Escola de Inverno da Maratona de Programa\u00e7\u00e3o<\/span><\/h1>\t\t\t\t<\/div>\n\t\t\t\t<\/div>\n\t\t\t\t\t<\/div>\n\t\t\t\t<\/div>\n\t\t<div class=\"elementor-element elementor-element-0ea5134 e-flex e-con-boxed elementor-invisible e-con e-parent\" data-id=\"0ea5134\" data-element_type=\"container\" data-e-type=\"container\" data-settings=\"{&quot;animation&quot;:&quot;fadeIn&quot;}\">\n\t\t\t\t\t<div class=\"e-con-inner\">\n\t\t<div class=\"elementor-element elementor-element-39bdf15 e-con-full e-flex elementor-invisible e-con e-child\" data-id=\"39bdf15\" data-element_type=\"container\" data-e-type=\"container\" data-settings=\"{&quot;animation&quot;:&quot;fadeIn&quot;}\">\n\t\t\t\t<div class=\"elementor-element elementor-element-9a4582e elementor-widget elementor-widget-spacer\" data-id=\"9a4582e\" data-element_type=\"widget\" data-e-type=\"widget\" data-widget_type=\"spacer.default\">\n\t\t\t\t<div class=\"elementor-widget-container\">\n\t\t\t\t\t\t\t<div class=\"elementor-spacer\">\n\t\t\t<div class=\"elementor-spacer-inner\"><\/div>\n\t\t<\/div>\n\t\t\t\t\t\t<\/div>\n\t\t\t\t<\/div>\n\t\t\t\t<div class=\"elementor-element elementor-element-3a71784 elementor-widget elementor-widget-heading\" data-id=\"3a71784\" data-element_type=\"widget\" data-e-type=\"widget\" data-widget_type=\"heading.default\">\n\t\t\t\t<div class=\"elementor-widget-container\">\n\t\t\t\t\t<h2 class=\"elementor-heading-title elementor-size-default\">Programa\u00e7\u00e3o<\/h2>\t\t\t\t<\/div>\n\t\t\t\t<\/div>\n\t\t\t\t<div class=\"elementor-element elementor-element-b0422c9 elementor-widget__width-inherit e-n-tabs-mobile elementor-widget elementor-widget-n-tabs\" data-id=\"b0422c9\" data-element_type=\"widget\" data-e-type=\"widget\" data-settings=\"{&quot;tabs_justify_horizontal&quot;:&quot;stretch&quot;,&quot;horizontal_scroll&quot;:&quot;disable&quot;}\" data-widget_type=\"nested-tabs.default\">\n\t\t\t\t<div class=\"elementor-widget-container\">\n\t\t\t\t\t\t\t<div class=\"e-n-tabs\" data-widget-number=\"184820425\" aria-label=\"Abas. Abra itens com &quot;Enter&quot; ou &quot;Espa\u00e7o&quot;, feche com &quot;Escape&quot; e navegue usando as teclas de &quot;Seta&quot;.\">\n\t\t\t<div class=\"e-n-tabs-heading\" role=\"tablist\">\n\t\t\t\t\t<button id=\"e-n-tab-title-1848204251\" data-tab-title-id=\"e-n-tab-title-1848204251\" class=\"e-n-tab-title elementor-animation-float\" aria-selected=\"true\" data-tab-index=\"1\" role=\"tab\" tabindex=\"0\" aria-controls=\"e-n-tab-content-1848204251\" style=\"--n-tabs-title-order: 1;\">\n\t\t\t\t\t\t<span class=\"e-n-tab-title-text\">\n\t\t\t\tDia 01 - Domingo (19\/07)\t\t\t<\/span>\n\t\t<\/button>\n\t\t\t\t<button id=\"e-n-tab-title-1848204252\" data-tab-title-id=\"e-n-tab-title-1848204252\" class=\"e-n-tab-title elementor-animation-float\" aria-selected=\"false\" data-tab-index=\"2\" role=\"tab\" tabindex=\"-1\" aria-controls=\"e-n-tab-content-1848204252\" style=\"--n-tabs-title-order: 2;\">\n\t\t\t\t\t\t<span class=\"e-n-tab-title-text\">\n\t\t\t\tDia 02 - Segunda (20\/07)\t\t\t<\/span>\n\t\t<\/button>\n\t\t\t\t<button id=\"e-n-tab-title-1848204253\" data-tab-title-id=\"e-n-tab-title-1848204253\" class=\"e-n-tab-title elementor-animation-float\" aria-selected=\"false\" data-tab-index=\"3\" role=\"tab\" tabindex=\"-1\" aria-controls=\"e-n-tab-content-1848204253\" style=\"--n-tabs-title-order: 3;\">\n\t\t\t\t\t\t<span class=\"e-n-tab-title-text\">\n\t\t\t\tDia 03 \u2013 Ter\u00e7a (21\/07)\t\t\t<\/span>\n\t\t<\/button>\n\t\t\t\t<button id=\"e-n-tab-title-1848204254\" data-tab-title-id=\"e-n-tab-title-1848204254\" class=\"e-n-tab-title elementor-animation-float\" aria-selected=\"false\" data-tab-index=\"4\" role=\"tab\" tabindex=\"-1\" aria-controls=\"e-n-tab-content-1848204254\" style=\"--n-tabs-title-order: 4;\">\n\t\t\t\t\t\t<span class=\"e-n-tab-title-text\">\n\t\t\t\tDia 04 \u2013 Quarta  (22\/07)\t\t\t<\/span>\n\t\t<\/button>\n\t\t\t\t\t<\/div>\n\t\t\t<div class=\"e-n-tabs-content\">\n\t\t\t\t<div id=\"e-n-tab-content-1848204251\" role=\"tabpanel\" aria-labelledby=\"e-n-tab-title-1848204251\" data-tab-index=\"1\" style=\"--n-tabs-title-order: 1;\" class=\"e-active elementor-element elementor-element-0d08112 e-con-full e-flex e-con e-child\" data-id=\"0d08112\" data-element_type=\"container\" data-e-type=\"container\" data-settings=\"{&quot;background_background&quot;:&quot;gradient&quot;}\">\n\t\t<div class=\"elementor-element elementor-element-804f041 e-flex e-con-boxed e-con e-child\" data-id=\"804f041\" data-element_type=\"container\" data-e-type=\"container\">\n\t\t\t\t\t<div class=\"e-con-inner\">\n\t\t\t\t<div class=\"elementor-element elementor-element-2020738 elementor-widget elementor-widget-text-editor\" data-id=\"2020738\" data-element_type=\"widget\" data-e-type=\"widget\" data-widget_type=\"text-editor.default\">\n\t\t\t\t<div class=\"elementor-widget-container\">\n\t\t\t\t\t\t\t\t\t<table width=\"680\"><thead><tr><td width=\"145\"><p><strong>Hor\u00e1rio<\/strong><\/p><\/td><td width=\"380\"><p><strong>Atividade<\/strong><\/p><\/td><td width=\"155\"><p><strong>Instrutores<\/strong><\/p><\/td><\/tr><\/thead><tbody><tr><td width=\"145\"><p>08h30 &#8211; 11h30<\/p><\/td><td width=\"380\"><p><strong>Recep\u00e7\u00e3o &amp; Abertura<\/strong><\/p><p><strong>Aula 01:<\/strong> Matem\u00e1tica discreta e geometria computacional<\/p><\/td><td width=\"155\"><p>Rodrigo Machado<\/p><\/td><\/tr><tr><td width=\"145\"><p>13h30 &#8211; 15h30<\/p><\/td><td width=\"380\"><p><strong>Aula 02:<\/strong> Grafos e algoritmos gulosos<\/p><\/td><td width=\"155\"><p>Equipe LPC<\/p><\/td><\/tr><tr><td width=\"145\"><p>16h00 &#8211; 18h00<\/p><\/td><td width=\"380\"><p><strong>Aula 03:<\/strong> \u00c1rvores e estruturas de dados eficientes<\/p><\/td><td width=\"155\"><p>Equipe LPC<\/p><\/td><\/tr><\/tbody><\/table>\t\t\t\t\t\t\t\t<\/div>\n\t\t\t\t<\/div>\n\t\t\t\t\t<\/div>\n\t\t\t\t<\/div>\n\t\t\t\t<\/div>\n\t\t<div id=\"e-n-tab-content-1848204252\" role=\"tabpanel\" aria-labelledby=\"e-n-tab-title-1848204252\" data-tab-index=\"2\" style=\"--n-tabs-title-order: 2;\" class=\" elementor-element elementor-element-0cb1804 e-con-full e-flex e-con e-child\" data-id=\"0cb1804\" data-element_type=\"container\" data-e-type=\"container\">\n\t\t<div class=\"elementor-element elementor-element-b040051 e-flex e-con-boxed e-con e-child\" data-id=\"b040051\" data-element_type=\"container\" data-e-type=\"container\">\n\t\t\t\t\t<div class=\"e-con-inner\">\n\t\t\t\t<div class=\"elementor-element elementor-element-e01428b elementor-widget elementor-widget-text-editor\" data-id=\"e01428b\" data-element_type=\"widget\" data-e-type=\"widget\" data-widget_type=\"text-editor.default\">\n\t\t\t\t<div class=\"elementor-widget-container\">\n\t\t\t\t\t\t\t\t\t<table width=\"675\"><thead><tr><td width=\"149\"><p><strong>Hor\u00e1rio<\/strong><\/p><\/td><td width=\"376\"><p><strong>Atividade<\/strong><\/p><\/td><td width=\"149\"><p><strong>Instrutores<\/strong><\/p><\/td><\/tr><\/thead><tbody><tr><td width=\"149\"><p>08h30 &#8211; 11h30<\/p><\/td><td width=\"376\"><p><strong>Aula 04:<\/strong> Divis\u00e3o e Conquista<\/p><p><strong>Aula 05:<\/strong> Programa\u00e7\u00e3o Din\u00e2mica<\/p><\/td><td width=\"149\"><p>Henrique Becker<\/p><\/td><\/tr><tr><td width=\"149\"><p>13h30 &#8211; 18h00<\/p><\/td><td width=\"376\"><p><strong>Treino 01 <\/strong>(4h)<\/p><\/td><td width=\"149\"><p>Equipe LPC<\/p><\/td><\/tr><\/tbody><\/table>\t\t\t\t\t\t\t\t<\/div>\n\t\t\t\t<\/div>\n\t\t\t\t\t<\/div>\n\t\t\t\t<\/div>\n\t\t\t\t<\/div>\n\t\t<div id=\"e-n-tab-content-1848204253\" role=\"tabpanel\" aria-labelledby=\"e-n-tab-title-1848204253\" data-tab-index=\"3\" style=\"--n-tabs-title-order: 3;\" class=\" elementor-element elementor-element-77a0f36 e-con-full e-flex e-con e-child\" data-id=\"77a0f36\" data-element_type=\"container\" data-e-type=\"container\">\n\t\t<div class=\"elementor-element elementor-element-b8353b0 e-flex e-con-boxed e-con e-child\" data-id=\"b8353b0\" data-element_type=\"container\" data-e-type=\"container\">\n\t\t\t\t\t<div class=\"e-con-inner\">\n\t\t\t\t<div class=\"elementor-element elementor-element-e3a62bf elementor-widget elementor-widget-text-editor\" data-id=\"e3a62bf\" data-element_type=\"widget\" data-e-type=\"widget\" data-widget_type=\"text-editor.default\">\n\t\t\t\t<div class=\"elementor-widget-container\">\n\t\t\t\t\t\t\t\t\t<table width=\"676\"><thead><tr><td width=\"151\"><p><strong>Hor\u00e1rio<\/strong><\/p><\/td><td width=\"375\"><p><strong>Atividade<\/strong><\/p><\/td><td width=\"151\"><p><strong>Instrutores<\/strong><\/p><\/td><\/tr><\/thead><tbody><tr><td width=\"151\"><p>08h30 &#8211; 11h30<\/p><\/td><td width=\"375\"><p><strong>Upsolving<\/strong> Treino 1<\/p><p><strong>Aula 06:<\/strong> T\u00f3picos especiais 01<\/p><\/td><td width=\"151\"><p>Equipe LPC<\/p><\/td><\/tr><tr><td width=\"151\"><p>13h30 &#8211; 18h00<\/p><\/td><td width=\"375\"><p><strong>Treino 02 <\/strong>(4h)<\/p><\/td><td width=\"151\"><p>Equipe LPC<\/p><\/td><\/tr><\/tbody><\/table>\t\t\t\t\t\t\t\t<\/div>\n\t\t\t\t<\/div>\n\t\t\t\t\t<\/div>\n\t\t\t\t<\/div>\n\t\t\t\t<\/div>\n\t\t<div id=\"e-n-tab-content-1848204254\" role=\"tabpanel\" aria-labelledby=\"e-n-tab-title-1848204254\" data-tab-index=\"4\" style=\"--n-tabs-title-order: 4;\" class=\" elementor-element elementor-element-2a6ee95 e-flex e-con-boxed e-con e-child\" data-id=\"2a6ee95\" data-element_type=\"container\" data-e-type=\"container\">\n\t\t\t\t\t<div class=\"e-con-inner\">\n\t\t<div class=\"elementor-element elementor-element-1cbed4e e-con-full e-flex e-con e-child\" data-id=\"1cbed4e\" data-element_type=\"container\" data-e-type=\"container\">\n\t\t\t\t<div class=\"elementor-element elementor-element-ab0c8f4 elementor-widget elementor-widget-text-editor\" data-id=\"ab0c8f4\" data-element_type=\"widget\" data-e-type=\"widget\" data-widget_type=\"text-editor.default\">\n\t\t\t\t<div class=\"elementor-widget-container\">\n\t\t\t\t\t\t\t\t\t<table width=\"676\"><thead><tr><td width=\"151\"><p><strong>Hor\u00e1rio<\/strong><\/p><\/td><td width=\"375\"><p><strong>Atividade<\/strong><\/p><\/td><td width=\"151\"><p><strong>Instrutores<\/strong><\/p><\/td><\/tr><\/thead><tbody><tr><td width=\"151\"><p>08h30 &#8211; 11h30<\/p><\/td><td width=\"375\"><p><strong>Upsolving<\/strong> Treino 2<\/p><p><strong>Aula 07:<\/strong> T\u00f3picos especiais 02<\/p><\/td><td width=\"151\"><p>Equipe LPC<\/p><\/td><\/tr><tr><td width=\"151\"><p>13h30 &#8211; 18h30<\/p><\/td><td width=\"375\"><p><strong>Maratona de Inverno<\/strong> (4h)<\/p><p><strong>Premia\u00e7\u00e3o <\/strong>e <strong>Encerramento<\/strong><\/p><\/td><td width=\"151\"><p>Equipe LPC<\/p><\/td><\/tr><\/tbody><\/table>\t\t\t\t\t\t\t\t<\/div>\n\t\t\t\t<\/div>\n\t\t\t\t<\/div>\n\t\t\t\t\t<\/div>\n\t\t\t\t<\/div>\n\t\t\t\t\t<\/div>\n\t\t<\/div>\n\t\t\t\t\t\t<\/div>\n\t\t\t\t<\/div>\n\t\t\t\t<div class=\"elementor-element elementor-element-e7dd961 elementor-widget elementor-widget-heading\" data-id=\"e7dd961\" data-element_type=\"widget\" data-e-type=\"widget\" data-widget_type=\"heading.default\">\n\t\t\t\t<div class=\"elementor-widget-container\">\n\t\t\t\t\t<h2 class=\"elementor-heading-title elementor-size-default\">Sobre o Evento<\/h2>\t\t\t\t<\/div>\n\t\t\t\t<\/div>\n\t\t\t\t<div class=\"elementor-element elementor-element-8166906 elementor-widget elementor-widget-text-editor\" data-id=\"8166906\" data-element_type=\"widget\" data-e-type=\"widget\" data-widget_type=\"text-editor.default\">\n\t\t\t\t<div class=\"elementor-widget-container\">\n\t\t\t\t\t\t\t\t\t<p>A Escola de Inverno da Maratona de Programa\u00e7\u00e3o \u00e9 um evento que faz parte do Congresso da Sociedade Brasileira de Computa\u00e7\u00e3o 2026 e est\u00e1 na sua s\u00e9tima edi\u00e7\u00e3o. O objetivo da escola \u00e9 proporcionar treinamento aos estudantes interessados nas atividades de programa\u00e7\u00e3o competitiva, principalmente na Maratona SBC de Programa\u00e7\u00e3o.<\/p>\t\t\t\t\t\t\t\t<\/div>\n\t\t\t\t<\/div>\n\t\t\t\t<div class=\"elementor-element elementor-element-ce69125 elementor-widget elementor-widget-heading\" data-id=\"ce69125\" data-element_type=\"widget\" data-e-type=\"widget\" data-widget_type=\"heading.default\">\n\t\t\t\t<div class=\"elementor-widget-container\">\n\t\t\t\t\t<h2 class=\"elementor-heading-title elementor-size-default\">Formato e Programa\u00e7\u00e3o<\/h2>\t\t\t\t<\/div>\n\t\t\t\t<\/div>\n\t\t\t\t<div class=\"elementor-element elementor-element-8702f8c elementor-widget elementor-widget-text-editor\" data-id=\"8702f8c\" data-element_type=\"widget\" data-e-type=\"widget\" data-widget_type=\"text-editor.default\">\n\t\t\t\t<div class=\"elementor-widget-container\">\n\t\t\t\t\t\t\t\t\t<p>Os participantes participar\u00e3o de atividades para n\u00edvel intermedi\u00e1rio (com conhecimentos b\u00e1sicos de programa\u00e7\u00e3o e das estruturas de dados mais comuns como listas, \u00e1rvores e grafos). No primeiro dia ser\u00e1 realizada a apresenta\u00e7\u00e3o do evento, discutidos t\u00f3picos relacionados com a Programa\u00e7\u00e3o Competitiva, incluindo o formato de competi\u00e7\u00e3o e aulas te\u00f3ricas sobre t\u00e9cnicas de resolu\u00e7\u00e3o de problemas. No segundo e terceiro dia haver\u00e1 aulas te\u00f3ricas pela manh\u00e3 e treinos pr\u00e1ticos \u00e0 tarde, reproduzindo o ambiente de competi\u00e7\u00f5es de programa\u00e7\u00e3o. No quarto e \u00faltimo dia ser\u00e1 realizada a <strong>Maratona de Inverno<\/strong>, nos moldes da Maratona SBC de Programa\u00e7\u00e3o, seguida de uma cerim\u00f4nia de premia\u00e7\u00e3o.<\/p>\t\t\t\t\t\t\t\t<\/div>\n\t\t\t\t<\/div>\n\t\t\t\t<div class=\"elementor-element elementor-element-ad3fdd9 elementor-widget elementor-widget-heading\" data-id=\"ad3fdd9\" data-element_type=\"widget\" data-e-type=\"widget\" data-widget_type=\"heading.default\">\n\t\t\t\t<div class=\"elementor-widget-container\">\n\t\t\t\t\t<h2 class=\"elementor-heading-title elementor-size-default\">Formato e Programa\u00e7\u00e3o<\/h2>\t\t\t\t<\/div>\n\t\t\t\t<\/div>\n\t\t\t\t<div class=\"elementor-element elementor-element-1861bf6 elementor-widget elementor-widget-text-editor\" data-id=\"1861bf6\" data-element_type=\"widget\" data-e-type=\"widget\" data-widget_type=\"text-editor.default\">\n\t\t\t\t<div class=\"elementor-widget-container\">\n\t\t\t\t\t\t\t\t\t<p>Os temas abordados nas aulas ser\u00e3o ministrados por professores e alunos experientes\u00a0 em Programa\u00e7\u00e3o Competitiva, incluindo atuais e ex-maratonistas, conforme descrito a seguir:<\/p><table><thead><tr><td><strong>Instrutores<\/strong><\/td><td><strong>Temas<\/strong><\/td><\/tr><\/thead><tbody><tr><td>Rodrigo Machado<\/td><td>Matem\u00e1tica Discreta;<br \/>Geometria Computacional<\/td><\/tr><tr><td>Henrique Becker<\/td><td>Divis\u00e3o e Conquista;<br \/>Programa\u00e7\u00e3o Din\u00e2mica<\/td><\/tr><tr><td>Equipe LPC<\/td><td>Grafos; \u00c1rvores; Algoritmos Gulosos<br \/>T\u00f3picos Especiais 01 e 02<br \/>Treino 01, Treino 02, Maratona de Inverno (e respectivas resolu\u00e7\u00f5es)<\/td><\/tr><\/tbody><\/table><p>A s\u00e9tima edi\u00e7\u00e3o da <strong>Maratona de Inverno<\/strong> \u00e9 uma competi\u00e7\u00e3o baseada no modelo adotado na Maratona SBC de Programa\u00e7\u00e3o, ou seja, com a forma\u00e7\u00e3o de times, sistema de corre\u00e7\u00e3o, bal\u00f5es e premia\u00e7\u00e3o. Cada time da Escola de Inverno ser\u00e1 composto por 3 participantes. A competi\u00e7\u00e3o ter\u00e1 4 horas de dura\u00e7\u00e3o, um pouco mais curta que a Maratona SBC de Programa\u00e7\u00e3o (com dura\u00e7\u00e3o de 5 horas).<\/p><p>Ser\u00e3o fornecidos certificados para todos os participantes. Al\u00e9m disso, os tr\u00eas melhores times classificados receber\u00e3o medalhas (ouro, prata e bronze) e a isen\u00e7\u00e3o da taxa de inscri\u00e7\u00e3o da Maratona SBC de Programa\u00e7\u00e3o.<\/p>\t\t\t\t\t\t\t\t<\/div>\n\t\t\t\t<\/div>\n\t\t\t\t<div class=\"elementor-element elementor-element-1839ef9 elementor-widget elementor-widget-heading\" data-id=\"1839ef9\" data-element_type=\"widget\" data-e-type=\"widget\" data-widget_type=\"heading.default\">\n\t\t\t\t<div class=\"elementor-widget-container\">\n\t\t\t\t\t<h2 class=\"elementor-heading-title elementor-size-default\">Formato e Programa\u00e7\u00e3o<\/h2>\t\t\t\t<\/div>\n\t\t\t\t<\/div>\n\t\t\t\t<div class=\"elementor-element elementor-element-4f001af elementor-widget elementor-widget-text-editor\" data-id=\"4f001af\" data-element_type=\"widget\" data-e-type=\"widget\" data-widget_type=\"text-editor.default\">\n\t\t\t\t<div class=\"elementor-widget-container\">\n\t\t\t\t\t\t\t\t\t<p>Ser\u00e3o oferecidas 40 vagas para participa\u00e7\u00e3o na Escola de Inverno da Maratona de Programa\u00e7\u00e3o. Para se inscrever, \u00e9 necess\u00e1rio estar registrado no CSBC 2026 e realizar o pagamento de uma taxa no valor de R$ 20,00 (vinte reais) como participa\u00e7\u00e3o deste evento sat\u00e9lite. O processo de inscri\u00e7\u00e3o ocorre diretamente pelo sistema de inscri\u00e7\u00f5es do CSBC 2026.<\/p>\t\t\t\t\t\t\t\t<\/div>\n\t\t\t\t<\/div>\n\t\t\t\t<div class=\"elementor-element elementor-element-e831d18 elementor-widget elementor-widget-heading\" data-id=\"e831d18\" data-element_type=\"widget\" data-e-type=\"widget\" data-widget_type=\"heading.default\">\n\t\t\t\t<div class=\"elementor-widget-container\">\n\t\t\t\t\t<h2 class=\"elementor-heading-title elementor-size-default\">Coordena\u00e7\u00e3o<\/h2>\t\t\t\t<\/div>\n\t\t\t\t<\/div>\n\t\t\t\t<div class=\"elementor-element elementor-element-46222fb elementor-widget elementor-widget-text-editor\" data-id=\"46222fb\" data-element_type=\"widget\" data-e-type=\"widget\" data-widget_type=\"text-editor.default\">\n\t\t\t\t<div class=\"elementor-widget-container\">\n\t\t\t\t\t\t\t\t\t<ul style=\"font-variant-ligatures: normal; font-variant-caps: normal; font-family: 'Noto Sans', sans-serif; font-size: 16px; font-style: normal; font-weight: 400; color: #000000; text-align: justify;\"><li style=\"font-size: 16px;\" aria-level=\"1\">Rodrigo Machado (UFRGS) &#8211; Coordenador Geral<\/li><li style=\"font-size: 16px;\" aria-level=\"1\">Henrique Becker (UFRGS) &#8211; Coordenador Geral<\/li><li aria-level=\"1\"><p>Laborat\u00f3rio de Programa\u00e7\u00e3o Competitiva (LPC) &#8211; Instituto de Inform\u00e1tica \/ UFRGS<\/p><\/li><\/ul>\t\t\t\t\t\t\t\t<\/div>\n\t\t\t\t<\/div>\n\t\t\t\t<\/div>\n\t\t\t\t\t<\/div>\n\t\t\t\t<\/div>\n\t\t<div class=\"elementor-element elementor-element-6862daf e-flex e-con-boxed e-con e-parent\" data-id=\"6862daf\" data-element_type=\"container\" data-e-type=\"container\">\n\t\t\t\t\t<div class=\"e-con-inner\">\n\t\t\t\t\t<\/div>\n\t\t\t\t<\/div>\n\t\t\t\t<\/div>\n\t\t","protected":false},"excerpt":{"rendered":"<p>EIMP &#8211; 7\u00aa Escola de Inverno da Maratona de Programa\u00e7\u00e3o Programa\u00e7\u00e3o Dia 01 &#8211; Domingo (19\/07) Dia 02 &#8211; Segunda (20\/07) Dia 03 \u2013 Ter\u00e7a (21\/07) Dia 04 \u2013 Quarta (22\/07) Hor\u00e1rio Atividade Instrutores 08h30 &#8211; 11h30 Recep\u00e7\u00e3o &amp; Abertura Aula 01: Matem\u00e1tica discreta e geometria computacional Rodrigo Machado 13h30 &#8211; 15h30 Aula 02: Grafos [&hellip;]<\/p>\n","protected":false},"author":8,"featured_media":0,"parent":0,"menu_order":0,"comment_status":"closed","ping_status":"closed","template":"","meta":{"ocean_post_layout":"","ocean_both_sidebars_style":"","ocean_both_sidebars_content_width":0,"ocean_both_sidebars_sidebars_width":0,"ocean_sidebar":"","ocean_second_sidebar":"","ocean_disable_margins":"enable","ocean_add_body_class":"","ocean_shortcode_before_top_bar":"","ocean_shortcode_after_top_bar":"","ocean_shortcode_before_header":"","ocean_shortcode_after_header":"","ocean_has_shortcode":"","ocean_shortcode_after_title":"","ocean_shortcode_before_footer_widgets":"","ocean_shortcode_after_footer_widgets":"","ocean_shortcode_before_footer_bottom":"","ocean_shortcode_after_footer_bottom":"","ocean_display_top_bar":"default","ocean_display_header":"default","ocean_header_style":"","ocean_center_header_left_menu":"","ocean_custom_header_template":"","ocean_custom_logo":0,"ocean_custom_retina_logo":0,"ocean_custom_logo_max_width":0,"ocean_custom_logo_tablet_max_width":0,"ocean_custom_logo_mobile_max_width":0,"ocean_custom_logo_max_height":0,"ocean_custom_logo_tablet_max_height":0,"ocean_custom_logo_mobile_max_height":0,"ocean_header_custom_menu":"","ocean_menu_typo_font_family":"","ocean_menu_typo_font_subset":"","ocean_menu_typo_font_size":0,"ocean_menu_typo_font_size_tablet":0,"ocean_menu_typo_font_size_mobile":0,"ocean_menu_typo_font_size_unit":"px","ocean_menu_typo_font_weight":"","ocean_menu_typo_font_weight_tablet":"","ocean_menu_typo_font_weight_mobile":"","ocean_menu_typo_transform":"","ocean_menu_typo_transform_tablet":"","ocean_menu_typo_transform_mobile":"","ocean_menu_typo_line_height":0,"ocean_menu_typo_line_height_tablet":0,"ocean_menu_typo_line_height_mobile":0,"ocean_menu_typo_line_height_unit":"","ocean_menu_typo_spacing":0,"ocean_menu_typo_spacing_tablet":0,"ocean_menu_typo_spacing_mobile":0,"ocean_menu_typo_spacing_unit":"","ocean_menu_link_color":"","ocean_menu_link_color_hover":"","ocean_menu_link_color_active":"","ocean_menu_link_background":"","ocean_menu_link_hover_background":"","ocean_menu_link_active_background":"","ocean_menu_social_links_bg":"","ocean_menu_social_hover_links_bg":"","ocean_menu_social_links_color":"","ocean_menu_social_hover_links_color":"","ocean_disable_title":"default","ocean_disable_heading":"default","ocean_post_title":"","ocean_post_subheading":"","ocean_post_title_style":"","ocean_post_title_background_color":"","ocean_post_title_background":0,"ocean_post_title_bg_image_position":"","ocean_post_title_bg_image_attachment":"","ocean_post_title_bg_image_repeat":"","ocean_post_title_bg_image_size":"","ocean_post_title_height":0,"ocean_post_title_bg_overlay":0.5,"ocean_post_title_bg_overlay_color":"","ocean_disable_breadcrumbs":"default","ocean_breadcrumbs_color":"","ocean_breadcrumbs_separator_color":"","ocean_breadcrumbs_links_color":"","ocean_breadcrumbs_links_hover_color":"","ocean_display_footer_widgets":"default","ocean_display_footer_bottom":"default","ocean_custom_footer_template":"","_joinchat":[],"footnotes":""},"class_list":["post-9193","page","type-page","status-publish","hentry","entry"],"_links":{"self":[{"href":"https:\/\/csbc.sbc.org.br\/2026\/wp-json\/wp\/v2\/pages\/9193","targetHints":{"allow":["GET"]}}],"collection":[{"href":"https:\/\/csbc.sbc.org.br\/2026\/wp-json\/wp\/v2\/pages"}],"about":[{"href":"https:\/\/csbc.sbc.org.br\/2026\/wp-json\/wp\/v2\/types\/page"}],"author":[{"embeddable":true,"href":"https:\/\/csbc.sbc.org.br\/2026\/wp-json\/wp\/v2\/users\/8"}],"replies":[{"embeddable":true,"href":"https:\/\/csbc.sbc.org.br\/2026\/wp-json\/wp\/v2\/comments?post=9193"}],"version-history":[{"count":235,"href":"https:\/\/csbc.sbc.org.br\/2026\/wp-json\/wp\/v2\/pages\/9193\/revisions"}],"predecessor-version":[{"id":17682,"href":"https:\/\/csbc.sbc.org.br\/2026\/wp-json\/wp\/v2\/pages\/9193\/revisions\/17682"}],"wp:attachment":[{"href":"https:\/\/csbc.sbc.org.br\/2026\/wp-json\/wp\/v2\/media?parent=9193"}],"curies":[{"name":"wp","href":"https:\/\/api.w.org\/{rel}","templated":true}]}}